{"id":57,"date":"2022-09-06T07:17:43","date_gmt":"2022-09-05T23:17:43","guid":{"rendered":"https:\/\/corn-machine.com\/?post_type=product&#038;p=57"},"modified":"2025-07-23T18:28:54","modified_gmt":"2025-07-23T10:28:54","slug":"automatic-corn-sheller","status":"publish","type":"product","link":"https:\/\/corn-machine.com\/it\/product\/automatic-corn-sheller\/","title":{"rendered":"Sgranatrice Automatica per Mais | Vagliatrice per Mais"},"content":{"rendered":"<p class=\"translation-block\">La sgranatrice automatica per mais \u00e8 progettata per mais essiccato al sole ed \u00e8 adatta per impianti di trasformazione dei cereali e agricoltori di tutte le dimensioni. La sgranatrice per mais pu\u00f2 sgranare rapidamente le pannocchie di mais essiccate e i chicchi essiccati possono essere trasformati in farina di mais, grana o venduti direttamente. Inoltre, se le tue materie prime sono mais dolce fresco, abbiamo anche<a href=\"https:\/\/corn-machine.com\/it\/product\/fresh-corn-sheller-machine\/\"> una sgranatrice per mais fresco <\/a>in vendita. La sgranatrice per mais pu\u00f2 essere alimentata da un motore diesel o elettrico secondo le richieste dei clienti. Contattaci ora e dicci di cosa hai bisogno.<\/p>   <div class=\"wp-block-image\"> <figure class=\"aligncenter size-full\"><img loading=\"lazy\" decoding=\"async\" width=\"720\" height=\"540\" src=\"https:\/\/corn-machine.com\/wp-content\/uploads\/2022\/09\/maize-shelling-machine.webp\" alt=\"macchina per sgusciare il mais\" class=\"wp-image-173\" title=\"\"><figcaption class=\"wp-element-caption\">macchina per sgusciare il mais<\/figcaption><\/figure> <\/div>  <div class=\"wp-block-image\"> <figure class=\"aligncenter size-full\"><img loading=\"lazy\" decoding=\"async\" width=\"720\" height=\"540\" src=\"https:\/\/corn-machine.com\/wp-content\/uploads\/2022\/09\/automatic-corn-sheller-machine-.webp\" alt=\"macchina sgranatrice automatica di mais\" class=\"wp-image-171\" title=\"\"><figcaption class=\"wp-element-caption\">macchina sgranatrice automatica di mais<\/figcaption><\/figure> <\/div>   <h2 class=\"wp-block-heading\" id=\"h-introduction-of-maize-shelling-machine\">Introduzione della macchina sgranatrice di mais<\/h2>    <p>La macchina sgranatrice di mais \u00e8 composta principalmente da tramoggia di alimentazione, dispositivo di sgranatura interno, elevatore, ventilatore, sistema di separazione dell'aria come assorbitore di pula, setaccio vibrante di pulizia, telaio, sistema di trasmissione e cos\u00ec via. Il nastro trasportatore invia il mais al dispositivo di sgranatura e, una volta terminata la sgranatura, le impurit\u00e0 vengono espulse dal ventilatore attraverso la porta di scarico della polvere. Quindi i chicchi di mais vengono scaricati dalla porta di scarico. Dopo la sgranatura, il mais \u00e8 di alta qualit\u00e0 e privo di impurit\u00e0.<\/p>    <figure class=\"wp-block-gallery has-nested-images columns-default is-cropped wp-block-gallery-2 is-layout-flex wp-block-gallery-is-layout-flex\"> <figure class=\"wp-block-image size-large\"><img loading=\"lazy\" decoding=\"async\" width=\"720\" height=\"540\" data-id=\"174\" src=\"https:\/\/corn-machine.com\/wp-content\/uploads\/2022\/09\/the-threshed-corn-cob-is-clean.webp\" alt=\"la pannocchia di mais sgranata \u00e8 pulita\" class=\"wp-image-174\" title=\"\"><figcaption class=\"wp-element-caption\">la pannocchia di mais sgranata \u00e8 pulita<\/figcaption><\/figure>    <figure class=\"wp-block-image size-large\"><img loading=\"lazy\" decoding=\"async\" width=\"720\" height=\"540\" data-id=\"172\" src=\"https:\/\/corn-machine.com\/wp-content\/uploads\/2022\/09\/final-product-of-automatic-corn-sheller-machine-.webp\" alt=\"prodotto finale della macchina sgranatrice automatica di mais\" class=\"wp-image-172\" title=\"\"><figcaption class=\"wp-element-caption\">prodotto finale della macchina sgranatrice automatica di mais<\/figcaption><\/figure> <\/figure>    <h2 class=\"wp-block-heading\">Video di lavoro della sgranatrice automatica di mais<\/h2>    <figure class=\"wp-block-embed is-type-video is-provider-youtube wp-block-embed-youtube wp-embed-aspect-16-9 wp-has-aspect-ratio\"><div class=\"wp-block-embed__wrapper\"> <iframe loading=\"lazy\" title=\"\ud83c\udf3d\ud83d\ude9cPotente sgranatrice per mais con nastro trasportatore e grandi ruote \u2013 Dimostrazione di trebbiatura ad alta efficienza per te!\" width=\"500\" height=\"281\" src=\"https:\/\/www.youtube.com\/embed\/meFYy3_EJbU?feature=oembed\" frameborder=\"0\" allow=\"accelerometer; autoplay; clipboard-write; encrypted-media; gyroscope; picture-in-picture; web-share\" referrerpolicy=\"strict-origin-when-cross-origin\" allowfullscreen><\/iframe> <\/div><figcaption class=\"wp-element-caption\">processo di lavoro della sgranatrice automatica di mais<\/figcaption><\/figure>    <h2 class=\"wp-block-heading\" id=\"h-parameters-of-corn-threshing-machine\">Parametri della macchina sgranatrice di mais<\/h2>    <figure class=\"wp-block-table\"><table><tbody><tr><td>Modello<\/td><td>TY-80A<\/td><td>TY-80B<\/td><td>TY-80C<\/td><td>TY-80D<\/td><\/tr><tr><td>Potenza<\/td><td>Motore diesel da 15 HP o motore da 7,5 KW<\/td><td>Motore diesel da 15 HP o motore da 7,5 KW<\/td><td>Motore diesel da 15 HP o motore da 7,5 KW<\/td><td>Motore diesel da 15 HP o motore da 7,5 KW<\/td><\/tr><tr><td>Capacit\u00e0<\/td><td>4t\/h (Semi di mais )<\/td><td>5t\/h (Semi di mais )<\/td><td>5t\/h (Semi di mais )<\/td><td>6t\/h (Semi di mais)<\/td><\/tr><tr><td>Tasso di trebbiatura<\/td><td>\u226599,5%<\/td><td>&nbsp;\u226599,5%<\/td><td>\u226599,5%<\/td><td>\u226599,5%<\/td><\/tr><tr><td>Tasso di perdita<\/td><td>\u22642.0%<\/td><td>\u22642.0%<\/td><td>\u22642.0%<\/td><td>\u22642.0%<\/td><\/tr><tr><td>Tasso di rottura<\/td><td>\u22641.5%<\/td><td>\u22641.5%<\/td><td>\u22641.5%<\/td><td>\u22641.5%<\/td><\/tr><tr><td>Tasso di impurit\u00e0<\/td><td>\u22641.0%<\/td><td>\u22641.0%<\/td><td>\u22641.0%<\/td><td>\u22641.0%<\/td><\/tr><tr><td>Peso<\/td><td>200 kg<\/td><td>230kg<\/td><td>320kg<\/td><td>350 kg<\/td><\/tr><tr><td>Dimensioni<\/td><td>2360*1360*1480\u00a0mm<\/td><td>2360*1360*2000\u00a0mm<\/td><td>3860*1360*1480\u00a0mm<\/td><td>3860*1360*2480 mm<\/td><\/tr><\/tbody><\/table><figcaption class=\"wp-element-caption\"><br><strong>parametri di prestazione<\/strong> della sgranatrice di mais<\/figcaption><\/figure>    <h2 class=\"wp-block-heading\" id=\"h-advantages-of-automatic-corn-sheller\">Vantaggi della sgranatrice automatica di mais<\/h2>    <ol class=\"wp-block-list\"> <li>L'elevato tasso di sgranatura della macchina pu\u00f2 raggiungere il 99,5% e le impurit\u00e0 meno dell'1%.<\/li>    <li>L'elevata produttivit\u00e0 della macchina pu\u00f2 processare 4-6 tonnellate di mais all'ora, che \u00e8 superiore alla maggior parte delle macchine sul mercato.<\/li>    <li>La macchina \u00e8 progettata con una tramoggia di alimentazione automatica, che pu\u00f2 trasportare il mais rapidamente e ridurre notevolmente i tempi di alimentazione e i costi di manodopera.<\/li>    <li>La macchina pu\u00f2 essere dotata di ruote, facile da spostare.<\/li>    <li>La macchina pu\u00f2 utilizzare un motore elettrico o un motore diesel. Per le aree con carenza di elettricit\u00e0, si consiglia di utilizzare un motore diesel per azionare la macchina.<\/li> <\/ol>","protected":false},"excerpt":{"rendered":"<p>The automatic corn sheller machine is designed for sun-dried corn and is suitable for grain processing plants and farmers of all sizes. The maize sheller machine can quickly thresh the dried corn cob, and the dried kernels can be made into cornmeal, grits, or sold directly. Moreover, if your raw materials are fresh sweet maize, [&hellip;]<\/p>\n","protected":false},"author":1,"featured_media":60,"parent":0,"template":"","tags":[17],"product-type":[42],"class_list":["post-57","product","type-product","status-publish","has-post-thumbnail","hentry","tag-corn-threshing-machine","product-type-maize-sheller-machine"],"_links":{"self":[{"href":"https:\/\/corn-machine.com\/it\/wp-json\/wp\/v2\/product\/57","targetHints":{"allow":["GET"]}}],"collection":[{"href":"https:\/\/corn-machine.com\/it\/wp-json\/wp\/v2\/product"}],"about":[{"href":"https:\/\/corn-machine.com\/it\/wp-json\/wp\/v2\/types\/product"}],"author":[{"embeddable":true,"href":"https:\/\/corn-machine.com\/it\/wp-json\/wp\/v2\/users\/1"}],"wp:featuredmedia":[{"embeddable":true,"href":"https:\/\/corn-machine.com\/it\/wp-json\/wp\/v2\/media\/60"}],"wp:attachment":[{"href":"https:\/\/corn-machine.com\/it\/wp-json\/wp\/v2\/media?parent=57"}],"wp:term":[{"taxonomy":"post_tag","embeddable":true,"href":"https:\/\/corn-machine.com\/it\/wp-json\/wp\/v2\/tags?post=57"},{"taxonomy":"product-type","embeddable":true,"href":"https:\/\/corn-machine.com\/it\/wp-json\/wp\/v2\/product-type?post=57"}],"curies":[{"name":"wp","href":"https:\/\/api.w.org\/{rel}","templated":true}]}}