{"id":585,"date":"2025-07-08T17:15:22","date_gmt":"2025-07-08T09:15:22","guid":{"rendered":"https:\/\/corn-machine.com\/?post_type=product&#038;p=585"},"modified":"2026-01-09T09:16:20","modified_gmt":"2026-01-09T01:16:20","slug":"mobile-grain-dryer-for-drying-corn-rice","status":"publish","type":"product","link":"https:\/\/corn-machine.com\/it\/product\/mobile-grain-dryer-for-drying-corn-rice\/","title":{"rendered":"Essiccatoio mobile per cereali per piccole aziende agricole"},"content":{"rendered":"<p>L'essiccatore mobile per cereali \u00e8 una macchina su piccola scala per essiccare cereali e legumi per la lavorazione agricola. \u00c8 realizzato in acciaio inossidabile con una parte riscaldante in acciaio al carbonio per proteggere la macchina dalla polvere e garantire la qualit\u00e0 dei raccolti essiccati.<\/p>    <p>Ci sono due tipi di essiccatori portatili per cereali: a scomparto singolo e a doppio scomparto. La sua produzione pu\u00f2 raggiungere 10T-240T al giorno, e la resa specifica dipende dalle sue dimensioni e dal volume degli scomparti.<\/p>    <figure class=\"wp-block-embed is-type-video is-provider-youtube wp-block-embed-youtube wp-embed-aspect-16-9 wp-has-aspect-ratio\"><div class=\"wp-block-embed__wrapper\"> <iframe loading=\"lazy\" title=\"L&#039;essiccatore mobile per cereali ad alta efficienza per l&#039;essiccazione di mais e granturco migliora rapidamente la qualit\u00e0 del tuo raccolto!\" width=\"500\" height=\"281\" src=\"https:\/\/www.youtube.com\/embed\/ze6FVDt2tgE?feature=oembed\" frameborder=\"0\" allow=\"accelerometer; autoplay; clipboard-write; encrypted-media; gyroscope; picture-in-picture; web-share\" referrerpolicy=\"strict-origin-when-cross-origin\" allowfullscreen><\/iframe> <\/div><figcaption class=\"wp-element-caption\">il processo operativo dell'essiccatore mobile per cereali<\/figcaption><\/figure>    <h2 class=\"wp-block-heading\"><strong>Vantaggi dell'essiccatore portatile per cereali<\/strong><\/h2>    <ul class=\"wp-block-list\"> <li>Le sue dimensioni sono inferiori rispetto alla comune torre essiccatrice, ed \u00e8 facile da spostare. Pertanto, \u00e8 adatta a varie ambientazioni applicative.<\/li>    <li>Ci sono molte opzioni di alimentazione per questa macchina essiccatrice per mais, come biomassa, carbone, gasolio, benzina, gas, elettricit\u00e0 e <a href=\"https:\/\/en.wikipedia.org\/wiki\/Methanol\" target=\"_blank\" rel=\"noopener\">CH3OH<\/a>.<\/li>    <li>\u00c8 realizzato con materiali in acciaio inossidabile con elevata resistenza all'ambiente e un eccellente effetto antibatterico e di rimozione della polvere.<\/li>    <li>\u00c8 facile eseguire qualsiasi operazione durante il processo. C'\u00e8 un armadio esterno per controllare la macchina. Puoi imparare come usarla con l'aiuto del nostro manuale di istruzioni.<\/li> <\/ul>   <div class=\"wp-block-image\"> <figure class=\"aligncenter size-full\"><img loading=\"lazy\" decoding=\"async\" width=\"720\" height=\"540\" src=\"https:\/\/corn-machine.com\/wp-content\/uploads\/2025\/07\/the-cabinet-of-mobile-grain-dryer.webp\" alt=\"l&#039;armadio di facile utilizzo dell&#039;essiccatore mobile per cereali\" class=\"wp-image-594\" title=\"\" srcset=\"https:\/\/corn-machine.com\/wp-content\/uploads\/2025\/07\/the-cabinet-of-mobile-grain-dryer.webp 720w, https:\/\/corn-machine.com\/wp-content\/uploads\/2025\/07\/the-cabinet-of-mobile-grain-dryer-300x225.webp 300w, https:\/\/corn-machine.com\/wp-content\/uploads\/2025\/07\/the-cabinet-of-mobile-grain-dryer-16x12.webp 16w\" sizes=\"auto, (max-width: 720px) 100vw, 720px\" \/><figcaption class=\"wp-element-caption\">l'armadio dell'essiccatore mobile per cereali<\/figcaption><\/figure> <\/div>   <h2 class=\"wp-block-heading\"><strong>Parametri dell'essiccatore per colture<\/strong><\/h2>    <figure class=\"wp-block-gallery has-nested-images columns-default is-cropped wp-block-gallery-2 is-layout-flex wp-block-gallery-is-layout-flex\"> <figure class=\"wp-block-image size-full\"><img loading=\"lazy\" decoding=\"async\" width=\"720\" height=\"540\" data-id=\"592\" src=\"https:\/\/corn-machine.com\/wp-content\/uploads\/2025\/07\/single-bin-of-mobile-grain-dryer.webp\" alt=\"scomparto singolo dell&#039;essiccatore mobile per cereali per aziende agricole per l&#039;essiccazione dei cereali\" class=\"wp-image-592\" title=\"\" srcset=\"https:\/\/corn-machine.com\/wp-content\/uploads\/2025\/07\/single-bin-of-mobile-grain-dryer.webp 720w, https:\/\/corn-machine.com\/wp-content\/uploads\/2025\/07\/single-bin-of-mobile-grain-dryer-300x225.webp 300w, https:\/\/corn-machine.com\/wp-content\/uploads\/2025\/07\/single-bin-of-mobile-grain-dryer-16x12.webp 16w\" sizes=\"auto, (max-width: 720px) 100vw, 720px\" \/><figcaption class=\"wp-element-caption\">scomparto singolo dell'essiccatore mobile per cereali<\/figcaption><\/figure>    <figure class=\"wp-block-image size-full\"><img loading=\"lazy\" decoding=\"async\" width=\"720\" height=\"540\" data-id=\"591\" src=\"https:\/\/corn-machine.com\/wp-content\/uploads\/2025\/07\/double-bin-of-mobile-grain-dryer.webp\" alt=\"doppio scomparto dell&#039;essiccatore mobile per cereali per aziende agricole per l&#039;essiccazione dei cereali\" class=\"wp-image-591\" title=\"\" srcset=\"https:\/\/corn-machine.com\/wp-content\/uploads\/2025\/07\/double-bin-of-mobile-grain-dryer.webp 720w, https:\/\/corn-machine.com\/wp-content\/uploads\/2025\/07\/double-bin-of-mobile-grain-dryer-300x225.webp 300w, https:\/\/corn-machine.com\/wp-content\/uploads\/2025\/07\/double-bin-of-mobile-grain-dryer-16x12.webp 16w\" sizes=\"auto, (max-width: 720px) 100vw, 720px\" \/><figcaption class=\"wp-element-caption\">doppio scomparto dell'essiccatore mobile per cereali<\/figcaption><\/figure> <\/figure>    <figure class=\"wp-block-table aligncenter\"><table class=\"has-fixed-layout\"><tbody><tr><td class=\"has-text-align-center\" data-align=\"center\">Scomparto singolo<\/td><td class=\"has-text-align-center\" data-align=\"center\">Potenza (kW)<\/td><td class=\"has-text-align-center\" data-align=\"center\">Peso (Tonnellata)<\/td><td class=\"has-text-align-center\" data-align=\"center\">Dimensione (mm)<\/td><td class=\"has-text-align-center\" data-align=\"center\">Potenza del nastro trasportatore a vite(kw)<\/td><td class=\"has-text-align-center\" data-align=\"center\">Potenza della ventola principale(kw)<\/td><td class=\"has-text-align-center\" data-align=\"center\">Ventola di mandata(kw)<\/td><td class=\"has-text-align-center\" data-align=\"center\">Produzione (24 ore)<\/td><\/tr><tr><td class=\"has-text-align-center\" data-align=\"center\">1T<\/td><td class=\"has-text-align-center\" data-align=\"center\">8.3<\/td><td class=\"has-text-align-center\" data-align=\"center\">2<\/td><td class=\"has-text-align-center\" data-align=\"center\">4600*1800*3500<\/td><td class=\"has-text-align-center\" data-align=\"center\">\/<\/td><td class=\"has-text-align-center\" data-align=\"center\">\/<\/td><td class=\"has-text-align-center\" data-align=\"center\">\/<\/td><td class=\"has-text-align-center\" data-align=\"center\">10T<\/td><\/tr><tr><td class=\"has-text-align-center\" data-align=\"center\">2T<\/td><td class=\"has-text-align-center\" data-align=\"center\">11<\/td><td class=\"has-text-align-center\" data-align=\"center\">2.8<\/td><td class=\"has-text-align-center\" data-align=\"center\">5100*2000*3800<\/td><td class=\"has-text-align-center\" data-align=\"center\">4<\/td><td class=\"has-text-align-center\" data-align=\"center\">3<\/td><td class=\"has-text-align-center\" data-align=\"center\">0.75<\/td><td class=\"has-text-align-center\" data-align=\"center\">20T<\/td><\/tr><tr><td class=\"has-text-align-center\" data-align=\"center\">4T<\/td><td class=\"has-text-align-center\" data-align=\"center\">19<\/td><td class=\"has-text-align-center\" data-align=\"center\">4.5<\/td><td class=\"has-text-align-center\" data-align=\"center\">5400*2100*3900<\/td><td class=\"has-text-align-center\" data-align=\"center\">7.5<\/td><td class=\"has-text-align-center\" data-align=\"center\">5.5<\/td><td class=\"has-text-align-center\" data-align=\"center\">0.75<\/td><td class=\"has-text-align-center\" data-align=\"center\">40T<\/td><\/tr><tr><td class=\"has-text-align-center\" data-align=\"center\">6T<\/td><td class=\"has-text-align-center\" data-align=\"center\">24<\/td><td class=\"has-text-align-center\" data-align=\"center\">5.3<\/td><td class=\"has-text-align-center\" data-align=\"center\">5600*2100*4300<\/td><td class=\"has-text-align-center\" data-align=\"center\">7.5<\/td><td class=\"has-text-align-center\" data-align=\"center\">7.5<\/td><td class=\"has-text-align-center\" data-align=\"center\">0.75<\/td><td class=\"has-text-align-center\" data-align=\"center\">60T<\/td><\/tr><tr><td class=\"has-text-align-center\" data-align=\"center\">8T<\/td><td class=\"has-text-align-center\" data-align=\"center\">28<\/td><td class=\"has-text-align-center\" data-align=\"center\">6.5<\/td><td class=\"has-text-align-center\" data-align=\"center\">6000*2100*5800<\/td><td class=\"has-text-align-center\" data-align=\"center\">7.5<\/td><td class=\"has-text-align-center\" data-align=\"center\">7.5<\/td><td class=\"has-text-align-center\" data-align=\"center\">0.75<\/td><td class=\"has-text-align-center\" data-align=\"center\">80T<\/td><\/tr><tr><td class=\"has-text-align-center\" data-align=\"center\">10T<\/td><td class=\"has-text-align-center\" data-align=\"center\">32<\/td><td class=\"has-text-align-center\" data-align=\"center\">7.4<\/td><td class=\"has-text-align-center\" data-align=\"center\">6200*2100*6400<\/td><td class=\"has-text-align-center\" data-align=\"center\">7.5<\/td><td class=\"has-text-align-center\" data-align=\"center\">7.5<\/td><td class=\"has-text-align-center\" data-align=\"center\">1.5<\/td><td class=\"has-text-align-center\" data-align=\"center\">100T<\/td><\/tr><\/tbody><\/table><figcaption class=\"wp-element-caption\">i parametri dell'essiccatore per mais a scomparto singolo<\/figcaption><\/figure>    <figure class=\"wp-block-table aligncenter\"><table class=\"has-fixed-layout\"><tbody><tr><td class=\"has-text-align-center\" data-align=\"center\">Doppio scomparto<\/td><td class=\"has-text-align-center\" data-align=\"center\">Potenza (kW)<\/td><td class=\"has-text-align-center\" data-align=\"center\">Peso (Tonnellata)<\/td><td class=\"has-text-align-center\" data-align=\"center\">Dimensione (mm)<\/td><td class=\"has-text-align-center\" data-align=\"center\">Produzione (24 ore)<\/td><\/tr><tr><td class=\"has-text-align-center\" data-align=\"center\">2T+2T<\/td><td class=\"has-text-align-center\" data-align=\"center\">15<\/td><td class=\"has-text-align-center\" data-align=\"center\">4.2<\/td><td class=\"has-text-align-center\" data-align=\"center\">7500*2000*3800<\/td><td class=\"has-text-align-center\" data-align=\"center\">40T<\/td><\/tr><tr><td class=\"has-text-align-center\" data-align=\"center\">4T+4T<\/td><td class=\"has-text-align-center\" data-align=\"center\">23<\/td><td class=\"has-text-align-center\" data-align=\"center\">7<\/td><td class=\"has-text-align-center\" data-align=\"center\">8500*2100*3800<\/td><td class=\"has-text-align-center\" data-align=\"center\">80T<\/td><\/tr><tr><td class=\"has-text-align-center\" data-align=\"center\">6T+6T<\/td><td class=\"has-text-align-center\" data-align=\"center\">27<\/td><td class=\"has-text-align-center\" data-align=\"center\">8.5<\/td><td class=\"has-text-align-center\" data-align=\"center\">9500*2100*3900<\/td><td class=\"has-text-align-center\" data-align=\"center\">120T<\/td><\/tr><tr><td class=\"has-text-align-center\" data-align=\"center\">8T+8T<\/td><td class=\"has-text-align-center\" data-align=\"center\">32<\/td><td class=\"has-text-align-center\" data-align=\"center\">9.8<\/td><td class=\"has-text-align-center\" data-align=\"center\">11000*2100*4300<\/td><td class=\"has-text-align-center\" data-align=\"center\">160T<\/td><\/tr><tr><td class=\"has-text-align-center\" data-align=\"center\">12T+12T<\/td><td class=\"has-text-align-center\" data-align=\"center\">37<\/td><td class=\"has-text-align-center\" data-align=\"center\">15<\/td><td class=\"has-text-align-center\" data-align=\"center\">12000*2100*6800<\/td><td class=\"has-text-align-center\" data-align=\"center\">240T<\/td><\/tr><\/tbody><\/table><figcaption class=\"wp-element-caption\">i parametri dell'essiccatore per mais a doppio scomparto<\/figcaption><\/figure>    <p>Ci sono molti modelli di diverse dimensioni sopra. L'essiccatore mobile per cereali a scomparto singolo \u00e8 pi\u00f9 leggero e occupa meno spazio. Se si processa una piccola quantit\u00e0 di cereali ma si desiderano prodotti essiccati di alta qualit\u00e0, questa sar\u00e0 una buona scelta.<\/p>    <p>Tuttavia, il tipo a doppio scomparto \u00e8 pi\u00f9 efficace degli altri tipi. I due sili possono essere caricati e scaricati alternativamente per risparmiare tempo e manodopera. Se si hanno requisiti rigorosi in termini di efficienza, \u00e8 meglio scegliere questo tipo di attrezzatura per l'essiccazione delle colture.<\/p>    <h2 class=\"wp-block-heading\"><strong>Quanto costa questa macchina essiccatrice per mais?<\/strong><\/h2>    <p>Non esiste un prezzo esatto, a causa dei diversi tipi di macchine essiccatrici per mais, con alcuni servizi personalizzati disponibili. Ci sono alcune caratteristiche che influenzeranno la volatilit\u00e0 del prezzo.<\/p>    <ul class=\"wp-block-list\"> <li>Il nostro materiale di base per la produzione dell'essiccatore per grano \u00e8 l'acciaio inossidabile, che avr\u00e0 un prezzo pi\u00f9 alto rispetto a una macchina in acciaio zincato. Naturalmente, i vantaggi di scegliere l'acciaio inossidabile come materiale per gli scomparti sono la sua elevata resistenza alla corrosione e produce prodotti di migliore qualit\u00e0.<\/li>    <li>I prezzi aumenteranno e diminuiranno a seconda della scelta del numero di scomparti. Un'attrezzatura per l'essiccazione dei cereali a scomparto singolo sar\u00e0 pi\u00f9 economica di una a doppio scomparto. Ma il doppio scomparto ha una maggiore capacit\u00e0 e un'efficienza pi\u00f9 elevata.<\/li>    <li>Nel commercio internazionale, il prezzo complessivo sar\u00e0 influenzato dai costi di spedizione. Sar\u00e0 anche strettamente legato ai dazi doganali.<\/li> <\/ul>    <p>In ogni caso, scegliere una macchina adatta pu\u00f2 portare benefici sostenibili. Se ti senti ancora confuso su alcuni punti o desideri saperne di pi\u00f9, contattaci. Abbiamo venditori professionisti per aiutarti a selezionare il programma pi\u00f9 ottimale per te.<\/p>    <h2 class=\"wp-block-heading\"><strong>Struttura dell'essiccatore mobile per cereali<\/strong><\/h2>    <p>Con un'operazione semplice, la struttura di questa apparecchiatura per l'essiccazione del mais \u00e8 anche semplice. Consiste in un forno, un ciclone, un rimorchio, ventole, una ruota, un armadietto, un'asse di alimentazione, un silo, una scala e una porta di alimentazione. Di seguito la sua illustrazione dettagliata.<\/p>   <div class=\"wp-block-image\"> <figure class=\"aligncenter size-full\"><img loading=\"lazy\" decoding=\"async\" width=\"720\" height=\"540\" src=\"https:\/\/corn-machine.com\/wp-content\/uploads\/2025\/07\/the-structure-of-mobile-grain-dryer.webp\" alt=\"la struttura dettagliata dell&#039;essiccatore mobile per cereali\" class=\"wp-image-593\" title=\"\" srcset=\"https:\/\/corn-machine.com\/wp-content\/uploads\/2025\/07\/the-structure-of-mobile-grain-dryer.webp 720w, https:\/\/corn-machine.com\/wp-content\/uploads\/2025\/07\/the-structure-of-mobile-grain-dryer-300x225.webp 300w, https:\/\/corn-machine.com\/wp-content\/uploads\/2025\/07\/the-structure-of-mobile-grain-dryer-16x12.webp 16w\" sizes=\"auto, (max-width: 720px) 100vw, 720px\" \/><figcaption class=\"wp-element-caption\">la struttura dell'essiccatore mobile per cereali<\/figcaption><\/figure> <\/div>   <h2 class=\"wp-block-heading\"><strong>Come essiccare i cereali nell'essiccatore commerciale per cereali?<\/strong><\/h2>    <p>\u00c8 facile eseguire tali operazioni per essiccare i cereali nell'essiccatore mobile per cereali. Hai solo bisogno di due passaggi per completare l'intero processo.<\/p>    <p class=\"translation-block\"><strong>Passaggio uno<\/strong>:<\/p>    <p>Mettere i cereali da processare nella porta di alimentazione e regolare la coclea prima di iniziare l'operazione.<\/p>    <p class=\"translation-block\"><strong>Passaggio due:<\/strong><\/p>    <p>Accendere il sistema di riscaldamento per riscaldare l'aria e trasportare l'aria calda nel scomparto attraverso uno scambiatore di calore per essiccare i cereali.<\/p>    <p>Questo tipo di riscaldamento non danneggia i cereali ed \u00e8 facile da mantenere e pulire.<\/p>    <h2 class=\"wp-block-heading\"><strong>Diverse tipologie di riscaldamento<\/strong><\/h2>    <p>Forniamo una variet\u00e0 di mezzi di riscaldamento per la macchina essiccatrice per riso.<\/p>    <p>La biomassa \u00e8 una fonte di energia derivata da organismi viventi, come cotone, rifiuti solidi urbani, girasoli, noci di palma, grano, legno, ecc. Sono facili da ottenere e non richiedono ulteriori elaborazioni aggiuntive.<\/p>    <p>Il diesel \u00e8 pi\u00f9 efficiente e non causa molto inquinamento ambientale. Ma \u00e8 necessario considerare i problemi di tensione.<\/p>    <p>Inoltre, questa macchina supporta anche carbone, benzina, gas, elettricit\u00e0 e persino CH3OH come sua energia.<\/p>    <h2 class=\"wp-block-heading\"><strong>Ambito di applicazione dell'essiccatore per riso<\/strong><\/h2>    <p>L'essiccatore mobile per cereali \u00e8 adatto per essiccare vari tipi di colture. Ad esempio, mais, fagioli, riso, grano, ecc. L'essiccatore portatile per cereali utilizza un metodo di essiccazione ad aria calda per evitare di distruggere la qualit\u00e0 del grano e influenzarne il colore.<\/p>    <p class=\"translation-block\">I cereali essiccati possono essere trasformati in grana (da una <a href=\"https:\/\/corn-machine.com\/it\/product\/maize-grits-making-machine\/\">macchina per la macinazione di grana di mais<\/a>) e i fagioli in farina (da un <a href=\"https:\/\/corn-machine.com\/it\/product\/hammer-mill-grinder-for-corn\/\">mulino a martelli<\/a>) se si desidera successivamente processare il prodotto finito per maggiori profitti.<\/p>    <figure class=\"wp-block-gallery has-nested-images columns-2 is-cropped wp-block-gallery-3 is-layout-flex wp-block-gallery-is-layout-flex\"> <figure class=\"wp-block-image size-large\"><img loading=\"lazy\" decoding=\"async\" width=\"720\" height=\"540\" data-id=\"596\" src=\"https:\/\/corn-machine.com\/wp-content\/uploads\/2025\/07\/soybean.webp\" alt=\"la soia pu\u00f2 essere essiccata dal piccolo essiccatore per cereali\" class=\"wp-image-596\" title=\"\" srcset=\"https:\/\/corn-machine.com\/wp-content\/uploads\/2025\/07\/soybean.webp 720w, https:\/\/corn-machine.com\/wp-content\/uploads\/2025\/07\/soybean-300x225.webp 300w, https:\/\/corn-machine.com\/wp-content\/uploads\/2025\/07\/soybean-16x12.webp 16w\" sizes=\"auto, (max-width: 720px) 100vw, 720px\" \/><figcaption class=\"wp-element-caption\">soia<\/figcaption><\/figure>    <figure class=\"wp-block-image size-full\"><img loading=\"lazy\" decoding=\"async\" width=\"720\" height=\"540\" data-id=\"598\" src=\"https:\/\/corn-machine.com\/wp-content\/uploads\/2025\/07\/wheat.webp\" alt=\"il grano pu\u00f2 essere essiccato dal piccolo essiccatore per cereali\" class=\"wp-image-598\" title=\"\" srcset=\"https:\/\/corn-machine.com\/wp-content\/uploads\/2025\/07\/wheat.webp 720w, https:\/\/corn-machine.com\/wp-content\/uploads\/2025\/07\/wheat-300x225.webp 300w, https:\/\/corn-machine.com\/wp-content\/uploads\/2025\/07\/wheat-16x12.webp 16w\" sizes=\"auto, (max-width: 720px) 100vw, 720px\" \/><figcaption class=\"wp-element-caption\">grano<\/figcaption><\/figure>    <figure class=\"wp-block-image size-full\"><img loading=\"lazy\" decoding=\"async\" width=\"720\" height=\"540\" data-id=\"595\" src=\"https:\/\/corn-machine.com\/wp-content\/uploads\/2025\/07\/rice.webp\" alt=\"il riso pu\u00f2 essere essiccato dal piccolo essiccatore per cereali\" class=\"wp-image-595\" title=\"\" srcset=\"https:\/\/corn-machine.com\/wp-content\/uploads\/2025\/07\/rice.webp 720w, https:\/\/corn-machine.com\/wp-content\/uploads\/2025\/07\/rice-300x225.webp 300w, https:\/\/corn-machine.com\/wp-content\/uploads\/2025\/07\/rice-16x12.webp 16w\" sizes=\"auto, (max-width: 720px) 100vw, 720px\" \/><figcaption class=\"wp-element-caption\">riso<\/figcaption><\/figure>    <figure class=\"wp-block-image size-full\"><img loading=\"lazy\" decoding=\"async\" width=\"720\" height=\"540\" data-id=\"597\" src=\"https:\/\/corn-machine.com\/wp-content\/uploads\/2025\/07\/corn.webp\" alt=\"il mais pu\u00f2 essere essiccato dal piccolo essiccatore per cereali\" class=\"wp-image-597\" title=\"\" srcset=\"https:\/\/corn-machine.com\/wp-content\/uploads\/2025\/07\/corn.webp 720w, https:\/\/corn-machine.com\/wp-content\/uploads\/2025\/07\/corn-300x225.webp 300w, https:\/\/corn-machine.com\/wp-content\/uploads\/2025\/07\/corn-16x12.webp 16w\" sizes=\"auto, (max-width: 720px) 100vw, 720px\" \/><figcaption class=\"wp-element-caption\">mais<\/figcaption><\/figure> <\/figure>    <h2 class=\"wp-block-heading\"><strong>FAQ sull'essiccatore per mais<\/strong><\/h2>   <div id=\"rank-math-faq\" class=\"rank-math-block\"> <div class=\"rank-math-list\"> <div id=\"faq-question-1751878986739\" class=\"rank-math-list-item\"> <h3 class=\"rank-math-question\">Posso usare l'elettricit\u00e0? Ci sono altre opzioni di alimentazione?<\/h3> <div class=\"rank-math-answer\">  <p>S\u00ec, puoi usare l'elettricit\u00e0. E puoi anche scegliere biomassa, carbone, gasolio, benzina, gas e CH3OH.<\/p>  <\/div> <\/div> <div id=\"faq-question-1751879462095\" class=\"rank-math-list-item\"> <h3 class=\"rank-math-question\">Quali sono i materiali del vostro essiccatoio commerciale per cereali?<\/h3> <div class=\"rank-math-answer\">  <p>L'essiccatore e il silo per cereali sono interamente in acciaio inossidabile. La parte di riscaldamento \u00e8 in acciaio al carbonio.<\/p>  <\/div> <\/div> <div id=\"faq-question-1751879592932\" class=\"rank-math-list-item\"> <h3 class=\"rank-math-question\">Quali sono i vantaggi di questa macchina rispetto a una torre di essiccazione?<\/h3> <div class=\"rank-math-answer\">  <p>\u00c8 pi\u00f9 facile da spostare e non fa rumore come la torre di essiccazione. Le dimensioni ridotte ti aiutano a risparmiare spazio.<\/p>  <\/div> <\/div> <div id=\"faq-question-1751881949035\" class=\"rank-math-list-item\"> <h3 class=\"rank-math-question\">Quanto costa questa essiccatoio per cereali portatile?<\/h3> <div class=\"rank-math-answer\">  <p>Il prezzo dipende dal tipo scelto. Tipi diversi hanno efficienze di uscita e dimensioni diverse.<\/p>  <\/div> <\/div> <\/div> <\/div>   <blockquote class=\"wp-block-quote alignwide is-layout-flow wp-block-quote-is-layout-flow\"> <p class=\"translation-block\">Se si desidera processare un'enorme quantit\u00e0 di cereali o fagioli e si \u00e8 alla ricerca di un essiccatore grande, altamente efficiente e durevole. La macchina industriale per l'essiccazione del mais \u00e8 progettata per voi. Pu\u00f2 processare da 315 a 31800 kg di prodotto all'ora. Se siete interessati a questo progetto, cliccate su questo sito: <a href=\"https:\/\/corn-machine.com\/it\/product\/industrial-corn-dryer-machine\/\">Macchina essiccatrice per mais<\/a> per maggiori dettagli.<\/p>    <p class=\"has-text-align-left\">Se hai domande confuse sull'essiccatore mobile per cereali, o desideri consultare i prezzi specifici, contattaci.<\/p> <\/blockquote>","protected":false},"excerpt":{"rendered":"<p>Il piccolo essiccatore mobile per cereali \u00e8 adatto alla produzione di piccole aziende agricole per essiccare cereali e legumi. Ogni giorno pu\u00f2 produrre da 10 a 240 T di prodotti essiccati. Ampia gamma di opzioni per soddisfare le vostre esigenze di produzione.<\/p>","protected":false},"author":1,"featured_media":590,"parent":0,"template":"","tags":[31],"product-type":[44],"class_list":["post-585","product","type-product","status-publish","has-post-thumbnail","hentry","tag-corn","product-type-maize-dryer-machine"],"_links":{"self":[{"href":"https:\/\/corn-machine.com\/it\/wp-json\/wp\/v2\/product\/585","targetHints":{"allow":["GET"]}}],"collection":[{"href":"https:\/\/corn-machine.com\/it\/wp-json\/wp\/v2\/product"}],"about":[{"href":"https:\/\/corn-machine.com\/it\/wp-json\/wp\/v2\/types\/product"}],"author":[{"embeddable":true,"href":"https:\/\/corn-machine.com\/it\/wp-json\/wp\/v2\/users\/1"}],"wp:featuredmedia":[{"embeddable":true,"href":"https:\/\/corn-machine.com\/it\/wp-json\/wp\/v2\/media\/590"}],"wp:attachment":[{"href":"https:\/\/corn-machine.com\/it\/wp-json\/wp\/v2\/media?parent=585"}],"wp:term":[{"taxonomy":"post_tag","embeddable":true,"href":"https:\/\/corn-machine.com\/it\/wp-json\/wp\/v2\/tags?post=585"},{"taxonomy":"product-type","embeddable":true,"href":"https:\/\/corn-machine.com\/it\/wp-json\/wp\/v2\/product-type?post=585"}],"curies":[{"name":"wp","href":"https:\/\/api.w.org\/{rel}","templated":true}]}}