{"id":600,"date":"2025-07-09T17:42:35","date_gmt":"2025-07-09T09:42:35","guid":{"rendered":"https:\/\/corn-machine.com\/?post_type=product&#038;p=600"},"modified":"2025-09-01T08:33:39","modified_gmt":"2025-09-01T00:33:39","slug":"multi-functional-maize-thresher-machine","status":"publish","type":"product","link":"https:\/\/corn-machine.com\/it\/product\/multi-functional-maize-thresher-machine\/","title":{"rendered":"Macchina Vagliatrice Multifunzione per Mais per Sgranare Cereali"},"content":{"rendered":"<p class=\"translation-block\">Questa<strong> <\/strong>versatile<strong> macchina sgranatrice di mais<\/strong> viene sempre utilizzata per sgranare il mais in chicchi di mais. Inoltre, si possono sgranare anche soia, riso e miglio. La capacit\u00e0 di sgranatura di questo macchinario dipende dal tipo di cereale. Ad esempio, il mais pu\u00f2 essere sgranato a una velocit\u00e0 di 2-4 tonnellate all'ora, il sorgo e il miglio a 1-2 tonnellate all'ora e la soia a 0,5-0,8 tonnellate all'ora.<\/p>    <p>Offriamo tre potenze per la macchina sgranatrice di mais: motore diesel, PTO e motore elettrico per soddisfare le tue esigenze. La potenza ad alta efficienza non solo risparmia manodopera, ma migliora anche il tasso di sgranatura di oltre il 98%, riducendo significativamente le perdite e il consumo di materiale.<\/p>    <h2 class=\"wp-block-heading\"><strong>Caratteristiche della macchina sgranatrice di mais<\/strong><\/h2>    <ol class=\"wp-block-list\"> <li>Con pneumatici grandi e un robusto telaio di base, \u00e8 facile da spostare. Quindi la macchina sgranatrice di mais \u00e8 pi\u00f9 flessibile per adattarsi a qualsiasi situazione lavorativa.<\/li>    <li>Pu\u00f2 essere applicata per sgranare una vasta gamma di cereali, come mais, riso, grano, soia, ecc. Pertanto, puoi cambiare i setacci per lavorare diverse dimensioni di raccolti.<\/li>    <li>Questa macchina ha due grandi ventole, che sono diverse da altri tipi di macchine sgranatrici di mais. Queste due ventole possono separare polvere e rifiuti dai chicchi di mais e altri prodotti. E questo \u00e8 uno dei motivi per cui questa macchina sgranatrice di mais ha un tasso di sgranatura superiore al 98%.<\/li> <\/ol>   <div class=\"wp-block-image\"> <figure class=\"aligncenter size-full\"><img loading=\"lazy\" decoding=\"async\" width=\"720\" height=\"540\" src=\"https:\/\/corn-machine.com\/wp-content\/uploads\/2025\/07\/corn-threshing-machine-with-wheel-1.webp\" alt=\"macchina sgranatrice di mais versatile verde con ruote\" class=\"wp-image-603\" title=\"\" srcset=\"https:\/\/corn-machine.com\/wp-content\/uploads\/2025\/07\/corn-threshing-machine-with-wheel-1.webp 720w, https:\/\/corn-machine.com\/wp-content\/uploads\/2025\/07\/corn-threshing-machine-with-wheel-1-300x225.webp 300w, https:\/\/corn-machine.com\/wp-content\/uploads\/2025\/07\/corn-threshing-machine-with-wheel-1-16x12.webp 16w\" sizes=\"auto, (max-width: 720px) 100vw, 720px\" \/><figcaption class=\"wp-element-caption\">macchina per la sgranatura del mais con ruote<\/figcaption><\/figure> <\/div>   <h2 class=\"wp-block-heading\"><strong>I parametri dettagliati della macchina per la sgranatura dei cereali<\/strong><\/h2>    <figure class=\"wp-block-table aligncenter\"><table><tbody><tr><td>Dimensioni complessive<\/td><td>5TD-1000<\/td><\/tr><tr><td>Potenza<\/td><td>15HP diesel, motore 11kw, PTO<\/td><\/tr><tr><td>Capacit\u00e0<\/td><td>Mais 2-4t\/h, miglio e sorgo 1-2t\/h, soia 0.5-0.8t\/h<\/td><\/tr><tr><td>Dimensioni complessive<\/td><td>3400*2100*1980mm<\/td><\/tr><tr><td>Dimensione imballo<\/td><td>2800*740*1400mm<\/td><\/tr><tr><td>Peso<\/td><td>650 kg<\/td><\/tr><tr><td>Nota<\/td><td>Con pneumatici, telaio, manico di traino e due ventole<\/td><\/tr><\/tbody><\/table><figcaption class=\"wp-element-caption\">i parametri della macchina sgranatrice di mais<\/figcaption><\/figure>   <div class=\"wp-block-image\"> <figure class=\"aligncenter size-full\"><img loading=\"lazy\" decoding=\"async\" width=\"720\" height=\"540\" src=\"https:\/\/corn-machine.com\/wp-content\/uploads\/2025\/07\/corn-threshing-machine-without-wheel.webp\" alt=\"macchina sgranatrice di mais versatile rossa senza ruote\" class=\"wp-image-604\" title=\"\" srcset=\"https:\/\/corn-machine.com\/wp-content\/uploads\/2025\/07\/corn-threshing-machine-without-wheel.webp 720w, https:\/\/corn-machine.com\/wp-content\/uploads\/2025\/07\/corn-threshing-machine-without-wheel-300x225.webp 300w, https:\/\/corn-machine.com\/wp-content\/uploads\/2025\/07\/corn-threshing-machine-without-wheel-16x12.webp 16w\" sizes=\"auto, (max-width: 720px) 100vw, 720px\" \/><figcaption class=\"wp-element-caption\">macchina per la sgranatura del mais senza ruote<\/figcaption><\/figure> <\/div>   <h2 class=\"wp-block-heading\"><strong>Panoramica della struttura della macchina sgranatrice di cereali<\/strong><\/h2>    <p>L'intera struttura di questa sgranatrice mobile di cereali \u00e8 semplice. Inlet, doppie ventole, outlet, grandi ruote, parte di supporto e PTO sono le parti principali.<\/p>    <ul class=\"wp-block-list\"> <li>La<strong> ruote grandi <\/strong>are designed for easy mobility. This part allows you to store it in a warehouse when you don&#8217;t want to use it. Better than the fixed one, you can keep it out of the wind and rain.<\/li>    <li>Dotato di <strong>doppie ventole<\/strong>, supporta un sistema di ventilazione pi\u00f9 potente per rendere i prodotti finali pi\u00f9 puliti.<\/li>    <li><strong>Ingresso<\/strong> ha la forma di un imbuto per far entrare le materie prime in modo fluido, e il <strong>uscita<\/strong>&#8216;s slope design makes products easier for products to be collected by grain pockets.<\/li>    <li><strong>TdF<\/strong> \u00e8 un mezzo di potenza che pu\u00f2 collegarsi a un trattore per generare energia. Quindi il design di questa parte \u00e8 quello di fornire un modo per fornire energia ad alcune persone che ne hanno bisogno.<\/li>    <li><strong>Parte di tenuta<\/strong> \u00e8 un dispositivo di supporto per mantenere l'equilibrio di questa macchina trebbiatrice per mais durante il funzionamento.<\/li> <\/ul>   <div class=\"wp-block-image\"> <figure class=\"aligncenter size-full\"><img loading=\"lazy\" decoding=\"async\" width=\"720\" height=\"540\" src=\"https:\/\/corn-machine.com\/wp-content\/uploads\/2025\/07\/the-structure-of-maize-sheller.webp\" alt=\"la struttura semplice della macchina sgranatrice di mais\" class=\"wp-image-606\" title=\"\" srcset=\"https:\/\/corn-machine.com\/wp-content\/uploads\/2025\/07\/the-structure-of-maize-sheller.webp 720w, https:\/\/corn-machine.com\/wp-content\/uploads\/2025\/07\/the-structure-of-maize-sheller-300x225.webp 300w, https:\/\/corn-machine.com\/wp-content\/uploads\/2025\/07\/the-structure-of-maize-sheller-16x12.webp 16w\" sizes=\"auto, (max-width: 720px) 100vw, 720px\" \/><figcaption class=\"wp-element-caption\">la struttura della macchina sgranatrice di mais<\/figcaption><\/figure> <\/div>   <h2 class=\"wp-block-heading\"><strong>Come usare questa macchina sgranatrice di mais\uff1f<\/strong><\/h2>    <p>La struttura semplice rende l'operazione pi\u00f9 facile. Ecco alcuni passaggi per farla funzionare.<\/p>    <ul class=\"wp-block-list\"> <li><strong>Passo 1:<\/strong> Prima di utilizzare la macchina, controllare l'alimentazione e alcuni sistemi di base per assicurarsi che il supporto sia piatto e stabile per la procedura successiva.<\/li>    <li><strong>Passo 2:<\/strong> Turn on the energy system and don&#8217;t pour materials into it at first.<\/li>    <li><strong>Passo 3:<\/strong> Dopo che funziona correttamente, versare i mais nella tramoggia. <\/li>    <li><strong>Passo 4:<\/strong> Quindi le pannocchie verranno separate dai chicchi di mais attraverso il lavoro del sistema di trebbiatura. E il prodotto uscir\u00e0 dall'uscita.<\/li> <\/ul>    <h2 class=\"wp-block-heading\"><strong>I prodotti finali e le loro applicazioni<\/strong><\/h2>    <p class=\"translation-block\">Lo scopo principale della macchina sgranatrice di mais \u00e8 sgranare i chicchi di mais e lavorare altri <a href=\"https:\/\/en.wikipedia.org\/wiki\/Grain\" target=\"_blank\" rel=\"noopener\">cereali<\/a> senza distruggere la loro integrit\u00e0. I raccolti sgranati: chicchi di mais, miglio, soia e riso possono essere venduti come merci al supermercato o al mercato agricolo.<\/p>    <p>Pu\u00f2 anche essere utilizzata come materia prima per produrre mangimi, semole e farina. Questi mezzi possono migliorare il valore del prodotto per avere maggiori benefici economici.<\/p>   <div class=\"wp-block-image\"> <figure class=\"aligncenter size-full\"><img loading=\"lazy\" decoding=\"async\" width=\"720\" height=\"540\" src=\"https:\/\/corn-machine.com\/wp-content\/uploads\/2025\/07\/corn-thresher-products.webp\" alt=\"materie prime per la sgranatura del mais e i suoi prodotti\" class=\"wp-image-611\" title=\"\" srcset=\"https:\/\/corn-machine.com\/wp-content\/uploads\/2025\/07\/corn-thresher-products.webp 720w, https:\/\/corn-machine.com\/wp-content\/uploads\/2025\/07\/corn-thresher-products-300x225.webp 300w, https:\/\/corn-machine.com\/wp-content\/uploads\/2025\/07\/corn-thresher-products-16x12.webp 16w\" sizes=\"auto, (max-width: 720px) 100vw, 720px\" \/><figcaption class=\"wp-element-caption\">applicazione della macchina per la sgranatura dei cereali<\/figcaption><\/figure> <\/div>   <h2 class=\"wp-block-heading\"><strong>Un caso di esportazione di successo della macchina sgranatrice di mais in Ghana<\/strong><\/h2>    <p>Abbiamo stabilito una buona cooperazione con un cliente in Ghana. C'\u00e8 stata una grande raccolta per la sua fattoria, quindi aveva bisogno di lavorare i suoi raccolti per risparmiare spazio nel suo magazzino e facilitare la successiva vendita e altri eventi corrispondenti.<\/p>    <p>Ha piantato mais e soia, quindi aveva bisogno di una macchina sgranatrice multifunzionale per sgranarle per conservarle e venderle. Con il nostro aiuto, alla fine ha scelto una macchina che soddisfaceva le sue esigenze: una macchina sgranatrice multifunzionale 5TD-1000.<\/p>    <p>L'intero processo \u00e8 stato fluido. Abbiamo imballato la macchina e abbiamo attraversato un periodo di spedizione. Il nostro cliente non vedeva l'ora di installarla e utilizzarla non appena avesse ricevuto l'attrezzatura.<\/p>    <p>\u201c\u00c8 perfetto, non c'\u00e8 dubbio che mi piaccia molto. Grazie, Taizy, ai miei amici che mi aiutano a risolvere i problemi del raccolto.\u201d Ci invia il suo video di lavoro e dice.<\/p>    <figure class=\"wp-block-embed aligncenter is-type-video is-provider-youtube wp-block-embed-youtube wp-embed-aspect-16-9 wp-has-aspect-ratio\"><div class=\"wp-block-embed__wrapper\"> <iframe loading=\"lazy\" title=\"\u2b50I clienti del Ghana condividono un feedback onesto sulla nostra trebbiatrice mobile multifunzione per cereali! #trebbiatricedimais\" width=\"500\" height=\"281\" src=\"https:\/\/www.youtube.com\/embed\/pmll-kGf2Cs?feature=oembed\" frameborder=\"0\" allow=\"accelerometer; autoplay; clipboard-write; encrypted-media; gyroscope; picture-in-picture; web-share\" referrerpolicy=\"strict-origin-when-cross-origin\" allowfullscreen><\/iframe> <\/div><figcaption class=\"wp-element-caption\">video di lavoro dei nostri clienti del Ghana<\/figcaption><\/figure>    <p>\u00c8 nostro onore che la nostra macchina possa aiutare alcune persone a soddisfare le loro esigenze agricole, e questa \u00e8 anche la convinzione di Taizy: rendere il mondo migliore sviluppando macchinari agricoli.<\/p>    <figure class=\"wp-block-gallery has-nested-images columns-2 is-cropped wp-block-gallery-2 is-layout-flex wp-block-gallery-is-layout-flex\"> <figure class=\"wp-block-image size-large\"><img loading=\"lazy\" decoding=\"async\" width=\"720\" height=\"540\" data-id=\"607\" src=\"https:\/\/corn-machine.com\/wp-content\/uploads\/2025\/07\/the-first-step-of-packing-corn-sheller-machine.webp\" alt=\"il primo passo per imballare la macchina sgranatrice di mais con parti di imballaggio\" class=\"wp-image-607\" title=\"\" srcset=\"https:\/\/corn-machine.com\/wp-content\/uploads\/2025\/07\/the-first-step-of-packing-corn-sheller-machine.webp 720w, https:\/\/corn-machine.com\/wp-content\/uploads\/2025\/07\/the-first-step-of-packing-corn-sheller-machine-300x225.webp 300w, https:\/\/corn-machine.com\/wp-content\/uploads\/2025\/07\/the-first-step-of-packing-corn-sheller-machine-16x12.webp 16w\" sizes=\"auto, (max-width: 720px) 100vw, 720px\" \/><figcaption class=\"wp-element-caption\">il primo passo per imballare la macchina sgranatrice di mais<\/figcaption><\/figure>    <figure class=\"wp-block-image size-large\"><img loading=\"lazy\" decoding=\"async\" width=\"720\" height=\"540\" data-id=\"609\" src=\"https:\/\/corn-machine.com\/wp-content\/uploads\/2025\/07\/reinforced-packing-of-maize-threshing-machine.webp\" alt=\"imballaggio rinforzato della macchina sgranatrice di mais con rete metallica\" class=\"wp-image-609\" title=\"\" srcset=\"https:\/\/corn-machine.com\/wp-content\/uploads\/2025\/07\/reinforced-packing-of-maize-threshing-machine.webp 720w, https:\/\/corn-machine.com\/wp-content\/uploads\/2025\/07\/reinforced-packing-of-maize-threshing-machine-300x225.webp 300w, https:\/\/corn-machine.com\/wp-content\/uploads\/2025\/07\/reinforced-packing-of-maize-threshing-machine-16x12.webp 16w\" sizes=\"auto, (max-width: 720px) 100vw, 720px\" \/><figcaption class=\"wp-element-caption\">imballaggio rinforzato della macchina sgranatrice di mais<\/figcaption><\/figure>    <figure class=\"wp-block-image size-large\"><img loading=\"lazy\" decoding=\"async\" width=\"720\" height=\"540\" data-id=\"610\" src=\"https:\/\/corn-machine.com\/wp-content\/uploads\/2025\/07\/the-packing-of-multifunctional-thresher.webp\" alt=\"l&#039;imballaggio della sgranatrice multifunzionale con pellicola di plastica\" class=\"wp-image-610\" title=\"\" srcset=\"https:\/\/corn-machine.com\/wp-content\/uploads\/2025\/07\/the-packing-of-multifunctional-thresher.webp 720w, https:\/\/corn-machine.com\/wp-content\/uploads\/2025\/07\/the-packing-of-multifunctional-thresher-300x225.webp 300w, https:\/\/corn-machine.com\/wp-content\/uploads\/2025\/07\/the-packing-of-multifunctional-thresher-16x12.webp 16w\" sizes=\"auto, (max-width: 720px) 100vw, 720px\" \/><figcaption class=\"wp-element-caption\">l'imballaggio della sgranatrice multifunzionale<\/figcaption><\/figure>    <figure class=\"wp-block-image size-large\"><img loading=\"lazy\" decoding=\"async\" width=\"720\" height=\"540\" data-id=\"608\" src=\"https:\/\/corn-machine.com\/wp-content\/uploads\/2025\/07\/shipping-of-corn-threshing-machine.webp\" alt=\"la macchina per la sgranatura del mais \u00e8 in fase di spedizione\" class=\"wp-image-608\" title=\"\" srcset=\"https:\/\/corn-machine.com\/wp-content\/uploads\/2025\/07\/shipping-of-corn-threshing-machine.webp 720w, https:\/\/corn-machine.com\/wp-content\/uploads\/2025\/07\/shipping-of-corn-threshing-machine-300x225.webp 300w, https:\/\/corn-machine.com\/wp-content\/uploads\/2025\/07\/shipping-of-corn-threshing-machine-16x12.webp 16w\" sizes=\"auto, (max-width: 720px) 100vw, 720px\" \/><figcaption class=\"wp-element-caption\">spedizione della macchina per la sgranatura del mais<\/figcaption><\/figure> <\/figure>    <p class=\"translation-block\">Oltre a questa macchina trebbiatrice per mais, abbiamo anche altri tipi di macchine per mais, inclusa la lavorazione del mais intero. Ad esempio, il <a href=\"https:\/\/corn-machine.com\/it\/product\/manual-corn-seed-planter\/\">seminatore manuale per semi di mais<\/a> per la semina, la <a href=\"https:\/\/corn-machine.com\/it\/product\/efficient-maize-harvester-machine\/\">macchina raccoglitrice di mais<\/a> per la raccolta, e persino la <a href=\"https:\/\/corn-machine.com\/it\/product\/maize-grits-making-machine\/\">macchina per la produzione di semolino di mais<\/a> per macinare.<\/p>    <p>Contattaci per ottenere maggiori informazioni e notizie sui prodotti\uff01<\/p>","protected":false},"excerpt":{"rendered":"<p>Questa versatile macchina per la sgranatura del mais \u00e8 in grado di sgranare in modo efficiente una vasta gamma di cereali. Pu\u00f2 sgranare da 2 a 4 tonnellate di mais, da 1 a 2 tonnellate di miglio, ecc. all'ora. E il suo tasso di sgranatura \u00e8 superiore al 98%.<\/p>","protected":false},"author":1,"featured_media":613,"parent":0,"template":"","tags":[31],"product-type":[42],"class_list":["post-600","product","type-product","status-publish","has-post-thumbnail","hentry","tag-corn","product-type-maize-sheller-machine"],"_links":{"self":[{"href":"https:\/\/corn-machine.com\/it\/wp-json\/wp\/v2\/product\/600","targetHints":{"allow":["GET"]}}],"collection":[{"href":"https:\/\/corn-machine.com\/it\/wp-json\/wp\/v2\/product"}],"about":[{"href":"https:\/\/corn-machine.com\/it\/wp-json\/wp\/v2\/types\/product"}],"author":[{"embeddable":true,"href":"https:\/\/corn-machine.com\/it\/wp-json\/wp\/v2\/users\/1"}],"wp:featuredmedia":[{"embeddable":true,"href":"https:\/\/corn-machine.com\/it\/wp-json\/wp\/v2\/media\/613"}],"wp:attachment":[{"href":"https:\/\/corn-machine.com\/it\/wp-json\/wp\/v2\/media?parent=600"}],"wp:term":[{"taxonomy":"post_tag","embeddable":true,"href":"https:\/\/corn-machine.com\/it\/wp-json\/wp\/v2\/tags?post=600"},{"taxonomy":"product-type","embeddable":true,"href":"https:\/\/corn-machine.com\/it\/wp-json\/wp\/v2\/product-type?post=600"}],"curies":[{"name":"wp","href":"https:\/\/api.w.org\/{rel}","templated":true}]}}