{"id":651,"date":"2025-07-15T18:16:59","date_gmt":"2025-07-15T10:16:59","guid":{"rendered":"https:\/\/corn-machine.com\/?post_type=product&#038;p=651"},"modified":"2025-07-17T14:59:06","modified_gmt":"2025-07-17T06:59:06","slug":"grain-cleaner-machine-for-corn-cleaning","status":"publish","type":"product","link":"https:\/\/corn-machine.com\/it\/product\/grain-cleaner-machine-for-corn-cleaning\/","title":{"rendered":"Macchina per la pulizia dei cereali completamente automatica con convogliatore a vento \u2013 trasportato"},"content":{"rendered":"<p>Questa macchina pulisci cereali viene sempre utilizzata come primo passaggio prima della lavorazione dei raccolti. La sua funzione principale \u00e8 separare polvere, sassolini, chicchi raggrinziti e altre impurit\u00e0. Ogni ora, pu\u00f2 lavorare materie prime da 400-1200 kg.<\/p>    <p>Con un sistema altamente automatico, la macchina pulitrice multigrano \u00e8 facile da usare. Inoltre, ha dimensioni ridotte e un basso consumo energetico, quindi \u00e8 una scelta perfetta per i produttori di cereali grezzi, le fabbriche di trasformazione alimentare e le piccole aziende agricole.<\/p>    <figure class=\"wp-block-embed is-type-video is-provider-youtube wp-block-embed-youtube wp-embed-aspect-16-9 wp-has-aspect-ratio\"><div class=\"wp-block-embed__wrapper\"> <iframe loading=\"lazy\" title=\"Pulisci Cereali | Macchina Pulisci Mais con Superbo Controllo Automatizzato ed Alta Efficienza Produttiva\" width=\"500\" height=\"281\" src=\"https:\/\/www.youtube.com\/embed\/iZUieQTLocU?feature=oembed\" frameborder=\"0\" allow=\"accelerometer; autoplay; clipboard-write; encrypted-media; gyroscope; picture-in-picture; web-share\" referrerpolicy=\"strict-origin-when-cross-origin\" allowfullscreen><\/iframe> <\/div><figcaption class=\"wp-element-caption\">macchina pulisci cereali<\/figcaption><\/figure>    <h2 class=\"wp-block-heading\"><strong>Quali sono i vantaggi significativi della macchina pulisci cereali multipli?<\/strong><\/h2>    <ul class=\"wp-block-list\"> <li>La macchina puliscisemi \u00e8<strong> completamente automatica<\/strong>. After turning it on, the feeding device will transform the raw materials into the cleaning system and complete the work. For convenience of use, we design a simple operating system. Even if you don&#8217;t know the machine structure, you can get started quickly!<\/li>    <li>Ha un <strong>sistema di filtraggio scientifico<\/strong> per separare scarti e prodotti. Inoltre, ci sono tre uscite progettate per distinguere tra i materiali in uscita. Dotata di una ventola, la materia prima deve essere pulita solo una volta, il che pu\u00f2 soddisfare il requisito di lavorazione.<\/li>    <li>Grazie alle sue dimensioni compatte, la macchina puliscimais \u00e8<strong> adatta a qualsiasi situazione<\/strong>. Pu\u00f2 essere installata in un piccolo laboratorio di produzione o combinata con altre macchine di produzione per creare una linea di produzione completa per la lavorazione delle colture.<\/li> <\/ul>    <h2 class=\"wp-block-heading\"><strong>Parametri tecnici della macchina pulisci grano<\/strong><\/h2>    <p>Ci sono due modelli di questa macchina pulitrice multigrano e puoi sceglierne uno in base alle tue esigenze di capacit\u00e0 della macchina. Di seguito sono riportati i loro parametri dettagliati.<\/p>    <figure class=\"wp-block-table aligncenter\"><table class=\"has-fixed-layout\"><tbody><tr><td>Modello<\/td><td class=\"has-text-align-center\" data-align=\"center\"><strong>FSQDJ-57<\/strong><\/td><td class=\"has-text-align-center\" data-align=\"center\"><strong>FSQDJ-100<\/strong><\/td><\/tr><tr><td>Produzione<\/td><td class=\"has-text-align-center\" data-align=\"center\">400-600 kg\/h<\/td><td class=\"has-text-align-center\" data-align=\"center\">800-1200 kg\/h<\/td><\/tr><tr><td>Potenza di supporto<\/td><td class=\"has-text-align-center\" data-align=\"center\">3kw<\/td><td class=\"has-text-align-center\" data-align=\"center\">4kw<\/td><\/tr><tr><td>Dimensioni<\/td><td class=\"has-text-align-center\" data-align=\"center\">1700*800*2900mm<\/td><td class=\"has-text-align-center\" data-align=\"center\">1900*1000*3000mm<\/td><\/tr><tr><td>Peso<\/td><td class=\"has-text-align-center\" data-align=\"center\">300kg<\/td><td class=\"has-text-align-center\" data-align=\"center\">400kg<\/td><\/tr><\/tbody><\/table><figcaption class=\"wp-element-caption\">parametri tecnici della macchina pulisci cereali<\/figcaption><\/figure>    <h2 class=\"wp-block-heading\"><strong>La struttura completa della macchina pulisci mais<\/strong><\/h2>    <p>La struttura esterna della macchina pulisci cereali \u00e8 composta principalmente da pi\u00f9 uscite (incluse due uscite per impurit\u00e0, un'uscita per sabbia e un'uscita per sassi), una ventola, un ingresso e nastri trasportatori.<\/p>    <p>Il suo sistema operativo specifico \u00e8 principalmente diviso in quattro parti: il dispositivo di alimentazione automatica, il dispositivo di vaglio vibrante a doppio strato, il dispositivo di rimozione sassi a gravit\u00e0 specifica e il dispositivo di pulizia del grano.<\/p>    <ul class=\"wp-block-list\"> <li>Il dispositivo di alimentazione automatica \u00e8 responsabile della trasformazione dei cereali grezzi nel sistema di lavorazione. \u00c8 dotato di una ventola per facilitare il funzionamento automatico.<\/li>    <li>Il dispositivo di vaglio vibrante a doppio strato serve a eliminare polvere, sabbia e altre impurit\u00e0 piccole e leggere.<\/li>    <li>Un dispositivo di rimozione sassi a gravit\u00e0 specifica \u00e8 una parte indispensabile per rimuovere detriti pi\u00f9 pesanti (ad es. piccoli sassi).<\/li>    <li>Il dispositivo di pulizia del grano \u00e8 specificamente utilizzato per separare paglia, crusca e chicchi raggrinziti.<\/li> <\/ul>    <figure class=\"wp-block-gallery has-nested-images columns-default is-cropped wp-block-gallery-2 is-layout-flex wp-block-gallery-is-layout-flex\"> <figure class=\"wp-block-image size-large\"><img loading=\"lazy\" decoding=\"async\" width=\"720\" height=\"540\" data-id=\"658\" src=\"https:\/\/corn-machine.com\/wp-content\/uploads\/2025\/07\/structure-of-small-maize-cleaning-machine.webp\" alt=\"struttura dettagliata della piccola macchina pulisci mais\" class=\"wp-image-658\" title=\"\" srcset=\"https:\/\/corn-machine.com\/wp-content\/uploads\/2025\/07\/structure-of-small-maize-cleaning-machine.webp 720w, https:\/\/corn-machine.com\/wp-content\/uploads\/2025\/07\/structure-of-small-maize-cleaning-machine-300x225.webp 300w, https:\/\/corn-machine.com\/wp-content\/uploads\/2025\/07\/structure-of-small-maize-cleaning-machine-16x12.webp 16w\" sizes=\"auto, (max-width: 720px) 100vw, 720px\" \/><figcaption class=\"wp-element-caption\">struttura di piccola macchina pulisci mais<\/figcaption><\/figure>    <figure class=\"wp-block-image size-large\"><img loading=\"lazy\" decoding=\"async\" width=\"720\" height=\"540\" data-id=\"659\" src=\"https:\/\/corn-machine.com\/wp-content\/uploads\/2025\/07\/system-of-corn-seed-cleaner-machine.webp\" alt=\"sistema completo di macchina pulisci semi di mais\" class=\"wp-image-659\" title=\"\" srcset=\"https:\/\/corn-machine.com\/wp-content\/uploads\/2025\/07\/system-of-corn-seed-cleaner-machine.webp 720w, https:\/\/corn-machine.com\/wp-content\/uploads\/2025\/07\/system-of-corn-seed-cleaner-machine-300x225.webp 300w, https:\/\/corn-machine.com\/wp-content\/uploads\/2025\/07\/system-of-corn-seed-cleaner-machine-16x12.webp 16w\" sizes=\"auto, (max-width: 720px) 100vw, 720px\" \/><figcaption class=\"wp-element-caption\">sistema di macchina pulisci semi di mais<\/figcaption><\/figure> <\/figure>    <h2 class=\"wp-block-heading\"><strong>Perch\u00e9 \u00e8 necessario possedere una macchina pulisci cereali automatica?<\/strong><\/h2>    <ol class=\"wp-block-list\"> <li>Se hai una linea per la lavorazione dei cereali e vuoi ridurre il costo di acquisto delle materie prime, puoi aggiungere una macchina pulisci cereali come primo passo per la pulizia dei materiali. Puoi elaborarlo da solo, eliminando la necessit\u00e0 di pagare per i costi di pulizia e lavorazione delle materie prime.<\/li>    <li>Ti senti sempre infastidito quando pulisci mais e grano dal raccolto? Questa macchina pu\u00f2 aiutarti a risolvere facilmente i problemi. Pu\u00f2 separare paglia, sassolini e persino polvere dai tuoi raccolti.<\/li>    <li>Come fornitore di materiali, merci pulite e di alta qualit\u00e0 sono sempre la prima scelta per i clienti. Questa macchina pu\u00f2 filtrare colture di scarsa qualit\u00e0.<\/li> <\/ol>    <p>Nella parte successiva, ti mostrer\u00f2 i prodotti che possono essere realizzati e l'uso specifico della macchina.<\/p>    <h2 class=\"wp-block-heading\"><strong>Grain cleaning machinery&#8217;s products and applications<\/strong><\/h2>    <p>Come macchina pulisci cereali multifunzionale, pu\u00f2 filtrare e setacciare detriti da vari cereali, come grano saraceno, mais, miglio, grano, ecc.<\/p>    <p>La funzione principale della macchina pulisci cereali \u00e8 selezionare cereali di alta qualit\u00e0 per facilitare la successiva lavorazione alimentare. Questi materiali lavorati sono abbastanza puliti da essere venduti. Ma se sei interessato a creare maggiori profitti, vorrei presentarti alcune attrezzature utili.<\/p>    <p>Di seguito, presenter\u00f2 una linea di produzione che credo ti aiuter\u00e0 a comprendere il processo di produzione di un prodotto agroalimentare completo.<\/p>    <figure class=\"wp-block-gallery has-nested-images columns-2 is-cropped wp-block-gallery-3 is-layout-flex wp-block-gallery-is-layout-flex\"> <figure class=\"wp-block-image size-large\"><img loading=\"lazy\" decoding=\"async\" width=\"720\" height=\"540\" data-id=\"660\" src=\"https:\/\/corn-machine.com\/wp-content\/uploads\/2025\/07\/buckwheat.webp\" alt=\"grano saraceno pulito dalla macchina pulisci cereali\" class=\"wp-image-660\" title=\"\" srcset=\"https:\/\/corn-machine.com\/wp-content\/uploads\/2025\/07\/buckwheat.webp 720w, https:\/\/corn-machine.com\/wp-content\/uploads\/2025\/07\/buckwheat-300x225.webp 300w, https:\/\/corn-machine.com\/wp-content\/uploads\/2025\/07\/buckwheat-16x12.webp 16w\" sizes=\"auto, (max-width: 720px) 100vw, 720px\" \/><figcaption class=\"wp-element-caption\"><a href=\"https:\/\/en.wikipedia.org\/wiki\/Buckwheat#Potential_adverse_effects\" target=\"_blank\" rel=\"noopener\">grano saraceno<\/a><\/figcaption><\/figure>    <figure class=\"wp-block-image size-large\"><img loading=\"lazy\" decoding=\"async\" width=\"720\" height=\"540\" data-id=\"663\" src=\"https:\/\/corn-machine.com\/wp-content\/uploads\/2025\/07\/corn-1.webp\" alt=\"mais pulito dalla macchina pulisci cereali\" class=\"wp-image-663\" title=\"\" srcset=\"https:\/\/corn-machine.com\/wp-content\/uploads\/2025\/07\/corn-1.webp 720w, https:\/\/corn-machine.com\/wp-content\/uploads\/2025\/07\/corn-1-300x225.webp 300w, https:\/\/corn-machine.com\/wp-content\/uploads\/2025\/07\/corn-1-16x12.webp 16w\" sizes=\"auto, (max-width: 720px) 100vw, 720px\" \/><figcaption class=\"wp-element-caption\">mais<\/figcaption><\/figure>    <figure class=\"wp-block-image size-large\"><img loading=\"lazy\" decoding=\"async\" width=\"720\" height=\"540\" data-id=\"661\" src=\"https:\/\/corn-machine.com\/wp-content\/uploads\/2025\/07\/millet.webp\" alt=\"miglio pulito dalla macchina pulisci cereali\" class=\"wp-image-661\" title=\"\" srcset=\"https:\/\/corn-machine.com\/wp-content\/uploads\/2025\/07\/millet.webp 720w, https:\/\/corn-machine.com\/wp-content\/uploads\/2025\/07\/millet-300x225.webp 300w, https:\/\/corn-machine.com\/wp-content\/uploads\/2025\/07\/millet-16x12.webp 16w\" sizes=\"auto, (max-width: 720px) 100vw, 720px\" \/><figcaption class=\"wp-element-caption\">miglio<\/figcaption><\/figure>    <figure class=\"wp-block-image size-large\"><img loading=\"lazy\" decoding=\"async\" width=\"720\" height=\"540\" data-id=\"662\" src=\"https:\/\/corn-machine.com\/wp-content\/uploads\/2025\/07\/wheat-1.webp\" alt=\"grano pulito dalla macchina pulisci cereali\" class=\"wp-image-662\" title=\"\" srcset=\"https:\/\/corn-machine.com\/wp-content\/uploads\/2025\/07\/wheat-1.webp 720w, https:\/\/corn-machine.com\/wp-content\/uploads\/2025\/07\/wheat-1-300x225.webp 300w, https:\/\/corn-machine.com\/wp-content\/uploads\/2025\/07\/wheat-1-16x12.webp 16w\" sizes=\"auto, (max-width: 720px) 100vw, 720px\" \/><figcaption class=\"wp-element-caption\">grano<\/figcaption><\/figure> <\/figure>    <h2 class=\"wp-block-heading\"><strong>Linea di produzione per la lavorazione del mais<\/strong><\/h2>    <p class=\"translation-block\">Questa \u00e8 un'unit\u00e0 completa di macchine per la macinazione del mais per la produzione di grana di mais, che consiste in quattro parti principali: una macchina pulisci cereali, un silo, <a href=\"https:\/\/corn-machine.com\/it\/product\/maize-grits-making-machine\/\">una macchina pelatrice di mais<\/a> e una macchina per grana di mais T3.<\/p>    <p>\u00c8 il processo completo di produzione di fiocchi di mais con un superbo controllo automatizzato ed un'efficienza produttiva estremamente elevata. Pu\u00f2 migliorare il prezzo dei tuoi prodotti, che possono essere forniti a supermercati, mercati all'ingrosso agricoli e persino ad alcune fabbriche alimentari che necessitano di tali materiali per la trasformazione alimentare.<\/p>    <figure class=\"wp-block-gallery aligncenter has-nested-images columns-default is-cropped wp-block-gallery-4 is-layout-flex wp-block-gallery-is-layout-flex\"> <figure class=\"wp-block-image size-full\"><img loading=\"lazy\" decoding=\"async\" width=\"720\" height=\"540\" data-id=\"665\" src=\"https:\/\/corn-machine.com\/wp-content\/uploads\/2025\/07\/complete-machine-for-processing-corn.webp\" alt=\"macchina completa per la lavorazione del mais\" class=\"wp-image-665\" title=\"\" srcset=\"https:\/\/corn-machine.com\/wp-content\/uploads\/2025\/07\/complete-machine-for-processing-corn.webp 720w, https:\/\/corn-machine.com\/wp-content\/uploads\/2025\/07\/complete-machine-for-processing-corn-300x225.webp 300w, https:\/\/corn-machine.com\/wp-content\/uploads\/2025\/07\/complete-machine-for-processing-corn-16x12.webp 16w\" sizes=\"auto, (max-width: 720px) 100vw, 720px\" \/><figcaption class=\"wp-element-caption\">linea di lavorazione grana di mais<\/figcaption><\/figure>    <figure class=\"wp-block-image size-full\"><img loading=\"lazy\" decoding=\"async\" width=\"720\" height=\"540\" data-id=\"664\" src=\"https:\/\/corn-machine.com\/wp-content\/uploads\/2025\/07\/corn-processing-line.webp\" alt=\"linea di lavorazione mais per la produzione di grana di mais\" class=\"wp-image-664\" title=\"\" srcset=\"https:\/\/corn-machine.com\/wp-content\/uploads\/2025\/07\/corn-processing-line.webp 720w, https:\/\/corn-machine.com\/wp-content\/uploads\/2025\/07\/corn-processing-line-300x225.webp 300w, https:\/\/corn-machine.com\/wp-content\/uploads\/2025\/07\/corn-processing-line-16x12.webp 16w\" sizes=\"auto, (max-width: 720px) 100vw, 720px\" \/><figcaption class=\"wp-element-caption\">linea di lavorazione mais<\/figcaption><\/figure> <\/figure>    <p>Se sei interessato a questa macchina o hai molte altre domande, contattaci per saperne di pi\u00f9!<\/p>","protected":false},"excerpt":{"rendered":"<p>La macchina puliscigrano ad alta efficienza pu\u00f2 processare mais, frumento, granoturco e altri cereali. \u00c8 produttiva e pu\u00f2 pulire cereali 400-1200 kg\/h. Dotata di un sistema di soffiaggio per la rimozione efficace di polvere e scarti.<\/p>","protected":false},"author":1,"featured_media":657,"parent":0,"template":"","tags":[31,33],"product-type":[46],"class_list":["post-651","product","type-product","status-publish","has-post-thumbnail","hentry","tag-corn","tag-grain","product-type-corn-cleaning-machine"],"_links":{"self":[{"href":"https:\/\/corn-machine.com\/it\/wp-json\/wp\/v2\/product\/651","targetHints":{"allow":["GET"]}}],"collection":[{"href":"https:\/\/corn-machine.com\/it\/wp-json\/wp\/v2\/product"}],"about":[{"href":"https:\/\/corn-machine.com\/it\/wp-json\/wp\/v2\/types\/product"}],"author":[{"embeddable":true,"href":"https:\/\/corn-machine.com\/it\/wp-json\/wp\/v2\/users\/1"}],"wp:featuredmedia":[{"embeddable":true,"href":"https:\/\/corn-machine.com\/it\/wp-json\/wp\/v2\/media\/657"}],"wp:attachment":[{"href":"https:\/\/corn-machine.com\/it\/wp-json\/wp\/v2\/media?parent=651"}],"wp:term":[{"taxonomy":"post_tag","embeddable":true,"href":"https:\/\/corn-machine.com\/it\/wp-json\/wp\/v2\/tags?post=651"},{"taxonomy":"product-type","embeddable":true,"href":"https:\/\/corn-machine.com\/it\/wp-json\/wp\/v2\/product-type?post=651"}],"curies":[{"name":"wp","href":"https:\/\/api.w.org\/{rel}","templated":true}]}}