{"id":69,"date":"2022-09-07T06:11:06","date_gmt":"2022-09-06T22:11:06","guid":{"rendered":"https:\/\/corn-machine.com\/?post_type=product&#038;p=69"},"modified":"2025-08-25T14:29:02","modified_gmt":"2025-08-25T06:29:02","slug":"multi-function-corn-thresher","status":"publish","type":"product","link":"https:\/\/corn-machine.com\/it\/product\/multi-function-corn-thresher\/","title":{"rendered":"Vagliatrice Multifunzione per Mais | Vagliatrice per Sorgo e Grano"},"content":{"rendered":"<p class=\"translation-block\">La <strong>trebbiatrice multifunzione per mais<\/strong> \u00e8 una macchina aggiornata basata sulla normale trebbiatrice per mais, adatta per trebbiare mais (resa 3 t\/h), soia (resa 2 t\/h), grano, sorgo, miglio e altre colture (resa 1,5 t\/h).<\/p>    <p>Le tosatrici multifunzione Taizy Machinery sono molto popolari sul mercato e sono state esportate in Australia, negli USA, in Indonesia, in Zimbabwe, in Botswana, in Nigeria e in molti altri Paesi. Contribuisce allo sviluppo dell'agricoltura locale e ha ricevuto molte buone recensioni.<\/p>    <figure class=\"wp-block-gallery has-nested-images columns-default is-cropped wp-block-gallery-2 is-layout-flex wp-block-gallery-is-layout-flex\"> <figure class=\"wp-block-image size-large\"><img loading=\"lazy\" decoding=\"async\" width=\"720\" height=\"540\" data-id=\"184\" src=\"https:\/\/corn-machine.com\/wp-content\/uploads\/2022\/09\/our-foreign-customers-are-testing-a-multipurpose-thresher.webp\" alt=\"i nostri clienti esteri stanno testando una trebbia multifunzione\" class=\"wp-image-184\" title=\"\"><figcaption class=\"wp-element-caption\">i nostri clienti esteri stanno testando una trebbia multifunzione<\/figcaption><\/figure>    <figure class=\"wp-block-image size-large\"><img loading=\"lazy\" decoding=\"async\" width=\"720\" height=\"540\" data-id=\"175\" src=\"https:\/\/corn-machine.com\/wp-content\/uploads\/2022\/09\/customer-visting.webp\" alt=\"visita del cliente\" class=\"wp-image-175\" title=\"\"><figcaption class=\"wp-element-caption\">visita del cliente<\/figcaption><\/figure> <\/figure>    <h2 class=\"wp-block-heading\" id=\"h-multi-function-corn-thresher-structures\"><strong>Strutture della trebbia multifunzione per mais<\/strong><\/h2>    <p>La trebbiatrice per grano \u00e8 in linea con le tendenze del mercato, con un design semplice e una struttura compatta. \u00c8 composta principalmente da un ingresso, un'uscita, un'uscita per le impurit\u00e0 e un ventilatore a tiraggio indotto. <\/p>    <p>Una cosa da notare \u00e8 che questa trebbia pu\u00f2 essere dotata di un singolo ventilatore o di un doppio ventilatore. Con la trebbiatrice per grano a doppio ventilatore, i semi delle colture trebbiate sono pi\u00f9 puliti.<\/p>   <div class=\"wp-block-image\"> <figure class=\"aligncenter size-full\"><img decoding=\"async\" src=\"https:\/\/corn-machine.com\/wp-content\/uploads\/2022\/09\/structure-of-multipurpose-thresher.webp\" alt=\"struttura della trebbia multifunzione\" class=\"wp-image-186\" title=\"\"><figcaption class=\"wp-element-caption\">struttura della trebbia multifunzione<\/figcaption><\/figure> <\/div>   <h2 class=\"wp-block-heading\" id=\"h-advantages-of-wheat-thresher-machine\"><strong>Vantaggi della trebbiatrice per grano<\/strong><\/h2>    <ol class=\"wp-block-list\"> <li>La macchina multifunzione per la trebbiatura del mais ha un'alta efficienza lavorativa e non dannegger\u00e0 il raccolto con un<strong> tasso di trebbiatura fino al 95%.<\/strong> Questo per rendere il prodotto finito con meno impurit\u00e0.<\/li>    <li>Questa macchina per la trebbiatura del mais ha vari metodi di alimentazione, inclusi un <strong>motore diesel (6-8Hp), un motore a benzina (170F) e un motore elettrico (2.2-3kw)<\/strong>, e i clienti possono scegliere il metodo di alimentazione giusto in base alla situazione reale. <\/li>    <li>La macchina per la trebbiatura delle colture ha un'ampia gamma di <strong>applicazioni e pu\u00f2 sbucciare e trebbiatura una variet\u00e0 di colture,<\/strong>, inclusi mais, sorgo e grano.<\/li>    <li>La macchina sgranatrice di mais adotta un design umanizzato, l'altezza della macchina \u00e8 adatta all'altezza del corpo umano, il che la rende comoda per mettere i cereali. Inoltre, la macchina pu\u00f2 essere <strong>equipaggiata con ruote,<\/strong> cos\u00ec \u00e8 facile da spostare.<\/li>    <li>Questa macchina per la trebbiatura del miglio \u00e8 conveniente e il <a href=\"https:\/\/corn-machine.com\/it\/Info\/multi-function-corn-thresher-common-problems\/\">manutenzione della trebbiatrice<\/a> \u00e8 facile, il che pu\u00f2 aiutare le persone a risparmiare energia e denaro.<\/li> <\/ol>    <figure class=\"wp-block-gallery aligncenter has-nested-images columns-default is-cropped wp-block-gallery-3 is-layout-flex wp-block-gallery-is-layout-flex\"> <figure class=\"wp-block-image size-full\"><img loading=\"lazy\" decoding=\"async\" width=\"720\" height=\"540\" data-id=\"810\" src=\"https:\/\/corn-machine.com\/wp-content\/uploads\/2022\/09\/main-power-of-the-corn-thresher.webp\" alt=\"tre principali alimentazioni della trebbia per mais\" class=\"wp-image-810\" title=\"\" srcset=\"https:\/\/corn-machine.com\/wp-content\/uploads\/2022\/09\/main-power-of-the-corn-thresher.webp 720w, https:\/\/corn-machine.com\/wp-content\/uploads\/2022\/09\/main-power-of-the-corn-thresher-300x225.webp 300w, https:\/\/corn-machine.com\/wp-content\/uploads\/2022\/09\/main-power-of-the-corn-thresher-16x12.webp 16w\" sizes=\"auto, (max-width: 720px) 100vw, 720px\" \/><figcaption class=\"wp-element-caption\">alimentazione principale della trebbia per mais<\/figcaption><\/figure>    <figure class=\"wp-block-image size-full\"><img loading=\"lazy\" decoding=\"async\" width=\"720\" height=\"540\" data-id=\"814\" src=\"https:\/\/corn-machine.com\/wp-content\/uploads\/2022\/09\/agriculture-thresher-machine.webp\" alt=\"macchina trebbiatrice agricola\" class=\"wp-image-814\" title=\"\" srcset=\"https:\/\/corn-machine.com\/wp-content\/uploads\/2022\/09\/agriculture-thresher-machine.webp 720w, https:\/\/corn-machine.com\/wp-content\/uploads\/2022\/09\/agriculture-thresher-machine-300x225.webp 300w, https:\/\/corn-machine.com\/wp-content\/uploads\/2022\/09\/agriculture-thresher-machine-16x12.webp 16w\" sizes=\"auto, (max-width: 720px) 100vw, 720px\" \/><figcaption class=\"wp-element-caption\">macchina trebbiatrice agricola<\/figcaption><\/figure> <\/figure>    <h2 class=\"wp-block-heading\" id=\"h-technical-parameters-of-multipurpose-thresher\"><strong>Parametri tecnici della trebbia multifunzione<\/strong><\/h2>    <p>Ci sono due modelli di questa sgranatrice per mais, che hanno diverse capacit\u00e0 e scelte di potenza. Ecco i suoi parametri tecnologici. Se desideri ottenere immagini pi\u00f9 dettagliate, ti preghiamo di contattarmi per maggiori informazioni.<\/p>    <figure class=\"wp-block-table\"><table><tbody><tr><td>Modello<\/td><td>Potenza<\/td><td>Capacit\u00e0<\/td><td>Peso<\/td><td>Dimensioni<\/td><td>Applicazione<\/td><\/tr><tr><td>MT-860<\/td><td>Motore diesel, motore a benzina, motore elettrico<\/td><td>1.5-2t\/h<\/td><td>112 kg<\/td><td>1150*860<em>*<\/em>1160mm<\/td><td>Sorgo, miglio, mais, soia<\/td><\/tr><tr><td>MT-1200<\/td><td>Motore diesel da 10-12 CV<\/td><td>mais 3t\/h,<br>Soia 2t\/h<br>Sorgo, Miglio, Grano, Riso 1.5t\/h<\/td><td>200 kg<\/td><td>2100*1700*1400mm<\/td><td>Sorgo, Miglio, Mais, Soia<\/td><\/tr><\/tbody><\/table><figcaption class=\"wp-element-caption\">parametri della trebbia multifunzione per mais<\/figcaption><\/figure>    <h2 class=\"wp-block-heading\" id=\"h-applications-of-sorghum-threshing-machine\"><strong>Applicazioni della sgranatrice per mais<\/strong><\/h2>    <p class=\"translation-block\">La trebbia multifunzione per mais \u00e8 adatta a una vasta gamma di materie prime e pu\u00f2 sbucciare e trebbiare contemporaneamente. Le materie prime applicabili della trebbiatrice per grano includono sorgo, soia, mais, grano, miglio, ecc., e sono ampiamente utilizzate in fattorie di varie dimensioni, agricoltori individuali e impianti di trasformazione dei cereali. Inoltre, abbiamo anche <a href=\"https:\/\/corn-machine.com\/it\/product\/fresh-corn-sheller-machine\/\">trebbiatrici per mais fresco<\/a>. Se sei interessato, ti preghiamo di consultarci.<\/p>    <figure class=\"wp-block-gallery has-nested-images columns-default is-cropped wp-block-gallery-4 is-layout-flex wp-block-gallery-is-layout-flex\"> <figure class=\"wp-block-image size-large\"><img loading=\"lazy\" decoding=\"async\" width=\"683\" height=\"456\" data-id=\"73\" src=\"https:\/\/corn-machine.com\/wp-content\/uploads\/2022\/09\/millet-thresher.webp\" alt=\"applicazione della trebbia per miglio\" class=\"wp-image-73\" title=\"\"><figcaption class=\"wp-element-caption\">applicazione della trebbia per miglio<\/figcaption><\/figure>    <figure class=\"wp-block-image size-large\"><img loading=\"lazy\" decoding=\"async\" width=\"644\" height=\"433\" data-id=\"74\" src=\"https:\/\/corn-machine.com\/wp-content\/uploads\/2022\/09\/thresher.webp\" alt=\"l&#039;applicazione della trebbia\" class=\"wp-image-74\" title=\"\"><figcaption class=\"wp-element-caption\">applicazione della sgranatrice per mais<\/figcaption><\/figure> <\/figure>    <figure class=\"wp-block-embed is-type-video is-provider-youtube wp-block-embed-youtube wp-embed-aspect-16-9 wp-has-aspect-ratio\"><div class=\"wp-block-embed__wrapper\"> <iframe loading=\"lazy\" title=\"Macchina multifunzione per la trebbiatura dei cereali \ud83c\udf3e | Alto tasso di trebbiatura e versatilit\u00e0 nel trattamento delle colture! \ud83d\ude9c\" width=\"500\" height=\"281\" src=\"https:\/\/www.youtube.com\/embed\/NSSRi0z_JQg?feature=oembed\" frameborder=\"0\" allow=\"accelerometer; autoplay; clipboard-write; encrypted-media; gyroscope; picture-in-picture; web-share\" referrerpolicy=\"strict-origin-when-cross-origin\" allowfullscreen><\/iframe> <\/div><figcaption class=\"wp-element-caption\">processo di lavoro di questa trebbiatura di cereali<\/figcaption><\/figure>    <h2 class=\"wp-block-heading\"><strong>Il prezzo di tale trebbia automatica<\/strong><\/h2>    <p>La sgranatrice per mais non \u00e8 costosa e la sua praticit\u00e0 la rende pi\u00f9 conveniente. Il prezzo totale \u00e8 di alcune centinaia di dollari, che include le seguenti parti:<\/p>    <ul class=\"wp-block-list\"> <li>&nbsp;La potenza della macchina che hai scelto, normalmente il prezzo va da basso ad alto: <a href=\"https:\/\/en.wikipedia.org\/wiki\/Petrol_engine\" target=\"_blank\" rel=\"noopener\">motore a benzina<\/a> &lt; motore elettrico &lt; motore diesel<\/li>    <li>Il servizio aggiuntivo, come l'imballaggio in cassa di legno per proteggere le macchine, \u00e8 solo una piccola parte della fattura.<\/li>    <li>Anche la modalit\u00e0 di trasporto scelta influenzer\u00e0 il prezzo. Il trasporto aereo \u00e8 pi\u00f9 veloce ma pi\u00f9 costoso della spedizione marittima.<\/li> <\/ul>    <h2 class=\"wp-block-heading\" id=\"h-global-case-of-multi-function-corn-thresher\"><strong>Casi globali di trebbia multifunzione per mais<\/strong><\/h2>    <p>Recentemente abbiamo esportato 40 set di trebbiatrici multifunzione per mais in Zimbabwe. Lo Zimbabwe \u00e8 un paese prevalentemente agricolo e il cliente \u00e8 un rivenditore dello Zimbabwe che opera nel settore della coltivazione del mais.<\/p>    <p> Voleva comprare delle trebbie per mais per gestire la sua attivit\u00e0. Dopo aver compreso le sue esigenze, Grace, la responsabile delle vendite, ha raccomandato questa trebbia multifunzione perch\u00e9 era pi\u00f9 versatile ed economica rispetto ad altri prodotti. <\/p>    <p>Il cliente dello Zimbabwe \u00e8 rimasto molto soddisfatto delle caratteristiche e del prezzo della macchina e ha rapidamente effettuato il suo ordine. <\/p>   <div class=\"wp-block-image\"> <figure class=\"aligncenter size-large\"><img loading=\"lazy\" decoding=\"async\" width=\"720\" height=\"540\" src=\"https:\/\/corn-machine.com\/wp-content\/uploads\/2022\/09\/load.webp\" alt=\"carico di queste sgranatrici elettriche per mais\" class=\"wp-image-180\" title=\"\"><figcaption class=\"wp-element-caption\">carico di queste sgranatrici elettriche per mais<\/figcaption><\/figure> <\/div>  <div class=\"wp-block-image\"> <figure class=\"aligncenter size-large\"><img loading=\"lazy\" decoding=\"async\" width=\"720\" height=\"540\" src=\"https:\/\/corn-machine.com\/wp-content\/uploads\/2022\/09\/load-and-delivery-of-multipurpose-thresher.webp\" alt=\"carico e consegna della trebbia multifunzione\" class=\"wp-image-179\" title=\"\"><figcaption class=\"wp-element-caption\">carico e consegna della trebbia multifunzione<\/figcaption><\/figure> <\/div>   <p>Ecco una foto inviata dal nostro partner commerciale, che sta mostrando le operazioni agli agricoltori locali. \u201cSei un fornitore affidabile, e questa macchina \u00e8 la mia attrezzatura ideale. Tutti ne hanno parlato molto bene.\u201d<\/p>    <p>Siamo Taizy, una societ\u00e0 di commercio internazionale specializzata in diversi macchinari. Se vuoi avere qualsiasi tipo di collaborazione con noi, non esitare a consultarci!<\/p>   <div class=\"wp-block-image\"> <figure class=\"aligncenter size-full\"><img loading=\"lazy\" decoding=\"async\" width=\"720\" height=\"540\" src=\"https:\/\/corn-machine.com\/wp-content\/uploads\/2022\/09\/feedback-of-the-corn-sheller-machine.webp\" alt=\"feedback della trebbia multifunzione per mais\" class=\"wp-image-813\" title=\"\" srcset=\"https:\/\/corn-machine.com\/wp-content\/uploads\/2022\/09\/feedback-of-the-corn-sheller-machine.webp 720w, https:\/\/corn-machine.com\/wp-content\/uploads\/2022\/09\/feedback-of-the-corn-sheller-machine-300x225.webp 300w, https:\/\/corn-machine.com\/wp-content\/uploads\/2022\/09\/feedback-of-the-corn-sheller-machine-16x12.webp 16w\" sizes=\"auto, (max-width: 720px) 100vw, 720px\" \/><figcaption class=\"wp-element-caption\">feedback della trebbia multifunzione per mais<\/figcaption><\/figure> <\/div>   <h2 class=\"wp-block-heading\"><strong>FAQ di questa sgranatrice per mais<\/strong><\/h2>   <div id=\"rank-math-faq\" class=\"rank-math-block\"> <div class=\"rank-math-list\"> <div id=\"faq-question-1754450841002\" class=\"rank-math-list-item\"> <h3 class=\"rank-math-question\">Come trebbiare colture diverse?<\/h3> <div class=\"rank-math-answer\">  <p>Hai bisogno di sostituire lo schermo con una maglia diversa. Durante la trebbiatura del mais, devi rimuovere i quattro alberi interni.<\/p>  <\/div> <\/div> <div id=\"faq-question-1754450901111\" class=\"rank-math-list-item\"> <h3 class=\"rank-math-question\">Non so come usare la macchina. Cosa fornirai?<\/h3> <div class=\"rank-math-answer\">  <p>Forniremo video del processo di installazione della macchina, funzionamento, cambio schermo, ecc.<\/p>  <\/div> <\/div> <div id=\"faq-question-1754450952149\" class=\"rank-math-list-item\"> <h3 class=\"rank-math-question\">La macchina trebbiatrice \u00e8 facile da spostare?<\/h3> <div class=\"rank-math-answer\">  <p>Abbiamo installato ruote e maniglie di spinta per facilitare il movimento<\/p>  <\/div> <\/div> <div id=\"faq-question-1754451045635\" class=\"rank-math-list-item\"> <h3 class=\"rank-math-question\">Per quali colture pu\u00f2 essere utilizzata la trebbiatrice multifunzione per mais?<\/h3> <div class=\"rank-math-answer\">  <p>Mais, grano, soia, sorgo, ecc.<\/p>  <\/div> <\/div> <div id=\"faq-question-1754451098340\" class=\"rank-math-list-item\"> <h3 class=\"rank-math-question\">Qual \u00e8 la produzione e il tasso di battitura di questa macchina decorticatrice?<\/h3> <div class=\"rank-math-answer\">  <p>La sua produttivit\u00e0 \u00e8 1-1.5t; tasso di trebbiatura \u226595%<\/p>  <\/div> <\/div> <\/div> <\/div>   <figure class=\"wp-block-embed aligncenter is-type-video is-provider-youtube wp-block-embed-youtube wp-embed-aspect-16-9 wp-has-aspect-ratio\"><div class=\"wp-block-embed__wrapper\"> <iframe loading=\"lazy\" title=\"Macchina Trebbiatrice Multifunzione per Cereali| Alimentata da Elettricit\u00e0\/Diesel\/Benzina!\" width=\"500\" height=\"281\" src=\"https:\/\/www.youtube.com\/embed\/C299z31YTKg?feature=oembed\" frameborder=\"0\" allow=\"accelerometer; autoplay; clipboard-write; encrypted-media; gyroscope; picture-in-picture; web-share\" referrerpolicy=\"strict-origin-when-cross-origin\" allowfullscreen><\/iframe> <\/div><figcaption class=\"wp-element-caption\">processo di lavoro<\/figcaption><\/figure>","protected":false},"excerpt":{"rendered":"<p>La sgranatrice di mais multifunzionale pu\u00f2 sgranare vari tipi di cereali, il cui tasso di sgranatura pu\u00f2 raggiungere il 95%. Pu\u00f2 migliorare l'efficienza lavorativa e ridurre il costo di assunzione di manodopera.<\/p>","protected":false},"author":1,"featured_media":78,"parent":0,"template":"","tags":[20],"product-type":[42],"class_list":["post-69","product","type-product","status-publish","has-post-thumbnail","hentry","tag-corn-thresher","product-type-maize-sheller-machine"],"_links":{"self":[{"href":"https:\/\/corn-machine.com\/it\/wp-json\/wp\/v2\/product\/69","targetHints":{"allow":["GET"]}}],"collection":[{"href":"https:\/\/corn-machine.com\/it\/wp-json\/wp\/v2\/product"}],"about":[{"href":"https:\/\/corn-machine.com\/it\/wp-json\/wp\/v2\/types\/product"}],"author":[{"embeddable":true,"href":"https:\/\/corn-machine.com\/it\/wp-json\/wp\/v2\/users\/1"}],"wp:featuredmedia":[{"embeddable":true,"href":"https:\/\/corn-machine.com\/it\/wp-json\/wp\/v2\/media\/78"}],"wp:attachment":[{"href":"https:\/\/corn-machine.com\/it\/wp-json\/wp\/v2\/media?parent=69"}],"wp:term":[{"taxonomy":"post_tag","embeddable":true,"href":"https:\/\/corn-machine.com\/it\/wp-json\/wp\/v2\/tags?post=69"},{"taxonomy":"product-type","embeddable":true,"href":"https:\/\/corn-machine.com\/it\/wp-json\/wp\/v2\/product-type?post=69"}],"curies":[{"name":"wp","href":"https:\/\/api.w.org\/{rel}","templated":true}]}}