{"id":862,"date":"2025-08-19T16:24:12","date_gmt":"2025-08-19T08:24:12","guid":{"rendered":"https:\/\/corn-machine.com\/?post_type=product&#038;p=862"},"modified":"2025-08-29T17:24:06","modified_gmt":"2025-08-29T09:24:06","slug":"sweet-corn-cutting-machine-food-process","status":"publish","type":"product","link":"https:\/\/corn-machine.com\/it\/product\/sweet-corn-cutting-machine-food-process\/","title":{"rendered":"Macchina automatica per il taglio del mais per la lavorazione del mais fresco"},"content":{"rendered":"<p class=\"translation-block\">Taizy macchina per tagliare il mais <strong>pu\u00f2<\/strong> tagliare principalmente mais glutinoso, mais dolce, mais surgelato, e altri alimenti di forma e durezza simili (carote, yam, e manioca). La sua dimensione massima di taglio \u00e8 di 25 mm, con un output che pu\u00f2 raggiungere 500 kg-600 kg all'ora. <\/p>    <p>Esistono due tipi di tagliatori di mais: tagliatori di mais a singola fila (possono produrre 1500 chicchi all'ora) e tagliatori di mais a doppia fila (possono processare 3000 chicchi all'ora).<\/p>    <figure class=\"wp-block-gallery has-nested-images columns-default is-cropped wp-block-gallery-2 is-layout-flex wp-block-gallery-is-layout-flex\"> <figure class=\"wp-block-image size-large\"><img loading=\"lazy\" decoding=\"async\" width=\"720\" height=\"540\" data-id=\"910\" src=\"https:\/\/corn-machine.com\/wp-content\/uploads\/2025\/08\/single-row-sweet-corn-cutter.webp\" alt=\"tagliatore di mais dolce a singola fila\" class=\"wp-image-910\" title=\"\" srcset=\"https:\/\/corn-machine.com\/wp-content\/uploads\/2025\/08\/single-row-sweet-corn-cutter.webp 720w, https:\/\/corn-machine.com\/wp-content\/uploads\/2025\/08\/single-row-sweet-corn-cutter-300x225.webp 300w, https:\/\/corn-machine.com\/wp-content\/uploads\/2025\/08\/single-row-sweet-corn-cutter-16x12.webp 16w\" sizes=\"auto, (max-width: 720px) 100vw, 720px\" \/><figcaption class=\"wp-element-caption\">tagliatore di mais dolce a singola fila<\/figcaption><\/figure>    <figure class=\"wp-block-image size-full\"><img loading=\"lazy\" decoding=\"async\" width=\"720\" height=\"540\" data-id=\"912\" src=\"https:\/\/corn-machine.com\/wp-content\/uploads\/2025\/08\/double-row-waxy-corn-cutter.webp\" alt=\"tagliatore di mais a doppia fila lucido\" class=\"wp-image-912\" title=\"\" srcset=\"https:\/\/corn-machine.com\/wp-content\/uploads\/2025\/08\/double-row-waxy-corn-cutter.webp 720w, https:\/\/corn-machine.com\/wp-content\/uploads\/2025\/08\/double-row-waxy-corn-cutter-300x225.webp 300w, https:\/\/corn-machine.com\/wp-content\/uploads\/2025\/08\/double-row-waxy-corn-cutter-16x12.webp 16w\" sizes=\"auto, (max-width: 720px) 100vw, 720px\" \/><figcaption class=\"wp-element-caption\">tagliatore di mais a doppia fila lucido<\/figcaption><\/figure> <\/figure>    <p>Questo tipo di macchina taglia-pannocchie \u00e8 ampiamente utilizzato negli impianti di lavorazione alimentare, supportando efficacemente l'automazione dei processi produttivi. Abbiamo esportato in Vietnam, Stati Uniti, Singapore ed altri paesi. Quasi tutti i nostri clienti ci hanno fornito feedback positivi sul raggiungimento dei loro obiettivi di produzione della linea di assemblaggio della fabbrica.<\/p>    <h2 class=\"wp-block-heading\"><strong>Come funziona questa macchina per tagliare il mais fresco?<\/strong><\/h2>    <p>Il primo passaggio dell'operazione di taglio del mais \u00e8 la verifica. Tre punti devono essere tenuti in considerazione: <\/p>    <ul class=\"wp-block-list\"> <li>Il nastro trasportatore scorre senza ostruzioni?<\/li>    <li>La lama funziona correttamente? Provalo inserendo prima una pannocchia intera.<\/li>    <li>Non tagliare il mais con la pelle.<\/li> <\/ul>    <p>Poi puoi farlo funzionare normalmente come parte della tua linea di produzione.<\/p>    <figure class=\"wp-block-embed aligncenter is-type-video is-provider-youtube wp-block-embed-youtube wp-embed-aspect-16-9 wp-has-aspect-ratio\"><div class=\"wp-block-embed__wrapper\"> <iframe loading=\"lazy\" title=\"\ud83c\udf3dMacchina di taglio del mais ad alta efficienza | Tagliacob mais freschi &amp; mais surgelato per la lavorazione alimentare!\" width=\"500\" height=\"281\" src=\"https:\/\/www.youtube.com\/embed\/r5H145IzOCA?feature=oembed\" frameborder=\"0\" allow=\"accelerometer; autoplay; clipboard-write; encrypted-media; gyroscope; picture-in-picture; web-share\" referrerpolicy=\"strict-origin-when-cross-origin\" allowfullscreen><\/iframe> <\/div><figcaption class=\"wp-element-caption\">video di funzionamento della macchina per tagliare mais<\/figcaption><\/figure>    <h2 class=\"wp-block-heading\"><strong>Caratteristiche principali della macchina per il taglio del mais dolce<\/strong><\/h2>    <ul class=\"wp-block-list\"> <li>La maggior parte delle parti \u00e8 realizzata in SUS304 e acciaio inox di grado alimentare GB. Il pelapatata di mais \u00e8 facile da pulire e ha una lunga vita utile.<\/li>    <li>Oltre a tagliare semplicemente mais congelato, fresco e stagionato, \u00e8 anche adatto per carote, yams, <a href=\"https:\/\/en.wikipedia.org\/wiki\/Cassava\" target=\"_blank\" rel=\"noopener\">manioca<\/a>, e altri tipi di alimenti.<\/li>    <li>La <strong>la lunghezza di taglio \u00e8 regolabile<\/strong> per garantire un taglio preciso, rendendolo adatto alla produzione di massa di alimenti finemente confezionati. La pannocchia di mais completa pu\u00f2 essere divisa in due o pi\u00f9 sezioni, che possono anche essere cambiate.<\/li>    <li>Utilizza <strong>lame circolari in acciaio al manganese di alta qualit\u00e0<\/strong> per un taglio preciso e una superficie della lama liscia. Il prodotto finito ha un aspetto ordinato senza fuoriuscite di materiale.<\/li>    <li>Questa attrezzatura per il taglio del mais offre <strong>alta efficienza produttiva<\/strong>, con una produzione oraria di 500-600 kg, che pu\u00f2 soddisfare le esigenze della maggior parte della produzione industriale.<\/li> <\/ul>    <figure class=\"wp-block-gallery has-nested-images columns-2 is-cropped wp-block-gallery-3 is-layout-flex wp-block-gallery-is-layout-flex\"> <figure class=\"wp-block-image size-large\"><img loading=\"lazy\" decoding=\"async\" width=\"720\" height=\"540\" data-id=\"868\" src=\"https:\/\/corn-machine.com\/wp-content\/uploads\/2025\/08\/fresh-maize-cutter-machine.webp\" alt=\"una macchina con mais su di essa\" class=\"wp-image-868\" title=\"\" srcset=\"https:\/\/corn-machine.com\/wp-content\/uploads\/2025\/08\/fresh-maize-cutter-machine.webp 720w, https:\/\/corn-machine.com\/wp-content\/uploads\/2025\/08\/fresh-maize-cutter-machine-300x225.webp 300w, https:\/\/corn-machine.com\/wp-content\/uploads\/2025\/08\/fresh-maize-cutter-machine-16x12.webp 16w\" sizes=\"auto, (max-width: 720px) 100vw, 720px\" \/><figcaption class=\"wp-element-caption\">macchina taglia-pannocchie a doppia linea<\/figcaption><\/figure>    <figure class=\"wp-block-image size-full\"><img loading=\"lazy\" decoding=\"async\" width=\"720\" height=\"540\" data-id=\"872\" src=\"https:\/\/corn-machine.com\/wp-content\/uploads\/2025\/08\/cut-piece-of-sweet-corn.webp\" alt=\"superficie liscia del pezzo tagliato di mais dolce\" class=\"wp-image-872\" title=\"\" srcset=\"https:\/\/corn-machine.com\/wp-content\/uploads\/2025\/08\/cut-piece-of-sweet-corn.webp 720w, https:\/\/corn-machine.com\/wp-content\/uploads\/2025\/08\/cut-piece-of-sweet-corn-300x225.webp 300w, https:\/\/corn-machine.com\/wp-content\/uploads\/2025\/08\/cut-piece-of-sweet-corn-16x12.webp 16w\" sizes=\"auto, (max-width: 720px) 100vw, 720px\" \/><figcaption class=\"wp-element-caption\">superficie liscia del pezzo tagliato di mais dolce<\/figcaption><\/figure>    <figure class=\"wp-block-image size-large\"><img loading=\"lazy\" decoding=\"async\" width=\"720\" height=\"540\" data-id=\"867\" src=\"https:\/\/corn-machine.com\/wp-content\/uploads\/2025\/08\/3-cm-corn-segments.webp\" alt=\"segmenti di mais di 3 cm tagliati con il tagliamais\" class=\"wp-image-867\" title=\"\" srcset=\"https:\/\/corn-machine.com\/wp-content\/uploads\/2025\/08\/3-cm-corn-segments.webp 720w, https:\/\/corn-machine.com\/wp-content\/uploads\/2025\/08\/3-cm-corn-segments-300x225.webp 300w, https:\/\/corn-machine.com\/wp-content\/uploads\/2025\/08\/3-cm-corn-segments-16x12.webp 16w\" sizes=\"auto, (max-width: 720px) 100vw, 720px\" \/><figcaption class=\"wp-element-caption\">segmenti di mais di 3 cm<\/figcaption><\/figure>    <figure class=\"wp-block-image size-large\"><img loading=\"lazy\" decoding=\"async\" width=\"720\" height=\"540\" data-id=\"869\" src=\"https:\/\/corn-machine.com\/wp-content\/uploads\/2025\/08\/corn-cutter-machine.webp\" alt=\"macchina taglia mais in acciaio inossidabile\" class=\"wp-image-869\" title=\"\" srcset=\"https:\/\/corn-machine.com\/wp-content\/uploads\/2025\/08\/corn-cutter-machine.webp 720w, https:\/\/corn-machine.com\/wp-content\/uploads\/2025\/08\/corn-cutter-machine-300x225.webp 300w, https:\/\/corn-machine.com\/wp-content\/uploads\/2025\/08\/corn-cutter-machine-16x12.webp 16w\" sizes=\"auto, (max-width: 720px) 100vw, 720px\" \/><figcaption class=\"wp-element-caption\">macchina taglia mais in acciaio inossidabile<\/figcaption><\/figure> <\/figure>    <h2 class=\"wp-block-heading\"><strong>Corn cob slicer&#8217;s parameters<\/strong><\/h2>    <figure class=\"wp-block-table\"><table class=\"has-fixed-layout\"><tbody><tr><td>Modello<\/td><td class=\"has-text-align-center\" data-align=\"center\">TZ-100<\/td><\/tr><tr><td>Potenza<\/td><td class=\"has-text-align-center\" data-align=\"center\">2.5-3 KW<\/td><\/tr><tr><td>Tensione<\/td><td class=\"has-text-align-center\" data-align=\"center\">380 V<\/td><\/tr><tr><td>Larghezza efficace della cintura a maglia<\/td><td class=\"has-text-align-center\" data-align=\"center\">400 mm<\/td><\/tr><tr><td>Dimensione di taglio della maz<\/td><td class=\"has-text-align-center\" data-align=\"center\">25 mm<\/td><\/tr><tr><td>Capacit\u00e0<\/td><td class=\"has-text-align-center\" data-align=\"center\">2000-3000 pz\/h<\/td><\/tr><tr><td>Misurazione<\/td><td class=\"has-text-align-center\" data-align=\"center\">2130*1170*1360 mm<\/td><\/tr><tr><td>Numero di vassoi<\/td><td class=\"has-text-align-center\" data-align=\"center\">21 set \u00d7 2 pz ciascuno<\/td><\/tr><\/tbody><\/table><figcaption class=\"wp-element-caption\">Parametri tecnici della macchina taglia mais<\/figcaption><\/figure>    <p>Nota: La lunghezza di taglio delle pannocchie pu\u00f2 essere personalizzata, ma non meno di 2,5 cm. Se vuoi tagliare due tagli di segmenti di mais, puoi cambiare le lame. Ma se le dimensioni dei segmenti di mais che ti servono non formano una relazione multipla, devi acquistare una macchina per tagliare il mais in pi\u00f9.<\/p>    <p>Ad esempio, una macchina pu\u00f2 processare segmenti di mais di 2,5 cm, 5 cm e persino 7 cm. Ma se vuoi tagliare altre dimensioni, dovresti acquistare un'altra macchina per processare segmenti di mais di 3 cm, 6 cm.<\/p>   <div class=\"wp-block-image\"> <figure class=\"aligncenter size-full\"><img loading=\"lazy\" decoding=\"async\" width=\"720\" height=\"540\" src=\"https:\/\/corn-machine.com\/wp-content\/uploads\/2025\/08\/corn-slicer-machine.webp\" alt=\"macchina taglia mais per l&#039;elaborazione di cibi a base di mais \" class=\"wp-image-866\" title=\"\" srcset=\"https:\/\/corn-machine.com\/wp-content\/uploads\/2025\/08\/corn-slicer-machine.webp 720w, https:\/\/corn-machine.com\/wp-content\/uploads\/2025\/08\/corn-slicer-machine-300x225.webp 300w, https:\/\/corn-machine.com\/wp-content\/uploads\/2025\/08\/corn-slicer-machine-16x12.webp 16w\" sizes=\"auto, (max-width: 720px) 100vw, 720px\" \/><figcaption class=\"wp-element-caption\">macchina taglia mais<\/figcaption><\/figure> <\/div>   <h2 class=\"wp-block-heading\"><strong>Struttura principale della macchina taglia-pannocchie<\/strong><\/h2>    <p>Ci sono due sistemi principali di questa macchina automatica per tagliare il mais per completare l'intero processo: il sistema di taglio e il sistema di trasmissione.<\/p>    <p>La parte pi\u00f9 importante del sistema di taglio \u00e8 la lama in acciaio inossidabile affilata, che ha una fonte di alimentazione diversa dal funzionamento dell'intera macchina, richiedendo un motore extra da 3KW.<\/p>    <p>Il sistema di trasmissione ha un totale di 21 set di vassoi (ciascuno con 2 pezzi) con la funzione di fissare le pannocchie e ridurre efficacemente i tempi di lavoro.<\/p>    <figure class=\"wp-block-gallery has-nested-images columns-default is-cropped wp-block-gallery-4 is-layout-flex wp-block-gallery-is-layout-flex\"> <figure class=\"wp-block-image size-large\"><img loading=\"lazy\" decoding=\"async\" width=\"720\" height=\"540\" data-id=\"864\" src=\"https:\/\/corn-machine.com\/wp-content\/uploads\/2025\/08\/blades-of-fresh-maize-cutter-machine.webp\" alt=\"lame della macchina taglia mais fresco\" class=\"wp-image-864\" title=\"\" srcset=\"https:\/\/corn-machine.com\/wp-content\/uploads\/2025\/08\/blades-of-fresh-maize-cutter-machine.webp 720w, https:\/\/corn-machine.com\/wp-content\/uploads\/2025\/08\/blades-of-fresh-maize-cutter-machine-300x225.webp 300w, https:\/\/corn-machine.com\/wp-content\/uploads\/2025\/08\/blades-of-fresh-maize-cutter-machine-16x12.webp 16w\" sizes=\"auto, (max-width: 720px) 100vw, 720px\" \/><figcaption class=\"wp-element-caption\">lame della macchina taglia mais fresco<\/figcaption><\/figure>    <figure class=\"wp-block-image size-large\"><img loading=\"lazy\" decoding=\"async\" width=\"720\" height=\"540\" data-id=\"865\" src=\"https:\/\/corn-machine.com\/wp-content\/uploads\/2025\/08\/fresh-whole-corn-cutting.webp\" alt=\"sistema di trasmissione del mais e vassoi della macchina per tagliare mais dolce\" class=\"wp-image-865\" title=\"\" srcset=\"https:\/\/corn-machine.com\/wp-content\/uploads\/2025\/08\/fresh-whole-corn-cutting.webp 720w, https:\/\/corn-machine.com\/wp-content\/uploads\/2025\/08\/fresh-whole-corn-cutting-300x225.webp 300w, https:\/\/corn-machine.com\/wp-content\/uploads\/2025\/08\/fresh-whole-corn-cutting-16x12.webp 16w\" sizes=\"auto, (max-width: 720px) 100vw, 720px\" \/><figcaption class=\"wp-element-caption\">sistema di trasmissione del mais e vassoi<\/figcaption><\/figure> <\/figure>    <h2 class=\"wp-block-heading\"><strong>Caso di successo di spedizione delle taglierine per mais in un impianto di lavorazione di mais vietnamita<\/strong><\/h2>    <p>Il nostro cliente \u00e8 uno stabilimento di lavorazione del mais in Vietnam, specializzato in mais fresco e prodotti a base di mais. Lo stabilimento gestisce un grande volume di mais ogni giorno. Per migliorare la produttivit\u00e0 e la qualit\u00e0 del prodotto, il cliente stava cercando una soluzione di taglio del mais ad alta efficienza, precisa e flessibile.<\/p>    <p>Durante la comunicazione, il cliente ha fornito requisiti tecnici chiari sulla dimensione di taglio, l'alimentazione e il supporto all'installazione.<\/p>    <p>In base ai requisiti, abbiamo fornito due Macchine per Taglio Mais personalizzate:<\/p>    <ul class=\"wp-block-list\"> <li>Due macchine personalizzate: macchina di taglio 2,5 cm \/ 5 cm e tagliatore di pannocchie 3,5 cm \/ 7 cm.<\/li>    <li>Dotate di lama a cambio rapido e design dell'albero, assicurando regolazioni di dimensione flessibili ed efficienti.<\/li>    <li>Costruito in acciaio inossidabile di grado alimentare, conforme agli standard di sicurezza alimentare.<\/li>    <li>Consegnate con manuali completi, disegni e video di formazione per aiutare il cliente ad avviare rapidamente l'installazione e la sostituzione della lama.<\/li> <\/ul>    <p>Attraverso questo progetto, abbiamo aiutato il nostro cliente vietnamita ad aggiornare con successo le loro soluzioni di lavorazione meccanizzata e standardizzata, che hanno molto aumentato la produzione della loro fabbrica. Abbiamo ricevuto buoni feedback da lui!<\/p>    <figure class=\"wp-block-gallery has-nested-images columns-default is-cropped wp-block-gallery-5 is-layout-flex wp-block-gallery-is-layout-flex\"> <figure class=\"wp-block-image size-large\"><img loading=\"lazy\" decoding=\"async\" width=\"720\" height=\"540\" data-id=\"873\" src=\"https:\/\/corn-machine.com\/wp-content\/uploads\/2025\/08\/plastic-covering-of-sweet-corn-cutter.webp\" alt=\"copertura in plastica della tagliatrice di mais dolce\" class=\"wp-image-873\" title=\"\" srcset=\"https:\/\/corn-machine.com\/wp-content\/uploads\/2025\/08\/plastic-covering-of-sweet-corn-cutter.webp 720w, https:\/\/corn-machine.com\/wp-content\/uploads\/2025\/08\/plastic-covering-of-sweet-corn-cutter-300x225.webp 300w, https:\/\/corn-machine.com\/wp-content\/uploads\/2025\/08\/plastic-covering-of-sweet-corn-cutter-16x12.webp 16w\" sizes=\"auto, (max-width: 720px) 100vw, 720px\" \/><figcaption class=\"wp-element-caption\">copertura in plastica della tagliatrice di mais dolce<\/figcaption><\/figure>    <figure class=\"wp-block-image size-large\"><img loading=\"lazy\" decoding=\"async\" width=\"720\" height=\"540\" data-id=\"875\" src=\"https:\/\/corn-machine.com\/wp-content\/uploads\/2025\/08\/wooden-packaging-of-corn-cutting-machine.webp\" alt=\"imballaggio in legno della macchina taglia mais\" class=\"wp-image-875\" title=\"\" srcset=\"https:\/\/corn-machine.com\/wp-content\/uploads\/2025\/08\/wooden-packaging-of-corn-cutting-machine.webp 720w, https:\/\/corn-machine.com\/wp-content\/uploads\/2025\/08\/wooden-packaging-of-corn-cutting-machine-300x225.webp 300w, https:\/\/corn-machine.com\/wp-content\/uploads\/2025\/08\/wooden-packaging-of-corn-cutting-machine-16x12.webp 16w\" sizes=\"auto, (max-width: 720px) 100vw, 720px\" \/><figcaption class=\"wp-element-caption\">imballaggio in legno della macchina taglia mais<\/figcaption><\/figure> <\/figure>    <p>Se la tua fabbrica ha bisogno di un miglioramento per un livello di automazione pi\u00f9 elevato, questa macchina per tagliare il mais fresco \u00e8 una buona scelta! Contattami ora per ottenere l'ultima quota e le informazioni!<\/p>    <p class=\"translation-block\">Taizy offre anche una <a href=\"https:\/\/corn-machine.com\/it\/product\/fresh-corn-sheller-machine\/\">macchina spellatrice di mais fresco<\/a> per l'elaborazione di alimenti a base di chicchi di mais. Se sei interessato a una tale macchina, fai clic per saperne di pi\u00f9!<\/p>    <p><\/p>","protected":false},"excerpt":{"rendered":"<p>La macchina per il taglio del mais fresco Taizy \u00e8 utilizzata nella linea di produzione alimentare industriale, che pu\u00f2 principalmente tagliare mais glutinoso, mais dolce, mais surgelato con una capacit\u00e0 di 500-600 kg\/h.<\/p>","protected":false},"author":1,"featured_media":863,"parent":0,"template":"","tags":[51,48],"product-type":[49],"class_list":["post-862","product","type-product","status-publish","has-post-thumbnail","hentry","tag-fresh-corn","tag-sweet-corn","product-type-corn-cutter-machine"],"_links":{"self":[{"href":"https:\/\/corn-machine.com\/it\/wp-json\/wp\/v2\/product\/862","targetHints":{"allow":["GET"]}}],"collection":[{"href":"https:\/\/corn-machine.com\/it\/wp-json\/wp\/v2\/product"}],"about":[{"href":"https:\/\/corn-machine.com\/it\/wp-json\/wp\/v2\/types\/product"}],"author":[{"embeddable":true,"href":"https:\/\/corn-machine.com\/it\/wp-json\/wp\/v2\/users\/1"}],"wp:featuredmedia":[{"embeddable":true,"href":"https:\/\/corn-machine.com\/it\/wp-json\/wp\/v2\/media\/863"}],"wp:attachment":[{"href":"https:\/\/corn-machine.com\/it\/wp-json\/wp\/v2\/media?parent=862"}],"wp:term":[{"taxonomy":"post_tag","embeddable":true,"href":"https:\/\/corn-machine.com\/it\/wp-json\/wp\/v2\/tags?post=862"},{"taxonomy":"product-type","embeddable":true,"href":"https:\/\/corn-machine.com\/it\/wp-json\/wp\/v2\/product-type?post=862"}],"curies":[{"name":"wp","href":"https:\/\/api.w.org\/{rel}","templated":true}]}}