{"id":882,"date":"2025-08-20T14:46:05","date_gmt":"2025-08-20T06:46:05","guid":{"rendered":"https:\/\/corn-machine.com\/?post_type=product&#038;p=882"},"modified":"2025-10-11T09:04:53","modified_gmt":"2025-10-11T01:04:53","slug":"corn-husk-remover-for-food-processing","status":"publish","type":"product","link":"https:\/\/corn-machine.com\/it\/product\/corn-husk-remover-for-food-processing\/","title":{"rendered":"Rimozione Spighe di Mais Industriale per Grande Stabilimento di Lavorazione Alimentare"},"content":{"rendered":"<p class=\"translation-block\">La sgusciatrice per mais Taizy \u00e8 specificamente progettata per la lavorazione alimentare automatizzata con taglio automatico delle radici, taglio delle punte, rimozione delle barbe, soffio d'aria per disperdere le foglie e rimozione dei peli del mais, ecc. integrati. <\/p>    <p class=\"translation-block\">La spellatrice di mais dolce \u00e8 in grado di sbucciare mais freschi, dolci e lucidi di qualsiasi variet\u00e0 con una lunghezza di 110\u2013280 mm (inclusi guscio e radice) e un diametro di 40\u201380 mm (in condizioni sbucciate). Con un <strong>tasso di rottura di \u22641%,<\/strong> un <strong>efficienza di sgusciatura \u226598%<\/strong>, e <strong>tasso di rimozione dei filamenti \u226592%<\/strong>, la sua capacit\u00e0 pu\u00f2 raggiungere 10.000\u201312.000 orecchie\/ora.<\/p>    <h2 class=\"wp-block-heading\"><strong>Video di lavoro della sgusciatrice industriale per mais<\/strong><\/h2>    <p>Di seguito \u00e8 riportato un video di feedback dei clienti in cui abbiamo ricevuto la macchina e abbiamo effettuato alcuni test.<\/p>    <figure class=\"wp-block-embed aligncenter is-type-video is-provider-youtube wp-block-embed-youtube wp-embed-aspect-16-9 wp-has-aspect-ratio\"><div class=\"wp-block-embed__wrapper\"> <iframe loading=\"lazy\" title=\"\ud83c\udf3dMacchina industriale sgusciatrice per mais | Rimozione di lolla e seta dal mais fresco\" width=\"500\" height=\"281\" src=\"https:\/\/www.youtube.com\/embed\/SMyoAyr_J5s?feature=oembed\" frameborder=\"0\" allow=\"accelerometer; autoplay; clipboard-write; encrypted-media; gyroscope; picture-in-picture; web-share\" referrerpolicy=\"strict-origin-when-cross-origin\" allowfullscreen><\/iframe> <\/div><figcaption class=\"wp-element-caption\">macchina da lavoro sgusciatrice per mais<\/figcaption><\/figure>    <h2 class=\"wp-block-heading\"><strong>Punti di forza della sgusciatrice per mais fresco<\/strong><\/h2>    <ul class=\"wp-block-list\"> <li>Questa sgusciatrice automatica per mais risolve perfettamente il problema della resa insufficiente del mais fresco nella lavorazione su larga scala e pu\u00f2 processare 10.000\u201312.000 pannocchie fresche all'ora, migliorando l'efficienza della linea di produzione alimentare.<\/li>    <li>La sgusciatrice per pannocchie di mais Taizy include spelatura della buccia, rifilatura delle radici, taglio delle punte e rimozione della seta. Durante il processo di produzione, non c'\u00e8 contatto con fonti di inquinamento come metalli ossidati e umidit\u00e0, il che garantisce efficacemente la qualit\u00e0 e il livello igienico dei prodotti a base di mais fresco e glutinoso.<\/li>    <li>La sgusciatrice per mais \u00e8 in grado di gestire mais fresco di varie variet\u00e0, con lunghezze da 110\u2013280 mm e diametri da 40\u201380 mm, compreso il mais dolce e ceroso, rendendola altamente versatile.<\/li>    <li>Prodotta con materiali di grado industriale e componenti di alta qualit\u00e0, offre un funzionamento stabile e una lunga durata, rendendola adatta per la produzione intensiva.<\/li> <\/ul>   <div class=\"wp-block-image\"> <figure class=\"aligncenter size-large\"><img loading=\"lazy\" decoding=\"async\" width=\"720\" height=\"540\" src=\"https:\/\/corn-machine.com\/wp-content\/uploads\/2025\/08\/sweet-corn-shucker.webp\" alt=\"sgusciatrice per mais dolce\" class=\"wp-image-888\" title=\"\" srcset=\"https:\/\/corn-machine.com\/wp-content\/uploads\/2025\/08\/sweet-corn-shucker.webp 720w, https:\/\/corn-machine.com\/wp-content\/uploads\/2025\/08\/sweet-corn-shucker-300x225.webp 300w, https:\/\/corn-machine.com\/wp-content\/uploads\/2025\/08\/sweet-corn-shucker-16x12.webp 16w\" sizes=\"auto, (max-width: 720px) 100vw, 720px\" \/><figcaption class=\"wp-element-caption\">sgusciatrice per mais dolce<\/figcaption><\/figure> <\/div>   <h2 class=\"wp-block-heading\"><strong>Parametri tecnici della sgusciatrice automatica per mais dolce<\/strong><\/h2>    <figure class=\"wp-block-table aligncenter\"><table class=\"has-fixed-layout\"><tbody><tr><td>Modello<\/td><td class=\"has-text-align-center\" data-align=\"center\">6BLQ-210-12000<\/td><\/tr><tr><td>Dimensioni<\/td><td class=\"has-text-align-center\" data-align=\"center\">10,5*1,72*1,95m<\/td><\/tr><tr><td>Peso<\/td><td class=\"has-text-align-center\" data-align=\"center\">5000kg<\/td><\/tr><tr><td>Capacit\u00e0<\/td><td class=\"has-text-align-center\" data-align=\"center\">12000 pannocchie\/h<\/td><\/tr><tr><td>Potenza<\/td><td class=\"has-text-align-center\" data-align=\"center\">12,25kw<\/td><\/tr><tr><td>Tensione<\/td><td class=\"has-text-align-center\" data-align=\"center\">380v<\/td><\/tr><tr><td>Tasso di rottura<\/td><td class=\"has-text-align-center\" data-align=\"center\">1%<\/td><\/tr><tr><td>Efficienza di sgusciatura<\/td><td class=\"has-text-align-center\" data-align=\"center\">98%<\/td><\/tr><tr><td>Tasso di rimozione della seta<\/td><td class=\"has-text-align-center\" data-align=\"center\">92%<\/td><\/tr><tr><td>Applicazione<\/td><td class=\"has-text-align-center\" data-align=\"center\">Mais fresco, mais dolce, mais lucido, ecc.<\/td><\/tr><\/tbody><\/table><figcaption class=\"wp-element-caption\">parametri dettagliati della macchina sgusciatrice per mais<\/figcaption><\/figure>    <h2 class=\"wp-block-heading\"><strong>Principio di funzionamento della sgusciatrice per mais dolce<\/strong><\/h2>    <p class=\"translation-block\">La macchina fresca per la sbucciatura delle pannocchie rimuove l'involucro esterno e la seta delle pannocchie <strong>attraverso una combinazione di funzioni di attrito e di stripping<\/strong>. Durante il funzionamento, i chicchi sono alimentati nella sezione di sbucciatura dal sistema di trasporto, uno per volta, dove rulli rotanti o dispositivi di pelatura specializzati<strong> applicano pressione e attrito per pelare lo strato di involucro<\/strong> strato per strato.<\/p>    <p class=\"translation-block\">Allo stesso tempo, ci sono alcune componenti ausiliarie, come <strong>spazzole o soffiatori, che aiutano a rimuovere efficacemente i filamenti del mais<\/strong>. Essere dotato di un meccanismo di taglio che<strong> taglia la base e la punta della pannocchia<\/strong>, garantendo una lunghezza uniforme e un aspetto pulito e liscio senza guscio e <a href=\"https:\/\/en.wikipedia.org\/wiki\/Corn_silk\" target=\"_blank\" rel=\"noopener\">filamenti<\/a>.<\/p>    <figure class=\"wp-block-gallery has-nested-images columns-default is-cropped wp-block-gallery-2 is-layout-flex wp-block-gallery-is-layout-flex\"> <figure class=\"wp-block-image size-large\"><img loading=\"lazy\" decoding=\"async\" width=\"720\" height=\"540\" data-id=\"889\" src=\"https:\/\/corn-machine.com\/wp-content\/uploads\/2025\/08\/automatic-conveyor-belt.webp\" alt=\"nastro trasportatore automatico della sgusciatrice elettrica per mais\" class=\"wp-image-889\" title=\"\" srcset=\"https:\/\/corn-machine.com\/wp-content\/uploads\/2025\/08\/automatic-conveyor-belt.webp 720w, https:\/\/corn-machine.com\/wp-content\/uploads\/2025\/08\/automatic-conveyor-belt-300x225.webp 300w, https:\/\/corn-machine.com\/wp-content\/uploads\/2025\/08\/automatic-conveyor-belt-16x12.webp 16w\" sizes=\"auto, (max-width: 720px) 100vw, 720px\" \/><figcaption class=\"wp-element-caption\">nastro trasportatore automatico<\/figcaption><\/figure>    <figure class=\"wp-block-image size-large\"><img loading=\"lazy\" decoding=\"async\" width=\"720\" height=\"540\" data-id=\"887\" src=\"https:\/\/corn-machine.com\/wp-content\/uploads\/2025\/08\/pneumatic-device-for-shelling-and-ear-removal.webp\" alt=\"dispositivo pneumatico per la sgusciatura e la rimozione delle orecchie\" class=\"wp-image-887\" title=\"\" srcset=\"https:\/\/corn-machine.com\/wp-content\/uploads\/2025\/08\/pneumatic-device-for-shelling-and-ear-removal.webp 720w, https:\/\/corn-machine.com\/wp-content\/uploads\/2025\/08\/pneumatic-device-for-shelling-and-ear-removal-300x225.webp 300w, https:\/\/corn-machine.com\/wp-content\/uploads\/2025\/08\/pneumatic-device-for-shelling-and-ear-removal-16x12.webp 16w\" sizes=\"auto, (max-width: 720px) 100vw, 720px\" \/><figcaption class=\"wp-element-caption\">dispositivo pneumatico per la sgusciatura e la rimozione delle orecchie<\/figcaption><\/figure> <\/figure>    <h2 class=\"wp-block-heading\"><strong>Applicazione di questo tipo di macchina sgusciatrice per mais<\/strong><\/h2>    <p>Come primo passo della lavorazione alimentare del mais, la sgusciatrice per mais \u00e8 un'attrezzatura chiave per garantire la qualit\u00e0 del prodotto. Aiuta a ottenere pannocchie di mais pulite e uniformi pronte per ulteriori lavorazioni o consumo diretto. Pertanto, \u00e8 adatta per linee di produzione a surgelazione rapida, produzione di mais dolce confezionato sottovuoto, lavorazione post-raccolta per ridurre la manodopera e aumentare il valore del prodotto e altre industrie di lavorazione alimentare o grandi fattorie.<\/p>    <figure class=\"wp-block-gallery has-nested-images columns-default is-cropped wp-block-gallery-3 is-layout-flex wp-block-gallery-is-layout-flex\"> <figure class=\"wp-block-image size-large\"><img loading=\"lazy\" decoding=\"async\" width=\"720\" height=\"540\" data-id=\"886\" src=\"https:\/\/corn-machine.com\/wp-content\/uploads\/2025\/08\/husked-and-de-eared-corn.webp\" alt=\"mais sgusciato e senza orecchie dalla sgusciatrice elettrica per mais\" class=\"wp-image-886\" title=\"\" srcset=\"https:\/\/corn-machine.com\/wp-content\/uploads\/2025\/08\/husked-and-de-eared-corn.webp 720w, https:\/\/corn-machine.com\/wp-content\/uploads\/2025\/08\/husked-and-de-eared-corn-300x225.webp 300w, https:\/\/corn-machine.com\/wp-content\/uploads\/2025\/08\/husked-and-de-eared-corn-16x12.webp 16w\" sizes=\"auto, (max-width: 720px) 100vw, 720px\" \/><figcaption class=\"wp-element-caption\">mais sgusciato e senza orecchie<\/figcaption><\/figure>    <figure class=\"wp-block-image size-large\"><img loading=\"lazy\" decoding=\"async\" width=\"720\" height=\"540\" data-id=\"893\" src=\"https:\/\/corn-machine.com\/wp-content\/uploads\/2025\/08\/vacuum-packed-corn.webp\" alt=\"mais confezionato sottovuoto\" class=\"wp-image-893\" title=\"\" srcset=\"https:\/\/corn-machine.com\/wp-content\/uploads\/2025\/08\/vacuum-packed-corn.webp 720w, https:\/\/corn-machine.com\/wp-content\/uploads\/2025\/08\/vacuum-packed-corn-300x225.webp 300w, https:\/\/corn-machine.com\/wp-content\/uploads\/2025\/08\/vacuum-packed-corn-16x12.webp 16w\" sizes=\"auto, (max-width: 720px) 100vw, 720px\" \/><figcaption class=\"wp-element-caption\">mais confezionato sottovuoto<\/figcaption><\/figure> <\/figure>    <h2 class=\"wp-block-heading\"><strong>Perch\u00e9 scegliere la sgusciatrice per mais Taizy?<\/strong><\/h2>    <ol class=\"wp-block-list\"> <li>Taizy produce sgusciatrici per mais nella nostra fabbrica, il che garantisce un controllo di qualit\u00e0 stabile, una capacit\u00e0 di fornitura affidabile e prezzi competitivi senza fare affidamento su intermediari.<\/li>    <li>Forniamo manuali operativi chiari, video di formazione e supporto tecnico online. Per i clienti d'oltremare, sono disponibili pezzi di ricambio e guida remota per aiutare a mantenere la macchina in funzione senza intoppi e risolvere eventuali problemi riscontrati.<\/li>    <li>Con anni di esperienza nella produzione e esportazione di macchine agricole, Taizy ha stabilito una reputazione per macchine pratiche, orientate all'utente. Ci concentriamo su robustezza, facilit\u00e0 d'uso e praticit\u00e0 per soddisfare le diverse esigenze di produttori di tutte le dimensioni.<\/li>    <li>Molti clienti dall'Asia, Europa e America hanno dichiarato che le sgusciatrici per mais Taizy li hanno aiutati a risparmiare manodopera, ridurre i costi di lavorazione e ottenere rese stabili. Il loro feedback ci motiva a migliorare continuamente il nostro design e servizio.<\/li> <\/ol>    <p>Taizy fornisce anche altre attrezzature da utilizzare nell'elaborazione di mais fresco:<\/p>    <ul class=\"wp-block-list\"> <li><a href=\"https:\/\/corn-machine.com\/it\/product\/fresh-corn-sheller-machine\/\">Macchina sbuccia mais dolce<\/a>: Pu\u00f2 sbucciare i chicchi dal mais applicandolo alle lattine di mais o a una linea di produzione di chicchi congelati.<\/li>    <li><a href=\"https:\/\/corn-machine.com\/it\/product\/sweet-corn-cutting-machine-food-process\/\">Macchina per il taglio del mais fresco<\/a>: Questo viene usato per tagliare il mais in pezzi per i prossimi passaggi di lavorazione.<\/li> <\/ul>    <p>Se desideri maggiori informazioni, fai clic sul sito Web o contattami per richiedere le tue esigenze.<\/p>    <p>Vuoi saperne di pi\u00f9 sul prezzo e sui dettagli? Non esitare a contattarmi!<\/p>","protected":false},"excerpt":{"rendered":"<p>La sbucciatrice di mais Taizy pu\u00f2 sbucciare mais fresco con una lunghezza di 110\u2013280 mm e un diametro di 40\u201380 mm. Con una capacit\u00e0 di 10000-12000 pannocchie\/h, migliora l'efficienza della linea di produzione alimentare.<\/p>","protected":false},"author":1,"featured_media":883,"parent":0,"template":"","tags":[31,51,48],"product-type":[49],"class_list":["post-882","product","type-product","status-publish","has-post-thumbnail","hentry","tag-corn","tag-fresh-corn","tag-sweet-corn","product-type-corn-cutter-machine"],"_links":{"self":[{"href":"https:\/\/corn-machine.com\/it\/wp-json\/wp\/v2\/product\/882","targetHints":{"allow":["GET"]}}],"collection":[{"href":"https:\/\/corn-machine.com\/it\/wp-json\/wp\/v2\/product"}],"about":[{"href":"https:\/\/corn-machine.com\/it\/wp-json\/wp\/v2\/types\/product"}],"author":[{"embeddable":true,"href":"https:\/\/corn-machine.com\/it\/wp-json\/wp\/v2\/users\/1"}],"wp:featuredmedia":[{"embeddable":true,"href":"https:\/\/corn-machine.com\/it\/wp-json\/wp\/v2\/media\/883"}],"wp:attachment":[{"href":"https:\/\/corn-machine.com\/it\/wp-json\/wp\/v2\/media?parent=882"}],"wp:term":[{"taxonomy":"post_tag","embeddable":true,"href":"https:\/\/corn-machine.com\/it\/wp-json\/wp\/v2\/tags?post=882"},{"taxonomy":"product-type","embeddable":true,"href":"https:\/\/corn-machine.com\/it\/wp-json\/wp\/v2\/product-type?post=882"}],"curies":[{"name":"wp","href":"https:\/\/api.w.org\/{rel}","templated":true}]}}