{"id":974,"date":"2025-09-28T15:17:58","date_gmt":"2025-09-28T07:17:58","guid":{"rendered":"https:\/\/corn-machine.com\/?post_type=product&#038;p=974"},"modified":"2025-09-28T17:50:19","modified_gmt":"2025-09-28T09:50:19","slug":"corn-tip-and-tail-cutting-machine","status":"publish","type":"product","link":"https:\/\/corn-machine.com\/it\/product\/corn-tip-and-tail-cutting-machine\/","title":{"rendered":"Macchina per il taglio delle punte e delle code del mais"},"content":{"rendered":"<p class=\"translation-block\">La <strong>macchina per tagliare la punta e la coda del mais<\/strong> \u00e8 progettata per effettuare un pretreatment per l'elaborazione del mais. Questa macchina automatica per mais pu\u00f2 tagliare in modo efficiente la testa e la coda di mais fresco, mais dolce, mais ceroso, ecc. Inoltre, pu\u00f2 processare mais con o senza paglia a una velocit\u00e0 di 3000-6000 all'ora.<\/p>    <p>Pu\u00f2 aiutare gli impianti di lavorazione del cibo del mais a migliorare significativamente l'efficienza produttiva. Molte cooperative rurali sono disposte ad acquistare congiuntamente una simile macchina di pre-lavorazione. Nel frattempo, le macchine sono ampiamente esportate in Vietnam, Nigeria, India e altri paesi.<\/p>    <figure class=\"wp-block-embed is-type-video is-provider-youtube wp-block-embed-youtube wp-embed-aspect-16-9 wp-has-aspect-ratio\"><div class=\"wp-block-embed__wrapper\"> <iframe loading=\"lazy\" title=\"Macchina automatica per taglio di testa e coda del mais | Soluzione efficiente di pre-elaborazione del mais\" width=\"500\" height=\"281\" src=\"https:\/\/www.youtube.com\/embed\/GsZ9PzakF6M?feature=oembed\" frameborder=\"0\" allow=\"accelerometer; autoplay; clipboard-write; encrypted-media; gyroscope; picture-in-picture; web-share\" referrerpolicy=\"strict-origin-when-cross-origin\" allowfullscreen><\/iframe> <\/div><figcaption class=\"wp-element-caption\">video dimostrativo della macchina per il taglio della punta e della coda del mais<\/figcaption><\/figure>    <h2 class=\"wp-block-heading\"><strong>Vantaggi della rimozione della testa e della coda del mais<\/strong><\/h2>    <ol class=\"wp-block-list\"> <li>Rispetto al taglio manuale del mais o a una macchina rimuovi testa e coda del mais semi-automatica, la nostra attrezzatura permette di risparmiare costi del lavoro e almeno dimezzare i tempi.<\/li>    <li>La tagliatrice Taizy per cima e punta del mais occupa poco spazio ma \u00e8 ad alta efficienza, pu\u00f2 elaborare fino a 6.000 chicchi all'ora.<\/li>    <li>Le lame della taglierina punta e coda del mais possono essere sostituite per regolare la lunghezza delle pannocchie, cruciale per l'elaborazione su larga scala e l'imballaggio.<\/li>    <li>La nostra macchina per la taglio delle estremit\u00e0 del mais utilizza l'acciaio inox SUS304 come materiale principale, garantendo efficacemente la durata della macchina e conforme agli standard internazionali di sicurezza alimentare.<\/li> <\/ol>   <div class=\"wp-block-image\"> <figure class=\"aligncenter size-full\"><img loading=\"lazy\" decoding=\"async\" width=\"720\" height=\"540\" src=\"https:\/\/corn-machine.com\/wp-content\/uploads\/2025\/09\/maize-tip-and-tail-cutting-machine.webp\" alt=\"macchina per punta e coda del mais\" class=\"wp-image-976\" title=\"\" srcset=\"https:\/\/corn-machine.com\/wp-content\/uploads\/2025\/09\/maize-tip-and-tail-cutting-machine.webp 720w, https:\/\/corn-machine.com\/wp-content\/uploads\/2025\/09\/maize-tip-and-tail-cutting-machine-300x225.webp 300w, https:\/\/corn-machine.com\/wp-content\/uploads\/2025\/09\/maize-tip-and-tail-cutting-machine-16x12.webp 16w\" sizes=\"auto, (max-width: 720px) 100vw, 720px\" \/><figcaption class=\"wp-element-caption\">macchina per punta e coda del mais<\/figcaption><\/figure> <\/div>   <h2 class=\"wp-block-heading\"><strong>Modelli e parametri della macchina di taglio della punta e coda del mais dolce<\/strong><\/h2>    <p>Offriamo due tipi di macchine per tagliare la punta e la coda del mais per soddisfare diverse esigenze di capacit\u00e0. Sono rimuovi testa e coda del mais a singola fila e taglia-testa e coda del mais a doppia fila per mais ceroso.<\/p>    <h3 class=\"wp-block-heading\"><strong>Rimuovi testa e coda del mais fresco a singola fila<\/strong><\/h3>    <figure class=\"wp-block-table\"><table class=\"has-fixed-layout\"><tbody><tr><td>Modello<\/td><td class=\"has-text-align-center\" data-align=\"center\">Tipo a singola fila<\/td><\/tr><tr><td>Potenza di taglio<\/td><td class=\"has-text-align-center\" data-align=\"center\">1.5KW<\/td><\/tr><tr><td>Potenza di trasmissione<\/td><td class=\"has-text-align-center\" data-align=\"center\">0.75KW(Trasmissione a frequenza variabile)<\/td><\/tr><tr><td>Materiale<\/td><td class=\"has-text-align-center\" data-align=\"center\">Acciaio inossidabile <\/td><\/tr><tr><td>Capacit\u00e0<\/td><td class=\"has-text-align-center\" data-align=\"center\">3000 chicchi\/h<\/td><\/tr><tr><td>Dimensioni<\/td><td class=\"has-text-align-center\" data-align=\"center\">3000mm*800mm*1500mm<\/td><\/tr><\/tbody><\/table><figcaption class=\"wp-element-caption\">specifiche della rimuovi testa e coda del mais fresco a singola fila<\/figcaption><\/figure>   <div class=\"wp-block-image\"> <figure class=\"aligncenter size-full\"><img loading=\"lazy\" decoding=\"async\" width=\"720\" height=\"540\" src=\"https:\/\/corn-machine.com\/wp-content\/uploads\/2025\/09\/single-row-fresh-corn-head-and-tail-remover.webp\" alt=\"rimuovi testa e coda del mais fresco a singola fila\" class=\"wp-image-977\" title=\"\" srcset=\"https:\/\/corn-machine.com\/wp-content\/uploads\/2025\/09\/single-row-fresh-corn-head-and-tail-remover.webp 720w, https:\/\/corn-machine.com\/wp-content\/uploads\/2025\/09\/single-row-fresh-corn-head-and-tail-remover-300x225.webp 300w, https:\/\/corn-machine.com\/wp-content\/uploads\/2025\/09\/single-row-fresh-corn-head-and-tail-remover-16x12.webp 16w\" sizes=\"auto, (max-width: 720px) 100vw, 720px\" \/><figcaption class=\"wp-element-caption\">rimuovi testa e coda del mais fresco a singola fila<\/figcaption><\/figure> <\/div>   <h3 class=\"wp-block-heading\"><strong>Taglierina punta e coda del mais a doppia fila<\/strong><\/h3>    <figure class=\"wp-block-table\"><table class=\"has-fixed-layout\"><tbody><tr><td>Modello<\/td><td class=\"has-text-align-center\" data-align=\"center\">Tipo a doppia fila<\/td><\/tr><tr><td>Potenza di taglio<\/td><td class=\"has-text-align-center\" data-align=\"center\">1.5KW<\/td><\/tr><tr><td>Potenza di trasmissione<\/td><td class=\"has-text-align-center\" data-align=\"center\">1.5KW(Trasmissione a frequenza variabile)<\/td><\/tr><tr><td>Materiale<\/td><td class=\"has-text-align-center\" data-align=\"center\">Acciaio inossidabile <\/td><\/tr><tr><td>Capacit\u00e0<\/td><td class=\"has-text-align-center\" data-align=\"center\">6000 chicchi\/h<\/td><\/tr><tr><td>Dimensioni<\/td><td class=\"has-text-align-center\" data-align=\"center\">7000mm*1700mm*1900mm<\/td><\/tr><\/tbody><\/table><figcaption class=\"wp-element-caption\">parametri della taglia doppia fila della testa e coda del mais<\/figcaption><\/figure>   <div class=\"wp-block-image\"> <figure class=\"aligncenter size-full\"><img loading=\"lazy\" decoding=\"async\" width=\"720\" height=\"540\" src=\"https:\/\/corn-machine.com\/wp-content\/uploads\/2025\/09\/double-row-maize-head-and-tail-cutting-machine.webp\" alt=\"macchina taglia-testa e coda del mais a doppia fila\" class=\"wp-image-978\" title=\"\" srcset=\"https:\/\/corn-machine.com\/wp-content\/uploads\/2025\/09\/double-row-maize-head-and-tail-cutting-machine.webp 720w, https:\/\/corn-machine.com\/wp-content\/uploads\/2025\/09\/double-row-maize-head-and-tail-cutting-machine-300x225.webp 300w, https:\/\/corn-machine.com\/wp-content\/uploads\/2025\/09\/double-row-maize-head-and-tail-cutting-machine-16x12.webp 16w\" sizes=\"auto, (max-width: 720px) 100vw, 720px\" \/><figcaption class=\"wp-element-caption\">macchina taglia-testa e coda del mais a doppia fila<\/figcaption><\/figure> <\/div>   <h2 class=\"wp-block-heading\"><strong>Applicazione della macchina punta e coda del mais<\/strong><\/h2>    <p class=\"translation-block\">Normalmente questi tipi di macchine sono adatti per l'elaborazione del mais dolce, <a href=\"https:\/\/en.wikipedia.org\/wiki\/Waxy_corn\" target=\"_blank\" rel=\"noopener\">mais ceroso<\/a>, ecc., nelle imprese di lavorazione di alimenti freschi o in cooperative rurali. Il mais trattato pu\u00f2 essere sterilizzato e confezionato sottovuoto, o trasformato in mais in scatola, mais surgelato e altri prodotti.<\/p>    <p>Pu\u00f2 effettivamente effettuare pretreatments del mais. Per mais con pelle, che pu\u00f2 essere tagliato dalla testa e dalla coda per facilitarne la sbucciatura. Per mais senza pelle, pu\u00f2 essere tagliato dalla testa e dalla coda per standardizzare la qualit\u00e0. Questo passaggio facilita il successivo trattamento alimentare del mais.<\/p>    <figure class=\"wp-block-gallery has-nested-images columns-default is-cropped wp-block-gallery-2 is-layout-flex wp-block-gallery-is-layout-flex\"> <figure class=\"wp-block-image size-large\"><img loading=\"lazy\" decoding=\"async\" width=\"720\" height=\"540\" data-id=\"980\" src=\"https:\/\/corn-machine.com\/wp-content\/uploads\/2025\/09\/corn-food-processing-factory.webp\" alt=\"fabbrica di lavorazione del mais\" class=\"wp-image-980\" title=\"\" srcset=\"https:\/\/corn-machine.com\/wp-content\/uploads\/2025\/09\/corn-food-processing-factory.webp 720w, https:\/\/corn-machine.com\/wp-content\/uploads\/2025\/09\/corn-food-processing-factory-300x225.webp 300w, https:\/\/corn-machine.com\/wp-content\/uploads\/2025\/09\/corn-food-processing-factory-16x12.webp 16w\" sizes=\"auto, (max-width: 720px) 100vw, 720px\" \/><figcaption class=\"wp-element-caption\">fabbrica di lavorazione del mais<\/figcaption><\/figure>    <figure class=\"wp-block-image size-large\"><img loading=\"lazy\" decoding=\"async\" width=\"720\" height=\"540\" data-id=\"981\" src=\"https:\/\/corn-machine.com\/wp-content\/uploads\/2025\/09\/vacuum-packed-fresh-corn.webp\" alt=\"mais fresco confezionato sottovuoto\" class=\"wp-image-981\" title=\"\" srcset=\"https:\/\/corn-machine.com\/wp-content\/uploads\/2025\/09\/vacuum-packed-fresh-corn.webp 720w, https:\/\/corn-machine.com\/wp-content\/uploads\/2025\/09\/vacuum-packed-fresh-corn-300x225.webp 300w, https:\/\/corn-machine.com\/wp-content\/uploads\/2025\/09\/vacuum-packed-fresh-corn-16x12.webp 16w\" sizes=\"auto, (max-width: 720px) 100vw, 720px\" \/><figcaption class=\"wp-element-caption\">mais fresco confezionato sottovuoto<\/figcaption><\/figure> <\/figure>    <h2 class=\"wp-block-heading\"><strong>Perch\u00e9 scegliere Taizy?<\/strong><\/h2>    <ul class=\"wp-block-list\"> <li>Taizy esiste da 40 anni, quindi ha oltre un decennio di esperienza nell'esportazione di macchine per l'elaborazione del mais agricolo.<\/li>    <li>We have a strict QC system, so our machines are built based on international standards. Most of Taizy&#8217;s equipment has CE and other internationally recognized certificates.<\/li>    <li>Taizy offre buon supporto post-vendita, che include assistenza all'installazione, aiuto tecnico\/difficolt\u00e0, fornitura di pezzi di ricambio, ecc.<\/li>    <li>Taizy \u00e8 sia produttore che esportatore, quindi spesso risparmi sui costi rispetto all'uso di un intermediario. Inoltre, abbiamo la nostra fabbrica, il che significa maggiore controllo sui costi di produzione e sui tempi di consegna.<\/li> <\/ul>    <h2 class=\"wp-block-heading\"><strong>Come ordinare questa macchina taglia testa e coda del mais?<\/strong><\/h2>    <p>If you are interested in our machine but don&#8217;t know if it has an affordable price and suitable requirements for you, you can contact us through WhatsApp, phone, or email, and send us a message. We will provide you with the list of products and their price. <\/p>    <p>Dopo esserti assicurato di tali intenzioni per alcune macchine, il nostro agente ti fornir\u00e0 una soluzione basata sulle tue esigenze di capacit\u00e0 produttiva e sui materiali che desideri trattare.<\/p>    <p>\u00c8 richiesto un acconto parziale prima della produzione, e il processo di produzione richiede tipicamente circa 15 giorni. Se abbiamo scorte nel nostro magazzino e non servono requisiti speciali, possiamo preparare la spedizione al momento della conferma dell'ordine.<\/p>    <p>Testeremo la macchina prima della spedizione per verificare se \u00e8 qualificata. Se vuoi visitare lo stabilimento e testare tu stesso la macchina, sei sempre benvenuto a contattarci.<\/p>    <p class=\"translation-block\">Se sei interessato a questa macchina punta e coda del mais, non esitare a contattarci per un preventivo gratuito. Oltre a questa macchina, offriamo anche <a href=\"https:\/\/corn-machine.com\/it\/product\/sweet-corn-cutting-machine-food-process\/\">macchine taglia mais<\/a> e grandi macchine commerciali <a href=\"https:\/\/corn-machine.com\/it\/product\/corn-husk-remover-for-food-processing\/\">rimuovi pelle del mais<\/a>.<\/p>","protected":false},"excerpt":{"rendered":"<p>Se stai cercando strumenti di pre-elaborazione per impianti di lavorazione del mais, potresti voler dare un'occhiata al nostro macchinario per il taglio della punta e della coda del mais. Pu\u00f2 rimuovere le teste e le code di 3.000-6.000 chicchi all'ora.<\/p>","protected":false},"author":1,"featured_media":975,"parent":0,"template":"","tags":[31,51,48],"product-type":[49],"class_list":["post-974","product","type-product","status-publish","has-post-thumbnail","hentry","tag-corn","tag-fresh-corn","tag-sweet-corn","product-type-corn-cutter-machine"],"_links":{"self":[{"href":"https:\/\/corn-machine.com\/it\/wp-json\/wp\/v2\/product\/974","targetHints":{"allow":["GET"]}}],"collection":[{"href":"https:\/\/corn-machine.com\/it\/wp-json\/wp\/v2\/product"}],"about":[{"href":"https:\/\/corn-machine.com\/it\/wp-json\/wp\/v2\/types\/product"}],"author":[{"embeddable":true,"href":"https:\/\/corn-machine.com\/it\/wp-json\/wp\/v2\/users\/1"}],"wp:featuredmedia":[{"embeddable":true,"href":"https:\/\/corn-machine.com\/it\/wp-json\/wp\/v2\/media\/975"}],"wp:attachment":[{"href":"https:\/\/corn-machine.com\/it\/wp-json\/wp\/v2\/media?parent=974"}],"wp:term":[{"taxonomy":"post_tag","embeddable":true,"href":"https:\/\/corn-machine.com\/it\/wp-json\/wp\/v2\/tags?post=974"},{"taxonomy":"product-type","embeddable":true,"href":"https:\/\/corn-machine.com\/it\/wp-json\/wp\/v2\/product-type?post=974"}],"curies":[{"name":"wp","href":"https:\/\/api.w.org\/{rel}","templated":true}]}}