{"id":13,"date":"2022-09-06T03:19:09","date_gmt":"2022-09-06T03:19:09","guid":{"rendered":"https:\/\/corn-machine.com\/?page_id=13"},"modified":"2022-09-14T03:15:43","modified_gmt":"2022-09-14T03:15:43","slug":"about-us","status":"publish","type":"page","link":"https:\/\/corn-machine.com\/pt\/about-us\/","title":{"rendered":"Sobre n\u00f3s"},"content":{"rendered":"<h2 class=\"wp-block-heading\" id=\"h-who-are-we\">Quem somos n\u00f3s<\/h2>    <div class=\"wp-block-media-text alignwide is-stacked-on-mobile\"><figure class=\"wp-block-media-text__media\"><img loading=\"lazy\" decoding=\"async\" width=\"750\" height=\"579\" src=\"https:\/\/corn-machine.com\/wp-content\/uploads\/2022\/09\/about1.webp\" alt=\"\" class=\"wp-image-151 size-full\" title=\"\"><\/figure><div class=\"wp-block-media-text__content\"> <p>A Taizy Machinery \u00e9 uma empresa fabricante e comercial especializada em m\u00e1quinas para processamento de milho. Temos uma ampla gama de m\u00e1quinas, desde a semeadura de milho at\u00e9 a colheita e o processamento. Nossos principais produtos s\u00e3o semeadoras de milho, colheitadeiras de milho, debulhadoras de milho, m\u00e1quinas de gr\u00e3os de milho, etc.<\/p> <\/div><\/div>    <div class=\"wp-block-media-text alignwide has-media-on-the-right is-stacked-on-mobile\"><figure class=\"wp-block-media-text__media\"><img loading=\"lazy\" decoding=\"async\" width=\"720\" height=\"540\" src=\"https:\/\/corn-machine.com\/wp-content\/uploads\/2022\/09\/Taizy-machinery-plant.webp\" alt=\"\" class=\"wp-image-154 size-full\" title=\"\"><\/figure><div class=\"wp-block-media-text__content\"> <p>Nossas m\u00e1quinas de processamento de milho s\u00e3o fornecidas principalmente para fazendas de pequeno, m\u00e9dio e grande porte, f\u00e1bricas de processamento de alimentos, revendedores de m\u00e1quinas e agentes em v\u00e1rios pa\u00edses. Al\u00e9m de fornecer m\u00e1quinas e servi\u00e7os profissionais de alta qualidade, tamb\u00e9m fornecemos aos nossos clientes pe\u00e7as de equipamentos e pe\u00e7as de desgaste para m\u00e1quinas, instala\u00e7\u00e3o de equipamentos e instru\u00e7\u00f5es de opera\u00e7\u00e3o para melhorar sua experi\u00eancia de compra.<\/p> <\/div><\/div>    <h2 class=\"wp-block-heading\" id=\"h-why-choose-us\">Porque escolher-nos<\/h2>    <ul class=\"wp-block-list\"><li>Rica experi\u00eancia de exporta\u00e7\u00e3o. Actualmente, as nossas m\u00e1quinas foram exportadas para mais de trinta pa\u00edses e regi\u00f5es, como EUA, Austr\u00e1lia, Nig\u00e9ria, Qu\u00e9nia, Eti\u00f3pia, Nam\u00edbia, Botswana, Zimbabu\u00e9, etc., que s\u00e3o bem recebidos pelos nossos clientes.<\/li><li>Servi\u00e7o p\u00f3s-venda perfeito. Ap\u00f3s a venda da m\u00e1quina, nossa equipe t\u00e9cnica ir\u00e1 orient\u00e1-lo na instala\u00e7\u00e3o da m\u00e1quina. Durante a utiliza\u00e7\u00e3o posterior da m\u00e1quina, qualquer problema com a m\u00e1quina pode contactar-nos, e poderemos responder \u00e0s suas quest\u00f5es do ponto de vista profissional.<\/li><li>M\u00e1quina de alta qualidade certificada com certificado CE. Sob a supervis\u00e3o de nosso rigoroso sistema de controle de qualidade, nossas m\u00e1quinas s\u00e3o de excelente qualidade e possuem certificados CE. As m\u00e1quinas podem ajud\u00e1-lo a cultivar e processar facilmente outros gr\u00e3os, como milho.<\/li><\/ul>    <figure class=\"wp-block-image size-full\"><img loading=\"lazy\" decoding=\"async\" width=\"1024\" height=\"323\" src=\"https:\/\/corn-machine.com\/wp-content\/uploads\/2022\/09\/certificate.webp\" alt=\"\" class=\"wp-image-156\" title=\"\"><\/figure>    <h2 class=\"wp-block-heading\" id=\"h-where-are-we\">Onde estamos<\/h2>    <p>A Taizy Machinery est\u00e1 localizada em Zhengzhou, Henan, China. Nosso escrit\u00f3rio est\u00e1 instalado na Zona de Desenvolvimento Econ\u00f4mico de Zhengzhou, bem-vindo para visitar a Taizy Machinery a qualquer momento\uff01<\/p>    <figure class=\"wp-block-image size-full\"><img loading=\"lazy\" decoding=\"async\" width=\"1024\" height=\"486\" src=\"https:\/\/corn-machine.com\/wp-content\/uploads\/2022\/09\/global-market.webp\" alt=\"\" class=\"wp-image-158\" title=\"\"><\/figure>","protected":false},"excerpt":{"rendered":"<p>Who Are We Taizy Machinery is a manufacturer and sales company specializing in corn processing machinery. We have a wide range of machines from corn sowing to harvesting to processing. Our main products are corn seeders, corn harvesters, corn threshers, corn grit machines, etc. Our corn processing machines are mainly supplied to small, medium, and [&hellip;]<\/p>\n","protected":false},"author":1,"featured_media":0,"parent":0,"menu_order":0,"comment_status":"closed","ping_status":"closed","template":"","meta":{"footnotes":""},"class_list":["post-13","page","type-page","status-publish","hentry"],"_links":{"self":[{"href":"https:\/\/corn-machine.com\/pt\/wp-json\/wp\/v2\/pages\/13","targetHints":{"allow":["GET"]}}],"collection":[{"href":"https:\/\/corn-machine.com\/pt\/wp-json\/wp\/v2\/pages"}],"about":[{"href":"https:\/\/corn-machine.com\/pt\/wp-json\/wp\/v2\/types\/page"}],"author":[{"embeddable":true,"href":"https:\/\/corn-machine.com\/pt\/wp-json\/wp\/v2\/users\/1"}],"replies":[{"embeddable":true,"href":"https:\/\/corn-machine.com\/pt\/wp-json\/wp\/v2\/comments?post=13"}],"version-history":[{"count":0,"href":"https:\/\/corn-machine.com\/pt\/wp-json\/wp\/v2\/pages\/13\/revisions"}],"wp:attachment":[{"href":"https:\/\/corn-machine.com\/pt\/wp-json\/wp\/v2\/media?parent=13"}],"curies":[{"name":"wp","href":"https:\/\/api.w.org\/{rel}","templated":true}]}}