{"id":1115,"date":"2025-12-04T14:26:44","date_gmt":"2025-12-04T06:26:44","guid":{"rendered":"https:\/\/corn-machine.com\/?post_type=product&#038;p=1115"},"modified":"2025-12-04T14:38:43","modified_gmt":"2025-12-04T06:38:43","slug":"one-row-corn-harvest-machine","status":"publish","type":"product","link":"https:\/\/corn-machine.com\/pt\/product\/one-row-corn-harvest-machine\/","title":{"rendered":"M\u00e1quina de Colheita de Milho de uma linha para uma colheita f\u00e1cil de milho"},"content":{"rendered":"<p class=\"translation-block\">Esta m\u00e1quina de colheita de milho compacta e econ\u00f4mica  \u00e9 projetada para pequenos lotes, \u00e1reas montanhosas, terras dispersas e pequenas fazendas familiares. Seu design compacto permite que operadores naveguem facilmente por campos estreitos, realizando corte, colheita, transporte e tritura\u00e7\u00e3o de palha em uma \u00fanica opera\u00e7\u00e3o. <\/p>    <p>\u00c9 uma solu\u00e7\u00e3o ideal para melhorar a produtividade e reduzir custos de m\u00e3o-de-obra, sendo tamb\u00e9m popular na \u00c1sia, \u00c1frica e Am\u00e9rica Latina, onde muitos agricultores utilizam o m\u00e9todo de plantio de uma linha.<\/p>    <figure class=\"wp-block-embed aligncenter is-type-video is-provider-youtube wp-block-embed-youtube wp-embed-aspect-16-9 wp-has-aspect-ratio\"><div class=\"wp-block-embed__wrapper\"> <iframe loading=\"lazy\" title=\"Teste de M\u00e1quina de Colheita de Milho: Corte e Coleta de Milho em Linhas Estreitas \ud83d\ude9c\ud83d\udca8Contato:  8617703863868\" width=\"500\" height=\"281\" src=\"https:\/\/www.youtube.com\/embed\/fWSmTylF2y4?feature=oembed\" frameborder=\"0\" allow=\"accelerometer; autoplay; clipboard-write; encrypted-media; gyroscope; picture-in-picture; web-share\" referrerpolicy=\"strict-origin-when-cross-origin\" allowfullscreen><\/iframe> <\/div><figcaption class=\"wp-element-caption\">v\u00eddeo de teste de campo da m\u00e1quina de milho<\/figcaption><\/figure>    <h2 class=\"wp-block-heading\"><strong>Destaques da m\u00e1quina de colheita de milho Taizy<\/strong><\/h2>    <ul class=\"wp-block-list\"> <li>Esta colheitadeira de milho mede 3\u20133,65 m (comprimento) e aproximadamente 0,85\u20131 m (largura), permitindo opera\u00e7\u00e3o eficiente em espa\u00e7amentos estreitos ou lotes irregulares onde m\u00e1quinas maiores n\u00e3o podem operar.<\/li>    <li>A colheitadeira de milho Taizy emprega um sistema de colheita por tra\u00e7\u00e3o de duplo rolo para garantir uma colheita de milho est\u00e1vel e reduzir a perda de gr\u00e3os. Este design \u00e9 particularmente adequado para milho de espiga pequena, plantio de densidade m\u00e9dia e pequenas propriedades.<\/li>    <li>Nossa m\u00e1quina atualizada agora inclui um assento, reduzindo a intensidade de trabalho e permitindo colher milho sentado, economizando tempo e esfor\u00e7o.<\/li>    <li>A m\u00e1quina de colheita de milho melhorada est\u00e1 agora equipada com um sistema de l\u00e2mina rotativa que corta os caules durante a colheita do milho, triturando-os para facilitar o retorno ao campo e a alimenta\u00e7\u00e3o do gado.<\/li>    <li>Possui um design de caminhada e trilho de roda ajust\u00e1vel (650 mm ou ajust\u00e1vel de 800 a 900 mm), permitindo que operadores sem experi\u00eancia mec\u00e2nica possam come\u00e7ar facilmente ap\u00f3s um treinamento simples.<\/li> <\/ul>   <div class=\"wp-block-image\"> <figure class=\"aligncenter size-full\"><img loading=\"lazy\" decoding=\"async\" width=\"720\" height=\"540\" src=\"https:\/\/corn-machine.com\/wp-content\/uploads\/2025\/12\/corn-cob-harvester.webp\" alt=\"Colheitadeira autom\u00e1tica de espigas de milho\" class=\"wp-image-1121\" title=\"\" srcset=\"https:\/\/corn-machine.com\/wp-content\/uploads\/2025\/12\/corn-cob-harvester.webp 720w, https:\/\/corn-machine.com\/wp-content\/uploads\/2025\/12\/corn-cob-harvester-300x225.webp 300w, https:\/\/corn-machine.com\/wp-content\/uploads\/2025\/12\/corn-cob-harvester-16x12.webp 16w\" sizes=\"auto, (max-width: 720px) 100vw, 720px\" \/><figcaption class=\"wp-element-caption\">colheitadeira de espigas de milho<\/figcaption><\/figure> <\/div>   <h2 class=\"wp-block-heading\"><strong>Dois modelos diferentes e suas especifica\u00e7\u00f5es t\u00e9cnicas<\/strong><\/h2>    <figure class=\"wp-block-table\"><table class=\"has-fixed-layout\"><tbody><tr><td>Modelo<\/td><td class=\"has-text-align-center\" data-align=\"center\">Motor de 19 kW<\/td><td class=\"has-text-align-center\" data-align=\"center\">Motor de 10,35 kW<\/td><\/tr><tr><td>Largura de trabalho<\/td><td class=\"has-text-align-center\" data-align=\"center\">650 mm<\/td><td class=\"has-text-align-center\" data-align=\"center\">400\u2013500 mm<\/td><\/tr><tr><td>Aten\u00e7\u00e3o ao solo<\/td><td class=\"has-text-align-center\" data-align=\"center\">200 mm<\/td><td class=\"has-text-align-center\" data-align=\"center\">100\u2013160 mm<\/td><\/tr><tr><td>Produtividade<\/td><td class=\"has-text-align-center\" data-align=\"center\">0,05\u20130,12 h\u33a1\/h<\/td><td class=\"has-text-align-center\" data-align=\"center\">0,067 h\u33a1\/h<\/td><\/tr><tr><td>Sistema de colheita<\/td><td class=\"has-text-align-center\" data-align=\"center\">Tra\u00e7\u00e3o por duplo rolo para baixo<\/td><td class=\"has-text-align-center\" data-align=\"center\">Tra\u00e7\u00e3o por duplo rolo para baixo<\/td><\/tr><tr><td>Corte de palha<\/td><td class=\"has-text-align-center\" data-align=\"center\">L\u00e2mina rotativa<\/td><td class=\"has-text-align-center\" data-align=\"center\">L\u00e2mina rotativa<\/td><\/tr><tr><td>Trilho de roda ajust\u00e1vel<\/td><td class=\"has-text-align-center\" data-align=\"center\">800\u2013900 mm<\/td><td class=\"has-text-align-center\" data-align=\"center\">800\u2013900 mm<\/td><\/tr><tr><td>Dimensions<\/td><td class=\"has-text-align-center\" data-align=\"center\">3650\u00d71000\u00d71270 mm<\/td><td class=\"has-text-align-center\" data-align=\"center\">3000\u00d7850\u00d71100 mm<\/td><\/tr><tr><td>Peso<\/td><td class=\"has-text-align-center\" data-align=\"center\">980 kg<\/td><td class=\"has-text-align-center\" data-align=\"center\">1450\u20132000 kg<\/td><\/tr><\/tbody><\/table><figcaption class=\"wp-element-caption\">par\u00e2metros da m\u00e1quina de colheita de milho<\/figcaption><\/figure>    <p>Oferecemos diferentes modelos para atender \u00e0s suas necessidades de efici\u00eancia. Se tiver alguma d\u00favida, n\u00e3o hesite em contactar o nosso servi\u00e7o de atendimento ao cliente para assist\u00eancia.<\/p>    <h2 class=\"wp-block-heading\"><strong>Aplica\u00e7\u00f5es desta colheitadeira de espigas de milho<\/strong><\/h2>    <p>As colheitadeiras de milho s\u00e3o adequadas para diversos usu\u00e1rios, incluindo pequenos agricultores com recursos limitados, permitindo colher milho de forma r\u00e1pida e eficiente.<\/p>    <p>Cooperativas e organiza\u00e7\u00f5es de produtores agr\u00edcolas tamb\u00e9m podem compartilhar custos por meio de compras coletivas, melhorando a efici\u00eancia de utiliza\u00e7\u00e3o da m\u00e1quina, especialmente em \u00e1reas rurais com fazendas dispersas.<\/p>    <p>The corn harvest machine&#8217;s design is particularly convenient for field operations in developing regions, making it ideal for small-scale corn growers in Asia, Africa, and Latin America.<\/p>    <h2 class=\"wp-block-heading\"><strong>Como funciona a m\u00e1quina de colheita de milho?<\/strong><\/h2>    <p>Nossa colheitadeira de milho \u00e9 acionada por um motor, que impulsiona um sistema de tra\u00e7\u00e3o de duplo rolo para puxar as espigas de milho dos caules. Simultaneamente, os rolos giram a uma velocidade controlada para garantir uma colheita suave e minimizar danos aos gr\u00e3os de milho. Este \u00e9 o sistema de pot\u00eancia e acionamento de uma colheitadeira de milho.<\/p>    <p>The rotating blade system cuts the corn stalks. The cutting action occurs simultaneously with the machine&#8217;s movement, facilitating corn collection and felling the stalks at the same time. <\/p>    <p>Seu sistema de colheita por duplo rolo \u00e9 principalmente respons\u00e1vel por puxar as espigas de milho para dentro da m\u00e1quina, separ\u00e1-las dos caules e, em seguida, usar um sistema de tritura\u00e7\u00e3o de palha para triturar finamente o restante.<\/p>    <figure class=\"wp-block-gallery has-nested-images columns-default is-cropped wp-block-gallery-2 is-layout-flex wp-block-gallery-is-layout-flex\"> <figure class=\"wp-block-image size-large\"><img loading=\"lazy\" decoding=\"async\" width=\"720\" height=\"540\" data-id=\"1122\" src=\"https:\/\/corn-machine.com\/wp-content\/uploads\/2025\/12\/corn-harvester-machine.webp\" alt=\"m\u00e1quina colheitadeira de milho\" class=\"wp-image-1122\" title=\"\" srcset=\"https:\/\/corn-machine.com\/wp-content\/uploads\/2025\/12\/corn-harvester-machine.webp 720w, https:\/\/corn-machine.com\/wp-content\/uploads\/2025\/12\/corn-harvester-machine-300x225.webp 300w, https:\/\/corn-machine.com\/wp-content\/uploads\/2025\/12\/corn-harvester-machine-16x12.webp 16w\" sizes=\"auto, (max-width: 720px) 100vw, 720px\" \/><figcaption class=\"wp-element-caption\">m\u00e1quina colheitadeira de milho<\/figcaption><\/figure>    <figure class=\"wp-block-image size-large\"><img loading=\"lazy\" decoding=\"async\" width=\"720\" height=\"540\" data-id=\"1123\" src=\"https:\/\/corn-machine.com\/wp-content\/uploads\/2025\/12\/maize-picker.webp\" alt=\"colheitadeira de milho\" class=\"wp-image-1123\" title=\"\" srcset=\"https:\/\/corn-machine.com\/wp-content\/uploads\/2025\/12\/maize-picker.webp 720w, https:\/\/corn-machine.com\/wp-content\/uploads\/2025\/12\/maize-picker-300x225.webp 300w, https:\/\/corn-machine.com\/wp-content\/uploads\/2025\/12\/maize-picker-16x12.webp 16w\" sizes=\"auto, (max-width: 720px) 100vw, 720px\" \/><figcaption class=\"wp-element-caption\">colheitadeira de milho<\/figcaption><\/figure> <\/figure>    <h2 class=\"wp-block-heading\"><strong>Perguntas frequentes sobre este coletor de milho<\/strong><\/h2>   <div id=\"rank-math-faq\" class=\"rank-math-block\"> <div class=\"rank-math-list\"> <div id=\"faq-question-1764826101473\" class=\"rank-math-list-item\"> <h3 class=\"rank-math-question\"><strong>Qual \u00e9 o consumo de combust\u00edvel da m\u00e1quina de corte e coleta de milho?<\/strong><\/h3> <div class=\"rank-math-answer\">  <p>O consumo de combust\u00edvel \u00e9 tipicamente de 0,2 a 0,5 litros por hora, dependendo do tamanho da fazenda, terreno e velocidade de colheita.<\/p>  <\/div> <\/div> <div id=\"faq-question-1764826131515\" class=\"rank-math-list-item\"> <h3 class=\"rank-math-question\"><strong>Quanto tempo leva para colher uma acre de milho com esta m\u00e1quina?<\/strong><\/h3> <div class=\"rank-math-answer\">  <p>Normalmente colhe de 0,05 a 0,12 hectares por hora, o que significa que pode colher uma acre (aproximadamente 0,4 hectares) em 3\u20136 horas.<\/p>  <\/div> <\/div> <div id=\"faq-question-1764826185344\" class=\"rank-math-list-item\"> <h3 class=\"rank-math-question\"><strong>Esta m\u00e1quina de colheita de milho pode ser usada em terrenos montanhosos ou irregulares?<\/strong><\/h3> <div class=\"rank-math-answer\">  <p>Sim! Esta colheitadeira de milho \u00e9 projetada para terrenos montanhosos ou irregulares. Rodas ajust\u00e1veis e um design compacto permitem navegar facilmente por encostas e linhas estreitas.<\/p>  <\/div> <\/div> <div id=\"faq-question-1764826378623\" class=\"rank-math-list-item\"> <h3 class=\"rank-math-question\">O coletor de espigas de milho pode ser usado para outras culturas?<\/h3> <div class=\"rank-math-answer\">  <p>Esta m\u00e1quina de colheita \u00e9 especificamente projetada para a colheita de milho. Se for usada para colher outras culturas, pode n\u00e3o ser muito eficaz ou adequada.<\/p>  <\/div> <\/div> <\/div> <\/div>  <div class=\"wp-block-image\"> <figure class=\"aligncenter size-full\"><img loading=\"lazy\" decoding=\"async\" width=\"720\" height=\"540\" src=\"https:\/\/corn-machine.com\/wp-content\/uploads\/2025\/12\/small-scale-corn-harvester.webp\" alt=\"colheitadeira de milho de pequena escala\" class=\"wp-image-1124\" title=\"\" srcset=\"https:\/\/corn-machine.com\/wp-content\/uploads\/2025\/12\/small-scale-corn-harvester.webp 720w, https:\/\/corn-machine.com\/wp-content\/uploads\/2025\/12\/small-scale-corn-harvester-300x225.webp 300w, https:\/\/corn-machine.com\/wp-content\/uploads\/2025\/12\/small-scale-corn-harvester-16x12.webp 16w\" sizes=\"auto, (max-width: 720px) 100vw, 720px\" \/><figcaption class=\"wp-element-caption\">colheitadeira de milho de pequena escala<\/figcaption><\/figure> <\/div>   <p>Se estiver interessado nesta m\u00e1quina de colheita de milho, entre em contato conosco via WhatsApp ou e-mail para a cota\u00e7\u00e3o mais recente. A Taizy compromete-se a fornecer a maior assist\u00eancia para o seu desenvolvimento agr\u00edcola.<\/p>    <p>Tamb\u00e9m fornecemos outros tipos de colheitadeiras. Clique nestes links se estiver interessado neles:<\/p>    <ul class=\"wp-block-list\"> <li><a href=\"https:\/\/corn-machine.com\/pt\/product\/maquina-colheitadeira-de-milho\/\">M\u00e1quina colheitadeira de milho<\/a><\/li>    <li><a href=\"https:\/\/corn-machine.com\/pt\/product\/corn-silage-harvester\/\">Ensiladeira de milho<\/a><\/li> <\/ul>","protected":false},"excerpt":{"rendered":"<p>This corn harvester is available with either a 19 kW or a 10.35 kW engine. Its compact structure makes it ideal for harvesting in narrow rows and hilly terrain. It is easy to operate and has low maintenance costs.<\/p>","protected":false},"author":1,"featured_media":1120,"parent":0,"template":"","tags":[31],"product-type":[40],"class_list":["post-1115","product","type-product","status-publish","has-post-thumbnail","hentry","tag-corn","product-type-corn-harvesting-machine"],"_links":{"self":[{"href":"https:\/\/corn-machine.com\/pt\/wp-json\/wp\/v2\/product\/1115","targetHints":{"allow":["GET"]}}],"collection":[{"href":"https:\/\/corn-machine.com\/pt\/wp-json\/wp\/v2\/product"}],"about":[{"href":"https:\/\/corn-machine.com\/pt\/wp-json\/wp\/v2\/types\/product"}],"author":[{"embeddable":true,"href":"https:\/\/corn-machine.com\/pt\/wp-json\/wp\/v2\/users\/1"}],"wp:featuredmedia":[{"embeddable":true,"href":"https:\/\/corn-machine.com\/pt\/wp-json\/wp\/v2\/media\/1120"}],"wp:attachment":[{"href":"https:\/\/corn-machine.com\/pt\/wp-json\/wp\/v2\/media?parent=1115"}],"wp:term":[{"taxonomy":"post_tag","embeddable":true,"href":"https:\/\/corn-machine.com\/pt\/wp-json\/wp\/v2\/tags?post=1115"},{"taxonomy":"product-type","embeddable":true,"href":"https:\/\/corn-machine.com\/pt\/wp-json\/wp\/v2\/product-type?post=1115"}],"curies":[{"name":"wp","href":"https:\/\/api.w.org\/{rel}","templated":true}]}}