{"id":1134,"date":"2025-12-12T15:45:48","date_gmt":"2025-12-12T07:45:48","guid":{"rendered":"https:\/\/corn-machine.com\/?post_type=product&#038;p=1134"},"modified":"2025-12-15T11:14:54","modified_gmt":"2025-12-15T03:14:54","slug":"multi-functional-straw-shredder","status":"publish","type":"product","link":"https:\/\/corn-machine.com\/pt\/product\/multi-functional-straw-shredder\/","title":{"rendered":"Triturador de Palha Multifuncional para Milho"},"content":{"rendered":"<p class=\"translation-block\">Este <span style=\"margin: 0px;padding: 0px\">triturador multifuncional de<strong> palha<\/strong>foi concebido para agricultores, pequenas f\u00e1bricas de processamento de ra\u00e7\u00e3o e criadores de gado, integrando corte de palha, tritura\u00e7\u00e3o de relva e moagem de gr\u00e3os numa \u00fanica<\/span> m\u00e1quina, melhorando significativamente a efici\u00eancia na prepara\u00e7\u00e3o da alimenta\u00e7\u00e3o.<\/p>    <p>\u00c9 amplamente utilizado para processamento de ingredientes de ra\u00e7\u00e3o animal, como folhas de palmeira, forragem verde, feno, talos de milho, caro\u00e7os de milho, gr\u00e3os e sementes de palmeira-dat\u00ea. Sua capacidade de processamento por hora \u00e9 de 300-1200 kg, com v\u00e1rias fontes de energia, como motores el\u00e9tricos, a diesel ou a gasolina.<\/p>    <figure class=\"wp-block-embed aligncenter is-type-video is-provider-youtube wp-block-embed-youtube wp-embed-aspect-16-9 wp-has-aspect-ratio\"><div class=\"wp-block-embed__wrapper\"> <iframe loading=\"lazy\" title=\"Corte de feno   Tritura\u00e7\u00e3o de gr\u00e3os em uma s\u00f3 m\u00e1quina | Teste de triturador de palha multifuncional  8617703863868\" width=\"500\" height=\"281\" src=\"https:\/\/www.youtube.com\/embed\/-MVRyhCcH0s?feature=oembed\" frameborder=\"0\" allow=\"accelerometer; autoplay; clipboard-write; encrypted-media; gyroscope; picture-in-picture; web-share\" referrerpolicy=\"strict-origin-when-cross-origin\" allowfullscreen><\/iframe> <\/div><figcaption class=\"wp-element-caption\">v\u00eddeo de teste do triturador de palha<\/figcaption><\/figure>    <h2 class=\"wp-block-heading\"><strong>Vantagens do cortador de feno multifuncional e triturador<\/strong><\/h2>    <ul class=\"wp-block-list\"> <li>A estrutura do nosso triturador de talos de milho \u00e9 feita de a\u00e7o de 4 mm de espessura e equipada com uma chassis de ferro de 5 mm de espessura, garantindo durabilidade e estabilidade estrutural.<\/li>    <li>Esta m\u00e1quina de triturar palha usa l\u00e2minas de corte tipo tesoura, que oferecem um desempenho de corte superior e s\u00e3o adequadas para materiais dif\u00edceis como folhas de palmeira, palha e feno.<\/li>    <li>Sistema de tritura\u00e7\u00e3o multi-l\u00e2mina Taizy \u00e9 ideal para produzir relva macia de 3-10cm de comprimento. Possui 4 l\u00e2minas (8 l\u00e2minas de corte triangulares por l\u00e2mina), cada uma com 7 cm de comprimento e 2 mm de espessura, feitas de a\u00e7o inoxid\u00e1vel.<\/li>    <li>Al\u00e9m disso, o seu sistema de moinho de martelos consiste em 16 martelos endurecidos, cada um com 2 mm de espessura, adequado para triturar gr\u00e3os de milho, <a href=\"https:\/\/en.wikipedia.org\/wiki\/Date_palm\" target=\"_blank\" rel=\"noopener\">caro\u00e7o de t\u00e2mara<\/a>de milho, caro\u00e7os de milho e outros gr\u00e3os.<\/li> <\/ul>    <figure class=\"wp-block-gallery has-nested-images columns-default is-cropped wp-block-gallery-2 is-layout-flex wp-block-gallery-is-layout-flex\"> <figure class=\"wp-block-image size-large\"><img loading=\"lazy\" decoding=\"async\" width=\"720\" height=\"540\" data-id=\"1145\" src=\"https:\/\/corn-machine.com\/wp-content\/uploads\/2025\/12\/parts-of-grass-chaff-cutter-machine.webp\" alt=\"pe\u00e7as do cortador de feno de relva\" class=\"wp-image-1145\" title=\"\" srcset=\"https:\/\/corn-machine.com\/wp-content\/uploads\/2025\/12\/parts-of-grass-chaff-cutter-machine.webp 720w, https:\/\/corn-machine.com\/wp-content\/uploads\/2025\/12\/parts-of-grass-chaff-cutter-machine-300x225.webp 300w, https:\/\/corn-machine.com\/wp-content\/uploads\/2025\/12\/parts-of-grass-chaff-cutter-machine-16x12.webp 16w\" sizes=\"auto, (max-width: 720px) 100vw, 720px\" \/><figcaption class=\"wp-element-caption\">pe\u00e7as do cortador de feno de relva<\/figcaption><\/figure>    <figure class=\"wp-block-image size-full\"><img loading=\"lazy\" decoding=\"async\" width=\"720\" height=\"540\" data-id=\"1147\" src=\"https:\/\/corn-machine.com\/wp-content\/uploads\/2025\/12\/corn-cutting-grinding-machine.webp\" alt=\"m\u00e1quina de corte e moagem de milho\" class=\"wp-image-1147\" title=\"\" srcset=\"https:\/\/corn-machine.com\/wp-content\/uploads\/2025\/12\/corn-cutting-grinding-machine.webp 720w, https:\/\/corn-machine.com\/wp-content\/uploads\/2025\/12\/corn-cutting-grinding-machine-300x225.webp 300w, https:\/\/corn-machine.com\/wp-content\/uploads\/2025\/12\/corn-cutting-grinding-machine-16x12.webp 16w\" sizes=\"auto, (max-width: 720px) 100vw, 720px\" \/><figcaption class=\"wp-element-caption\">m\u00e1quina de corte e moagem de milho<\/figcaption><\/figure> <\/figure>    <h2 class=\"wp-block-heading\"><strong>Dois tipos de cortadores de feno agr\u00edcolas<\/strong><\/h2>    <p>O nosso modelo mais vendido \u00e9 o triturador de palha de cinco ports 9ZF 500B. Possui m\u00faltiplas sa\u00eddas, incluindo tr\u00eas ports de descarga (alto, m\u00e9dio e baixo) e duas entradas de alimenta\u00e7\u00e3o. \u00c9 adequado n\u00e3o s\u00f3 para recolher p\u00f3 de gr\u00e3os, mas tamb\u00e9m para triturar e carregar materiais forrageiros com lan\u00e7amento elevado.<\/p>    <p>Este triturador de espigas de milho de quatro ports 9ZF 500A \u00e9 mais simples e tamb\u00e9m oferece a dupla fun\u00e7\u00e3o de tritura\u00e7\u00e3o de gr\u00e3os e corte de forragem. Explicaremos as diferen\u00e7as e especifica\u00e7\u00f5es de ambos os modelos em detalhe abaixo. Se n\u00e3o tiver certeza de qual m\u00e1quina \u00e9 mais adequada para si, por favor, contacte-nos para assist\u00eancia.<\/p>    <h3 class=\"wp-block-heading\"><strong>Estrutura do nosso triturador de caro\u00e7o de milho<\/strong><\/h3>    <h4 class=\"wp-block-heading\"><strong>Triturador de palha de cinco ports 9ZF 500B<\/strong><\/h4>    <p>Esta m\u00e1quina de cinco ports integra m\u00faltiplas fun\u00e7\u00f5es, incluindo corte de feno, tritura\u00e7\u00e3o de feno, tritura\u00e7\u00e3o, moagem e alimenta\u00e7\u00e3o. Possui duas entradas de alimenta\u00e7\u00e3o e tr\u00eas sa\u00eddas de descarga, cada uma com uma fun\u00e7\u00e3o diferente.<\/p>    <p>A entrada de guilhotina para feno \u00e9 para alimentar materiais longos como feno, espigas de milho e folhas de palmeira. O seu design espa\u00e7oso permite uma alimenta\u00e7\u00e3o r\u00e1pida. A entrada de alimenta\u00e7\u00e3o de gr\u00e3os inteiros \u00e9 especificamente para alimentar materiais granulares como milho e caro\u00e7os de t\u00e2maras, facilitando a moagem com martelo na c\u00e2mara de tritura\u00e7\u00e3o interna.<\/p>   <div class=\"wp-block-image\"> <figure class=\"aligncenter size-full\"><img loading=\"lazy\" decoding=\"async\" width=\"720\" height=\"540\" src=\"https:\/\/corn-machine.com\/wp-content\/uploads\/2025\/12\/structure-of-9ZR-500B-five-outlet-corn-stalk-crusher.webp\" alt=\"estrutura do triturador de espigas de milho de cinco sa\u00eddas 9ZF 500B\" class=\"wp-image-1160\" title=\"\" srcset=\"https:\/\/corn-machine.com\/wp-content\/uploads\/2025\/12\/structure-of-9ZR-500B-five-outlet-corn-stalk-crusher.webp 720w, https:\/\/corn-machine.com\/wp-content\/uploads\/2025\/12\/structure-of-9ZR-500B-five-outlet-corn-stalk-crusher-300x225.webp 300w, https:\/\/corn-machine.com\/wp-content\/uploads\/2025\/12\/structure-of-9ZR-500B-five-outlet-corn-stalk-crusher-16x12.webp 16w\" sizes=\"auto, (max-width: 720px) 100vw, 720px\" \/><figcaption class=\"wp-element-caption\">estrutura do triturador de espigas de milho de cinco sa\u00eddas 9ZF 500B<\/figcaption><\/figure> <\/div>   <p>Existem tr\u00eas portas de descarga diferentes: alta, m\u00e9dia e baixa. <\/p>    <ul class=\"wp-block-list\"> <li>A porta superior \u00e9 para descarregar peda\u00e7os maiores de ra\u00e7\u00e3o ou lan\u00e7ar ra\u00e7\u00e3o para uma posi\u00e7\u00e3o mais elevada. <\/li>    <li>A porta do meio \u00e9 para sa\u00edda de relva de comprimento m\u00e9dio e alimenta\u00e7\u00e3o macia.<\/li>    <li>A porta inferior descarrega materiais triturados em part\u00edculas pequenas ou p\u00f3 fino.<\/li> <\/ul>    <figure class=\"wp-block-gallery has-nested-images columns-default is-cropped wp-block-gallery-3 is-layout-flex wp-block-gallery-is-layout-flex\"> <figure class=\"wp-block-image size-large\"><img loading=\"lazy\" decoding=\"async\" width=\"720\" height=\"540\" data-id=\"1166\" src=\"https:\/\/corn-machine.com\/wp-content\/uploads\/2025\/12\/five-ports-corn-stalk-shredder.webp\" alt=\"Triturador de espigas de milho de cinco ports\" class=\"wp-image-1166\" title=\"\" srcset=\"https:\/\/corn-machine.com\/wp-content\/uploads\/2025\/12\/five-ports-corn-stalk-shredder.webp 720w, https:\/\/corn-machine.com\/wp-content\/uploads\/2025\/12\/five-ports-corn-stalk-shredder-300x225.webp 300w, https:\/\/corn-machine.com\/wp-content\/uploads\/2025\/12\/five-ports-corn-stalk-shredder-16x12.webp 16w\" sizes=\"auto, (max-width: 720px) 100vw, 720px\" \/><figcaption class=\"wp-element-caption\">Triturador de espigas de milho de cinco ports<\/figcaption><\/figure>    <figure class=\"wp-block-image size-large\"><img loading=\"lazy\" decoding=\"async\" width=\"720\" height=\"540\" data-id=\"1167\" src=\"https:\/\/corn-machine.com\/wp-content\/uploads\/2025\/12\/five-ports-straw-chopper.webp\" alt=\"Triturador de palha de cinco ports\" class=\"wp-image-1167\" title=\"\" srcset=\"https:\/\/corn-machine.com\/wp-content\/uploads\/2025\/12\/five-ports-straw-chopper.webp 720w, https:\/\/corn-machine.com\/wp-content\/uploads\/2025\/12\/five-ports-straw-chopper-300x225.webp 300w, https:\/\/corn-machine.com\/wp-content\/uploads\/2025\/12\/five-ports-straw-chopper-16x12.webp 16w\" sizes=\"auto, (max-width: 720px) 100vw, 720px\" \/><figcaption class=\"wp-element-caption\">Triturador de palha de cinco ports<\/figcaption><\/figure> <\/figure>    <h4 class=\"wp-block-heading\"><strong>Triturador de espigas de milho de quatro ports 9ZF 500A<\/strong><\/h4>    <p>Este moinho de quatro portas funciona de forma semelhante ao moinho de cinco portas, mas n\u00e3o possui uma porta de descarga central, resultando numa estrutura mais compacta adequada para fazendas comuns e unidades de alimenta\u00e7\u00e3o. Tem duas entradas de alimenta\u00e7\u00e3o e duas sa\u00eddas de descarga para atender a diferentes necessidades de moagem.<\/p>   <div class=\"wp-block-image\"> <figure class=\"aligncenter size-full\"><img loading=\"lazy\" decoding=\"async\" width=\"720\" height=\"540\" src=\"https:\/\/corn-machine.com\/wp-content\/uploads\/2025\/12\/structure-of-9ZR-500A-four-outlet-straw-shredder.webp\" alt=\"estrutura do triturador de palha de quatro sa\u00eddas 9ZF 500A\" class=\"wp-image-1159\" title=\"\" srcset=\"https:\/\/corn-machine.com\/wp-content\/uploads\/2025\/12\/structure-of-9ZR-500A-four-outlet-straw-shredder.webp 720w, https:\/\/corn-machine.com\/wp-content\/uploads\/2025\/12\/structure-of-9ZR-500A-four-outlet-straw-shredder-300x225.webp 300w, https:\/\/corn-machine.com\/wp-content\/uploads\/2025\/12\/structure-of-9ZR-500A-four-outlet-straw-shredder-16x12.webp 16w\" sizes=\"auto, (max-width: 720px) 100vw, 720px\" \/><figcaption class=\"wp-element-caption\">estrutura do triturador de palha de quatro sa\u00eddas 9ZF 500A<\/figcaption><\/figure> <\/div>   <h3 class=\"wp-block-heading\"><strong>Par\u00e2metros do pequeno cortador de forragem Taizy<\/strong><\/h3>    <figure class=\"wp-block-table\"><table><tbody><tr><td>Modelo<\/td><td class=\"has-text-align-center\" data-align=\"center\">9ZF-500A<\/td><td class=\"has-text-align-center\" data-align=\"center\">9ZF-500B<\/td><\/tr><tr><td>Poder<\/td><td class=\"has-text-align-center\" data-align=\"center\">Motor de 3kw, <br>Motor a gasolina 170F, <br>ou motor a diesel de 8hp<\/td><td class=\"has-text-align-center\" data-align=\"center\">Motor de 3kw, <br>Motor a gasolina 170F, <br>ou motor a diesel de 8hp<\/td><\/tr><tr><td>Capacidade<\/td><td class=\"has-text-align-center\" data-align=\"center\">600-800kg\/h<\/td><td class=\"has-text-align-center\" data-align=\"center\">800-1200kg\/h<\/td><\/tr><tr><td>Tamanho<\/td><td class=\"has-text-align-center\" data-align=\"center\">1120*980*1190mm<\/td><td class=\"has-text-align-center\" data-align=\"center\">1220*1070*1190mm<\/td><\/tr><tr><td>Peso<\/td><td class=\"has-text-align-center\" data-align=\"center\">85kg<\/td><td class=\"has-text-align-center\" data-align=\"center\">95kg<\/td><\/tr><\/tbody><\/table><figcaption class=\"wp-element-caption\">par\u00e2metros de um pequeno cortador de feno<\/figcaption><\/figure>    <figure class=\"wp-block-gallery has-nested-images columns-default is-cropped wp-block-gallery-4 is-layout-flex wp-block-gallery-is-layout-flex\"> <figure class=\"wp-block-image size-full\"><img loading=\"lazy\" decoding=\"async\" width=\"720\" height=\"540\" data-id=\"1149\" src=\"https:\/\/corn-machine.com\/wp-content\/uploads\/2025\/12\/chaff-cutter-machine-for-agriculture.webp\" alt=\"M\u00e1quina cortadora de palha 9ZF 500A para agricultura\" class=\"wp-image-1149\" title=\"\" srcset=\"https:\/\/corn-machine.com\/wp-content\/uploads\/2025\/12\/chaff-cutter-machine-for-agriculture.webp 720w, https:\/\/corn-machine.com\/wp-content\/uploads\/2025\/12\/chaff-cutter-machine-for-agriculture-300x225.webp 300w, https:\/\/corn-machine.com\/wp-content\/uploads\/2025\/12\/chaff-cutter-machine-for-agriculture-16x12.webp 16w\" sizes=\"auto, (max-width: 720px) 100vw, 720px\" \/><figcaption class=\"wp-element-caption\">M\u00e1quina cortadora de palha 9ZF 500A para agricultura<\/figcaption><\/figure>    <figure class=\"wp-block-image size-large\"><img loading=\"lazy\" decoding=\"async\" width=\"720\" height=\"540\" data-id=\"1151\" src=\"https:\/\/corn-machine.com\/wp-content\/uploads\/2025\/12\/corn-stalk-cutter-machine.webp\" alt=\"M\u00e1quina cortadora de espigas de milho 9ZF 500B\" class=\"wp-image-1151\" title=\"\" srcset=\"https:\/\/corn-machine.com\/wp-content\/uploads\/2025\/12\/corn-stalk-cutter-machine.webp 720w, https:\/\/corn-machine.com\/wp-content\/uploads\/2025\/12\/corn-stalk-cutter-machine-300x225.webp 300w, https:\/\/corn-machine.com\/wp-content\/uploads\/2025\/12\/corn-stalk-cutter-machine-16x12.webp 16w\" sizes=\"auto, (max-width: 720px) 100vw, 720px\" \/><figcaption class=\"wp-element-caption\">M\u00e1quina cortadora de espigas de milho 9ZF 500B<\/figcaption><\/figure> <\/figure>    <h2 class=\"wp-block-heading\"><strong>Aplica\u00e7\u00f5es do triturador de palha multifuncional<\/strong><\/h2>    <p>Como um triturador multifuncional de forragem e moinho de milho, suas aplica\u00e7\u00f5es s\u00e3o muito amplas. Portanto, tem sido utilizado em muitos campos.<\/p>    <p>Pode ser usado n\u00e3o s\u00f3 em fazendas de gado para processamento de ra\u00e7\u00e3o de gado, ovelhas, cabras, camelos e aves, mas tamb\u00e9m para tritura\u00e7\u00e3o e reciclagem em processos agr\u00edcolas, produzindo milho triturado, caro\u00e7os de t\u00e2maras triturados, talos de milho triturados e ra\u00e7\u00e3o mista.<\/p>    <p>Os produtos finais v\u00eam em v\u00e1rios tamanhos e formas: palha picada de 3-5 cm adequada para forragem de gado e ovelhas, p\u00f3 de feno grosso de 5-15 mm frequentemente usado em ra\u00e7\u00e3o mista, e outros produtos de gr\u00e3os ideais para aves, porcos, cabras, bem como peixes, coelhos e jovens animais.<\/p>    <figure class=\"wp-block-gallery has-nested-images columns-2 is-cropped wp-block-gallery-5 is-layout-flex wp-block-gallery-is-layout-flex\"> <figure class=\"wp-block-image size-large\"><img loading=\"lazy\" decoding=\"async\" width=\"720\" height=\"540\" data-id=\"1154\" src=\"https:\/\/corn-machine.com\/wp-content\/uploads\/2025\/12\/livestock-farming.webp\" alt=\"cria\u00e7\u00e3o de gado\" class=\"wp-image-1154\" title=\"\" srcset=\"https:\/\/corn-machine.com\/wp-content\/uploads\/2025\/12\/livestock-farming.webp 720w, https:\/\/corn-machine.com\/wp-content\/uploads\/2025\/12\/livestock-farming-300x225.webp 300w, https:\/\/corn-machine.com\/wp-content\/uploads\/2025\/12\/livestock-farming-16x12.webp 16w\" sizes=\"auto, (max-width: 720px) 100vw, 720px\" \/><figcaption class=\"wp-element-caption\">cria\u00e7\u00e3o de gado<\/figcaption><\/figure>    <figure class=\"wp-block-image size-large\"><img loading=\"lazy\" decoding=\"async\" width=\"720\" height=\"540\" data-id=\"1153\" src=\"https:\/\/corn-machine.com\/wp-content\/uploads\/2025\/12\/poultry-farming.webp\" alt=\"cria\u00e7\u00e3o de aves\" class=\"wp-image-1153\" title=\"\" srcset=\"https:\/\/corn-machine.com\/wp-content\/uploads\/2025\/12\/poultry-farming.webp 720w, https:\/\/corn-machine.com\/wp-content\/uploads\/2025\/12\/poultry-farming-300x225.webp 300w, https:\/\/corn-machine.com\/wp-content\/uploads\/2025\/12\/poultry-farming-16x12.webp 16w\" sizes=\"auto, (max-width: 720px) 100vw, 720px\" \/><figcaption class=\"wp-element-caption\">cria\u00e7\u00e3o de aves<\/figcaption><\/figure>    <figure class=\"wp-block-image size-large\"><img loading=\"lazy\" decoding=\"async\" width=\"720\" height=\"540\" data-id=\"1156\" src=\"https:\/\/corn-machine.com\/wp-content\/uploads\/2025\/12\/cow-food.webp\" alt=\"ra\u00e7\u00e3o de vaca\" class=\"wp-image-1156\" title=\"\" srcset=\"https:\/\/corn-machine.com\/wp-content\/uploads\/2025\/12\/cow-food.webp 720w, https:\/\/corn-machine.com\/wp-content\/uploads\/2025\/12\/cow-food-300x225.webp 300w, https:\/\/corn-machine.com\/wp-content\/uploads\/2025\/12\/cow-food-16x12.webp 16w\" sizes=\"auto, (max-width: 720px) 100vw, 720px\" \/><figcaption class=\"wp-element-caption\">ra\u00e7\u00e3o de vaca<\/figcaption><\/figure>    <figure class=\"wp-block-image size-large\"><img loading=\"lazy\" decoding=\"async\" width=\"720\" height=\"540\" data-id=\"1155\" src=\"https:\/\/corn-machine.com\/wp-content\/uploads\/2025\/12\/chicken-feed.webp\" alt=\"ra\u00e7\u00e3o de galinhas\" class=\"wp-image-1155\" title=\"\" srcset=\"https:\/\/corn-machine.com\/wp-content\/uploads\/2025\/12\/chicken-feed.webp 720w, https:\/\/corn-machine.com\/wp-content\/uploads\/2025\/12\/chicken-feed-300x225.webp 300w, https:\/\/corn-machine.com\/wp-content\/uploads\/2025\/12\/chicken-feed-16x12.webp 16w\" sizes=\"auto, (max-width: 720px) 100vw, 720px\" \/><figcaption class=\"wp-element-caption\">ra\u00e7\u00e3o de galinhas<\/figcaption><\/figure> <\/figure>    <h2 class=\"wp-block-heading\"><strong>30 conjuntos de trituradores de palha enviados para uma fazenda de gado em Dubai<\/strong><\/h2>    <p>Este ano, um grande cliente de cria\u00e7\u00e3o de gado de Dubai, EAU, encomendou 30 conjuntos de trituradores de talos de milho. Ele gere uma empresa agr\u00edcola principalmente criando gado, ovelhas e camelos, e devido \u00e0 recente expans\u00e3o de seu rancho, sua demanda por equipamentos de processamento de ra\u00e7\u00e3o aumentou rapidamente. <\/p>    <p>Ap\u00f3s m\u00faltiplas comunica\u00e7\u00f5es e confirma\u00e7\u00f5es por v\u00eddeo, este cliente decidiu finalmente adquirir 30 trituradores de palha 9ZF-500B de uma s\u00f3 vez. Quando as m\u00e1quinas ficaram prontas, realiz\u00e1mos um teste detalhado para garantir que estavam a funcionar corretamente. O nosso cliente ficou muito satisfeito com os resultados e pagou imediatamente o dep\u00f3sito completo. Depois, organiz\u00e1mos o envio de imediato.<\/p>    <p>Our Dubai customer received the multifunctional silage cutters and immediately put them into use, which has achieved excellent results. &#8220;If the machine runs smoothly next year, we plan to order another batch to expand production,&#8221; he told me about his future projects and said he wants to work with us.<\/p>    <figure class=\"wp-block-gallery has-nested-images columns-2 is-cropped wp-block-gallery-6 is-layout-flex wp-block-gallery-is-layout-flex\"> <figure class=\"wp-block-image size-large\"><img loading=\"lazy\" decoding=\"async\" width=\"720\" height=\"540\" data-id=\"1141\" src=\"https:\/\/corn-machine.com\/wp-content\/uploads\/2025\/12\/30-sets-of-stalk-chopper-prepared.webp\" alt=\"30 conjuntos de cortadores de talos preparados\" class=\"wp-image-1141\" title=\"\" srcset=\"https:\/\/corn-machine.com\/wp-content\/uploads\/2025\/12\/30-sets-of-stalk-chopper-prepared.webp 720w, https:\/\/corn-machine.com\/wp-content\/uploads\/2025\/12\/30-sets-of-stalk-chopper-prepared-300x225.webp 300w, https:\/\/corn-machine.com\/wp-content\/uploads\/2025\/12\/30-sets-of-stalk-chopper-prepared-16x12.webp 16w\" sizes=\"auto, (max-width: 720px) 100vw, 720px\" \/><figcaption class=\"wp-element-caption\">30 conjuntos de cortadores de talos preparados<\/figcaption><\/figure>    <figure class=\"wp-block-image size-large\"><img loading=\"lazy\" decoding=\"async\" width=\"720\" height=\"540\" data-id=\"1142\" src=\"https:\/\/corn-machine.com\/wp-content\/uploads\/2025\/12\/chaff-cutter-completed.webp\" alt=\"ferradura de feno conclu\u00edda\" class=\"wp-image-1142\" title=\"\" srcset=\"https:\/\/corn-machine.com\/wp-content\/uploads\/2025\/12\/chaff-cutter-completed.webp 720w, https:\/\/corn-machine.com\/wp-content\/uploads\/2025\/12\/chaff-cutter-completed-300x225.webp 300w, https:\/\/corn-machine.com\/wp-content\/uploads\/2025\/12\/chaff-cutter-completed-16x12.webp 16w\" sizes=\"auto, (max-width: 720px) 100vw, 720px\" \/><figcaption class=\"wp-element-caption\">ferradura de feno conclu\u00edda<\/figcaption><\/figure>    <figure class=\"wp-block-image size-large\"><img loading=\"lazy\" decoding=\"async\" width=\"720\" height=\"540\" data-id=\"1144\" src=\"https:\/\/corn-machine.com\/wp-content\/uploads\/2025\/12\/cornmeal-and-chopped-dry-straw.webp\" alt=\"farinha de milho e palha seca picada\" class=\"wp-image-1144\" title=\"\" srcset=\"https:\/\/corn-machine.com\/wp-content\/uploads\/2025\/12\/cornmeal-and-chopped-dry-straw.webp 720w, https:\/\/corn-machine.com\/wp-content\/uploads\/2025\/12\/cornmeal-and-chopped-dry-straw-300x225.webp 300w, https:\/\/corn-machine.com\/wp-content\/uploads\/2025\/12\/cornmeal-and-chopped-dry-straw-16x12.webp 16w\" sizes=\"auto, (max-width: 720px) 100vw, 720px\" \/><figcaption class=\"wp-element-caption\">farinha de milho e palha seca picada<\/figcaption><\/figure>    <figure class=\"wp-block-image size-large\"><img loading=\"lazy\" decoding=\"async\" width=\"720\" height=\"540\" data-id=\"1143\" src=\"https:\/\/corn-machine.com\/wp-content\/uploads\/2025\/12\/test-of-rice-straw-shredder.webp\" alt=\"teste do triturador de palha de arroz\" class=\"wp-image-1143\" title=\"\" srcset=\"https:\/\/corn-machine.com\/wp-content\/uploads\/2025\/12\/test-of-rice-straw-shredder.webp 720w, https:\/\/corn-machine.com\/wp-content\/uploads\/2025\/12\/test-of-rice-straw-shredder-300x225.webp 300w, https:\/\/corn-machine.com\/wp-content\/uploads\/2025\/12\/test-of-rice-straw-shredder-16x12.webp 16w\" sizes=\"auto, (max-width: 720px) 100vw, 720px\" \/><figcaption class=\"wp-element-caption\">teste do triturador de palha de arroz<\/figcaption><\/figure> <\/figure>    <p>Contacte-nos para o pre\u00e7o mais recente desta m\u00e1quina. Al\u00e9m disso, fornecemos outros cortadores de silagem:  <\/p>    <ul class=\"wp-block-list\"> <li><a href=\"https:\/\/corn-machine.com\/pt\/product\/affordable-small-chaff-cutter-machine\/\">Pequena M\u00e1quina de Triturar Palha para Prepara\u00e7\u00e3o de Ra\u00e7\u00e3o para Gado<\/a><\/li>    <li><a href=\"https:\/\/corn-machine.com\/pt\/product\/forage-chopper-for-silage-stalks-cutting\/\">Triturador de Forragem para Corte de Espigas de Silagem<\/a><\/li> <\/ul>    <p>e moinhos de milho: <\/p>    <ul class=\"wp-block-list\"> <li><a href=\"https:\/\/corn-machine.com\/pt\/product\/hammer-mill-grinder-for-corn\/\">Moedor de martelo para milho | Moedor de farinha de milho pequeno<\/a><\/li>    <li><a href=\"https:\/\/corn-machine.com\/pt\/product\/small-maize-grinding-machine\/\">M\u00e1quina de moagem de milho pequena | M\u00e1quina moinho de disco de gr\u00e3os<\/a><\/li> <\/ul>","protected":false},"excerpt":{"rendered":"<p>The multi-functional straw and grain crusher is a comprehensive agricultural equipment that integrates forage cutting, and grain crushing. It efficiently processes various raw materials into usable feed, making it widely used by livestock farmers, feed processors, and small farms.<\/p>","protected":false},"author":1,"featured_media":1158,"parent":0,"template":"","tags":[31,55],"product-type":[57],"class_list":["post-1134","product","type-product","status-publish","has-post-thumbnail","hentry","tag-corn","tag-cornsilage","product-type-corn-stalk-silage-crusher"],"_links":{"self":[{"href":"https:\/\/corn-machine.com\/pt\/wp-json\/wp\/v2\/product\/1134","targetHints":{"allow":["GET"]}}],"collection":[{"href":"https:\/\/corn-machine.com\/pt\/wp-json\/wp\/v2\/product"}],"about":[{"href":"https:\/\/corn-machine.com\/pt\/wp-json\/wp\/v2\/types\/product"}],"author":[{"embeddable":true,"href":"https:\/\/corn-machine.com\/pt\/wp-json\/wp\/v2\/users\/1"}],"wp:featuredmedia":[{"embeddable":true,"href":"https:\/\/corn-machine.com\/pt\/wp-json\/wp\/v2\/media\/1158"}],"wp:attachment":[{"href":"https:\/\/corn-machine.com\/pt\/wp-json\/wp\/v2\/media?parent=1134"}],"wp:term":[{"taxonomy":"post_tag","embeddable":true,"href":"https:\/\/corn-machine.com\/pt\/wp-json\/wp\/v2\/tags?post=1134"},{"taxonomy":"product-type","embeddable":true,"href":"https:\/\/corn-machine.com\/pt\/wp-json\/wp\/v2\/product-type?post=1134"}],"curies":[{"name":"wp","href":"https:\/\/api.w.org\/{rel}","templated":true}]}}