{"id":1447,"date":"2026-02-04T17:03:10","date_gmt":"2026-02-04T09:03:10","guid":{"rendered":"https:\/\/corn-machine.com\/?post_type=product&#038;p=1447"},"modified":"2026-02-05T10:24:39","modified_gmt":"2026-02-05T02:24:39","slug":"cattle-feed-spreader-cow-sheep-farms","status":"publish","type":"product","link":"https:\/\/corn-machine.com\/pt\/product\/cattle-feed-spreader-cow-sheep-farms\/","title":{"rendered":"Distribuidor de Ra\u00e7\u00e3o para Gado | M\u00e1quina de Distribui\u00e7\u00e3o de TMR para Alimenta\u00e7\u00e3o de Gado"},"content":{"rendered":"<p class=\"translation-block\">O <strong>espalhador de ra\u00e7\u00e3o para gado<\/strong> \u00e9 uma m\u00e1quina automatizada de gado de tr\u00eas rodas que espalha TMR (Ra\u00e7\u00e3o Total Misturada) para gado e ovelhas para alimenta\u00e7\u00e3o. Pode ser operada por uma \u00fanica pessoa, ajudando os agricultores a reduzir custos de m\u00e3o de obra e melhorar a efici\u00eancia da alimenta\u00e7\u00e3o.<\/p>    <p>Est\u00e1 dispon\u00edvel em vers\u00f5es el\u00e9trica e a diesel, com capacidades de 2 m<sup>3<\/sup>, 3 m<sup>3<\/sup>, 5 m<sup>3<\/sup>, etc. O tamanho compacto e o transporte flex\u00edvel tornam-no particularmente adequado para pastagens com corredores estreitos de alimenta\u00e7\u00e3o e aquelas que requerem alimenta\u00e7\u00e3o em grupo.<\/p>    <figure class=\"wp-block-embed aligncenter is-type-video is-provider-youtube wp-block-embed-youtube wp-embed-aspect-16-9 wp-has-aspect-ratio\"><div class=\"wp-block-embed__wrapper\"> <iframe loading=\"lazy\" title=\"Carro de espalhador de gado e ovelhas em uso real na fazenda Contato:  8617703863868\" width=\"500\" height=\"281\" src=\"https:\/\/www.youtube.com\/embed\/YXYt7-plPVs?feature=oembed\" frameborder=\"0\" allow=\"accelerometer; autoplay; clipboard-write; encrypted-media; gyroscope; picture-in-picture; web-share\" referrerpolicy=\"strict-origin-when-cross-origin\" allowfullscreen><\/iframe> <\/div><figcaption class=\"wp-element-caption\">v\u00eddeo de trabalho do espalhador de ra\u00e7\u00e3o para gado e ovelhas<\/figcaption><\/figure>    <h2 class=\"wp-block-heading\"><strong>Destaques do espalhador de ra\u00e7\u00e3o para gado Taizy<\/strong><\/h2>    <ul class=\"wp-block-list\"> <li>Esta m\u00e1quina distribuidora de ra\u00e7\u00e3o para gado apresenta um design de tra\u00e7\u00e3o de tr\u00eas rodas, permitindo uma opera\u00e7\u00e3o f\u00e1cil mesmo em celeiros de alimenta\u00e7\u00e3o apertados.<\/li>    <li>Mistura e alimenta\u00e7\u00e3o totalmente autom\u00e1ticas reduzem significativamente a intensidade de trabalho e os custos de alimenta\u00e7\u00e3o.<\/li>    <li>A ra\u00e7\u00e3o pode ser espalhada a partir do lado esquerdo ou direito sem necessidade de virar, melhorando significativamente a velocidade e a efici\u00eancia da alimenta\u00e7\u00e3o.<\/li>    <li>Todas as opera\u00e7\u00f5es de condu\u00e7\u00e3o e alimenta\u00e7\u00e3o podem ser controladas diretamente da cabine, tornando-se simples e f\u00e1cil de aprender.<\/li> <\/ul>    <figure class=\"wp-block-gallery has-nested-images columns-default is-cropped wp-block-gallery-2 is-layout-flex wp-block-gallery-is-layout-flex\"> <figure class=\"wp-block-image size-large\"><img loading=\"lazy\" decoding=\"async\" width=\"720\" height=\"540\" data-id=\"1464\" src=\"https:\/\/corn-machine.com\/wp-content\/uploads\/2026\/02\/cab-of-the-feeding-spreader.webp\" alt=\"cabine do espalhador de ra\u00e7\u00e3o\" class=\"wp-image-1464\" title=\"\" srcset=\"https:\/\/corn-machine.com\/wp-content\/uploads\/2026\/02\/cab-of-the-feeding-spreader.webp 720w, https:\/\/corn-machine.com\/wp-content\/uploads\/2026\/02\/cab-of-the-feeding-spreader-300x225.webp 300w, https:\/\/corn-machine.com\/wp-content\/uploads\/2026\/02\/cab-of-the-feeding-spreader-16x12.webp 16w\" sizes=\"auto, (max-width: 720px) 100vw, 720px\" \/><figcaption class=\"wp-element-caption\">cabine do espalhador de ra\u00e7\u00e3o<\/figcaption><\/figure>    <figure class=\"wp-block-image size-large\"><img loading=\"lazy\" decoding=\"async\" width=\"720\" height=\"540\" data-id=\"1465\" src=\"https:\/\/corn-machine.com\/wp-content\/uploads\/2026\/02\/feeding-process-of-cattle-feed-spreader.webp\" alt=\"processo de alimenta\u00e7\u00e3o do espalhador de ra\u00e7\u00e3o de gado\" class=\"wp-image-1465\" title=\"\" srcset=\"https:\/\/corn-machine.com\/wp-content\/uploads\/2026\/02\/feeding-process-of-cattle-feed-spreader.webp 720w, https:\/\/corn-machine.com\/wp-content\/uploads\/2026\/02\/feeding-process-of-cattle-feed-spreader-300x225.webp 300w, https:\/\/corn-machine.com\/wp-content\/uploads\/2026\/02\/feeding-process-of-cattle-feed-spreader-16x12.webp 16w\" sizes=\"auto, (max-width: 720px) 100vw, 720px\" \/><figcaption class=\"wp-element-caption\">processo de alimenta\u00e7\u00e3o do espalhador de ra\u00e7\u00e3o de gado<\/figcaption><\/figure> <\/figure>    <h2 class=\"wp-block-heading\"><strong>Princ\u00edpio de funcionamento da m\u00e1quina distribuidora de ra\u00e7\u00e3o para silagem<\/strong><\/h2>    <p>O espalhador de ra\u00e7\u00e3o para gado \u00e9 um sistema de alimenta\u00e7\u00e3o de ra\u00e7\u00e3o total misturada (TMR) horizontal. Seu princ\u00edpio de funcionamento \u00e9 simples:<\/p>    <ol class=\"wp-block-list\"> <li>Primeiro, a mistura de ra\u00e7\u00e3o TMR \u00e9 carregada na cuba de alimenta\u00e7\u00e3o.<\/li>    <li>A h\u00e9lice no hopper mistura a ra\u00e7\u00e3o de forma uniforme e a descarrega atrav\u00e9s de um sistema de transporte horizontal.<\/li>    <li>A ra\u00e7\u00e3o \u00e9 descarregada de forma uniforme atrav\u00e9s do bocal de espalhamento (pode ser espalhada nos lados esquerdo ou direito).<\/li> <\/ol>    <p>A Taizy oferece duas solu\u00e7\u00f5es de energia para atender \u00e0s necessidades de diferentes ambientes agr\u00edcolas, adaptando-se \u00e0s condi\u00e7\u00f5es de fornecimento de energia em v\u00e1rias regi\u00f5es.<\/p>    <figure class=\"wp-block-gallery has-nested-images columns-default is-cropped wp-block-gallery-3 is-layout-flex wp-block-gallery-is-layout-flex\"> <figure class=\"wp-block-image size-large\"><img loading=\"lazy\" decoding=\"async\" width=\"720\" height=\"540\" data-id=\"1468\" src=\"https:\/\/corn-machine.com\/wp-content\/uploads\/2026\/02\/internal-structure-of-a-silage-feed-spreader.webp\" alt=\"estrutura interna de um espalhador de silagem\" class=\"wp-image-1468\" title=\"\" srcset=\"https:\/\/corn-machine.com\/wp-content\/uploads\/2026\/02\/internal-structure-of-a-silage-feed-spreader.webp 720w, https:\/\/corn-machine.com\/wp-content\/uploads\/2026\/02\/internal-structure-of-a-silage-feed-spreader-300x225.webp 300w, https:\/\/corn-machine.com\/wp-content\/uploads\/2026\/02\/internal-structure-of-a-silage-feed-spreader-16x12.webp 16w\" sizes=\"auto, (max-width: 720px) 100vw, 720px\" \/><figcaption class=\"wp-element-caption\">estrutura interna de um espalhador de silagem<\/figcaption><\/figure>    <figure class=\"wp-block-image size-large\"><img loading=\"lazy\" decoding=\"async\" width=\"720\" height=\"540\" data-id=\"1462\" src=\"https:\/\/corn-machine.com\/wp-content\/uploads\/2026\/02\/conveying-system-of-the-fodder-spreader.webp\" alt=\"sistema de transporte do espalhador de forragem\" class=\"wp-image-1462\" title=\"\" srcset=\"https:\/\/corn-machine.com\/wp-content\/uploads\/2026\/02\/conveying-system-of-the-fodder-spreader.webp 720w, https:\/\/corn-machine.com\/wp-content\/uploads\/2026\/02\/conveying-system-of-the-fodder-spreader-300x225.webp 300w, https:\/\/corn-machine.com\/wp-content\/uploads\/2026\/02\/conveying-system-of-the-fodder-spreader-16x12.webp 16w\" sizes=\"auto, (max-width: 720px) 100vw, 720px\" \/><figcaption class=\"wp-element-caption\">sistema de transporte do espalhador de forragem<\/figcaption><\/figure> <\/figure>    <h2 class=\"wp-block-heading\"><strong>Op\u00e7\u00f5es de energia: El\u00e9trico vs Diesel espalhador de ra\u00e7\u00e3o para gado<\/strong><\/h2>    <h3 class=\"wp-block-heading\"><strong>M\u00e1quina el\u00e9trica de distribui\u00e7\u00e3o de ra\u00e7\u00e3o de silagem<\/strong><\/h3>    <p class=\"translation-block\"><strong>Tipo de bateria:<\/strong><\/p>    <ul class=\"wp-block-list\"> <li>Bateria de c\u00e9lula seca \u2013 adequada para ambientes abaixo de 0\u00b0C<\/li>    <li>Bateria de l\u00edtio \u2013 adequada para ambientes acima de 0\u00b0C<\/li> <\/ul>    <p class=\"translation-block\"><strong>Consumo de energia:<\/strong><\/p>    <p>Descarga: at\u00e9 60 km<\/p>    <p>Totalmente carregado: 20\u201330 km<\/p>    <p class=\"translation-block\"><strong>Vantagens:<\/strong><\/p>    <ol class=\"wp-block-list\"> <li>Baixo ru\u00eddo<\/li>    <li>Emiss\u00f5es zero<\/li>    <li>Custos operacionais mais baixos<\/li> <\/ol>    <p>Adequado para fazendas internas ou semiabertas<\/p>   <div class=\"wp-block-image\"> <figure class=\"aligncenter size-full\"><img loading=\"lazy\" decoding=\"async\" width=\"720\" height=\"540\" src=\"https:\/\/corn-machine.com\/wp-content\/uploads\/2026\/02\/electric-cattle-and-sheep-spreader-feeder-car.webp\" alt=\"Carro de espalhador de gado e ovelhas el\u00e9trico\" class=\"wp-image-1461\" title=\"\" srcset=\"https:\/\/corn-machine.com\/wp-content\/uploads\/2026\/02\/electric-cattle-and-sheep-spreader-feeder-car.webp 720w, https:\/\/corn-machine.com\/wp-content\/uploads\/2026\/02\/electric-cattle-and-sheep-spreader-feeder-car-300x225.webp 300w, https:\/\/corn-machine.com\/wp-content\/uploads\/2026\/02\/electric-cattle-and-sheep-spreader-feeder-car-16x12.webp 16w\" sizes=\"auto, (max-width: 720px) 100vw, 720px\" \/><figcaption class=\"wp-element-caption\">Carro de espalhador de gado e ovelhas el\u00e9trico<\/figcaption><\/figure> <\/div>   <h3 class=\"wp-block-heading\"><strong>Espalhador de silagem a diesel<\/strong><\/h3>    <p class=\"translation-block\"><strong>Faixa de capacidade<\/strong>: 3\u201312 metros c\u00fabicos<\/p>    <p class=\"translation-block\"><strong>Vantagens:<\/strong><\/p>    <ol class=\"wp-block-list\"> <li>Longas horas de trabalho<\/li>    <li>Fornecimento de energia est\u00e1vel<\/li>    <li>Cilindro de a\u00e7o inox opcional<\/li> <\/ol>    <p>Adequado para opera\u00e7\u00f5es externas e de alta resist\u00eancia<\/p>   <div class=\"wp-block-image\"> <figure class=\"aligncenter size-full\"><img loading=\"lazy\" decoding=\"async\" width=\"720\" height=\"540\" src=\"https:\/\/corn-machine.com\/wp-content\/uploads\/2026\/02\/diesel-engine-type-cow-feed-manure-spreader.webp\" alt=\"Tipo de motor a diesel para espalhador de esterco de vaca\" class=\"wp-image-1460\" title=\"\" srcset=\"https:\/\/corn-machine.com\/wp-content\/uploads\/2026\/02\/diesel-engine-type-cow-feed-manure-spreader.webp 720w, https:\/\/corn-machine.com\/wp-content\/uploads\/2026\/02\/diesel-engine-type-cow-feed-manure-spreader-300x225.webp 300w, https:\/\/corn-machine.com\/wp-content\/uploads\/2026\/02\/diesel-engine-type-cow-feed-manure-spreader-16x12.webp 16w\" sizes=\"auto, (max-width: 720px) 100vw, 720px\" \/><figcaption class=\"wp-element-caption\">Tipo de motor a diesel para espalhador de esterco de vaca<\/figcaption><\/figure> <\/div>   <h2 class=\"wp-block-heading\"><strong>Capacidade e op\u00e7\u00f5es de personaliza\u00e7\u00e3o para espalhador de ra\u00e7\u00e3o para ovelhas<\/strong><\/h2>    <p>Modelos padr\u00e3o est\u00e3o dispon\u00edveis em 2 metros c\u00fabicos, 3 metros c\u00fabicos, 5 metros c\u00fabicos e 8 metros c\u00fabicos, e tamb\u00e9m h\u00e1 op\u00e7\u00f5es de personaliza\u00e7\u00e3o para outros requisitos.<\/p>    <p>Al\u00e9m da sele\u00e7\u00e3o do modelo, tamb\u00e9m oferecemos servi\u00e7os de personaliza\u00e7\u00e3o para detalhes da m\u00e1quina:<\/p>    <p>Altura de espalhamento<\/p>    <p>Tipo de bateria e capacidade<\/p>    <p>Altura total da m\u00e1quina<\/p>    <p>Pista de rodas<\/p>    <p>A Taizy pode fornecer solu\u00e7\u00f5es de espalhador de ra\u00e7\u00e3o para gado totalmente personalizadas com base no tamanho da sua fazenda, m\u00e9todo de alimenta\u00e7\u00e3o e detalhes do seu sistema de Ra\u00e7\u00e3o Total Misturada (TMR).<\/p>    <h2 class=\"wp-block-heading\"><strong>Para que pode ser usado este alimentador de gado?<\/strong><\/h2>    <p>Este espalhador de ra\u00e7\u00e3o para gado foi projetado para atender \u00e0s necessidades de alimenta\u00e7\u00e3o de v\u00e1rios cen\u00e1rios de cria\u00e7\u00e3o de animais. Pode ser amplamente utilizado nas seguintes situa\u00e7\u00f5es:<\/p>    <ul class=\"wp-block-list\"> <li>Fazendas de latic\u00ednios: Sua capacidade de operar em corredores estreitos de celeiros o torna ideal para sistemas modernos de cria\u00e7\u00e3o de gado leiteiro.<\/li>    <li>Fazendas de carne bovina: Esta m\u00e1quina de espalhamento de forragem suporta alimenta\u00e7\u00e3o em lotes de diferentes rebanhos e opera eficientemente tanto em celeiros internos quanto em \u00e1reas externas de alimenta\u00e7\u00e3o, ajudando as fazendas a reduzir o esfor\u00e7o de trabalho.<\/li>    <li>Fazendas de ovelhas: Este espalhador de ra\u00e7\u00e3o de tr\u00eas rodas pode distribuir a ra\u00e7\u00e3o com precis\u00e3o sem perturbar a estrutura da alimenta\u00e7\u00e3o.<\/li> <\/ul>    <p>Seu design \u00e9 particularmente adequado para fazendas pequenas e m\u00e9dias. Fazendas pequenas se beneficiam de baixos custos operacionais e f\u00e1cil manuten\u00e7\u00e3o. Fazendas m\u00e9dias podem melhorar a efici\u00eancia atrav\u00e9s de alimenta\u00e7\u00e3o em lotes e redu\u00e7\u00e3o do esfor\u00e7o de trabalho.<\/p>    <figure class=\"wp-block-gallery has-nested-images columns-default is-cropped wp-block-gallery-4 is-layout-flex wp-block-gallery-is-layout-flex\"> <figure class=\"wp-block-image size-large\"><img loading=\"lazy\" decoding=\"async\" width=\"720\" height=\"540\" data-id=\"1466\" src=\"https:\/\/corn-machine.com\/wp-content\/uploads\/2026\/02\/cattle-farm.webp\" alt=\"fazenda de gado\" class=\"wp-image-1466\" title=\"\" srcset=\"https:\/\/corn-machine.com\/wp-content\/uploads\/2026\/02\/cattle-farm.webp 720w, https:\/\/corn-machine.com\/wp-content\/uploads\/2026\/02\/cattle-farm-300x225.webp 300w, https:\/\/corn-machine.com\/wp-content\/uploads\/2026\/02\/cattle-farm-16x12.webp 16w\" sizes=\"auto, (max-width: 720px) 100vw, 720px\" \/><figcaption class=\"wp-element-caption\">fazenda de gado<\/figcaption><\/figure>    <figure class=\"wp-block-image size-large\"><img loading=\"lazy\" decoding=\"async\" width=\"720\" height=\"540\" data-id=\"1467\" src=\"https:\/\/corn-machine.com\/wp-content\/uploads\/2026\/02\/sheep-farm.webp\" alt=\"fazenda de ovelhas\" class=\"wp-image-1467\" title=\"\" srcset=\"https:\/\/corn-machine.com\/wp-content\/uploads\/2026\/02\/sheep-farm.webp 720w, https:\/\/corn-machine.com\/wp-content\/uploads\/2026\/02\/sheep-farm-300x225.webp 300w, https:\/\/corn-machine.com\/wp-content\/uploads\/2026\/02\/sheep-farm-16x12.webp 16w\" sizes=\"auto, (max-width: 720px) 100vw, 720px\" \/><figcaption class=\"wp-element-caption\">fazenda de ovelhas<\/figcaption><\/figure> <\/figure>    <p>For more pricing information, don&#8217;t hesitate to get in touch with us for the latest updates.<\/p>    <p>Produtos relacionados de silagem: <\/p>    <ul class=\"wp-block-list\"> <li><a href=\"https:\/\/corn-machine.com\/pt\/product\/corn-silage-bale-wrapper-machine\/\">M\u00e1quina de Embalagem de Silagem de Milho<\/a><\/li>    <li><a href=\"https:\/\/corn-machine.com\/pt\/product\/forage-chopper-for-silage-stalks-cutting\/\">Triturador de Forragem para Corte de Espigas de Silagem<\/a><\/li> <\/ul>    <p><\/p>","protected":false},"excerpt":{"rendered":"<p>The Taizy cattle feed spreader is designed for efficient TMR spreading on cattle and sheep farms. It is available in both electric and diesel power options, features three-wheel drive, and allows for adjustable spreading speed.<\/p>","protected":false},"author":1,"featured_media":1469,"parent":0,"template":"","tags":[55],"product-type":[60],"class_list":["post-1447","product","type-product","status-publish","has-post-thumbnail","hentry","tag-cornsilage","product-type-corn-silage-mixer"],"_links":{"self":[{"href":"https:\/\/corn-machine.com\/pt\/wp-json\/wp\/v2\/product\/1447","targetHints":{"allow":["GET"]}}],"collection":[{"href":"https:\/\/corn-machine.com\/pt\/wp-json\/wp\/v2\/product"}],"about":[{"href":"https:\/\/corn-machine.com\/pt\/wp-json\/wp\/v2\/types\/product"}],"author":[{"embeddable":true,"href":"https:\/\/corn-machine.com\/pt\/wp-json\/wp\/v2\/users\/1"}],"wp:featuredmedia":[{"embeddable":true,"href":"https:\/\/corn-machine.com\/pt\/wp-json\/wp\/v2\/media\/1469"}],"wp:attachment":[{"href":"https:\/\/corn-machine.com\/pt\/wp-json\/wp\/v2\/media?parent=1447"}],"wp:term":[{"taxonomy":"post_tag","embeddable":true,"href":"https:\/\/corn-machine.com\/pt\/wp-json\/wp\/v2\/tags?post=1447"},{"taxonomy":"product-type","embeddable":true,"href":"https:\/\/corn-machine.com\/pt\/wp-json\/wp\/v2\/product-type?post=1447"}],"curies":[{"name":"wp","href":"https:\/\/api.w.org\/{rel}","templated":true}]}}