{"id":1505,"date":"2026-02-10T13:49:40","date_gmt":"2026-02-10T05:49:40","guid":{"rendered":"https:\/\/corn-machine.com\/?post_type=product&#038;p=1505"},"modified":"2026-02-10T14:12:13","modified_gmt":"2026-02-10T06:12:13","slug":"small-type-corn-seed-remover-machine","status":"publish","type":"product","link":"https:\/\/corn-machine.com\/pt\/product\/small-type-corn-seed-remover-machine\/","title":{"rendered":"M\u00e1quina autom\u00e1tica de remo\u00e7\u00e3o de sementes de milho de pequeno tipo"},"content":{"rendered":"<p class=\"translation-block\">A <strong>m\u00e1quina de remo\u00e7\u00e3o de sementes de milho<\/strong> foi projetada especificamente para explora\u00e7\u00f5es agr\u00edcolas de pequeno e m\u00e9dio porte. \u00c9 compacta e possui uma alta efici\u00eancia de debulha de 3-4 toneladas por hora com 3 op\u00e7\u00f5es de energia (motor a gasolina, motor a diesel e motor el\u00e9trico). <\/p>    <p>Atende aos padr\u00f5es internacionais de exporta\u00e7\u00e3o de m\u00e1quinas, como CE, tornando-se uma escolha ideal para utilizadores individuais e distribuidores. As m\u00e1quinas s\u00e3o vendidas diretamente da f\u00e1brica com descontos especiais para compras em grande quantidade.<\/p>    <figure class=\"wp-block-embed aligncenter is-type-video is-provider-youtube wp-block-embed-youtube wp-embed-aspect-16-9 wp-has-aspect-ratio\"><div class=\"wp-block-embed__wrapper\"> <iframe loading=\"lazy\" title=\"Corn Seed Remover Machine 3\u20134t\/h | Structure &amp; Working Performance Test Contact: +8617703863868\" width=\"500\" height=\"281\" src=\"https:\/\/www.youtube.com\/embed\/c4dhKK8s3h8?feature=oembed\" frameborder=\"0\" allow=\"accelerometer; autoplay; clipboard-write; encrypted-media; gyroscope; picture-in-picture; web-share\" referrerpolicy=\"strict-origin-when-cross-origin\" allowfullscreen><\/iframe> <\/div><figcaption class=\"wp-element-caption\">V\u00eddeo de funcionamento da m\u00e1quina de remo\u00e7\u00e3o de sementes de milho<\/figcaption><\/figure>    <h2 class=\"wp-block-heading\"><strong>Principais vantagens da m\u00e1quina de remo\u00e7\u00e3o de sementes de milho<\/strong><\/h2>    <ul class=\"wp-block-list\"> <li>Ao contr\u00e1rio do equipamento de debulha convencional, esta debulhadora de milho utiliza um tambor de debulhar e uma tela c\u00f4ncava projetados cientificamente, resultando numa alta taxa de separa\u00e7\u00e3o de sementes de milho, baixa taxa de quebra de sementes e sa\u00edda limpa com impurezas m\u00ednimas.<\/li>    <li>A m\u00e1quina de debulhar milho tem uma pegada pequena e um design de estrutura compacto e integrado, o que facilita o transporte em contentores e reduz os custos log\u00edsticos, al\u00e9m de simplificar a instala\u00e7\u00e3o e opera\u00e7\u00e3o para o utilizador final.<\/li>    <li>Para atender \u00e0s diferentes necessidades, est\u00e3o dispon\u00edveis tr\u00eas op\u00e7\u00f5es de energia: motor el\u00e9trico, motor a diesel e motor a gasolina. Al\u00e9m disso, esta debulhadora agr\u00edcola de milho pode ser personalizada com pneus, cores e mais.<\/li> <\/ul>    <figure class=\"wp-block-gallery has-nested-images columns-default is-cropped wp-block-gallery-2 is-layout-flex wp-block-gallery-is-layout-flex\"> <figure class=\"wp-block-image size-large\"><img loading=\"lazy\" decoding=\"async\" width=\"720\" height=\"540\" data-id=\"1516\" src=\"https:\/\/corn-machine.com\/wp-content\/uploads\/2026\/02\/maize-sheller-maize-shelling-machine.webp\" alt=\"Debulhadora de milho m\u00e1quina de debulhar milho\" class=\"wp-image-1516\" title=\"\" srcset=\"https:\/\/corn-machine.com\/wp-content\/uploads\/2026\/02\/maize-sheller-maize-shelling-machine.webp 720w, https:\/\/corn-machine.com\/wp-content\/uploads\/2026\/02\/maize-sheller-maize-shelling-machine-300x225.webp 300w, https:\/\/corn-machine.com\/wp-content\/uploads\/2026\/02\/maize-sheller-maize-shelling-machine-16x12.webp 16w\" sizes=\"auto, (max-width: 720px) 100vw, 720px\" \/><figcaption class=\"wp-element-caption\">Debulhadora de milho m\u00e1quina de debulhar milho<\/figcaption><\/figure>    <figure class=\"wp-block-image size-large\"><img loading=\"lazy\" decoding=\"async\" width=\"720\" height=\"540\" data-id=\"1517\" src=\"https:\/\/corn-machine.com\/wp-content\/uploads\/2026\/02\/threshing-effect-demonstration.webp\" alt=\"Demonstra\u00e7\u00e3o do efeito de debulha\" class=\"wp-image-1517\" title=\"\" srcset=\"https:\/\/corn-machine.com\/wp-content\/uploads\/2026\/02\/threshing-effect-demonstration.webp 720w, https:\/\/corn-machine.com\/wp-content\/uploads\/2026\/02\/threshing-effect-demonstration-300x225.webp 300w, https:\/\/corn-machine.com\/wp-content\/uploads\/2026\/02\/threshing-effect-demonstration-16x12.webp 16w\" sizes=\"auto, (max-width: 720px) 100vw, 720px\" \/><figcaption class=\"wp-element-caption\">Demonstra\u00e7\u00e3o do efeito de debulha<\/figcaption><\/figure> <\/figure>    <h2 class=\"wp-block-heading\"><strong>Estrutura da m\u00e1quina e princ\u00edpio de funcionamento da m\u00e1quina de debulhar milho<\/strong><\/h2>    <p>Como mostrado no diagrama abaixo, a m\u00e1quina de remo\u00e7\u00e3o de sementes de milho consiste principalmente nas seguintes partes:<\/p>    <ul class=\"wp-block-list\"> <li>Entrada de alimenta\u00e7\u00e3o com prote\u00e7\u00e3o<\/li>    <li>Sa\u00edda de gr\u00e3os de milho e sa\u00edda de espigas de milho<\/li>    <li>Estrutura de a\u00e7o com design amortecedor de choques<\/li>    <li>Sistema de transmiss\u00e3o de pot\u00eancia (Correias e polias)<\/li> <\/ul>   <div class=\"wp-block-image\"> <figure class=\"aligncenter size-full\"><img loading=\"lazy\" decoding=\"async\" width=\"720\" height=\"540\" src=\"https:\/\/corn-machine.com\/wp-content\/uploads\/2026\/02\/structure-of-corn-seed-removing-machine.webp\" alt=\"Estrutura da m\u00e1quina de remo\u00e7\u00e3o de sementes de milho\" class=\"wp-image-1513\" title=\"\" srcset=\"https:\/\/corn-machine.com\/wp-content\/uploads\/2026\/02\/structure-of-corn-seed-removing-machine.webp 720w, https:\/\/corn-machine.com\/wp-content\/uploads\/2026\/02\/structure-of-corn-seed-removing-machine-300x225.webp 300w, https:\/\/corn-machine.com\/wp-content\/uploads\/2026\/02\/structure-of-corn-seed-removing-machine-16x12.webp 16w\" sizes=\"auto, (max-width: 720px) 100vw, 720px\" \/><figcaption class=\"wp-element-caption\">Estrutura da m\u00e1quina de remo\u00e7\u00e3o de sementes de milho<\/figcaption><\/figure> <\/div>   <p>O seu princ\u00edpio de funcionamento tamb\u00e9m \u00e9 simples:<\/p>    <p>Os gr\u00e3os s\u00e3o alimentados manualmente na m\u00e1quina atrav\u00e9s da entrada de alimenta\u00e7\u00e3o \u2192 o tambor rotativo golpeia e esfrega os gr\u00e3os \u2192 as sementes de milho caem atrav\u00e9s da tela \u2192 as espigas de milho s\u00e3o descarregadas separadamente pela sa\u00edda traseira \u2192 as sementes limpas s\u00e3o recolhidas na parte inferior.<\/p>    <h2 class=\"wp-block-heading\"><strong>Par\u00e2metros t\u00e9cnicos da m\u00e1quina de remo\u00e7\u00e3o de sementes de milho SL-B1<\/strong><\/h2>    <figure class=\"wp-block-table\"><table class=\"has-fixed-layout\"><tbody><tr><td>Capacidade<\/td><td>3-4t\/h<\/td><\/tr><tr><td>Poder<\/td><td>Motor el\u00e9trico, motor a gasolina ou motor a diesel<\/td><\/tr><tr><td>Tamanho<\/td><td>1100mm*800mm*700mm<\/td><\/tr><tr><td>Peso<\/td><td>90kg<\/td><\/tr><\/tbody><\/table><figcaption class=\"wp-element-caption\">Especifica\u00e7\u00f5es da m\u00e1quina de remo\u00e7\u00e3o de sementes de milho<\/figcaption><\/figure>    <p>Apoiamos v\u00e1rias op\u00e7\u00f5es de energia e tamb\u00e9m oferecemos servi\u00e7os de personaliza\u00e7\u00e3o, incluindo substitui\u00e7\u00e3o de pneus personalizada, configura\u00e7\u00f5es de voltagem, configura\u00e7\u00f5es de cor, etc.<\/p>    <figure class=\"wp-block-gallery has-nested-images columns-default is-cropped wp-block-gallery-3 is-layout-flex wp-block-gallery-is-layout-flex\"> <figure class=\"wp-block-image size-large\"><img loading=\"lazy\" decoding=\"async\" width=\"720\" height=\"540\" data-id=\"1519\" src=\"https:\/\/corn-machine.com\/wp-content\/uploads\/2026\/02\/customized-small-wheel.webp\" alt=\"roda pequena personalizada\" class=\"wp-image-1519\" title=\"\" srcset=\"https:\/\/corn-machine.com\/wp-content\/uploads\/2026\/02\/customized-small-wheel.webp 720w, https:\/\/corn-machine.com\/wp-content\/uploads\/2026\/02\/customized-small-wheel-300x225.webp 300w, https:\/\/corn-machine.com\/wp-content\/uploads\/2026\/02\/customized-small-wheel-16x12.webp 16w\" sizes=\"auto, (max-width: 720px) 100vw, 720px\" \/><figcaption class=\"wp-element-caption\">roda pequena personalizada<\/figcaption><\/figure>    <figure class=\"wp-block-image size-large\"><img loading=\"lazy\" decoding=\"async\" width=\"720\" height=\"540\" data-id=\"1518\" src=\"https:\/\/corn-machine.com\/wp-content\/uploads\/2026\/02\/customized-large-tires.webp\" alt=\"personaliza\u00e7\u00e3o de pneus grandes\" class=\"wp-image-1518\" title=\"\" srcset=\"https:\/\/corn-machine.com\/wp-content\/uploads\/2026\/02\/customized-large-tires.webp 720w, https:\/\/corn-machine.com\/wp-content\/uploads\/2026\/02\/customized-large-tires-300x225.webp 300w, https:\/\/corn-machine.com\/wp-content\/uploads\/2026\/02\/customized-large-tires-16x12.webp 16w\" sizes=\"auto, (max-width: 720px) 100vw, 720px\" \/><figcaption class=\"wp-element-caption\">personaliza\u00e7\u00e3o de pneus grandes<\/figcaption><\/figure> <\/figure>    <p>Se tiver necessidades adicionais de personaliza\u00e7\u00e3o ou desejar saber mais sobre esta m\u00e1quina, por favor, entre em contacto connosco para as informa\u00e7\u00f5es mais recentes.<\/p>    <h2 class=\"wp-block-heading\"><strong>Op\u00e7\u00f5es de energia para diferentes escolhas<\/strong><\/h2>    <p>Para atender \u00e0s diversas condi\u00e7\u00f5es de energia e h\u00e1bitos de uso de diferentes regi\u00f5es, o debulhador de milho SL-B oferece tr\u00eas configura\u00e7\u00f5es de energia flex\u00edveis. Os clientes podem escolher ou combinar diferentes configura\u00e7\u00f5es com base nas necessidades do mercado local.<\/p>    <h3 class=\"wp-block-heading\"><strong>Motor el\u00e9trico de 2,2\u20133 kW<\/strong><\/h3>    <p class=\"translation-block\"><strong>Fornecimento de energia<\/strong>: 220V, monof\u00e1sico, 50Hz (personaliz\u00e1vel)<\/p>    <p>O modelo el\u00e9trico \u00e9 adequado para \u00e1reas com fornecimento de energia est\u00e1vel, como pequenas unidades de processamento de gr\u00e3os, locais de processamento fixos e cooperativas.<\/p>    <p class=\"translation-block\"><strong>Vantagens<\/strong>:<\/p>    <ul class=\"wp-block-list\"> <li>Custos operacionais baixos<\/li>    <li>Arranque simples e opera\u00e7\u00e3o est\u00e1vel<\/li>    <li>Opera\u00e7\u00e3o silenciosa e baixa vibra\u00e7\u00e3o<\/li>    <li>F\u00e1cil manuten\u00e7\u00e3o e longa vida \u00fatil<\/li> <\/ul>    <p>Este tipo de m\u00e1quina de remo\u00e7\u00e3o de sementes de milho \u00e9 popular em mercados onde os pre\u00e7os da eletricidade s\u00e3o baixos e o abastecimento \u00e9 confi\u00e1vel, ajudando os distribuidores a fornecer solu\u00e7\u00f5es econ\u00f4micas aos utilizadores finais.<\/p>   <div class=\"wp-block-image\"> <figure class=\"aligncenter size-full\"><img loading=\"lazy\" decoding=\"async\" width=\"720\" height=\"540\" src=\"https:\/\/corn-machine.com\/wp-content\/uploads\/2026\/02\/corn-sheller-machine-with-motor.webp\" alt=\"m\u00e1quina de debulhar milho com motor\" class=\"wp-image-1510\" title=\"\" srcset=\"https:\/\/corn-machine.com\/wp-content\/uploads\/2026\/02\/corn-sheller-machine-with-motor.webp 720w, https:\/\/corn-machine.com\/wp-content\/uploads\/2026\/02\/corn-sheller-machine-with-motor-300x225.webp 300w, https:\/\/corn-machine.com\/wp-content\/uploads\/2026\/02\/corn-sheller-machine-with-motor-16x12.webp 16w\" sizes=\"auto, (max-width: 720px) 100vw, 720px\" \/><figcaption class=\"wp-element-caption\">m\u00e1quina de debulhar milho com motor<\/figcaption><\/figure> <\/div>   <h3 class=\"wp-block-heading\"><strong>Motor a gasolina 170F<\/strong><\/h3>    <p>A energia a gasolina \u00e9 adequada para \u00e1reas com fornecimento de eletricidade limitado ou inst\u00e1vel ou para pequenas explora\u00e7\u00f5es agr\u00edcolas que requerem opera\u00e7\u00e3o m\u00f3vel. \u00c9 ideal para utilizadores que preferem uma partida f\u00e1cil e uso flex\u00edvel.<\/p>    <p class=\"translation-block\"><strong>Vantagens<\/strong>:<\/p>    <ul class=\"wp-block-list\"> <li>F\u00e1cil de iniciar, especialmente em condi\u00e7\u00f5es de frio<\/li>    <li>Leve e f\u00e1cil de mover<\/li>    <li>Sem depend\u00eancia de uma fonte de energia externa<\/li> <\/ul>    <p>Esta configura\u00e7\u00e3o \u00e9 geralmente preferida por agricultores individuais e pequenos contratantes que necessitam de um debulhador de milho port\u00e1til.<\/p>   <div class=\"wp-block-image\"> <figure class=\"aligncenter size-full\"><img loading=\"lazy\" decoding=\"async\" width=\"720\" height=\"540\" src=\"https:\/\/corn-machine.com\/wp-content\/uploads\/2026\/02\/maize-sheller-machine-with-gasoline-engine.webp\" alt=\"M\u00e1quina de debulhar milho com motor a gasolina\" class=\"wp-image-1511\" title=\"\" srcset=\"https:\/\/corn-machine.com\/wp-content\/uploads\/2026\/02\/maize-sheller-machine-with-gasoline-engine.webp 720w, https:\/\/corn-machine.com\/wp-content\/uploads\/2026\/02\/maize-sheller-machine-with-gasoline-engine-300x225.webp 300w, https:\/\/corn-machine.com\/wp-content\/uploads\/2026\/02\/maize-sheller-machine-with-gasoline-engine-16x12.webp 16w\" sizes=\"auto, (max-width: 720px) 100vw, 720px\" \/><figcaption class=\"wp-element-caption\">M\u00e1quina de debulhar milho com motor a gasolina<\/figcaption><\/figure> <\/div>   <h3 class=\"wp-block-heading\"><strong>Motor a diesel de 6-8 cavalos de pot\u00eancia<\/strong><\/h3>    <p>Esta vers\u00e3o com motor a diesel foi projetada para \u00e1reas rurais e remotas sem fornecimento de eletricidade, adequada para opera\u00e7\u00e3o cont\u00ednua a longo prazo e tarefas di\u00e1rias de debulha de alta intensidade.<\/p>    <p class=\"translation-block\"><strong>Vantagens<\/strong>:<\/p>    <ul class=\"wp-block-list\"> <li>Torque forte e sa\u00edda de energia est\u00e1vel<\/li>    <li>Alta efici\u00eancia de combust\u00edvel, adequada para uso a longo prazo<\/li>    <li>Excelente durabilidade sob carga pesada<\/li> <\/ul>    <p class=\"translation-block\">Este modelo de m\u00e1quina de remo\u00e7\u00e3o de sementes de milho<strong> <\/strong>\u00e9 particularmente popular nos mercados africanos e do Sudeste Asi\u00e1tico, onde os motores a diesel est\u00e3o facilmente dispon\u00edveis e s\u00e3o f\u00e1ceis de manter.<\/p>   <div class=\"wp-block-image\"> <figure class=\"aligncenter size-full\"><img loading=\"lazy\" decoding=\"async\" width=\"720\" height=\"540\" src=\"https:\/\/corn-machine.com\/wp-content\/uploads\/2026\/02\/corn-threshing-machine-with-diesel-engine.webp\" alt=\"Esta pequena m\u00e1quina de remo\u00e7\u00e3o de sementes de milho possui 3 op\u00e7\u00f5es de energia e pode processar 4-5 toneladas de milho por hora. Venda direta da f\u00e1brica Taizy com aceita\u00e7\u00e3o de personaliza\u00e7\u00f5es.\" class=\"wp-image-1512\" title=\"\" srcset=\"https:\/\/corn-machine.com\/wp-content\/uploads\/2026\/02\/corn-threshing-machine-with-diesel-engine.webp 720w, https:\/\/corn-machine.com\/wp-content\/uploads\/2026\/02\/corn-threshing-machine-with-diesel-engine-300x225.webp 300w, https:\/\/corn-machine.com\/wp-content\/uploads\/2026\/02\/corn-threshing-machine-with-diesel-engine-16x12.webp 16w\" sizes=\"auto, (max-width: 720px) 100vw, 720px\" \/><figcaption class=\"wp-element-caption\">Debulhadora de milho com motor a diesel<\/figcaption><\/figure> <\/div>   <h2 class=\"wp-block-heading\"><strong>O que a Taizy pode oferecer aos seus clientes?<\/strong><\/h2>    <p>Como fabricante profissional de maquinaria agr\u00edcola, a Taizy oferece suporte completo aos seus clientes:<\/p>    <ol class=\"wp-block-list\"> <li>Fornecimento direto de f\u00e1brica: Eliminando intermedi\u00e1rios, oferecemos pre\u00e7os altamente competitivos de f\u00e1brica, ajudando a alcan\u00e7ar maiores lucros na revenda.<\/li>    <li>Otimiza\u00e7\u00e3o de pedidos em grande quantidade: Para pedidos em contentores, a Taizy oferece pre\u00e7os mais favor\u00e1veis e solu\u00e7\u00f5es de carregamento otimizadas.<\/li>    <li>Fornecimento de pe\u00e7as sobressalentes a longo prazo: A nossa f\u00e1brica fornece um fornecimento est\u00e1vel de pe\u00e7as de desgaste, garantindo um forte servi\u00e7o p\u00f3s-venda.<\/li>    <li>Apoio \u00e0 personaliza\u00e7\u00e3o: Tamb\u00e9m apoiamos a personaliza\u00e7\u00e3o das cores das m\u00e1quinas, logotipos e marcas, configura\u00e7\u00f5es de energia e outros requisitos de adapta\u00e7\u00e3o ao mercado local.<\/li>    <li>Apoio t\u00e9cnico e de mercado: Ap\u00f3s a conclus\u00e3o do pedido, tamb\u00e9m fornecemos manuais de produtos, v\u00eddeos de opera\u00e7\u00e3o e guias de instala\u00e7\u00e3o.<\/li> <\/ol>    <figure class=\"wp-block-gallery has-nested-images columns-default is-cropped wp-block-gallery-4 is-layout-flex wp-block-gallery-is-layout-flex\"> <figure class=\"wp-block-image size-large\"><img loading=\"lazy\" decoding=\"async\" width=\"720\" height=\"540\" data-id=\"1514\" src=\"https:\/\/corn-machine.com\/wp-content\/uploads\/2026\/02\/optimized-loading-solutions.webp\" alt=\"Solu\u00e7\u00f5es de carregamento otimizadas\" class=\"wp-image-1514\" title=\"\" srcset=\"https:\/\/corn-machine.com\/wp-content\/uploads\/2026\/02\/optimized-loading-solutions.webp 720w, https:\/\/corn-machine.com\/wp-content\/uploads\/2026\/02\/optimized-loading-solutions-300x225.webp 300w, https:\/\/corn-machine.com\/wp-content\/uploads\/2026\/02\/optimized-loading-solutions-16x12.webp 16w\" sizes=\"auto, (max-width: 720px) 100vw, 720px\" \/><figcaption class=\"wp-element-caption\">Solu\u00e7\u00f5es de carregamento otimizadas<\/figcaption><\/figure>    <figure class=\"wp-block-image size-large\"><img loading=\"lazy\" decoding=\"async\" width=\"720\" height=\"540\" data-id=\"1515\" src=\"https:\/\/corn-machine.com\/wp-content\/uploads\/2026\/02\/Taizy-factory.webp\" alt=\"F\u00e1brica Taizy\" class=\"wp-image-1515\" title=\"\" srcset=\"https:\/\/corn-machine.com\/wp-content\/uploads\/2026\/02\/Taizy-factory.webp 720w, https:\/\/corn-machine.com\/wp-content\/uploads\/2026\/02\/Taizy-factory-300x225.webp 300w, https:\/\/corn-machine.com\/wp-content\/uploads\/2026\/02\/Taizy-factory-16x12.webp 16w\" sizes=\"auto, (max-width: 720px) 100vw, 720px\" \/><figcaption class=\"wp-element-caption\">F\u00e1brica Taizy<\/figcaption><\/figure> <\/figure>    <p>Esta m\u00e1quina de remo\u00e7\u00e3o de sementes de milho \u00e9 amplamente popular entre os clientes devido \u00e0s suas op\u00e7\u00f5es de energia flex\u00edveis, multifuncionalidade e forte suporte do fabricante. Se procura um fornecedor confi\u00e1vel de debulhadores de milho, a Taizy est\u00e1 pronta para ajudar o seu neg\u00f3cio a crescer.<\/p>    <p>Outros modelos de debulhadoras de milho: <\/p>    <ul class=\"wp-block-list\"> <li><a href=\"https:\/\/corn-machine.com\/pt\/product\/multi-function-corn-thresher\/\">Triturador de Milho Multifuncional<\/a>: adequado para debulhar milho, soja, trigo, sorgo, millet e outras culturas.<\/li>    <li><a href=\"https:\/\/corn-machine.com\/pt\/product\/automatic-corn-sheller\/\">M\u00e1quina de debulhar milho<\/a>: \u226599,5% de taxa de debulha e \u22642,0% de taxa de perda com \u22641,5% de taxa de quebra.<\/li> <\/ul>","protected":false},"excerpt":{"rendered":"<p>This corn thresher has a processing capacity of 3-4 tons per hour and offers a variety of power options. Its compact size, light weight, and ease of transport, installation, and bulk sales make it a highly sought-after product in the agricultural machinery market.<\/p>","protected":false},"author":1,"featured_media":1509,"parent":0,"template":"","tags":[31],"product-type":[42],"class_list":["post-1505","product","type-product","status-publish","has-post-thumbnail","hentry","tag-corn","product-type-maize-sheller-machine"],"_links":{"self":[{"href":"https:\/\/corn-machine.com\/pt\/wp-json\/wp\/v2\/product\/1505","targetHints":{"allow":["GET"]}}],"collection":[{"href":"https:\/\/corn-machine.com\/pt\/wp-json\/wp\/v2\/product"}],"about":[{"href":"https:\/\/corn-machine.com\/pt\/wp-json\/wp\/v2\/types\/product"}],"author":[{"embeddable":true,"href":"https:\/\/corn-machine.com\/pt\/wp-json\/wp\/v2\/users\/1"}],"wp:featuredmedia":[{"embeddable":true,"href":"https:\/\/corn-machine.com\/pt\/wp-json\/wp\/v2\/media\/1509"}],"wp:attachment":[{"href":"https:\/\/corn-machine.com\/pt\/wp-json\/wp\/v2\/media?parent=1505"}],"wp:term":[{"taxonomy":"post_tag","embeddable":true,"href":"https:\/\/corn-machine.com\/pt\/wp-json\/wp\/v2\/tags?post=1505"},{"taxonomy":"product-type","embeddable":true,"href":"https:\/\/corn-machine.com\/pt\/wp-json\/wp\/v2\/product-type?post=1505"}],"curies":[{"name":"wp","href":"https:\/\/api.w.org\/{rel}","templated":true}]}}