{"id":1602,"date":"2026-02-26T14:28:54","date_gmt":"2026-02-26T06:28:54","guid":{"rendered":"https:\/\/corn-machine.com\/?post_type=product&#038;p=1602"},"modified":"2026-03-03T11:30:32","modified_gmt":"2026-03-03T03:30:32","slug":"5tym-850-maize-shelling-machine","status":"publish","type":"product","link":"https:\/\/corn-machine.com\/pt\/product\/5tym-850-maize-shelling-machine\/","title":{"rendered":"M\u00e1quina de descasque de milho 5TYM-850"},"content":{"rendered":"<p class=\"translation-block\">O 5TYM-850 <strong>m\u00e1quina de debulhar milho<\/strong> \u00e9 um equipamento especializado para debulhar milho. Com seus pneus de grande di\u00e2metro, chassis refor\u00e7ado e sistema de limpeza com ventilador de grande porte, \u00e9 ideal para opera\u00e7\u00f5es de campo e reloca\u00e7\u00e3o frequente.<\/p>    <p>O seu tamanho compacto e alta efici\u00eancia de produ\u00e7\u00e3o de 4-6 t\/h, juntamente com uma taxa de debulha de 99%, fazem dela uma escolha preferida para fornecedores locais e projetos de licita\u00e7\u00e3o internacional, que j\u00e1 ajudaram pa\u00edses como Eti\u00f3pia e G\u00e2mbia a completar projetos de desenvolvimento agr\u00edcola.<\/p>    <figure class=\"wp-block-gallery has-nested-images columns-default is-cropped wp-block-gallery-2 is-layout-flex wp-block-gallery-is-layout-flex\"> <figure class=\"wp-block-image size-large\"><img loading=\"lazy\" decoding=\"async\" width=\"720\" height=\"540\" data-id=\"1608\" src=\"https:\/\/corn-machine.com\/wp-content\/uploads\/2026\/02\/Ethiopian-corn-thresher-trial-operation.webp\" alt=\"Opera\u00e7\u00e3o de teste da debulhadora de milho na Eti\u00f3pia\" class=\"wp-image-1608\" title=\"\" srcset=\"https:\/\/corn-machine.com\/wp-content\/uploads\/2026\/02\/Ethiopian-corn-thresher-trial-operation.webp 720w, https:\/\/corn-machine.com\/wp-content\/uploads\/2026\/02\/Ethiopian-corn-thresher-trial-operation-300x225.webp 300w, https:\/\/corn-machine.com\/wp-content\/uploads\/2026\/02\/Ethiopian-corn-thresher-trial-operation-16x12.webp 16w\" sizes=\"auto, (max-width: 720px) 100vw, 720px\" \/><figcaption class=\"wp-element-caption\">Opera\u00e7\u00e3o de teste da debulhadora de milho na Eti\u00f3pia<\/figcaption><\/figure>    <figure class=\"wp-block-image size-large\"><img loading=\"lazy\" decoding=\"async\" width=\"720\" height=\"540\" data-id=\"1609\" src=\"https:\/\/corn-machine.com\/wp-content\/uploads\/2026\/02\/Gambia-tenders-for-65-corn-threshers.webp\" alt=\"G\u00e2mbia lan\u00e7a concurso para 65 debulhadores de milho\" class=\"wp-image-1609\" title=\"\" srcset=\"https:\/\/corn-machine.com\/wp-content\/uploads\/2026\/02\/Gambia-tenders-for-65-corn-threshers.webp 720w, https:\/\/corn-machine.com\/wp-content\/uploads\/2026\/02\/Gambia-tenders-for-65-corn-threshers-300x225.webp 300w, https:\/\/corn-machine.com\/wp-content\/uploads\/2026\/02\/Gambia-tenders-for-65-corn-threshers-16x12.webp 16w\" sizes=\"auto, (max-width: 720px) 100vw, 720px\" \/><figcaption class=\"wp-element-caption\">G\u00e2mbia lan\u00e7a concurso para 65 debulhadores de milho<\/figcaption><\/figure> <\/figure>    <h2 class=\"wp-block-heading\"><strong>Vantagens deste debulhador de milho em compara\u00e7\u00e3o com outros tipos<\/strong><\/h2>    <ol class=\"wp-block-list\"> <li>F\u00e1cil mobilidade: Equipado com pneus grandes e chassis robusto, a m\u00e1quina de debulhar milho pode ser facilmente movida ao longo de estradas rurais e em terras agr\u00edcolas.<\/li>    <li>Superior cleaning system: The corn sheller machine&#8217;s large fan efficiently removes minor impurities, resulting in clean kernels and reducing the need for secondary cleaning.<\/li>    <li>Separa\u00e7\u00e3o totalmente autom\u00e1tica: Equipado com um sistema de separa\u00e7\u00e3o por vento, separa automaticamente gr\u00e3os, espigas, cascas e farelo.<\/li>    <li>Baixo dano ao gr\u00e3o: A taxa de quebra do gr\u00e3o nesta debulhadora de milho \u00e9 \u22643%, garantindo um valor de mercado mais alto ao vender.<\/li>    <li>M\u00faltiplas op\u00e7\u00f5es de energia: Pode-se escolher um motor el\u00e9trico trif\u00e1sico ou motor a diesel como fonte de energia, conforme necess\u00e1rio.<\/li> <\/ol>    <figure class=\"wp-block-gallery has-nested-images columns-default is-cropped wp-block-gallery-3 is-layout-flex wp-block-gallery-is-layout-flex\"> <figure class=\"wp-block-image size-large\"><img loading=\"lazy\" decoding=\"async\" width=\"720\" height=\"540\" data-id=\"1611\" src=\"https:\/\/corn-machine.com\/wp-content\/uploads\/2026\/02\/portable-maize-threshing-machine.webp\" alt=\"m\u00e1quina port\u00e1til de debulhar milho\" class=\"wp-image-1611\" title=\"\" srcset=\"https:\/\/corn-machine.com\/wp-content\/uploads\/2026\/02\/portable-maize-threshing-machine.webp 720w, https:\/\/corn-machine.com\/wp-content\/uploads\/2026\/02\/portable-maize-threshing-machine-300x225.webp 300w, https:\/\/corn-machine.com\/wp-content\/uploads\/2026\/02\/portable-maize-threshing-machine-16x12.webp 16w\" sizes=\"auto, (max-width: 720px) 100vw, 720px\" \/><figcaption class=\"wp-element-caption\">m\u00e1quina port\u00e1til de debulhar milho<\/figcaption><\/figure>    <figure class=\"wp-block-image size-large\"><img loading=\"lazy\" decoding=\"async\" width=\"720\" height=\"540\" data-id=\"1610\" src=\"https:\/\/corn-machine.com\/wp-content\/uploads\/2026\/02\/small-corn-sheller-machine.webp\" alt=\"m\u00e1quina de debulhar milho pequena\" class=\"wp-image-1610\" title=\"\" srcset=\"https:\/\/corn-machine.com\/wp-content\/uploads\/2026\/02\/small-corn-sheller-machine.webp 720w, https:\/\/corn-machine.com\/wp-content\/uploads\/2026\/02\/small-corn-sheller-machine-300x225.webp 300w, https:\/\/corn-machine.com\/wp-content\/uploads\/2026\/02\/small-corn-sheller-machine-16x12.webp 16w\" sizes=\"auto, (max-width: 720px) 100vw, 720px\" \/><figcaption class=\"wp-element-caption\">m\u00e1quina de debulhar milho pequena<\/figcaption><\/figure> <\/figure>    <h2 class=\"wp-block-heading\"><strong>Como funciona este debulhador de milho?<\/strong><\/h2>    <p>O fluxo de trabalho consiste principalmente em cinco etapas: fase de alimenta\u00e7\u00e3o \u2192 processo de debulha \u2192 processo de triagem \u2192 remo\u00e7\u00e3o de impurezas \u2192 descarte da espiga de milho.<\/p>    <p>O m\u00e9todo prim\u00e1rio de debulha envolve o uso de um tambor rotativo de alta velocidade e dentes espirais para separar os gr\u00e3os de milho da espiga por martelamento e fric\u00e7\u00e3o.<\/p>    <p>Os gr\u00e3os de milho debulhados deslizam sobre uma tela vibrat\u00f3ria por meio de uma placa deslizante e caem abaixo da tela, enquanto as espigas de milho partidas s\u00e3o descarregadas atrav\u00e9s da tela vibrat\u00f3ria. As cascas e impurezas leves s\u00e3o sopradas para a entrada do soprador e descarregadas por um ventilador de alta pot\u00eancia.<\/p>    <figure class=\"wp-block-embed aligncenter is-type-video is-provider-youtube wp-block-embed-youtube wp-embed-aspect-16-9 wp-has-aspect-ratio\"><div class=\"wp-block-embed__wrapper\"> <iframe loading=\"lazy\" title=\"V\u00eddeo de funcionamento da m\u00e1quina de debulhar milho 5TYM-850 | Teste de debulhadora de milho 4-6T\/H Contacto:  8617703863868\" width=\"500\" height=\"281\" src=\"https:\/\/www.youtube.com\/embed\/npfx45Ch6q0?feature=oembed\" frameborder=\"0\" allow=\"accelerometer; autoplay; clipboard-write; encrypted-media; gyroscope; picture-in-picture; web-share\" referrerpolicy=\"strict-origin-when-cross-origin\" allowfullscreen><\/iframe> <\/div><figcaption class=\"wp-element-caption\">teste de funcionamento desta m\u00e1quina de debulhar milho<\/figcaption><\/figure>    <h2 class=\"wp-block-heading\"><strong>Estrutura da m\u00e1quina de debulhar milho<\/strong><\/h2>    <p>O debulhador de milho 5TYM-850 consiste nas seguintes partes: estrutura de reboque, pernas de suporte, chassis, rodas, cobertura protetora (incluindo correia em V), entrada de alimenta\u00e7\u00e3o, sa\u00edda do ventilador e motor a diesel.<\/p>    <p>A sua estrutura refor\u00e7ada na base e o design \u00fanico de pneus grandes garantem opera\u00e7\u00e3o suave em estradas rurais e ambientes de campo. Abaixo est\u00e3o as especifica\u00e7\u00f5es estruturais detalhadas.<\/p>   <div class=\"wp-block-image\"> <figure class=\"aligncenter size-full\"><img loading=\"lazy\" decoding=\"async\" width=\"720\" height=\"540\" src=\"https:\/\/corn-machine.com\/wp-content\/uploads\/2026\/02\/structure-of-shelling-corn-machine.webp\" alt=\"estrutura da m\u00e1quina de debulhar milho\" class=\"wp-image-1615\" title=\"\" srcset=\"https:\/\/corn-machine.com\/wp-content\/uploads\/2026\/02\/structure-of-shelling-corn-machine.webp 720w, https:\/\/corn-machine.com\/wp-content\/uploads\/2026\/02\/structure-of-shelling-corn-machine-300x225.webp 300w, https:\/\/corn-machine.com\/wp-content\/uploads\/2026\/02\/structure-of-shelling-corn-machine-16x12.webp 16w\" sizes=\"auto, (max-width: 720px) 100vw, 720px\" \/><figcaption class=\"wp-element-caption\">estrutura da m\u00e1quina de debulhar milho<\/figcaption><\/figure> <\/div>   <h2 class=\"wp-block-heading\"><strong>Par\u00e2metros t\u00e9cnicos da m\u00e1quina de debulhar milho<\/strong><\/h2>    <figure class=\"wp-block-table aligncenter\"><table class=\"has-fixed-layout\"><tbody><tr><td>Modelo<\/td><td>5TYM-850<\/td><\/tr><tr><td>Poder<\/td><td>Motor a diesel de 12hp refrigerado a \u00e1gua, arranque por tra\u00e7\u00e3o.<br>(O motor el\u00e9trico tamb\u00e9m pode ser adicionado.)<\/td><\/tr><tr><td>Capacidade<\/td><td>4-6t\/h<\/td><\/tr><tr><td>Tamanho<\/td><td>2300*1100*1300mm<\/td><\/tr><tr><td>Peso<\/td><td>326kg<\/td><\/tr><tr><td>Efici\u00eancia de limpeza<\/td><td>&gt;=98%<\/td><\/tr><tr><td>Efici\u00eancia de debulha<\/td><td>&gt;=98%<\/td><\/tr><tr><td>Quebra de gr\u00e3os<\/td><td>\u22643%<\/td><\/tr><tr><td>Perda de gr\u00e3os<\/td><td>\u22642%<\/td><\/tr><\/tbody><\/table><figcaption class=\"wp-element-caption\">Especifica\u00e7\u00e3o da m\u00e1quina de debulhar milho<\/figcaption><\/figure>    <p>A cor, o tamanho dos pneus e a voltagem da nossa m\u00e1quina de debulhar milho podem ser personalizadas para atender a requisitos espec\u00edficos. Para mais informa\u00e7\u00f5es sobre personaliza\u00e7\u00e3o, entre em contato conosco.<\/p>   <div class=\"wp-block-image\"> <figure class=\"aligncenter size-full\"><img loading=\"lazy\" decoding=\"async\" width=\"720\" height=\"540\" src=\"https:\/\/corn-machine.com\/wp-content\/uploads\/2026\/02\/automatic-corn-thresher.webp\" alt=\"debulhador de milho autom\u00e1tico\" class=\"wp-image-1612\" title=\"\" srcset=\"https:\/\/corn-machine.com\/wp-content\/uploads\/2026\/02\/automatic-corn-thresher.webp 720w, https:\/\/corn-machine.com\/wp-content\/uploads\/2026\/02\/automatic-corn-thresher-300x225.webp 300w, https:\/\/corn-machine.com\/wp-content\/uploads\/2026\/02\/automatic-corn-thresher-16x12.webp 16w\" sizes=\"auto, (max-width: 720px) 100vw, 720px\" \/><figcaption class=\"wp-element-caption\">debulhador de milho autom\u00e1tico<\/figcaption><\/figure> <\/div>   <h2 class=\"wp-block-heading\"><strong>Regras de instala\u00e7\u00e3o, opera\u00e7\u00e3o e uso seguro para a descascadora de milho<\/strong><\/h2>    <p>Para facilitar o transporte, algumas partes desta m\u00e1quina de debulhar milho foram desmontadas. Reassemble de acordo com o diagrama estrutural fornecido antes de usar.<\/p>    <p class=\"translation-block\"><strong>Antes da opera\u00e7\u00e3o<\/strong>, realize o seguinte:<\/p>    <ol class=\"wp-block-list\"> <li>Verifique se todos os fixadores est\u00e3o apertados.<\/li>    <li>Garantir que as partes rotativas funcionem suavemente.<\/li>    <li>Confirme que n\u00e3o h\u00e1 objetos estranhos dentro do tambor do ventilador.<\/li>    <li>Gire manualmente a correia para verificar fric\u00e7\u00e3o ou ru\u00eddo anormal.<\/li>    <li>Operar a m\u00e1quina sem carga inicialmente.<\/li> <\/ol>    <p class=\"translation-block\"><strong>Antes de cada opera\u00e7\u00e3o<\/strong>, observe o seguinte:<\/p>    <ol class=\"wp-block-list\"> <li>Adicionar graxa aos rolamentos.<\/li>    <li>Adicionar \u00f3leo de motor suficiente ao motor a diesel.<\/li>    <li>Operar a m\u00e1quina parada por alguns minutos antes de alimentar o milho.<\/li>    <li>Nunca exceda a velocidade da m\u00e1quina.<\/li>    <li>O milho usado como mat\u00e9ria-prima n\u00e3o deve estar demasiado h\u00famido.<\/li> <\/ol>    <p class=\"translation-block\"><strong>Ap\u00f3s a opera\u00e7\u00e3o<\/strong>, realize manuten\u00e7\u00e3o simples na m\u00e1quina de debulhar milho:<\/p>    <ol class=\"wp-block-list\"> <li>Remo\u00e7\u00e3o de res\u00edduos internos.<\/li>    <li>Lubrificar todos os pontos de lubrifica\u00e7\u00e3o.<\/li>    <li>Se n\u00e3o for utiliz\u00e1-la por um per\u00edodo prolongado, armazene-a num local seco e bem ventilado.<\/li> <\/ol>    <h2 class=\"wp-block-heading\"><strong>Quando deve escolher este tipo de debulhador de milho?<\/strong><\/h2>    <p>Este tipo de m\u00e1quina de descasque de milho \u00e9 ideal para:<\/p>    <ol class=\"wp-block-list\"> <li>Quando precisar de uma capacidade de processamento de 4-6 toneladas por hora.<\/li>    <li>Se precisar de uma m\u00e1quina m\u00f3vel f\u00e1cil de usar no campo.<\/li>    <li>Quando precisa de alta efici\u00eancia de debulha e baixo dano ao gr\u00e3o.<\/li> <\/ol>    <p>Se procura uma solu\u00e7\u00e3o dur\u00e1vel, eficiente, f\u00e1cil de mover e de limpar para debulhar milho em pequena escala, o debulhador de milho 5TYM-850 \u00e9 a escolha perfeita.<\/p>    <figure class=\"wp-block-gallery has-nested-images columns-default is-cropped wp-block-gallery-4 is-layout-flex wp-block-gallery-is-layout-flex\"> <figure class=\"wp-block-image size-large\"><img loading=\"lazy\" decoding=\"async\" width=\"720\" height=\"540\" data-id=\"1614\" src=\"https:\/\/corn-machine.com\/wp-content\/uploads\/2026\/02\/corn-threshing-machine-testing.webp\" alt=\"teste da m\u00e1quina de debulhar milho\" class=\"wp-image-1614\" title=\"\" srcset=\"https:\/\/corn-machine.com\/wp-content\/uploads\/2026\/02\/corn-threshing-machine-testing.webp 720w, https:\/\/corn-machine.com\/wp-content\/uploads\/2026\/02\/corn-threshing-machine-testing-300x225.webp 300w, https:\/\/corn-machine.com\/wp-content\/uploads\/2026\/02\/corn-threshing-machine-testing-16x12.webp 16w\" sizes=\"auto, (max-width: 720px) 100vw, 720px\" \/><figcaption class=\"wp-element-caption\">teste da m\u00e1quina de debulhar milho<\/figcaption><\/figure>    <figure class=\"wp-block-image size-large\"><img loading=\"lazy\" decoding=\"async\" width=\"720\" height=\"540\" data-id=\"1613\" src=\"https:\/\/corn-machine.com\/wp-content\/uploads\/2026\/02\/corn-thresher-sheller-machine.webp\" alt=\"m\u00e1quina de debulhar e de debulhar milho\" class=\"wp-image-1613\" title=\"\" srcset=\"https:\/\/corn-machine.com\/wp-content\/uploads\/2026\/02\/corn-thresher-sheller-machine.webp 720w, https:\/\/corn-machine.com\/wp-content\/uploads\/2026\/02\/corn-thresher-sheller-machine-300x225.webp 300w, https:\/\/corn-machine.com\/wp-content\/uploads\/2026\/02\/corn-thresher-sheller-machine-16x12.webp 16w\" sizes=\"auto, (max-width: 720px) 100vw, 720px\" \/><figcaption class=\"wp-element-caption\">m\u00e1quina de debulhar e de debulhar milho<\/figcaption><\/figure> <\/figure>    <p>Clientes que adquirirem v\u00e1rias unidades da m\u00e1quina de debulhar milho podem aproveitar o desconto de pre\u00e7o de atacado da f\u00e1brica. Contacte-nos para a lista de pre\u00e7os mais recente!<\/p>    <p>Al\u00e9m desta m\u00e1quina, tamb\u00e9m temos outras debulhadoras de milho mais vendidas. Clique no link abaixo para informa\u00e7\u00f5es detalhadas de par\u00e2metros!<\/p>    <div class=\"wp-block-columns is-layout-flex wp-container-core-columns-is-layout-9d6595d7 wp-block-columns-is-layout-flex\"> <div class=\"wp-block-column is-vertically-aligned-center is-layout-flow wp-block-column-is-layout-flow\"> <div class=\"wp-block-buttons is-content-justification-center is-layout-flex wp-container-core-buttons-is-layout-16018d1d wp-block-buttons-is-layout-flex\"> <div class=\"wp-block-button\"><a class=\"wp-block-button__link wp-element-button\" href=\"https:\/\/corn-machine.com\/pt\/product\/multi-function-corn-thresher\/\">Debulhador de milho multifuncional<\/a><\/div> <\/div> <\/div>    <div class=\"wp-block-column is-layout-flow wp-block-column-is-layout-flow\"> <div class=\"wp-block-buttons is-content-justification-center is-layout-flex wp-container-core-buttons-is-layout-16018d1d wp-block-buttons-is-layout-flex\"> <div class=\"wp-block-button\"><a class=\"wp-block-button__link wp-element-button\" href=\"https:\/\/corn-machine.com\/pt\/product\/small-type-corn-seed-remover-machine\/\">Remetedor de sementes de milho de pequeno porte <\/a><\/div> <\/div> <\/div> <\/div>","protected":false},"excerpt":{"rendered":"<p>The 5TYM-850 corn thresher has a processing capacity of 4-6 tons per hour, a threshing efficiency of \u226598%, and a low grain breakage rate. Equipped with a spiral needle roller, a large-capacity air cleaning system, and a robust mobile chassis, this machine is an ideal choice for suppliers and agricultural projects.<\/p>","protected":false},"author":1,"featured_media":1616,"parent":0,"template":"","tags":[31],"product-type":[42],"class_list":["post-1602","product","type-product","status-publish","has-post-thumbnail","hentry","tag-corn","product-type-maize-sheller-machine"],"_links":{"self":[{"href":"https:\/\/corn-machine.com\/pt\/wp-json\/wp\/v2\/product\/1602","targetHints":{"allow":["GET"]}}],"collection":[{"href":"https:\/\/corn-machine.com\/pt\/wp-json\/wp\/v2\/product"}],"about":[{"href":"https:\/\/corn-machine.com\/pt\/wp-json\/wp\/v2\/types\/product"}],"author":[{"embeddable":true,"href":"https:\/\/corn-machine.com\/pt\/wp-json\/wp\/v2\/users\/1"}],"wp:featuredmedia":[{"embeddable":true,"href":"https:\/\/corn-machine.com\/pt\/wp-json\/wp\/v2\/media\/1616"}],"wp:attachment":[{"href":"https:\/\/corn-machine.com\/pt\/wp-json\/wp\/v2\/media?parent=1602"}],"wp:term":[{"taxonomy":"post_tag","embeddable":true,"href":"https:\/\/corn-machine.com\/pt\/wp-json\/wp\/v2\/tags?post=1602"},{"taxonomy":"product-type","embeddable":true,"href":"https:\/\/corn-machine.com\/pt\/wp-json\/wp\/v2\/product-type?post=1602"}],"curies":[{"name":"wp","href":"https:\/\/api.w.org\/{rel}","templated":true}]}}