{"id":228,"date":"2022-09-15T10:23:20","date_gmt":"2022-09-15T10:23:20","guid":{"rendered":"https:\/\/corn-machine.com\/?post_type=product&#038;p=228"},"modified":"2025-07-25T11:14:59","modified_gmt":"2025-07-25T03:14:59","slug":"industrial-corn-dryer-machine","status":"publish","type":"product","link":"https:\/\/corn-machine.com\/pt\/product\/industrial-corn-dryer-machine\/","title":{"rendered":"M\u00e1quina Secadora de Milho Industrial | Secador de gr\u00e3os para venda"},"content":{"rendered":"<p class=\"translation-block\">Para armazenar bem os gr\u00e3os e evitar mofo, \u00e9 necess\u00e1ria uma <strong>m\u00e1quina secadora de milho industrial<\/strong> para remover o excesso de humidade dos gr\u00e3os. A Taizy Machinery oferece um novo secador de gr\u00e3os e agradece as suas consultas.<\/p>    <p>Esta grande m\u00e1quina industrial \u00e9 especificamente projetada para a secagem e processamento de gr\u00e3os. Tem uma ampla gama de aplica\u00e7\u00f5es e pode secar eficientemente culturas como milho, trigo e colza. Com uma capacidade de processamento de 15 toneladas por hora, pode resolver efetivamente problemas de armazenamento de gr\u00e3os em pouco tempo.<\/p>   <div class=\"wp-block-image\"> <figure class=\"aligncenter size-full\"><img loading=\"lazy\" decoding=\"async\" width=\"720\" height=\"540\" src=\"https:\/\/corn-machine.com\/wp-content\/uploads\/2022\/09\/maize-dryer-machine-.webp\" alt=\"m\u00e1quina de secar milho\" class=\"wp-image-251\" title=\"\"><figcaption class=\"wp-element-caption\">m\u00e1quina de secar milho<\/figcaption><\/figure> <\/div>   <h2 class=\"wp-block-heading\"><strong>Vantagens da m\u00e1quina secadora de milho industrial<\/strong><\/h2>    <ul class=\"wp-block-list\"> <li>O secador de gr\u00e3os adapta um <strong>amplo alcance<\/strong> para trigo, milho, sorgo, soja, arroz, sementes de girassol, milheto, colza e outras culturas.<\/li>    <li>A m\u00e1quina secadora de milho industrial <strong>economiza energia<\/strong>. Tem uma produ\u00e7\u00e3o di\u00e1ria de 50 toneladas, e sua pot\u00eancia total \u00e9 de 7,6KW, que pode ser utilizada com eletricidade agr\u00edcola geral, sem a necessidade de instalar transformadores adicionais.<\/li>    <li>The grain dryer&#8217;s <strong>tem uma velocidade de secagem r\u00e1pida<\/strong>enquanto isso, sua taxa de esmagamento \u00e9 baixa. O secador melhora os par\u00e2metros relevantes e a dire\u00e7\u00e3o de corrida do gr\u00e3o, al\u00e9m disso, maximiza o aquecimento uniforme do gr\u00e3o.<\/li>    <li><strong>Baixo consumo de energia t\u00e9rmica<\/strong> da m\u00e1quina secadora de milho. A secadora adota o modo de baixa temperatura, temperatura constante e secagem totalmente fechada para melhorar a taxa de utiliza\u00e7\u00e3o do calor. Os gr\u00e3os secos finais t\u00eam a mesma tabela de umidade e um longo tempo de preserva\u00e7\u00e3o.<\/li>    <li>O secador tem uma apar\u00eancia maravilhosa, e a superf\u00edcie pintada adota um processo de pintura eletrost\u00e1tica e de secagem, que \u00e9 mais do que <strong>5 vezes a vida \u00fatil da tinta spray geral<\/strong>.<\/li> <\/ul>   <div class=\"wp-block-image\"> <figure class=\"aligncenter size-full\"><img loading=\"lazy\" decoding=\"async\" width=\"720\" height=\"540\" src=\"https:\/\/corn-machine.com\/wp-content\/uploads\/2022\/09\/grain-dryer-2.webp\" alt=\"\" class=\"wp-image-248\" title=\"\"><figcaption class=\"wp-element-caption\">m\u00e1quina secadora de milho industrial<\/figcaption><\/figure> <\/div>   <h2 class=\"wp-block-heading\"><strong>Introdu\u00e7\u00e3o da m\u00e1quina de secagem de milho<\/strong><\/h2>    <p>A nova m\u00e1quina secadora de milho da Taizy Machinery pode secar v\u00e1rios gr\u00e3os como feij\u00f5es, sementes de girassol, milho, sorgo, trigo, milhete, etc. atrav\u00e9s de tratamento a alta temperatura, e tamb\u00e9m matar insetos. A m\u00e1quina secadora de milho industrial aumenta a altura da sua queda, elimina o transportador de parafuso original e adota a\u00e7o inoxid\u00e1vel resistente ao desgaste e liso como a placa de calha de corrida, garantindo assim que n\u00e3o haja colis\u00e3o quando o milho, sorgo e outros gr\u00e3os caem, e evitando ruturas.<\/p>    <figure class=\"wp-block-embed is-type-video is-provider-youtube wp-block-embed-youtube wp-embed-aspect-16-9 wp-has-aspect-ratio\"><div class=\"wp-block-embed__wrapper\"> <iframe loading=\"lazy\" title=\"Como Funcionam as Torres de Secagem de Gr\u00e3os | O Processo Completo para Secar Milho, Arroz, Etc. em Grande Escala!\" width=\"500\" height=\"281\" src=\"https:\/\/www.youtube.com\/embed\/m3bpetgkN1E?feature=oembed\" frameborder=\"0\" allow=\"accelerometer; autoplay; clipboard-write; encrypted-media; gyroscope; picture-in-picture; web-share\" referrerpolicy=\"strict-origin-when-cross-origin\" allowfullscreen><\/iframe> <\/div><figcaption class=\"wp-element-caption\">torre industrial de secagem de gr\u00e3os<\/figcaption><\/figure>    <h2 class=\"wp-block-heading\"><strong>Par\u00e2metros da m\u00e1quina secadora de milho industrial<\/strong><\/h2>    <figure class=\"wp-block-table\"><table class=\"has-fixed-layout\"><tbody><tr><td class=\"has-text-align-left\" data-align=\"left\">Modelo<\/td><td class=\"has-text-align-center\" data-align=\"center\">5HXG-15<\/td><\/tr><tr><td class=\"has-text-align-left\" data-align=\"left\">Estrutura<\/td><td class=\"has-text-align-center\" data-align=\"center\">Fixo<\/td><\/tr><tr><td class=\"has-text-align-left\" data-align=\"left\">Estilo de reciclagem<\/td><td class=\"has-text-align-center\" data-align=\"center\">Ciclo de lote<\/td><\/tr><tr><td class=\"has-text-align-left\" data-align=\"left\">Peso<\/td><td class=\"has-text-align-center\" data-align=\"center\">3200kg<\/td><\/tr><tr><td class=\"has-text-align-left\" data-align=\"left\">Capacidade de processamento por lote<\/td><td class=\"has-text-align-center\" data-align=\"center\">3000-15000kg(milho), 3000-15000kg(trigo), etc.<\/td><\/tr><tr><td class=\"has-text-align-left\" data-align=\"left\">Dimens\u00e3o total<\/td><td class=\"has-text-align-center\" data-align=\"center\">4288*2738*11700mm<\/td><\/tr><tr><td class=\"has-text-align-left\" data-align=\"left\">Pot\u00eancia total<\/td><td class=\"has-text-align-center\" data-align=\"center\">Cerca de 6kw<\/td><\/tr><tr><td class=\"has-text-align-left\" data-align=\"left\">Hora da alimenta\u00e7\u00e3o<\/td><td class=\"has-text-align-center\" data-align=\"center\">Cerca de 63min<\/td><\/tr><tr><td class=\"has-text-align-left\" data-align=\"left\">Tempo de descarga<\/td><td class=\"has-text-align-center\" data-align=\"center\">Cerca de 58min<\/td><\/tr><tr><td class=\"has-text-align-left\" data-align=\"left\">Capacidade de secagem<\/td><td class=\"has-text-align-center\" data-align=\"center\">15t \/h<\/td><\/tr><\/tbody><\/table><figcaption class=\"wp-element-caption\">par\u00e2metros do secador de gr\u00e3os<\/figcaption><\/figure>    <h2 class=\"wp-block-heading\"><strong>Mat\u00e9rias-primas para secador de gr\u00e3os<\/strong><\/h2>    <p class=\"translation-block\">A m\u00e1quina secadora de milho pode secar gr\u00e3os grandes, como feij\u00e3o, trigo, milho e sementes de girassol. A m\u00e1quina tamb\u00e9m pode secar gr\u00e3os relativamente pequenos, para <a href=\"https:\/\/en.wikipedia.org\/wiki\/Rapeseed\" target=\"_blank\" rel=\"noopener\">colza<\/a>, sorgo, milheto, etc. As culturas secas finais podem ser mo\u00eddas por um moinho de martelos.<\/p>   <div class=\"wp-block-image\"> <figure class=\"aligncenter size-full\"><img loading=\"lazy\" decoding=\"async\" width=\"720\" height=\"540\" src=\"https:\/\/corn-machine.com\/wp-content\/uploads\/2022\/09\/applicable-materials-of-grain-dryer.webp\" alt=\"materiais aplic\u00e1veis \u200b\u200bde secador de gr\u00e3os\" class=\"wp-image-239\" title=\"\"><figcaption class=\"wp-element-caption\">materiais aplic\u00e1veis \u200b\u200bde secador de gr\u00e3os<\/figcaption><\/figure> <\/div>   <h2 class=\"wp-block-heading\"><strong>A capacidade da m\u00e1quina de secagem de milho para diferentes gr\u00e3os<\/strong><\/h2>    <p>Tomando a colza, o milho, o trigo e o arroz como exemplos, mostramos as diferentes capacidades e volumes de cada modelo. Se tiver alguma d\u00favida sobre isso, sinta-se \u00e0 vontade para nos consultar.<\/p>    <figure class=\"wp-block-table\"><table><tbody><tr><td><\/td><td><\/td><td>5H-10<\/td><td>5H-13<\/td><td>5H-15<\/td><td>5H-32<\/td><\/tr><tr><td><strong>Colza<\/strong><\/td><td>Volume(kg)<\/td><td>7500~10300<\/td><td>7500~13450<\/td><td>7500~14850<\/td><td>12000~31800<\/td><\/tr><tr><td><strong>&nbsp;<\/strong><\/td><td>Capacidade (kg\/h)<\/td><td>473~1235<\/td><td>607~1456<\/td><td>675~1620<\/td><td>1000~3500<\/td><\/tr><tr><td><strong>Milho<\/strong><\/td><td>Volume(kg)<\/td><td>7500~10450<\/td><td>7500~13400<\/td><td>7500~16300<\/td><td>12000~32000<\/td><\/tr><tr><td><strong>&nbsp;<\/strong><\/td><td>Capacidade (kg\/h)<\/td><td>756~1261<\/td><td>971~1618<\/td><td>1080~1800<\/td><td>1000~3400<\/td><\/tr><tr><td><strong>C<\/strong><strong>aquecer<\/strong><strong><\/strong><\/td><td>Volume(kg)<\/td><td>7500~10450<\/td><td>7500~13350<\/td><td>7500~16300<\/td><td>12000~32000<\/td><\/tr><tr><td><strong>&nbsp;<\/strong><\/td><td>Capacidade (kg\/h)<\/td><td>315~756<\/td><td>4056~971<\/td><td>450~1080<\/td><td>1000~3250<\/td><\/tr><tr><td><strong>R<\/strong><strong>gelo <\/strong><strong><\/strong><\/td><td>Volume(kg)<\/td><td>6500~8400<\/td><td>6500~10850<\/td><td>6500~15500<\/td><td>9000~30800<\/td><\/tr><tr><td><strong>&nbsp;<\/strong><\/td><td>Capacidade (kg\/h)<\/td><td>382~916<\/td><td>493~1184<\/td><td>548~1315<\/td><td>2600<\/td><\/tr><\/tbody><\/table><\/figure>    <h2 class=\"wp-block-heading\"><strong>M\u00e9todos de aquecimento da m\u00e1quina de secagem de milho<\/strong><\/h2>    <p>A m\u00e1quina industrial de secagem de milho \u00e9 adequada para uma ampla gama de m\u00e9todos de aquecimento, incluindo fornos de ar quente a biomassa, queimadores a diesel, queimadores a g\u00e1s e bombas de calor ar-ar.<\/p>    <p>A caldeira de ar quente de biomassa queima res\u00edduos de biomassa para produzir calor, incluindo a queima de ramos, palha e outros res\u00edduos. Pertence \u00e0 categoria de caldeiras de ar quente de prote\u00e7\u00e3o ambiental e economia de energia, que fornecem uma fonte de calor para a m\u00e1quina secadora de milho industrial. Est\u00e1 equipada com um dispositivo de ventila\u00e7\u00e3o autom\u00e1tico de temperatura constante de ponta para garantir a qualidade do gr\u00e3o e baixo custo de uso, o que a torna popular entre os investidores.<\/p>   <div class=\"wp-block-image\"> <figure class=\"aligncenter size-full\"><img loading=\"lazy\" decoding=\"async\" width=\"720\" height=\"540\" src=\"https:\/\/corn-machine.com\/wp-content\/uploads\/2022\/09\/biomass-heat-furnance.webp\" alt=\"forno de ar quente de biomassa\" class=\"wp-image-241\" title=\"\"><figcaption class=\"wp-element-caption\">forno de ar quente de biomassa de m\u00e1quina industrial de secagem de milho<\/figcaption><\/figure> <\/div>   <p>Se usar o queimador, pode escolher g\u00e1s natural ou gas\u00f3leo 0# de acordo com a procura do cliente. Estamos equipados com um queimador que utiliza m\u00e1quinas italianas importadas com fun\u00e7\u00e3o de bico duplo, bom desempenho de atomiza\u00e7\u00e3o, aquecimento r\u00e1pido, temperatura est\u00e1vel do ar quente e controlo preciso da temperatura.<\/p>   <div class=\"wp-block-image\"> <figure class=\"aligncenter size-full\"><img loading=\"lazy\" decoding=\"async\" width=\"720\" height=\"540\" src=\"https:\/\/corn-machine.com\/wp-content\/uploads\/2022\/09\/burner.webp\" alt=\"queimador\" class=\"wp-image-242\" title=\"\"><figcaption class=\"wp-element-caption\">queimador<\/figcaption><\/figure> <\/div>   <h2 class=\"wp-block-heading\"><strong>Estrutura detalhada do secador de gr\u00e3os<\/strong><\/h2>    <div class=\"wp-block-media-text alignwide is-stacked-on-mobile\"><figure class=\"wp-block-media-text__media\"><img loading=\"lazy\" decoding=\"async\" width=\"540\" height=\"720\" src=\"https:\/\/corn-machine.com\/wp-content\/uploads\/2022\/09\/conveyor.webp\" alt=\"\" class=\"wp-image-243 size-full\" title=\"\"><\/figure><div class=\"wp-block-media-text__content\"> <p>A correia transportadora do elevador \u00e9 feita de uma correia de lona de nylon puro. A p\u00e1 de poeira \u00e9 feita de pl\u00e1stico de nylon virgem com boa resist\u00eancia.<\/p> <\/div><\/div>    <div class=\"wp-block-media-text alignwide has-media-on-the-right is-stacked-on-mobile\"><div class=\"wp-block-media-text__content\"> <p>A caixa de controle PLC adota opera\u00e7\u00e3o com tela de toque para exibir o posicionamento da falha a tempo.<\/p> <\/div><figure class=\"wp-block-media-text__media\"><img loading=\"lazy\" decoding=\"async\" width=\"720\" height=\"540\" src=\"https:\/\/corn-machine.com\/wp-content\/uploads\/2022\/09\/PLC-control-box.webp\" alt=\"\" class=\"wp-image-253 size-full\" title=\"\"><\/figure><\/div>    <div class=\"wp-block-media-text alignwide is-stacked-on-mobile\"><figure class=\"wp-block-media-text__media\"><img loading=\"lazy\" decoding=\"async\" width=\"540\" height=\"720\" src=\"https:\/\/corn-machine.com\/wp-content\/uploads\/2022\/09\/inner-materials.webp\" alt=\"\" class=\"wp-image-250 size-full\" title=\"\"><\/figure><div class=\"wp-block-media-text__content\"> <p>O material interno da m\u00e1quina secadora de milho \u00e9 a\u00e7o inoxid\u00e1vel, chapa galvanizada e chapa de a\u00e7o espessada, que \u00e9 resistente ao desgaste e dur\u00e1vel.<\/p> <\/div><\/div>    <h2 class=\"wp-block-heading\"><strong>Exibi\u00e7\u00e3o de estoque de secador de gr\u00e3os<\/strong><\/h2>    <figure class=\"wp-block-gallery has-nested-images columns-default is-cropped wp-block-gallery-2 is-layout-flex wp-block-gallery-is-layout-flex\"> <figure class=\"wp-block-image size-large\"><img loading=\"lazy\" decoding=\"async\" width=\"720\" height=\"540\" data-id=\"245\" src=\"https:\/\/corn-machine.com\/wp-content\/uploads\/2022\/09\/corn-drying-machine-in-stock.webp\" alt=\"m\u00e1quina de secagem de milho em estoque\" class=\"wp-image-245\" title=\"\"><figcaption class=\"wp-element-caption\">m\u00e1quina de secagem de milho em estoque<\/figcaption><\/figure>    <figure class=\"wp-block-image size-large\"><img loading=\"lazy\" decoding=\"async\" width=\"720\" height=\"540\" data-id=\"244\" src=\"https:\/\/corn-machine.com\/wp-content\/uploads\/2022\/09\/corn-dryer-in-stock.webp\" alt=\"secador de milho em estoque\" class=\"wp-image-244\" title=\"\"><figcaption class=\"wp-element-caption\">secador de milho em estoque<\/figcaption><\/figure> <\/figure>    <figure class=\"wp-block-gallery has-nested-images columns-default is-cropped wp-block-gallery-3 is-layout-flex wp-block-gallery-is-layout-flex\"> <figure class=\"wp-block-image size-large\"><img loading=\"lazy\" decoding=\"async\" width=\"720\" height=\"540\" data-id=\"252\" src=\"https:\/\/corn-machine.com\/wp-content\/uploads\/2022\/09\/maize-dryer-machine.webp\" alt=\"\" class=\"wp-image-252\" title=\"\"><figcaption class=\"wp-element-caption\">m\u00e1quina de secar milho<\/figcaption><\/figure>    <figure class=\"wp-block-image size-large\"><img loading=\"lazy\" decoding=\"async\" width=\"720\" height=\"540\" data-id=\"246\" src=\"https:\/\/corn-machine.com\/wp-content\/uploads\/2022\/09\/corn-drying-machine.webp\" alt=\"m\u00e1quina de secar milho\" class=\"wp-image-246\" title=\"\"><figcaption class=\"wp-element-caption\">m\u00e1quina de secar milho<\/figcaption><\/figure> <\/figure>    <p class=\"translation-block\">Se quiser um secador de gr\u00e3os m\u00f3vel, gostaria de lhe apresentar este: <a href=\"https:\/\/corn-machine.com\/pt\/product\/mobile-grain-dryer-for-drying-corn-rice\/\">secador de gr\u00e3os m\u00f3vel<\/a>, que \u00e9 adequado para processar culturas em pequena escala. Para mais detalhes, por favor contacte-me por email ou outros meios e diga-me as suas necessidades espec\u00edficas.<\/p>","protected":false},"excerpt":{"rendered":"<p>A torre de secagem de gr\u00e3os fixa \u00e9 adequada para processar v\u00e1rias colheitas em grande escala. A sua capacidade de secagem \u00e9 de at\u00e9 15 t\/h e \u00e9 boa para secar milho, trigo, colza, etc.<\/p>","protected":false},"author":1,"featured_media":229,"parent":0,"template":"","tags":[21],"product-type":[44],"class_list":["post-228","product","type-product","status-publish","has-post-thumbnail","hentry","tag-corn-dryer-machine","product-type-maize-dryer-machine"],"_links":{"self":[{"href":"https:\/\/corn-machine.com\/pt\/wp-json\/wp\/v2\/product\/228","targetHints":{"allow":["GET"]}}],"collection":[{"href":"https:\/\/corn-machine.com\/pt\/wp-json\/wp\/v2\/product"}],"about":[{"href":"https:\/\/corn-machine.com\/pt\/wp-json\/wp\/v2\/types\/product"}],"author":[{"embeddable":true,"href":"https:\/\/corn-machine.com\/pt\/wp-json\/wp\/v2\/users\/1"}],"wp:featuredmedia":[{"embeddable":true,"href":"https:\/\/corn-machine.com\/pt\/wp-json\/wp\/v2\/media\/229"}],"wp:attachment":[{"href":"https:\/\/corn-machine.com\/pt\/wp-json\/wp\/v2\/media?parent=228"}],"wp:term":[{"taxonomy":"post_tag","embeddable":true,"href":"https:\/\/corn-machine.com\/pt\/wp-json\/wp\/v2\/tags?post=228"},{"taxonomy":"product-type","embeddable":true,"href":"https:\/\/corn-machine.com\/pt\/wp-json\/wp\/v2\/product-type?post=228"}],"curies":[{"name":"wp","href":"https:\/\/api.w.org\/{rel}","templated":true}]}}