{"id":44,"date":"2022-09-06T06:19:10","date_gmt":"2022-09-05T22:19:10","guid":{"rendered":"https:\/\/corn-machine.com\/?post_type=product&#038;p=44"},"modified":"2025-07-28T09:25:59","modified_gmt":"2025-07-28T01:25:59","slug":"maize-seed-planter","status":"publish","type":"product","link":"https:\/\/corn-machine.com\/pt\/product\/maize-seed-planter\/","title":{"rendered":"Plantador de Sementes de Milho Autom\u00e1tico de M\u00faltiplas Linhas | Plantador de Milho para Trator"},"content":{"rendered":"<p class=\"translation-block\">Uma das m\u00e1quinas mais populares da Taizy Machinery \u00e9 a <strong>plantadora de sementes de milho<\/strong>, que pode semear v\u00e1rias filas de sementes de milho simultaneamente no campo. Esta m\u00e1quina utiliza um dispositivo de sementeira de alta precis\u00e3o, e a taxa de qualifica\u00e7\u00e3o da contagem de gr\u00e3os \u00e9 superior a 80%.<\/p>    <p>At\u00e9 agora, export\u00e1mos semeadores de milho para a Nig\u00e9ria, EUA, Tail\u00e2ndia, Filipinas, Maurit\u00e2nia, Guin\u00e9 e outros pa\u00edses. Isso ajuda as pessoas locais a reduzir os custos de m\u00e3o de obra e a melhorar a sua efici\u00eancia. Se estiver interessado no semeador de sementes de milho, entre em contato connosco agora.<\/p>    <h2 class=\"wp-block-heading\" id=\"h-features-of-maize-seed-planter\">Caracter\u00edsticas da m\u00e1quina de plantio de amendoim<\/h2>   <div class=\"wp-block-image\"> <figure class=\"aligncenter size-full\"><img loading=\"lazy\" decoding=\"async\" width=\"720\" height=\"540\" src=\"https:\/\/corn-machine.com\/wp-content\/uploads\/2022\/09\/maize-planting-machine1.webp\" alt=\"m\u00e1quina de plantar milho\" class=\"wp-image-136\" title=\"\"><figcaption class=\"wp-element-caption\">m\u00e1quina de plantar milho<\/figcaption><\/figure> <\/div>   <ul class=\"wp-block-list\"> <li>Este plantador de sementes de milho tem <strong>alta precis\u00e3o de semeadura<\/strong>, e o \u00edndice qualificado atinge mais de 80%.<br>A m\u00e1quina semeadora possui alta efici\u00eancia de trabalho. A m\u00e1quina pode atingir 8 km\/h quando a dist\u00e2ncia da planta for superior a 20 cm.<\/li>    <li>A semeadora de milho <strong>controla o espa\u00e7amento dos buracos<\/strong> muito precisamente, o que pode ajudar as pl\u00e2ntulas de milho a se distribu\u00edrem uniformemente, dar total aproveitamento \u00e0s vantagens individuais e promover um crescimento vigoroso do milho, aumentando assim a produ\u00e7\u00e3o.<\/li>    <li>A semeadora de milho \u00e9 <strong>conectado ao <a href=\"https:\/\/en.wikipedia.org\/wiki\/Tractor\" target=\"_blank\" rel=\"noopener\">tratores<\/a><\/strong>, que melhora a efici\u00eancia de trabalho. A plantadora \u00e9 f\u00e1cil de operar, e o usu\u00e1rio s\u00f3 precisa sentar e oper\u00e1-la.<\/li> <\/ul>    <h2 class=\"wp-block-heading\" id=\"h-introduction-of-corn-seed-planter\">Introdu\u00e7\u00e3o da m\u00e1quina semeadora de soja<\/h2>    <p>A Taizy Machinery projetou um novo tipo de semeador de milho com 2, 3, 4, 5, 6 e 8 linhas, que precisa trabalhar com um trator. Voc\u00ea pode escolher de acordo com suas necessidades. Esta m\u00e1quina semeadora de milho tamb\u00e9m possui um tanque de fertilizante que planta sementes no solo ao mesmo tempo, aumentando a taxa de semeadura sem danificar as mudas de milho.<\/p>    <p>Este plantador de sementes de milho tem um desempenho excelente e pode ser ajustado para o espa\u00e7amento entre linhas, espa\u00e7amento de plantio, profundidade de sulco, profundidade de aplica\u00e7\u00e3o de fertilizante e profundidade de semeadura, tornando-se uma m\u00e1quina importante para o plantio de milho. Al\u00e9m disso, tamb\u00e9m oferecemos m\u00e1quinas manuais de plantio de milho e colhedoras de milho para plantio em pequena escala. Estas s\u00e3o m\u00e1quinas importantes para o processamento de milho.<\/p>    <figure class=\"wp-block-gallery has-nested-images columns-default is-cropped wp-block-gallery-2 is-layout-flex wp-block-gallery-is-layout-flex\"> <figure class=\"wp-block-image size-large\"><img loading=\"lazy\" decoding=\"async\" width=\"720\" height=\"540\" data-id=\"132\" src=\"https:\/\/corn-machine.com\/wp-content\/uploads\/2022\/09\/3-row-corn-planter-machine1.webp\" alt=\"M\u00e1quina plantadora de milho de 3 fileiras\" class=\"wp-image-132\" title=\"\"><figcaption class=\"wp-element-caption\">Plantador de sementes de milho de 3 fileiras<\/figcaption><\/figure>    <figure class=\"wp-block-image size-large\"><img loading=\"lazy\" decoding=\"async\" width=\"720\" height=\"540\" data-id=\"133\" src=\"https:\/\/corn-machine.com\/wp-content\/uploads\/2022\/09\/4-row-corn-planter-machine1.webp\" alt=\"M\u00e1quina plantadora de milho de 4 fileiras\" class=\"wp-image-133\" title=\"\"><figcaption class=\"wp-element-caption\">M\u00e1quina plantadora de milho de 4 fileiras<\/figcaption><\/figure> <\/figure>    <figure class=\"wp-block-gallery has-nested-images columns-default is-cropped wp-block-gallery-3 is-layout-flex wp-block-gallery-is-layout-flex\"> <figure class=\"wp-block-image size-large\"><img loading=\"lazy\" decoding=\"async\" width=\"720\" height=\"540\" data-id=\"134\" src=\"https:\/\/corn-machine.com\/wp-content\/uploads\/2022\/09\/6-row-maize-planting-machine1.webp\" alt=\"M\u00e1quina de plantar milho de 6 linhas\" class=\"wp-image-134\" title=\"\"><figcaption class=\"wp-element-caption\">M\u00e1quina de plantar milho de 6 linhas<\/figcaption><\/figure>    <figure class=\"wp-block-image size-large\"><img loading=\"lazy\" decoding=\"async\" width=\"720\" height=\"540\" data-id=\"135\" src=\"https:\/\/corn-machine.com\/wp-content\/uploads\/2022\/09\/8-row-corn-planting-machine1.webp\" alt=\"M\u00e1quina de plantar milho de 8 linhas\" class=\"wp-image-135\" title=\"\"><figcaption class=\"wp-element-caption\">plantador de milho de 8 linhas<\/figcaption><\/figure> <\/figure>    <h2 class=\"wp-block-heading\" id=\"h-technical-parameters-of-maize-seed-planter\">Par\u00e2metros t\u00e9cnicos do plantador de sementes de milho<\/h2>    <p>Existem 6 tipos de semeadores de milho para tratores, que est\u00e3o equipados com diferentes n\u00fameros de caixas de sementes. Voc\u00ea pode escolher o mais adequado. Tamb\u00e9m oferecemos o servi\u00e7o de troca de vox por materiais de vidro ou metal.<\/p>    <p>Al\u00e9m disso, esta m\u00e1quina est\u00e1 equipada com uma roda guia de gr\u00e3o \u00fanico. Ao selecionar sementes, voc\u00ea pode escolher uma roda guia de gr\u00e3o \u00fanico para semeadura de gr\u00e3os finos.<\/p>    <figure class=\"wp-block-table\"><table><tbody><tr><td>Modelo<\/td><td>2BYSF-2<\/td><td>2BYSF-3<\/td><td>2BYSF-4<\/td><td>2BYSF-5<\/td><td>2BYSF-6<\/td><td>2BYSF-8<\/td><\/tr><tr><td>Tamanho<\/td><td>1,57*1,3*1,2m<\/td><td>1,57*1,7*1,2m<\/td><td>1,62*2,35*1,2m<\/td><td>1,62*2,75*1,2m<\/td><td>1,62*3,35*1,2m<\/td><td>1,64*4,6*1,2m<\/td><\/tr><tr><td>Linha<\/td><td>2<\/td><td>3<\/td><td>4<\/td><td>5<\/td><td>6<\/td><td>8<\/td><\/tr><tr><td>Espa\u00e7amento entre linhas<\/td><td>428-570mm<\/td><td>428-570mm<\/td><td>428-570mm<\/td><td>428-570mm<\/td><td>428-570mm<\/td><td>428-570mm<\/td><\/tr><tr><td>Espa\u00e7amento entre plantas<\/td><td>140 mm-280 mm<\/td><td>140 mm-280 mm<\/td><td>140 mm-280 mm<\/td><td>140 mm-280 mm<\/td><td>140 mm-280 mm<\/td><td>140 mm-280 mm<\/td><\/tr><tr><td>Profundidade de vala<\/td><td>&nbsp;60-80mm<\/td><td>&nbsp;60-80mm<\/td><td>&nbsp;60-80mm<\/td><td>&nbsp;60-80mm<\/td><td>&nbsp;60-80mm<\/td><td>&nbsp;60-80mm<\/td><\/tr><tr><td>Profundidade de fertiliza\u00e7\u00e3o<\/td><td>60-80mm<\/td><td>60-80mm<\/td><td>60-80mm<\/td><td>60-80mm<\/td><td>60-80mm<\/td><td>60-80mm<\/td><\/tr><tr><td>Profundidade de semeadura<\/td><td>30-50 mm<\/td><td>30-50 mm<\/td><td>30-50 mm<\/td><td>30-50 mm<\/td><td>30-50 mm<\/td><td>30-50 mm<\/td><\/tr><tr><td>A capacidade do tanque de fertilizante<\/td><td>18,75L x2<\/td><td>18,75L x3<\/td><td>18,75L x4<\/td><td>18,75L x5<\/td><td>18,75L x6<\/td><td>18,75L x8<\/td><\/tr><tr><td>Capacidade da caixa de sementes<\/td><td>8,5 x 2<\/td><td>8,5x3<\/td><td>8,5x4<\/td><td>8,5x5<\/td><td>8,5x6<\/td><td>8,5x8<\/td><\/tr><tr><td>Peso<\/td><td>150kg<\/td><td>200kg<\/td><td>295kg<\/td><td>360kg<\/td><td>425kg<\/td><td>650kg<\/td><\/tr><tr><td>Poder correspondente<\/td><td>&nbsp;12-18 cv<\/td><td>15-25 cv<\/td><td>25-40 cv<\/td><td>40-60 cv<\/td><td>50-80 cv<\/td><td>75-100 cv<\/td><\/tr><tr><td>Liga\u00e7\u00e3o<\/td><td>&nbsp;3 pontas<\/td><td>&nbsp;3 pontas<\/td><td>&nbsp;3 pontas<\/td><td>&nbsp;3 pontas<\/td><td>&nbsp;3 pontas<\/td><td>&nbsp;3 pontas<\/td><\/tr><\/tbody><\/table><figcaption class=\"wp-element-caption\">os par\u00e2metros do plantador de sementes de milho<\/figcaption><\/figure>    <h2 class=\"wp-block-heading\" id=\"h-application-of-corn-seed-planter-machine\">V\u00e1rias aplica\u00e7\u00f5es da m\u00e1quina de plantio de milho<\/h2>    <p>De acordo com as caracter\u00edsticas das plantadoras de milho para trator, sementes com formato semelhante ao do milho s\u00e3o adequadas para esta semeadora de milho, como feij\u00e3o vermelho, feij\u00e3o-mungo, soja, sorgo, etc. Aqui est\u00e1 um v\u00eddeo do funcionamento da m\u00e1quina de sementeira de milho. Vamos ver o seu processo de funcionamento!<\/p>    <figure class=\"wp-block-embed is-type-video is-provider-youtube wp-block-embed-youtube wp-embed-aspect-16-9 wp-has-aspect-ratio\"><div class=\"wp-block-embed__wrapper\"> <iframe loading=\"lazy\" title=\"Melhor m\u00e1quina plantadora de milho | Processo de trabalho da m\u00e1quina moderna de plantio de milho\" width=\"500\" height=\"281\" src=\"https:\/\/www.youtube.com\/embed\/1SswL7Jq75I?feature=oembed\" frameborder=\"0\" allow=\"accelerometer; autoplay; clipboard-write; encrypted-media; gyroscope; picture-in-picture; web-share\" referrerpolicy=\"strict-origin-when-cross-origin\" allowfullscreen><\/iframe> <\/div><figcaption class=\"wp-element-caption\">V\u00eddeo de funcionamento da m\u00e1quina plantadora de milho<\/figcaption><\/figure>    <h2 class=\"wp-block-heading\" id=\"h-corn-planting-machine-operation-points\">Pontos de opera\u00e7\u00e3o do plantador de milho para trator <\/h2>    <p>Ap\u00f3s adquirir a plantadeira de sementes de milho, \u00e9 necess\u00e1rio ler atentamente o manual de instru\u00e7\u00f5es, participar do treinamento t\u00e9cnico correspondente e utilizar a plantadeira corretamente, o que pode reduzir a perda de maquin\u00e1rio e prolongar a vida \u00fatil da m\u00e1quina.<\/p>    <ol class=\"wp-block-list\"> <li>Ajuste a m\u00e1quina antes de semear. Muitas pe\u00e7as da plantadeira precisam ser conectadas e lubrificadas. Ajuste o espa\u00e7amento entre linhas e o espa\u00e7amento entre as sementes.<\/li>    <li>No processo de semeadura \u00e9 necess\u00e1rio observar sempre o estado da semeadura. O status da semeadura inclui a quantidade de semeadura, o local da semeadura, a profundidade da semeadura e a dosagem de fertilizantes qu\u00edmicos. Se for considerado n\u00e3o qualificado, ele precisa ser interrompido e reajustado.<\/li>    <li>Os clientes devem controlar a velocidade e a profundidade da semeadura de acordo com a situa\u00e7\u00e3o real. Devido \u00e0 diferen\u00e7a de terreno, a espessura da cobertura do solo durante o processo de plantio tamb\u00e9m ir\u00e1 variar. De modo geral, precisa cobrir cerca de 4-5cm.<\/li> <\/ol>    <p class=\"translation-block\">Precisa de mais semeadeiras de milho pequenas? Talvez goste desta: uma <a href=\"https:\/\/corn-machine.com\/pt\/product\/manual-corn-seed-planter\/\">semeadeira de milho manual<\/a>, que \u00e9 adequada para plantio em pequena escala! <\/p>    <p>Se tiver alguma d\u00favida ou requisito para a sua f\u00e1brica, por favor informe-me. N\u00e3o hesite em contactar-nos!<\/p>    <p><\/p>","protected":false},"excerpt":{"rendered":"<p>Este plantador de sementes de milho proporciona o cultivo em grande escala com v\u00e1rias filas e utiliza um dispositivo de sementeira de alta precis\u00e3o com uma taxa de qualifica\u00e7\u00e3o de contagem de gr\u00e3os superior a 80%.<\/p>","protected":false},"author":1,"featured_media":46,"parent":0,"template":"","tags":[24],"product-type":[39],"class_list":["post-44","product","type-product","status-publish","has-post-thumbnail","hentry","tag-maize-seed-planter","product-type-maize-planter-machine"],"_links":{"self":[{"href":"https:\/\/corn-machine.com\/pt\/wp-json\/wp\/v2\/product\/44","targetHints":{"allow":["GET"]}}],"collection":[{"href":"https:\/\/corn-machine.com\/pt\/wp-json\/wp\/v2\/product"}],"about":[{"href":"https:\/\/corn-machine.com\/pt\/wp-json\/wp\/v2\/types\/product"}],"author":[{"embeddable":true,"href":"https:\/\/corn-machine.com\/pt\/wp-json\/wp\/v2\/users\/1"}],"wp:featuredmedia":[{"embeddable":true,"href":"https:\/\/corn-machine.com\/pt\/wp-json\/wp\/v2\/media\/46"}],"wp:attachment":[{"href":"https:\/\/corn-machine.com\/pt\/wp-json\/wp\/v2\/media?parent=44"}],"wp:term":[{"taxonomy":"post_tag","embeddable":true,"href":"https:\/\/corn-machine.com\/pt\/wp-json\/wp\/v2\/tags?post=44"},{"taxonomy":"product-type","embeddable":true,"href":"https:\/\/corn-machine.com\/pt\/wp-json\/wp\/v2\/product-type?post=44"}],"curies":[{"name":"wp","href":"https:\/\/api.w.org\/{rel}","templated":true}]}}