{"id":47,"date":"2022-09-06T06:35:08","date_gmt":"2022-09-06T06:35:08","guid":{"rendered":"https:\/\/corn-machine.com\/?post_type=product&#038;p=47"},"modified":"2025-08-06T16:04:29","modified_gmt":"2025-08-06T08:04:29","slug":"efficient-maize-harvester-machine","status":"publish","type":"product","link":"https:\/\/corn-machine.com\/pt\/product\/maquina-colheitadeira-de-milho\/","title":{"rendered":"M\u00e1quina colheitadeira de milho | M\u00e1quina de colheita de milho para venda"},"content":{"rendered":"<p>A m\u00e1quina colheitadeira de milho ajuda os agricultores a completar a colheita das espigas de milho quando o milho est\u00e1 maduro. Com a ajuda da m\u00e1quina de colheita de milho, a efici\u00eancia da colheita das culturas melhorar\u00e1 significativamente e reduzir\u00e1 a intensidade do trabalho dos agricultores. <\/p>    <p>Pode ser equipada com um motor diesel ou um motor el\u00e9trico para garantir o funcionamento da m\u00e1quina. Com a velocidade de trabalho de 0,72-1,44 km\/h, a sua capacidade pode ser garantida entre 0,03-0,06 hectare\/h. <\/p>    <p>Este colhedor de milho \u00e0 venda \u00e9 muito f\u00e1cil de operar, e uma pessoa pode completar todos os procedimentos. Al\u00e9m disso, esta m\u00e1quina \u00e9 acess\u00edvel e adequada para pequenas explora\u00e7\u00f5es de milho e terrenos montanhosos especiais.<\/p>   <div class=\"wp-block-image\"> <figure class=\"aligncenter size-full\"><img loading=\"lazy\" decoding=\"async\" width=\"720\" height=\"540\" src=\"https:\/\/corn-machine.com\/wp-content\/uploads\/2022\/09\/maize-harvester-machines-in-plant.webp\" alt=\"\" class=\"wp-image-148\" title=\"\"><figcaption class=\"wp-element-caption\">m\u00e1quina colheitadeira de milho<\/figcaption><\/figure> <\/div>   <h2 class=\"wp-block-heading\" id=\"h-introduction-of-maize-harvester-machine\"><strong>Introdu\u00e7\u00e3o da m\u00e1quina colheitadeira de milho<\/strong><\/h2>    <p>A m\u00e1quina colheitadeira de milho \u00e9 impulsionada para frente por uma pessoa, e as partes de trabalho s\u00e3o acionadas por um motor a diesel ou motor el\u00e9trico para opera\u00e7\u00f5es de corte e colheita. <\/p>    <p>A ceifeira de milho de linha \u00fanica tem quase as mesmas fun\u00e7\u00f5es que a grande ceifeira de milho conjugada, incluindo a recolha, descascamento, espigamento e tritura\u00e7\u00e3o de caules, mas esta ceifeira de milho rec\u00e9m-desenhada \u00e9 mais f\u00e1cil de configurar e operar, al\u00e9m de a altura de corte da m\u00e1quina ser ajust\u00e1vel.<\/p>   <div class=\"wp-block-image\"> <figure class=\"aligncenter size-full\"><img loading=\"lazy\" decoding=\"async\" width=\"720\" height=\"540\" src=\"https:\/\/corn-machine.com\/wp-content\/uploads\/2022\/09\/corn-harvester-machin-in-plant.webp\" alt=\"\" class=\"wp-image-145\" title=\"\"><figcaption class=\"wp-element-caption\">m\u00e1quina colheitadeira de milho na planta<\/figcaption><\/figure> <\/div>  <div class=\"wp-block-image\"> <figure class=\"aligncenter size-full\"><img loading=\"lazy\" decoding=\"async\" width=\"720\" height=\"540\" src=\"https:\/\/corn-machine.com\/wp-content\/uploads\/2022\/09\/corn-harvester-in-plant.webp\" alt=\"colheitadeira de milho na planta\" class=\"wp-image-144\" title=\"\"><figcaption class=\"wp-element-caption\">colheitadeira de milho na planta<\/figcaption><\/figure> <\/div>   <h2 class=\"wp-block-heading\" id=\"h-advantages-of-single-row-maize-harvester\"><strong>Vantagens da colheitadeira de milho de linha \u00fanica<\/strong><\/h2>    <ol class=\"wp-block-list\"> <li>A colhedora de milho de linha \u00fanica pode completar simultaneamente a colheita do milho e a tritura\u00e7\u00e3o da palha para retornar ao campo, melhorando a fertilidade do solo enquanto colhe o milho.<\/li>    <li>Com maior efici\u00eancia do que a colheita manual, esta m\u00e1quina colhedora de milho pode colher 0,03-0,06 hectares de milho por hora.<\/li>    <li>A m\u00e1quina de corte de milho tem baixo consumo de combust\u00edvel, desempenho de alto custo e toda a m\u00e1quina \u00e9 relativamente barata, podendo economizar dinheiro aos agricultores.<\/li>    <li>\u00c9 muito f\u00e1cil de operar e pode ser colocada em uso produtivo pelos agricultores ap\u00f3s um simples treinamento.<\/li>    <li>Esta m\u00e1quina de colheita de milho \u00e9 pequena e leve, por isso \u00e9 muito flex\u00edvel para se mover. Quando equipada com um motor a diesel, pode ser aplicada em muitos campos, como \u00e1reas planas, montanhosas e colinas.<\/li> <\/ol>    <h2 class=\"wp-block-heading\" id=\"h-parameters-of-corn-harvesting-machine\"><strong>Par\u00e2metros da m\u00e1quina de colheita de milho<\/strong><\/h2>    <figure class=\"wp-block-table\"><table><tbody><tr><td>Modelo<\/td><td>4YZ-1<\/td><\/tr><tr><td>Tamanho<\/td><td>1820 \u00d7 800 \u00d7 1190 mm<\/td><\/tr><tr><td>Peso<strong><\/strong><\/td><td>265kg<\/td><\/tr><tr><td>Velocidade de trabalho<\/td><td>0,72-1,44 km\/h<\/td><\/tr><tr><td>Capacidade<\/td><td>0,03-0,06 hectares\/h<\/td><\/tr><tr><td>N\u00famero de l\u00e2minas<\/td><td>10<\/td><\/tr><tr><td>Consumo de combust\u00edvel\u00a0da \u00e1rea de trabalho da unidade<\/td><td>\u226410kg\/h\u33a1<\/td><\/tr><\/tbody><\/table><figcaption class=\"wp-element-caption\">par\u00e2metros detalhados da m\u00e1quina colheitadeira de milho<\/figcaption><\/figure>    <h2 class=\"wp-block-heading\" id=\"h-global-case-of-maize-harvester-machine\"><strong>Caso global da m\u00e1quina de colheita de milho<\/strong><\/h2>    <p>Recentemente, fomos abordados por um cliente da Nig\u00e9ria que encomendou uma m\u00e1quina colheitadeira de milho. Ele j\u00e1 havia comprado uma m\u00e1quina debulhadora de milho da nossa empresa no ano passado. <\/p>    <p class=\"translation-block\">Este cliente nigeriano gere uma pequena explora\u00e7\u00e3o agr\u00edcola no seu pa\u00eds, onde os campos de milho se situam numa zona montanhosa, pelo que, sempre que chegava a \u00e9poca da colheita do milho, tinha de empregar muitos trabalhadores para recolher as <a href=\"https:\/\/en.wikipedia.org\/wiki\/Crop\" target=\"_blank\" rel=\"noopener\">colheitas<\/a>. <\/p>    <p>Ap\u00f3s ser recomendado uma m\u00e1quina de colheita de milho de linha \u00fanica pelo seu gerente de contas, ele determinou o rendimento e outros fatores e encomendou 30 colheitadeiras de milho da Taizy Machinery. <\/p>    <p>O cliente agora recebeu a m\u00e1quina e nos diz que ele emprega apenas metade do n\u00famero de trabalhadores do que antes, mas agora a efici\u00eancia aumentou mais de 3 vezes.<\/p>    <figure class=\"wp-block-gallery has-nested-images columns-default is-cropped wp-block-gallery-2 is-layout-flex wp-block-gallery-is-layout-flex\"> <figure class=\"wp-block-image size-large\"><img loading=\"lazy\" decoding=\"async\" width=\"720\" height=\"540\" data-id=\"146\" src=\"https:\/\/corn-machine.com\/wp-content\/uploads\/2022\/09\/load-and-delivery-.webp\" alt=\"\" class=\"wp-image-146\" title=\"\"><\/figure>    <figure class=\"wp-block-image size-large\"><img loading=\"lazy\" decoding=\"async\" width=\"720\" height=\"540\" data-id=\"147\" src=\"https:\/\/corn-machine.com\/wp-content\/uploads\/2022\/09\/loading-and-shipping-of-small-scale-corn-harvester-tuya1.webp\" alt=\"\" class=\"wp-image-147\" title=\"\"><\/figure> <\/figure>    <p><\/p>    <h2 class=\"wp-block-heading\" id=\"h-faqs-of-maize-harvester-for-sale\"><strong>Perguntas frequentes sobre colheitadeira de milho \u00e0 venda<\/strong><\/h2>    <div class=\"schema-faq wp-block-yoast-faq-block\"><div class=\"schema-faq-section\" id=\"faq-question-1662445667247\"><strong class=\"schema-faq-question\">A m\u00e1quina colhedora de milho pode rasgar a casca do milho?<\/strong> <p class=\"schema-faq-answer\">N\u00e3o, eu n\u00e3o posso.<\/p> <\/div> <div class=\"schema-faq-section\" id=\"faq-question-1662445699563\"><strong class=\"schema-faq-question\">Como a m\u00e1quina lida com os talos de milho?<\/strong> <p class=\"schema-faq-answer\">O talo de milho ser\u00e1 triturado e depois devolvido diretamente ao campo.<\/p> <\/div> <div class=\"schema-faq-section\" id=\"faq-question-1662445724968\"><strong class=\"schema-faq-question\">Qual \u00e9 a altura de corte do talo de milho?<\/strong> <p class=\"schema-faq-answer\">Pode ser ajustado, e o canudo mais curto que resta tem 10 cm.<\/p> <\/div> <div class=\"schema-faq-section\" id=\"faq-question-1662445758835\"><strong class=\"schema-faq-question\">Quantas facas trituradoras est\u00e3o equipadas com a colhedora de milho?<\/strong> <p class=\"schema-faq-answer\">Existem 10 facas esmagadoras.<\/p> <\/div> <div class=\"schema-faq-section\" id=\"faq-question-1662445809116\"><strong class=\"schema-faq-question\">Qual \u00e9 a configura\u00e7\u00e3o de energia da m\u00e1quina?<\/strong> <p class=\"schema-faq-answer\">&nbsp;Inclui motores asoline 188F e motores diesel 188F.<\/p> <\/div> <div class=\"schema-faq-section\" id=\"faq-question-1662445864028\"><strong class=\"schema-faq-question\">Quantas m\u00e1quinas um gabinete de madeira de 20 p\u00e9s e um gabinete de madeira de 40 p\u00e9s podem conter?<\/strong> <p class=\"schema-faq-answer\">26 unidades para cont\u00eaineres de 20 p\u00e9s e 54 unidades para cont\u00eaineres de 40 p\u00e9s.<\/p> <\/div> <div class=\"schema-faq-section\" id=\"faq-question-1662445898898\"><strong class=\"schema-faq-question\">Quantos gr\u00e3os a tremonha da m\u00e1quina pode conter?<\/strong> <p class=\"schema-faq-answer\">A tremonha da m\u00e1quina colhedora de milho pode conter de 30 a 50 gr\u00e3os.<\/p> <\/div> <\/div>    <h2 class=\"wp-block-heading\"><strong>Outras ferramentas \u00fateis para o cultivo de milho<\/strong><\/h2>    <p>Al\u00e9m da m\u00e1quina colhedora de milho, nossa empresa tamb\u00e9m fornece outras m\u00e1quinas pr\u00e1ticas para milho para atender a todas as necessidades na agricultura. <\/p>    <p>Existe um plantador de milho mais conveniente? Como resolver os problemas de armazenamento de milho? Voc\u00ea poderia melhorar o valor dos seus materiais para obter mais benef\u00edcios? Todos esses problemas podem ser resolvidos utilizando diferentes ferramentas.<\/p>    <p class=\"translation-block\">Apresentamos o <a href=\"https:\/\/corn-machine.com\/pt\/product\/mobile-grain-dryer-for-drying-corn-rice\/\">secador de gr\u00e3os m\u00f3vel<\/a> para secagem e armazenamento de milho. Clique na liga\u00e7\u00e3o para conhecer o seu processo de trabalho e mais detalhes. Se tem uma explora\u00e7\u00e3o agr\u00edcola com enormes mat\u00e9rias-primas e quer criar uma nova oficina para obter mais benef\u00edcios. A <a href=\"https:\/\/corn-machine.com\/pt\/product\/maize-grits-making-machine\/\">m\u00e1quina de fazer gr\u00e3os de milho<\/a> \u00e9 uma boa escolha para produzir gr\u00e3os e farinha de milho para venda.<\/p>    <p>Somos apenas fornecedores de opini\u00e3o para que escolha a m\u00e1quina mais adequada \u00e0s suas necessidades. Se tiver algum problema e quiser perguntar o pre\u00e7o exato de qualquer maquinaria, n\u00e3o hesite em contactar-nos.<\/p>","protected":false},"excerpt":{"rendered":"<p>Adequado para a colheita de milho em pequena escala e terrenos montanhosos especiais, esta m\u00e1quina debulhadora de milho pode melhorar a efici\u00eancia do trabalho e reduzir grandemente a intensidade do trabalho.<\/p>","protected":false},"author":1,"featured_media":49,"parent":0,"template":"","tags":[18],"product-type":[40],"class_list":["post-47","product","type-product","status-publish","has-post-thumbnail","hentry","tag-maize-harvester-machine","product-type-corn-harvesting-machine"],"_links":{"self":[{"href":"https:\/\/corn-machine.com\/pt\/wp-json\/wp\/v2\/product\/47","targetHints":{"allow":["GET"]}}],"collection":[{"href":"https:\/\/corn-machine.com\/pt\/wp-json\/wp\/v2\/product"}],"about":[{"href":"https:\/\/corn-machine.com\/pt\/wp-json\/wp\/v2\/types\/product"}],"author":[{"embeddable":true,"href":"https:\/\/corn-machine.com\/pt\/wp-json\/wp\/v2\/users\/1"}],"wp:featuredmedia":[{"embeddable":true,"href":"https:\/\/corn-machine.com\/pt\/wp-json\/wp\/v2\/media\/49"}],"wp:attachment":[{"href":"https:\/\/corn-machine.com\/pt\/wp-json\/wp\/v2\/media?parent=47"}],"wp:term":[{"taxonomy":"post_tag","embeddable":true,"href":"https:\/\/corn-machine.com\/pt\/wp-json\/wp\/v2\/tags?post=47"},{"taxonomy":"product-type","embeddable":true,"href":"https:\/\/corn-machine.com\/pt\/wp-json\/wp\/v2\/product-type?post=47"}],"curies":[{"name":"wp","href":"https:\/\/api.w.org\/{rel}","templated":true}]}}