{"id":54,"date":"2022-09-06T07:11:15","date_gmt":"2022-09-06T07:11:15","guid":{"rendered":"https:\/\/corn-machine.com\/?post_type=product&#038;p=54"},"modified":"2025-08-29T16:49:03","modified_gmt":"2025-08-29T08:49:03","slug":"fresh-corn-sheller-machine","status":"publish","type":"product","link":"https:\/\/corn-machine.com\/pt\/product\/fresh-corn-sheller-machine\/","title":{"rendered":"M\u00e1quina Descascadora de Milho Doce | M\u00e1quina Descascadora de Milho Doce"},"content":{"rendered":"<p class=\"translation-block\">Taizy SUS304 <strong>fresh corn sheller machine<\/strong> \u00e9 usado para descascar os gr\u00e3os de milho fresco e milho doce sem os danificar. A velocidade de debulha com o descascador autom\u00e1tico de milho doce \u00e9 t\u00e3o r\u00e1pida que pode debulhar 400-500 kg de gr\u00e3os por hora.<\/p>    <p>\u00c9 comumente usada em f\u00e1bricas de processamento de milho, f\u00e1bricas de conservas de milho e f\u00e1bricas de produ\u00e7\u00e3o de alimentos congelados, etc. V\u00e1rias m\u00e1quinas de descascar milho doce podem ser usadas com linhas de montagem grandes, que s\u00e3o m\u00e1quinas necess\u00e1rias para empresas de processamento de milho.<\/p>   <div class=\"wp-block-image\"> <figure class=\"aligncenter size-large\"><img loading=\"lazy\" decoding=\"async\" width=\"720\" height=\"540\" src=\"https:\/\/corn-machine.com\/wp-content\/uploads\/2022\/09\/fresh-corn-threshing-machine.webp\" alt=\"m\u00e1quina de debulha de milho fresco\" class=\"wp-image-163\" title=\"\"><figcaption class=\"wp-element-caption\">m\u00e1quina de debulha de milho fresco<\/figcaption><\/figure> <\/div>   <h2 class=\"wp-block-heading\">V\u00eddeo de funcionamento da m\u00e1quina de debulhar milho fresco<\/h2>    <figure class=\"wp-block-embed is-type-video is-provider-youtube wp-block-embed-youtube wp-embed-aspect-16-9 wp-has-aspect-ratio\"><div class=\"wp-block-embed__wrapper\"> <iframe loading=\"lazy\" title=\"M\u00e1quina debulhadora de milho fresco de grande venda | Progresso de trabalho da m\u00e1quina debulhadora de milho doce\" width=\"500\" height=\"281\" src=\"https:\/\/www.youtube.com\/embed\/h4n44zJXueQ?start=21&#038;feature=oembed\" frameborder=\"0\" allow=\"accelerometer; autoplay; clipboard-write; encrypted-media; gyroscope; picture-in-picture; web-share\" referrerpolicy=\"strict-origin-when-cross-origin\" allowfullscreen><\/iframe> <\/div><figcaption class=\"wp-element-caption\">v\u00eddeo de funcionamento da m\u00e1quina de debulhar milho doce<\/figcaption><\/figure>    <h2 class=\"wp-block-heading\" id=\"h-technical-parameters-of-corn-thresher-for-sale\">Par\u00e2metros t\u00e9cnicos da debulhadora de milho para venda<\/h2>    <figure class=\"wp-block-table\"><table><tbody><tr><td>Modelo<\/td><td>TZ-268 TZ-368<\/td><\/tr><tr><td>Poder<\/td><td>1,2 kW<\/td><\/tr><tr><td>Tens\u00e3o<\/td><td>220 V<\/td><\/tr><tr><td>Capacidade<\/td><td>400-500kg\/h semente (Alimenta\u00e7\u00e3o de cerca de 75 espigas de milho por minuto)<\/td><\/tr><tr><td>Velocidade do transportador<\/td><td>&nbsp;V=15m\/min<\/td><\/tr><tr><td>Tamanho da m\u00e1quina<\/td><td>1150*500*1300mm<\/td><\/tr><\/tbody><\/table><figcaption class=\"wp-element-caption\">par\u00e2metros t\u00e9cnicos da m\u00e1quina de descascar milho doce<\/figcaption><\/figure>    <p>Tamb\u00e9m apresentamos um modelo de TZ-368, que tem as mesmas especifica\u00e7\u00f5es que o TZ-268. Mas est\u00e1 equipado com um transportador para uma velocidade de alimenta\u00e7\u00e3o mais r\u00e1pida. Al\u00e9m disso, toda a m\u00e1quina de debulhar milho fresco \u00e9 feita de SUS404. Portanto, se tiver padr\u00f5es elevados para os seus produtos, a m\u00e1quina de debulhar milho infantil Taizy pode satisfazer perfeitamente as suas necessidades.<\/p>    <h2 class=\"wp-block-heading\" id=\"h-advantages-of-fresh-corn-sheller-machine\">Vantagens da m\u00e1quina descascadora de milho fresco<\/h2>    <ol class=\"wp-block-list\"> <li>Esta m\u00e1quina descascadora de milho fresco pode ser usada para uma ampla variedade de mat\u00e9rias-primas e pode debulhar suavemente todos os tipos de milho doce e milho pegajoso.<\/li>    <li>A l\u00e2mina dentro da m\u00e1quina debulhadora de milho doce tem alta dureza, boa resist\u00eancia ao desgaste e um longo ciclo de afiamento, tendo passado por v\u00e1rias fases de investiga\u00e7\u00e3o e desenvolvimento para melhorar significativamente a efici\u00eancia de produ\u00e7\u00e3o.<\/li>    <li>O corte do gr\u00e3o de milho \u00e9 suave e seco, e a m\u00e1quina n\u00e3o danifica os gr\u00e3os de milho waxy, elevada taxa de remo\u00e7\u00e3o de gr\u00e3os.<\/li>    <li>A profundidade dos gr\u00e3os de milho fresco \u00e9 ajust\u00e1vel, permitindo atender \u00e0s diferentes necessidades de v\u00e1rios utilizadores.<\/li> <\/ol>   <div class=\"wp-block-image\"> <figure class=\"aligncenter size-large\"><img loading=\"lazy\" decoding=\"async\" width=\"720\" height=\"540\" src=\"https:\/\/corn-machine.com\/wp-content\/uploads\/2022\/09\/Sweet-corn-threshing-machine.webp\" alt=\"M\u00e1quina de debulha de milho doce\" class=\"wp-image-168\" title=\"\"><figcaption class=\"wp-element-caption\">M\u00e1quina debulhadora de milho doce<\/figcaption><\/figure> <\/div>   <h2 class=\"wp-block-heading\" id=\"h-application-of-fresh-corn-sheller-machine\">Aplica\u00e7\u00e3o de m\u00e1quina descascadora de milho fresco<\/h2>    <p>Esta m\u00e1quina debulhadora de milho doce foi concebida para trabalhos de descascagem de milho fresco, adequada para v\u00e1rios tipos de milho, incluindo milho doce, milho de fruta e milho pegajoso. O descascador de milho doce pode facilmente separar as sementes do talo. Al\u00e9m disso, tamb\u00e9m fornecemos m\u00e1quinas de debulhar para milho seco e m\u00e1quinas debulhadoras multifun\u00e7\u00e3o \u00e0 venda. S\u00e3o adequadas para milhos com teor de \u00e1gua \u226414%.<\/p>    <figure class=\"wp-block-gallery has-nested-images columns-default is-cropped wp-block-gallery-2 is-layout-flex wp-block-gallery-is-layout-flex\"> <figure class=\"wp-block-image size-large\"><img loading=\"lazy\" decoding=\"async\" width=\"720\" height=\"540\" data-id=\"160\" src=\"https:\/\/corn-machine.com\/wp-content\/uploads\/2022\/09\/application-of-corn-threshing-machine.webp\" alt=\"aplica\u00e7\u00e3o de debulhadora de milho\" class=\"wp-image-160\" title=\"\"><figcaption class=\"wp-element-caption\">aplica\u00e7\u00e3o de m\u00e1quina debulhadora de milhoaplica\u00e7\u00e3o de m\u00e1quina debulhadora de milho<\/figcaption><\/figure>    <figure class=\"wp-block-image size-large\"><img loading=\"lazy\" decoding=\"async\" width=\"720\" height=\"540\" data-id=\"162\" src=\"https:\/\/corn-machine.com\/wp-content\/uploads\/2022\/09\/effect-of-maize-thresher-machine.webp\" alt=\"efeito da m\u00e1quina debulhadora de milho\" class=\"wp-image-162\" title=\"\"><figcaption class=\"wp-element-caption\">efeito da m\u00e1quina descascadora de milho fresco<\/figcaption><\/figure> <\/figure>    <p>A m\u00e1quina debulhadora de milho doce \u00e9 adequada para a ind\u00fastria de processamento de alimentos congelados r\u00e1pidos, f\u00e1brica de conservas de milho, produ\u00e7\u00e3o de sumo de milho congelado r\u00e1pido, f\u00e1brica de processamento de milho, processamento de subprodutos agr\u00edcolas e outras ind\u00fastrias.<\/p>    <p>Para a maioria dos restaurantes, este tipo de m\u00e1quina debulhadora de milho fresco \u00e9 tamb\u00e9m um bom dispositivo para os ajudar a poupar m\u00e3o de obra e tempo. Al\u00e9m disso, a maioria dos gourmets acha que os gr\u00e3os de milho rec\u00e9m assados t\u00eam melhor gosto. Se o seu restaurante procura ingredientes de alta qualidade, esta \u00e9 uma boa op\u00e7\u00e3o para si. <\/p>    <p class=\"translation-block\">Temos um cliente que encomendou esta m\u00e1quina para a cozinha central deles, e a salada de milho continua a ter grande procura. Se quiser ouvir esta hist\u00f3ria, clique aqui: <a href=\"https:\/\/corn-machine.com\/pt\/Info\/sweet-corn-sheller-ordered-by-restaurant-usa\/\">Sweet Corn Shellers Ordered By Orlando BBQ Restaurant<\/a>.<\/p>    <figure class=\"wp-block-gallery has-nested-images columns-default is-cropped wp-block-gallery-3 is-layout-flex wp-block-gallery-is-layout-flex\"> <figure class=\"wp-block-image size-large\"><img loading=\"lazy\" decoding=\"async\" width=\"720\" height=\"540\" data-id=\"164\" src=\"https:\/\/corn-machine.com\/wp-content\/uploads\/2022\/09\/frozen-corn-kernels.webp\" alt=\"gr\u00e3os de milho congelados\" class=\"wp-image-164\" title=\"\"><figcaption class=\"wp-element-caption\">gr\u00e3os de milho congelados<\/figcaption><\/figure>    <figure class=\"wp-block-image size-large\"><img loading=\"lazy\" decoding=\"async\" width=\"720\" height=\"540\" data-id=\"161\" src=\"https:\/\/corn-machine.com\/wp-content\/uploads\/2022\/09\/canned-sweet-corn.webp\" alt=\"milho doce enlatado\" class=\"wp-image-161\" title=\"\"><figcaption class=\"wp-element-caption\">milho doce enlatado<\/figcaption><\/figure> <\/figure>    <h2 class=\"wp-block-heading\" id=\"h-advanced-structure-of-sweet-corn-thresher\">Estrutura avan\u00e7ada da descascadora de milho doce<\/h2>    <p>A debulhadora de milho doce consiste principalmente numa parte de alimenta\u00e7\u00e3o, num mecanismo de separa\u00e7\u00e3o de sementes e espiga, num mecanismo de exporta\u00e7\u00e3o de espiga, numa porta de descarga de gr\u00e3os de milho e num sistema de controlo el\u00e9trico.<\/p>   <div class=\"wp-block-image\"> <figure class=\"aligncenter size-full\"><img loading=\"lazy\" decoding=\"async\" width=\"720\" height=\"540\" src=\"https:\/\/corn-machine.com\/wp-content\/uploads\/2022\/09\/structure-of-sweet-corn-sheller-machine.webp\" alt=\"estrutura da m\u00e1quina descascadora de milho doce\" class=\"wp-image-167\" title=\"\"><figcaption class=\"wp-element-caption\">estrutura da m\u00e1quina descascadora de milho fresco<\/figcaption><\/figure> <\/div>   <ol class=\"wp-block-list\"> <li>A parte de alimenta\u00e7\u00e3o \u00e9 alimentada no alimentador por um <strong>transportador de corrente de a\u00e7o inoxid\u00e1vel<\/strong>, com a espiga de milho virada para a frente. O transportador utiliza uma corrente de a\u00e7o inoxid\u00e1vel para transportar a uma velocidade uniforme. O alimentador \u00e9 composto por rolos de borracha de qualidade alimentar, que s\u00e3o macios e flex\u00edveis e n\u00e3o danificam a pele exterior do milho.<\/li>    <li>A parte de separa\u00e7\u00e3o de sementes e espigas consiste em<strong> facas e discos de corte \u00fanicos<\/strong>, que podem cortar facilmente espigas de milho de diferentes di\u00e2metros. A l\u00e2mina gira a alta velocidade durante o trabalho, o que est\u00e1 perto do milho, e pode lidar com espigas de milho tortas. O cortador pode cortar axial e radialmente, o que melhora significativamente o rendimento dos gr\u00e3os de milho.<\/li> <\/ol>    <figure class=\"wp-block-gallery has-nested-images columns-default is-cropped wp-block-gallery-4 is-layout-flex wp-block-gallery-is-layout-flex\"> <figure class=\"wp-block-image size-large\"><img loading=\"lazy\" decoding=\"async\" width=\"720\" height=\"540\" data-id=\"166\" src=\"https:\/\/corn-machine.com\/wp-content\/uploads\/2022\/09\/Rubber-feed-wheels-.webp\" alt=\"Rodas de alimenta\u00e7\u00e3o de borracha\" class=\"wp-image-166\" title=\"\"><figcaption class=\"wp-element-caption\">Rodas de alimenta\u00e7\u00e3o de borracha<\/figcaption><\/figure>    <figure class=\"wp-block-image size-large\"><img loading=\"lazy\" decoding=\"async\" width=\"720\" height=\"540\" data-id=\"165\" src=\"https:\/\/corn-machine.com\/wp-content\/uploads\/2022\/09\/inner-blades-of-the-sweet-corn-sheller-machine.webp\" alt=\"l\u00e2minas internas da m\u00e1quina descascadora de milho doce\" class=\"wp-image-165\" title=\"\"><figcaption class=\"wp-element-caption\">l\u00e2minas internas da m\u00e1quina descascadora de milho doce<\/figcaption><\/figure> <\/figure>    <p>Este \u00e9 o design interior detalhado da placa de l\u00e2mina, e a placa de l\u00e2mina, que \u00e9 a parte mais importante desta m\u00e1quina descascadora de milho fresco em a\u00e7o inoxid\u00e1vel. A pr\u00f3xima parte mostrar-lhe-\u00e1 como manter tal m\u00e1quina, e quando enfrentar alguns problemas durante o seu uso, como resolv\u00ea-los.<\/p>    <figure class=\"wp-block-gallery has-nested-images columns-default is-cropped wp-block-gallery-5 is-layout-flex wp-block-gallery-is-layout-flex\"> <figure class=\"wp-block-image size-large\"><img loading=\"lazy\" decoding=\"async\" width=\"720\" height=\"540\" data-id=\"857\" src=\"https:\/\/corn-machine.com\/wp-content\/uploads\/2022\/09\/structure-of-blade.webp\" alt=\"Estrutura da l\u00e2mina da m\u00e1quina descascadora de milho fresco\" class=\"wp-image-857\" title=\"\" srcset=\"https:\/\/corn-machine.com\/wp-content\/uploads\/2022\/09\/structure-of-blade.webp 720w, https:\/\/corn-machine.com\/wp-content\/uploads\/2022\/09\/structure-of-blade-300x225.webp 300w, https:\/\/corn-machine.com\/wp-content\/uploads\/2022\/09\/structure-of-blade-16x12.webp 16w\" sizes=\"auto, (max-width: 720px) 100vw, 720px\" \/><figcaption class=\"wp-element-caption\">Estrutura da l\u00e2mina<\/figcaption><\/figure>    <figure class=\"wp-block-image size-large\"><img loading=\"lazy\" decoding=\"async\" width=\"720\" height=\"540\" data-id=\"856\" src=\"https:\/\/corn-machine.com\/wp-content\/uploads\/2022\/09\/structure-of-blade-plate.webp\" alt=\"Estrutura da placa de l\u00e2mina da m\u00e1quina descascadora de milho doce\" class=\"wp-image-856\" title=\"\" srcset=\"https:\/\/corn-machine.com\/wp-content\/uploads\/2022\/09\/structure-of-blade-plate.webp 720w, https:\/\/corn-machine.com\/wp-content\/uploads\/2022\/09\/structure-of-blade-plate-300x225.webp 300w, https:\/\/corn-machine.com\/wp-content\/uploads\/2022\/09\/structure-of-blade-plate-16x12.webp 16w\" sizes=\"auto, (max-width: 720px) 100vw, 720px\" \/><figcaption class=\"wp-element-caption\">Estrutura da placa de l\u00e2mina<\/figcaption><\/figure> <\/figure>    <h2 class=\"wp-block-heading\" id=\"h-precaution-of-fresh-corn-sheller\">Precau\u00e7\u00f5es para o uso da m\u00e1quina de debulhar milho fresco<\/h2>    <ol class=\"wp-block-list\"> <li>As espigas de milho usadas para debulha devem ser removidas das suas folhas exteriores e bigodes antes de serem colocadas na m\u00e1quina.<\/li>    <li>Ap\u00f3s a opera\u00e7\u00e3o di\u00e1ria, o pessoal deve limpar prontamente a placa de l\u00e2mina e as partes de alimenta\u00e7\u00e3o e descarga para evitar o excesso de sumo de milho a aderir e reduzir a efici\u00eancia de corte.<\/li>    <li>Para um melhor efeito de descasque, o milho deve preferencialmente estar intacto, e o topo do milho deve ser removido. Al\u00e9m disso, o comprimento do milho doce deve preferencialmente ser superior a 8 cm.<\/li>    <li>O operador deve seguir o procedimento de alimenta\u00e7\u00e3o correto para permitir que o milho seja alimentado uniformemente na cadeia de alimenta\u00e7\u00e3o. Em caso de bloqueio persistente da alimenta\u00e7\u00e3o, informe imediatamente o pessoal de manuten\u00e7\u00e3o profissional.<\/li>    <li>Hands or any non-feedstock objects should not be placed on the feed opening. Otherwise, the fresh maize thresher machine&#8217;s blades will cause personal injury, and the machine will be severely damaged.<\/li>    <li>Para garantir a seguran\u00e7a do pessoal e a opera\u00e7\u00e3o da pequena m\u00e1quina debulhadora de milho, apenas pessoal treinado est\u00e1 autorizado a oper\u00e1-la, ajust\u00e1-la e mant\u00ea-la.<\/li> <\/ol>    <h2 class=\"wp-block-heading\" id=\"h-faqs-of-corn-thresher-machine\">FAQS da m\u00e1quina debulhadora de milho waxy<\/h2>   <div id=\"rank-math-faq\" class=\"rank-math-block\"> <div class=\"rank-math-list\"> <div id=\"faq-question-1755068693566\" class=\"rank-math-list-item\"> <h3 class=\"rank-math-question\">A profundidade do corte do milho pode ser controlada?<\/h3> <div class=\"rank-math-answer\">  <p>Sim, depende do conversor de frequ\u00eancia, que est\u00e1 sempre definido para 40Hz-60Hz. E quanto mais r\u00e1pida a velocidade da l\u00e2mina, mais profundas s\u00e3o cortadas as espigas de milho.<\/p>  <\/div> <\/div> <div id=\"faq-question-1755068868137\" class=\"rank-math-list-item\"> <h3 class=\"rank-math-question\">A velocidade da m\u00e1quina de processamento de milho pode ser controlada?<\/h3> <div class=\"rank-math-answer\">  <p>Sim, a velocidade de rota\u00e7\u00e3o das facas \u00e9 controlada pelo inversor, e a velocidade da correia transportadora \u00e9 fixa.<\/p>  <\/div> <\/div> <div id=\"faq-question-1755069077497\" class=\"rank-math-list-item\"> <h3 class=\"rank-math-question\">O que devo fazer se o processo de alimenta\u00e7\u00e3o estiver bloqueado?<\/h3> <div class=\"rank-math-answer\">  <p>Se a m\u00e1quina estiver bloqueada ou atolada com milho, voc\u00ea deve primeiro parar a m\u00e1quina e depois pressionar o bot\u00e3o de r\u00e9 para permitir que o milho saia ao contr\u00e1rio.<\/p>  <\/div> <\/div> <div id=\"faq-question-1755069228426\" class=\"rank-math-list-item\"> <h3 class=\"rank-math-question\">Qual \u00e9 o pre\u00e7o do descascador de milho doce?<\/h3> <div class=\"rank-math-answer\">  <p>O custo desta m\u00e1quina \u00e9 de algumas milhares de d\u00f3lares, e ir\u00e1 adicionar o pre\u00e7o de envio, embalagem e outros dispositivos personalizados.<\/p>  <\/div> <\/div> <\/div> <\/div>   <h2 class=\"wp-block-heading\"><strong>Quanto vai custar se quiser comprar uma m\u00e1quina debulhadora de milho fresco?<\/strong><\/h2>    <p>O pre\u00e7o total ser\u00e1 de algumas milhares de d\u00f3lares, o que inclui o custo de envio, o pre\u00e7o da pr\u00f3pria m\u00e1quina, e algumas pe\u00e7as de desgaste. Mas fornecemos envio mundial e at\u00e9 transporte porta-a-porta.<\/p>    <p>Our voltage can be customized according to different regions, and the cost is less than $200. Normally, within 7 working days after receiving payment, our factory will begin production of the machine. But if you don&#8217;t have many special needs for the machine, we have spot goods for emergencies.<\/p>    <p>If you want to get free consultations on the exact prices of this type of Fresh corn sheller machine, don&#8217;t hesitate to contact us!<\/p>","protected":false},"excerpt":{"rendered":"<p>Sem qualquer dano nos gr\u00e3os de milho, esta m\u00e1quina debulhadora de milho fresco auxiliar\u00e1 a sua cadeia de processamento de alimentos de milho.<\/p>","protected":false},"author":1,"featured_media":56,"parent":0,"template":"","tags":[20],"product-type":[42],"class_list":["post-54","product","type-product","status-publish","has-post-thumbnail","hentry","tag-corn-thresher","product-type-maize-sheller-machine"],"_links":{"self":[{"href":"https:\/\/corn-machine.com\/pt\/wp-json\/wp\/v2\/product\/54","targetHints":{"allow":["GET"]}}],"collection":[{"href":"https:\/\/corn-machine.com\/pt\/wp-json\/wp\/v2\/product"}],"about":[{"href":"https:\/\/corn-machine.com\/pt\/wp-json\/wp\/v2\/types\/product"}],"author":[{"embeddable":true,"href":"https:\/\/corn-machine.com\/pt\/wp-json\/wp\/v2\/users\/1"}],"wp:featuredmedia":[{"embeddable":true,"href":"https:\/\/corn-machine.com\/pt\/wp-json\/wp\/v2\/media\/56"}],"wp:attachment":[{"href":"https:\/\/corn-machine.com\/pt\/wp-json\/wp\/v2\/media?parent=54"}],"wp:term":[{"taxonomy":"post_tag","embeddable":true,"href":"https:\/\/corn-machine.com\/pt\/wp-json\/wp\/v2\/tags?post=54"},{"taxonomy":"product-type","embeddable":true,"href":"https:\/\/corn-machine.com\/pt\/wp-json\/wp\/v2\/product-type?post=54"}],"curies":[{"name":"wp","href":"https:\/\/api.w.org\/{rel}","templated":true}]}}