{"id":567,"date":"2025-07-07T14:49:18","date_gmt":"2025-07-07T06:49:18","guid":{"rendered":"https:\/\/corn-machine.com\/?post_type=product&#038;p=567"},"modified":"2025-07-17T11:41:51","modified_gmt":"2025-07-17T03:41:51","slug":"stainless-steel-flour-mill-machine","status":"publish","type":"product","link":"https:\/\/corn-machine.com\/pt\/product\/stainless-steel-flour-mill-machine\/","title":{"rendered":"M\u00e1quina de Moagem de Farinha em A\u00e7o Inoxid\u00e1vel para Processamento de Alimentos"},"content":{"rendered":"<p>A m\u00e1quina de moer farinha em a\u00e7o inoxid\u00e1vel utiliza a\u00e7o inoxid\u00e1vel de grau alimentar como material para processar gr\u00e3os comest\u00edveis, especiarias e ervas em p\u00f3 de diferentes finuras. Est\u00e1 equipada com diferentes tipos de telas para determinar a malha desejada. (Pode-se escolher entre 20-120 malhas)<\/p>    <p>Com um sistema de controlo de opera\u00e7\u00e3o f\u00e1cil, o moedor el\u00e9trico de alimentos funciona suavemente e tem um baixo n\u00edvel de ru\u00eddo. Mas esta caracter\u00edstica n\u00e3o influencia a sua capacidade de produ\u00e7\u00e3o, que pode variar de 10kg\/h a 1500kg\/h.<\/p>    <figure class=\"wp-block-embed is-type-video is-provider-youtube wp-block-embed-youtube wp-embed-aspect-16-9 wp-has-aspect-ratio\"><div class=\"wp-block-embed__wrapper\"> <iframe loading=\"lazy\" title=\"M\u00e1quina de Moagem de Farinha em A\u00e7o Inoxid\u00e1vel de Grau Alimentar Moedor de Gr\u00e3os Moagem Fina e Eficaz #moedordegr\u00e3os\" width=\"500\" height=\"281\" src=\"https:\/\/www.youtube.com\/embed\/j6OkycYfHPk?feature=oembed\" frameborder=\"0\" allow=\"accelerometer; autoplay; clipboard-write; encrypted-media; gyroscope; picture-in-picture; web-share\" referrerpolicy=\"strict-origin-when-cross-origin\" allowfullscreen><\/iframe> <\/div><figcaption class=\"wp-element-caption\">os detalhes do processo de moagem<\/figcaption><\/figure>    <h2 class=\"wp-block-heading\"><strong>Destaques da M\u00e1quina de Moagem de Farinha em A\u00e7o Inoxid\u00e1vel<\/strong><\/h2>    <ul class=\"wp-block-list\"> <li>Este moedor de gr\u00e3os \u00e9 projetado com a\u00e7o inoxid\u00e1vel 304, portanto, pode atingir padr\u00f5es de qualidade alimentar para garantir a qualidade dos alimentos processados.<\/li>    <li>Tem uma ampla gama de aplica\u00e7\u00f5es. Por exemplo, pode moer gr\u00e3os, feij\u00f5es e at\u00e9 especiarias. A finura pode ser ajustada para atender a diferentes necessidades de processamento de alimentos.<\/li>    <li>A m\u00e1quina de moagem de farinha em a\u00e7o inoxid\u00e1vel \u00e9 f\u00e1cil de limpar e manter, e sua superf\u00edcie lisa inibe o crescimento de bact\u00e9rias.<\/li> <\/ul>   <div class=\"wp-block-image\"> <figure class=\"aligncenter size-full\"><img loading=\"lazy\" decoding=\"async\" width=\"720\" height=\"540\" src=\"https:\/\/corn-machine.com\/wp-content\/uploads\/2025\/07\/different-types-of-stainless-steel-food-grinder-machine.webp\" alt=\"diferentes tipos de moedores de alimentos em a\u00e7o inoxid\u00e1vel para processamento de alimentos\" class=\"wp-image-579\" title=\"\" srcset=\"https:\/\/corn-machine.com\/wp-content\/uploads\/2025\/07\/different-types-of-stainless-steel-food-grinder-machine.webp 720w, https:\/\/corn-machine.com\/wp-content\/uploads\/2025\/07\/different-types-of-stainless-steel-food-grinder-machine-300x225.webp 300w, https:\/\/corn-machine.com\/wp-content\/uploads\/2025\/07\/different-types-of-stainless-steel-food-grinder-machine-16x12.webp 16w\" sizes=\"auto, (max-width: 720px) 100vw, 720px\" \/><figcaption class=\"wp-element-caption\">diferentes tipos de moinhos de alimentos em a\u00e7o inoxid\u00e1vel<\/figcaption><\/figure> <\/div>   <h2 class=\"wp-block-heading\"><strong>Quais materiais podem ser mo\u00eddos?<\/strong><\/h2>    <p>Esta m\u00e1quina de moer farinha em a\u00e7o inoxid\u00e1vel tem uma ampla gama de op\u00e7\u00f5es para processamento de materiais. E pode trocar o peneiro para controlar o tamanho da farinha de 20 a 120 malhas.<\/p>    <p class=\"translation-block\">Ela pode moer a maioria dos gr\u00e3os, como milho, sorgo, cevada, <a href=\"https:\/\/en.wikipedia.org\/wiki\/Buckwheat\" target=\"_blank\" rel=\"noopener\">trigo sarraceno<\/a>, trigo, aveia, e assim por diante. Os produtos podem ser vendidos diretamente para mercados de produ\u00e7\u00e3o ou supermercados a um bom pre\u00e7o. <\/p>    <p>Especiarias ainda podem ser mo\u00eddas em p\u00f3 fino usando este moedor de gr\u00e3os, como o p\u00f3 de pimenta que \u00e9 popular em algumas \u00e1reas para cozinhar. <\/p>    <p>O processamento de gr\u00e3os de caf\u00e9 em grande escala tamb\u00e9m \u00e9 uma oportunidade de neg\u00f3cio vi\u00e1vel para aqueles que desejam produzir p\u00f3 de caf\u00e9 de alta qualidade para venda. Esta m\u00e1quina pode ajud\u00e1-lo a alcan\u00e7ar seus planos.<\/p>   <div class=\"wp-block-image\"> <figure class=\"aligncenter size-full\"><img loading=\"lazy\" decoding=\"async\" width=\"720\" height=\"540\" src=\"https:\/\/corn-machine.com\/wp-content\/uploads\/2025\/07\/raw-materials-and-the-final-products.webp\" alt=\"mat\u00e9rias-primas e os produtos finais processados\" class=\"wp-image-584\" title=\"\" srcset=\"https:\/\/corn-machine.com\/wp-content\/uploads\/2025\/07\/raw-materials-and-the-final-products.webp 720w, https:\/\/corn-machine.com\/wp-content\/uploads\/2025\/07\/raw-materials-and-the-final-products-300x225.webp 300w, https:\/\/corn-machine.com\/wp-content\/uploads\/2025\/07\/raw-materials-and-the-final-products-16x12.webp 16w\" sizes=\"auto, (max-width: 720px) 100vw, 720px\" \/><figcaption class=\"wp-element-caption\">mat\u00e9rias-primas e os produtos finais<\/figcaption><\/figure> <\/div>   <h2 class=\"wp-block-heading\"><strong>Estrutura do moinho de moer alimentos<\/strong><\/h2>    <p>Existem 6 partes da estrutura externa da m\u00e1quina de moer farinha em a\u00e7o inoxid\u00e1vel: a entrada, o ajuste de velocidade, a porca solta, a c\u00e2mara de tritura\u00e7\u00e3o, o bot\u00e3o de interruptor e a sa\u00edda.<\/p>   <div class=\"wp-block-image\"> <figure class=\"aligncenter size-full\"><img loading=\"lazy\" decoding=\"async\" width=\"720\" height=\"540\" src=\"https:\/\/corn-machine.com\/wp-content\/uploads\/2025\/07\/the-structure-of-stainless-steel-milling-machine.webp\" alt=\"a estrutura detalhada da m\u00e1quina de moagem em a\u00e7o inoxid\u00e1vel\" class=\"wp-image-578\" title=\"\" srcset=\"https:\/\/corn-machine.com\/wp-content\/uploads\/2025\/07\/the-structure-of-stainless-steel-milling-machine.webp 720w, https:\/\/corn-machine.com\/wp-content\/uploads\/2025\/07\/the-structure-of-stainless-steel-milling-machine-300x225.webp 300w, https:\/\/corn-machine.com\/wp-content\/uploads\/2025\/07\/the-structure-of-stainless-steel-milling-machine-16x12.webp 16w\" sizes=\"auto, (max-width: 720px) 100vw, 720px\" \/><figcaption class=\"wp-element-caption\">a estrutura da m\u00e1quina de fresagem em a\u00e7o inoxid\u00e1vel<\/figcaption><\/figure> <\/div>   <h2 class=\"wp-block-heading\"><strong>Diferentes Tipos de Estrutura Interna<\/strong><\/h2>    <p>Diferentes tipos t\u00eam quase a mesma estrutura, mas existem quatro tipos de estruturas internas conforme segue. <\/p>    <p>Desenhamos tipos de l\u00e2mina, tipos de martelo cruzado, tipos de engrenagem e tipos turbo para diferentes necessidades de moagem. Todos eles podem processar a maioria dos mesmos materiais, por isso oferecemos op\u00e7\u00f5es para pessoas com requisitos especiais.<\/p>    <figure class=\"wp-block-gallery has-nested-images columns-2 is-cropped wp-block-gallery-2 is-layout-flex wp-block-gallery-is-layout-flex\"> <figure class=\"wp-block-image size-large\"><img loading=\"lazy\" decoding=\"async\" width=\"720\" height=\"540\" data-id=\"570\" src=\"https:\/\/corn-machine.com\/wp-content\/uploads\/2025\/07\/blade-type.webp\" alt=\"m\u00e1quina de moer farinha de a\u00e7o inoxid\u00e1vel tipo l\u00e2mina\" class=\"wp-image-570\" title=\"\" srcset=\"https:\/\/corn-machine.com\/wp-content\/uploads\/2025\/07\/blade-type.webp 720w, https:\/\/corn-machine.com\/wp-content\/uploads\/2025\/07\/blade-type-300x225.webp 300w, https:\/\/corn-machine.com\/wp-content\/uploads\/2025\/07\/blade-type-16x12.webp 16w\" sizes=\"auto, (max-width: 720px) 100vw, 720px\" \/><figcaption class=\"wp-element-caption\">tipo de l\u00e2mina<\/figcaption><\/figure>    <figure class=\"wp-block-image size-large\"><img loading=\"lazy\" decoding=\"async\" width=\"720\" height=\"540\" data-id=\"571\" src=\"https:\/\/corn-machine.com\/wp-content\/uploads\/2025\/07\/cross-hammer-type.webp\" alt=\"m\u00e1quina de moagem de farinha em a\u00e7o inoxid\u00e1vel tipo martelo cruzado\" class=\"wp-image-571\" title=\"\" srcset=\"https:\/\/corn-machine.com\/wp-content\/uploads\/2025\/07\/cross-hammer-type.webp 720w, https:\/\/corn-machine.com\/wp-content\/uploads\/2025\/07\/cross-hammer-type-300x225.webp 300w, https:\/\/corn-machine.com\/wp-content\/uploads\/2025\/07\/cross-hammer-type-16x12.webp 16w\" sizes=\"auto, (max-width: 720px) 100vw, 720px\" \/><figcaption class=\"wp-element-caption\">tipo de martelo cruzado<\/figcaption><\/figure>    <figure class=\"wp-block-image size-large\"><img loading=\"lazy\" decoding=\"async\" width=\"720\" height=\"540\" data-id=\"572\" src=\"https:\/\/corn-machine.com\/wp-content\/uploads\/2025\/07\/sprocket-type.webp\" alt=\"m\u00e1quina de moinho de farinha de a\u00e7o inoxid\u00e1vel tipo engrenagem\" class=\"wp-image-572\" title=\"\" srcset=\"https:\/\/corn-machine.com\/wp-content\/uploads\/2025\/07\/sprocket-type.webp 720w, https:\/\/corn-machine.com\/wp-content\/uploads\/2025\/07\/sprocket-type-300x225.webp 300w, https:\/\/corn-machine.com\/wp-content\/uploads\/2025\/07\/sprocket-type-16x12.webp 16w\" sizes=\"auto, (max-width: 720px) 100vw, 720px\" \/><figcaption class=\"wp-element-caption\">tipo de engrenagem<\/figcaption><\/figure>    <figure class=\"wp-block-image size-large\"><img loading=\"lazy\" decoding=\"async\" width=\"720\" height=\"540\" data-id=\"573\" src=\"https:\/\/corn-machine.com\/wp-content\/uploads\/2025\/07\/turbo-type.webp\" alt=\"m\u00e1quina de moer farinha de a\u00e7o inoxid\u00e1vel tipo turbo\" class=\"wp-image-573\" title=\"\" srcset=\"https:\/\/corn-machine.com\/wp-content\/uploads\/2025\/07\/turbo-type.webp 720w, https:\/\/corn-machine.com\/wp-content\/uploads\/2025\/07\/turbo-type-300x225.webp 300w, https:\/\/corn-machine.com\/wp-content\/uploads\/2025\/07\/turbo-type-16x12.webp 16w\" sizes=\"auto, (max-width: 720px) 100vw, 720px\" \/><figcaption class=\"wp-element-caption\">tipo turbo<\/figcaption><\/figure> <\/figure>    <p>Como uma m\u00e1quina de moinho de farinha em a\u00e7o inoxid\u00e1vel de alta venda, a Taizy continua a melhor\u00e1-la para uma opera\u00e7\u00e3o mais f\u00e1cil e padr\u00f5es de produ\u00e7\u00e3o de produtos de alta qualidade. Se voc\u00ea quiser saber mais detalhes ou estiver interessado em nossas outras m\u00e1quinas, n\u00e3o hesite em nos contactar.<\/p>    <h2 class=\"wp-block-heading\"><strong>Moedor de Gr\u00e3os<\/strong>s<strong> com Diferentes Modelos e Seus Par\u00e2metros<\/strong><\/h2>    <figure class=\"wp-block-table\"><table><tbody><tr><td><strong>Modelo<\/strong><\/td><td class=\"has-text-align-center\" data-align=\"center\">15B<\/td><td class=\"has-text-align-center\" data-align=\"center\">20B<\/td><td class=\"has-text-align-center\" data-align=\"center\">30B<\/td><td class=\"has-text-align-center\" data-align=\"center\">40B<\/td><td class=\"has-text-align-center\" data-align=\"center\">50B<\/td><\/tr><tr><td><strong>Capacidade (kg\/h)<\/strong><\/td><td class=\"has-text-align-center\" data-align=\"center\">10-60<\/td><td class=\"has-text-align-center\" data-align=\"center\">60-150<\/td><td class=\"has-text-align-center\" data-align=\"center\">100-300<\/td><td class=\"has-text-align-center\" data-align=\"center\">160-800<\/td><td class=\"has-text-align-center\" data-align=\"center\">500-1500<\/td><\/tr><tr><td><strong>Tamanho do material (mm)<\/strong><\/td><td class=\"has-text-align-center\" data-align=\"center\">&lt;8<\/td><td class=\"has-text-align-center\" data-align=\"center\">&lt;8<\/td><td class=\"has-text-align-center\" data-align=\"center\">&lt;10<\/td><td class=\"has-text-align-center\" data-align=\"center\">&lt;12<\/td><td class=\"has-text-align-center\" data-align=\"center\">&lt;14<\/td><\/tr><tr><td><strong>Fineness (malha)<\/strong><\/td><td class=\"has-text-align-center\" data-align=\"center\">20-120<\/td><td class=\"has-text-align-center\" data-align=\"center\">20-120<\/td><td class=\"has-text-align-center\" data-align=\"center\">20-120<\/td><td class=\"has-text-align-center\" data-align=\"center\">20-120<\/td><td class=\"has-text-align-center\" data-align=\"center\">20-120<\/td><\/tr><tr><td><strong>Pot\u00eancia (kw)<\/strong><\/td><td class=\"has-text-align-center\" data-align=\"center\">2.2<\/td><td class=\"has-text-align-center\" data-align=\"center\">4<\/td><td class=\"has-text-align-center\" data-align=\"center\">7.5<\/td><td class=\"has-text-align-center\" data-align=\"center\">11<\/td><td class=\"has-text-align-center\" data-align=\"center\">18.5<\/td><\/tr><tr><td><strong>Velocidade de rota\u00e7\u00e3o (r\/min)<\/strong><\/td><td class=\"has-text-align-center\" data-align=\"center\">6000<\/td><td class=\"has-text-align-center\" data-align=\"center\">4500<\/td><td class=\"has-text-align-center\" data-align=\"center\">3800<\/td><td class=\"has-text-align-center\" data-align=\"center\">3400<\/td><td class=\"has-text-align-center\" data-align=\"center\">3200<\/td><\/tr><tr><td><strong>Pot\u00eancia (kW)<\/strong><\/td><td class=\"has-text-align-center\" data-align=\"center\">550*6000*1000<\/td><td class=\"has-text-align-center\" data-align=\"center\">600*550*1250<\/td><td class=\"has-text-align-center\" data-align=\"center\">700*600*1450<\/td><td class=\"has-text-align-center\" data-align=\"center\">900*800*1550<\/td><td class=\"has-text-align-center\" data-align=\"center\">1000*900*1680<\/td><\/tr><tr><td><strong>Peso (kg)<\/strong><\/td><td class=\"has-text-align-center\" data-align=\"center\">150<\/td><td class=\"has-text-align-center\" data-align=\"center\">280<\/td><td class=\"has-text-align-center\" data-align=\"center\">340<\/td><td class=\"has-text-align-center\" data-align=\"center\">450<\/td><td class=\"has-text-align-center\" data-align=\"center\">530<\/td><\/tr><\/tbody><\/table><figcaption class=\"wp-element-caption\">par\u00e2metros das m\u00e1quinas de moagem de farinha em a\u00e7o inoxid\u00e1vel<\/figcaption><\/figure>    <h2 class=\"wp-block-heading\"><strong>Qual \u00e9 a Diferen\u00e7a Entre uma M\u00e1quina de Moagem de Farinha em A\u00e7o Inoxid\u00e1vel e Outros Tipos Comuns?<\/strong><\/h2>    <ul class=\"wp-block-list\"> <li>A m\u00e1quina de moer farinha em a\u00e7o inoxid\u00e1vel tem uma resist\u00eancia \u00e0 corros\u00e3o superior a outras m\u00e1quinas com a mesma fun\u00e7\u00e3o. Assim, \u00e9 mais f\u00e1cil de limpar e n\u00e3o \u00e9 necess\u00e1rio se preocupar com ferrugem.<\/li>    <li>Material em a\u00e7o inoxid\u00e1vel com uma superf\u00edcie mais lisa, por isso n\u00e3o abriga facilmente bact\u00e9rias ao processar produtos.<\/li>    <li>O material em a\u00e7o inoxid\u00e1vel tem melhor dureza e tenacidade, por isso a m\u00e1quina de moer alimentos tem uma vida \u00fatil mais longa e dur\u00e1vel.<\/li> <\/ul>    <figure class=\"wp-block-gallery has-nested-images columns-default is-cropped wp-block-gallery-3 is-layout-flex wp-block-gallery-is-layout-flex\"> <figure class=\"wp-block-image size-full\"><img loading=\"lazy\" decoding=\"async\" width=\"720\" height=\"540\" data-id=\"582\" src=\"https:\/\/corn-machine.com\/wp-content\/uploads\/2025\/07\/the-normal-style-of-stainless-steel-flour-mill-machine.webp\" alt=\"o estilo normal de m\u00e1quina de moinho de farinha de a\u00e7o inoxid\u00e1vel para moer materiais alimentares\" class=\"wp-image-582\" title=\"\" srcset=\"https:\/\/corn-machine.com\/wp-content\/uploads\/2025\/07\/the-normal-style-of-stainless-steel-flour-mill-machine.webp 720w, https:\/\/corn-machine.com\/wp-content\/uploads\/2025\/07\/the-normal-style-of-stainless-steel-flour-mill-machine-300x225.webp 300w, https:\/\/corn-machine.com\/wp-content\/uploads\/2025\/07\/the-normal-style-of-stainless-steel-flour-mill-machine-16x12.webp 16w\" sizes=\"auto, (max-width: 720px) 100vw, 720px\" \/><figcaption class=\"wp-element-caption\">o estilo normal da m\u00e1quina de moer farinha em a\u00e7o inoxid\u00e1vel<\/figcaption><\/figure>    <figure class=\"wp-block-image size-full\"><img loading=\"lazy\" decoding=\"async\" width=\"720\" height=\"540\" data-id=\"583\" src=\"https:\/\/corn-machine.com\/wp-content\/uploads\/2025\/07\/the-stainless-steel-style-of-stainless-steel-flour-mill.webp\" alt=\"o estilo de a\u00e7o inoxid\u00e1vel de moinho de farinha de a\u00e7o inoxid\u00e1vel para processamento de alimentos.\" class=\"wp-image-583\" title=\"\" srcset=\"https:\/\/corn-machine.com\/wp-content\/uploads\/2025\/07\/the-stainless-steel-style-of-stainless-steel-flour-mill.webp 720w, https:\/\/corn-machine.com\/wp-content\/uploads\/2025\/07\/the-stainless-steel-style-of-stainless-steel-flour-mill-300x225.webp 300w, https:\/\/corn-machine.com\/wp-content\/uploads\/2025\/07\/the-stainless-steel-style-of-stainless-steel-flour-mill-16x12.webp 16w\" sizes=\"auto, (max-width: 720px) 100vw, 720px\" \/><figcaption class=\"wp-element-caption\">o estilo em a\u00e7o inoxid\u00e1vel da m\u00e1quina de moer farinha em a\u00e7o inoxid\u00e1vel<\/figcaption><\/figure> <\/figure>    <p class=\"translation-block\">O moedor de gr\u00e3os em a\u00e7o inoxid\u00e1vel \u00e9 mais adequado para moer gr\u00e3os, especiarias e outros produtos adequados. A m\u00e1quina moedor normal pode processar produtos maiores ou ra\u00e7\u00e3o para venda. Temos <a href=\"https:\/\/corn-machine.com\/pt\/product\/small-maize-grinding-machine\/\">m\u00e1quinas de moinho de disco<\/a>, <a href=\"https:\/\/corn-machine.com\/pt\/product\/hammer-mill-grinder-for-corn\/\">moedores de martelo<\/a>, e outros tipos de m\u00e1quinas agr\u00edcolas \u00e0 venda. Clique e obtenha mais detalhes.<\/p>","protected":false},"excerpt":{"rendered":"<p>Moinhos de farinha em a\u00e7o inoxid\u00e1vel produzem produtos em p\u00f3 de grau aliment\u00edcio. Instrumentos altamente precisos permitem a produ\u00e7\u00e3o de part\u00edculas de 20-120 mesh com capacidades que variam de 10 kg\/h a 1500 kg\/h.<\/p>","protected":false},"author":1,"featured_media":569,"parent":0,"template":"","tags":[32],"product-type":[43],"class_list":["post-567","product","type-product","status-publish","has-post-thumbnail","hentry","tag-corn-flour","product-type-maize-grinding-mill-machine"],"_links":{"self":[{"href":"https:\/\/corn-machine.com\/pt\/wp-json\/wp\/v2\/product\/567","targetHints":{"allow":["GET"]}}],"collection":[{"href":"https:\/\/corn-machine.com\/pt\/wp-json\/wp\/v2\/product"}],"about":[{"href":"https:\/\/corn-machine.com\/pt\/wp-json\/wp\/v2\/types\/product"}],"author":[{"embeddable":true,"href":"https:\/\/corn-machine.com\/pt\/wp-json\/wp\/v2\/users\/1"}],"wp:featuredmedia":[{"embeddable":true,"href":"https:\/\/corn-machine.com\/pt\/wp-json\/wp\/v2\/media\/569"}],"wp:attachment":[{"href":"https:\/\/corn-machine.com\/pt\/wp-json\/wp\/v2\/media?parent=567"}],"wp:term":[{"taxonomy":"post_tag","embeddable":true,"href":"https:\/\/corn-machine.com\/pt\/wp-json\/wp\/v2\/tags?post=567"},{"taxonomy":"product-type","embeddable":true,"href":"https:\/\/corn-machine.com\/pt\/wp-json\/wp\/v2\/product-type?post=567"}],"curies":[{"name":"wp","href":"https:\/\/api.w.org\/{rel}","templated":true}]}}