{"id":57,"date":"2022-09-06T07:17:43","date_gmt":"2022-09-05T23:17:43","guid":{"rendered":"https:\/\/corn-machine.com\/?post_type=product&#038;p=57"},"modified":"2025-07-23T18:28:54","modified_gmt":"2025-07-23T10:28:54","slug":"automatic-corn-sheller","status":"publish","type":"product","link":"https:\/\/corn-machine.com\/pt\/product\/automatic-corn-sheller\/","title":{"rendered":"Descascador Autom\u00e1tico de Milho | M\u00e1quina debulhadora de milho"},"content":{"rendered":"<p class=\"translation-block\">A m\u00e1quina autom\u00e1tica de debulhar milho foi concebida para milho seco ao sol e \u00e9 adequada para f\u00e1bricas de processamento de gr\u00e3os e agricultores de todas as dimens\u00f5es. A m\u00e1quina debulhadora de milho pode debulhar rapidamente a espiga de milho seca, e os gr\u00e3os secos podem ser transformados em fub\u00e1, s\u00eamola de milho ou vendidos diretamente. Al\u00e9m disso, se as suas mat\u00e9rias-primas forem milho doce fresco, tamb\u00e9m temos<a href=\"https:\/\/corn-machine.com\/pt\/product\/fresh-corn-sheller-machine\/\"> uma debulhadora de milho doce fresco <\/a>\u00e0 venda. A debulhadora de milho pode ser alimentada por um motor a diesel ou el\u00e9trico, de acordo com as exig\u00eancias dos clientes. Contacte-nos agora e diga-nos o que precisa.<\/p>   <div class=\"wp-block-image\"> <figure class=\"aligncenter size-full\"><img loading=\"lazy\" decoding=\"async\" width=\"720\" height=\"540\" src=\"https:\/\/corn-machine.com\/wp-content\/uploads\/2022\/09\/maize-shelling-machine.webp\" alt=\"m\u00e1quina de descascar milho\" class=\"wp-image-173\" title=\"\"><figcaption class=\"wp-element-caption\">m\u00e1quina de descascar milho<\/figcaption><\/figure> <\/div>  <div class=\"wp-block-image\"> <figure class=\"aligncenter size-full\"><img loading=\"lazy\" decoding=\"async\" width=\"720\" height=\"540\" src=\"https:\/\/corn-machine.com\/wp-content\/uploads\/2022\/09\/automatic-corn-sheller-machine-.webp\" alt=\"m\u00e1quina descascadora de milho autom\u00e1tica\" class=\"wp-image-171\" title=\"\"><figcaption class=\"wp-element-caption\">m\u00e1quina descascadora de milho autom\u00e1tica<\/figcaption><\/figure> <\/div>   <h2 class=\"wp-block-heading\" id=\"h-introduction-of-maize-shelling-machine\">Introdu\u00e7\u00e3o da m\u00e1quina de descascar milho<\/h2>    <p>A debulhadora de milho \u00e9 composta principalmente por funil de alimenta\u00e7\u00e3o, dispositivo de debulha interno, elevador, ventilador, sistema de separa\u00e7\u00e3o de ar, como absorvedor de palha, peneira vibrat\u00f3ria de limpeza, estrutura, sistema de transmiss\u00e3o e assim por diante. A correia transportadora envia o milho para a debulhadora e, quando a debulha \u00e9 finalizada, as impurezas s\u00e3o expelidas pelo ventilador da porta de descarga de p\u00f3. Em seguida, os gr\u00e3os de milho s\u00e3o descarregados pela porta de descarga. Ap\u00f3s a trilha, o milho apresenta alta qualidade e livre de impurezas.<\/p>    <figure class=\"wp-block-gallery has-nested-images columns-default is-cropped wp-block-gallery-2 is-layout-flex wp-block-gallery-is-layout-flex\"> <figure class=\"wp-block-image size-large\"><img loading=\"lazy\" decoding=\"async\" width=\"720\" height=\"540\" data-id=\"174\" src=\"https:\/\/corn-machine.com\/wp-content\/uploads\/2022\/09\/the-threshed-corn-cob-is-clean.webp\" alt=\"a espiga de milho trilhada est\u00e1 limpa\" class=\"wp-image-174\" title=\"\"><figcaption class=\"wp-element-caption\">a espiga de milho trilhada est\u00e1 limpa<\/figcaption><\/figure>    <figure class=\"wp-block-image size-large\"><img loading=\"lazy\" decoding=\"async\" width=\"720\" height=\"540\" data-id=\"172\" src=\"https:\/\/corn-machine.com\/wp-content\/uploads\/2022\/09\/final-product-of-automatic-corn-sheller-machine-.webp\" alt=\"produto final da m\u00e1quina descascadora autom\u00e1tica de milho\" class=\"wp-image-172\" title=\"\"><figcaption class=\"wp-element-caption\">produto final da m\u00e1quina descascadora autom\u00e1tica de milho<\/figcaption><\/figure> <\/figure>    <h2 class=\"wp-block-heading\">V\u00eddeo de trabalho do descascador autom\u00e1tico de milho<\/h2>    <figure class=\"wp-block-embed is-type-video is-provider-youtube wp-block-embed-youtube wp-embed-aspect-16-9 wp-has-aspect-ratio\"><div class=\"wp-block-embed__wrapper\"> <iframe loading=\"lazy\" title=\"\ud83c\udf3d\ud83d\ude9cM\u00e1quina de debulhar milho poderosa com transportador e grandes rodas \u2013 Demonstra\u00e7\u00e3o de debulha de alta efici\u00eancia para voc\u00ea!\" width=\"500\" height=\"281\" src=\"https:\/\/www.youtube.com\/embed\/meFYy3_EJbU?feature=oembed\" frameborder=\"0\" allow=\"accelerometer; autoplay; clipboard-write; encrypted-media; gyroscope; picture-in-picture; web-share\" referrerpolicy=\"strict-origin-when-cross-origin\" allowfullscreen><\/iframe> <\/div><figcaption class=\"wp-element-caption\">processo de trabalho do descascador autom\u00e1tico de milho<\/figcaption><\/figure>    <h2 class=\"wp-block-heading\" id=\"h-parameters-of-corn-threshing-machine\">Par\u00e2metros da debulhadora de milho<\/h2>    <figure class=\"wp-block-table\"><table><tbody><tr><td>Modelo<\/td><td>TY-80A<\/td><td>TY-80B<\/td><td>TY-80C<\/td><td>TY-80D<\/td><\/tr><tr><td>Poder<\/td><td>Motor diesel de 15 HP ou motor de 7,5 KW<\/td><td>Motor diesel de 15 HP ou motor de 7,5 KW<\/td><td>Motor diesel de 15 HP ou motor de 7,5 KW<\/td><td>Motor diesel de 15 HP ou motor de 7,5 KW<\/td><\/tr><tr><td>Capacidade<\/td><td>4t\/h (sementes de milho)<\/td><td>5t\/h (sementes de milho)<\/td><td>5t\/h (sementes de milho)<\/td><td>6t\/h (sementes de milho)<\/td><\/tr><tr><td>Taxa de debulha<\/td><td>\u226599,5%<\/td><td>&nbsp;\u226599,5%<\/td><td>\u226599,5%<\/td><td>\u226599,5%<\/td><\/tr><tr><td>Ritmo de perda<\/td><td>\u22642,0%<\/td><td>\u22642,0%<\/td><td>\u22642,0%<\/td><td>\u22642,0%<\/td><\/tr><tr><td>Taxa de quebra<\/td><td>\u22641,5%<\/td><td>\u22641,5%<\/td><td>\u22641,5%<\/td><td>\u22641,5%<\/td><\/tr><tr><td>Taxa de impureza<\/td><td>\u22641,0%<\/td><td>\u22641,0%<\/td><td>\u22641,0%<\/td><td>\u22641,0%<\/td><\/tr><tr><td>Peso<\/td><td>200kg<\/td><td>230kg<\/td><td>320kg<\/td><td>350kg<\/td><\/tr><tr><td>Tamanho<\/td><td>2360*1360*1480\u00a0mil\u00edmetros<\/td><td>2360*1360*2000\u00a0mil\u00edmetros<\/td><td>3860*1360*1480\u00a0mil\u00edmetros<\/td><td>3860*1360*2480mm<\/td><\/tr><\/tbody><\/table><figcaption class=\"wp-element-caption\"><br><strong>par\u00e2metros de desempenho<\/strong> do descascador de milho<\/figcaption><\/figure>    <h2 class=\"wp-block-heading\" id=\"h-advantages-of-automatic-corn-sheller\">Vantagens do descascador autom\u00e1tico de milho<\/h2>    <ol class=\"wp-block-list\"> <li>A alta taxa de debulha da m\u00e1quina pode chegar a 99,5% e impurezas inferiores a 1%.<\/li>    <li>A alta produ\u00e7\u00e3o da m\u00e1quina pode processar de 4 a 6 toneladas de milho por hora, o que \u00e9 superior \u00e0 maioria das m\u00e1quinas do mercado.<\/li>    <li>A m\u00e1quina foi projetada com uma tremonha de alimenta\u00e7\u00e3o autom\u00e1tica, que pode transportar milho rapidamente e economizar muito tempo de alimenta\u00e7\u00e3o e custos de m\u00e3o de obra.<\/li>    <li>A m\u00e1quina pode adicionar rodas, f\u00e1ceis de mover.<\/li>    <li>A m\u00e1quina pode usar um motor el\u00e9trico ou um motor a diesel. Para \u00e1reas com escassez de eletricidade, recomendamos o uso de um motor a diesel para acionar a m\u00e1quina.<\/li> <\/ol>","protected":false},"excerpt":{"rendered":"<p>The automatic corn sheller machine is designed for sun-dried corn and is suitable for grain processing plants and farmers of all sizes. The maize sheller machine can quickly thresh the dried corn cob, and the dried kernels can be made into cornmeal, grits, or sold directly. Moreover, if your raw materials are fresh sweet maize, [&hellip;]<\/p>\n","protected":false},"author":1,"featured_media":60,"parent":0,"template":"","tags":[17],"product-type":[42],"class_list":["post-57","product","type-product","status-publish","has-post-thumbnail","hentry","tag-corn-threshing-machine","product-type-maize-sheller-machine"],"_links":{"self":[{"href":"https:\/\/corn-machine.com\/pt\/wp-json\/wp\/v2\/product\/57","targetHints":{"allow":["GET"]}}],"collection":[{"href":"https:\/\/corn-machine.com\/pt\/wp-json\/wp\/v2\/product"}],"about":[{"href":"https:\/\/corn-machine.com\/pt\/wp-json\/wp\/v2\/types\/product"}],"author":[{"embeddable":true,"href":"https:\/\/corn-machine.com\/pt\/wp-json\/wp\/v2\/users\/1"}],"wp:featuredmedia":[{"embeddable":true,"href":"https:\/\/corn-machine.com\/pt\/wp-json\/wp\/v2\/media\/60"}],"wp:attachment":[{"href":"https:\/\/corn-machine.com\/pt\/wp-json\/wp\/v2\/media?parent=57"}],"wp:term":[{"taxonomy":"post_tag","embeddable":true,"href":"https:\/\/corn-machine.com\/pt\/wp-json\/wp\/v2\/tags?post=57"},{"taxonomy":"product-type","embeddable":true,"href":"https:\/\/corn-machine.com\/pt\/wp-json\/wp\/v2\/product-type?post=57"}],"curies":[{"name":"wp","href":"https:\/\/api.w.org\/{rel}","templated":true}]}}