{"id":585,"date":"2025-07-08T17:15:22","date_gmt":"2025-07-08T09:15:22","guid":{"rendered":"https:\/\/corn-machine.com\/?post_type=product&#038;p=585"},"modified":"2026-01-09T09:16:20","modified_gmt":"2026-01-09T01:16:20","slug":"mobile-grain-dryer-for-drying-corn-rice","status":"publish","type":"product","link":"https:\/\/corn-machine.com\/pt\/product\/mobile-grain-dryer-for-drying-corn-rice\/","title":{"rendered":"Secador de Gr\u00e3os M\u00f3vel para Pequena Fazenda"},"content":{"rendered":"<p>O secador m\u00f3vel de gr\u00e3os \u00e9 uma m\u00e1quina de pequena escala para secar gr\u00e3os e feij\u00f5es para o processamento agr\u00edcola. \u00c9 feito de a\u00e7o inoxid\u00e1vel com uma pe\u00e7a de aquecimento em a\u00e7o carbono para proteger a m\u00e1quina da poeira e assegurar a qualidade das culturas secas.<\/p>    <p>Existem dois tipos de secadores de gr\u00e3os port\u00e1teis: de bin \u00fanico e de duplo bin. A sua produ\u00e7\u00e3o pode alcan\u00e7ar de 10T a 240T por dia, e o rendimento espec\u00edfico depende do seu tamanho e do volume dos bins.<\/p>    <figure class=\"wp-block-embed is-type-video is-provider-youtube wp-block-embed-youtube wp-embed-aspect-16-9 wp-has-aspect-ratio\"><div class=\"wp-block-embed__wrapper\"> <iframe loading=\"lazy\" title=\"O Secador de Gr\u00e3os M\u00f3vel de Alta Efici\u00eancia para Secagem de Milho e Milhete Aumenta R\u00e1pido a Qualidade da Sua Colheita!\" width=\"500\" height=\"281\" src=\"https:\/\/www.youtube.com\/embed\/ze6FVDt2tgE?feature=oembed\" frameborder=\"0\" allow=\"accelerometer; autoplay; clipboard-write; encrypted-media; gyroscope; picture-in-picture; web-share\" referrerpolicy=\"strict-origin-when-cross-origin\" allowfullscreen><\/iframe> <\/div><figcaption class=\"wp-element-caption\">o processo de opera\u00e7\u00e3o do secador de gr\u00e3os m\u00f3vel<\/figcaption><\/figure>    <h2 class=\"wp-block-heading\"><strong>Vantagens do secador de gr\u00e3os port\u00e1til<\/strong><\/h2>    <ul class=\"wp-block-list\"> <li>Seu tamanho \u00e9 menor do que a torre de secagem comum, e \u00e9 f\u00e1cil de mover. Portanto, \u00e9 adequado para v\u00e1rias configura\u00e7\u00f5es de aplica\u00e7\u00e3o.<\/li>    <li>Existem muitas op\u00e7\u00f5es de fornecimento de energia para esta m\u00e1quina de secagem de milho, como biomassa, carv\u00e3o, diesel, gasolina, g\u00e1s, eletricidade, e <a href=\"https:\/\/en.wikipedia.org\/wiki\/Methanol\" target=\"_blank\" rel=\"noopener\">CH3OH<\/a>.<\/li>    <li>\u00c9 feito de materiais de a\u00e7o inoxid\u00e1vel com alta resist\u00eancia ao ambiente e um excelente efeito antibacteriano e de remo\u00e7\u00e3o de poeira.<\/li>    <li>\u00c9 f\u00e1cil realizar qualquer opera\u00e7\u00e3o durante o processo. Existe um arm\u00e1rio externo para controlar a m\u00e1quina. Pode dominar como utiliz\u00e1-la com a ajuda do nosso manual de instru\u00e7\u00f5es.<\/li> <\/ul>   <div class=\"wp-block-image\"> <figure class=\"aligncenter size-full\"><img loading=\"lazy\" decoding=\"async\" width=\"720\" height=\"540\" src=\"https:\/\/corn-machine.com\/wp-content\/uploads\/2025\/07\/the-cabinet-of-mobile-grain-dryer.webp\" alt=\"o gabinete de f\u00e1cil opera\u00e7\u00e3o do secador de gr\u00e3os m\u00f3vel\" class=\"wp-image-594\" title=\"\" srcset=\"https:\/\/corn-machine.com\/wp-content\/uploads\/2025\/07\/the-cabinet-of-mobile-grain-dryer.webp 720w, https:\/\/corn-machine.com\/wp-content\/uploads\/2025\/07\/the-cabinet-of-mobile-grain-dryer-300x225.webp 300w, https:\/\/corn-machine.com\/wp-content\/uploads\/2025\/07\/the-cabinet-of-mobile-grain-dryer-16x12.webp 16w\" sizes=\"auto, (max-width: 720px) 100vw, 720px\" \/><figcaption class=\"wp-element-caption\">o arm\u00e1rio do secador de gr\u00e3os m\u00f3vel<\/figcaption><\/figure> <\/div>   <h2 class=\"wp-block-heading\"><strong>Par\u00e2metros do secador de colheitas<\/strong><\/h2>    <figure class=\"wp-block-gallery has-nested-images columns-default is-cropped wp-block-gallery-2 is-layout-flex wp-block-gallery-is-layout-flex\"> <figure class=\"wp-block-image size-full\"><img loading=\"lazy\" decoding=\"async\" width=\"720\" height=\"540\" data-id=\"592\" src=\"https:\/\/corn-machine.com\/wp-content\/uploads\/2025\/07\/single-bin-of-mobile-grain-dryer.webp\" alt=\"bin \u00fanico de secador de gr\u00e3os de pequena propriedade para secar gr\u00e3os\" class=\"wp-image-592\" title=\"\" srcset=\"https:\/\/corn-machine.com\/wp-content\/uploads\/2025\/07\/single-bin-of-mobile-grain-dryer.webp 720w, https:\/\/corn-machine.com\/wp-content\/uploads\/2025\/07\/single-bin-of-mobile-grain-dryer-300x225.webp 300w, https:\/\/corn-machine.com\/wp-content\/uploads\/2025\/07\/single-bin-of-mobile-grain-dryer-16x12.webp 16w\" sizes=\"auto, (max-width: 720px) 100vw, 720px\" \/><figcaption class=\"wp-element-caption\">silos m\u00f3veis de secagem de gr\u00e3os de um \u00fanico compartimento<\/figcaption><\/figure>    <figure class=\"wp-block-image size-full\"><img loading=\"lazy\" decoding=\"async\" width=\"720\" height=\"540\" data-id=\"591\" src=\"https:\/\/corn-machine.com\/wp-content\/uploads\/2025\/07\/double-bin-of-mobile-grain-dryer.webp\" alt=\"bins duplos de secador de gr\u00e3os de pequena propriedade para secar gr\u00e3os\" class=\"wp-image-591\" title=\"\" srcset=\"https:\/\/corn-machine.com\/wp-content\/uploads\/2025\/07\/double-bin-of-mobile-grain-dryer.webp 720w, https:\/\/corn-machine.com\/wp-content\/uploads\/2025\/07\/double-bin-of-mobile-grain-dryer-300x225.webp 300w, https:\/\/corn-machine.com\/wp-content\/uploads\/2025\/07\/double-bin-of-mobile-grain-dryer-16x12.webp 16w\" sizes=\"auto, (max-width: 720px) 100vw, 720px\" \/><figcaption class=\"wp-element-caption\">silhos m\u00f3veis de secagem de gr\u00e3os de dois compartimentos<\/figcaption><\/figure> <\/figure>    <figure class=\"wp-block-table aligncenter\"><table class=\"has-fixed-layout\"><tbody><tr><td class=\"has-text-align-center\" data-align=\"center\">Silo \u00fanico<\/td><td class=\"has-text-align-center\" data-align=\"center\">Pot\u00eancia (kW)<\/td><td class=\"has-text-align-center\" data-align=\"center\">Peso (Tonelada)<\/td><td class=\"has-text-align-center\" data-align=\"center\">Tamanho (mm)<\/td><td class=\"has-text-align-center\" data-align=\"center\">Pot\u00eancia do transportador de parafuso (kW)<\/td><td class=\"has-text-align-center\" data-align=\"center\">Pot\u00eancia do ventilador principal (kW)<\/td><td class=\"has-text-align-center\" data-align=\"center\">Ventilador de suc\u00e7\u00e3o induzida (kW)<\/td><td class=\"has-text-align-center\" data-align=\"center\">Produ\u00e7\u00e3o (24 horas)<\/td><\/tr><tr><td class=\"has-text-align-center\" data-align=\"center\">1T<\/td><td class=\"has-text-align-center\" data-align=\"center\">8.3<\/td><td class=\"has-text-align-center\" data-align=\"center\">2<\/td><td class=\"has-text-align-center\" data-align=\"center\">4600*1800*3500<\/td><td class=\"has-text-align-center\" data-align=\"center\">\/<\/td><td class=\"has-text-align-center\" data-align=\"center\">\/<\/td><td class=\"has-text-align-center\" data-align=\"center\">\/<\/td><td class=\"has-text-align-center\" data-align=\"center\">10T<\/td><\/tr><tr><td class=\"has-text-align-center\" data-align=\"center\">2T<\/td><td class=\"has-text-align-center\" data-align=\"center\">11<\/td><td class=\"has-text-align-center\" data-align=\"center\">2.8<\/td><td class=\"has-text-align-center\" data-align=\"center\">5100*2000*3800<\/td><td class=\"has-text-align-center\" data-align=\"center\">4<\/td><td class=\"has-text-align-center\" data-align=\"center\">3<\/td><td class=\"has-text-align-center\" data-align=\"center\">0.75<\/td><td class=\"has-text-align-center\" data-align=\"center\">20T<\/td><\/tr><tr><td class=\"has-text-align-center\" data-align=\"center\">4T<\/td><td class=\"has-text-align-center\" data-align=\"center\">19<\/td><td class=\"has-text-align-center\" data-align=\"center\">4.5<\/td><td class=\"has-text-align-center\" data-align=\"center\">5400*2100*3900<\/td><td class=\"has-text-align-center\" data-align=\"center\">7.5<\/td><td class=\"has-text-align-center\" data-align=\"center\">5.5<\/td><td class=\"has-text-align-center\" data-align=\"center\">0.75<\/td><td class=\"has-text-align-center\" data-align=\"center\">40T<\/td><\/tr><tr><td class=\"has-text-align-center\" data-align=\"center\">6T<\/td><td class=\"has-text-align-center\" data-align=\"center\">24<\/td><td class=\"has-text-align-center\" data-align=\"center\">5.3<\/td><td class=\"has-text-align-center\" data-align=\"center\">5600*2100*4300<\/td><td class=\"has-text-align-center\" data-align=\"center\">7.5<\/td><td class=\"has-text-align-center\" data-align=\"center\">7.5<\/td><td class=\"has-text-align-center\" data-align=\"center\">0.75<\/td><td class=\"has-text-align-center\" data-align=\"center\">60T<\/td><\/tr><tr><td class=\"has-text-align-center\" data-align=\"center\">8T<\/td><td class=\"has-text-align-center\" data-align=\"center\">28<\/td><td class=\"has-text-align-center\" data-align=\"center\">6.5<\/td><td class=\"has-text-align-center\" data-align=\"center\">6000*2100*5800<\/td><td class=\"has-text-align-center\" data-align=\"center\">7.5<\/td><td class=\"has-text-align-center\" data-align=\"center\">7.5<\/td><td class=\"has-text-align-center\" data-align=\"center\">0.75<\/td><td class=\"has-text-align-center\" data-align=\"center\">80T<\/td><\/tr><tr><td class=\"has-text-align-center\" data-align=\"center\">10T<\/td><td class=\"has-text-align-center\" data-align=\"center\">32<\/td><td class=\"has-text-align-center\" data-align=\"center\">7.4<\/td><td class=\"has-text-align-center\" data-align=\"center\">6200*2100*6400<\/td><td class=\"has-text-align-center\" data-align=\"center\">7.5<\/td><td class=\"has-text-align-center\" data-align=\"center\">7.5<\/td><td class=\"has-text-align-center\" data-align=\"center\">1.5<\/td><td class=\"has-text-align-center\" data-align=\"center\">100T<\/td><\/tr><\/tbody><\/table><figcaption class=\"wp-element-caption\">os par\u00e2metros do secador de milho de um \u00fanico compartimento<\/figcaption><\/figure>    <figure class=\"wp-block-table aligncenter\"><table class=\"has-fixed-layout\"><tbody><tr><td class=\"has-text-align-center\" data-align=\"center\">Compartimentos duplos<\/td><td class=\"has-text-align-center\" data-align=\"center\">Pot\u00eancia (kW)<\/td><td class=\"has-text-align-center\" data-align=\"center\">Peso (Tonelada)<\/td><td class=\"has-text-align-center\" data-align=\"center\">Tamanho (mm)<\/td><td class=\"has-text-align-center\" data-align=\"center\">Produ\u00e7\u00e3o (24 horas)<\/td><\/tr><tr><td class=\"has-text-align-center\" data-align=\"center\">2T+2T<\/td><td class=\"has-text-align-center\" data-align=\"center\">15<\/td><td class=\"has-text-align-center\" data-align=\"center\">4.2<\/td><td class=\"has-text-align-center\" data-align=\"center\">7500*2000*3800<\/td><td class=\"has-text-align-center\" data-align=\"center\">40T<\/td><\/tr><tr><td class=\"has-text-align-center\" data-align=\"center\">4T+4T<\/td><td class=\"has-text-align-center\" data-align=\"center\">23<\/td><td class=\"has-text-align-center\" data-align=\"center\">7<\/td><td class=\"has-text-align-center\" data-align=\"center\">8500*2100*3800<\/td><td class=\"has-text-align-center\" data-align=\"center\">80T<\/td><\/tr><tr><td class=\"has-text-align-center\" data-align=\"center\">6T+6T<\/td><td class=\"has-text-align-center\" data-align=\"center\">27<\/td><td class=\"has-text-align-center\" data-align=\"center\">8.5<\/td><td class=\"has-text-align-center\" data-align=\"center\">9500*2100*3900<\/td><td class=\"has-text-align-center\" data-align=\"center\">120T<\/td><\/tr><tr><td class=\"has-text-align-center\" data-align=\"center\">8T+8T<\/td><td class=\"has-text-align-center\" data-align=\"center\">32<\/td><td class=\"has-text-align-center\" data-align=\"center\">9.8<\/td><td class=\"has-text-align-center\" data-align=\"center\">11000*2100*4300<\/td><td class=\"has-text-align-center\" data-align=\"center\">160T<\/td><\/tr><tr><td class=\"has-text-align-center\" data-align=\"center\">12T+12T<\/td><td class=\"has-text-align-center\" data-align=\"center\">37<\/td><td class=\"has-text-align-center\" data-align=\"center\">15<\/td><td class=\"has-text-align-center\" data-align=\"center\">12000*2100*6800<\/td><td class=\"has-text-align-center\" data-align=\"center\">240T<\/td><\/tr><\/tbody><\/table><figcaption class=\"wp-element-caption\">os par\u00e2metros do secador de milho de duplo silo<\/figcaption><\/figure>    <p>Existem muitos modelos com tamanhos diferentes acima. O secador de gr\u00e3os m\u00f3vel de bin \u00fanico \u00e9 mais leve e ocupa menos espa\u00e7o. Se voc\u00ea processa um pequeno lote de gr\u00e3os, mas deseja obter produtos secos de alta qualidade, esta ser\u00e1 uma boa escolha.<\/p>    <p>No entanto, o tipo de silos duplos \u00e9 mais eficaz do que os outros tipos. Os dois silos podem ser carregados e descarregados alternadamente para economizar tempo e m\u00e3o de obra. Se voc\u00ea tiver requisitos rigorosos de efici\u00eancia, \u00e9 melhor escolher este tipo de equipamento de secagem de culturas.<\/p>    <h2 class=\"wp-block-heading\"><strong>Quanto custa esta m\u00e1quina secadora de milho?<\/strong><\/h2>    <p>N\u00e3o h\u00e1 um pre\u00e7o exato, devido aos diferentes tipos de m\u00e1quinas de secagem de milho, com alguns servi\u00e7os personalizados dispon\u00edveis. Existem algumas caracter\u00edsticas que influenciar\u00e3o a volatilidade do pre\u00e7o.<\/p>    <ul class=\"wp-block-list\"> <li>O nosso material base para fabricar o secador de trigo \u00e9 a\u00e7o inoxid\u00e1vel, que ter\u00e1 um pre\u00e7o mais elevado do que uma m\u00e1quina de a\u00e7o galvanizado. Claro que as vantagens de escolher o a\u00e7o inoxid\u00e1vel como material para os silos s\u00e3o a sua alta resist\u00eancia \u00e0 corros\u00e3o e a produ\u00e7\u00e3o de produtos de melhor qualidade.<\/li>    <li>Os pre\u00e7os subir\u00e3o e descer\u00e3o dependendo da escolha do n\u00famero de silos. Um equipamento de secagem de gr\u00e3os com um \u00fanico silo ser\u00e1 mais barato do que um com dois silos. Mas os silos duplos t\u00eam mais capacidade e maior efici\u00eancia.<\/li>    <li>No com\u00e9rcio internacional, o pre\u00e7o total ser\u00e1 influenciado pelos custos de envio. Tamb\u00e9m estar\u00e1 intimamente ligado \u00e0s tarifas.<\/li> <\/ul>    <p>De qualquer forma, escolher uma m\u00e1quina adequada pode trazer benef\u00edcios sustent\u00e1veis. Se ainda se sentir confuso sobre alguns pontos ou quiser saber mais detalhes, entre em contato connosco. Temos vendedores profissionais para ajud\u00e1-lo a selecionar o programa mais adequado para si.<\/p>    <h2 class=\"wp-block-heading\"><strong>Estrutura do secador de gr\u00e3os m\u00f3vel<\/strong><\/h2>    <p>Com opera\u00e7\u00e3o f\u00e1cil, a estrutura deste equipamento de secagem de milho tamb\u00e9m \u00e9 simples. Consiste num forno, um ciclone, um reboque, ventiladores, uma roda, um arm\u00e1rio, uma rosca de alimenta\u00e7\u00e3o, um silo, uma escada e uma porta de alimenta\u00e7\u00e3o. A seguir, a sua ilustra\u00e7\u00e3o detalhada.<\/p>   <div class=\"wp-block-image\"> <figure class=\"aligncenter size-full\"><img loading=\"lazy\" decoding=\"async\" width=\"720\" height=\"540\" src=\"https:\/\/corn-machine.com\/wp-content\/uploads\/2025\/07\/the-structure-of-mobile-grain-dryer.webp\" alt=\"a estrutura detalhada do secador de gr\u00e3os m\u00f3vel\" class=\"wp-image-593\" title=\"\" srcset=\"https:\/\/corn-machine.com\/wp-content\/uploads\/2025\/07\/the-structure-of-mobile-grain-dryer.webp 720w, https:\/\/corn-machine.com\/wp-content\/uploads\/2025\/07\/the-structure-of-mobile-grain-dryer-300x225.webp 300w, https:\/\/corn-machine.com\/wp-content\/uploads\/2025\/07\/the-structure-of-mobile-grain-dryer-16x12.webp 16w\" sizes=\"auto, (max-width: 720px) 100vw, 720px\" \/><figcaption class=\"wp-element-caption\">a estrutura do secador de gr\u00e3os m\u00f3vel<\/figcaption><\/figure> <\/div>   <h2 class=\"wp-block-heading\"><strong>Como secar gr\u00e3os no secador de gr\u00e3os comercial?<\/strong><\/h2>    <p>\u00c9 f\u00e1cil realizar tais opera\u00e7\u00f5es para secar gr\u00e3os no secador m\u00f3vel de gr\u00e3os. Precisa apenas de dois passos para terminar todo o processo.<\/p>    <p class=\"translation-block\"><strong>Primeiro passo<\/strong>:<\/p>    <p>Coloque os gr\u00e3os que deseja processar na porta de alimenta\u00e7\u00e3o e ajuste o parafuso de alimenta\u00e7\u00e3o antes de iniciar a opera\u00e7\u00e3o.<\/p>    <p class=\"translation-block\"><strong>Segundo passo:<\/strong><\/p>    <p>Ligue o sistema de aquecimento para aquecer o ar e transportar o ar quente para o silo atrav\u00e9s de um trocador de calor para secar os gr\u00e3os.<\/p>    <p>Este tipo de aquecimento n\u00e3o danifica os gr\u00e3os e \u00e9 f\u00e1cil de manter e limpar.<\/p>    <h2 class=\"wp-block-heading\"><strong>V\u00e1rios tipos de aquecimento<\/strong><\/h2>    <p>Fornecemos uma variedade de meios de aquecimento para a m\u00e1quina de secagem de arroz.<\/p>    <p>A biomassa \u00e9 uma fonte de energia proveniente de seres vivos, como algod\u00e3o, res\u00edduos s\u00f3lidos municipais, girass\u00f3is, noz de palma, trigo, madeira, etc. S\u00e3o f\u00e1ceis de obter e n\u00e3o requerem processamento adicional adicional.<\/p>    <p>O diesel \u00e9 mais eficiente e n\u00e3o causa muita polui\u00e7\u00e3o ambiental. Mas \u00e9 preciso considerar quest\u00f5es de tens\u00e3o.<\/p>    <p>Al\u00e9m disso, esta m\u00e1quina tamb\u00e9m suporta carv\u00e3o, gasolina, g\u00e1s, eletricidade e at\u00e9 CH3OH como sua fonte de energia.<\/p>    <h2 class=\"wp-block-heading\"><strong>\u00c2mbito de aplica\u00e7\u00e3o do secador de arroz<\/strong><\/h2>    <p>O secador de gr\u00e3os m\u00f3vel \u00e9 adequado para secar v\u00e1rios tipos de culturas. Por exemplo, milho, feij\u00e3o, arroz, trigo, etc. O secador de gr\u00e3os port\u00e1til utiliza um m\u00e9todo de secagem por fluxo de ar de alta temperatura para evitar destruir a qualidade do gr\u00e3o e afetar a cor.<\/p>    <p class=\"translation-block\">Os gr\u00e3os secos podem ser transformados em quir\u00f3fanos (de uma <a href=\"https:\/\/corn-machine.com\/pt\/product\/maize-grits-making-machine\/\">m\u00e1quina de moagem de quir\u00f3fanos de milho<\/a>), e os feij\u00f5es podem ser transformados em farinha (de um <a href=\"https:\/\/corn-machine.com\/pt\/product\/hammer-mill-grinder-for-corn\/\">moinho de martelo para milho<\/a>) se desejar processar posteriormente o produto acabado para obter mais benef\u00edcios.<\/p>    <figure class=\"wp-block-gallery has-nested-images columns-2 is-cropped wp-block-gallery-3 is-layout-flex wp-block-gallery-is-layout-flex\"> <figure class=\"wp-block-image size-large\"><img loading=\"lazy\" decoding=\"async\" width=\"720\" height=\"540\" data-id=\"596\" src=\"https:\/\/corn-machine.com\/wp-content\/uploads\/2025\/07\/soybean.webp\" alt=\"a soja pode ser seca por secador de gr\u00e3os pequenos\" class=\"wp-image-596\" title=\"\" srcset=\"https:\/\/corn-machine.com\/wp-content\/uploads\/2025\/07\/soybean.webp 720w, https:\/\/corn-machine.com\/wp-content\/uploads\/2025\/07\/soybean-300x225.webp 300w, https:\/\/corn-machine.com\/wp-content\/uploads\/2025\/07\/soybean-16x12.webp 16w\" sizes=\"auto, (max-width: 720px) 100vw, 720px\" \/><figcaption class=\"wp-element-caption\">soja<\/figcaption><\/figure>    <figure class=\"wp-block-image size-full\"><img loading=\"lazy\" decoding=\"async\" width=\"720\" height=\"540\" data-id=\"598\" src=\"https:\/\/corn-machine.com\/wp-content\/uploads\/2025\/07\/wheat.webp\" alt=\"o trigo pode ser seco por secador de gr\u00e3os pequenos\" class=\"wp-image-598\" title=\"\" srcset=\"https:\/\/corn-machine.com\/wp-content\/uploads\/2025\/07\/wheat.webp 720w, https:\/\/corn-machine.com\/wp-content\/uploads\/2025\/07\/wheat-300x225.webp 300w, https:\/\/corn-machine.com\/wp-content\/uploads\/2025\/07\/wheat-16x12.webp 16w\" sizes=\"auto, (max-width: 720px) 100vw, 720px\" \/><figcaption class=\"wp-element-caption\">trigo<\/figcaption><\/figure>    <figure class=\"wp-block-image size-full\"><img loading=\"lazy\" decoding=\"async\" width=\"720\" height=\"540\" data-id=\"595\" src=\"https:\/\/corn-machine.com\/wp-content\/uploads\/2025\/07\/rice.webp\" alt=\"o arroz pode ser seco por secador de gr\u00e3os pequenos\" class=\"wp-image-595\" title=\"\" srcset=\"https:\/\/corn-machine.com\/wp-content\/uploads\/2025\/07\/rice.webp 720w, https:\/\/corn-machine.com\/wp-content\/uploads\/2025\/07\/rice-300x225.webp 300w, https:\/\/corn-machine.com\/wp-content\/uploads\/2025\/07\/rice-16x12.webp 16w\" sizes=\"auto, (max-width: 720px) 100vw, 720px\" \/><figcaption class=\"wp-element-caption\">arroz<\/figcaption><\/figure>    <figure class=\"wp-block-image size-full\"><img loading=\"lazy\" decoding=\"async\" width=\"720\" height=\"540\" data-id=\"597\" src=\"https:\/\/corn-machine.com\/wp-content\/uploads\/2025\/07\/corn.webp\" alt=\"o milho pode ser seco por secador de gr\u00e3os pequenos\" class=\"wp-image-597\" title=\"\" srcset=\"https:\/\/corn-machine.com\/wp-content\/uploads\/2025\/07\/corn.webp 720w, https:\/\/corn-machine.com\/wp-content\/uploads\/2025\/07\/corn-300x225.webp 300w, https:\/\/corn-machine.com\/wp-content\/uploads\/2025\/07\/corn-16x12.webp 16w\" sizes=\"auto, (max-width: 720px) 100vw, 720px\" \/><figcaption class=\"wp-element-caption\">milho<\/figcaption><\/figure> <\/figure>    <h2 class=\"wp-block-heading\"><strong>Perguntas frequentes sobre o secador de milho<\/strong><\/h2>   <div id=\"rank-math-faq\" class=\"rank-math-block\"> <div class=\"rank-math-list\"> <div id=\"faq-question-1751878986739\" class=\"rank-math-list-item\"> <h3 class=\"rank-math-question\">Posso usar eletricidade? Existem outras op\u00e7\u00f5es de energia?<\/h3> <div class=\"rank-math-answer\">  <p>Sim, voc\u00ea pode usar eletricidade. E voc\u00ea tamb\u00e9m pode escolher biomassa, carv\u00e3o, diesel, gasolina, g\u00e1s e CH3OH.<\/p>  <\/div> <\/div> <div id=\"faq-question-1751879462095\" class=\"rank-math-list-item\"> <h3 class=\"rank-math-question\">Quais s\u00e3o os materiais do seu secador de gr\u00e3os comercial?<\/h3> <div class=\"rank-math-answer\">  <p>O secador e o silo de gr\u00e3os s\u00e3o todos em a\u00e7o inoxid\u00e1vel. A parte de aquecimento \u00e9 em a\u00e7o carbono.<\/p>  <\/div> <\/div> <div id=\"faq-question-1751879592932\" class=\"rank-math-list-item\"> <h3 class=\"rank-math-question\">Quais s\u00e3o os benef\u00edcios desta m\u00e1quina em compara\u00e7\u00e3o com uma torre de secagem?<\/h3> <div class=\"rank-math-answer\">  <p>\u00c9 mais f\u00e1cil de mover e n\u00e3o faz tanto barulho quanto a torre de secagem. O pequeno tamanho ajuda-o a poupar espa\u00e7o.<\/p>  <\/div> <\/div> <div id=\"faq-question-1751881949035\" class=\"rank-math-list-item\"> <h3 class=\"rank-math-question\">Quanto custa este secador de gr\u00e3os port\u00e1til?<\/h3> <div class=\"rank-math-answer\">  <p>O pre\u00e7o depende do tipo que voc\u00ea escolher. Diferentes tipos t\u00eam diferentes efici\u00eancias de sa\u00edda e tamanhos.<\/p>  <\/div> <\/div> <\/div> <\/div>   <blockquote class=\"wp-block-quote alignwide is-layout-flow wp-block-quote-is-layout-flow\"> <p class=\"translation-block\">Se quiser processar um grande lote de gr\u00e3os ou feij\u00f5es, e estiver \u00e0 procura de um secador grande altamente eficiente e dur\u00e1vel. A maquinaria industrial de secagem de milho foi concebida para si. Pode processar 315-31800kg de produto por hora. Se estiver interessado neste projeto, clique neste website: <a href=\"https:\/\/corn-machine.com\/pt\/product\/industrial-corn-dryer-machine\/\">M\u00e1quina de Secar Milho<\/a> para obter mais detalhes.<\/p>    <p class=\"has-text-align-left\">Se voc\u00ea tiver algumas perguntas confusas sobre o secador de gr\u00e3os m\u00f3vel, ou se quiser consultar os pre\u00e7os espec\u00edficos, entre em contato conosco.<\/p> <\/blockquote>","protected":false},"excerpt":{"rendered":"<p>O pequeno secador de gr\u00e3os m\u00f3vel \u00e9 adequado para a produ\u00e7\u00e3o de pequenas propriedades agr\u00edcolas para secar gr\u00e3os e feij\u00f5es. Todos os dias, pode produzir de 10 T a 240 T de produtos secos. Uma enorme variedade de op\u00e7\u00f5es para atender \u00e0s suas necessidades de produ\u00e7\u00e3o.<\/p>","protected":false},"author":1,"featured_media":590,"parent":0,"template":"","tags":[31],"product-type":[44],"class_list":["post-585","product","type-product","status-publish","has-post-thumbnail","hentry","tag-corn","product-type-maize-dryer-machine"],"_links":{"self":[{"href":"https:\/\/corn-machine.com\/pt\/wp-json\/wp\/v2\/product\/585","targetHints":{"allow":["GET"]}}],"collection":[{"href":"https:\/\/corn-machine.com\/pt\/wp-json\/wp\/v2\/product"}],"about":[{"href":"https:\/\/corn-machine.com\/pt\/wp-json\/wp\/v2\/types\/product"}],"author":[{"embeddable":true,"href":"https:\/\/corn-machine.com\/pt\/wp-json\/wp\/v2\/users\/1"}],"wp:featuredmedia":[{"embeddable":true,"href":"https:\/\/corn-machine.com\/pt\/wp-json\/wp\/v2\/media\/590"}],"wp:attachment":[{"href":"https:\/\/corn-machine.com\/pt\/wp-json\/wp\/v2\/media?parent=585"}],"wp:term":[{"taxonomy":"post_tag","embeddable":true,"href":"https:\/\/corn-machine.com\/pt\/wp-json\/wp\/v2\/tags?post=585"},{"taxonomy":"product-type","embeddable":true,"href":"https:\/\/corn-machine.com\/pt\/wp-json\/wp\/v2\/product-type?post=585"}],"curies":[{"name":"wp","href":"https:\/\/api.w.org\/{rel}","templated":true}]}}