{"id":626,"date":"2025-07-14T18:14:07","date_gmt":"2025-07-14T10:14:07","guid":{"rendered":"https:\/\/corn-machine.com\/?post_type=product&#038;p=626"},"modified":"2025-07-18T08:55:39","modified_gmt":"2025-07-18T00:55:39","slug":"corn-peeler-machine-for-kernels-peeling","status":"publish","type":"product","link":"https:\/\/corn-machine.com\/pt\/product\/corn-peeler-machine-for-kernels-peeling\/","title":{"rendered":"M\u00e1quina Pequena de Descascar Milho de Opera\u00e7\u00e3o Simples"},"content":{"rendered":"<p class=\"translation-block\">Esta <strong>pequena m\u00e1quina de descascar milho<\/strong> retira o germe negro dos gr\u00e3os e elimina a pele de forma limpa. Por fim, o produto com gr\u00e3os uniformes pode ser usado para o processamento subsequente do milho. Al\u00e9m disso, tamb\u00e9m pode descascar trigo e arroz.<\/p>    <p>A sua capacidade pode atingir 300-500 kg\/h. A m\u00e1quina de descascar milho tem uma estrutura simples e \u00e9 f\u00e1cil de operar. Entretanto, suas dimens\u00f5es s\u00e3o 660*450*1020mm, o que a torna adequada para pequenas f\u00e1bricas e oficinas.<\/p>    <figure class=\"wp-block-embed is-type-video is-provider-youtube wp-block-embed-youtube wp-embed-aspect-16-9 wp-has-aspect-ratio\"><div class=\"wp-block-embed__wrapper\"> <iframe loading=\"lazy\" title=\"Como Funciona Uma Pequena M\u00e1quina Descascadora de Milho? Como Descacar Milho e Arroz? Processo de Descascar Gr\u00e3os.\" width=\"500\" height=\"281\" src=\"https:\/\/www.youtube.com\/embed\/_uti2wqZY5M?feature=oembed\" frameborder=\"0\" allow=\"accelerometer; autoplay; clipboard-write; encrypted-media; gyroscope; picture-in-picture; web-share\" referrerpolicy=\"strict-origin-when-cross-origin\" allowfullscreen><\/iframe> <\/div><figcaption class=\"wp-element-caption\">processo de trabalho da m\u00e1quina descascadora de milho<\/figcaption><\/figure>    <h2 class=\"wp-block-heading\"><strong>Quais s\u00e3o as vantagens \u00f3bvias da m\u00e1quina de descascar milho? <\/strong><\/h2>    <ol class=\"wp-block-list\"> <li>Apesar do seu tamanho pequeno, \u00e9 muito produtiva, podendo produzir de 300 a 500 quilos de gr\u00e3os de milho por hora.<\/li>    <li>Com opera\u00e7\u00e3o f\u00e1cil, at\u00e9 mesmo iniciantes que enfrentam esta m\u00e1quina descascadora de milho podem domin\u00e1-la rapidamente, sem necessidade de treinamento prolongado.<\/li>    <li>Al\u00e9m de descascar milho, esta m\u00e1quina descascadora de milho tamb\u00e9m pode ser usada para descascar trigo, arroz e outras culturas, o que \u00e9 muito pr\u00e1tico.<\/li> <\/ol>   <div class=\"wp-block-image\"> <figure class=\"aligncenter size-full\"><img loading=\"lazy\" decoding=\"async\" width=\"720\" height=\"540\" src=\"https:\/\/corn-machine.com\/wp-content\/uploads\/2025\/07\/the-maize-peeling-machine.webp\" alt=\"a m\u00e1quina de descascar milho para descascar trigo, arroz e milho\" class=\"wp-image-647\" title=\"\" srcset=\"https:\/\/corn-machine.com\/wp-content\/uploads\/2025\/07\/the-maize-peeling-machine.webp 720w, https:\/\/corn-machine.com\/wp-content\/uploads\/2025\/07\/the-maize-peeling-machine-300x225.webp 300w, https:\/\/corn-machine.com\/wp-content\/uploads\/2025\/07\/the-maize-peeling-machine-16x12.webp 16w\" sizes=\"auto, (max-width: 720px) 100vw, 720px\" \/><figcaption class=\"wp-element-caption\">a m\u00e1quina de descascar milho <\/figcaption><\/figure> <\/div>   <h2 class=\"wp-block-heading\"><strong>Par\u00e2metros b\u00e1sicos da m\u00e1quina descascadora de milho<\/strong><\/h2>    <figure class=\"wp-block-table aligncenter\"><table class=\"has-fixed-layout\"><tbody><tr><td class=\"has-text-align-center\" data-align=\"center\">Tamanho<\/td><td>660*450*1020 mm<\/td><\/tr><tr><td class=\"has-text-align-center\" data-align=\"center\">Peso<\/td><td>100 kg<\/td><\/tr><tr><td class=\"has-text-align-center\" data-align=\"center\">Capacidade<\/td><td>300-500 kg\/h<\/td><\/tr><tr><td class=\"has-text-align-center\" data-align=\"center\">Poder<\/td><td>Motor a diesel ou motor el\u00e9trico&nbsp;<\/td><\/tr><tr><td class=\"has-text-align-center\" data-align=\"center\">Materiais<\/td><td>Milho, arroz, trigo, etc.<\/td><\/tr><\/tbody><\/table><figcaption class=\"wp-element-caption\">os par\u00e2metros da m\u00e1quina descascadora de milho comercial<\/figcaption><\/figure>    <h2 class=\"wp-block-heading\"><strong>Estrutura simples da m\u00e1quina de descasque de milho<\/strong><\/h2>    <p>Existem tr\u00eas sistemas principais na m\u00e1quina descascadora de milho: o sistema de alimenta\u00e7\u00e3o, o sistema de descasque e o sistema de descarga.<\/p>    <p>O sistema de alimenta\u00e7\u00e3o consiste em duas partes: a entrada em forma de funil para colocar mat\u00e9rias-primas e o bot\u00e3o para controlar a velocidade de alimenta\u00e7\u00e3o.<\/p>    <p>O sistema de descascamento \u00e9 equipado com uma l\u00e2mina de descasque para remover a casca e o germe preto do milho de forma limpa e r\u00e1pida.<\/p>    <p>Existem tr\u00eas sa\u00eddas para este descascador de gr\u00e3os de milho: a sa\u00edda de gr\u00e3os pequenos, a sa\u00edda de casca e a sa\u00edda do produto acabado. Diferentes sa\u00eddas correspondem a diferentes produtos.<\/p>   <div class=\"wp-block-image\"> <figure class=\"aligncenter size-full\"><img loading=\"lazy\" decoding=\"async\" width=\"720\" height=\"540\" src=\"https:\/\/corn-machine.com\/wp-content\/uploads\/2025\/07\/the-structure-of-corn-peeler-machine.webp\" alt=\"a estrutura detalhada da m\u00e1quina descascadora de milho\" class=\"wp-image-640\" title=\"\" srcset=\"https:\/\/corn-machine.com\/wp-content\/uploads\/2025\/07\/the-structure-of-corn-peeler-machine.webp 720w, https:\/\/corn-machine.com\/wp-content\/uploads\/2025\/07\/the-structure-of-corn-peeler-machine-300x225.webp 300w, https:\/\/corn-machine.com\/wp-content\/uploads\/2025\/07\/the-structure-of-corn-peeler-machine-16x12.webp 16w\" sizes=\"auto, (max-width: 720px) 100vw, 720px\" \/><figcaption class=\"wp-element-caption\">a estrutura da m\u00e1quina descascadora de milho<\/figcaption><\/figure> <\/div>   <h2 class=\"wp-block-heading\"><strong>A produ\u00e7\u00e3o e aplica\u00e7\u00e3o da m\u00e1quina de descascar gr\u00e3os de milho<\/strong><\/h2>    <p>Os gr\u00e3os de milho saem da sa\u00edda do produto acabado, como mostra o diagrama da estrutura, e outras culturas de pequeno porte sair\u00e3o de outra sa\u00edda. Mas esta parte da nossa m\u00e1quina descascadora de milho teve uma atualiza\u00e7\u00e3o. Agora ela pode descascar trigo, arroz e outros gr\u00e3os.<\/p>    <p>Como o primeiro passo do processamento do milho, o que significa que existem v\u00e1rias maneiras de obter benef\u00edcios a partir dele.<\/p>    <ul class=\"wp-block-list\"> <li>Voc\u00ea pode usar gr\u00e3os de milho processados para fazer farelo e farinha de milho, que t\u00eam um valor de venda mais alto.<\/li>    <li>Se voc\u00ea acha que comprar outra m\u00e1quina \u00e9 desnecess\u00e1rio, tamb\u00e9m pode vender esses produtos diretamente para os fabricantes de produtos de milho para ter benef\u00edcios imediatos. Isso tamb\u00e9m se aplica ao trigo e ao arroz processados.<\/li>    <li>Al\u00e9m disso, os processados <a href=\"https:\/\/en.wikipedia.org\/wiki\/Crop\" target=\"_blank\" rel=\"noopener\">culturas<\/a> s\u00e3o f\u00e1ceis de conservar por longos per\u00edodos. Podem ser usadas como papa ou como acompanhamento de salada, com excelente sabor e rica nutri\u00e7\u00e3o.<\/li> <\/ul>    <figure class=\"wp-block-gallery has-nested-images columns-default is-cropped wp-block-gallery-2 is-layout-flex wp-block-gallery-is-layout-flex\"> <figure class=\"wp-block-image size-large\"><img loading=\"lazy\" decoding=\"async\" width=\"720\" height=\"540\" data-id=\"645\" src=\"https:\/\/corn-machine.com\/wp-content\/uploads\/2025\/07\/peeled-wheat.webp\" alt=\"trigo descascado pela m\u00e1quina descascadora de gr\u00e3os\" class=\"wp-image-645\" title=\"\" srcset=\"https:\/\/corn-machine.com\/wp-content\/uploads\/2025\/07\/peeled-wheat.webp 720w, https:\/\/corn-machine.com\/wp-content\/uploads\/2025\/07\/peeled-wheat-300x225.webp 300w, https:\/\/corn-machine.com\/wp-content\/uploads\/2025\/07\/peeled-wheat-16x12.webp 16w\" sizes=\"auto, (max-width: 720px) 100vw, 720px\" \/><figcaption class=\"wp-element-caption\">trigo descascado <\/figcaption><\/figure>    <figure class=\"wp-block-image size-large\"><img loading=\"lazy\" decoding=\"async\" width=\"720\" height=\"540\" data-id=\"644\" src=\"https:\/\/corn-machine.com\/wp-content\/uploads\/2025\/07\/the-peeled-corn.webp\" alt=\"milho descascado pela m\u00e1quina descascadora de milho\" class=\"wp-image-644\" title=\"\" srcset=\"https:\/\/corn-machine.com\/wp-content\/uploads\/2025\/07\/the-peeled-corn.webp 720w, https:\/\/corn-machine.com\/wp-content\/uploads\/2025\/07\/the-peeled-corn-300x225.webp 300w, https:\/\/corn-machine.com\/wp-content\/uploads\/2025\/07\/the-peeled-corn-16x12.webp 16w\" sizes=\"auto, (max-width: 720px) 100vw, 720px\" \/><figcaption class=\"wp-element-caption\">milho descascado<\/figcaption><\/figure> <\/figure>    <h2 class=\"wp-block-heading\"><strong>30 m\u00e1quinas descascadoras de milho enviadas para o Burkina Faso <\/strong><\/h2>    <p>H\u00e1 um cliente que encomendou trinta conjuntos de m\u00e1quinas descascadoras de gr\u00e3os eficazes para o governo agr\u00edcola. A principal cultura em seu local \u00e9 o milho, ent\u00e3o eles querem comprar alguns equipamentos de milho e fazer um processo simples para reciclagem de alta lucratividade para melhorar a renda dos agricultores locais.<\/p>    <p class=\"translation-block\">Portanto, eles exigem <strong>tr\u00eas requisitos<\/strong>: <\/p>    <ol class=\"wp-block-list\"> <li>A maquinaria deve ser f\u00e1cil de operar.<\/li>    <li>Este equipamento de milho precisa ter um tamanho pequeno e peso leve para facilitar o transporte.<\/li>    <li>Sua capacidade pode alcan\u00e7ar pelo menos 400kg\/h.<\/li> <\/ol>    <p>Imediatamente os ajudamos a decidir sobre esta m\u00e1quina descascadora de milho comercial como a escolha final. Tinha exatamente as caracter\u00edsticas de que precisavam. T\u00ednhamos bastante stock, ent\u00e3o assim que o pedido foi finalizado, embalamo-lo e envi\u00e1mo-lo.<\/p>   <div class=\"wp-block-image\"> <figure class=\"aligncenter size-full\"><img loading=\"lazy\" decoding=\"async\" width=\"720\" height=\"540\" src=\"https:\/\/corn-machine.com\/wp-content\/uploads\/2025\/07\/shipping-of-the-corn-peeler-machine.webp\" alt=\"envio da m\u00e1quina descascadora de milho para a \u00c1frica\" class=\"wp-image-648\" title=\"\" srcset=\"https:\/\/corn-machine.com\/wp-content\/uploads\/2025\/07\/shipping-of-the-corn-peeler-machine.webp 720w, https:\/\/corn-machine.com\/wp-content\/uploads\/2025\/07\/shipping-of-the-corn-peeler-machine-300x225.webp 300w, https:\/\/corn-machine.com\/wp-content\/uploads\/2025\/07\/shipping-of-the-corn-peeler-machine-16x12.webp 16w\" sizes=\"auto, (max-width: 720px) 100vw, 720px\" \/><figcaption class=\"wp-element-caption\">envio da m\u00e1quina descascadora de milho<\/figcaption><\/figure> <\/div>   <p>Alguns meses depois, tiveram uma colheita abundante de milho, ent\u00e3o usaram esta m\u00e1quina para processar o milho. Disseram que, ap\u00f3s usar esta m\u00e1quina de descascar gr\u00e3os de milho, economizaram muito trabalho na descasca do milho, e o produto de alta qualidade trouxe-lhes mais benef\u00edcios do que antes. Algumas pessoas gostam de cozinhar e comer o milho descascado, e tem um sabor muito bom, o que o torna uma \u00f3tima maneira de vend\u00ea-lo!<\/p>    <p class=\"translation-block\">E eles pretendem adquirir outra m\u00e1quina de milho no futuro, como uma <a href=\"https:\/\/corn-machine.com\/pt\/product\/maize-grits-making-machine\/\">m\u00e1quina de fazer gr\u00e3os de milho<\/a>, para produzir gr\u00e3os e farinha para uma economia mais comercial. Estamos ansiosos pela pr\u00f3xima escolha de coopera\u00e7\u00e3o empresarial.<\/p>    <hr class=\"wp-block-separator has-alpha-channel-opacity is-style-wide\"\/>    <p><\/p>    <p>N\u00f3s somos a Taizy, especializada em m\u00e1quinas agr\u00edcolas. Gra\u00e7as aos clientes de todo o mundo, fizemos muito progresso com os seus conselhos e feedback. Nossos objetivos s\u00e3o pesquisar equipamentos mais \u00fateis para ajudar no desenvolvimento agr\u00edcola.<\/p>    <p>Bem-vindo a visitar nosso site. Se voc\u00ea estiver interessado em nossa maquinaria e quiser saber mais detalhes, entre em contato conosco para mais informa\u00e7\u00f5es.<\/p>","protected":false},"excerpt":{"rendered":"<p>Este pequeno descascador de milho \u00e9 adequado para descascar milho, trigo e outros gr\u00e3os, com uma capacidade de descasque de 300-500 kg\/h. Com uma estrutura simples e f\u00e1cil opera\u00e7\u00e3o, \u00e9 especialmente adequado para trabalhar em pequenas oficinas e f\u00e1bricas.<\/p>","protected":false},"author":1,"featured_media":639,"parent":0,"template":"","tags":[31],"product-type":[47],"class_list":["post-626","product","type-product","status-publish","has-post-thumbnail","hentry","tag-corn","product-type-maize-peeler-machine"],"_links":{"self":[{"href":"https:\/\/corn-machine.com\/pt\/wp-json\/wp\/v2\/product\/626","targetHints":{"allow":["GET"]}}],"collection":[{"href":"https:\/\/corn-machine.com\/pt\/wp-json\/wp\/v2\/product"}],"about":[{"href":"https:\/\/corn-machine.com\/pt\/wp-json\/wp\/v2\/types\/product"}],"author":[{"embeddable":true,"href":"https:\/\/corn-machine.com\/pt\/wp-json\/wp\/v2\/users\/1"}],"wp:featuredmedia":[{"embeddable":true,"href":"https:\/\/corn-machine.com\/pt\/wp-json\/wp\/v2\/media\/639"}],"wp:attachment":[{"href":"https:\/\/corn-machine.com\/pt\/wp-json\/wp\/v2\/media?parent=626"}],"wp:term":[{"taxonomy":"post_tag","embeddable":true,"href":"https:\/\/corn-machine.com\/pt\/wp-json\/wp\/v2\/tags?post=626"},{"taxonomy":"product-type","embeddable":true,"href":"https:\/\/corn-machine.com\/pt\/wp-json\/wp\/v2\/product-type?post=626"}],"curies":[{"name":"wp","href":"https:\/\/api.w.org\/{rel}","templated":true}]}}