{"id":69,"date":"2022-09-07T06:11:06","date_gmt":"2022-09-06T22:11:06","guid":{"rendered":"https:\/\/corn-machine.com\/?post_type=product&#038;p=69"},"modified":"2025-08-25T14:29:02","modified_gmt":"2025-08-25T06:29:02","slug":"multi-function-corn-thresher","status":"publish","type":"product","link":"https:\/\/corn-machine.com\/pt\/product\/multi-function-corn-thresher\/","title":{"rendered":"Debulhador de milho multifuncional | M\u00e1quina debulhadora de trigo sorgo"},"content":{"rendered":"<p class=\"translation-block\">O <strong>debulhador multifuncional de milho<\/strong> \u00e9 uma m\u00e1quina melhorada baseada na m\u00e1quina debulhadora de milho regular, que \u00e9 adequada para debulhar milho (produ\u00e7\u00e3o 3 t\/h), soja (produ\u00e7\u00e3o 2 t\/h), trigo, sorgo, milheto e outras culturas (produ\u00e7\u00e3o 1,5 t\/h).<\/p>    <p>As debulhadoras multiprop\u00f3sito da Taizy Machinery s\u00e3o muito populares no mercado e foram exportadas para Austr\u00e1lia, EUA, Indon\u00e9sia, Zimb\u00e1bue, Botsuana, Nig\u00e9ria e muitos outros pa\u00edses. Contribui para o desenvolvimento da agricultura local e recebeu muitas boas cr\u00edticas.<\/p>    <figure class=\"wp-block-gallery has-nested-images columns-default is-cropped wp-block-gallery-2 is-layout-flex wp-block-gallery-is-layout-flex\"> <figure class=\"wp-block-image size-large\"><img loading=\"lazy\" decoding=\"async\" width=\"720\" height=\"540\" data-id=\"184\" src=\"https:\/\/corn-machine.com\/wp-content\/uploads\/2022\/09\/our-foreign-customers-are-testing-a-multipurpose-thresher.webp\" alt=\"nossos clientes estrangeiros est\u00e3o testando uma debulhadora multiuso\" class=\"wp-image-184\" title=\"\"><figcaption class=\"wp-element-caption\">nossos clientes estrangeiros est\u00e3o testando uma debulhadora multiuso<\/figcaption><\/figure>    <figure class=\"wp-block-image size-large\"><img loading=\"lazy\" decoding=\"async\" width=\"720\" height=\"540\" data-id=\"175\" src=\"https:\/\/corn-machine.com\/wp-content\/uploads\/2022\/09\/customer-visting.webp\" alt=\"visita ao cliente\" class=\"wp-image-175\" title=\"\"><figcaption class=\"wp-element-caption\">visita ao cliente<\/figcaption><\/figure> <\/figure>    <h2 class=\"wp-block-heading\" id=\"h-multi-function-corn-thresher-structures\"><strong>Estruturas debulhadoras de milho multifuncionais<\/strong><\/h2>    <p>A debulhadora de trigo est\u00e1 alinhada com a tend\u00eancia do mercado, com um design simples e estrutura compacta. Consiste principalmente em uma entrada, uma sa\u00edda, uma sa\u00edda de impurezas e um ventilador induzido. <\/p>    <p>Uma coisa a notar \u00e9 que esta debulhadora pode ser equipada com um ventilador \u00fanico ou um ventilador duplo. Com a debulhadora de trigo com ventiladores duplos, as sementes de colheitas debulhadas s\u00e3o mais limpas.<\/p>   <div class=\"wp-block-image\"> <figure class=\"aligncenter size-full\"><img decoding=\"async\" src=\"https:\/\/corn-machine.com\/wp-content\/uploads\/2022\/09\/structure-of-multipurpose-thresher.webp\" alt=\"estrutura de debulhador multiuso\" class=\"wp-image-186\" title=\"\"><figcaption class=\"wp-element-caption\">estrutura de debulhador multiuso<\/figcaption><\/figure> <\/div>   <h2 class=\"wp-block-heading\" id=\"h-advantages-of-wheat-thresher-machine\"><strong>Vantagens da m\u00e1quina debulhadora de trigo<\/strong><\/h2>    <ol class=\"wp-block-list\"> <li>A m\u00e1quina de debulha de milho multifuncional tem alta efici\u00eancia de trabalho e n\u00e3o danificar\u00e1 a colheita com um<strong> \u00edndice de debulha de at\u00e9 95%<\/strong> para que o produto final tenha menos impurezas.<\/li>    <li>Esta m\u00e1quina de debulha de milho multifuncional possui v\u00e1rios m\u00e9todos de pot\u00eancia, incluindo um <strong>motor diesel (6-8Hp), um motor a gasolina (170F) e um motor el\u00e9trico (2.2-3kw)<\/strong>, e os clientes podem escolher o m\u00e9todo de pot\u00eancia certo de acordo com a situa\u00e7\u00e3o real. <\/li>    <li>A m\u00e1quina de debulha de culturas tem uma ampla gama de <strong>aplica\u00e7\u00f5es e pode descascar e debulhar uma variedade de culturas<\/strong>, incluindo milho, sorgo e trigo.<\/li>    <li>A m\u00e1quina de descasque de milho adota um design humanizado, a altura da m\u00e1quina \u00e9 adequada para a altura do corpo humano, o que a torna conveniente para colocar os gr\u00e3os. Al\u00e9m disso, a m\u00e1quina pode ser <strong>equipada com rodas<\/strong> para que seja f\u00e1cil de mover.<\/li>    <li>Esta m\u00e1quina debulhadora de milho \u00e9 econ\u00f4mica e o <a href=\"https:\/\/corn-machine.com\/pt\/Info\/multi-function-corn-thresher-common-problems\/\">manuten\u00e7\u00e3o da debulhadora<\/a> \u00e9 f\u00e1cil, o que pode ajudar as pessoas a economizar energia e dinheiro.<\/li> <\/ol>    <figure class=\"wp-block-gallery aligncenter has-nested-images columns-default is-cropped wp-block-gallery-3 is-layout-flex wp-block-gallery-is-layout-flex\"> <figure class=\"wp-block-image size-full\"><img loading=\"lazy\" decoding=\"async\" width=\"720\" height=\"540\" data-id=\"810\" src=\"https:\/\/corn-machine.com\/wp-content\/uploads\/2022\/09\/main-power-of-the-corn-thresher.webp\" alt=\"tr\u00eas fontes de energia principais da debulhadora de milho\" class=\"wp-image-810\" title=\"\" srcset=\"https:\/\/corn-machine.com\/wp-content\/uploads\/2022\/09\/main-power-of-the-corn-thresher.webp 720w, https:\/\/corn-machine.com\/wp-content\/uploads\/2022\/09\/main-power-of-the-corn-thresher-300x225.webp 300w, https:\/\/corn-machine.com\/wp-content\/uploads\/2022\/09\/main-power-of-the-corn-thresher-16x12.webp 16w\" sizes=\"auto, (max-width: 720px) 100vw, 720px\" \/><figcaption class=\"wp-element-caption\">pot\u00eancia principal da debulhadora de milho<\/figcaption><\/figure>    <figure class=\"wp-block-image size-full\"><img loading=\"lazy\" decoding=\"async\" width=\"720\" height=\"540\" data-id=\"814\" src=\"https:\/\/corn-machine.com\/wp-content\/uploads\/2022\/09\/agriculture-thresher-machine.webp\" alt=\"m\u00e1quina debulhadora agr\u00edcola\" class=\"wp-image-814\" title=\"\" srcset=\"https:\/\/corn-machine.com\/wp-content\/uploads\/2022\/09\/agriculture-thresher-machine.webp 720w, https:\/\/corn-machine.com\/wp-content\/uploads\/2022\/09\/agriculture-thresher-machine-300x225.webp 300w, https:\/\/corn-machine.com\/wp-content\/uploads\/2022\/09\/agriculture-thresher-machine-16x12.webp 16w\" sizes=\"auto, (max-width: 720px) 100vw, 720px\" \/><figcaption class=\"wp-element-caption\">m\u00e1quina debulhadora agr\u00edcola<\/figcaption><\/figure> <\/figure>    <h2 class=\"wp-block-heading\" id=\"h-technical-parameters-of-multipurpose-thresher\"><strong>Par\u00e2metros t\u00e9cnicos da debulhadora multiuso<\/strong><\/h2>    <p>Existem dois modelos desta m\u00e1quina debulhadora de milho, que t\u00eam diferentes capacidades e op\u00e7\u00f5es de energia. Aqui est\u00e3o os seus par\u00e2metros tecnol\u00f3gicos. Se desejar obter imagens mais detalhadas, entre em contato comigo para obter mais informa\u00e7\u00f5es.<\/p>    <figure class=\"wp-block-table\"><table><tbody><tr><td>Modelo<\/td><td>Poder<\/td><td>Capacidade<\/td><td>Peso<\/td><td>Tamanho<\/td><td>Aplicativo<\/td><\/tr><tr><td>MT-860<\/td><td>Motor diesel, motor a gasolina, motor el\u00e9trico<\/td><td>1,5-2t\/h<\/td><td>112kg<\/td><td>1150*860<em>*<\/em>1160 mm<\/td><td>Sorgo, milheto, milho, soja<\/td><\/tr><tr><td>MT-1200<\/td><td>Motor diesel 10-12HP<\/td><td>milho 3t\/h,<br>Soja 2t\/h<br>Sorgo, pain\u00e7o, trigo, arroz 1,5t\/h<\/td><td>200kg<\/td><td>2100*1700*1400mm<\/td><td>Sorgo, Pain\u00e7o, Milho, Soja<\/td><\/tr><\/tbody><\/table><figcaption class=\"wp-element-caption\">par\u00e2metros da debulhadora multifuncional de milho<\/figcaption><\/figure>    <h2 class=\"wp-block-heading\" id=\"h-applications-of-sorghum-threshing-machine\"><strong>Aplica\u00e7\u00f5es da m\u00e1quina descascadora de milho<\/strong><\/h2>    <p class=\"translation-block\">A debulhadora de milho multifuncional \u00e9 adequada para uma ampla gama de mat\u00e9rias-primas e pode descascar e debulhar ao mesmo tempo. As mat\u00e9rias-primas aplic\u00e1veis da debulhadora de trigo incluem sorgo, soja, milho, trigo, milhete, etc., e s\u00e3o amplamente utilizadas em fazendas de v\u00e1rios tamanhos, agricultores individuais e plantas de processamento de gr\u00e3os. Al\u00e9m disso, tamb\u00e9m temos <a href=\"https:\/\/corn-machine.com\/pt\/product\/fresh-corn-sheller-machine\/\">debulhadoras para milho fresco<\/a>. Se estiver interessado, consulte-nos.<\/p>    <figure class=\"wp-block-gallery has-nested-images columns-default is-cropped wp-block-gallery-4 is-layout-flex wp-block-gallery-is-layout-flex\"> <figure class=\"wp-block-image size-large\"><img loading=\"lazy\" decoding=\"async\" width=\"683\" height=\"456\" data-id=\"73\" src=\"https:\/\/corn-machine.com\/wp-content\/uploads\/2022\/09\/millet-thresher.webp\" alt=\"aplica\u00e7\u00e3o da debulhadora de milhete\" class=\"wp-image-73\" title=\"\"><figcaption class=\"wp-element-caption\">aplica\u00e7\u00e3o da debulhadora de milhete<\/figcaption><\/figure>    <figure class=\"wp-block-image size-large\"><img loading=\"lazy\" decoding=\"async\" width=\"644\" height=\"433\" data-id=\"74\" src=\"https:\/\/corn-machine.com\/wp-content\/uploads\/2022\/09\/thresher.webp\" alt=\"a aplica\u00e7\u00e3o da debulhadora\" class=\"wp-image-74\" title=\"\"><figcaption class=\"wp-element-caption\">aplica\u00e7\u00e3o da descascadora de milho<\/figcaption><\/figure> <\/figure>    <figure class=\"wp-block-embed is-type-video is-provider-youtube wp-block-embed-youtube wp-embed-aspect-16-9 wp-has-aspect-ratio\"><div class=\"wp-block-embed__wrapper\"> <iframe loading=\"lazy\" title=\"M\u00e1quina de Debulha de Gr\u00e3os Multifuncional \ud83c\udf3e | Alta Taxa de Debulha e Versatilidade no Processamento de Culturas! \ud83d\ude9c\" width=\"500\" height=\"281\" src=\"https:\/\/www.youtube.com\/embed\/NSSRi0z_JQg?feature=oembed\" frameborder=\"0\" allow=\"accelerometer; autoplay; clipboard-write; encrypted-media; gyroscope; picture-in-picture; web-share\" referrerpolicy=\"strict-origin-when-cross-origin\" allowfullscreen><\/iframe> <\/div><figcaption class=\"wp-element-caption\">processo de trabalho desta debulha de gr\u00e3os<\/figcaption><\/figure>    <h2 class=\"wp-block-heading\"><strong>O pre\u00e7o de tal m\u00e1quina de descaro\u00e7ar autom\u00e1tica<\/strong><\/h2>    <p>A m\u00e1quina descascadora de milho n\u00e3o \u00e9 cara e a sua praticidade torna-a mais econ\u00f4mica. O pre\u00e7o total \u00e9 de algumas centenas de d\u00f3lares, que inclui as seguintes pe\u00e7as:<\/p>    <ul class=\"wp-block-list\"> <li>&nbsp;A pot\u00eancia da m\u00e1quina que voc\u00ea escolheu, normalmente o pre\u00e7o vai de baixo a alto: <a href=\"https:\/\/en.wikipedia.org\/wiki\/Petrol_engine\" target=\"_blank\" rel=\"noopener\">motor a gasolina<\/a> &lt; motor el\u00e9trico &lt; motor diesel<\/li>    <li>O servi\u00e7o adicional, como a embalagem em caixa de madeira para proteger as m\u00e1quinas, \u00e9 apenas uma pequena parte da conta.<\/li>    <li>O modo de transporte que voc\u00ea escolher tamb\u00e9m influenciar\u00e1 o pre\u00e7o. O transporte a\u00e9reo \u00e9 mais r\u00e1pido, mas mais caro do que o frete mar\u00edtimo.<\/li> <\/ul>    <h2 class=\"wp-block-heading\" id=\"h-global-case-of-multi-function-corn-thresher\"><strong>Caso global de debulhador de milho multifuncional<\/strong><\/h2>    <p>Export\u00e1mos recentemente 40 conjuntos de debulhadores multifuncionais de milho para o Zimbabwe. O Zimbabwe \u00e9 um pa\u00eds largamente agr\u00edcola, e o cliente \u00e9 um concession\u00e1rio do Zimbabwe que est\u00e1 no neg\u00f3cio de cultivo de milho.<\/p>    <p> Ele queria comprar algumas debulhadoras de milho para processar seus neg\u00f3cios. Ap\u00f3s entender suas necessidades, Grace, a gerente de vendas, recomendou esta debulhadora multiprop\u00f3sito porque era mais vers\u00e1til e econ\u00f4mica do que outros produtos. <\/p>    <p>O cliente zimbabuano ficou muito satisfeito com os recursos e o pre\u00e7o da m\u00e1quina e rapidamente fez o seu pedido. <\/p>   <div class=\"wp-block-image\"> <figure class=\"aligncenter size-large\"><img loading=\"lazy\" decoding=\"async\" width=\"720\" height=\"540\" src=\"https:\/\/corn-machine.com\/wp-content\/uploads\/2022\/09\/load.webp\" alt=\"carga destas descascadoras de milho el\u00e9tricas\" class=\"wp-image-180\" title=\"\"><figcaption class=\"wp-element-caption\">carga destas descascadoras de milho el\u00e9tricas<\/figcaption><\/figure> <\/div>  <div class=\"wp-block-image\"> <figure class=\"aligncenter size-large\"><img loading=\"lazy\" decoding=\"async\" width=\"720\" height=\"540\" src=\"https:\/\/corn-machine.com\/wp-content\/uploads\/2022\/09\/load-and-delivery-of-multipurpose-thresher.webp\" alt=\"carga e entrega de debulhadora multiuso\" class=\"wp-image-179\" title=\"\"><figcaption class=\"wp-element-caption\">carga e entrega de debulhadora multiuso<\/figcaption><\/figure> <\/div>   <p>Aqui est\u00e1 uma foto enviada pelo nosso parceiro de neg\u00f3cios, que est\u00e1 exibindo as opera\u00e7\u00f5es para agricultores locais. \u201cVoc\u00eas s\u00e3o um fornecedor confi\u00e1vel e esta m\u00e1quina \u00e9 o meu equipamento ideal. Todos a elogiaram muito.\u201c<\/p>    <p>Somos a Taizy, uma empresa de com\u00e9rcio internacional especializada na fabrica\u00e7\u00e3o de diversas m\u00e1quinas. Se desejar ter qualquer coopera\u00e7\u00e3o conosco, n\u00e3o hesite em nos consultar!<\/p>   <div class=\"wp-block-image\"> <figure class=\"aligncenter size-full\"><img loading=\"lazy\" decoding=\"async\" width=\"720\" height=\"540\" src=\"https:\/\/corn-machine.com\/wp-content\/uploads\/2022\/09\/feedback-of-the-corn-sheller-machine.webp\" alt=\"feedback da m\u00e1quina debulhadora de milho multifuncional\" class=\"wp-image-813\" title=\"\" srcset=\"https:\/\/corn-machine.com\/wp-content\/uploads\/2022\/09\/feedback-of-the-corn-sheller-machine.webp 720w, https:\/\/corn-machine.com\/wp-content\/uploads\/2022\/09\/feedback-of-the-corn-sheller-machine-300x225.webp 300w, https:\/\/corn-machine.com\/wp-content\/uploads\/2022\/09\/feedback-of-the-corn-sheller-machine-16x12.webp 16w\" sizes=\"auto, (max-width: 720px) 100vw, 720px\" \/><figcaption class=\"wp-element-caption\">feedback da m\u00e1quina debulhadora de milho multifuncional<\/figcaption><\/figure> <\/div>   <h2 class=\"wp-block-heading\"><strong>FAQ desta m\u00e1quina descascadora de milho<\/strong><\/h2>   <div id=\"rank-math-faq\" class=\"rank-math-block\"> <div class=\"rank-math-list\"> <div id=\"faq-question-1754450841002\" class=\"rank-math-list-item\"> <h3 class=\"rank-math-question\">Como separar diferentes culturas?<\/h3> <div class=\"rank-math-answer\">  <p>Precisa substituir o crivo por uma malha diferente. Ao debulhar milho, precisa remover os quatro eixos internos.<\/p>  <\/div> <\/div> <div id=\"faq-question-1754450901111\" class=\"rank-math-list-item\"> <h3 class=\"rank-math-question\">N\u00e3o sei como usar a m\u00e1quina. O que vai fornecer?<\/h3> <div class=\"rank-math-answer\">  <p>Forneceremos v\u00eddeos do processo de instala\u00e7\u00e3o da m\u00e1quina, opera\u00e7\u00e3o, troca de tela, etc.<\/p>  <\/div> <\/div> <div id=\"faq-question-1754450952149\" class=\"rank-math-list-item\"> <h3 class=\"rank-math-question\">A m\u00e1quina debulhadora \u00e9 f\u00e1cil de mover?<\/h3> <div class=\"rank-math-answer\">  <p>Instal\u00e1mos rodas e man\u00edpulos de empurrar para facilitar a movimenta\u00e7\u00e3o<\/p>  <\/div> <\/div> <div id=\"faq-question-1754451045635\" class=\"rank-math-list-item\"> <h3 class=\"rank-math-question\">Que culturas podem ser processadas pela debulhadora multifuncional de milho?<\/h3> <div class=\"rank-math-answer\">  <p>Milho, trigo, soja, sorgo, etc.<\/p>  <\/div> <\/div> <div id=\"faq-question-1754451098340\" class=\"rank-math-list-item\"> <h3 class=\"rank-math-question\">Qual \u00e9 o rendimento e a taxa de debulha desta debulhadora?<\/h3> <div class=\"rank-math-answer\">  <p>A sua produtividade \u00e9 de 1-1,5 t; taxa de debulha \u226595%<\/p>  <\/div> <\/div> <\/div> <\/div>   <figure class=\"wp-block-embed aligncenter is-type-video is-provider-youtube wp-block-embed-youtube wp-embed-aspect-16-9 wp-has-aspect-ratio\"><div class=\"wp-block-embed__wrapper\"> <iframe loading=\"lazy\" title=\"M\u00e1quina Multifuncional de Debulha de Gr\u00e3os| El\u00e9trica\/Diesel\/Gasolina Alimentada Pode Como Energia!\" width=\"500\" height=\"281\" src=\"https:\/\/www.youtube.com\/embed\/C299z31YTKg?feature=oembed\" frameborder=\"0\" allow=\"accelerometer; autoplay; clipboard-write; encrypted-media; gyroscope; picture-in-picture; web-share\" referrerpolicy=\"strict-origin-when-cross-origin\" allowfullscreen><\/iframe> <\/div><figcaption class=\"wp-element-caption\">progresso do trabalho<\/figcaption><\/figure>","protected":false},"excerpt":{"rendered":"<p>A debulhadora de milho multifuncional pode debulhar v\u00e1rios gr\u00e3os, cuja taxa de debulha pode atingir 95%. Pode melhorar a efici\u00eancia do trabalho e reduzir o custo de contrata\u00e7\u00e3o de m\u00e3o de obra.<\/p>","protected":false},"author":1,"featured_media":78,"parent":0,"template":"","tags":[20],"product-type":[42],"class_list":["post-69","product","type-product","status-publish","has-post-thumbnail","hentry","tag-corn-thresher","product-type-maize-sheller-machine"],"_links":{"self":[{"href":"https:\/\/corn-machine.com\/pt\/wp-json\/wp\/v2\/product\/69","targetHints":{"allow":["GET"]}}],"collection":[{"href":"https:\/\/corn-machine.com\/pt\/wp-json\/wp\/v2\/product"}],"about":[{"href":"https:\/\/corn-machine.com\/pt\/wp-json\/wp\/v2\/types\/product"}],"author":[{"embeddable":true,"href":"https:\/\/corn-machine.com\/pt\/wp-json\/wp\/v2\/users\/1"}],"wp:featuredmedia":[{"embeddable":true,"href":"https:\/\/corn-machine.com\/pt\/wp-json\/wp\/v2\/media\/78"}],"wp:attachment":[{"href":"https:\/\/corn-machine.com\/pt\/wp-json\/wp\/v2\/media?parent=69"}],"wp:term":[{"taxonomy":"post_tag","embeddable":true,"href":"https:\/\/corn-machine.com\/pt\/wp-json\/wp\/v2\/tags?post=69"},{"taxonomy":"product-type","embeddable":true,"href":"https:\/\/corn-machine.com\/pt\/wp-json\/wp\/v2\/product-type?post=69"}],"curies":[{"name":"wp","href":"https:\/\/api.w.org\/{rel}","templated":true}]}}