{"id":75,"date":"2022-09-07T07:43:41","date_gmt":"2022-09-06T23:43:41","guid":{"rendered":"https:\/\/corn-machine.com\/?post_type=product&#038;p=75"},"modified":"2025-07-29T17:32:35","modified_gmt":"2025-07-29T09:32:35","slug":"small-maize-grinding-machine","status":"publish","type":"product","link":"https:\/\/corn-machine.com\/pt\/product\/small-maize-grinding-machine\/","title":{"rendered":"M\u00e1quina de moagem de milho pequena | M\u00e1quina moinho de disco de gr\u00e3os"},"content":{"rendered":"<p>A pequena m\u00e1quina de moagem de milho tamb\u00e9m \u00e9 chamada de m\u00e1quina de moagem de disco, que \u00e9 frequentemente usada para moer v\u00e1rios materiais secos em p\u00f3, como milho, soja, sorgo e outras culturas, mas tamb\u00e9m para pimentas, especiarias, etc. tem boa qualidade, desempenho est\u00e1vel e desempenho de alto custo. Portanto, as m\u00e1quinas s\u00e3o muito populares no pa\u00eds e no exterior devido \u00e0 sua praticidade.<\/p>    <figure class=\"wp-block-gallery has-nested-images columns-default is-cropped wp-block-gallery-2 is-layout-flex wp-block-gallery-is-layout-flex\"> <figure class=\"wp-block-image size-large\"><img loading=\"lazy\" decoding=\"async\" width=\"720\" height=\"540\" data-id=\"217\" src=\"https:\/\/corn-machine.com\/wp-content\/uploads\/2022\/09\/maize-shelling-machine-1.webp\" alt=\"m\u00e1quina de descascar milho\" class=\"wp-image-217\" title=\"\"><figcaption class=\"wp-element-caption\">m\u00e1quina de descascar milho<\/figcaption><\/figure>    <figure class=\"wp-block-image size-large\"><img loading=\"lazy\" decoding=\"async\" width=\"720\" height=\"540\" data-id=\"213\" src=\"https:\/\/corn-machine.com\/wp-content\/uploads\/2022\/09\/automatic-corn-sheller-1.webp\" alt=\"descascador de milho autom\u00e1tico\" class=\"wp-image-213\" title=\"\"><figcaption class=\"wp-element-caption\">descascador de milho autom\u00e1tico<\/figcaption><\/figure> <\/figure>    <h2 class=\"wp-block-heading\" id=\"h-applications-of-grain-grinder-machine\">Aplica\u00e7\u00f5es da m\u00e1quina moedora de gr\u00e3os<\/h2>    <p class=\"translation-block\">Esta m\u00e1quina de moinho de disco \u00e9 um moedor com garras dentadas que pode moer milho, sorgo, trigo, soja, arroz e outros gr\u00e3os debulhados por uma <a href=\"https:\/\/corn-machine.com\/pt\/product\/multi-function-corn-thresher\/\">m\u00e1quina debulhadora de gr\u00e3os<\/a>. Tamb\u00e9m pode triturar ervas, a\u00e7afr\u00e3o, pimentas secas e outras especiarias. Taizy Machinery tem fabricado moinhos de disco h\u00e1 mais de 12 anos e aguarda o seu contacto e coopera\u00e7\u00e3o.<\/p>   <div class=\"wp-block-image\"> <figure class=\"aligncenter size-full\"><img loading=\"lazy\" decoding=\"async\" width=\"720\" height=\"540\" src=\"https:\/\/corn-machine.com\/wp-content\/uploads\/2022\/09\/application-.webp\" alt=\"\" class=\"wp-image-210\" title=\"\"><\/figure> <\/div>   <h2 class=\"wp-block-heading\" id=\"h-structures-of-small-maize-grinding-machine\">Estruturas de pequena m\u00e1quina de moagem de milho<\/h2>    <p>Na verdade, a estrutura do moinho de disco \u00e9 muito simples, incluindo entrada, sa\u00edda, silo de britagem, peneira, etc. Como exemplo, a estrutura de uma m\u00e1quina com separador ciclone \u00e9 mostrada na figura abaixo. Voc\u00ea pode escolher o que quiser entre v\u00e1rios tipos. <\/p>    <p>O moinho de disco possui 9 peneiras de finura diferentes, 0,2 mm, 0,4 mm, 0,6 mm, 0,8 mm, 1 mm, 2 mm, 3 mm, 5 mm, de acordo com diferentes materiais, os clientes podem escolher peneiras diferentes. Al\u00e9m disso, tamb\u00e9m podemos personalizar outros tamanhos de tela para voc\u00ea.<\/p>   <div class=\"wp-block-image\"> <figure class=\"aligncenter size-full\"><img loading=\"lazy\" decoding=\"async\" width=\"720\" height=\"540\" src=\"https:\/\/corn-machine.com\/wp-content\/uploads\/2022\/09\/structure-of-corn-threshing-machine.webp\" alt=\"estrutura da debulhadora de milho\" class=\"wp-image-220\" title=\"\"><figcaption class=\"wp-element-caption\">estrutura da debulhadora de milho<\/figcaption><\/figure> <\/div>   <h2 class=\"wp-block-heading\" id=\"h-parameters-of-disk-mill-machine\">Par\u00e2metros da m\u00e1quina fresadora de disco<\/h2>    <figure class=\"wp-block-table\"><table><tbody><tr><td>Modelo<\/td><td>9FZ-45<\/td><\/tr><tr><td>Velocidade de rota\u00e7\u00e3o<\/td><td>3200 r\/min<\/td><\/tr><tr><td>Di\u00e2metro do rotor<\/td><td>450mm<\/td><\/tr><tr><td>Di\u00e2metro do anel da peneira<\/td><td>508 mm<\/td><\/tr><tr><td>Tamanho da tela (mm)<\/td><td>1600\u00d7115mm<\/td><\/tr><tr><td>Produtividade<\/td><td>\u22651500kg\/h<\/td><\/tr><tr><td>Dentes planos (peda\u00e7os)<\/td><td>6<\/td><\/tr><tr><td>Dentes quadrados (peda\u00e7os)<\/td><td>12<\/td><\/tr><tr><td>Tens\u00e3o<\/td><td>380 V<\/td><\/tr><tr><td>Peso<\/td><td>200kg<\/td><\/tr><\/tbody><\/table><\/figure>    <h2 class=\"wp-block-heading\" id=\"h-small-maize-grinding-machine-advantages\">Vantagens da pequena m\u00e1quina de moer milho <\/h2>    <ul class=\"wp-block-list\"> <li>O moinho de milho possui estrutura compacta, de tamanho pequeno e n\u00e3o ocupar\u00e1 \u00e1rea fabril.<\/li>    <li>A pequena m\u00e1quina de moagem de milho tem uma ampla gama de aplica\u00e7\u00f5es, n\u00e3o apenas para gr\u00e3os, mas tamb\u00e9m pode triturar v\u00e1rios materiais qu\u00edmicos, medicina tradicional chinesa, especiarias, etc.<\/li>    <li>Os coletores de p\u00f3 podem ser instalados de acordo com a necessidade do cliente, sem polui\u00e7\u00e3o por poeira, o que pode proteger o meio ambiente.<\/li> <\/ul>    <figure class=\"wp-block-gallery has-nested-images columns-default is-cropped wp-block-gallery-3 is-layout-flex wp-block-gallery-is-layout-flex\"> <figure class=\"wp-block-image size-large\"><img loading=\"lazy\" decoding=\"async\" width=\"720\" height=\"540\" data-id=\"212\" src=\"https:\/\/corn-machine.com\/wp-content\/uploads\/2022\/09\/automatic-corn-sheller-working-process.webp\" alt=\"processo de trabalho autom\u00e1tico do descascador de milho\" class=\"wp-image-212\" title=\"\"><figcaption class=\"wp-element-caption\">processo de trabalho autom\u00e1tico do descascador de milho<\/figcaption><\/figure>    <figure class=\"wp-block-image size-large\"><img loading=\"lazy\" decoding=\"async\" width=\"720\" height=\"540\" data-id=\"215\" src=\"https:\/\/corn-machine.com\/wp-content\/uploads\/2022\/09\/final-product.webp\" alt=\"produto final\" class=\"wp-image-215\" title=\"\"><figcaption class=\"wp-element-caption\">produto final<\/figcaption><\/figure> <\/figure>    <h2 class=\"wp-block-heading\" id=\"h-working-video-of-maize-grinding-mill\">V\u00eddeo de trabalho do moinho de milho<\/h2>    <figure class=\"wp-block-embed is-type-video is-provider-youtube wp-block-embed-youtube wp-embed-aspect-16-9 wp-has-aspect-ratio\"><div class=\"wp-block-embed__wrapper\"> <iframe loading=\"lazy\" title=\"\ud83d\udd27M\u00e1quina de Moagem de Gr\u00e3os Explicada | Poder de Moagem para Gr\u00e3os, Especiarias e Mais! #milho #farinha #gr\u00e3o\" width=\"500\" height=\"281\" src=\"https:\/\/www.youtube.com\/embed\/8R_PGr33qO4?feature=oembed\" frameborder=\"0\" allow=\"accelerometer; autoplay; clipboard-write; encrypted-media; gyroscope; picture-in-picture; web-share\" referrerpolicy=\"strict-origin-when-cross-origin\" allowfullscreen><\/iframe> <\/div><figcaption class=\"wp-element-caption\">processamento de trabalho do moinho de disco<\/figcaption><\/figure>","protected":false},"excerpt":{"rendered":"<p>The small maize grinding machine is also called a disk mill machine, which is often used to grind various dry materials into powder, such as corn, soybeans, sorghum, and other crops, but also for peppers, spices, etc. Our disk mill machine has good quality, stable performance and high-cost performance. Therefore, machines are widely popular at [&hellip;]<\/p>\n","protected":false},"author":1,"featured_media":77,"parent":0,"template":"","tags":[25],"product-type":[43],"class_list":["post-75","product","type-product","status-publish","has-post-thumbnail","hentry","tag-maize-grinding-machine","product-type-maize-grinding-mill-machine"],"_links":{"self":[{"href":"https:\/\/corn-machine.com\/pt\/wp-json\/wp\/v2\/product\/75","targetHints":{"allow":["GET"]}}],"collection":[{"href":"https:\/\/corn-machine.com\/pt\/wp-json\/wp\/v2\/product"}],"about":[{"href":"https:\/\/corn-machine.com\/pt\/wp-json\/wp\/v2\/types\/product"}],"author":[{"embeddable":true,"href":"https:\/\/corn-machine.com\/pt\/wp-json\/wp\/v2\/users\/1"}],"wp:featuredmedia":[{"embeddable":true,"href":"https:\/\/corn-machine.com\/pt\/wp-json\/wp\/v2\/media\/77"}],"wp:attachment":[{"href":"https:\/\/corn-machine.com\/pt\/wp-json\/wp\/v2\/media?parent=75"}],"wp:term":[{"taxonomy":"post_tag","embeddable":true,"href":"https:\/\/corn-machine.com\/pt\/wp-json\/wp\/v2\/tags?post=75"},{"taxonomy":"product-type","embeddable":true,"href":"https:\/\/corn-machine.com\/pt\/wp-json\/wp\/v2\/product-type?post=75"}],"curies":[{"name":"wp","href":"https:\/\/api.w.org\/{rel}","templated":true}]}}