{"id":882,"date":"2025-08-20T14:46:05","date_gmt":"2025-08-20T06:46:05","guid":{"rendered":"https:\/\/corn-machine.com\/?post_type=product&#038;p=882"},"modified":"2025-10-11T09:04:53","modified_gmt":"2025-10-11T01:04:53","slug":"corn-husk-remover-for-food-processing","status":"publish","type":"product","link":"https:\/\/corn-machine.com\/pt\/product\/corn-husk-remover-for-food-processing\/","title":{"rendered":"Descascador de milho industrial para f\u00e1brica de processamento de alimentos de grande escala"},"content":{"rendered":"<p class=\"translation-block\">O descascador de milho Taizy \u00e9 projetado especificamente para processamento automatizado de alimentos com corte autom\u00e1tico de raiz, corte de ponta, remo\u00e7\u00e3o de barba, sopro de ar para dispersar folhas e remo\u00e7\u00e3o de seda de espiga, etc. <\/p>    <p class=\"translation-block\">O descascador de milho doce \u00e9 capaz de descascar milho fresco, doce e ceroso de qualquer variedade com um comprimento de 110\u2013280 mm (incluindo casca e raiz) e um di\u00e2metro de 40\u201380 mm (em condi\u00e7\u00e3o descascada). Com uma <strong>taxa de quebra de \u22641%,<\/strong> uma <strong>efici\u00eancia de descasque de \u226598%<\/strong> e uma <strong>taxa de remo\u00e7\u00e3o de cabelos de milho de \u226592%<\/strong>, a sua capacidade pode ser de at\u00e9 10.000\u201312.000 espigas\/hora.<\/p>    <h2 class=\"wp-block-heading\"><strong>V\u00eddeo de trabalho do descascador industrial de milho<\/strong><\/h2>    <p>Abaixo est\u00e1 um v\u00eddeo de feedback de um cliente onde recebemos a m\u00e1quina e fizemos alguns testes.<\/p>    <figure class=\"wp-block-embed aligncenter is-type-video is-provider-youtube wp-block-embed-youtube wp-embed-aspect-16-9 wp-has-aspect-ratio\"><div class=\"wp-block-embed__wrapper\"> <iframe loading=\"lazy\" title=\"\ud83c\udf3dM\u00e1quina de descascagem de milho industrial | Remo\u00e7\u00e3o de casca fresca de milho e seda\" width=\"500\" height=\"281\" src=\"https:\/\/www.youtube.com\/embed\/SMyoAyr_J5s?feature=oembed\" frameborder=\"0\" allow=\"accelerometer; autoplay; clipboard-write; encrypted-media; gyroscope; picture-in-picture; web-share\" referrerpolicy=\"strict-origin-when-cross-origin\" allowfullscreen><\/iframe> <\/div><figcaption class=\"wp-element-caption\">m\u00e1quina de trabalho descascadora de milho<\/figcaption><\/figure>    <h2 class=\"wp-block-heading\"><strong>Vantagens do descascador de milho fresco<\/strong><\/h2>    <ul class=\"wp-block-list\"> <li>Este descascador autom\u00e1tico de milho resolve perfeitamente o problema da produ\u00e7\u00e3o insuficiente de milho fresco no processamento em larga escala e pode processar 10.000\u201312.000 espigas de milho fresco por hora, o que melhora a efici\u00eancia da linha de produ\u00e7\u00e3o de alimentos.<\/li>    <li>A m\u00e1quina debulhadora de espigas de milho Taizy inclui descascamento, corte de raiz, corte de ponta e remo\u00e7\u00e3o de seda. Durante o processo de produ\u00e7\u00e3o, n\u00e3o h\u00e1 contacto com fontes de polui\u00e7\u00e3o como metais oxidados e humidade, o que garante eficazmente a qualidade e o n\u00edvel de higiene dos produtos de milho glutinoso fresco.<\/li>    <li>O descascador de milho \u00e9 capaz de manusear milho fresco de v\u00e1rias variedades, com comprimentos de 110\u2013280 mm e di\u00e2metros de 40\u201380 mm, incluindo milho doce e ceroso, tornando-o altamente vers\u00e1til.<\/li>    <li>Fabricado com materiais de grau industrial e componentes de alta qualidade, oferece opera\u00e7\u00e3o est\u00e1vel e longa vida \u00fatil, tornando-o adequado para produ\u00e7\u00e3o intensiva.<\/li> <\/ul>   <div class=\"wp-block-image\"> <figure class=\"aligncenter size-large\"><img loading=\"lazy\" decoding=\"async\" width=\"720\" height=\"540\" src=\"https:\/\/corn-machine.com\/wp-content\/uploads\/2025\/08\/sweet-corn-shucker.webp\" alt=\"descascador de milho doce\" class=\"wp-image-888\" title=\"\" srcset=\"https:\/\/corn-machine.com\/wp-content\/uploads\/2025\/08\/sweet-corn-shucker.webp 720w, https:\/\/corn-machine.com\/wp-content\/uploads\/2025\/08\/sweet-corn-shucker-300x225.webp 300w, https:\/\/corn-machine.com\/wp-content\/uploads\/2025\/08\/sweet-corn-shucker-16x12.webp 16w\" sizes=\"auto, (max-width: 720px) 100vw, 720px\" \/><figcaption class=\"wp-element-caption\">descascador de milho doce<\/figcaption><\/figure> <\/div>   <h2 class=\"wp-block-heading\"><strong>Par\u00e2metros t\u00e9cnicos do descascador autom\u00e1tico de milho doce<\/strong><\/h2>    <figure class=\"wp-block-table aligncenter\"><table class=\"has-fixed-layout\"><tbody><tr><td>Modelo<\/td><td class=\"has-text-align-center\" data-align=\"center\">6BLQ-210-12000<\/td><\/tr><tr><td>Tamanho<\/td><td class=\"has-text-align-center\" data-align=\"center\">10,5*1,72*1,95m<\/td><\/tr><tr><td>Peso<\/td><td class=\"has-text-align-center\" data-align=\"center\">5000kg<\/td><\/tr><tr><td>Capacidade<\/td><td class=\"has-text-align-center\" data-align=\"center\">12000 espigas\/h<\/td><\/tr><tr><td>Poder<\/td><td class=\"has-text-align-center\" data-align=\"center\">12,25kw<\/td><\/tr><tr><td>Tens\u00e3o<\/td><td class=\"has-text-align-center\" data-align=\"center\">380v<\/td><\/tr><tr><td>Taxa de quebra<\/td><td class=\"has-text-align-center\" data-align=\"center\">1%<\/td><\/tr><tr><td>Efici\u00eancia de descascamento<\/td><td class=\"has-text-align-center\" data-align=\"center\">98%<\/td><\/tr><tr><td>Taxa de remo\u00e7\u00e3o de seda<\/td><td class=\"has-text-align-center\" data-align=\"center\">92%<\/td><\/tr><tr><td>Aplicativo<\/td><td class=\"has-text-align-center\" data-align=\"center\">Milho fresco, milho doce, milho ceroso, etc.<\/td><\/tr><\/tbody><\/table><figcaption class=\"wp-element-caption\">par\u00e2metros detalhados da m\u00e1quina de debulhar milho<\/figcaption><\/figure>    <h2 class=\"wp-block-heading\"><strong>Princ\u00edpio de funcionamento do descascador de milho doce<\/strong><\/h2>    <p class=\"translation-block\">A m\u00e1quina fresca de descascar milho remove a casca externa e a seda das espigas de milho <strong>por meio de uma combina\u00e7\u00e3o de fun\u00e7\u00f5es de fric\u00e7\u00e3o e de remo\u00e7\u00e3o<\/strong>. Durante a opera\u00e7\u00e3o, as espigas s\u00e3o introduzidas na se\u00e7\u00e3o de descascamento pelo sistema de transporte uma a uma, onde rolos girat\u00f3rios ou dispositivos de descascamento especializados <strong>aplicam press\u00e3o e fric\u00e7\u00e3o para retirar a casca<\/strong> camada por camada.<\/p>    <p class=\"translation-block\">Ao mesmo tempo, existem alguns componentes auxiliares, como <strong>escovas ou sopradores, que ajudam a remover eficazmente os cabelos de milho<\/strong>. Equipado com um mecanismo de corte que <strong>aparar a base e a ponta da espiga<\/strong>, garantindo um comprimento uniforme e uma apar\u00eancia limpa e suave sem casca e <a href=\"https:\/\/en.wikipedia.org\/wiki\/Corn_silk\" target=\"_blank\" rel=\"noopener\">cabelos de milho<\/a>.<\/p>    <figure class=\"wp-block-gallery has-nested-images columns-default is-cropped wp-block-gallery-2 is-layout-flex wp-block-gallery-is-layout-flex\"> <figure class=\"wp-block-image size-large\"><img loading=\"lazy\" decoding=\"async\" width=\"720\" height=\"540\" data-id=\"889\" src=\"https:\/\/corn-machine.com\/wp-content\/uploads\/2025\/08\/automatic-conveyor-belt.webp\" alt=\"correia transportadora autom\u00e1tica de descascador el\u00e9trico de milho\" class=\"wp-image-889\" title=\"\" srcset=\"https:\/\/corn-machine.com\/wp-content\/uploads\/2025\/08\/automatic-conveyor-belt.webp 720w, https:\/\/corn-machine.com\/wp-content\/uploads\/2025\/08\/automatic-conveyor-belt-300x225.webp 300w, https:\/\/corn-machine.com\/wp-content\/uploads\/2025\/08\/automatic-conveyor-belt-16x12.webp 16w\" sizes=\"auto, (max-width: 720px) 100vw, 720px\" \/><figcaption class=\"wp-element-caption\">correia transportadora autom\u00e1tica<\/figcaption><\/figure>    <figure class=\"wp-block-image size-large\"><img loading=\"lazy\" decoding=\"async\" width=\"720\" height=\"540\" data-id=\"887\" src=\"https:\/\/corn-machine.com\/wp-content\/uploads\/2025\/08\/pneumatic-device-for-shelling-and-ear-removal.webp\" alt=\"dispositivo pneum\u00e1tico para debulhar e remover espigas\" class=\"wp-image-887\" title=\"\" srcset=\"https:\/\/corn-machine.com\/wp-content\/uploads\/2025\/08\/pneumatic-device-for-shelling-and-ear-removal.webp 720w, https:\/\/corn-machine.com\/wp-content\/uploads\/2025\/08\/pneumatic-device-for-shelling-and-ear-removal-300x225.webp 300w, https:\/\/corn-machine.com\/wp-content\/uploads\/2025\/08\/pneumatic-device-for-shelling-and-ear-removal-16x12.webp 16w\" sizes=\"auto, (max-width: 720px) 100vw, 720px\" \/><figcaption class=\"wp-element-caption\">dispositivo pneum\u00e1tico para debulhar e remover espigas<\/figcaption><\/figure> <\/figure>    <h2 class=\"wp-block-heading\"><strong>Aplica\u00e7\u00e3o deste tipo de m\u00e1quina de debulhar milho<\/strong><\/h2>    <p>Como primeiro passo no processamento de alimentos de milho, o descascador de milho \u00e9 um equipamento chave para garantir a qualidade do produto. Ajuda a obter espigas de milho limpas e uniformes que est\u00e3o prontas para processamento posterior ou consumo direto. Portanto, \u00e9 adequado para linhas de produ\u00e7\u00e3o de congelamento r\u00e1pido, produ\u00e7\u00e3o de milho doce embalado a v\u00e1cuo, processamento p\u00f3s-colheita para reduzir a m\u00e3o de obra e aumentar o valor do produto, e outras ind\u00fastrias de processamento de alimentos ou grandes quintas.<\/p>    <figure class=\"wp-block-gallery has-nested-images columns-default is-cropped wp-block-gallery-3 is-layout-flex wp-block-gallery-is-layout-flex\"> <figure class=\"wp-block-image size-large\"><img loading=\"lazy\" decoding=\"async\" width=\"720\" height=\"540\" data-id=\"886\" src=\"https:\/\/corn-machine.com\/wp-content\/uploads\/2025\/08\/husked-and-de-eared-corn.webp\" alt=\"milho descascado e sem espiga por descascador el\u00e9trico de milho\" class=\"wp-image-886\" title=\"\" srcset=\"https:\/\/corn-machine.com\/wp-content\/uploads\/2025\/08\/husked-and-de-eared-corn.webp 720w, https:\/\/corn-machine.com\/wp-content\/uploads\/2025\/08\/husked-and-de-eared-corn-300x225.webp 300w, https:\/\/corn-machine.com\/wp-content\/uploads\/2025\/08\/husked-and-de-eared-corn-16x12.webp 16w\" sizes=\"auto, (max-width: 720px) 100vw, 720px\" \/><figcaption class=\"wp-element-caption\">milho descascado e sem espiga<\/figcaption><\/figure>    <figure class=\"wp-block-image size-large\"><img loading=\"lazy\" decoding=\"async\" width=\"720\" height=\"540\" data-id=\"893\" src=\"https:\/\/corn-machine.com\/wp-content\/uploads\/2025\/08\/vacuum-packed-corn.webp\" alt=\"milho embalado a v\u00e1cuo\" class=\"wp-image-893\" title=\"\" srcset=\"https:\/\/corn-machine.com\/wp-content\/uploads\/2025\/08\/vacuum-packed-corn.webp 720w, https:\/\/corn-machine.com\/wp-content\/uploads\/2025\/08\/vacuum-packed-corn-300x225.webp 300w, https:\/\/corn-machine.com\/wp-content\/uploads\/2025\/08\/vacuum-packed-corn-16x12.webp 16w\" sizes=\"auto, (max-width: 720px) 100vw, 720px\" \/><figcaption class=\"wp-element-caption\">milho embalado a v\u00e1cuo<\/figcaption><\/figure> <\/figure>    <h2 class=\"wp-block-heading\"><strong>Porqu\u00ea escolher a m\u00e1quina de debulhar milho Taizy?<\/strong><\/h2>    <ol class=\"wp-block-list\"> <li>A Taizy fabrica descascadores de milho nas nossas pr\u00f3prias instala\u00e7\u00f5es, o que garante um controlo de qualidade est\u00e1vel, capacidade de fornecimento fi\u00e1vel e pre\u00e7os competitivos sem depender de intermedi\u00e1rios.<\/li>    <li>Fornecemos manuais de opera\u00e7\u00e3o claros, v\u00eddeos de treinamento e suporte t\u00e9cnico online. Para clientes no estrangeiro, pe\u00e7as sobressalentes e orienta\u00e7\u00e3o remota est\u00e3o dispon\u00edveis para ajudar a manter a m\u00e1quina a funcionar sem problemas e a resolver quaisquer problemas que encontrar.<\/li>    <li>Com anos de experi\u00eancia na fabrica\u00e7\u00e3o e exporta\u00e7\u00e3o de m\u00e1quinas agr\u00edcolas, a Taizy estabeleceu uma reputa\u00e7\u00e3o de m\u00e1quinas pr\u00e1ticas e orientadas para o utilizador. Focamo-nos na durabilidade, facilidade de opera\u00e7\u00e3o e praticidade para atender \u00e0s diversas necessidades de produtores de todos os tamanhos.<\/li>    <li>Muitos clientes da \u00c1sia, Europa e Am\u00e9rica afirmaram que as debulhadoras de milho Taizy os ajudaram a poupar m\u00e3o de obra, reduzir os custos de processamento e alcan\u00e7ar rendimentos est\u00e1veis. O seu feedback motiva-nos a melhorar continuamente o nosso design e servi\u00e7o.<\/li> <\/ol>    <p>A Taizy tamb\u00e9m fornece outros equipamentos para serem usados no processamento de milho fresco\uff1a<\/p>    <ul class=\"wp-block-list\"> <li><a href=\"https:\/\/corn-machine.com\/pt\/product\/fresh-corn-sheller-machine\/\">M\u00e1quina de descascador de milho doce<\/a>: Pode descascar gr\u00e3os da espiga de milho aplicando-a a latas de milho ou a uma linha de produ\u00e7\u00e3o de gr\u00e3os congelados.<\/li>    <li><a href=\"https:\/\/corn-machine.com\/pt\/product\/sweet-corn-cutting-machine-food-process\/\">M\u00e1quina fresca de cortar milho<\/a>: Isto \u00e9 utilizado para cortar o milho em peda\u00e7os para as pr\u00f3ximas etapas de processamento.<\/li> <\/ul>    <p>Se quiser saber mais informa\u00e7\u00f5es, clique no site ou contacte-me para perguntar sobre as suas necessidades.<\/p>    <p>Quer saber mais sobre o pre\u00e7o e detalhes? N\u00e3o hesite em contactar-me!<\/p>","protected":false},"excerpt":{"rendered":"<p>O descascador de milho Taizy pode descascar milho fresco com um comprimento de 110\u2013280 mm e um di\u00e2metro de 40\u201380 mm. Com uma capacidade de 10000-12000 espigas\/h, melhora a efici\u00eancia da linha de produ\u00e7\u00e3o de processamento de alimentos.<\/p>","protected":false},"author":1,"featured_media":883,"parent":0,"template":"","tags":[31,51,48],"product-type":[49],"class_list":["post-882","product","type-product","status-publish","has-post-thumbnail","hentry","tag-corn","tag-fresh-corn","tag-sweet-corn","product-type-corn-cutter-machine"],"_links":{"self":[{"href":"https:\/\/corn-machine.com\/pt\/wp-json\/wp\/v2\/product\/882","targetHints":{"allow":["GET"]}}],"collection":[{"href":"https:\/\/corn-machine.com\/pt\/wp-json\/wp\/v2\/product"}],"about":[{"href":"https:\/\/corn-machine.com\/pt\/wp-json\/wp\/v2\/types\/product"}],"author":[{"embeddable":true,"href":"https:\/\/corn-machine.com\/pt\/wp-json\/wp\/v2\/users\/1"}],"wp:featuredmedia":[{"embeddable":true,"href":"https:\/\/corn-machine.com\/pt\/wp-json\/wp\/v2\/media\/883"}],"wp:attachment":[{"href":"https:\/\/corn-machine.com\/pt\/wp-json\/wp\/v2\/media?parent=882"}],"wp:term":[{"taxonomy":"post_tag","embeddable":true,"href":"https:\/\/corn-machine.com\/pt\/wp-json\/wp\/v2\/tags?post=882"},{"taxonomy":"product-type","embeddable":true,"href":"https:\/\/corn-machine.com\/pt\/wp-json\/wp\/v2\/product-type?post=882"}],"curies":[{"name":"wp","href":"https:\/\/api.w.org\/{rel}","templated":true}]}}