{"id":956,"date":"2025-09-19T17:05:10","date_gmt":"2025-09-19T09:05:10","guid":{"rendered":"https:\/\/corn-machine.com\/?post_type=product&#038;p=956"},"modified":"2025-09-19T17:05:10","modified_gmt":"2025-09-19T09:05:10","slug":"corn-vacuum-packaging-machine","status":"publish","type":"product","link":"https:\/\/corn-machine.com\/pt\/product\/corn-vacuum-packaging-machine\/","title":{"rendered":"M\u00e1quina de Embalagem a V\u00e1cuo de Milho"},"content":{"rendered":"<p class=\"translation-block\">A <strong>m\u00e1quina de embalar milho a v\u00e1cuo<\/strong> \u00e9 pr\u00e1tica para embalar alimentos frescos, como milho doce, cenouras, arroz e outros alimentos. Pode efetivamente prolongar a vida \u00fatil dos alimentos e manter o seu sabor e cor. Utiliza SUS304 como material principal, o que torna este selador a v\u00e1cuo de c\u00e2mara de milho mais popular em f\u00e1bricas de processamento de alimentos.<\/p>    <p>In addition, this sweet corn sealing machine is small and easy to move, suitable for small food processing plants. That&#8217;s why it has shipped to Vietnam, South Korea, Japan, the Netherlands, and Kenya with consistently positive customer feedback.<\/p>    <h2 class=\"wp-block-heading\"><strong>Vantagens da m\u00e1quina de embalar milho fresco Taizy<\/strong><\/h2>    <ul class=\"wp-block-list\"> <li>Esta m\u00e1quina de selagem a v\u00e1cuo de c\u00e2mara tem amplas aplica\u00e7\u00f5es. N\u00e3o \u00e9 apenas ideal para milho fresco, mas tamb\u00e9m amplamente utilizada para embalar legumes frescos, frutas, gr\u00e3os, carne, bem como alimentos prontos para comer.<\/li>    <li>A m\u00e1quina de embalar milho a v\u00e1cuo tem melhor preserva\u00e7\u00e3o. Em compara\u00e7\u00e3o com m\u00e1quinas de embalagem comuns, oferece reten\u00e7\u00e3o de frescura superior, prolongando efetivamente a vida \u00fatil dos produtos e mantendo o sabor, a textura e a nutri\u00e7\u00e3o originais.<\/li>    <li>It is equipped with durable 304 stainless steel. The fresh corn sealing machine&#8217;s body is made of food-grade 304 stainless steel, ensuring hygiene, corrosion resistance, and long service life, even under intensive use in food processing environments.<\/li>    <li>Al\u00e9m disso, nosso selador de c\u00e2mara comercial possui uma janela de observa\u00e7\u00e3o transparente: equipado com uma cobertura de vidro org\u00e2nico, permite aos operadores monitorizar o processo de embalagem em tempo real para melhor controlo e seguran\u00e7a.<\/li> <\/ul>   <div class=\"wp-block-image\"> <figure class=\"aligncenter size-full\"><img loading=\"lazy\" decoding=\"async\" width=\"720\" height=\"540\" src=\"https:\/\/corn-machine.com\/wp-content\/uploads\/2025\/09\/fresh-corn-vacuum-sealer-machine.webp\" alt=\"m\u00e1quina seladora de milho fresco a v\u00e1cuo\" class=\"wp-image-960\" title=\"\" srcset=\"https:\/\/corn-machine.com\/wp-content\/uploads\/2025\/09\/fresh-corn-vacuum-sealer-machine.webp 720w, https:\/\/corn-machine.com\/wp-content\/uploads\/2025\/09\/fresh-corn-vacuum-sealer-machine-300x225.webp 300w, https:\/\/corn-machine.com\/wp-content\/uploads\/2025\/09\/fresh-corn-vacuum-sealer-machine-16x12.webp 16w\" sizes=\"auto, (max-width: 720px) 100vw, 720px\" \/><figcaption class=\"wp-element-caption\">m\u00e1quina seladora de milho fresco a v\u00e1cuo<\/figcaption><\/figure> <\/div>   <h2 class=\"wp-block-heading\"><strong>Princ\u00edpios de funcionamento do selador a v\u00e1cuo da c\u00e2mara de milho<\/strong><\/h2>    <p>O processo envolve cinco etapas principais: carregamento \u2192 configura\u00e7\u00e3o da embalagem \u2192 v\u00e1cuo \u2192 aquecimento e veda\u00e7\u00e3o \u2192 refrigera\u00e7\u00e3o.<\/p>    <h3 class=\"wp-block-heading\"><strong>1. Carregamento do produto<\/strong><\/h3>    <p>Coloque milho fresco (milho doce, milho v\u00edtreo ou milho cozido na espiga) num saco de v\u00e1cuo especialmente fabricado. Verifique e assegure-se de que n\u00e3o haja rasgos no saco.<\/p>    <h3 class=\"wp-block-heading\"><strong>2. Configura\u00e7\u00e3o da embalagem<\/strong><\/h3>    <p>Coloque a abertura do saco corretamente sobre a tira de veda\u00e7\u00e3o e, em seguida, feche a c\u00e2mara de v\u00e1cuo para criar um ambiente selado.<\/p>    <h3 class=\"wp-block-heading\"><strong>3. V\u00e1cuo<\/strong><\/h3>    <p>A pequena m\u00e1quina de embalar milho a v\u00e1cuo ativa a bomba de v\u00e1cuo, extraindo simultaneamente o ar do saco de v\u00e1cuo e da c\u00e2mara. Este processo remove o oxig\u00eanio, reduzindo o crescimento microbiano e a oxida\u00e7\u00e3o.<\/p>    <h3 class=\"wp-block-heading\"><strong>4. Veda\u00e7\u00e3o do pacote<\/strong><\/h3>    <p>Assim que o n\u00edvel de v\u00e1cuo desejado for alcan\u00e7ado, a m\u00e1quina liga o elemento de aquecimento para vedar o saco. Este passo garante que o saco permane\u00e7a vedado.<\/p>    <h3 class=\"wp-block-heading\"><strong>5. Refrigera\u00e7\u00e3o<\/strong><\/h3>    <p>Um breve per\u00edodo de arrefecimento fortalecer\u00e1 a veda\u00e7\u00e3o. A c\u00e2mara de v\u00e1cuo retorna ent\u00e3o \u00e0 press\u00e3o atmosf\u00e9rica, e a tampa abre automaticamente.<\/p>   <div class=\"wp-block-image\"> <figure class=\"aligncenter size-full\"><img loading=\"lazy\" decoding=\"async\" width=\"720\" height=\"540\" src=\"https:\/\/corn-machine.com\/wp-content\/uploads\/2025\/09\/products-after-vacuuming.webp\" alt=\"produtos ap\u00f3s o v\u00e1cuo\" class=\"wp-image-961\" title=\"\" srcset=\"https:\/\/corn-machine.com\/wp-content\/uploads\/2025\/09\/products-after-vacuuming.webp 720w, https:\/\/corn-machine.com\/wp-content\/uploads\/2025\/09\/products-after-vacuuming-300x225.webp 300w, https:\/\/corn-machine.com\/wp-content\/uploads\/2025\/09\/products-after-vacuuming-16x12.webp 16w\" sizes=\"auto, (max-width: 720px) 100vw, 720px\" \/><figcaption class=\"wp-element-caption\">produtos ap\u00f3s o v\u00e1cuo<\/figcaption><\/figure> <\/div>   <p>Todos os processos s\u00e3o f\u00e1ceis de operar. Milho selado preserva melhor o sabor, a textura e os nutrientes, e reduz o risco de deteriora\u00e7\u00e3o durante o armazenamento e transporte.<\/p>    <h2 class=\"wp-block-heading\"><strong>Par\u00e2metros da m\u00e1quina de embalar milho doce<\/strong><\/h2>    <figure class=\"wp-block-table\"><table class=\"has-fixed-layout\"><tbody><tr><td>Modelo<\/td><td>TZ-500<\/td><\/tr><tr><td>Tens\u00e3o<\/td><td>220v\/50hz<\/td><\/tr><tr><td>Pot\u00eancia da bomba de v\u00e1cuo<\/td><td>0.9kw<\/td><\/tr><tr><td>Pot\u00eancia de veda\u00e7\u00e3o<\/td><td>0.6kw<\/td><\/tr><tr><td>Press\u00e3o absoluta<\/td><td>0.1pa<\/td><\/tr><tr><td>N\u00famero de tiras de veda\u00e7\u00e3o<\/td><td>2<\/td><\/tr><tr><td>Tamanho da tira de veda\u00e7\u00e3o (L*W)<\/td><td>500mm*10mm<\/td><\/tr><tr><td>Material da c\u00e2mara de v\u00e1cuo<\/td><td>a\u00e7o inoxid\u00e1vel 304<\/td><\/tr><tr><td>Material da tampa de v\u00e1cuo<\/td><td>Plexiglas<\/td><\/tr><tr><td>Bomba de v\u00e1cuo<\/td><td>20m\u00b3\/h<\/td><\/tr><tr><td>Tamanho da c\u00e2mara de v\u00e1cuo (L*W*H)<\/td><td>525mm*520mm*130mm<\/td><\/tr><tr><td>Tamanho da m\u00e1quina (L*W*H)<\/td><td>650mm*580mm*960mm<\/td><\/tr><tr><td>Peso da m\u00e1quina<\/td><td>80kg<\/td><\/tr><\/tbody><\/table><figcaption class=\"wp-element-caption\">Par\u00e2metros da m\u00e1quina de embalar milho a v\u00e1cuo<\/figcaption><\/figure>   <div class=\"wp-block-image\"> <figure class=\"aligncenter size-full\"><img loading=\"lazy\" decoding=\"async\" width=\"720\" height=\"540\" src=\"https:\/\/corn-machine.com\/wp-content\/uploads\/2025\/09\/maize-vacuum-packaging-machine.webp\" alt=\"maquina de embalar milho a v\u00e1cuo\" class=\"wp-image-962\" title=\"\" srcset=\"https:\/\/corn-machine.com\/wp-content\/uploads\/2025\/09\/maize-vacuum-packaging-machine.webp 720w, https:\/\/corn-machine.com\/wp-content\/uploads\/2025\/09\/maize-vacuum-packaging-machine-300x225.webp 300w, https:\/\/corn-machine.com\/wp-content\/uploads\/2025\/09\/maize-vacuum-packaging-machine-16x12.webp 16w\" sizes=\"auto, (max-width: 720px) 100vw, 720px\" \/><figcaption class=\"wp-element-caption\">maquina de embalar milho a v\u00e1cuo<\/figcaption><\/figure> <\/div>   <h2 class=\"wp-block-heading\"><strong>Aplica\u00e7\u00f5es da m\u00e1quina de selagem a v\u00e1cuo do milho<\/strong><\/h2>    <p class=\"translation-block\">Para al\u00e9m de selar milho fresco, este tipo de m\u00e1quina de embalagem a v\u00e1cuo tamb\u00e9m \u00e9 frequentemente utilizado para embalar legumes (batatas-doces, peda\u00e7os de ab\u00f3bora), frutas (abacaxis, bananas desidratadas), culturas de gr\u00e3os (amendoins, castanhas) e outros produtos agr\u00edcolas (goji, <a href=\"https:\/\/en.wikipedia.org\/wiki\/Jujube\" target=\"_blank\" rel=\"noopener\">t\u00e2maras vermelhas<\/a>), etc.<\/p>    <p>Os produtos selados costumam ser vendidos a supermercados, lojas de conveni\u00eancia ou exportados para outros pa\u00edses. Por isso, a maioria das f\u00e1bricas de processamento de produtos agr\u00edcolas, cozinhas de delicatessen, empresas de carne\/peixe e cooperativas de frutas e legumes ir\u00e3o adquirir as nossas m\u00e1quinas de embalar milho a v\u00e1cuo para processamento e embalagem.<\/p>   <div class=\"wp-block-image\"> <figure class=\"aligncenter size-large\"><img loading=\"lazy\" decoding=\"async\" width=\"720\" height=\"540\" src=\"https:\/\/corn-machine.com\/wp-content\/uploads\/2025\/09\/application-of-food-vacuum-packaging-machine.webp\" alt=\"aplica\u00e7\u00f5es da m\u00e1quina de embalar alimentos a v\u00e1cuo\" class=\"wp-image-966\" title=\"\" srcset=\"https:\/\/corn-machine.com\/wp-content\/uploads\/2025\/09\/application-of-food-vacuum-packaging-machine.webp 720w, https:\/\/corn-machine.com\/wp-content\/uploads\/2025\/09\/application-of-food-vacuum-packaging-machine-300x225.webp 300w, https:\/\/corn-machine.com\/wp-content\/uploads\/2025\/09\/application-of-food-vacuum-packaging-machine-16x12.webp 16w\" sizes=\"auto, (max-width: 720px) 100vw, 720px\" \/><figcaption class=\"wp-element-caption\">aplica\u00e7\u00f5es da m\u00e1quina de embalar alimentos a v\u00e1cuo<\/figcaption><\/figure> <\/div>   <h2 class=\"wp-block-heading\"><strong>Porqu\u00ea escolher a m\u00e1quina de embalar milho a v\u00e1cuo Taizy?<\/strong><\/h2>    <ul class=\"wp-block-list\"> <li>A Taizy \u00e9 um fabricante profissional de maquinaria, com mais de 40 anos de experi\u00eancia na fabrica\u00e7\u00e3o e mais de 10 anos de experi\u00eancia em exporta\u00e7\u00e3o.<\/li>    <li>Somos uma f\u00e1brica de produ\u00e7\u00e3o e venda integrada sem intermedi\u00e1rios, oferecendo os pre\u00e7os mais favor\u00e1veis com base na garantia da qualidade da m\u00e1quina.<\/li>    <li>As nossas m\u00e1quinas de embalar milho a v\u00e1cuo s\u00e3o fabricadas com alta qualidade, dur\u00e1veis, e fabricadas de acordo com padr\u00f5es internacionais de fabrico. Todas as nossas m\u00e1quinas s\u00e3o certificadas CE, ganhando a confian\u00e7a de clientes em todo o mundo.<\/li>    <li>Ao mesmo tempo, temos um servi\u00e7o p\u00f3s-venda perfeito e maduro, fornecendo v\u00eddeos de instala\u00e7\u00e3o e manuais de instru\u00e7\u00f5es. Existem tamb\u00e9m t\u00e9cnicos de p\u00f3s-venda que lhe oferecer\u00e3o um servi\u00e7o personalizado um-a-um.<\/li> <\/ul>    <p>Se tiver algum problema, contacte-me. Vou mostrar-lhe uma quota gratuita e qualquer outra informa\u00e7\u00e3o que deseje.<\/p>    <p>Al\u00e9m disso, tamb\u00e9m fornecemos outras m\u00e1quinas para processamento de milho fresco:<\/p>    <ul class=\"wp-block-list\"> <li><a href=\"https:\/\/corn-machine.com\/pt\/product\/fresh-corn-sheller-machine\/\">M\u00e1quina de descascador de milho doce<\/a><\/li>    <li><a href=\"https:\/\/corn-machine.com\/pt\/product\/corn-husk-remover-for-food-processing\/\">Remover casca de milho<\/a><\/li>    <li><a href=\"https:\/\/corn-machine.com\/pt\/product\/sweet-corn-cutting-machine-food-process\/\">M\u00e1quina de cortar milho doce<\/a><\/li> <\/ul>    <p>Clique na m\u00e1quina de seu interesse para obter mais detalhes!<\/p>","protected":false},"excerpt":{"rendered":"<p>Esta m\u00e1quina de embalar a v\u00e1cuo de milho em a\u00e7o inoxid\u00e1vel 304 pode resolver o problema de armazenamento de milho fresco, milho doce e milho ceroso, garantindo eficazmente a preserva\u00e7\u00e3o prolongada de alimentos frescos e mantendo o seu melhor sabor e cor.<\/p>","protected":false},"author":1,"featured_media":967,"parent":0,"template":"","tags":[31,51,48],"product-type":[52],"class_list":["post-956","product","type-product","status-publish","has-post-thumbnail","hentry","tag-corn","tag-fresh-corn","tag-sweet-corn","product-type-corn-packaging-machine"],"_links":{"self":[{"href":"https:\/\/corn-machine.com\/pt\/wp-json\/wp\/v2\/product\/956","targetHints":{"allow":["GET"]}}],"collection":[{"href":"https:\/\/corn-machine.com\/pt\/wp-json\/wp\/v2\/product"}],"about":[{"href":"https:\/\/corn-machine.com\/pt\/wp-json\/wp\/v2\/types\/product"}],"author":[{"embeddable":true,"href":"https:\/\/corn-machine.com\/pt\/wp-json\/wp\/v2\/users\/1"}],"wp:featuredmedia":[{"embeddable":true,"href":"https:\/\/corn-machine.com\/pt\/wp-json\/wp\/v2\/media\/967"}],"wp:attachment":[{"href":"https:\/\/corn-machine.com\/pt\/wp-json\/wp\/v2\/media?parent=956"}],"wp:term":[{"taxonomy":"post_tag","embeddable":true,"href":"https:\/\/corn-machine.com\/pt\/wp-json\/wp\/v2\/tags?post=956"},{"taxonomy":"product-type","embeddable":true,"href":"https:\/\/corn-machine.com\/pt\/wp-json\/wp\/v2\/product-type?post=956"}],"curies":[{"name":"wp","href":"https:\/\/api.w.org\/{rel}","templated":true}]}}