{"id":974,"date":"2025-09-28T15:17:58","date_gmt":"2025-09-28T07:17:58","guid":{"rendered":"https:\/\/corn-machine.com\/?post_type=product&#038;p=974"},"modified":"2025-09-28T17:50:19","modified_gmt":"2025-09-28T09:50:19","slug":"corn-tip-and-tail-cutting-machine","status":"publish","type":"product","link":"https:\/\/corn-machine.com\/pt\/product\/corn-tip-and-tail-cutting-machine\/","title":{"rendered":"M\u00e1quina de Corte de Ponta e Cauda de Milho"},"content":{"rendered":"<p class=\"translation-block\">A <strong>m\u00e1quina de corte de ponta e cauda do milho<\/strong> \u00e9 concebida para pr\u00e9-tratamento do processamento de milho. Esta m\u00e1quina autom\u00e1tica pode cortar eficientemente a cabe\u00e7a e a cauda de milho fresco, milho doce, milho waxy, etc. Al\u00e9m disso, pode processar milho com casca ou sem casca a uma taxa de 3000-6000 por hora.<\/p>    <p>Pode ajudar as plantas de processamento de alimentos de milho a aumentar significativamente a efici\u00eancia de produ\u00e7\u00e3o. Muitas cooperativas rurais tamb\u00e9m est\u00e3o dispostas a comprar, em conjunto, um pr\u00e9-processamento semelhante. Ao mesmo tempo, as m\u00e1quinas s\u00e3o amplamente exportadas para Vietname, Nig\u00e9ria, \u00cdndia e outros pa\u00edses.<\/p>    <figure class=\"wp-block-embed is-type-video is-provider-youtube wp-block-embed-youtube wp-embed-aspect-16-9 wp-has-aspect-ratio\"><div class=\"wp-block-embed__wrapper\"> <iframe loading=\"lazy\" title=\"M\u00e1quina autom\u00e1tica de cabe\u00e7a e cauda de milho | Solu\u00e7\u00e3o eficiente de pr\u00e9-processamento de milho\" width=\"500\" height=\"281\" src=\"https:\/\/www.youtube.com\/embed\/GsZ9PzakF6M?feature=oembed\" frameborder=\"0\" allow=\"accelerometer; autoplay; clipboard-write; encrypted-media; gyroscope; picture-in-picture; web-share\" referrerpolicy=\"strict-origin-when-cross-origin\" allowfullscreen><\/iframe> <\/div><figcaption class=\"wp-element-caption\">v\u00eddeo de trabalho da m\u00e1quina de corte de ponta e cauda de milho<\/figcaption><\/figure>    <h2 class=\"wp-block-heading\"><strong>Vantagens do removedor de cabe\u00e7a e cauda de milho<\/strong><\/h2>    <ol class=\"wp-block-list\"> <li>Comparada com o corte manual do milho ou uma m\u00e1quina semi-autom\u00e1tica de remo\u00e7\u00e3o de cabe\u00e7a e cauda, o nosso equipamento reduz custos de m\u00e3o de obra e poupa pelo menos o dobro do tempo.<\/li>    <li>A m\u00e1quina de cortar o topo e a ponta do milho da Taizy ocupa uma pequena \u00e1rea, mas tem alta efici\u00eancia, podendo processar at\u00e9 6.000 gr\u00e3os por hora.<\/li>    <li>As l\u00e2minas da m\u00e1quina de corte de ponta e cauda do milho podem ser trocadas para ajustar o comprimento da espiga, o que \u00e9 crucial para processamento e embalagem em grande escala.<\/li>    <li>Nossa m\u00e1quina de corte de pontas usa a\u00e7o inoxid\u00edvel SUS304 como material principal, garantindo efetivamente a vida \u00fatil da m\u00e1quina e cumprindo normas internacionais de seguran\u00e7a alimentar.<\/li> <\/ol>   <div class=\"wp-block-image\"> <figure class=\"aligncenter size-full\"><img loading=\"lazy\" decoding=\"async\" width=\"720\" height=\"540\" src=\"https:\/\/corn-machine.com\/wp-content\/uploads\/2025\/09\/maize-tip-and-tail-cutting-machine.webp\" alt=\"maize tip and tail cutting machine\" class=\"wp-image-976\" title=\"\" srcset=\"https:\/\/corn-machine.com\/wp-content\/uploads\/2025\/09\/maize-tip-and-tail-cutting-machine.webp 720w, https:\/\/corn-machine.com\/wp-content\/uploads\/2025\/09\/maize-tip-and-tail-cutting-machine-300x225.webp 300w, https:\/\/corn-machine.com\/wp-content\/uploads\/2025\/09\/maize-tip-and-tail-cutting-machine-16x12.webp 16w\" sizes=\"auto, (max-width: 720px) 100vw, 720px\" \/><figcaption class=\"wp-element-caption\">maize tip and tail cutting machine<\/figcaption><\/figure> <\/div>   <h2 class=\"wp-block-heading\"><strong>Modelos e par\u00e2metros da m\u00e1quina de corte de ponta final do milho doce<\/strong><\/h2>    <p>Oferecemos dois tipos de m\u00e1quinas de corte de ponta e cauda de milho para atender a diferentes necessidades de capacidade. S\u00e3o os tipos de uma fila de removers de cabe\u00e7a e cauda de milho e as m\u00e1quinas de corte de cabe\u00e7a e cauda de milho waxy de duas filas.<\/p>    <h3 class=\"wp-block-heading\"><strong>Cabe\u00e7alho de milho rec\u00e9m-colhido de uma \u00fanica fila com removor de ponta e cauda<\/strong><\/h3>    <figure class=\"wp-block-table\"><table class=\"has-fixed-layout\"><tbody><tr><td>Modelo<\/td><td class=\"has-text-align-center\" data-align=\"center\">Tipo de uma fila<\/td><\/tr><tr><td>Pot\u00eancia de corte<\/td><td class=\"has-text-align-center\" data-align=\"center\">1.5KW<\/td><\/tr><tr><td>Pot\u00eancia de Transmiss\u00e3o<\/td><td class=\"has-text-align-center\" data-align=\"center\">0.75KW (transmiss\u00e3o por frequ\u00eancia)<\/td><\/tr><tr><td>Material<\/td><td class=\"has-text-align-center\" data-align=\"center\">A\u00e7o inoxid\u00e1vel <\/td><\/tr><tr><td>Capacidade<\/td><td class=\"has-text-align-center\" data-align=\"center\">3000 gr\u00e3os\/h<\/td><\/tr><tr><td>Tamanho<\/td><td class=\"has-text-align-center\" data-align=\"center\">3000mm*800mm*1500mm<\/td><\/tr><\/tbody><\/table><figcaption class=\"wp-element-caption\">especifica\u00e7\u00e3o do removedor de cabe\u00e7a e cauda do milho fresco de uma fila<\/figcaption><\/figure>   <div class=\"wp-block-image\"> <figure class=\"aligncenter size-full\"><img loading=\"lazy\" decoding=\"async\" width=\"720\" height=\"540\" src=\"https:\/\/corn-machine.com\/wp-content\/uploads\/2025\/09\/single-row-fresh-corn-head-and-tail-remover.webp\" alt=\"remover cabe\u00e7a e cauda de milho fresco de uma fila\" class=\"wp-image-977\" title=\"\" srcset=\"https:\/\/corn-machine.com\/wp-content\/uploads\/2025\/09\/single-row-fresh-corn-head-and-tail-remover.webp 720w, https:\/\/corn-machine.com\/wp-content\/uploads\/2025\/09\/single-row-fresh-corn-head-and-tail-remover-300x225.webp 300w, https:\/\/corn-machine.com\/wp-content\/uploads\/2025\/09\/single-row-fresh-corn-head-and-tail-remover-16x12.webp 16w\" sizes=\"auto, (max-width: 720px) 100vw, 720px\" \/><figcaption class=\"wp-element-caption\">remover cabe\u00e7a e cauda de milho fresco de uma fila<\/figcaption><\/figure> <\/div>   <h3 class=\"wp-block-heading\"><strong>M\u00e1quina de ponta e cauda de milho waxy de duas filas<\/strong><\/h3>    <figure class=\"wp-block-table\"><table class=\"has-fixed-layout\"><tbody><tr><td>Modelo<\/td><td class=\"has-text-align-center\" data-align=\"center\">Tipo de duas filas<\/td><\/tr><tr><td>Pot\u00eancia de corte<\/td><td class=\"has-text-align-center\" data-align=\"center\">1.5KW<\/td><\/tr><tr><td>Pot\u00eancia de Transmiss\u00e3o<\/td><td class=\"has-text-align-center\" data-align=\"center\">1.5KW (transmiss\u00e3o por frequ\u00eancia)<\/td><\/tr><tr><td>Material<\/td><td class=\"has-text-align-center\" data-align=\"center\">A\u00e7o inoxid\u00e1vel <\/td><\/tr><tr><td>Capacidade<\/td><td class=\"has-text-align-center\" data-align=\"center\">6000gr\u00e3os\/h<\/td><\/tr><tr><td>Tamanho<\/td><td class=\"has-text-align-center\" data-align=\"center\">7000mm*1700mm*1900mm<\/td><\/tr><\/tbody><\/table><figcaption class=\"wp-element-caption\">par\u00e2metros da m\u00e1quina de corte de cabe\u00e7a e cauda de duas filas de milho<\/figcaption><\/figure>   <div class=\"wp-block-image\"> <figure class=\"aligncenter size-full\"><img loading=\"lazy\" decoding=\"async\" width=\"720\" height=\"540\" src=\"https:\/\/corn-machine.com\/wp-content\/uploads\/2025\/09\/double-row-maize-head-and-tail-cutting-machine.webp\" alt=\"m\u00e1quina de corte de cabe\u00e7a e cauda de milho de duas filas\" class=\"wp-image-978\" title=\"\" srcset=\"https:\/\/corn-machine.com\/wp-content\/uploads\/2025\/09\/double-row-maize-head-and-tail-cutting-machine.webp 720w, https:\/\/corn-machine.com\/wp-content\/uploads\/2025\/09\/double-row-maize-head-and-tail-cutting-machine-300x225.webp 300w, https:\/\/corn-machine.com\/wp-content\/uploads\/2025\/09\/double-row-maize-head-and-tail-cutting-machine-16x12.webp 16w\" sizes=\"auto, (max-width: 720px) 100vw, 720px\" \/><figcaption class=\"wp-element-caption\">m\u00e1quina de corte de cabe\u00e7a e cauda de milho de duas filas<\/figcaption><\/figure> <\/div>   <h2 class=\"wp-block-heading\"><strong>Aplica\u00e7\u00e3o da m\u00e1quina de corte de ponta e cauda do milho<\/strong><\/h2>    <p class=\"translation-block\">Normalmente, estes tipos de m\u00e1quinas s\u00e3o adequados para processamento de milho doce, <a href=\"https:\/\/en.wikipedia.org\/wiki\/Waxy_corn\" target=\"_blank\" rel=\"noopener\">milho waxy<\/a>, etc., em f\u00e1bricas de processamento de alimentos frescos ou em processamento de cooperativas rurais. O milho processado pode ser esterilizado diretamente e selado a v\u00e1cuo, ou transformado em milho enlatado, milho congelado e outros produtos.<\/p>    <p>Pode efetivamente realizar pr\u00e9-tratamentos do milho. Para milho com pele, pode-se remover a cabe\u00e7a e a cauda para facilitar a descascagem. Para milho sem pele, pode-se remover a cabe\u00e7a e a cauda para padronizar a qualidade. Este passo facilita o processamento alimentar subsequente do milho.<\/p>    <figure class=\"wp-block-gallery has-nested-images columns-default is-cropped wp-block-gallery-2 is-layout-flex wp-block-gallery-is-layout-flex\"> <figure class=\"wp-block-image size-large\"><img loading=\"lazy\" decoding=\"async\" width=\"720\" height=\"540\" data-id=\"980\" src=\"https:\/\/corn-machine.com\/wp-content\/uploads\/2025\/09\/corn-food-processing-factory.webp\" alt=\"f\u00e1brica de processamento de alimentos de milho\" class=\"wp-image-980\" title=\"\" srcset=\"https:\/\/corn-machine.com\/wp-content\/uploads\/2025\/09\/corn-food-processing-factory.webp 720w, https:\/\/corn-machine.com\/wp-content\/uploads\/2025\/09\/corn-food-processing-factory-300x225.webp 300w, https:\/\/corn-machine.com\/wp-content\/uploads\/2025\/09\/corn-food-processing-factory-16x12.webp 16w\" sizes=\"auto, (max-width: 720px) 100vw, 720px\" \/><figcaption class=\"wp-element-caption\">f\u00e1brica de processamento de alimentos de milho<\/figcaption><\/figure>    <figure class=\"wp-block-image size-large\"><img loading=\"lazy\" decoding=\"async\" width=\"720\" height=\"540\" data-id=\"981\" src=\"https:\/\/corn-machine.com\/wp-content\/uploads\/2025\/09\/vacuum-packed-fresh-corn.webp\" alt=\"milho fresco embalado a v\u00e1cuo\" class=\"wp-image-981\" title=\"\" srcset=\"https:\/\/corn-machine.com\/wp-content\/uploads\/2025\/09\/vacuum-packed-fresh-corn.webp 720w, https:\/\/corn-machine.com\/wp-content\/uploads\/2025\/09\/vacuum-packed-fresh-corn-300x225.webp 300w, https:\/\/corn-machine.com\/wp-content\/uploads\/2025\/09\/vacuum-packed-fresh-corn-16x12.webp 16w\" sizes=\"auto, (max-width: 720px) 100vw, 720px\" \/><figcaption class=\"wp-element-caption\">milho fresco embalado a v\u00e1cuo<\/figcaption><\/figure> <\/figure>    <h2 class=\"wp-block-heading\"><strong>Por que escolher a Taizy?<\/strong><\/h2>    <ul class=\"wp-block-list\"> <li>A Taizy existe h\u00e1 40 anos, portanto tem mais de uma d\u00e9cada de experi\u00eancia na exporta\u00e7\u00e3o de maquinaria de processamento de milho agr\u00edcola.<\/li>    <li>We have a strict QC system, so our machines are built based on international standards. Most of Taizy&#8217;s equipment has CE and other internationally recognized certificates.<\/li>    <li>A Taizy oferece bom suporte p\u00f3s-venda, incluindo assist\u00eancia na instala\u00e7\u00e3o, ajuda t\u00e9cnica\/resolu\u00e7\u00e3o de problemas, fornecimento de pe\u00e7as de reposi\u00e7\u00e3o, etc.<\/li>    <li>A Taizy \u00e9 fabricante e exportadora, por isso costumamos poupar custos em compara\u00e7\u00e3o com a via de terceiros. Al\u00e9m disso, temos a nossa pr\u00f3pria f\u00e1brica, o que significa maior controlo sobre os custos de produ\u00e7\u00e3o e prazos de entrega.<\/li> <\/ul>    <h2 class=\"wp-block-heading\"><strong>Como encomendar esta m\u00e1quina de cabe\u00e7a e final do milho?<\/strong><\/h2>    <p>If you are interested in our machine but don&#8217;t know if it has an affordable price and suitable requirements for you, you can contact us through WhatsApp, phone, or email, and send us a message. We will provide you with the list of products and their price. <\/p>    <p>Depois de confirmar que tem tais inten\u00e7\u00f5es para algumas m\u00e1quinas, o nosso vendedor fornecer\u00e1 uma solu\u00e7\u00e3o com base nas suas necessidades de capacidade de produ\u00e7\u00e3o e nos materiais que pretende processar.<\/p>    <p>\u00c9 exigido um pagamento incompleto antes da produ\u00e7\u00e3o, e o processo de produ\u00e7\u00e3o normalmente leva cerca de 15 dias. Se tivermos stock no nosso armaz\u00e9m e n\u00e3o houver requisitos especiais, podemos preparar o envio mediante a confirma\u00e7\u00e3o do pedido.<\/p>    <p>Fazemos teste \u00e0 m\u00e1quina antes do envio para verificar se est\u00e1 qualificada. Se pretender visitar a f\u00e1brica e testar a m\u00e1quina, tem sempre as portas abertas para nos contactar.<\/p>    <p class=\"translation-block\">Se estiver interessado nesta m\u00e1quina de corte de ponta e cauda do milho, por favor n\u00e3o hesite em contactar-nos para um or\u00e7amento gratuito. Al\u00e9m desta m\u00e1quina, tamb\u00e9m fornecemos <a href=\"https:\/\/corn-machine.com\/pt\/product\/sweet-corn-cutting-machine-food-process\/\">m\u00e1quina de corte de milho<\/a>s e grandes <a href=\"https:\/\/corn-machine.com\/pt\/product\/corn-husk-remover-for-food-processing\/\">m\u00e1quinas de remo\u00e7\u00e3o de casca de milho<\/a> para processamento alimentar.<\/p>","protected":false},"excerpt":{"rendered":"<p>Se est\u00e1 \u00e0 procura de ferramentas de pr\u00e9-processamento para f\u00e1bricas de processamento de milho, pode querer dar uma vista de olhos \u00e0 nossa m\u00e1quina de corte de ponta e cauda do milho. Pode remover as cabe\u00e7as e caudas de 3.000 a 6.000 gr\u00e3os por hora.<\/p>","protected":false},"author":1,"featured_media":975,"parent":0,"template":"","tags":[31,51,48],"product-type":[49],"class_list":["post-974","product","type-product","status-publish","has-post-thumbnail","hentry","tag-corn","tag-fresh-corn","tag-sweet-corn","product-type-corn-cutter-machine"],"_links":{"self":[{"href":"https:\/\/corn-machine.com\/pt\/wp-json\/wp\/v2\/product\/974","targetHints":{"allow":["GET"]}}],"collection":[{"href":"https:\/\/corn-machine.com\/pt\/wp-json\/wp\/v2\/product"}],"about":[{"href":"https:\/\/corn-machine.com\/pt\/wp-json\/wp\/v2\/types\/product"}],"author":[{"embeddable":true,"href":"https:\/\/corn-machine.com\/pt\/wp-json\/wp\/v2\/users\/1"}],"wp:featuredmedia":[{"embeddable":true,"href":"https:\/\/corn-machine.com\/pt\/wp-json\/wp\/v2\/media\/975"}],"wp:attachment":[{"href":"https:\/\/corn-machine.com\/pt\/wp-json\/wp\/v2\/media?parent=974"}],"wp:term":[{"taxonomy":"post_tag","embeddable":true,"href":"https:\/\/corn-machine.com\/pt\/wp-json\/wp\/v2\/tags?post=974"},{"taxonomy":"product-type","embeddable":true,"href":"https:\/\/corn-machine.com\/pt\/wp-json\/wp\/v2\/product-type?post=974"}],"curies":[{"name":"wp","href":"https:\/\/api.w.org\/{rel}","templated":true}]}}