{"id":1019,"date":"2025-10-20T15:09:14","date_gmt":"2025-10-20T07:09:14","guid":{"rendered":"https:\/\/corn-machine.com\/?post_type=product&#038;p=1019"},"modified":"2025-10-21T11:49:35","modified_gmt":"2025-10-21T03:49:35","slug":"maize-sheller-machine-for-grain-threshing","status":"publish","type":"product","link":"https:\/\/corn-machine.com\/pt_br\/product\/maize-sheller-machine-for-grain-threshing\/","title":{"rendered":"M\u00e1quina de desembara\u00e7ar milho para debulhar gr\u00e3os"},"content":{"rendered":"<p class=\"translation-block\">Atrav\u00e9s de pesquisas e atualiza\u00e7\u00f5es, a Taizy desenhou um novo modelo de <strong>maquina de debulhamento de milho<\/strong>, que suporta duas op\u00e7\u00f5es de energia: diesel e motor el\u00e9trico. Equipado com um sistema de dois ventiladores, ele pode remover impurezas com mais efici\u00eancia, tornando o milho acabado final mais limpo e de maior qualidade.<\/p>    <p>Al\u00e9m disso, tamb\u00e9m \u00e9 amplamente utilizada para debulhar soja, sorgo, millet, arroz, etc. A m\u00e1quina possui duas c\u00e2maras de trabalho, o que torna a produ\u00e7\u00e3o mais eficiente: 3 t\/h (millet), 5 t\/h (milho), 2 t\/h (arroz e trigo). <\/p>    <figure class=\"wp-block-embed aligncenter is-type-video is-provider-youtube wp-block-embed-youtube wp-embed-aspect-16-9 wp-has-aspect-ratio\"><div class=\"wp-block-embed__wrapper\"> <iframe loading=\"lazy\" title=\"\ud83c\udf3d\ud83d\ude9cNova M\u00e1quina de Penugem de Gr\u00e3os | Pot\u00eancia Dupla, Dois Ventiladores, Maior Efici\u00eancia\" width=\"500\" height=\"281\" src=\"https:\/\/www.youtube.com\/embed\/fsW_ADQuGd4?feature=oembed\" frameborder=\"0\" allow=\"accelerometer; autoplay; clipboard-write; encrypted-media; gyroscope; picture-in-picture; web-share\" referrerpolicy=\"strict-origin-when-cross-origin\" allowfullscreen><\/iframe> <\/div><figcaption class=\"wp-element-caption\">maquina de debulhamento de milho em teste de funcionamento<\/figcaption><\/figure>    <h2 class=\"wp-block-heading\"><strong>Recursos atualizados do novo estilo de m\u00e1quina debulhadora de milho<\/strong><\/h2>    <p>Ap\u00f3s atualiza\u00e7\u00f5es do produto, nossas m\u00e1quinas progrediram mais em rela\u00e7\u00e3o aos modelos anteriores.<\/p>    <ul class=\"wp-block-list\"> <li>Esta nova debulhadora de milho passa por dois processos de debulha, o que difere do modelo antigo, elevando a taxa de debulha e deixando a debulha mais limpa.<\/li>    <li>O novo modelo possui tr\u00eas sa\u00eddas diferentes: uma grande sa\u00edda de detritos com tela vibrat\u00f3ria, uma pequena sa\u00edda de detritos com ventoinha e a sa\u00edda de produto final.<\/li>    <li>Nossa m\u00e1quina debulhadora de milho \u00e9 equipada com duplo ventilador, o que proporciona melhor limpeza, menor taxa de quebra de gr\u00e3os e maior adaptabilidade a v\u00e1rios cultivos e n\u00edveis de umidade em compara\u00e7\u00e3o com modelos de ventilador \u00fanico.<\/li> <\/ul>   <div class=\"wp-block-image\"> <figure class=\"aligncenter size-full\"><img loading=\"lazy\" decoding=\"async\" width=\"720\" height=\"540\" src=\"https:\/\/corn-machine.com\/wp-content\/uploads\/2025\/10\/agriculture-thresher.webp\" alt=\"ceifa agr\u00edcola\" class=\"wp-image-1022\" title=\"\" srcset=\"https:\/\/corn-machine.com\/wp-content\/uploads\/2025\/10\/agriculture-thresher.webp 720w, https:\/\/corn-machine.com\/wp-content\/uploads\/2025\/10\/agriculture-thresher-300x225.webp 300w, https:\/\/corn-machine.com\/wp-content\/uploads\/2025\/10\/agriculture-thresher-16x12.webp 16w\" sizes=\"auto, (max-width: 720px) 100vw, 720px\" \/><figcaption class=\"wp-element-caption\">ceifa agr\u00edcola<\/figcaption><\/figure> <\/div>   <h2 class=\"wp-block-heading\"><strong>Estrutura da nossa m\u00e1quina debulhadora de milho multifuncional<\/strong><\/h2>    <p>Nossa m\u00e1quina debulhadora de trigo consiste em entrada, motor a diesel (ou motor el\u00e9trico), pneu m\u00f3vel, chassi de tra\u00e7\u00e3o, tambores de debulha, sa\u00eddas e o ventilador de duto de ar.<\/p>    <figure class=\"wp-block-gallery has-nested-images columns-default is-cropped wp-block-gallery-2 is-layout-flex wp-block-gallery-is-layout-flex\"> <figure class=\"wp-block-image size-large\"><img loading=\"lazy\" decoding=\"async\" width=\"720\" height=\"540\" data-id=\"1023\" src=\"https:\/\/corn-machine.com\/wp-content\/uploads\/2025\/10\/structure-of-corn-sheller-machine.webp\" alt=\"estrutura da m\u00e1quina debulhadora de milho\" class=\"wp-image-1023\" title=\"\" srcset=\"https:\/\/corn-machine.com\/wp-content\/uploads\/2025\/10\/structure-of-corn-sheller-machine.webp 720w, https:\/\/corn-machine.com\/wp-content\/uploads\/2025\/10\/structure-of-corn-sheller-machine-300x225.webp 300w, https:\/\/corn-machine.com\/wp-content\/uploads\/2025\/10\/structure-of-corn-sheller-machine-16x12.webp 16w\" sizes=\"auto, (max-width: 720px) 100vw, 720px\" \/><figcaption class=\"wp-element-caption\">estrutura da m\u00e1quina debulhadora de milho<\/figcaption><\/figure>    <figure class=\"wp-block-image size-large\"><img loading=\"lazy\" decoding=\"async\" width=\"720\" height=\"540\" data-id=\"1024\" src=\"https:\/\/corn-machine.com\/wp-content\/uploads\/2025\/10\/structure-of-grain-threshing-machine.webp\" alt=\"estrutura da m\u00e1quina de debulhar gr\u00e3os\" class=\"wp-image-1024\" title=\"\" srcset=\"https:\/\/corn-machine.com\/wp-content\/uploads\/2025\/10\/structure-of-grain-threshing-machine.webp 720w, https:\/\/corn-machine.com\/wp-content\/uploads\/2025\/10\/structure-of-grain-threshing-machine-300x225.webp 300w, https:\/\/corn-machine.com\/wp-content\/uploads\/2025\/10\/structure-of-grain-threshing-machine-16x12.webp 16w\" sizes=\"auto, (max-width: 720px) 100vw, 720px\" \/><figcaption class=\"wp-element-caption\">estrutura da m\u00e1quina de debulhar gr\u00e3os<\/figcaption><\/figure> <\/figure>    <p>Existem 2 tambor de debulhamento em nossa m\u00e1quina debulhadora de milho. O 1\u00ba tambor de debulhamento \u00e9 respons\u00e1vel pela debulha inicial, que separa os gr\u00e3os de milho da espiga por atrito e impacto. O segundo tambor realiza uma separa\u00e7\u00e3o mais fina que melhora a efici\u00eancia geral de debulha e pureza.<\/p>    <p>O sistema de duplo ventilador \u00e9 tamb\u00e9m uma das caracter\u00edsticas-chave desta debulhadora de milho. O primeiro ventilador remove cascas grandes e impurezas leves, enquanto o segundo ventilador fornece separa\u00e7\u00e3o de ar secund\u00e1ria para poeira menor e palha. Este sistema de fluxo de ar em duas etapas garante que os gr\u00e3os finais fiquem mais limpos e de maior qualidade.<\/p>    <p>Para facilitar o movimento entre campos, nossa debulhadora de milho \u00e9 projetada com pneus grandes e dur\u00e1veis, o que a torna adequada tanto para opera\u00e7\u00f5es fixas quanto em campo, aumentando a flexibilidade para usu\u00e1rios em fazendas rurais ou de grande escala.<\/p>    <h2 class=\"wp-block-heading\"><strong>Quais s\u00e3o as aplica\u00e7\u00f5es da m\u00e1quina de debulhar milho?<\/strong><\/h2>    <p>Al\u00e9m de milho, esta debulhadora vers\u00e1til tamb\u00e9m pode ser usada para uma variedade de gr\u00e3os e culturas, incluindo milho, sorgo, millet, soja e trigo, atendendo a uma ampla gama de necessidades de processamento de gr\u00e3os.<\/p>    <p>As debulhadoras de gr\u00e3os s\u00e3o amplamente usadas em fazendas rurais, cooperativas agr\u00edcolas, esta\u00e7\u00f5es de compra de gr\u00e3os e pequenas f\u00e1bricas de processamento de alimentos. Ajudam a reduzir o trabalho manual e seus custos, ao mesmo tempo em que aumentam significativamente a efici\u00eancia da debulha.<\/p>    <p>A Taizy tem recebido in\u00fameros pedidos de regi\u00f5es onde milho e outros gr\u00e3os s\u00e3o alimentos b\u00e1sicos, como \u00c1frica, Sudeste Asi\u00e1tico e Am\u00e9rica do Sul. Esta m\u00e1quina desempenha um papel vital na melhoria da efici\u00eancia do processamento de gr\u00e3os e no apoio \u00e0 produ\u00e7\u00e3o de alimentos local.<\/p>    <figure class=\"wp-block-gallery has-nested-images columns-2 is-cropped wp-block-gallery-3 is-layout-flex wp-block-gallery-is-layout-flex\"> <figure class=\"wp-block-image size-large\"><img loading=\"lazy\" decoding=\"async\" width=\"720\" height=\"540\" data-id=\"1028\" src=\"https:\/\/corn-machine.com\/wp-content\/uploads\/2025\/10\/corn.webp\" alt=\"milho\" class=\"wp-image-1028\" title=\"\" srcset=\"https:\/\/corn-machine.com\/wp-content\/uploads\/2025\/10\/corn.webp 720w, https:\/\/corn-machine.com\/wp-content\/uploads\/2025\/10\/corn-300x225.webp 300w, https:\/\/corn-machine.com\/wp-content\/uploads\/2025\/10\/corn-16x12.webp 16w\" sizes=\"auto, (max-width: 720px) 100vw, 720px\" \/><figcaption class=\"wp-element-caption\">milho<\/figcaption><\/figure>    <figure class=\"wp-block-image size-large\"><img loading=\"lazy\" decoding=\"async\" width=\"720\" height=\"540\" data-id=\"1030\" src=\"https:\/\/corn-machine.com\/wp-content\/uploads\/2025\/10\/sorghum.webp\" alt=\"sorgo\" class=\"wp-image-1030\" title=\"\" srcset=\"https:\/\/corn-machine.com\/wp-content\/uploads\/2025\/10\/sorghum.webp 720w, https:\/\/corn-machine.com\/wp-content\/uploads\/2025\/10\/sorghum-300x225.webp 300w, https:\/\/corn-machine.com\/wp-content\/uploads\/2025\/10\/sorghum-16x12.webp 16w\" sizes=\"auto, (max-width: 720px) 100vw, 720px\" \/><figcaption class=\"wp-element-caption\"><a href=\"https:\/\/en.wikipedia.org\/wiki\/Sorghum\" target=\"_blank\" rel=\"noopener\">sorgo<\/a><\/figcaption><\/figure>    <figure class=\"wp-block-image size-large\"><img loading=\"lazy\" decoding=\"async\" width=\"720\" height=\"540\" data-id=\"1029\" src=\"https:\/\/corn-machine.com\/wp-content\/uploads\/2025\/10\/soybean.webp\" alt=\"soja\" class=\"wp-image-1029\" title=\"\" srcset=\"https:\/\/corn-machine.com\/wp-content\/uploads\/2025\/10\/soybean.webp 720w, https:\/\/corn-machine.com\/wp-content\/uploads\/2025\/10\/soybean-300x225.webp 300w, https:\/\/corn-machine.com\/wp-content\/uploads\/2025\/10\/soybean-16x12.webp 16w\" sizes=\"auto, (max-width: 720px) 100vw, 720px\" \/><figcaption class=\"wp-element-caption\">soja<\/figcaption><\/figure>    <figure class=\"wp-block-image size-large\"><img loading=\"lazy\" decoding=\"async\" width=\"720\" height=\"540\" data-id=\"1031\" src=\"https:\/\/corn-machine.com\/wp-content\/uploads\/2025\/10\/wheat.webp\" alt=\"trigo\" class=\"wp-image-1031\" title=\"\" srcset=\"https:\/\/corn-machine.com\/wp-content\/uploads\/2025\/10\/wheat.webp 720w, https:\/\/corn-machine.com\/wp-content\/uploads\/2025\/10\/wheat-300x225.webp 300w, https:\/\/corn-machine.com\/wp-content\/uploads\/2025\/10\/wheat-16x12.webp 16w\" sizes=\"auto, (max-width: 720px) 100vw, 720px\" \/><figcaption class=\"wp-element-caption\">trigo<\/figcaption><\/figure> <\/figure>    <h2 class=\"wp-block-heading\"><strong>Qual \u00e9 o pre\u00e7o de uma m\u00e1quina de debulhar milho Taizy?<\/strong><\/h2>    <p>Uma debulhadora de milho b\u00e1sica normalmente custa menos de USD 39930458521.000, mas para produtos de exporta\u00e7\u00e3o, muitos fatores podem afetar o pre\u00e7o final, variando potencialmente de USD 39930458521.000 a USD 39930458522.000.<\/p>    <p>Os fatores a seguir podem influenciar a diferen\u00e7a de pre\u00e7o final:<\/p>    <ol class=\"wp-block-list\"> <li>Encomenda e frete: Inclui frete mar\u00edtimo, transporte interno e manuseio no porto.<\/li>    <li>Desembara\u00e7o aduaneiro e taxas: Consiste em direitos aduaneiros, impostos de importa\u00e7\u00e3o e taxas de inspe\u00e7\u00e3o no seu pa\u00eds.<\/li>    <li>Op\u00e7\u00f5es de trem de for\u00e7a: escolher um motor a diesel ou el\u00e9trico pode afetar o custo.<\/li> <\/ol>    <p>Se estiver interessado em nossas m\u00e1quinas, entre em contato conosco para obter um or\u00e7amento para entender totalmente o investimento. Tamb\u00e9m recebemos or\u00e7amentos personalizados com base no seu pa\u00eds, tipo de energia, requisitos de capacidade e termos de envio.<\/p>    <figure class=\"wp-block-gallery has-nested-images columns-default is-cropped wp-block-gallery-4 is-layout-flex wp-block-gallery-is-layout-flex\"> <figure class=\"wp-block-image size-large\"><img loading=\"lazy\" decoding=\"async\" width=\"720\" height=\"540\" data-id=\"1025\" src=\"https:\/\/corn-machine.com\/wp-content\/uploads\/2025\/10\/corn-seed-remover-machine.webp\" alt=\"m\u00e1quina removedora de sementes de milho\" class=\"wp-image-1025\" title=\"\" srcset=\"https:\/\/corn-machine.com\/wp-content\/uploads\/2025\/10\/corn-seed-remover-machine.webp 720w, https:\/\/corn-machine.com\/wp-content\/uploads\/2025\/10\/corn-seed-remover-machine-300x225.webp 300w, https:\/\/corn-machine.com\/wp-content\/uploads\/2025\/10\/corn-seed-remover-machine-16x12.webp 16w\" sizes=\"auto, (max-width: 720px) 100vw, 720px\" \/><figcaption class=\"wp-element-caption\">m\u00e1quina removedora de sementes de milho<\/figcaption><\/figure>    <figure class=\"wp-block-image size-large\"><img loading=\"lazy\" decoding=\"async\" width=\"720\" height=\"540\" data-id=\"1026\" src=\"https:\/\/corn-machine.com\/wp-content\/uploads\/2025\/10\/thresher-farm-equipment.webp\" alt=\"equipamento de fazenda debulhadora\" class=\"wp-image-1026\" title=\"\" srcset=\"https:\/\/corn-machine.com\/wp-content\/uploads\/2025\/10\/thresher-farm-equipment.webp 720w, https:\/\/corn-machine.com\/wp-content\/uploads\/2025\/10\/thresher-farm-equipment-300x225.webp 300w, https:\/\/corn-machine.com\/wp-content\/uploads\/2025\/10\/thresher-farm-equipment-16x12.webp 16w\" sizes=\"auto, (max-width: 720px) 100vw, 720px\" \/><figcaption class=\"wp-element-caption\">equipamento de fazenda debulhadora<\/figcaption><\/figure> <\/figure>    <h2 class=\"wp-block-heading\"><strong>O processo de compra da nossa debulhadora de milho <\/strong><\/h2>    <p>Nosso objetivo \u00e9 oferecer a cada cliente uma experi\u00eancia de compra suave e eficiente. Abaixo est\u00e1 o processo de compra, ajudando voc\u00ea a entender todo o processo desde a produ\u00e7\u00e3o at\u00e9 a entrega da m\u00e1quina.<\/p>    <p class=\"translation-block\"><strong>Step 1<\/strong>: Our professional sales staff will identify the appropriate model based on the customer&#8217;s information, including grain type, capacity requirements, and power options. We will then provide technical details, working videos, and a quote for customers&#8217; reference.<\/p>    <p class=\"translation-block\"><strong>Passo 2<\/strong>: Depois que os detalhes do pedido forem confirmados, a produ\u00e7\u00e3o pode come\u00e7ar assim que o dep\u00f3sito for efetuado. Nossa f\u00e1brica organizar\u00e1 a sa\u00edda de acordo com as especifica\u00e7\u00f5es. Ap\u00f3s a montagem, cada m\u00e1quina debulhadora de milho passar\u00e1 por testes para garantir desempenho est\u00e1vel e opera\u00e7\u00e3o suave.<\/p>    <p class=\"translation-block\"><strong>Passo 3<\/strong>: Antes do embarque, nossos t\u00e9cnicos realizar\u00e3o um teste abrangente, gravar\u00e3o v\u00eddeos e confirmar\u00e3o com nosso cliente. Somente ap\u00f3s confirma\u00e7\u00e3o, passaremos para a pr\u00f3xima etapa.<\/p>    <p class=\"translation-block\"><strong>Passo 4<\/strong>: Ap\u00f3s o pagamento do saldo, organizaremos embalagem, desembara\u00e7o aduaneiro de exporta\u00e7\u00e3o e entrega ao porto de embarque. Se necess\u00e1rio, nossa equipe tamb\u00e9m pode auxiliar com o desembara\u00e7o aduaneiro para facilitar o processo de importa\u00e7\u00e3o.<\/p>    <p>Taizy has been exporting for over a decade and has our own factories, striving to provide the best prices and quality to our customers. If you are interested in our maize sheller machines, please don&#8217;t hesitate to contact us for a free quotation!<\/p>    <p><strong><br><\/strong><br><\/p>   <div class=\"wp-block-image\"> <figure class=\"aligncenter size-full\"><img loading=\"lazy\" decoding=\"async\" width=\"720\" height=\"540\" src=\"https:\/\/corn-machine.com\/wp-content\/uploads\/2025\/10\/wheat-thresher-machine.webp\" alt=\"m\u00e1quina debulhadora de trigo\" class=\"wp-image-1027\" title=\"\" srcset=\"https:\/\/corn-machine.com\/wp-content\/uploads\/2025\/10\/wheat-thresher-machine.webp 720w, https:\/\/corn-machine.com\/wp-content\/uploads\/2025\/10\/wheat-thresher-machine-300x225.webp 300w, https:\/\/corn-machine.com\/wp-content\/uploads\/2025\/10\/wheat-thresher-machine-16x12.webp 16w\" sizes=\"auto, (max-width: 720px) 100vw, 720px\" \/><figcaption class=\"wp-element-caption\">m\u00e1quina debulhadora de trigo<\/figcaption><\/figure> <\/div>   <p>Se voc\u00ea quiser processar ainda mais o produto acabado, tamb\u00e9m fornecemos:<\/p>    <ul class=\"wp-block-list\"> <li><a href=\"https:\/\/corn-machine.com\/pt_br\/product\/maize-grits-making-machine\/\">M\u00e1quina de Fabrica\u00e7\u00e3o de Grits de Milho<\/a><\/li>    <li><a href=\"https:\/\/corn-machine.com\/pt_br\/product\/hammer-mill-grinder-for-corn\/\">Moinho de Martelo<\/a><\/li> <\/ul>","protected":false},"excerpt":{"rendered":"<p>Taizy&#8217;s new maize sheller machine is equipped with dual power options, dual duct fans and a durable structure, ensuring high thresher efficiency and low breakage rate when processing different agricultural products.<\/p>","protected":false},"author":1,"featured_media":1021,"parent":0,"template":"","tags":[31],"product-type":[42],"class_list":["post-1019","product","type-product","status-publish","has-post-thumbnail","hentry","tag-corn","product-type-maize-sheller-machine"],"_links":{"self":[{"href":"https:\/\/corn-machine.com\/pt_br\/wp-json\/wp\/v2\/product\/1019","targetHints":{"allow":["GET"]}}],"collection":[{"href":"https:\/\/corn-machine.com\/pt_br\/wp-json\/wp\/v2\/product"}],"about":[{"href":"https:\/\/corn-machine.com\/pt_br\/wp-json\/wp\/v2\/types\/product"}],"author":[{"embeddable":true,"href":"https:\/\/corn-machine.com\/pt_br\/wp-json\/wp\/v2\/users\/1"}],"wp:featuredmedia":[{"embeddable":true,"href":"https:\/\/corn-machine.com\/pt_br\/wp-json\/wp\/v2\/media\/1021"}],"wp:attachment":[{"href":"https:\/\/corn-machine.com\/pt_br\/wp-json\/wp\/v2\/media?parent=1019"}],"wp:term":[{"taxonomy":"post_tag","embeddable":true,"href":"https:\/\/corn-machine.com\/pt_br\/wp-json\/wp\/v2\/tags?post=1019"},{"taxonomy":"product-type","embeddable":true,"href":"https:\/\/corn-machine.com\/pt_br\/wp-json\/wp\/v2\/product-type?post=1019"}],"curies":[{"name":"wp","href":"https:\/\/api.w.org\/{rel}","templated":true}]}}