{"id":1036,"date":"2025-11-04T15:26:54","date_gmt":"2025-11-04T07:26:54","guid":{"rendered":"https:\/\/corn-machine.com\/?post_type=product&#038;p=1036"},"modified":"2025-12-15T11:20:26","modified_gmt":"2025-12-15T03:20:26","slug":"affordable-small-chaff-cutter-machine","status":"publish","type":"product","link":"https:\/\/corn-machine.com\/pt_br\/product\/affordable-small-chaff-cutter-machine\/","title":{"rendered":"Pequena m\u00e1quina cortadora de feno para prepara\u00e7\u00e3o de ra\u00e7\u00e3o para gado"},"content":{"rendered":"<p class=\"translation-block\">A m\u00e1quina cortadora de palha pequena Taizy \u00e9 usada para cortar v\u00e1rios caules de gr\u00e3os para gado, ovelhas e outras aves. A m\u00e1quina \u00e9 feita de a\u00e7o de alta qualidade, tornando-a dur\u00e1vel, segura e f\u00e1cil de limpar.<\/p>    <p>M\u00faltiplas fontes de energia est\u00e3o dispon\u00edveis: motores el\u00e9tricos, motores a diesel e motores a gasolina. Sua capacidade \u00e9 de 400 kg\/h, adequada para fazendas de pequeno e m\u00e9dio porte. Oferecemos uma variedade de servi\u00e7os de personaliza\u00e7\u00e3o, e descontos adicionais tamb\u00e9m est\u00e3o dispon\u00edveis para compras em grande quantidade.<\/p>    <figure class=\"wp-block-embed aligncenter is-type-video is-provider-youtube wp-block-embed-youtube wp-embed-aspect-16-9 wp-has-aspect-ratio\"><div class=\"wp-block-embed__wrapper\"> <iframe loading=\"lazy\" title=\"Demonstra\u00e7\u00e3o de estrutura e desempenho do processador de forrageiro\" width=\"500\" height=\"281\" src=\"https:\/\/www.youtube.com\/embed\/Vc_s_5wDdYo?feature=oembed\" frameborder=\"0\" allow=\"accelerometer; autoplay; clipboard-write; encrypted-media; gyroscope; picture-in-picture; web-share\" referrerpolicy=\"strict-origin-when-cross-origin\" allowfullscreen><\/iframe> <\/div><figcaption class=\"wp-element-caption\">introdu\u00e7\u00e3o da m\u00e1quina cortadora de palha<\/figcaption><\/figure>    <h2 class=\"wp-block-heading\"><strong>Vantagens da m\u00e1quina cortadora de palha Taizy<\/strong><\/h2>    <ul class=\"wp-block-list\"> <li>A m\u00e1quina tem uma pegada pequena<span style=\"box-sizing: border-box; margin: 0px; padding: 0px;\">\u00a0de apenas 1075*510*850 mm, tornando-a adequada para mobilidade\u00a0<\/span>e opera\u00e7\u00e3o de uma \u00fanica pessoa.<\/li>    <li>A m\u00e1quina cortadora de palha Taizy pode ser personalizada com pot\u00eancia do motor, cor, placa de identifica\u00e7\u00e3o e embalagem conforme necess\u00e1rio.<\/li>    <li>Nossas m\u00e1quinas possuem certifica\u00e7\u00e3o CE, atendem aos padr\u00f5es internacionais de qualidade, o que n\u00e3o s\u00f3 garante a qualidade, mas tamb\u00e9m oferece suporte completo p\u00f3s-venda.<\/li> <\/ul>    <figure class=\"wp-block-gallery has-nested-images columns-default is-cropped wp-block-gallery-2 is-layout-flex wp-block-gallery-is-layout-flex\"> <figure class=\"wp-block-image size-large\"><img loading=\"lazy\" decoding=\"async\" width=\"720\" height=\"540\" data-id=\"1039\" src=\"https:\/\/corn-machine.com\/wp-content\/uploads\/2025\/11\/grass-chaff-cutter-machine.webp\" alt=\"m\u00e1quina cortadora de palha de grama\" class=\"wp-image-1039\" title=\"\" srcset=\"https:\/\/corn-machine.com\/wp-content\/uploads\/2025\/11\/grass-chaff-cutter-machine.webp 720w, https:\/\/corn-machine.com\/wp-content\/uploads\/2025\/11\/grass-chaff-cutter-machine-300x225.webp 300w, https:\/\/corn-machine.com\/wp-content\/uploads\/2025\/11\/grass-chaff-cutter-machine-16x12.webp 16w\" sizes=\"auto, (max-width: 720px) 100vw, 720px\" \/><figcaption class=\"wp-element-caption\">m\u00e1quina cortadora de palha de grama<\/figcaption><\/figure>    <figure class=\"wp-block-image size-large\"><img loading=\"lazy\" decoding=\"async\" width=\"720\" height=\"540\" data-id=\"1040\" src=\"https:\/\/corn-machine.com\/wp-content\/uploads\/2025\/11\/mini-forage-chopper.webp\" alt=\"mini processador de forrageiro\" class=\"wp-image-1040\" title=\"\" srcset=\"https:\/\/corn-machine.com\/wp-content\/uploads\/2025\/11\/mini-forage-chopper.webp 720w, https:\/\/corn-machine.com\/wp-content\/uploads\/2025\/11\/mini-forage-chopper-300x225.webp 300w, https:\/\/corn-machine.com\/wp-content\/uploads\/2025\/11\/mini-forage-chopper-16x12.webp 16w\" sizes=\"auto, (max-width: 720px) 100vw, 720px\" \/><figcaption class=\"wp-element-caption\">mini processador de forrageiro<\/figcaption><\/figure> <\/figure>    <h2 class=\"wp-block-heading\"><strong>Estrutura deste processador de forrageiro<\/strong><\/h2>    <p>Os principais componentes desta m\u00e1quina incluem: entrada de alimenta\u00e7\u00e3o, mecanismo de transmiss\u00e3o, sistema de energia, eixo de corte e conjunto de l\u00e2minas, mecanismo de ajuste de engrenagem e sa\u00edda de descarte.<\/p>    <ol class=\"wp-block-list\"> <li>A entrada de alimenta\u00e7\u00e3o usa um sistema de alimenta\u00e7\u00e3o autom\u00e1tica, evitando o fornecimento manual direto para melhorar a seguran\u00e7a e efici\u00eancia.<\/li>    <li>O motor e o eixo de corte s\u00e3o conectados por correia, corrente ou transmiss\u00e3o por engrenagem para alcan\u00e7ar a redu\u00e7\u00e3o de velocidade.<\/li>    <li>A m\u00e1quina cortadora de palha usa a\u00e7o mangan\u00eas refor\u00e7ado, atualizado <a href=\"https:\/\/en.wikipedia.org\/wiki\/Mangalloy\" target=\"_blank\" rel=\"noopener\">de mangan\u00eas<\/a> l\u00e2minas, que s\u00e3o resistentes ao desgaste e t\u00eam uma longa vida \u00fatil.<\/li>    <li>H\u00e1 uma al\u00e7a externa que permite ajuste manual da folga entre a l\u00e2mina e o alimentador para controlar o comprimento do corte e o tamanho das part\u00edculas finais de grama.<\/li> <\/ol>    <figure class=\"wp-block-gallery aligncenter has-nested-images columns-2 is-cropped wp-block-gallery-3 is-layout-flex wp-block-gallery-is-layout-flex\"> <figure class=\"wp-block-image size-full\"><img loading=\"lazy\" decoding=\"async\" width=\"720\" height=\"540\" data-id=\"1041\" src=\"https:\/\/corn-machine.com\/wp-content\/uploads\/2025\/11\/silage-cutter.webp\" alt=\"cortador de silagem\" class=\"wp-image-1041\" title=\"\" srcset=\"https:\/\/corn-machine.com\/wp-content\/uploads\/2025\/11\/silage-cutter.webp 720w, https:\/\/corn-machine.com\/wp-content\/uploads\/2025\/11\/silage-cutter-300x225.webp 300w, https:\/\/corn-machine.com\/wp-content\/uploads\/2025\/11\/silage-cutter-16x12.webp 16w\" sizes=\"auto, (max-width: 720px) 100vw, 720px\" \/><figcaption class=\"wp-element-caption\">cortador de silagem<\/figcaption><\/figure>    <figure class=\"wp-block-image size-full\"><img loading=\"lazy\" decoding=\"async\" width=\"720\" height=\"540\" data-id=\"1050\" src=\"https:\/\/corn-machine.com\/wp-content\/uploads\/2025\/11\/blades-of-green-forage-chopper.webp\" alt=\"l\u00e2minas do processador de forrageiro verde\" class=\"wp-image-1050\" title=\"\" srcset=\"https:\/\/corn-machine.com\/wp-content\/uploads\/2025\/11\/blades-of-green-forage-chopper.webp 720w, https:\/\/corn-machine.com\/wp-content\/uploads\/2025\/11\/blades-of-green-forage-chopper-300x225.webp 300w, https:\/\/corn-machine.com\/wp-content\/uploads\/2025\/11\/blades-of-green-forage-chopper-16x12.webp 16w\" sizes=\"auto, (max-width: 720px) 100vw, 720px\" \/><figcaption class=\"wp-element-caption\">l\u00e2minas do processador de forrageiro verde<\/figcaption><\/figure> <\/figure>    <h2 class=\"wp-block-heading\"><strong>Par\u00e2metros t\u00e9cnicos e compara\u00e7\u00e3o de modelos de m\u00e1quinas cortadoras de palha<\/strong><\/h2>    <figure class=\"wp-block-table\"><table class=\"has-fixed-layout\"><tbody><tr><td>Modelo<\/td><td class=\"has-text-align-center\" data-align=\"center\">9Z-0.4<\/td><td class=\"has-text-align-center\" data-align=\"center\">9Z-0.4A<\/td><\/tr><tr><td>Pot\u00eancia<\/td><td class=\"has-text-align-center\" data-align=\"center\">2.2kw<\/td><td class=\"has-text-align-center\" data-align=\"center\">2.2kw<\/td><\/tr><tr><td>Velocidade de rota\u00e7\u00e3o<\/td><td class=\"has-text-align-center\" data-align=\"center\">2800rpm<\/td><td class=\"has-text-align-center\" data-align=\"center\">2800rpm<\/td><\/tr><tr><td>Tamanho do corte<\/td><td class=\"has-text-align-center\" data-align=\"center\">7\/20mm<\/td><td class=\"has-text-align-center\" data-align=\"center\">7\/20mm<\/td><\/tr><tr><td>Quantidade de l\u00e2minas<\/td><td class=\"has-text-align-center\" data-align=\"center\">4\/6 pe\u00e7as<\/td><td class=\"has-text-align-center\" data-align=\"center\">4\/6 pe\u00e7as<\/td><\/tr><tr><td>Dimens\u00e3o geral<\/td><td class=\"has-text-align-center\" data-align=\"center\">1075*510*850mm<\/td><td class=\"has-text-align-center\" data-align=\"center\">1075*510*1100mm<\/td><\/tr><tr><td>Tamanho da embalagem<\/td><td class=\"has-text-align-center\" data-align=\"center\">600*500*400mm<\/td><td class=\"has-text-align-center\" data-align=\"center\">600*500*400mm<\/td><\/tr><tr><td>Peso<\/td><td class=\"has-text-align-center\" data-align=\"center\">48kg<\/td><td class=\"has-text-align-center\" data-align=\"center\">52kg<\/td><\/tr><tr><td>Capacidade<\/td><td class=\"has-text-align-center\" data-align=\"center\">400-500kg\/h<\/td><td class=\"has-text-align-center\" data-align=\"center\">400-800kg\/h<\/td><\/tr><\/tbody><\/table><figcaption class=\"wp-element-caption\">par\u00e2metros da pequena m\u00e1quina cortadora de palha<\/figcaption><\/figure>    <p>A largura padr\u00e3o da c\u00e2mara de tritura\u00e7\u00e3o \u00e9 fixa em 240 mm. Mas a largura tanto da c\u00e2mara de tritura\u00e7\u00e3o quanto do alimentador varia dependendo do n\u00famero de l\u00e2minas:<\/p>    <ul class=\"wp-block-list\"> <li>Modelos de 4 l\u00e2minas: Largura da c\u00e2mara de tritura\u00e7\u00e3o aproximadamente 24 cm, largura do alimentador aproximadamente 23 cm e 40 cm.<\/li>    <li>Modelos de 6 l\u00e2minas: Largura da c\u00e2mara de tritura\u00e7\u00e3o aproximadamente 31 cm, largura do alimentador aproximadamente 30 cm e 41 cm.<\/li> <\/ul>   <div class=\"wp-block-image\"> <figure class=\"aligncenter size-full\"><img loading=\"lazy\" decoding=\"async\" width=\"720\" height=\"540\" src=\"https:\/\/corn-machine.com\/wp-content\/uploads\/2025\/11\/chaff-cutter.webp\" alt=\"cortador de palha\" class=\"wp-image-1042\" title=\"\" srcset=\"https:\/\/corn-machine.com\/wp-content\/uploads\/2025\/11\/chaff-cutter.webp 720w, https:\/\/corn-machine.com\/wp-content\/uploads\/2025\/11\/chaff-cutter-300x225.webp 300w, https:\/\/corn-machine.com\/wp-content\/uploads\/2025\/11\/chaff-cutter-16x12.webp 16w\" sizes=\"auto, (max-width: 720px) 100vw, 720px\" \/><figcaption class=\"wp-element-caption\">cortador de palha<\/figcaption><\/figure> <\/div>   <h2 class=\"wp-block-heading\"><strong>Recomenda\u00e7\u00f5es de uso e manuten\u00e7\u00e3o para o processador de forrageiro<\/strong><\/h2>    <h3 class=\"wp-block-heading\"><strong>Instru\u00e7\u00f5es de uso para o cortador de silagem<\/strong><\/h3>    <ol class=\"wp-block-list\"> <li>Antes de usar esta m\u00e1quina cortadora de palha, verifique se todos os parafusos est\u00e3o apertados, a l\u00e2mina est\u00e1 afiada e a tens\u00e3o da correia est\u00e1 adequada.<\/li>    <li>Alimente silagem e outros materiais de forma uniforme e cont\u00ednua. N\u00e3o alimente quantidades excessivas ou misture objetos duros como metal ou pedras.<\/li>    <li>O comprimento do corte pode ser ajustado trocando a engrenagem ou a folga da l\u00e2mina somente quando a m\u00e1quina estiver parada.<\/li> <\/ol>    <h3 class=\"wp-block-heading\"><strong>Recomenda\u00e7\u00f5es de manuten\u00e7\u00e3o para o cortador de palha<\/strong><\/h3>    <ol class=\"wp-block-list\"> <li>Ap\u00f3s o uso, limpe prontamente a cavidade da m\u00e1quina para evitar ferrugem e obstru\u00e7\u00f5es.<\/li>    <li>Se a fonte de energia for um motor el\u00e9trico, mantenha-o seco e bem ventilado para evitar oper\u00e1-lo em ambientes chuvosos ou de alta umidade.<\/li>    <li>Verifique regularmente o desgaste das l\u00e2minas e correias, afie ou substitua-os a tempo para prolongar a vida \u00fatil da m\u00e1quina.<\/li> <\/ol>    <h2 class=\"wp-block-heading\"><strong>Caso de sucesso: projeto agr\u00edcola de Uganda comprou 250 unidades de m\u00e1quinas cortadoras de palha<\/strong><\/h2>    <p>No ano passado, a Taizy colaborou com clientes para concluir um projeto agr\u00edcola em Uganda. Este projeto ser\u00e1 utilizado para o desenvolvimento da agricultura de pequeno e m\u00e9dio porte local, apoiando cooperativas de agricultores e a moderniza\u00e7\u00e3o agr\u00edcola regional.<\/p>    <figure class=\"wp-block-gallery has-nested-images columns-2 is-cropped wp-block-gallery-4 is-layout-flex wp-block-gallery-is-layout-flex\"> <figure class=\"wp-block-image size-large\"><img loading=\"lazy\" decoding=\"async\" width=\"720\" height=\"540\" data-id=\"1046\" src=\"https:\/\/corn-machine.com\/wp-content\/uploads\/2025\/11\/silage-chaff-cutter-in-storehouse.webp\" alt=\"cortador de silagem na loja\" class=\"wp-image-1046\" title=\"\" srcset=\"https:\/\/corn-machine.com\/wp-content\/uploads\/2025\/11\/silage-chaff-cutter-in-storehouse.webp 720w, https:\/\/corn-machine.com\/wp-content\/uploads\/2025\/11\/silage-chaff-cutter-in-storehouse-300x225.webp 300w, https:\/\/corn-machine.com\/wp-content\/uploads\/2025\/11\/silage-chaff-cutter-in-storehouse-16x12.webp 16w\" sizes=\"auto, (max-width: 720px) 100vw, 720px\" \/><figcaption class=\"wp-element-caption\">cortador de silagem na loja<\/figcaption><\/figure>    <figure class=\"wp-block-image size-large\"><img loading=\"lazy\" decoding=\"async\" width=\"720\" height=\"540\" data-id=\"1047\" src=\"https:\/\/corn-machine.com\/wp-content\/uploads\/2025\/11\/Completed-mini-forage-chopper-machine.webp\" alt=\"Mini processador de forrageiro conclu\u00eddo\" class=\"wp-image-1047\" title=\"\" srcset=\"https:\/\/corn-machine.com\/wp-content\/uploads\/2025\/11\/Completed-mini-forage-chopper-machine.webp 720w, https:\/\/corn-machine.com\/wp-content\/uploads\/2025\/11\/Completed-mini-forage-chopper-machine-300x225.webp 300w, https:\/\/corn-machine.com\/wp-content\/uploads\/2025\/11\/Completed-mini-forage-chopper-machine-16x12.webp 16w\" sizes=\"auto, (max-width: 720px) 100vw, 720px\" \/><figcaption class=\"wp-element-caption\">Mini processador de forrageiro conclu\u00eddo<\/figcaption><\/figure>    <figure class=\"wp-block-image size-large\"><img loading=\"lazy\" decoding=\"async\" width=\"720\" height=\"540\" data-id=\"1049\" src=\"https:\/\/corn-machine.com\/wp-content\/uploads\/2025\/11\/packaging-the-silage-cutter.webp\" alt=\"embalagem do cortador de silagem\" class=\"wp-image-1049\" title=\"\" srcset=\"https:\/\/corn-machine.com\/wp-content\/uploads\/2025\/11\/packaging-the-silage-cutter.webp 720w, https:\/\/corn-machine.com\/wp-content\/uploads\/2025\/11\/packaging-the-silage-cutter-300x225.webp 300w, https:\/\/corn-machine.com\/wp-content\/uploads\/2025\/11\/packaging-the-silage-cutter-16x12.webp 16w\" sizes=\"auto, (max-width: 720px) 100vw, 720px\" \/><figcaption class=\"wp-element-caption\">embalagem do cortador de silagem<\/figcaption><\/figure>    <figure class=\"wp-block-image size-large\"><img loading=\"lazy\" decoding=\"async\" width=\"720\" height=\"540\" data-id=\"1048\" src=\"https:\/\/corn-machine.com\/wp-content\/uploads\/2025\/11\/loading-the-chaff-cutter.webp\" alt=\"carregando o cortador de palha\" class=\"wp-image-1048\" title=\"\" srcset=\"https:\/\/corn-machine.com\/wp-content\/uploads\/2025\/11\/loading-the-chaff-cutter.webp 720w, https:\/\/corn-machine.com\/wp-content\/uploads\/2025\/11\/loading-the-chaff-cutter-300x225.webp 300w, https:\/\/corn-machine.com\/wp-content\/uploads\/2025\/11\/loading-the-chaff-cutter-16x12.webp 16w\" sizes=\"auto, (max-width: 720px) 100vw, 720px\" \/><figcaption class=\"wp-element-caption\">carregando o cortador de palha<\/figcaption><\/figure> <\/figure>    <p class=\"translation-block\">Ap\u00f3s a decis\u00e3o do projeto, nosso cliente visitou pessoalmente nossa f\u00e1brica na China e testou as m\u00e1quinas cortadoras de palha. Finalmente, confirmamos o pedido de<strong>250 unidades de 9ZR e outras pe\u00e7as de reposi\u00e7\u00e3o<\/strong>, que seriam embaladas e enviadas em um cont\u00eainer completo para Kampala, capital de Uganda.<\/p>    <figure class=\"wp-block-embed aligncenter is-type-video is-provider-youtube wp-block-embed-youtube wp-embed-aspect-16-9 wp-has-aspect-ratio\"><div class=\"wp-block-embed__wrapper\"> <iframe loading=\"lazy\" title=\"Cliente de Uganda encomendou 250 m\u00e1quinas de corte de palha Taizy para carregamento de processador de forrageiro para exporta\u00e7\u00e3o!\" width=\"500\" height=\"281\" src=\"https:\/\/www.youtube.com\/embed\/N0SzeVsYJXw?feature=oembed\" frameborder=\"0\" allow=\"accelerometer; autoplay; clipboard-write; encrypted-media; gyroscope; picture-in-picture; web-share\" referrerpolicy=\"strict-origin-when-cross-origin\" allowfullscreen><\/iframe> <\/div><figcaption class=\"wp-element-caption\">carregando a m\u00e1quina cortadora de palha <\/figcaption><\/figure>    <h2 class=\"wp-block-heading\"><strong>O que a Taizy pode oferecer a voc\u00ea?<\/strong><\/h2>    <ol class=\"wp-block-list\"> <li>Temos nossa <strong>f\u00e1brica pr\u00f3pria<\/strong>, garantindo alta qualidade do produto, pre\u00e7os transparentes e suporte para embalagem de exporta\u00e7\u00e3o.<\/li>    <li>A Taizy tem mais de <strong>40 anos de experi\u00eancia na fabrica\u00e7\u00e3o de m\u00e1quinas <\/strong>e mais de 10 anos na exporta\u00e7\u00e3o internacional. N\u00e3o s\u00f3 temos linhas de produ\u00e7\u00e3o completas para garantir fornecimento a longo prazo, mas tamb\u00e9m oferecemos excelentes servi\u00e7os de frete.<\/li>    <li>Ap\u00f3s a produ\u00e7\u00e3o, cada <strong>a m\u00e1quina passa por testes operacionais<\/strong> para garantir que sua qualidade atenda aos requisitos de compras em grande escala.<\/li>    <li>N\u00f3s temos <strong>experi\u00eancia rica em coopera\u00e7\u00e3o com projetos de grande escala<\/strong>, incluindo Google Ads e projetos do governo nacional.<\/li> <\/ol>    <h2 class=\"wp-block-heading\"><strong>Entre em contato conosco para a cota\u00e7\u00e3o mais recente!<\/strong><\/h2>    <p class=\"translation-block\">If you want to find a reliable agricultural manufacturer for your business or project, Taizy provides the most genuine prices, the most comprehensive services, and the best guarantees. <strong>If you have the same needs, don&#8217;t hesitate to contact us!<\/strong><\/p>    <p class=\"translation-block\">Se voc\u00ea \u00e9 um trabalhador aut\u00f4nomo procurando um colheitador de silagem que combine colheita e tritura\u00e7\u00e3o, clique neste link do produto:<a href=\"https:\/\/corn-machine.com\/pt_br\/product\/corn-silage-harvester\/\">Colheitadeira de Silagem de Milho<\/a>.<\/p>","protected":false},"excerpt":{"rendered":"<p>This small chaff cutter machine is suitable for primary feed processing in cattle and sheep farms. It can process 400-800 kg of dry or wet silage per hour. We are a factory direct seller, offering transparent pricing and superior quality.<\/p>","protected":false},"author":1,"featured_media":1168,"parent":0,"template":"","tags":[55,58],"product-type":[57],"class_list":["post-1036","product","type-product","status-publish","has-post-thumbnail","hentry","tag-cornsilage","tag-cornstalk","product-type-corn-stalk-silage-crusher"],"_links":{"self":[{"href":"https:\/\/corn-machine.com\/pt_br\/wp-json\/wp\/v2\/product\/1036","targetHints":{"allow":["GET"]}}],"collection":[{"href":"https:\/\/corn-machine.com\/pt_br\/wp-json\/wp\/v2\/product"}],"about":[{"href":"https:\/\/corn-machine.com\/pt_br\/wp-json\/wp\/v2\/types\/product"}],"author":[{"embeddable":true,"href":"https:\/\/corn-machine.com\/pt_br\/wp-json\/wp\/v2\/users\/1"}],"wp:featuredmedia":[{"embeddable":true,"href":"https:\/\/corn-machine.com\/pt_br\/wp-json\/wp\/v2\/media\/1168"}],"wp:attachment":[{"href":"https:\/\/corn-machine.com\/pt_br\/wp-json\/wp\/v2\/media?parent=1036"}],"wp:term":[{"taxonomy":"post_tag","embeddable":true,"href":"https:\/\/corn-machine.com\/pt_br\/wp-json\/wp\/v2\/tags?post=1036"},{"taxonomy":"product-type","embeddable":true,"href":"https:\/\/corn-machine.com\/pt_br\/wp-json\/wp\/v2\/product-type?post=1036"}],"curies":[{"name":"wp","href":"https:\/\/api.w.org\/{rel}","templated":true}]}}