{"id":1666,"date":"2026-03-17T15:59:37","date_gmt":"2026-03-17T07:59:37","guid":{"rendered":"https:\/\/corn-machine.com\/?post_type=product&#038;p=1666"},"modified":"2026-03-17T15:59:38","modified_gmt":"2026-03-17T07:59:38","slug":"tmr-feed-mixer-for-dairy-livestock-farms","status":"publish","type":"product","link":"https:\/\/corn-machine.com\/pt_br\/product\/tmr-feed-mixer-for-dairy-livestock-farms\/","title":{"rendered":"Misturador de Ra\u00e7\u00e3o TMR"},"content":{"rendered":"<p class=\"translation-block\">O <strong>misturador de ra\u00e7\u00e3o TMR<\/strong> \u00e9 um equipamento de processamento de alimenta\u00e7\u00e3o que integra fun\u00e7\u00f5es de corte, tritura\u00e7\u00e3o e mistura em uma \u00fanica unidade, ajudando os agricultores a preparar uma Ra\u00e7\u00e3o Total Misturada (TMR) equilibrada, misturando completamente volumosos, concentrados, minerais e vitaminas.<\/p>    <p>Ao evitar que os animais selecionem a alimenta\u00e7\u00e3o, os sistemas TMR garantem que cada mordida contenha a mesma composi\u00e7\u00e3o de nutrientes, o que \u00e9 fundamental para opera\u00e7\u00f5es de latic\u00ednios e carne. Este artigo fornece uma vis\u00e3o geral abrangente da s\u00e9rie 9JGL de misturadores de ra\u00e7\u00e3o TMR, incluindo sua estrutura, princ\u00edpio de funcionamento e especifica\u00e7\u00f5es.<\/p>    <h2 class=\"wp-block-heading\"><strong>Principais caracter\u00edsticas do misturador de ra\u00e7\u00e3o TMR Taizy<\/strong><\/h2>    <ol class=\"wp-block-list\"> <li>Este misturador de silagem mistura e tritura rapidamente v\u00e1rios ingredientes fibrosos, como feno, palha e silagem, garantindo uma mistura uniforme e consistente.<\/li>    <li>A parte inferior do tanque de mistura de ra\u00e7\u00e3o \u00e9 feita de a\u00e7o liga de alta qualidade, permitindo suportar as demandas de opera\u00e7\u00f5es agr\u00edcolas de alta intensidade.<\/li>    <li>Our animal feed mixer&#8217;s cutting blades are precision-crafted from highly wear-resistant materials, thereby effectively extending the overall service life of the unit.<\/li>    <li>Um \u00fanico misturador de ra\u00e7\u00e3o TMR pode fornecer ra\u00e7\u00f5es di\u00e1rias para 200 a 2.000 cabe\u00e7as de gado; sua efici\u00eancia operacional \u00e9 equivalente \u00e0 produ\u00e7\u00e3o de mais de 20 trabalhadores.<\/li> <\/ol>   <div class=\"wp-block-image\"> <figure class=\"aligncenter size-full\"><img loading=\"lazy\" decoding=\"async\" width=\"720\" height=\"540\" src=\"https:\/\/corn-machine.com\/wp-content\/uploads\/2026\/03\/electric-TMR-mixer.webp\" alt=\"Misturador TMR el\u00e9trico\" class=\"wp-image-1678\" title=\"\" srcset=\"https:\/\/corn-machine.com\/wp-content\/uploads\/2026\/03\/electric-TMR-mixer.webp 720w, https:\/\/corn-machine.com\/wp-content\/uploads\/2026\/03\/electric-TMR-mixer-300x225.webp 300w, https:\/\/corn-machine.com\/wp-content\/uploads\/2026\/03\/electric-TMR-mixer-16x12.webp 16w\" sizes=\"auto, (max-width: 720px) 100vw, 720px\" \/><figcaption class=\"wp-element-caption\">Misturador TMR el\u00e9trico<\/figcaption><\/figure> <\/div>   <p>A maioria das fazendas modernas opta por misturadores de ra\u00e7\u00e3o devido aos benef\u00edcios significativos que oferecem:<\/p>    <ul class=\"wp-block-list\"> <li>Os sistemas TMR reduzem muitos tempos de mistura e otimizam o consumo de energia.<\/li>    <li>Pode substituir v\u00e1rias tarefas manuais, reduzindo significativamente a necessidade de m\u00e3o de obra.<\/li>    <li>Ap\u00f3s ser misturado por m\u00e1quinas, o alimento garante uma dieta equilibrada para os animais, promovendo melhorias na produ\u00e7\u00e3o de leite e no desempenho de crescimento.<\/li> <\/ul>   <div class=\"wp-block-image\"> <figure class=\"aligncenter size-full\"><img loading=\"lazy\" decoding=\"async\" width=\"720\" height=\"540\" src=\"https:\/\/corn-machine.com\/wp-content\/uploads\/2026\/03\/total-mixed-ration-for-cow.webp\" alt=\"Ra\u00e7\u00e3o total misturada para vacas\" class=\"wp-image-1682\" title=\"\" srcset=\"https:\/\/corn-machine.com\/wp-content\/uploads\/2026\/03\/total-mixed-ration-for-cow.webp 720w, https:\/\/corn-machine.com\/wp-content\/uploads\/2026\/03\/total-mixed-ration-for-cow-300x225.webp 300w, https:\/\/corn-machine.com\/wp-content\/uploads\/2026\/03\/total-mixed-ration-for-cow-16x12.webp 16w\" sizes=\"auto, (max-width: 720px) 100vw, 720px\" \/><figcaption class=\"wp-element-caption\">Ra\u00e7\u00e3o total misturada para vacas<\/figcaption><\/figure> <\/div>   <h2 class=\"wp-block-heading\"><strong>Estrutura do misturador de ra\u00e7\u00e3o TMR<\/strong><\/h2>    <p>A estrutura principal da s\u00e9rie Taizy 9JGL de misturadores de ra\u00e7\u00e3o para gado inclui os seguintes sistemas:<\/p>    <ol class=\"wp-block-list\"> <li><strong>Sistema de mistura:<\/strong> Consiste em uma ou duas h\u00e9lices espirais, com l\u00e2minas em espiral dispon\u00edveis em configura\u00e7\u00f5es de m\u00e3o esquerda e direita. (As l\u00e2minas da h\u00e9lice s\u00e3o fabricadas em a\u00e7o mangan\u00eas de alta resist\u00eancia, oferecendo resist\u00eancia excepcional ao desgaste.)<\/li>    <li><strong>Sistema de descarga:<\/strong> A porta de descarga \u00e9 controlada por um cilindro hidr\u00e1ulico; seus componentes principais incluem uma base de suporte fixa, uma placa de descarga deslizante e um suporte de haste de conex\u00e3o. Uma placa magn\u00e9tica \u00e9 instalada na sa\u00edda de descarga para atrair e remover impurezas met\u00e1licas da ra\u00e7\u00e3o.<\/li>    <li><strong>Sistema de alimenta\u00e7\u00e3o:<\/strong> Os usu\u00e1rios podem optar por instalar uma esteira de alimenta\u00e7\u00e3o (opcional) para permitir a carga autom\u00e1tica de materiais no compartimento de mistura.<\/li>    <li><strong>Sistema de pesagem:<\/strong> Composto principalmente por quatro c\u00e9lulas de carga tipo ponte e um controlador de pesagem digital. Este sistema fornece exibi\u00e7\u00f5es em tempo real do peso total, peso l\u00edquido e propor\u00e7\u00f5es de alimenta\u00e7\u00e3o, garantindo a precis\u00e3o na formula\u00e7\u00e3o da ra\u00e7\u00e3o.<\/li> <\/ol>   <div class=\"wp-block-image\"> <figure class=\"aligncenter size-full\"><img loading=\"lazy\" decoding=\"async\" width=\"720\" height=\"540\" src=\"https:\/\/corn-machine.com\/wp-content\/uploads\/2026\/03\/structure-of-silage-mixer.webp\" alt=\"estrutura da misturadora de silagem\" class=\"wp-image-1684\" title=\"\" srcset=\"https:\/\/corn-machine.com\/wp-content\/uploads\/2026\/03\/structure-of-silage-mixer.webp 720w, https:\/\/corn-machine.com\/wp-content\/uploads\/2026\/03\/structure-of-silage-mixer-300x225.webp 300w, https:\/\/corn-machine.com\/wp-content\/uploads\/2026\/03\/structure-of-silage-mixer-16x12.webp 16w\" sizes=\"auto, (max-width: 720px) 100vw, 720px\" \/><figcaption class=\"wp-element-caption\">estrutura da misturadora de silagem<\/figcaption><\/figure> <\/div>   <h2 class=\"wp-block-heading\"><strong>Princ\u00edpio de funcionamento do misturador de silagem TMR<\/strong><\/h2>    <p>A s\u00e9rie 9JGL de misturadores de silagem funciona utilizando uma h\u00e9lice rotativa equipada com l\u00e2minas de corte.<\/p>    <p>Assim que as mat\u00e9rias-primas \u2014 como silagem, feno, palha e concentrados \u2014 s\u00e3o carregadas no tanque de mistura, a h\u00e9lice come\u00e7a a girar, puxando os materiais de ambos os lados do tanque em dire\u00e7\u00e3o ao centro.<\/p>    <p>Atrav\u00e9s da a\u00e7\u00e3o sin\u00e9rgica das l\u00e2minas de corte montadas na h\u00e9lice e das l\u00e2minas estacion\u00e1rias dentro da m\u00e1quina, os materiais passam por corte, tritura\u00e7\u00e3o e mistura simult\u00e2neos durante esse processo. <\/p>    <p>Ap\u00f3s a mistura completa dos materiais, a alimenta\u00e7\u00e3o \u00e9 descarregada atrav\u00e9s de uma sa\u00edda controlada por hidr\u00e1ulico.<\/p>    <h2 class=\"wp-block-heading\"><strong>Tipos diferentes de misturadores de ra\u00e7\u00e3o TMR<\/strong><\/h2>    <p>Os misturadores de ra\u00e7\u00e3o TMR fornecidos pela Taizy s\u00e3o principalmente classificados em dois tipos: vertical e horizontal.<\/p>    <h3 class=\"wp-block-heading\">Misturador vertical de animais<\/h3>    <h4 class=\"wp-block-heading\"><strong>Caracter\u00edsticas do misturador vertical para alimenta\u00e7\u00e3o de vacas leiteiras:<\/strong><\/h4>    <ol class=\"wp-block-list\"> <li>Baixa taxa de falhas<\/li>    <li>Estrutura simples<\/li>    <li>Adequado para materiais de fibra longa (feno, grama longa, palha de aveia, etc.)<\/li> <\/ol>    <h4 class=\"wp-block-heading\"><strong>Vantagens dos misturadores de ra\u00e7\u00e3o TMR verticais:<\/strong><\/h4>    <ul class=\"wp-block-list\"> <li>Desempenho superior de mistura para alimentos fibrosos<\/li>    <li>Vida \u00fatil mais longa<\/li>    <li>Custos de manuten\u00e7\u00e3o mais baixos<\/li> <\/ul>   <div class=\"wp-block-image\"> <figure class=\"aligncenter size-full\"><img loading=\"lazy\" decoding=\"async\" width=\"720\" height=\"540\" src=\"https:\/\/corn-machine.com\/wp-content\/uploads\/2026\/03\/vertical-TMR-feed-mixer.webp\" alt=\"misturador TMR vertical\" class=\"wp-image-1674\" title=\"\" srcset=\"https:\/\/corn-machine.com\/wp-content\/uploads\/2026\/03\/vertical-TMR-feed-mixer.webp 720w, https:\/\/corn-machine.com\/wp-content\/uploads\/2026\/03\/vertical-TMR-feed-mixer-300x225.webp 300w, https:\/\/corn-machine.com\/wp-content\/uploads\/2026\/03\/vertical-TMR-feed-mixer-16x12.webp 16w\" sizes=\"auto, (max-width: 720px) 100vw, 720px\" \/><figcaption class=\"wp-element-caption\">misturador TMR vertical<\/figcaption><\/figure> <\/div>   <h3 class=\"wp-block-heading\"><strong>Misturador de gado horizontal<\/strong><\/h3>    <h4 class=\"wp-block-heading\"><strong>Caracter\u00edsticas dos misturadores horizontais de ra\u00e7\u00e3o animal:<\/strong><\/h4>    <ol class=\"wp-block-list\"> <li>Velocidade de mistura mais r\u00e1pida<\/li>    <li>Equipado com v\u00e1rias p\u00e1s ou h\u00e9lices<\/li>    <li>Adequado para processar forragens macias, como silagem<\/li> <\/ol>    <h4 class=\"wp-block-heading\"><strong>Vantagens de <strong>horizontal <\/strong>misturador de ra\u00e7\u00e3o para gado:<\/strong><\/h4>    <ul class=\"wp-block-list\"> <li>Mistura r\u00e1pida<\/li>    <li>Adequado para materiais com maior teor de umidade<\/li> <\/ul>   <div class=\"wp-block-image\"> <figure class=\"aligncenter size-full\"><img loading=\"lazy\" decoding=\"async\" width=\"720\" height=\"540\" src=\"https:\/\/corn-machine.com\/wp-content\/uploads\/2026\/03\/horizontal-animal-food-feed-mixer.webp\" alt=\"misturador de ra\u00e7\u00e3o animal horizontal\" class=\"wp-image-1675\" title=\"\" srcset=\"https:\/\/corn-machine.com\/wp-content\/uploads\/2026\/03\/horizontal-animal-food-feed-mixer.webp 720w, https:\/\/corn-machine.com\/wp-content\/uploads\/2026\/03\/horizontal-animal-food-feed-mixer-300x225.webp 300w, https:\/\/corn-machine.com\/wp-content\/uploads\/2026\/03\/horizontal-animal-food-feed-mixer-16x12.webp 16w\" sizes=\"auto, (max-width: 720px) 100vw, 720px\" \/><figcaption class=\"wp-element-caption\">misturador de ra\u00e7\u00e3o animal horizontal<\/figcaption><\/figure> <\/div>   <p>A seguir, a tabela de compara\u00e7\u00e3o das diferen\u00e7as entre misturadores de alimenta\u00e7\u00e3o verticais e horizontais:<\/p>    <figure class=\"wp-block-table\"><table class=\"has-fixed-layout\"><thead><tr><th>Recurso<\/th><th>Misturador vertical<\/th><th>Misturador horizontal<\/th><\/tr><\/thead><tbody><tr><td>M\u00e9todo de mistura<\/td><td>H\u00e9lice espiral<\/td><td>Palas ou h\u00e9lice m\u00faltipla<\/td><\/tr><tr><td>Melhores materiais<\/td><td>Feno seco, palha, aveia<\/td><td>Silagem e alimenta\u00e7\u00e3o \u00famida<\/td><\/tr><tr><td>Estrutura<\/td><td>Simples<\/td><td>Mais complexo<\/td><\/tr><tr><td>Taxa de falhas<\/td><td>Mais baixo<\/td><td>Um pouco mais alto<\/td><\/tr><tr><td>Manuten\u00e7\u00e3o<\/td><td>F\u00e1cil<\/td><td>Moderado<\/td><\/tr><\/tbody><\/table><figcaption class=\"wp-element-caption\">Compara\u00e7\u00e3o entre misturador vertical e horizontal<\/figcaption><\/figure>    <figure class=\"wp-block-gallery has-nested-images columns-default is-cropped wp-block-gallery-2 is-layout-flex wp-block-gallery-is-layout-flex\"> <figure class=\"wp-block-image size-large\"><img loading=\"lazy\" decoding=\"async\" width=\"720\" height=\"540\" data-id=\"1677\" src=\"https:\/\/corn-machine.com\/wp-content\/uploads\/2026\/03\/internal-structure-of-horizontal-feed-mixer.webp\" alt=\"estrutura interna do misturador de alimenta\u00e7\u00e3o horizontal\" class=\"wp-image-1677\" title=\"\" srcset=\"https:\/\/corn-machine.com\/wp-content\/uploads\/2026\/03\/internal-structure-of-horizontal-feed-mixer.webp 720w, https:\/\/corn-machine.com\/wp-content\/uploads\/2026\/03\/internal-structure-of-horizontal-feed-mixer-300x225.webp 300w, https:\/\/corn-machine.com\/wp-content\/uploads\/2026\/03\/internal-structure-of-horizontal-feed-mixer-16x12.webp 16w\" sizes=\"auto, (max-width: 720px) 100vw, 720px\" \/><figcaption class=\"wp-element-caption\">estrutura interna do misturador de alimenta\u00e7\u00e3o horizontal<\/figcaption><\/figure>    <figure class=\"wp-block-image size-large\"><img loading=\"lazy\" decoding=\"async\" width=\"720\" height=\"540\" data-id=\"1676\" src=\"https:\/\/corn-machine.com\/wp-content\/uploads\/2026\/03\/internal-structure-of-vertical-feed-mixer.webp\" alt=\"estrutura interna do misturador de alimenta\u00e7\u00e3o vertical\" class=\"wp-image-1676\" title=\"\" srcset=\"https:\/\/corn-machine.com\/wp-content\/uploads\/2026\/03\/internal-structure-of-vertical-feed-mixer.webp 720w, https:\/\/corn-machine.com\/wp-content\/uploads\/2026\/03\/internal-structure-of-vertical-feed-mixer-300x225.webp 300w, https:\/\/corn-machine.com\/wp-content\/uploads\/2026\/03\/internal-structure-of-vertical-feed-mixer-16x12.webp 16w\" sizes=\"auto, (max-width: 720px) 100vw, 720px\" \/><figcaption class=\"wp-element-caption\">estrutura interna do misturador de alimenta\u00e7\u00e3o vertical<\/figcaption><\/figure> <\/figure>    <p>Al\u00e9m disso, o misturador TMR normal tamb\u00e9m pode ser classificado com base na sua mobilidade:<\/p>    <ul class=\"wp-block-list\"> <li>O misturador de silagem estacion\u00e1rio: instalado em um local fixo, adequado para sistemas de alimenta\u00e7\u00e3o automatizados.<\/li>    <li>O misturador TMR acoplado: equipado com rodas ou rebocado por um trator, permitindo opera\u00e7\u00f5es integradas de mistura e alimenta\u00e7\u00e3o.<\/li> <\/ul>    <h2 class=\"wp-block-heading\"><strong>Modelos e especifica\u00e7\u00f5es da s\u00e9rie 9JGL de misturadores de ovelhas<\/strong><\/h2>    <figure class=\"wp-block-table\"><table class=\"has-fixed-layout\"><thead><tr><th class=\"has-text-align-center\" data-align=\"center\">Modelo<\/th><th class=\"has-text-align-center\" data-align=\"center\">Capacidade<\/th><th class=\"has-text-align-center\" data-align=\"center\">Pot\u00eancia<\/th><th class=\"has-text-align-center\" data-align=\"center\">Velocidade da h\u00e9lice<\/th><th class=\"has-text-align-center\" data-align=\"center\">Peso <\/th><\/tr><\/thead><tbody><tr><td class=\"has-text-align-center\" data-align=\"center\">9JGL-4<\/td><td class=\"has-text-align-center\" data-align=\"center\">4m\u00b3<\/td><td class=\"has-text-align-center\" data-align=\"center\">15   1,5kW<\/td><td class=\"has-text-align-center\" data-align=\"center\">26r\/min<\/td><td class=\"has-text-align-center\" data-align=\"center\">1620kg<\/td><\/tr><tr><td class=\"has-text-align-center\" data-align=\"center\">9JGL-5<\/td><td class=\"has-text-align-center\" data-align=\"center\">5m\u00b3<\/td><td class=\"has-text-align-center\" data-align=\"center\">18,5   1,5kW<\/td><td class=\"has-text-align-center\" data-align=\"center\">26r\/min<\/td><td class=\"has-text-align-center\" data-align=\"center\">1820kg<\/td><\/tr><tr><td class=\"has-text-align-center\" data-align=\"center\">9JGL-7<\/td><td class=\"has-text-align-center\" data-align=\"center\">7m\u00b3<\/td><td class=\"has-text-align-center\" data-align=\"center\">22   1,5kW<\/td><td class=\"has-text-align-center\" data-align=\"center\">26r\/min<\/td><td class=\"has-text-align-center\" data-align=\"center\">2460kg<\/td><\/tr><tr><td class=\"has-text-align-center\" data-align=\"center\">9JGL-9<\/td><td class=\"has-text-align-center\" data-align=\"center\">9m\u00b3<\/td><td class=\"has-text-align-center\" data-align=\"center\">30   1,5kW<\/td><td class=\"has-text-align-center\" data-align=\"center\">26r\/min<\/td><td class=\"has-text-align-center\" data-align=\"center\">2900kg<\/td><\/tr><tr><td class=\"has-text-align-center\" data-align=\"center\">9JGL-12<\/td><td class=\"has-text-align-center\" data-align=\"center\">12m\u00b3<\/td><td class=\"has-text-align-center\" data-align=\"center\">37   1,5kW<\/td><td class=\"has-text-align-center\" data-align=\"center\">26r\/min<\/td><td class=\"has-text-align-center\" data-align=\"center\">3600kg<\/td><\/tr><\/tbody><\/table><figcaption class=\"wp-element-caption\">modelos e suas especifica\u00e7\u00f5es t\u00e9cnicas do misturador de ra\u00e7\u00e3o para gado<\/figcaption><\/figure>    <ul class=\"wp-block-list\"> <li>Fonte de energia: 3 fases 380V, 50Hz<\/li>    <li>Material da h\u00e9lice: a\u00e7o mangan\u00eas resistente ao desgaste<\/li>    <li>Capacidade m\u00e1xima de pesagem: 32.000 kg<\/li> <\/ul>    <p>Al\u00e9m disso, tamb\u00e9m oferecemos modelos adicionais, incluindo 15 m\u00b3, 20 m\u00b3 e outros. Se voc\u00ea tiver requisitos espec\u00edficos, entre em contato conosco para as \u00faltimas informa\u00e7\u00f5es.<\/p>   <div class=\"wp-block-image\"> <figure class=\"aligncenter size-full\"><img loading=\"lazy\" decoding=\"async\" width=\"720\" height=\"540\" src=\"https:\/\/corn-machine.com\/wp-content\/uploads\/2026\/03\/livestock-feed-mixer.webp\" alt=\"misturador de ra\u00e7\u00e3o para gado\" class=\"wp-image-1679\" title=\"\" srcset=\"https:\/\/corn-machine.com\/wp-content\/uploads\/2026\/03\/livestock-feed-mixer.webp 720w, https:\/\/corn-machine.com\/wp-content\/uploads\/2026\/03\/livestock-feed-mixer-300x225.webp 300w, https:\/\/corn-machine.com\/wp-content\/uploads\/2026\/03\/livestock-feed-mixer-16x12.webp 16w\" sizes=\"auto, (max-width: 720px) 100vw, 720px\" \/><figcaption class=\"wp-element-caption\">misturador de ra\u00e7\u00e3o para gado<\/figcaption><\/figure> <\/div>   <h2 class=\"wp-block-heading\"><strong>Perguntas frequentes sobre misturadores de ra\u00e7\u00e3o TMR<\/strong><\/h2>   <div id=\"rank-math-faq\" class=\"rank-math-block\"> <div class=\"rank-math-list\"> <div id=\"faq-question-1773728072323\" class=\"rank-math-list-item\"> <h3 class=\"rank-math-question\">Quantos animais um \u00fanico misturador pode alimentar?<\/h3> <div class=\"rank-math-answer\">  <p>Dependendo do modelo espec\u00edfico, uma \u00fanica m\u00e1quina pode alimentar de 200 a 2.000 cabe\u00e7as de gado por dia.<\/p>  <\/div> <\/div> <div id=\"faq-question-1773728082283\" class=\"rank-math-list-item\"> <h3 class=\"rank-math-question\">Quais tipos de ingredientes de alimenta\u00e7\u00e3o podem ser misturados?<\/h3> <div class=\"rank-math-answer\">  <p>Os ingredientes de alimenta\u00e7\u00e3o comuns incluem: silagem, feno, palha, gr\u00e3os e outros.<\/p>  <\/div> <\/div> <div id=\"faq-question-1773728140107\" class=\"rank-math-list-item\"> <h3 class=\"rank-math-question\">Qual \u00e9 melhor: misturador vertical ou horizontal?<\/h3> <div class=\"rank-math-answer\">  <p>A escolha depende de suas necessidades espec\u00edficas: misturadores verticais s\u00e3o geralmente mais dur\u00e1veis e adequados para misturar alimentos de fibra longa, enquanto misturadores horizontais s\u00e3o melhores para misturar silagem e ingredientes com maior teor de umidade.<\/p>  <\/div> <\/div> <div id=\"faq-question-1773728209326\" class=\"rank-math-list-item\"> <h3 class=\"rank-math-question\">Este equipamento pode pesar automaticamente a alimenta\u00e7\u00e3o?<\/h3> <div class=\"rank-math-answer\">  <p>Sim. O misturador de ra\u00e7\u00e3o para vacas \u00e9 equipado com um sistema de pesagem digital que garante a precis\u00e3o das propor\u00e7\u00f5es de alimenta\u00e7\u00e3o.<\/p>  <\/div> <\/div> <\/div> <\/div>  <div class=\"wp-block-image\"> <figure class=\"aligncenter size-full\"><img loading=\"lazy\" decoding=\"async\" width=\"720\" height=\"540\" src=\"https:\/\/corn-machine.com\/wp-content\/uploads\/2026\/03\/self-propelled-TMR-mixer.webp\" alt=\"misturador TMR autopropelido\" class=\"wp-image-1680\" title=\"\" srcset=\"https:\/\/corn-machine.com\/wp-content\/uploads\/2026\/03\/self-propelled-TMR-mixer.webp 720w, https:\/\/corn-machine.com\/wp-content\/uploads\/2026\/03\/self-propelled-TMR-mixer-300x225.webp 300w, https:\/\/corn-machine.com\/wp-content\/uploads\/2026\/03\/self-propelled-TMR-mixer-16x12.webp 16w\" sizes=\"auto, (max-width: 720px) 100vw, 720px\" \/><figcaption class=\"wp-element-caption\">misturador TMR autopropelido<\/figcaption><\/figure> <\/div>   <h2 class=\"wp-block-heading\"><strong>Como escolher o misturador de ra\u00e7\u00e3o TMR adequado?<\/strong><\/h2>    <p>When selecting a TMR feed mixer, please consider the following factors: your farm&#8217;s scale (specifically, the number of cattle or sheep), the type of feed used (hay or silage), the power source (electric or tractor-driven), and your specific mobility requirements.<\/p>    <p>Se voc\u00ea n\u00e3o estiver particularmente familiarizado com este tipo de misturador de ra\u00e7\u00e3o TMR, n\u00e3o se preocupe. A Taizy oferece orienta\u00e7\u00e3o especializada na compra, fornecendo recomenda\u00e7\u00f5es adaptadas \u00e0s condi\u00e7\u00f5es e necessidades espec\u00edficas da sua fazenda. Entre em contato conosco hoje para receber sua solu\u00e7\u00e3o personalizada!<\/p>    <p class=\"translation-block\">Se voc\u00ea est\u00e1 tendo dificuldades com o empacotamento de silagem, clique aqui para saber mais: <a href=\"https:\/\/corn-machine.com\/pt_br\/product\/corn-silage-bale-wrapper-machine\/\">Maquina de empacotar silagem de milho<\/a>.<br>Se voc\u00ea deseja colher silagem fresca picada, pode se interessar por esta m\u00e1quina: <a href=\"https:\/\/corn-machine.com\/pt_br\/product\/corn-silage-harvester\/\">Colheitadeira de silagem de milho<\/a>.<\/p>","protected":false},"excerpt":{"rendered":"<p>The TMR feed mixer is an indispensable piece of equipment in modern livestock farms; it helps improve feed utilization efficiency, increase milk production, reduce labor costs, and ensure that cattle and sheep receive balanced nutrition. This article will introduce you to the various types, working principles, and advantages of TMR mixers.<\/p>","protected":false},"author":1,"featured_media":1685,"parent":0,"template":"","tags":[55],"product-type":[60],"class_list":["post-1666","product","type-product","status-publish","has-post-thumbnail","hentry","tag-cornsilage","product-type-corn-silage-mixer"],"_links":{"self":[{"href":"https:\/\/corn-machine.com\/pt_br\/wp-json\/wp\/v2\/product\/1666","targetHints":{"allow":["GET"]}}],"collection":[{"href":"https:\/\/corn-machine.com\/pt_br\/wp-json\/wp\/v2\/product"}],"about":[{"href":"https:\/\/corn-machine.com\/pt_br\/wp-json\/wp\/v2\/types\/product"}],"author":[{"embeddable":true,"href":"https:\/\/corn-machine.com\/pt_br\/wp-json\/wp\/v2\/users\/1"}],"wp:featuredmedia":[{"embeddable":true,"href":"https:\/\/corn-machine.com\/pt_br\/wp-json\/wp\/v2\/media\/1685"}],"wp:attachment":[{"href":"https:\/\/corn-machine.com\/pt_br\/wp-json\/wp\/v2\/media?parent=1666"}],"wp:term":[{"taxonomy":"post_tag","embeddable":true,"href":"https:\/\/corn-machine.com\/pt_br\/wp-json\/wp\/v2\/tags?post=1666"},{"taxonomy":"product-type","embeddable":true,"href":"https:\/\/corn-machine.com\/pt_br\/wp-json\/wp\/v2\/product-type?post=1666"}],"curies":[{"name":"wp","href":"https:\/\/api.w.org\/{rel}","templated":true}]}}