{"id":1704,"date":"2026-04-07T17:05:06","date_gmt":"2026-04-07T09:05:06","guid":{"rendered":"https:\/\/corn-machine.com\/?post_type=product&#038;p=1704"},"modified":"2026-04-07T17:05:07","modified_gmt":"2026-04-07T09:05:07","slug":"90-model-hay-baler-silage-machine","status":"publish","type":"product","link":"https:\/\/corn-machine.com\/pt_br\/product\/90-model-hay-baler-silage-machine\/","title":{"rendered":"M\u00e1quina de feno compactador modelo 90"},"content":{"rendered":"<p>A mais recente m\u00e1quina de silagem e enfardadeira de feno integrada modelo 9YDB-90 \u00e9 uma solu\u00e7\u00e3o altamente automatizada e de alto desempenho, projetada especificamente para o processamento moderno de forragem em grande escala, integrando perfeitamente fun\u00e7\u00f5es de alimenta\u00e7\u00e3o, enfardamento, envolvimento e recupera\u00e7\u00e3o.<\/p>    <p>Capaz de produzir fardos com peso entre 300 e 430 kg a uma taxa de 55 a 60 fardos por hora, possui uma capacidade expandida de funil de 3,5 m\u00b3 e pode processar e enfardar pelo menos 23 toneladas de silagem por hora.<\/p>    <figure class=\"wp-block-embed aligncenter is-type-video is-provider-youtube wp-block-embed-youtube wp-embed-aspect-16-9 wp-has-aspect-ratio\"><div class=\"wp-block-embed__wrapper\"> <iframe loading=\"lazy\" title=\"M\u00e1quina de silagem e enfardadeira de feno modelo 9YDB-90 | 55\u201360 fardos\/h, solu\u00e7\u00e3o totalmente autom\u00e1tica para forragem\" width=\"500\" height=\"281\" src=\"https:\/\/www.youtube.com\/embed\/csMCDY51hVo?feature=oembed\" frameborder=\"0\" allow=\"accelerometer; autoplay; clipboard-write; encrypted-media; gyroscope; picture-in-picture; web-share\" referrerpolicy=\"strict-origin-when-cross-origin\" allowfullscreen><\/iframe> <\/div><figcaption class=\"wp-element-caption\">v\u00eddeo de trabalho da m\u00e1quina de silagem e enfardadeira de feno<\/figcaption><\/figure>    <h2 class=\"wp-block-heading\"><strong>Principais caracter\u00edsticas da m\u00e1quina de silagem e enfardadeira modelo 9YDB-90<\/strong><\/h2>    <ol class=\"wp-block-list\"> <li>A m\u00e1quina de silagem e enfardadeira de feno \u00e9 equipada com painel de controle sens\u00edvel ao toque de tela cheia e apresenta fluxo de trabalho totalmente automatizado, reduzindo significativamente a interven\u00e7\u00e3o manual.<\/li>    <li>Seu sistema de alimenta\u00e7\u00e3o autom\u00e1tica garante opera\u00e7\u00e3o cont\u00ednua e ininterrupta da m\u00e1quina, que detecta automaticamente quando a carga est\u00e1 cheia e aciona imediatamente os processos de envolvimento e amarra\u00e7\u00e3o.<\/li>    <li>O sistema de transportador de corrente atualizado transporta suavemente os fardos at\u00e9 a plataforma de envolvimento, garantindo que os fardos permane\u00e7am livres de deforma\u00e7\u00f5es ou danos.<\/li>    <li>Um sistema inovador de recupera\u00e7\u00e3o de material coleta automaticamente a forragem dispersa e a alimenta de volta ao funil para reutiliza\u00e7\u00e3o, melhorando significativamente a efici\u00eancia de utiliza\u00e7\u00e3o do material.<\/li>    <li>Equipado com pneus pneum\u00e1ticos, o fardador e envolvedora de silagem oferecem mobilidade f\u00e1cil e conveniente, tornando-se adequado para opera\u00e7\u00e3o em uma grande variedade de ambientes de campo.<\/li>    <li>A unidade possui tr\u00eas gabinetes de controle el\u00e9trico independentes \u2014 cada um alojado em uma caixa de controle separada \u2014 melhorando efetivamente a seguran\u00e7a operacional e a conveni\u00eancia de manuten\u00e7\u00e3o.<\/li> <\/ol>   <div class=\"wp-block-image\"> <figure class=\"aligncenter size-full\"><img loading=\"lazy\" decoding=\"async\" width=\"720\" height=\"540\" src=\"https:\/\/corn-machine.com\/wp-content\/uploads\/2026\/04\/automatic-hay-baler-silage-machine.webp\" alt=\"m\u00e1quina autom\u00e1tica de silagem e enfardamento de feno\" class=\"wp-image-1705\" title=\"\" srcset=\"https:\/\/corn-machine.com\/wp-content\/uploads\/2026\/04\/automatic-hay-baler-silage-machine.webp 720w, https:\/\/corn-machine.com\/wp-content\/uploads\/2026\/04\/automatic-hay-baler-silage-machine-300x225.webp 300w, https:\/\/corn-machine.com\/wp-content\/uploads\/2026\/04\/automatic-hay-baler-silage-machine-16x12.webp 16w\" sizes=\"auto, (max-width: 720px) 100vw, 720px\" \/><figcaption class=\"wp-element-caption\">m\u00e1quina autom\u00e1tica de silagem e enfardamento de feno<\/figcaption><\/figure> <\/div>   <h2 class=\"wp-block-heading\"><strong>Para quem \u00e9 destinado o Modelo 90?<\/strong><\/h2>    <p>A enfardadeira e envolvedora integrada 9YDB-90 \u00e9 ideal para operadores de fazendas de gado de m\u00e9dio a grande porte, fazendas de ovelhas e cabras, usinas de silagem, cooperativas agr\u00edcolas ou contratados que oferecem servi\u00e7os de silagem.<\/p>    <p>Se suas prioridades s\u00e3o alta produ\u00e7\u00e3o, opera\u00e7\u00e3o automatizada e requisitos m\u00ednimos de m\u00e3o de obra, ent\u00e3o este modelo \u00e9 uma excelente escolha de investimento para voc\u00ea.<\/p>    <figure class=\"wp-block-gallery has-nested-images columns-default is-cropped wp-block-gallery-2 is-layout-flex wp-block-gallery-is-layout-flex\"> <figure class=\"wp-block-image size-large\"><img loading=\"lazy\" decoding=\"async\" width=\"720\" height=\"540\" data-id=\"1709\" src=\"https:\/\/corn-machine.com\/wp-content\/uploads\/2026\/04\/large-scale-cattle-farms.webp\" alt=\"fazendas de gado de grande escala\" class=\"wp-image-1709\" title=\"\" srcset=\"https:\/\/corn-machine.com\/wp-content\/uploads\/2026\/04\/large-scale-cattle-farms.webp 720w, https:\/\/corn-machine.com\/wp-content\/uploads\/2026\/04\/large-scale-cattle-farms-300x225.webp 300w, https:\/\/corn-machine.com\/wp-content\/uploads\/2026\/04\/large-scale-cattle-farms-16x12.webp 16w\" sizes=\"auto, (max-width: 720px) 100vw, 720px\" \/><figcaption class=\"wp-element-caption\">fazendas de gado de grande escala<\/figcaption><\/figure>    <figure class=\"wp-block-image size-large\"><img loading=\"lazy\" decoding=\"async\" width=\"720\" height=\"540\" data-id=\"1710\" src=\"https:\/\/corn-machine.com\/wp-content\/uploads\/2026\/04\/silage-processing-plant.webp\" alt=\"planta de processamento de silagem\" class=\"wp-image-1710\" title=\"\" srcset=\"https:\/\/corn-machine.com\/wp-content\/uploads\/2026\/04\/silage-processing-plant.webp 720w, https:\/\/corn-machine.com\/wp-content\/uploads\/2026\/04\/silage-processing-plant-300x225.webp 300w, https:\/\/corn-machine.com\/wp-content\/uploads\/2026\/04\/silage-processing-plant-16x12.webp 16w\" sizes=\"auto, (max-width: 720px) 100vw, 720px\" \/><figcaption class=\"wp-element-caption\">planta de processamento de silagem<\/figcaption><\/figure> <\/figure>    <h2 class=\"wp-block-heading\"><strong>Par\u00e2metros T\u00e9cnicos da Nossa M\u00e1quina de Silagem de Feno<\/strong><\/h2>    <figure class=\"wp-block-table\"><table class=\"has-fixed-layout\"><thead><tr><th>Item<\/th><th>Especifica\u00e7\u00e3o<\/th><\/tr><\/thead><tbody><tr><td>Modelo<\/td><td>9YDB-90<\/td><\/tr><tr><td>Capacidade<\/td><td>55\u201360 fardos\/h<\/td><\/tr><tr><td>Volume do fardo<\/td><td>\u22650.6 m\u00b3<\/td><\/tr><tr><td>Tamanho do fardo<\/td><td>90\u00d790 cm<\/td><\/tr><tr><td>Peso do fardo<\/td><td>300\u2013430 kg<\/td><\/tr><tr><td>Efici\u00eancia de trabalho<\/td><td>\u226523 t\/h<\/td><\/tr><tr><td>Pot\u00eancia compat\u00edvel<\/td><td>39 kW<\/td><\/tr><tr><td>Pot\u00eancia do motor<\/td><td>22kW   2.2kW   1.1kW   2.2kW   4kW   7.5kW<\/td><\/tr><tr><td>Peso total<\/td><td>\u22654200 kg<\/td><\/tr><tr><td>Bra\u00e7o de envolvimento<\/td><td>2 pe\u00e7as<\/td><\/tr><tr><td>Tamanho do filme<\/td><td>50 cm \u00d7 2<\/td><\/tr><tr><td>Volume do funil<\/td><td>\u22653.5 m\u00b3<\/td><\/tr><tr><td>Largura do funil<\/td><td>\u2265170 cm<\/td><\/tr><tr><td>Porta de alimenta\u00e7\u00e3o<\/td><td>\u2265900 mm<\/td><\/tr><tr><td>Altura do funil<\/td><td>\u2265120 cm<\/td><\/tr><tr><td>Quantidade de tambor<\/td><td>\u226528 pe\u00e7as<\/td><\/tr><tr><td>Velocidade de rota\u00e7\u00e3o<\/td><td>950 r\/min<\/td><\/tr><tr><td>Raio do quadro do filme<\/td><td>1180\u00b15 mm<\/td><\/tr><tr><td>Largura do fardo<\/td><td>\u2265900 mm<\/td><\/tr><tr><td>Tamanho da m\u00e1quina<\/td><td>\u22658100\u00d72400\u00d73100 mm<\/td><\/tr><\/tbody><\/table><figcaption class=\"wp-element-caption\">par\u00e2metros t\u00e9cnicos da m\u00e1quina de silagem e enfardamento de feno<\/figcaption><\/figure>   <div class=\"wp-block-image\"> <figure class=\"aligncenter size-full\"><img loading=\"lazy\" decoding=\"async\" width=\"720\" height=\"540\" src=\"https:\/\/corn-machine.com\/wp-content\/uploads\/2026\/04\/round-bale-silage-wrapper.webp\" alt=\"embaladora de silagem de fardos redondos\" class=\"wp-image-1706\" title=\"\" srcset=\"https:\/\/corn-machine.com\/wp-content\/uploads\/2026\/04\/round-bale-silage-wrapper.webp 720w, https:\/\/corn-machine.com\/wp-content\/uploads\/2026\/04\/round-bale-silage-wrapper-300x225.webp 300w, https:\/\/corn-machine.com\/wp-content\/uploads\/2026\/04\/round-bale-silage-wrapper-16x12.webp 16w\" sizes=\"auto, (max-width: 720px) 100vw, 720px\" \/><figcaption class=\"wp-element-caption\">embaladora de silagem de fardos redondos<\/figcaption><\/figure> <\/div>   <h2 class=\"wp-block-heading\"><strong>Perguntas Frequentes \u2014 M\u00e1quina Combinada Enfardadeira e Envolvedora Modelo 90<\/strong><\/h2>   <div id=\"rank-math-faq\" class=\"rank-math-block\"> <div class=\"rank-math-list\"> <div id=\"faq-question-1775526470199\" class=\"rank-math-list-item\"> <h3 class=\"rank-math-question\">Que tipos de materiais esta m\u00e1quina pode processar?<\/h3> <div class=\"rank-math-answer\">  <p>Ela pode processar silagem de milho, capim, palha de cultivo, alfafa e v\u00e1rios outros tipos de forragem.<\/p>  <\/div> <\/div> <div id=\"faq-question-1775526488262\" class=\"rank-math-list-item\"> <h3 class=\"rank-math-question\">Esta m\u00e1quina \u00e9 totalmente autom\u00e1tica?<\/h3> <div class=\"rank-math-answer\">  <p>Sim, suporta alimenta\u00e7\u00e3o autom\u00e1tica, enfardamento, envolvimento e descarte, reduzindo significativamente a intensidade do trabalho manual.<\/p>  <\/div> <\/div> <div id=\"faq-question-1775526505244\" class=\"rank-math-list-item\"> <h3 class=\"rank-math-question\">Quantos operadores s\u00e3o necess\u00e1rios para esta m\u00e1quina de silagem e enfardamento de feno?<\/h3> <div class=\"rank-math-answer\">  <p>Normalmente, apenas 1 a 2 operadores s\u00e3o necess\u00e1rios para gerenciar todo o sistema.<\/p>  <\/div> <\/div> <div id=\"faq-question-1775526534724\" class=\"rank-math-list-item\"> <h3 class=\"rank-math-question\">Ela pode reduzir o desperd\u00edcio de material?<\/h3> <div class=\"rank-math-answer\">  <p>Sim, o sistema de recupera\u00e7\u00e3o integrado garante que a perda de material seja praticamente zero.<\/p>  <\/div> <\/div> <div id=\"faq-question-1775526566060\" class=\"rank-math-list-item\"> <h3 class=\"rank-math-question\">A silagem e a envolvedora s\u00e3o f\u00e1ceis de mover?<\/h3> <div class=\"rank-math-answer\">  <p>Sim, ela \u00e9 equipada com pneus, facilitando o transporte entre diferentes locais de trabalho.<\/p>  <\/div> <\/div> <div id=\"faq-question-1775526579458\" class=\"rank-math-list-item\"> <h3 class=\"rank-math-question\">Que tipo de filme de envolvimento ela usa?<\/h3> <div class=\"rank-math-answer\">  <p>Utiliza filme stretch de silagem de 50 cent\u00edmetros de largura (requer o uso simult\u00e2neo de dois rolos).<\/p>  <\/div> <\/div> <\/div> <\/div>  <div class=\"wp-block-image\"> <figure class=\"aligncenter size-full\"><img loading=\"lazy\" decoding=\"async\" width=\"720\" height=\"540\" src=\"https:\/\/corn-machine.com\/wp-content\/uploads\/2026\/04\/silage-bale-wrapper.webp\" alt=\"embalador de silagem\" class=\"wp-image-1707\" title=\"\" srcset=\"https:\/\/corn-machine.com\/wp-content\/uploads\/2026\/04\/silage-bale-wrapper.webp 720w, https:\/\/corn-machine.com\/wp-content\/uploads\/2026\/04\/silage-bale-wrapper-300x225.webp 300w, https:\/\/corn-machine.com\/wp-content\/uploads\/2026\/04\/silage-bale-wrapper-16x12.webp 16w\" sizes=\"auto, (max-width: 720px) 100vw, 720px\" \/><figcaption class=\"wp-element-caption\">embalador de silagem<\/figcaption><\/figure> <\/div>   <h2 class=\"wp-block-heading\"><strong>Por que voc\u00ea precisa de uma m\u00e1quina de silagem e enfardadeira de feno?<\/strong><\/h2>    <p>Na pecu\u00e1ria moderna, a preserva\u00e7\u00e3o eficiente da forragem \u00e9 crucial para manter a qualidade do alimento e reduzir custos. Enfardadeiras de silagem desempenham papel fundamental nesse processo.<\/p>    <ol class=\"wp-block-list\"> <li>Ao enfardar forragem fresca e talos de culturas, as enfardadeiras de silagem criam um ambiente anaer\u00f3bico (sem oxig\u00eanio) que facilita a fermenta\u00e7\u00e3o natural. Esse processo ajuda a preservar prote\u00ednas, umidade e diversos nutrientes, garantindo fornecimento de alimento de alta qualidade para o gado.<\/li>    <li>Quando processado com uma enfardadeira de silagem, cada fardo \u00e9 selado e protegido. Isso efetivamente protege o conte\u00fado da exposi\u00e7\u00e3o ao ar e \u00e0 umidade, minimizando significativamente o apodrecimento e a perda de alimento.<\/li>    <li>O uso de m\u00e1quinas de silagem de feno permite acumular uma quantidade suficiente de alimento durante a safra. Essa reserva pode ser utilizada durante per\u00edodos de seca ou nos meses de inverno, garantindo a opera\u00e7\u00e3o est\u00e1vel e cont\u00ednua da produ\u00e7\u00e3o de gado.<\/li> <\/ol>    <h2 class=\"wp-block-heading\"><strong>Por que escolher-nos em vez de outros fornecedores de enfardadeiras e envolvedoras?<\/strong><\/h2>    <p>Ao investir em uma enfardadeira e envolvedora, escolher o fabricante certo \u00e9 t\u00e3o importante quanto escolher a pr\u00f3pria m\u00e1quina. Aqui est\u00e3o as raz\u00f5es pelas quais nossa m\u00e1quina de silagem de feno modelo 9YDB-90 se destaca entre a concorr\u00eancia e \u00e9 a escolha preferida pelos nossos clientes:<\/p>    <ol class=\"wp-block-list\"> <li>Muitos fornecedores afirmam altas taxas de produ\u00e7\u00e3o, mas seu desempenho real muitas vezes fica aqu\u00e9m das expectativas. Nossa m\u00e1quina oferece uma produ\u00e7\u00e3o genu\u00edna de 55\u201360 fardos por hora \u2014 suportando uma efici\u00eancia de trabalho de \u226523 toneladas por hora \u2014 mantendo desempenho est\u00e1vel, mesmo durante opera\u00e7\u00e3o cont\u00ednua.<\/li>    <li>Ao contr\u00e1rio das m\u00e1quinas semi-autom\u00e1ticas comumente encontradas no mercado, nosso equipamento apresenta processamento totalmente automatizado, cobrindo todo o fluxo de trabalho desde a alimenta\u00e7\u00e3o autom\u00e1tica, enfardamento, envolvimento at\u00e9 a descarga final do fardo.<\/li>    <li>A maioria dos concorrentes tende a negligenciar a quest\u00e3o da perda de material. Nossa m\u00e1quina \u00e9 equipada com um sistema de recupera\u00e7\u00e3o por esteira de corrente e transportador de parafuso que coleta e recicla automaticamente qualquer material de forragem disperso.<\/li>    <li>Oferecemos mais do que apenas m\u00e1quinas, mas solu\u00e7\u00f5es completas que incluem orienta\u00e7\u00e3o t\u00e9cnica especializada, servi\u00e7os de suporte para instala\u00e7\u00e3o e opera\u00e7\u00e3o, e fornecimento confi\u00e1vel de pe\u00e7as de reposi\u00e7\u00e3o.<\/li> <\/ol>   <div class=\"wp-block-image\"> <figure class=\"aligncenter size-full\"><img loading=\"lazy\" decoding=\"async\" width=\"720\" height=\"540\" src=\"https:\/\/corn-machine.com\/wp-content\/uploads\/2026\/04\/silage-baler-and-wrapper-machine.webp\" alt=\"m\u00e1quina de ensilar e envolver\" class=\"wp-image-1708\" title=\"\" srcset=\"https:\/\/corn-machine.com\/wp-content\/uploads\/2026\/04\/silage-baler-and-wrapper-machine.webp 720w, https:\/\/corn-machine.com\/wp-content\/uploads\/2026\/04\/silage-baler-and-wrapper-machine-300x225.webp 300w, https:\/\/corn-machine.com\/wp-content\/uploads\/2026\/04\/silage-baler-and-wrapper-machine-16x12.webp 16w\" sizes=\"auto, (max-width: 720px) 100vw, 720px\" \/><figcaption class=\"wp-element-caption\">m\u00e1quina de ensilar e envolver<\/figcaption><\/figure> <\/div>   <p>Seja voc\u00ea propriet\u00e1rio de fazenda, contratado agr\u00edcola ou empresa de processamento de silagem, investir nesta m\u00e1quina combinada avan\u00e7ada de enfardamento e envolvimento pode ajudar a reduzir custos de m\u00e3o de obra e opera\u00e7\u00e3o, melhorar a preserva\u00e7\u00e3o e a qualidade do seu alimento, e maximizar a utiliza\u00e7\u00e3o de recursos \u2014 aumentando sua lucratividade geral.<\/p>    <p>Resumindo, a m\u00e1quina de silagem de feno modelo 9YDB-90 \u00e9 mais do que uma simples m\u00e1quina. \u00c9 uma solu\u00e7\u00e3o completa de produ\u00e7\u00e3o de silagem que oferece efici\u00eancia, estabilidade e valor a longo prazo para suas opera\u00e7\u00f5es.<\/p>    <p>Outros modelos de silagem e envolvedora: <\/p>    <ul class=\"wp-block-list\"> <li><a href=\"https:\/\/corn-machine.com\/pt_br\/product\/corn-silage-bale-wrapper-machine\/\">Envolvedora de feno pequena modelo 9YDB-55<\/a><\/li>    <li><a href=\"https:\/\/corn-machine.com\/pt_br\/product\/taizy-new-corn-silage-baler-machine\/\">Envolvedora de feno e silagem modelo 9YDB-70 redonda<\/a><\/li> <\/ul>","protected":false},"excerpt":{"rendered":"<p>Discover the Model 9YDB-90 Silage Baler\u2014combining automated operation, a dual-wrapping system, and high output. It is the ideal choice for large-scale silage production, helping you maximize efficiency and minimize waste.<\/p>","protected":false},"author":1,"featured_media":1715,"parent":0,"template":"","tags":[55],"product-type":[59],"class_list":["post-1704","product","type-product","status-publish","has-post-thumbnail","hentry","tag-cornsilage","product-type-corn-silage-baler"],"_links":{"self":[{"href":"https:\/\/corn-machine.com\/pt_br\/wp-json\/wp\/v2\/product\/1704","targetHints":{"allow":["GET"]}}],"collection":[{"href":"https:\/\/corn-machine.com\/pt_br\/wp-json\/wp\/v2\/product"}],"about":[{"href":"https:\/\/corn-machine.com\/pt_br\/wp-json\/wp\/v2\/types\/product"}],"author":[{"embeddable":true,"href":"https:\/\/corn-machine.com\/pt_br\/wp-json\/wp\/v2\/users\/1"}],"wp:featuredmedia":[{"embeddable":true,"href":"https:\/\/corn-machine.com\/pt_br\/wp-json\/wp\/v2\/media\/1715"}],"wp:attachment":[{"href":"https:\/\/corn-machine.com\/pt_br\/wp-json\/wp\/v2\/media?parent=1704"}],"wp:term":[{"taxonomy":"post_tag","embeddable":true,"href":"https:\/\/corn-machine.com\/pt_br\/wp-json\/wp\/v2\/tags?post=1704"},{"taxonomy":"product-type","embeddable":true,"href":"https:\/\/corn-machine.com\/pt_br\/wp-json\/wp\/v2\/product-type?post=1704"}],"curies":[{"name":"wp","href":"https:\/\/api.w.org\/{rel}","templated":true}]}}