{"id":44,"date":"2022-09-06T06:19:10","date_gmt":"2022-09-05T22:19:10","guid":{"rendered":"https:\/\/corn-machine.com\/?post_type=product&#038;p=44"},"modified":"2025-07-28T09:25:59","modified_gmt":"2025-07-28T01:25:59","slug":"maize-seed-planter","status":"publish","type":"product","link":"https:\/\/corn-machine.com\/pt_br\/product\/maize-seed-planter\/","title":{"rendered":"Plantadeira Autom\u00e1tica de Milho Multiline | Plantadeira de Milho de Trator"},"content":{"rendered":"<p class=\"translation-block\">Uma das m\u00e1quinas mais populares da Taizy Machinery \u00e9 o <strong>semeador de milho<\/strong>, que pode semear v\u00e1rias fileiras de sementes de milho simultaneamente no campo. Esta m\u00e1quina usa um dispositivo de semeadura de alta precis\u00e3o, e a taxa de qualifica\u00e7\u00e3o da contagem de gr\u00e3os \u00e9 superior a 80%.<\/p>    <p>At\u00e9 agora, exportamos semeadeiras de milho de trator para Nig\u00e9ria, EUA, Tail\u00e2ndia, Filipinas, Maurit\u00e2nia, Guin\u00e9 e outros pa\u00edses. Ajuda as pessoas locais a reduzir os custos de m\u00e3o de obra e a melhorar sua efici\u00eancia. Se voc\u00ea estiver interessado na semeadeira de milho, entre em contato conosco agora.<\/p>    <h2 class=\"wp-block-heading\" id=\"h-features-of-maize-seed-planter\">Caracter\u00edsticas da m\u00e1quina semeadeira de amendoim<\/h2>   <div class=\"wp-block-image\"> <figure class=\"aligncenter size-full\"><img loading=\"lazy\" decoding=\"async\" width=\"720\" height=\"540\" src=\"https:\/\/corn-machine.com\/wp-content\/uploads\/2022\/09\/maize-planting-machine1.webp\" alt=\"m\u00e1quina de plantar milho\" class=\"wp-image-136\" title=\"\"><figcaption class=\"wp-element-caption\">m\u00e1quina de plantar milho<\/figcaption><\/figure> <\/div>   <ul class=\"wp-block-list\"> <li>Esta plantadeira de sementes de milho tem <strong>alta precis\u00e3o na semeadura<\/strong>, e o \u00edndice qualificado atinge mais de 80%.<br>A semeadora tem alta efici\u00eancia de trabalho. A m\u00e1quina pode atingir 8 km\/h quando a dist\u00e2ncia entre as plantas \u00e9 maior que 20 cm.<\/li>    <li>A plantadeira de milho <strong>controle do espa\u00e7amento entre os buracos<\/strong> muito precisamente, o que pode ajudar na distribui\u00e7\u00e3o uniforme das mudas de milho, aproveitar ao m\u00e1ximo as vantagens individuais e promover um crescimento vigoroso do milho, aumentando assim a produtividade.<\/li>    <li>A plantadeira de milho \u00e9 <strong>conectado ao <a href=\"https:\/\/en.wikipedia.org\/wiki\/Tractor\" target=\"_blank\" rel=\"noopener\">tratores<\/a><\/strong>, o que melhora a efici\u00eancia de trabalho. A plantadeira \u00e9 f\u00e1cil de operar, e o usu\u00e1rio s\u00f3 precisa sentar e oper\u00e1-la.<\/li> <\/ul>    <h2 class=\"wp-block-heading\" id=\"h-introduction-of-corn-seed-planter\">Introdu\u00e7\u00e3o da m\u00e1quina semeadora de soja<\/h2>    <p>A Taizy Machinery projetou um novo tipo de semeadeira de milho de 2, 3, 4, 5, 6 e 8 fileiras, que precisa trabalhar com um trator. Voc\u00ea pode escolher de acordo com suas necessidades. Esta m\u00e1quina semeadeira de milho tamb\u00e9m possui um tanque de fertilizante que planta sementes no solo ao mesmo tempo, aumentando a taxa de semeadura sem danificar as mudas de milho.<\/p>    <p>Esta semeadeira de milho tem excelente desempenho e pode ser ajustada para espa\u00e7amento entre fileiras, espa\u00e7amento de plantio, profundidade de sulcagem, profundidade de aplica\u00e7\u00e3o de fertilizante e profundidade de semeadura, tornando-a uma m\u00e1quina importante para o plantio de milho. Al\u00e9m disso, tamb\u00e9m oferecemos semeadeiras manuais de milho e colheitadeiras de milho para plantio em pequena escala. Estas s\u00e3o m\u00e1quinas importantes para o processamento de milho.<\/p>    <figure class=\"wp-block-gallery has-nested-images columns-default is-cropped wp-block-gallery-2 is-layout-flex wp-block-gallery-is-layout-flex\"> <figure class=\"wp-block-image size-large\"><img loading=\"lazy\" decoding=\"async\" width=\"720\" height=\"540\" data-id=\"132\" src=\"https:\/\/corn-machine.com\/wp-content\/uploads\/2022\/09\/3-row-corn-planter-machine1.webp\" alt=\"M\u00e1quina semeadeira de milho de 3 fileiras\" class=\"wp-image-132\" title=\"\"><figcaption class=\"wp-element-caption\">Semeadeira de milho de 3 fileiras<\/figcaption><\/figure>    <figure class=\"wp-block-image size-large\"><img loading=\"lazy\" decoding=\"async\" width=\"720\" height=\"540\" data-id=\"133\" src=\"https:\/\/corn-machine.com\/wp-content\/uploads\/2022\/09\/4-row-corn-planter-machine1.webp\" alt=\"m\u00e1quina plantadora de milho de 4 linhas\" class=\"wp-image-133\" title=\"\"><figcaption class=\"wp-element-caption\">m\u00e1quina plantadora de milho de 4 linhas<\/figcaption><\/figure> <\/figure>    <figure class=\"wp-block-gallery has-nested-images columns-default is-cropped wp-block-gallery-3 is-layout-flex wp-block-gallery-is-layout-flex\"> <figure class=\"wp-block-image size-large\"><img loading=\"lazy\" decoding=\"async\" width=\"720\" height=\"540\" data-id=\"134\" src=\"https:\/\/corn-machine.com\/wp-content\/uploads\/2022\/09\/6-row-maize-planting-machine1.webp\" alt=\"M\u00e1quina semeadeira de milho de 6 fileiras\" class=\"wp-image-134\" title=\"\"><figcaption class=\"wp-element-caption\">M\u00e1quina semeadeira de milho de 6 fileiras<\/figcaption><\/figure>    <figure class=\"wp-block-image size-large\"><img loading=\"lazy\" decoding=\"async\" width=\"720\" height=\"540\" data-id=\"135\" src=\"https:\/\/corn-machine.com\/wp-content\/uploads\/2022\/09\/8-row-corn-planting-machine1.webp\" alt=\"M\u00e1quina semeadeira de milho de 8 fileiras\" class=\"wp-image-135\" title=\"\"><figcaption class=\"wp-element-caption\">Semeadeira de milho de trator de 8 fileiras<\/figcaption><\/figure> <\/figure>    <h2 class=\"wp-block-heading\" id=\"h-technical-parameters-of-maize-seed-planter\">Par\u00e2metros t\u00e9cnicos da semeadeira de milho<\/h2>    <p>Existem 6 tipos de semeadeiras de milho de trator, que s\u00e3o equipadas com diferentes n\u00fameros de caixas de sementes. Voc\u00ea pode escolher a mais adequada. Tamb\u00e9m fornecemos o servi\u00e7o de troca de caixas para materiais de vidro ou metal.<\/p>    <p>Al\u00e9m disso, esta m\u00e1quina \u00e9 equipada com uma roda guia de gr\u00e3o \u00fanico. Ao selecionar sementes, voc\u00ea pode escolher uma roda guia de gr\u00e3o \u00fanico para semeadura de gr\u00e3os finos.<\/p>    <figure class=\"wp-block-table\"><table><tbody><tr><td>Modelo<\/td><td>2BYSF-2<\/td><td>2BYSF-3<\/td><td>2BYSF-4<\/td><td>2BYSF-5<\/td><td>2BYSF-6<\/td><td>2BYSF-8<\/td><\/tr><tr><td>Tamanho<\/td><td>1.57*1.3*1.2m<\/td><td>1.57*1.7*1.2m<\/td><td>1.62*2.35*1.2m<\/td><td>1.62*2.75*1.2m<\/td><td>1.62*3.35*1.2m<\/td><td>1.64*4.6*1.2m<\/td><\/tr><tr><td>Fileira<\/td><td>2<\/td><td>3<\/td><td>4<\/td><td>5<\/td><td>6<\/td><td>8<\/td><\/tr><tr><td>Espa\u00e7amento entre fileiras<\/td><td>428-570mm<\/td><td>428-570mm<\/td><td>428-570mm<\/td><td>428-570mm<\/td><td>428-570mm<\/td><td>428-570mm<\/td><\/tr><tr><td>Espa\u00e7amento entre plantas<\/td><td>140mm-280mm<\/td><td>140mm-280mm<\/td><td>140mm-280mm<\/td><td>140mm-280mm<\/td><td>140mm-280mm<\/td><td>140mm-280mm<\/td><\/tr><tr><td>Profundidade de sulcagem<\/td><td>&nbsp;60-80mm<\/td><td>&nbsp;60-80mm<\/td><td>&nbsp;60-80mm<\/td><td>&nbsp;60-80mm<\/td><td>&nbsp;60-80mm<\/td><td>&nbsp;60-80mm<\/td><\/tr><tr><td>Profundidade de fertiliza\u00e7\u00e3o<\/td><td>60-80mm<\/td><td>60-80mm<\/td><td>60-80mm<\/td><td>60-80mm<\/td><td>60-80mm<\/td><td>60-80mm<\/td><\/tr><tr><td>Profundidade de semeadura<\/td><td>30-50mm<\/td><td>30-50mm<\/td><td>30-50mm<\/td><td>30-50mm<\/td><td>30-50mm<\/td><td>30-50mm<\/td><\/tr><tr><td>A capacidade do tanque de fertilizante<\/td><td>18.75L x2<\/td><td>18.75L x3<\/td><td>18.75L x4<\/td><td>18.75L x5<\/td><td>18.75L x6<\/td><td>18.75L x8<\/td><\/tr><tr><td>Capacidade da caixa de sementes<\/td><td>8.5 x 2<\/td><td>8.5 x 3<\/td><td>8.5 x 4<\/td><td>8.5 x 5<\/td><td>8.5 x 6<\/td><td>8.5 x 8<\/td><\/tr><tr><td>Peso<\/td><td>150kg<\/td><td>200kg<\/td><td>295kg<\/td><td>360kg<\/td><td>425kg<\/td><td>650kg<\/td><\/tr><tr><td>Pot\u00eancia correspondente<\/td><td>&nbsp;12-18hp<\/td><td>15-25hp<\/td><td>25-40hp<\/td><td>40-60hp<\/td><td>50-80hp<\/td><td>75-100hp<\/td><\/tr><tr><td>Acoplamento<\/td><td>&nbsp;3 pontos<\/td><td>&nbsp;3 pontos<\/td><td>&nbsp;3 pontos<\/td><td>&nbsp;3 pontos<\/td><td>&nbsp;3 pontos<\/td><td>&nbsp;3 pontos<\/td><\/tr><\/tbody><\/table><figcaption class=\"wp-element-caption\">os par\u00e2metros da semeadeira de milho<\/figcaption><\/figure>    <h2 class=\"wp-block-heading\" id=\"h-application-of-corn-seed-planter-machine\">V\u00e1rias aplica\u00e7\u00f5es da m\u00e1quina semeadeira de milho<\/h2>    <p>De acordo com as caracter\u00edsticas do plantador de milho de trator, o formato de sementes semelhante ao milho \u00e9 adequado para esta m\u00e1quina semeadeira de milho, como feij\u00e3o vermelho, feij\u00e3o mungo, soja, sorgo, etc. Aqui est\u00e1 um v\u00eddeo de trabalho da m\u00e1quina semeadeira de milho. Vamos dar uma olhada no seu processo de funcionamento!<\/p>    <figure class=\"wp-block-embed is-type-video is-provider-youtube wp-block-embed-youtube wp-embed-aspect-16-9 wp-has-aspect-ratio\"><div class=\"wp-block-embed__wrapper\"> <iframe loading=\"lazy\" title=\"Melhor M\u00e1quina de Plantio de Milho | Processo de Trabalho da M\u00e1quina Moderna de Plantio de Milho\" width=\"500\" height=\"281\" src=\"https:\/\/www.youtube.com\/embed\/1SswL7Jq75I?feature=oembed\" frameborder=\"0\" allow=\"accelerometer; autoplay; clipboard-write; encrypted-media; gyroscope; picture-in-picture; web-share\" referrerpolicy=\"strict-origin-when-cross-origin\" allowfullscreen><\/iframe> <\/div><figcaption class=\"wp-element-caption\">V\u00eddeo de trabalho da m\u00e1quina semeadeira de milho<\/figcaption><\/figure>    <h2 class=\"wp-block-heading\" id=\"h-corn-planting-machine-operation-points\">Pontos de opera\u00e7\u00e3o da semeadeira de milho de trator <\/h2>    <p>Ap\u00f3s comprar a semeadeira de milho, voc\u00ea precisa ler atentamente o manual de instru\u00e7\u00f5es, participar do treinamento t\u00e9cnico correspondente e usar a semeadeira corretamente, o que pode reduzir a perda de m\u00e1quinas e prolongar a vida \u00fatil da m\u00e1quina.<\/p>    <ol class=\"wp-block-list\"> <li>Ajuste a m\u00e1quina antes da semeadura. Muitas partes da semeadeira precisam ser conectadas e lubrificadas. Ajuste o espa\u00e7amento entre fileiras e o espa\u00e7amento das sementes a serem semeadas.<\/li>    <li>No processo de semeadura, \u00e9 necess\u00e1rio observar o estado da semeadura o tempo todo. O estado da semeadura inclui a quantidade de semeadura, a localiza\u00e7\u00e3o da semeadura, a profundidade da semeadura e a dosagem de fertilizantes qu\u00edmicos. Se for considerado n\u00e3o qualificado, \u00e9 necess\u00e1rio parar e reajustar.<\/li>    <li>Os clientes devem controlar a velocidade e a profundidade de semeadura de acordo com a situa\u00e7\u00e3o real. Devido \u00e0 diferen\u00e7a na terra, a espessura da cobertura do solo durante o processo de plantio tamb\u00e9m variar\u00e1. Geralmente falando, precisa cobrir cerca de 4-5cm.<\/li> <\/ol>    <p class=\"translation-block\">Precisa de mais semeadeiras de milho pequenas? Talvez voc\u00ea goste desta: uma <a href=\"https:\/\/corn-machine.com\/pt_br\/product\/manual-corn-seed-planter\/\">semeadeira manual de milho<\/a>, que \u00e9 adequada para plantio em pequena escala! <\/p>    <p>Quaisquer d\u00favidas ou requisitos para a sua planta, por favor, me informe. N\u00e3o hesite em nos contatar!<\/p>    <p><\/p>","protected":false},"excerpt":{"rendered":"<p>Este plantador de sementes de milho proporciona o cultivo em grande escala com m\u00faltiplas fileiras e utiliza um dispositivo de semeadura de alta precis\u00e3o com mais de 80% de taxa de gr\u00e3os qualificados.<\/p>","protected":false},"author":1,"featured_media":46,"parent":0,"template":"","tags":[24],"product-type":[39],"class_list":["post-44","product","type-product","status-publish","has-post-thumbnail","hentry","tag-maize-seed-planter","product-type-maize-planter-machine"],"_links":{"self":[{"href":"https:\/\/corn-machine.com\/pt_br\/wp-json\/wp\/v2\/product\/44","targetHints":{"allow":["GET"]}}],"collection":[{"href":"https:\/\/corn-machine.com\/pt_br\/wp-json\/wp\/v2\/product"}],"about":[{"href":"https:\/\/corn-machine.com\/pt_br\/wp-json\/wp\/v2\/types\/product"}],"author":[{"embeddable":true,"href":"https:\/\/corn-machine.com\/pt_br\/wp-json\/wp\/v2\/users\/1"}],"wp:featuredmedia":[{"embeddable":true,"href":"https:\/\/corn-machine.com\/pt_br\/wp-json\/wp\/v2\/media\/46"}],"wp:attachment":[{"href":"https:\/\/corn-machine.com\/pt_br\/wp-json\/wp\/v2\/media?parent=44"}],"wp:term":[{"taxonomy":"post_tag","embeddable":true,"href":"https:\/\/corn-machine.com\/pt_br\/wp-json\/wp\/v2\/tags?post=44"},{"taxonomy":"product-type","embeddable":true,"href":"https:\/\/corn-machine.com\/pt_br\/wp-json\/wp\/v2\/product-type?post=44"}],"curies":[{"name":"wp","href":"https:\/\/api.w.org\/{rel}","templated":true}]}}