{"id":47,"date":"2022-09-06T06:35:08","date_gmt":"2022-09-06T06:35:08","guid":{"rendered":"https:\/\/corn-machine.com\/?post_type=product&#038;p=47"},"modified":"2025-08-06T16:04:29","modified_gmt":"2025-08-06T08:04:29","slug":"efficient-maize-harvester-machine","status":"publish","type":"product","link":"https:\/\/corn-machine.com\/pt_br\/product\/efficient-maize-harvester-machine\/","title":{"rendered":"M\u00e1quina Colheitadeira de Milho | M\u00e1quina de Colheita de Milho \u00e0 Venda"},"content":{"rendered":"<p>The maize harvester machine helps farmers to complete the harvesting of corn stalks when the corn is mature. With the help of corn harvesting machine, the efficiency of crop harvesting will improve greatly and reduce the labor intensity of farmers. <\/p>    <p>It can be equipped with a diesel engine or an electric motor to guarantee machine operation. With the working speed of 0.72-1.44 km\/h, its capacity can be guaranteed between 0.03-0.06\u00a0hectare\/h. <\/p>    <p>This maize harvester for sale is very easy to operate, and one person can complete all the procedures. In addition, this machine is affordable and suitable for small-scale corn farms and special hilly terrain.<\/p>   <div class=\"wp-block-image\"> <figure class=\"aligncenter size-full\"><img loading=\"lazy\" decoding=\"async\" width=\"720\" height=\"540\" src=\"https:\/\/corn-machine.com\/wp-content\/uploads\/2022\/09\/maize-harvester-machines-in-plant.webp\" alt=\"\" class=\"wp-image-148\" title=\"\"><figcaption class=\"wp-element-caption\">maize harvester machine<\/figcaption><\/figure> <\/div>   <h2 class=\"wp-block-heading\" id=\"h-introduction-of-maize-harvester-machine\"><strong>Introduction of maize harvester machine<\/strong><\/h2>    <p>The corn harvester machine is propelled forward by a person, and the working parts are driven by a diesel engine or electric motor for cutting and harvesting operations. <\/p>    <p>A colheitadeira de milho de uma \u00fanica fileira tem quase as mesmas fun\u00e7\u00f5es que a grande colheitadeira de milho combinada, incluindo colher, descascar, limpar e triturar talos, mas esta colheitadeira de milho rec\u00e9m-projetada \u00e9 mais f\u00e1cil de configurar e operar, al\u00e9m de que a altura do corte da m\u00e1quina \u00e9 ajust\u00e1vel.<\/p>   <div class=\"wp-block-image\"> <figure class=\"aligncenter size-full\"><img loading=\"lazy\" decoding=\"async\" width=\"720\" height=\"540\" src=\"https:\/\/corn-machine.com\/wp-content\/uploads\/2022\/09\/corn-harvester-machin-in-plant.webp\" alt=\"\" class=\"wp-image-145\" title=\"\"><figcaption class=\"wp-element-caption\">corn harvester machine in plant<\/figcaption><\/figure> <\/div>  <div class=\"wp-block-image\"> <figure class=\"aligncenter size-full\"><img loading=\"lazy\" decoding=\"async\" width=\"720\" height=\"540\" src=\"https:\/\/corn-machine.com\/wp-content\/uploads\/2022\/09\/corn-harvester-in-plant.webp\" alt=\"corn harvester in plant\" class=\"wp-image-144\" title=\"\"><figcaption class=\"wp-element-caption\">corn harvester in plant<\/figcaption><\/figure> <\/div>   <h2 class=\"wp-block-heading\" id=\"h-advantages-of-single-row-maize-harvester\"><strong>Advantages of single-row maize harvester<\/strong><\/h2>    <ol class=\"wp-block-list\"> <li>The single-row maize harvester can simultaneously complete corn picking and straw crushing to return to the field, improving soil fertility while harvesting corn.<\/li>    <li>Higher efficiency than manual harvesting, this maize harvester machine can crop 0.03-0.06 hectares of corn per hour.<\/li>    <li>The maize cutting machine has low fuel consumption, high-cost performance, and the whole machine is relatively inexpensive, so it can save farmers money.<\/li>    <li>It is very easy to operate and can be put into production use by farmers after simple training.<\/li>    <li>This corn harvesting machine is small and light, so it is very flexible to move. When equipped with a diesel engine, it can be applied to many fields, such as flat, hilly, and mountainous areas.<\/li> <\/ol>    <h2 class=\"wp-block-heading\" id=\"h-parameters-of-corn-harvesting-machine\"><strong>Parameters of corn harvesting machine<\/strong><\/h2>    <figure class=\"wp-block-table\"><table><tbody><tr><td>Modelo<\/td><td>4YZ-1<\/td><\/tr><tr><td>Tamanho<\/td><td>1820 \u00d7 800 \u00d7 1190mm<\/td><\/tr><tr><td>Peso<strong><\/strong><\/td><td>265kg<\/td><\/tr><tr><td>Working speed<\/td><td>0.72-1.44km\/ h<\/td><\/tr><tr><td>Capacidade<\/td><td>0.03-0.06\u00a0hectare\/h<\/td><\/tr><tr><td>Blades number<\/td><td>10<\/td><\/tr><tr><td>Fuel consumption\u00a0of unit working area<\/td><td>\u226410kg\/h\u33a1<\/td><\/tr><\/tbody><\/table><figcaption class=\"wp-element-caption\">detailed parameters of maize harvester machine<\/figcaption><\/figure>    <h2 class=\"wp-block-heading\" id=\"h-global-case-of-maize-harvester-machine\"><strong>Global case of corn harvest machine<\/strong><\/h2>    <p>We were recently approached by a customer from Nigeria who ordered a maize harvester machine. He has previously purchased a corn thresher machine from our company last year. <\/p>    <p class=\"translation-block\">This Nigerian customer runs a small farm in his country where the corn fields are located in a hilly area, so every time the corn harvesting season came, he had to employ many laborers to pick the <a href=\"https:\/\/en.wikipedia.org\/wiki\/Crop\" target=\"_blank\" rel=\"noopener\">crop<\/a>s. <\/p>    <p>After being recommended a single-row corn harvesting machine by his account manager, he determined the yield and other factors and ordered 30 maize harvesters from Taizy Machinery. <\/p>    <p>The customer has now received the machine and tells us that he only employs half the number of workers as before, but now the efficiency has increased by more than 3 times.<\/p>    <figure class=\"wp-block-gallery has-nested-images columns-default is-cropped wp-block-gallery-2 is-layout-flex wp-block-gallery-is-layout-flex\"> <figure class=\"wp-block-image size-large\"><img loading=\"lazy\" decoding=\"async\" width=\"720\" height=\"540\" data-id=\"146\" src=\"https:\/\/corn-machine.com\/wp-content\/uploads\/2022\/09\/load-and-delivery-.webp\" alt=\"\" class=\"wp-image-146\" title=\"\"><\/figure>    <figure class=\"wp-block-image size-large\"><img loading=\"lazy\" decoding=\"async\" width=\"720\" height=\"540\" data-id=\"147\" src=\"https:\/\/corn-machine.com\/wp-content\/uploads\/2022\/09\/loading-and-shipping-of-small-scale-corn-harvester-tuya1.webp\" alt=\"\" class=\"wp-image-147\" title=\"\"><\/figure> <\/figure>    <p><\/p>    <h2 class=\"wp-block-heading\" id=\"h-faqs-of-maize-harvester-for-sale\"><strong>FAQs of maize harvester for sale<\/strong><\/h2>    <div class=\"schema-faq wp-block-yoast-faq-block\"><div class=\"schema-faq-section\" id=\"faq-question-1662445667247\"><strong class=\"schema-faq-question\">Can the corn harvester machine tear corn husks?<\/strong> <p class=\"schema-faq-answer\">No, it can not.<\/p> <\/div> <div class=\"schema-faq-section\" id=\"faq-question-1662445699563\"><strong class=\"schema-faq-question\">How does the machine deal with corn stalks?<\/strong> <p class=\"schema-faq-answer\">The corn stalk will be crushed and then directly returned to the field.<\/p> <\/div> <div class=\"schema-faq-section\" id=\"faq-question-1662445724968\"><strong class=\"schema-faq-question\">What is the height of cutting corn stalk?<\/strong> <p class=\"schema-faq-answer\">It can be adjusted, and the shortest straw left is 10 cm.<\/p> <\/div> <div class=\"schema-faq-section\" id=\"faq-question-1662445758835\"><strong class=\"schema-faq-question\">How many crushing knives are equipped with the corn harvester?<\/strong> <p class=\"schema-faq-answer\">There are 10 crushing knives.<\/p> <\/div> <div class=\"schema-faq-section\" id=\"faq-question-1662445809116\"><strong class=\"schema-faq-question\">What is the power configuration of the machine?<\/strong> <p class=\"schema-faq-answer\">&nbsp;It includes asoline engines 188F and diesel engines 188F.<\/p> <\/div> <div class=\"schema-faq-section\" id=\"faq-question-1662445864028\"><strong class=\"schema-faq-question\">How many machines can a 20-foot wooden cabinet and a 40-foot wooden cabinet hold?<\/strong> <p class=\"schema-faq-answer\">26 units for 20-foot containers and 54 units for 40-foot containers.<\/p> <\/div> <div class=\"schema-faq-section\" id=\"faq-question-1662445898898\"><strong class=\"schema-faq-question\">How many corns can the hopper of the machine hold?<\/strong> <p class=\"schema-faq-answer\">The hopper of the maize harvester machine can hold 30-50 corns.<\/p> <\/div> <\/div>    <h2 class=\"wp-block-heading\"><strong>Other useful corn farming tools<\/strong><\/h2>    <p>Besides the maize harvester machine, our company also provides other practical corn machinery to meet every need in agriculture. <\/p>    <p>Is there a more convenient corn planter? How to solve the problems of the corn storage? Could you improve the value of your materials for more benefits? These problems can all be solved by using different tools.<\/p>    <p class=\"translation-block\">We introduce the <a href=\"https:\/\/corn-machine.com\/pt_br\/product\/mobile-grain-dryer-for-drying-corn-rice\/\">mobile grain dryer<\/a> for drying maize and storage. Click the link to know its work process and more details. If you have a farm with a huge raw materials and want to create a new workshop to make more benefits. <a href=\"https:\/\/corn-machine.com\/pt_br\/product\/maize-grits-making-machine\/\">Maize grits making machine<\/a> is a good choice to produce grits and corn flour for sale.<\/p>    <p>N\u00f3s somos apenas fornecedores de opini\u00f5es para voc\u00ea escolher a m\u00e1quina mais adequada \u00e0s suas necessidades. Se voc\u00ea tiver algum problema e quiser perguntar o pre\u00e7o exato de qualquer m\u00e1quina, n\u00e3o hesite em nos contatar.<\/p>","protected":false},"excerpt":{"rendered":"<p>Adequado para colheita de milho em pequena escala e terrenos montanhosos especiais, esta m\u00e1quina colhedora de milho pode melhorar a efici\u00eancia do trabalho e reduzir significativamente a intensidade do trabalho.<\/p>","protected":false},"author":1,"featured_media":49,"parent":0,"template":"","tags":[18],"product-type":[40],"class_list":["post-47","product","type-product","status-publish","has-post-thumbnail","hentry","tag-maize-harvester-machine","product-type-corn-harvesting-machine"],"_links":{"self":[{"href":"https:\/\/corn-machine.com\/pt_br\/wp-json\/wp\/v2\/product\/47","targetHints":{"allow":["GET"]}}],"collection":[{"href":"https:\/\/corn-machine.com\/pt_br\/wp-json\/wp\/v2\/product"}],"about":[{"href":"https:\/\/corn-machine.com\/pt_br\/wp-json\/wp\/v2\/types\/product"}],"author":[{"embeddable":true,"href":"https:\/\/corn-machine.com\/pt_br\/wp-json\/wp\/v2\/users\/1"}],"wp:featuredmedia":[{"embeddable":true,"href":"https:\/\/corn-machine.com\/pt_br\/wp-json\/wp\/v2\/media\/49"}],"wp:attachment":[{"href":"https:\/\/corn-machine.com\/pt_br\/wp-json\/wp\/v2\/media?parent=47"}],"wp:term":[{"taxonomy":"post_tag","embeddable":true,"href":"https:\/\/corn-machine.com\/pt_br\/wp-json\/wp\/v2\/tags?post=47"},{"taxonomy":"product-type","embeddable":true,"href":"https:\/\/corn-machine.com\/pt_br\/wp-json\/wp\/v2\/product-type?post=47"}],"curies":[{"name":"wp","href":"https:\/\/api.w.org\/{rel}","templated":true}]}}