{"id":51,"date":"2022-09-06T07:00:55","date_gmt":"2022-09-06T07:00:55","guid":{"rendered":"https:\/\/corn-machine.com\/?post_type=product&#038;p=51"},"modified":"2025-07-17T11:39:39","modified_gmt":"2025-07-17T03:39:39","slug":"manual-corn-seed-planter","status":"publish","type":"product","link":"https:\/\/corn-machine.com\/pt_br\/product\/manual-corn-seed-planter\/","title":{"rendered":"Plantadeira Manual de Sementes de Milho | M\u00e1quina de Semeadura de Milho Manual"},"content":{"rendered":"<p class=\"translation-block\">Maize seeder planter \u00e9 especialmente projetado para semear todos os tipos de culturas para o plantio de milho, amendoim, trigo, amendoim, soja e outras culturas variadas. Temos diferentes capacidades e estilos de plantadores manuais de sementes de milho. Nossa semeadeira operada pela m\u00e3o foi exportada para Nig\u00e9ria, Qu\u00eania, Peru e mais de 30 outros pa\u00edses e regi\u00f5es. Al\u00e9m disso, a Taizy Machinery tamb\u00e9m oferece uma <a href=\"https:\/\/corn-machine.com\/pt_br\/product\/maize-seed-planter\/\">semeadeira autom\u00e1tica de milho<\/a>, sinta-se \u00e0 vontade para consultar.<\/p>    <h2 class=\"wp-block-heading\" id=\"h-type-one-double-bin-manual-corn-seed-planter\">Tipo um: Semeador manual de milho com dois compartimentos<\/h2>   <div class=\"wp-block-image\"> <figure class=\"aligncenter size-full\"><img loading=\"lazy\" decoding=\"async\" width=\"720\" height=\"540\" src=\"https:\/\/corn-machine.com\/wp-content\/uploads\/2022\/09\/manual-corn-seed-planter.webp\" alt=\"semeador manual de milho\" class=\"wp-image-142\" title=\"\"><figcaption>semeador manual de milho<\/figcaption><\/figure> <\/div>   <p>O semeador de milho com dois compartimentos \u00e9 amplamente utilizado para semear milho, soja, trigo, amendoim, sorgo, etc. Este semeador de milho \u00e9 composto principalmente pelo funil de alimenta\u00e7\u00e3o, roda, alavanca, coveador, parte de cobertura do solo e parte de semeadura. S\u00e3o necess\u00e1rios dois pessoas para trabalhar juntas ao semear as sementes. Uma pessoa puxa o cabo e a outra pessoa se move com o semeador de milho. Este pequeno semeador de milho n\u00e3o utiliza energia, apenas trabalho, esta m\u00e1quina \u00e9 barata, consulte \u00e0 vontade.<\/p>    <figure class=\"wp-block-table\"><table><tbody><tr><td>Modelo<\/td><td>TZY-100<\/td><\/tr><tr><td>Capacidade<\/td><td>0.5acres\/h<\/td><\/tr><tr><td>Tamanho<\/td><td>1370*420*900mm<\/td><\/tr><tr><td>Peso<\/td><td>12kg<\/td><\/tr><\/tbody><\/table><\/figure>    <h2 class=\"wp-block-heading\" id=\"h-type-two-corn-planter-with-gasoline-engine\">Tipo dois: Semeador de milho com motor a gasolina<\/h2>    <figure class=\"wp-block-gallery has-nested-images columns-default is-cropped wp-block-gallery-2 is-layout-flex wp-block-gallery-is-layout-flex\"> <figure class=\"wp-block-image size-large\"><img loading=\"lazy\" decoding=\"async\" width=\"720\" height=\"540\" data-id=\"141\" src=\"https:\/\/corn-machine.com\/wp-content\/uploads\/2022\/09\/manual-corn-seed-planter-2.webp\" alt=\"semeador manual de milho\" class=\"wp-image-141\" title=\"\"><figcaption>semeador manual de milho <\/figcaption><\/figure>    <figure class=\"wp-block-image size-large\"><img loading=\"lazy\" decoding=\"async\" width=\"720\" height=\"540\" data-id=\"140\" src=\"https:\/\/corn-machine.com\/wp-content\/uploads\/2022\/09\/manual-corn-planter.webp\" alt=\"plantadeira manual de milho\" class=\"wp-image-140\" title=\"\"><figcaption>plantadeira manual de milho<\/figcaption><\/figure> <\/figure>    <p>Este semeador de milho \u00e9 uma atualiza\u00e7\u00e3o do semeador de milho tradicional. Este semeador de milho port\u00e1til \u00e9 alimentado por um motor a gasolina e funciona com apenas uma pessoa, aumentando a efici\u00eancia. Oferecemos dois tipos de motores a gasolina. Um \u00e9 o motor a gasolina 170F e o outro \u00e9 o motor a gasolina 152F.<\/p>    <h2 class=\"wp-block-heading\" id=\"h-type-three-one-row-hand-corn-sowing-machine\">Tipo tr\u00eas: Semeadora manual de uma linha de milho<\/h2>    <figure class=\"wp-block-gallery has-nested-images columns-default is-cropped wp-block-gallery-3 is-layout-flex wp-block-gallery-is-layout-flex\"> <figure class=\"wp-block-image size-large\"><img loading=\"lazy\" decoding=\"async\" width=\"720\" height=\"540\" data-id=\"139\" src=\"https:\/\/corn-machine.com\/wp-content\/uploads\/2022\/09\/corn-seed-planter.webp\" alt=\"semeador de sementes de milho\" class=\"wp-image-139\" title=\"\"><figcaption>semeador de sementes de milho<\/figcaption><\/figure>    <figure class=\"wp-block-image size-large\"><img loading=\"lazy\" decoding=\"async\" width=\"720\" height=\"540\" data-id=\"143\" src=\"https:\/\/corn-machine.com\/wp-content\/uploads\/2022\/09\/structure-of-manual-corn-planter.webp\" alt=\"estrutura do semeador manual de milho\" class=\"wp-image-143\" title=\"\"><figcaption>estrutura do semeador manual de milho<\/figcaption><\/figure> <\/figure>    <p>Design avan\u00e7ado: <\/p>    <p>1. Design do bocal de a\u00e7o inoxid\u00e1vel espesso: bocal de ferro espesso \u00e9 usado na roda, e eles adotam o design de bocal emplumado de pato, que pode quebrar o solo rapidamente e garantir que a profundidade de semeadura atenda aos requisitos.<\/p>    <p>2. Design da roda de cobertura do solo: a roda de cobertura do solo pode ser preenchida com areia ou \u00e1gua, o que facilita cobrir o solo ap\u00f3s a semeadura.<\/p>    <p>3. Caixa de armazenamento de sementes de pl\u00e1stico: uma caixa pl\u00e1stica transparente \u00e9 usada para armazenar sementes, para que os agricultores possam verificar facilmente a quantidade de sementes.<\/p>    <figure class=\"wp-block-table\"><table><tbody><tr><td>Profundidade de semeadura<\/td><td>3,5-7,8 cm<\/td><\/tr><tr><td>Quantidade de semeadura<\/td><td>1-3 pe\u00e7as, ajust\u00e1vel<\/td><\/tr><tr><td>Bico de pato<\/td><td>M\u00e1x. 12 pe\u00e7as<\/td><\/tr><tr><td>Peso<\/td><td>11 kg<\/td><\/tr><tr><td>Tamanho da embalagem<\/td><td>58*58*25 mm<\/td><\/tr><\/tbody><\/table><\/figure>    <h2 class=\"wp-block-heading\" id=\"h-advantages-of-manual-corn-seed-planter\">Vantagens do semeador manual de milho<\/h2>    <ol class=\"wp-block-list\"><li>Os semeadores manuais de milho t\u00eam v\u00e1rios estilos, e todos s\u00e3o estruturalmente muito simples e operados de forma mais conveniente.<\/li><li>O semeador de milho manual a push \u00e9 leve, f\u00e1cil de mover e adequado para \u00e1reas montanhosas e acidentadas.<\/li><li>O semeador manual de milho \u00e9 adequado para semear v\u00e1rias culturas, como trigo, feij\u00e3o mungo, sorgo, algod\u00e3o, trigo, soja, milho, etc.<\/li><\/ol>    <h2 class=\"wp-block-heading\" id=\"h-working-video-of-manual-corn-seed-planter\">V\u00eddeo de funcionamento do semeador manual de milho<\/h2>    <figure class=\"wp-block-embed is-type-video is-provider-youtube wp-block-embed-youtube wp-embed-aspect-16-9 wp-has-aspect-ratio\"><div class=\"wp-block-embed__wrapper\"> <iframe loading=\"lazy\" title=\"plantadora de milho manual de baixo custo \/ plantio de milho \/ plantando milho a pre\u00e7o baixo m\u00e1quina agr\u00edcola manual\" width=\"500\" height=\"281\" src=\"https:\/\/www.youtube.com\/embed\/MLVGQUKfoAk?list=PL58YSJlfYgUlVabVFuymOuUMA3Umeccre\" frameborder=\"0\" allow=\"accelerometer; autoplay; clipboard-write; encrypted-media; gyroscope; picture-in-picture; web-share\" referrerpolicy=\"strict-origin-when-cross-origin\" allowfullscreen><\/iframe> <\/div><\/figure>","protected":false},"excerpt":{"rendered":"<p>Maize seeder planter is specially designed for sowing all kinds of crops for planting corn, peanuts, wheat, peanuts, soybeans and other various crops. We have different capacities and styles of manual corn seed planter. Our hand-operated seed sowing machine has been exported to Nigeria, Kenya, Peru and more than 30 other countries and regions. In [&hellip;]<\/p>\n","protected":false},"author":1,"featured_media":53,"parent":0,"template":"","tags":[19],"product-type":[39],"class_list":["post-51","product","type-product","status-publish","has-post-thumbnail","hentry","tag-maize-planter","product-type-maize-planter-machine"],"_links":{"self":[{"href":"https:\/\/corn-machine.com\/pt_br\/wp-json\/wp\/v2\/product\/51","targetHints":{"allow":["GET"]}}],"collection":[{"href":"https:\/\/corn-machine.com\/pt_br\/wp-json\/wp\/v2\/product"}],"about":[{"href":"https:\/\/corn-machine.com\/pt_br\/wp-json\/wp\/v2\/types\/product"}],"author":[{"embeddable":true,"href":"https:\/\/corn-machine.com\/pt_br\/wp-json\/wp\/v2\/users\/1"}],"wp:featuredmedia":[{"embeddable":true,"href":"https:\/\/corn-machine.com\/pt_br\/wp-json\/wp\/v2\/media\/53"}],"wp:attachment":[{"href":"https:\/\/corn-machine.com\/pt_br\/wp-json\/wp\/v2\/media?parent=51"}],"wp:term":[{"taxonomy":"post_tag","embeddable":true,"href":"https:\/\/corn-machine.com\/pt_br\/wp-json\/wp\/v2\/tags?post=51"},{"taxonomy":"product-type","embeddable":true,"href":"https:\/\/corn-machine.com\/pt_br\/wp-json\/wp\/v2\/product-type?post=51"}],"curies":[{"name":"wp","href":"https:\/\/api.w.org\/{rel}","templated":true}]}}