{"id":54,"date":"2022-09-06T07:11:15","date_gmt":"2022-09-06T07:11:15","guid":{"rendered":"https:\/\/corn-machine.com\/?post_type=product&#038;p=54"},"modified":"2025-08-29T16:49:03","modified_gmt":"2025-08-29T08:49:03","slug":"fresh-corn-sheller-machine","status":"publish","type":"product","link":"https:\/\/corn-machine.com\/pt_br\/product\/fresh-corn-sheller-machine\/","title":{"rendered":"M\u00e1quina Descascadora de Milho Doce | M\u00e1quina Descascadora de Milho Doce"},"content":{"rendered":"<p class=\"translation-block\">Taizy SUS304 <strong>maquina de descascar milho fresco<\/strong> \u00e9 usada para descascar os gr\u00e3os de milho fresco e milho doce sem danific\u00e1-los. A velocidade de debulhar com o descascador autom\u00e1tico de milho doce \u00e9 t\u00e3o r\u00e1pida que pode debulhar 400-500 kg de gr\u00e3os por hora.<\/p>    <p>\u00c9 comumente usada em plantas de processamento de milho, plantas de enlatamento de milho e plantas de produ\u00e7\u00e3o de alimentos congelados, etc. M\u00faltiplas m\u00e1quinas de descascamento de milho doce podem ser usadas com linhas de montagem grandes, que s\u00e3o m\u00e1quinas necess\u00e1rias para empresas de processamento de milho.<\/p>   <div class=\"wp-block-image\"> <figure class=\"aligncenter size-large\"><img loading=\"lazy\" decoding=\"async\" width=\"720\" height=\"540\" src=\"https:\/\/corn-machine.com\/wp-content\/uploads\/2022\/09\/fresh-corn-threshing-machine.webp\" alt=\"m\u00e1quina debulhadora de milho fresco\" class=\"wp-image-163\" title=\"\"><figcaption class=\"wp-element-caption\">m\u00e1quina debulhadora de milho fresco<\/figcaption><\/figure> <\/div>   <h2 class=\"wp-block-heading\">V\u00eddeo de funcionamento da m\u00e1quina de descascamento de milho fresco<\/h2>    <figure class=\"wp-block-embed is-type-video is-provider-youtube wp-block-embed-youtube wp-embed-aspect-16-9 wp-has-aspect-ratio\"><div class=\"wp-block-embed__wrapper\"> <iframe loading=\"lazy\" title=\"M\u00e1quina Debulhadora de Milho Doce Mais Vendida | Progresso de Trabalho da M\u00e1quina Debulhadora de Milho Doce\" width=\"500\" height=\"281\" src=\"https:\/\/www.youtube.com\/embed\/h4n44zJXueQ?start=21&#038;feature=oembed\" frameborder=\"0\" allow=\"accelerometer; autoplay; clipboard-write; encrypted-media; gyroscope; picture-in-picture; web-share\" referrerpolicy=\"strict-origin-when-cross-origin\" allowfullscreen><\/iframe> <\/div><figcaption class=\"wp-element-caption\">v\u00eddeo de funcionamento da m\u00e1quina descascadora de milho doce<\/figcaption><\/figure>    <h2 class=\"wp-block-heading\" id=\"h-technical-parameters-of-corn-thresher-for-sale\">Par\u00e2metros t\u00e9cnicos do debulhador de milho \u00e0 venda<\/h2>    <figure class=\"wp-block-table\"><table><tbody><tr><td>Modelo<\/td><td>TZ-268 TZ-368<\/td><\/tr><tr><td>Pot\u00eancia<\/td><td>1,2kw<\/td><\/tr><tr><td>Tens\u00e3o<\/td><td>220V<\/td><\/tr><tr><td>Capacidade<\/td><td>400-500kg\/h semente (Alimentando cerca de 75 espigas de milho por minuto)<\/td><\/tr><tr><td>Velocidade da esteira<\/td><td>&nbsp;V=15m\/min<\/td><\/tr><tr><td>Tamanho da m\u00e1quina<\/td><td>1150*500*1300mm<\/td><\/tr><\/tbody><\/table><figcaption class=\"wp-element-caption\">par\u00e2metros t\u00e9cnicos da m\u00e1quina de descascar milho doce<\/figcaption><\/figure>    <p>Tamb\u00e9m fornecemos uma vers\u00e3o TZ-368, que tem as mesmas especifica\u00e7\u00f5es que a TZ-268. Mas \u00e9 equipada com uma correia transportadora para uma velocidade de alimenta\u00e7\u00e3o mais r\u00e1pida. Al\u00e9m disso, toda a m\u00e1quina de descascamento de milho fresco \u00e9 feita de SUS404. Ent\u00e3o, se voc\u00ea tem padr\u00f5es elevados para seus produtos, a m\u00e1quina de debulhar milho Taizy para milho baby pode atender perfeitamente \u00e0s suas necessidades.<\/p>    <h2 class=\"wp-block-heading\" id=\"h-advantages-of-fresh-corn-sheller-machine\">Vantagens da m\u00e1quina descascadora de milho fresco<\/h2>    <ol class=\"wp-block-list\"> <li>Esta m\u00e1quina descascadora de milho fresco pode ser usada para uma ampla gama de mat\u00e9rias-primas, e pode debulhar suavemente todos os tipos de milho doce e milho pegajoso.<\/li>    <li>A l\u00e2mina dentro da m\u00e1quina de debulhar milho doce possui alta dureza, boa resist\u00eancia ao desgaste e longo ciclo de afiamento, tendo passado por v\u00e1rias etapas de pesquisa e desenvolvimento para melhorar significativamente a efici\u00eancia de produ\u00e7\u00e3o.<\/li>    <li>O corte dos gr\u00e3os de milho \u00e9 suave e seco, e a m\u00e1quina n\u00e3o danifica os gr\u00e3os de milho waxy, alta taxa de remo\u00e7\u00e3o de gr\u00e3os.<\/li>    <li>A profundidade dos gr\u00e3os de milho fresco \u00e9 ajust\u00e1vel, permitindo atender \u00e0s diferentes necessidades de diversos usu\u00e1rios.<\/li> <\/ol>   <div class=\"wp-block-image\"> <figure class=\"aligncenter size-large\"><img loading=\"lazy\" decoding=\"async\" width=\"720\" height=\"540\" src=\"https:\/\/corn-machine.com\/wp-content\/uploads\/2022\/09\/Sweet-corn-threshing-machine.webp\" alt=\"m\u00e1quina de debulha de milho doce\" class=\"wp-image-168\" title=\"\"><figcaption class=\"wp-element-caption\">m\u00e1quina de debulha de milho doce<\/figcaption><\/figure> <\/div>   <h2 class=\"wp-block-heading\" id=\"h-application-of-fresh-corn-sheller-machine\">Aplica\u00e7\u00e3o da m\u00e1quina descascadora de milho fresco<\/h2>    <p>Esta m\u00e1quina de debulhar milho doce \u00e9 projetada para o trabalho de descascar milho fresco, adequada para v\u00e1rios tipos de milho, incluindo milho doce, milho de fruta e milho pegajoso. O descascador de milho doce pode facilmente separar as sementes do colmo. Al\u00e9m disso, tamb\u00e9m oferecemos m\u00e1quinas de debulhar para milho seco e m\u00e1quinas debulhadoras multifuncionais \u00e0 venda. Elas s\u00e3o adequadas para milho com teor de \u00e1gua \u226414%.<\/p>    <figure class=\"wp-block-gallery has-nested-images columns-default is-cropped wp-block-gallery-2 is-layout-flex wp-block-gallery-is-layout-flex\"> <figure class=\"wp-block-image size-large\"><img loading=\"lazy\" decoding=\"async\" width=\"720\" height=\"540\" data-id=\"160\" src=\"https:\/\/corn-machine.com\/wp-content\/uploads\/2022\/09\/application-of-corn-threshing-machine.webp\" alt=\"aplica\u00e7\u00e3o da m\u00e1quina debulhadora de milho\" class=\"wp-image-160\" title=\"\"><figcaption class=\"wp-element-caption\">aplica\u00e7\u00e3o da m\u00e1quina debulhadora de milho aplica\u00e7\u00e3o da m\u00e1quina debulhadora de milho<\/figcaption><\/figure>    <figure class=\"wp-block-image size-large\"><img loading=\"lazy\" decoding=\"async\" width=\"720\" height=\"540\" data-id=\"162\" src=\"https:\/\/corn-machine.com\/wp-content\/uploads\/2022\/09\/effect-of-maize-thresher-machine.webp\" alt=\"efeito da m\u00e1quina debulhadora de milho\" class=\"wp-image-162\" title=\"\"><figcaption class=\"wp-element-caption\">efeito da m\u00e1quina descascadora de milho fresco<\/figcaption><\/figure> <\/figure>    <p>A m\u00e1quina debulhadora de milho doce \u00e9 adequada para a ind\u00fastria de processamento de alimentos congelados r\u00e1pidos, f\u00e1brica de conservas de milho, congelamento r\u00e1pido de suco de polpa de milho, f\u00e1brica de processamento de milho, processamento de subprodutos agr\u00edcolas e outras ind\u00fastrias.<\/p>    <p>Para a maioria dos restaurantes, esse tipo de m\u00e1quina de debulhar milho fresco tamb\u00e9m \u00e9 um bom dispositivo para ajudar a economizar m\u00e3o de obra e tempo. Al\u00e9m disso, a maioria dos gourmets acha que os gr\u00e3os de milho rec\u00e9m-assados t\u00eam sabor melhor. Se o seu restaurante busca ingredientes de alta qualidade, essa \u00e9 uma boa op\u00e7\u00e3o para voc\u00ea. <\/p>    <p class=\"translation-block\">Temos um cliente que encomendou esta m\u00e1quina para sua cozinha central, e a salada de milho deles est\u00e1 em alta demanda mesmo agora. Se voc\u00ea quiser ouvir essa hist\u00f3ria, clique aqui: <a href=\"https:\/\/corn-machine.com\/pt_br\/Info\/sweet-corn-sheller-ordered-by-restaurant-usa\/\">Descascadores de Milho Doce Encomendados Por Restaurante de Orlando BBQ<\/a>.<\/p>    <figure class=\"wp-block-gallery has-nested-images columns-default is-cropped wp-block-gallery-3 is-layout-flex wp-block-gallery-is-layout-flex\"> <figure class=\"wp-block-image size-large\"><img loading=\"lazy\" decoding=\"async\" width=\"720\" height=\"540\" data-id=\"164\" src=\"https:\/\/corn-machine.com\/wp-content\/uploads\/2022\/09\/frozen-corn-kernels.webp\" alt=\"gr\u00e3os de milho congelados\" class=\"wp-image-164\" title=\"\"><figcaption class=\"wp-element-caption\">gr\u00e3os de milho congelados<\/figcaption><\/figure>    <figure class=\"wp-block-image size-large\"><img loading=\"lazy\" decoding=\"async\" width=\"720\" height=\"540\" data-id=\"161\" src=\"https:\/\/corn-machine.com\/wp-content\/uploads\/2022\/09\/canned-sweet-corn.webp\" alt=\"milho doce em conserva\" class=\"wp-image-161\" title=\"\"><figcaption class=\"wp-element-caption\">milho doce em conserva<\/figcaption><\/figure> <\/figure>    <h2 class=\"wp-block-heading\" id=\"h-advanced-structure-of-sweet-corn-thresher\">Estrutura avan\u00e7ada do descascador de milho doce<\/h2>    <p>A m\u00e1quina debulhadora de milho doce \u00e9 composta principalmente por uma parte de alimenta\u00e7\u00e3o, um mecanismo de separa\u00e7\u00e3o de sementes e espigas, um mecanismo de exporta\u00e7\u00e3o de espigas, uma porta de descarga de gr\u00e3os de milho e um sistema de controle el\u00e9trico.<\/p>   <div class=\"wp-block-image\"> <figure class=\"aligncenter size-full\"><img loading=\"lazy\" decoding=\"async\" width=\"720\" height=\"540\" src=\"https:\/\/corn-machine.com\/wp-content\/uploads\/2022\/09\/structure-of-sweet-corn-sheller-machine.webp\" alt=\"estrutura da m\u00e1quina descascadora de milho doce\" class=\"wp-image-167\" title=\"\"><figcaption class=\"wp-element-caption\">estrutura da m\u00e1quina descascadora de milho fresco<\/figcaption><\/figure> <\/div>   <ol class=\"wp-block-list\"> <li>A parte de alimenta\u00e7\u00e3o \u00e9 inserida no alimentador por um <strong>transportador de corrente de a\u00e7o inoxid\u00e1vel<\/strong>, com a espiga de milho voltada para a frente. O transportador usa uma corrente de a\u00e7o inoxid\u00e1vel para transportar em velocidade uniforme. O alimentador \u00e9 composto por rolos de borracha de grau aliment\u00edcio, que s\u00e3o macios e flex\u00edveis e n\u00e3o danificam a pele externa do milho.<\/li>    <li>A parte de separa\u00e7\u00e3o de sementes e espigas consiste em<strong> facas e discos de corte exclusivos<\/strong>, que podem facilmente cortar espigas de milho de diferentes di\u00e2metros. A l\u00e2mina gira em alta velocidade durante o trabalho, aproximando-se do milho, e pode lidar com espigas de milho tortas. O cortador pode cortar axial e radialmente, o que melhora muito o rendimento dos gr\u00e3os de milho.<\/li> <\/ol>    <figure class=\"wp-block-gallery has-nested-images columns-default is-cropped wp-block-gallery-4 is-layout-flex wp-block-gallery-is-layout-flex\"> <figure class=\"wp-block-image size-large\"><img loading=\"lazy\" decoding=\"async\" width=\"720\" height=\"540\" data-id=\"166\" src=\"https:\/\/corn-machine.com\/wp-content\/uploads\/2022\/09\/Rubber-feed-wheels-.webp\" alt=\"Rodas de alimenta\u00e7\u00e3o de borracha\" class=\"wp-image-166\" title=\"\"><figcaption class=\"wp-element-caption\">Rodas de alimenta\u00e7\u00e3o de borracha<\/figcaption><\/figure>    <figure class=\"wp-block-image size-large\"><img loading=\"lazy\" decoding=\"async\" width=\"720\" height=\"540\" data-id=\"165\" src=\"https:\/\/corn-machine.com\/wp-content\/uploads\/2022\/09\/inner-blades-of-the-sweet-corn-sheller-machine.webp\" alt=\"l\u00e2minas internas da m\u00e1quina descascadora de milho doce\" class=\"wp-image-165\" title=\"\"><figcaption class=\"wp-element-caption\">l\u00e2minas internas da m\u00e1quina descascadora de milho doce<\/figcaption><\/figure> <\/figure>    <p>Este \u00e9 o design interior detalhado da placa de l\u00e2mina. e a placa de l\u00e2mina, que \u00e9 a parte mais importante desta m\u00e1quina descascadora de milho fresco de a\u00e7o inoxid\u00e1vel. A pr\u00f3xima parte mostrar\u00e1 como manter essa m\u00e1quina, e quando voc\u00ea enfrentar alguns problemas ao us\u00e1-la, como resolv\u00ea-los.<\/p>    <figure class=\"wp-block-gallery has-nested-images columns-default is-cropped wp-block-gallery-5 is-layout-flex wp-block-gallery-is-layout-flex\"> <figure class=\"wp-block-image size-large\"><img loading=\"lazy\" decoding=\"async\" width=\"720\" height=\"540\" data-id=\"857\" src=\"https:\/\/corn-machine.com\/wp-content\/uploads\/2022\/09\/structure-of-blade.webp\" alt=\"estrutura da l\u00e2mina da m\u00e1quina descascadora de milho fresco\" class=\"wp-image-857\" title=\"\" srcset=\"https:\/\/corn-machine.com\/wp-content\/uploads\/2022\/09\/structure-of-blade.webp 720w, https:\/\/corn-machine.com\/wp-content\/uploads\/2022\/09\/structure-of-blade-300x225.webp 300w, https:\/\/corn-machine.com\/wp-content\/uploads\/2022\/09\/structure-of-blade-16x12.webp 16w\" sizes=\"auto, (max-width: 720px) 100vw, 720px\" \/><figcaption class=\"wp-element-caption\">estrutura da l\u00e2mina<\/figcaption><\/figure>    <figure class=\"wp-block-image size-large\"><img loading=\"lazy\" decoding=\"async\" width=\"720\" height=\"540\" data-id=\"856\" src=\"https:\/\/corn-machine.com\/wp-content\/uploads\/2022\/09\/structure-of-blade-plate.webp\" alt=\"estrutura da placa de l\u00e2mina da m\u00e1quina descascadora de milho doce\" class=\"wp-image-856\" title=\"\" srcset=\"https:\/\/corn-machine.com\/wp-content\/uploads\/2022\/09\/structure-of-blade-plate.webp 720w, https:\/\/corn-machine.com\/wp-content\/uploads\/2022\/09\/structure-of-blade-plate-300x225.webp 300w, https:\/\/corn-machine.com\/wp-content\/uploads\/2022\/09\/structure-of-blade-plate-16x12.webp 16w\" sizes=\"auto, (max-width: 720px) 100vw, 720px\" \/><figcaption class=\"wp-element-caption\">estrutura da placa de l\u00e2mina<\/figcaption><\/figure> <\/figure>    <h2 class=\"wp-block-heading\" id=\"h-precaution-of-fresh-corn-sheller\">Precau\u00e7\u00f5es para uso da m\u00e1quina de descascamento de milho fresco<\/h2>    <ol class=\"wp-block-list\"> <li>As espigas de milho usadas para debulha devem ser removidas de suas folhas externas e bigodes antes de serem colocadas na m\u00e1quina.<\/li>    <li>Ap\u00f3s a opera\u00e7\u00e3o di\u00e1ria, a equipe deve limpar prontamente a placa de l\u00e2mina e as partes de alimenta\u00e7\u00e3o e descarga para evitar o ac\u00famulo excessivo de suco de milho e reduzir a efici\u00eancia de corte.<\/li>    <li>Para um melhor efeito de debulha, o milho deve preferencialmente estar intacto, e o topo do milho deve ser removido. Al\u00e9m disso, o comprimento do milho doce deve preferencialmente ser superior a 8 cm.<\/li>    <li>O operador deve seguir o procedimento de alimenta\u00e7\u00e3o correto para permitir que o milho seja alimentado uniformemente na corrente de alimenta\u00e7\u00e3o. Em caso de bloqueio persistente de alimenta\u00e7\u00e3o, informe imediatamente o pessoal de manuten\u00e7\u00e3o profissional.<\/li>    <li>As m\u00e3os ou qualquer objeto que n\u00e3o seja mat\u00e9ria-prima n\u00e3o devem ser colocados na abertura de alimenta\u00e7\u00e3o. Caso contr\u00e1rio, as l\u00e2minas da m\u00e1quina de debulhar milho fresca causar\u00e3o ferimentos pessoais e a m\u00e1quina ser\u00e1 severamente danificada.<\/li>    <li>Para garantir a seguran\u00e7a do pessoal e a opera\u00e7\u00e3o da pequena debulhadora de milho, apenas pessoal treinado est\u00e1 autorizado a oper\u00e1-la, ajust\u00e1-la e mant\u00ea-la.<\/li> <\/ol>    <h2 class=\"wp-block-heading\" id=\"h-faqs-of-corn-thresher-machine\">Perguntas frequentes sobre a m\u00e1quina de debulhar milho waxy<\/h2>   <div id=\"rank-math-faq\" class=\"rank-math-block\"> <div class=\"rank-math-list\"> <div id=\"faq-question-1755068693566\" class=\"rank-math-list-item\"> <h3 class=\"rank-math-question\">A profundidade do corte do milho pode ser controlada?<\/h3> <div class=\"rank-math-answer\">  <p>Sim, depende do inversor de frequ\u00eancia, que \u00e9 sempre configurado em 40Hz-60Hz. E quanto mais r\u00e1pida a velocidade da l\u00e2mina, mais profundos s\u00e3o os gr\u00e3os de milho cortados.<\/p>  <\/div> <\/div> <div id=\"faq-question-1755068868137\" class=\"rank-math-list-item\"> <h3 class=\"rank-math-question\">A velocidade da m\u00e1quina de processamento de milho pode ser controlada?<\/h3> <div class=\"rank-math-answer\">  <p>Sim, a velocidade de rota\u00e7\u00e3o das facas \u00e9 controlada pelo inversor, e a velocidade do transportador \u00e9 fixa.<\/p>  <\/div> <\/div> <div id=\"faq-question-1755069077497\" class=\"rank-math-list-item\"> <h3 class=\"rank-math-question\">O que devo fazer se o processo de alimenta\u00e7\u00e3o for bloqueado?<\/h3> <div class=\"rank-math-answer\">  <p>Se a m\u00e1quina estiver bloqueada ou emperrada com milho, voc\u00ea deve parar a m\u00e1quina primeiro e depois pressionar o bot\u00e3o de reverso para deixar o milho sair em reverso.<\/p>  <\/div> <\/div> <div id=\"faq-question-1755069228426\" class=\"rank-math-list-item\"> <h3 class=\"rank-math-question\">Qual \u00e9 o pre\u00e7o do descascador de milho doce?<\/h3> <div class=\"rank-math-answer\">  <p>O custo desta m\u00e1quina \u00e9 de alguns milhares de d\u00f3lares, e incluir\u00e1 o pre\u00e7o de frete, embalagem e outros dispositivos personalizados.<\/p>  <\/div> <\/div> <\/div> <\/div>   <h2 class=\"wp-block-heading\"><strong>Quanto custar\u00e1 se voc\u00ea quiser comprar uma m\u00e1quina de descascamento de milho fresco?<\/strong><\/h2>    <p>O pre\u00e7o total ser\u00e1 de alguns poucos milhares de d\u00f3lares, o que inclui o custo de envio, o pre\u00e7o da pr\u00f3pria m\u00e1quina e algumas pe\u00e7as de desgaste. Mas oferecemos envio mundial e at\u00e9 transporte porta a porta.<\/p>    <p>Nossa voltagem pode ser personalizada de acordo com diferentes regi\u00f5es, e o custo \u00e9 inferior a $200. Normalmente, dentro de 7 dias \u00fateis ap\u00f3s receber o pagamento, nossa f\u00e1brica come\u00e7ar\u00e1 a produ\u00e7\u00e3o da m\u00e1quina. Mas se voc\u00ea n\u00e3o tiver muitas necessidades especiais para a m\u00e1quina, temos produtos em estoque para emerg\u00eancias.<\/p>    <p>Se voc\u00ea quiser obter consultas gratuitas sobre os pre\u00e7os exatos desse tipo de m\u00e1quina de debulhar milho fresca, n\u00e3o hesite em nos contatar!<\/p>","protected":false},"excerpt":{"rendered":"<p>Sem qualquer dano aos gr\u00e3os de milho, esta m\u00e1quina debulhadora de milho fresca auxiliar\u00e1 sua cadeia da ind\u00fastria de processamento de alimentos de milho.<\/p>","protected":false},"author":1,"featured_media":56,"parent":0,"template":"","tags":[20],"product-type":[42],"class_list":["post-54","product","type-product","status-publish","has-post-thumbnail","hentry","tag-corn-thresher","product-type-maize-sheller-machine"],"_links":{"self":[{"href":"https:\/\/corn-machine.com\/pt_br\/wp-json\/wp\/v2\/product\/54","targetHints":{"allow":["GET"]}}],"collection":[{"href":"https:\/\/corn-machine.com\/pt_br\/wp-json\/wp\/v2\/product"}],"about":[{"href":"https:\/\/corn-machine.com\/pt_br\/wp-json\/wp\/v2\/types\/product"}],"author":[{"embeddable":true,"href":"https:\/\/corn-machine.com\/pt_br\/wp-json\/wp\/v2\/users\/1"}],"wp:featuredmedia":[{"embeddable":true,"href":"https:\/\/corn-machine.com\/pt_br\/wp-json\/wp\/v2\/media\/56"}],"wp:attachment":[{"href":"https:\/\/corn-machine.com\/pt_br\/wp-json\/wp\/v2\/media?parent=54"}],"wp:term":[{"taxonomy":"post_tag","embeddable":true,"href":"https:\/\/corn-machine.com\/pt_br\/wp-json\/wp\/v2\/tags?post=54"},{"taxonomy":"product-type","embeddable":true,"href":"https:\/\/corn-machine.com\/pt_br\/wp-json\/wp\/v2\/product-type?post=54"}],"curies":[{"name":"wp","href":"https:\/\/api.w.org\/{rel}","templated":true}]}}