{"id":600,"date":"2025-07-09T17:42:35","date_gmt":"2025-07-09T09:42:35","guid":{"rendered":"https:\/\/corn-machine.com\/?post_type=product&#038;p=600"},"modified":"2025-09-01T08:33:39","modified_gmt":"2025-09-01T00:33:39","slug":"multi-functional-maize-thresher-machine","status":"publish","type":"product","link":"https:\/\/corn-machine.com\/pt_br\/product\/multi-functional-maize-thresher-machine\/","title":{"rendered":"M\u00e1quina Descascaradora de Milho Multifuncional para Descascar Gr\u00e3os"},"content":{"rendered":"<p class=\"translation-block\">Esta<strong> <\/strong>vers\u00e1til<strong> debulhadora de milho<\/strong> \u00e9 sempre usada para debulhar milho em gr\u00e3os de milho. Al\u00e9m disso, soja, arroz e milheto tamb\u00e9m podem ser debulhados. A capacidade de debulha desta maquinaria depende do tipo de gr\u00e3o. Por exemplo, o milho pode ser debulhado a uma taxa de 2-4 toneladas por hora, o sorgo e o milheto a 1-2 toneladas por hora, e a soja a 0,5-0,8 toneladas por hora.<\/p>    <p>Fornecemos tr\u00eas pot\u00eancias da m\u00e1quina de debulha de milho: motor a diesel, PTO e motor el\u00e9trico para atender \u00e0s suas necessidades. O poder de alta efici\u00eancia n\u00e3o s\u00f3 economiza m\u00e3o de obra, mas tamb\u00e9m melhora a taxa de debulha de mais de 98%, o que reduz significativamente as perdas e o consumo de material.<\/p>    <h2 class=\"wp-block-heading\"><strong>Destaques da debulhadora de milho<\/strong><\/h2>    <ol class=\"wp-block-list\"> <li>Com pneus grandes e um quadro inferior forte, \u00e9 f\u00e1cil de mover. Assim, a m\u00e1quina de debulha de milho \u00e9 mais flex\u00edvel para se adaptar a qualquer situa\u00e7\u00e3o de trabalho.<\/li>    <li>Pode ser aplicada para debulhar uma ampla gama de gr\u00e3os, como milho, arroz, trigo, soja, etc. Portanto, voc\u00ea pode trocar as telas para processar diferentes tamanhos de colheitas.<\/li>    <li>Esta m\u00e1quina possui duas grandes ventoinhas, que s\u00e3o diferentes de outros tipos de m\u00e1quinas descascadoras de milho. Essas duas ventoinhas podem separar a poeira e os res\u00edduos dos gr\u00e3os de milho e outros produtos. E esta \u00e9 uma das raz\u00f5es pelas quais esta m\u00e1quina de debulha de milho tem uma taxa de debulha superior a 98%.<\/li> <\/ol>   <div class=\"wp-block-image\"> <figure class=\"aligncenter size-full\"><img loading=\"lazy\" decoding=\"async\" width=\"720\" height=\"540\" src=\"https:\/\/corn-machine.com\/wp-content\/uploads\/2025\/07\/corn-threshing-machine-with-wheel-1.webp\" alt=\"m\u00e1quina de debulha de milho vers\u00e1til verde com roda\" class=\"wp-image-603\" title=\"\" srcset=\"https:\/\/corn-machine.com\/wp-content\/uploads\/2025\/07\/corn-threshing-machine-with-wheel-1.webp 720w, https:\/\/corn-machine.com\/wp-content\/uploads\/2025\/07\/corn-threshing-machine-with-wheel-1-300x225.webp 300w, https:\/\/corn-machine.com\/wp-content\/uploads\/2025\/07\/corn-threshing-machine-with-wheel-1-16x12.webp 16w\" sizes=\"auto, (max-width: 720px) 100vw, 720px\" \/><figcaption class=\"wp-element-caption\">m\u00e1quina de debulha de milho com roda<\/figcaption><\/figure> <\/div>   <h2 class=\"wp-block-heading\"><strong>Os par\u00e2metros detalhados da m\u00e1quina de debulha de gr\u00e3os<\/strong><\/h2>    <figure class=\"wp-block-table aligncenter\"><table><tbody><tr><td>Tamanho total<\/td><td>5TD-1000<\/td><\/tr><tr><td>Pot\u00eancia<\/td><td>15HP diesel, motor de 11kw, PTO<\/td><\/tr><tr><td>Capacidade<\/td><td>Milho 2-4t\/h, milheto&amp;sorgo 1-2t\/h, soja 0.5-0.8t\/h<\/td><\/tr><tr><td>Tamanho total<\/td><td>3400*2100*1980mm<\/td><\/tr><tr><td>Tamanho da embalagem<\/td><td>2800*740*1400mm<\/td><\/tr><tr><td>Peso<\/td><td>650kg<\/td><\/tr><tr><td>Nota<\/td><td>Com pneus, um quadro, um cabo de tra\u00e7\u00e3o e duas ventoinhas<\/td><\/tr><\/tbody><\/table><figcaption class=\"wp-element-caption\">os par\u00e2metros da m\u00e1quina de debulha de milho<\/figcaption><\/figure>   <div class=\"wp-block-image\"> <figure class=\"aligncenter size-full\"><img loading=\"lazy\" decoding=\"async\" width=\"720\" height=\"540\" src=\"https:\/\/corn-machine.com\/wp-content\/uploads\/2025\/07\/corn-threshing-machine-without-wheel.webp\" alt=\"m\u00e1quina de debulha de milho vers\u00e1til vermelha sem roda\" class=\"wp-image-604\" title=\"\" srcset=\"https:\/\/corn-machine.com\/wp-content\/uploads\/2025\/07\/corn-threshing-machine-without-wheel.webp 720w, https:\/\/corn-machine.com\/wp-content\/uploads\/2025\/07\/corn-threshing-machine-without-wheel-300x225.webp 300w, https:\/\/corn-machine.com\/wp-content\/uploads\/2025\/07\/corn-threshing-machine-without-wheel-16x12.webp 16w\" sizes=\"auto, (max-width: 720px) 100vw, 720px\" \/><figcaption class=\"wp-element-caption\">m\u00e1quina de debulha de milho sem roda<\/figcaption><\/figure> <\/div>   <h2 class=\"wp-block-heading\"><strong>Vis\u00e3o geral da estrutura da m\u00e1quina descascadora de gr\u00e3os<\/strong><\/h2>    <p>A estrutura total deste debulhador de gr\u00e3os m\u00f3vel \u00e9 simples. A entrada, ventoinhas duplas, sa\u00edda, grandes rodas, parte de suporte e PTO s\u00e3o as principais partes.<\/p>    <ul class=\"wp-block-list\"> <li>O<strong> rodas grandes <\/strong>are designed for easy mobility. This part allows you to store it in a warehouse when you don&#8217;t want to use it. Better than the fixed one, you can keep it out of the wind and rain.<\/li>    <li>Equipada com <strong>ventiladores duplos<\/strong>, suporta um sistema de vento mais forte para tornar os produtos finais mais limpos.<\/li>    <li><strong>Entrada<\/strong> tem formato de funil para que as mat\u00e9rias-primas entrem fluentemente, e o <strong>sa\u00edda<\/strong>&#8216;s slope design makes products easier for products to be collected by grain pockets.<\/li>    <li><strong>TDF<\/strong> \u00e9 um meio de pot\u00eancia que pode se conectar a um trator para gerar energia. Portanto, o design desta parte \u00e9 fornecer uma maneira de fornecer energia para algumas pessoas que precisam dela.<\/li>    <li><strong>Parte de sustenta\u00e7\u00e3o<\/strong> \u00e9 um dispositivo de suporte para manter o equil\u00edbrio desta debulhadora de milho enquanto ela est\u00e1 funcionando.<\/li> <\/ul>   <div class=\"wp-block-image\"> <figure class=\"aligncenter size-full\"><img loading=\"lazy\" decoding=\"async\" width=\"720\" height=\"540\" src=\"https:\/\/corn-machine.com\/wp-content\/uploads\/2025\/07\/the-structure-of-maize-sheller.webp\" alt=\"a estrutura simples da descascadora de milho\" class=\"wp-image-606\" title=\"\" srcset=\"https:\/\/corn-machine.com\/wp-content\/uploads\/2025\/07\/the-structure-of-maize-sheller.webp 720w, https:\/\/corn-machine.com\/wp-content\/uploads\/2025\/07\/the-structure-of-maize-sheller-300x225.webp 300w, https:\/\/corn-machine.com\/wp-content\/uploads\/2025\/07\/the-structure-of-maize-sheller-16x12.webp 16w\" sizes=\"auto, (max-width: 720px) 100vw, 720px\" \/><figcaption class=\"wp-element-caption\">a estrutura da descascadora de milho<\/figcaption><\/figure> <\/div>   <h2 class=\"wp-block-heading\"><strong>Como usar esta m\u00e1quina de debulha de milho?<\/strong><\/h2>    <p>A estrutura simples torna a opera\u00e7\u00e3o mais f\u00e1cil. Aqui est\u00e3o alguns passos para faz\u00ea-la funcionar.<\/p>    <ul class=\"wp-block-list\"> <li><strong>Passo 1:<\/strong> Antes de usar a m\u00e1quina, verifique a fonte de energia e alguns sistemas b\u00e1sicos para garantir que o suporte esteja plano e est\u00e1vel para o pr\u00f3ximo procedimento.<\/li>    <li><strong>Passo 2:<\/strong> Turn on the energy system and don&#8217;t pour materials into it at first.<\/li>    <li><strong>Passo 3:<\/strong> Ap\u00f3s funcionar corretamente, coloque os milhos no funil. <\/li>    <li><strong>Passo 4:<\/strong> Em seguida, as espigas se separar\u00e3o dos gr\u00e3os de milho atrav\u00e9s do trabalho do sistema de debulha. E o produto sair\u00e1 da sa\u00edda.<\/li> <\/ul>    <h2 class=\"wp-block-heading\"><strong>Os produtos finais e suas aplica\u00e7\u00f5es<\/strong><\/h2>    <p class=\"translation-block\">O principal objetivo da m\u00e1quina descascadora de milho \u00e9 descascar gr\u00e3os de milho e processar outros <a href=\"https:\/\/en.wikipedia.org\/wiki\/Grain\" target=\"_blank\" rel=\"noopener\">gr\u00e3os<\/a> sem destruir sua integridade. A colheita descascada: gr\u00e3os de milho, milheto, soja e arroz podem ser vendidos como produtos para o supermercado ou mercado agr\u00edcola.<\/p>    <p>Ela tamb\u00e9m pode ser usada como mat\u00e9ria-prima para fazer ra\u00e7\u00e3o, grits e farinha. Esses meios podem melhorar o valor do produto para ter mais benef\u00edcios econ\u00f4micos.<\/p>   <div class=\"wp-block-image\"> <figure class=\"aligncenter size-full\"><img loading=\"lazy\" decoding=\"async\" width=\"720\" height=\"540\" src=\"https:\/\/corn-machine.com\/wp-content\/uploads\/2025\/07\/corn-thresher-products.webp\" alt=\"mat\u00e9rias-primas da debulhadora de milho e seus produtos\" class=\"wp-image-611\" title=\"\" srcset=\"https:\/\/corn-machine.com\/wp-content\/uploads\/2025\/07\/corn-thresher-products.webp 720w, https:\/\/corn-machine.com\/wp-content\/uploads\/2025\/07\/corn-thresher-products-300x225.webp 300w, https:\/\/corn-machine.com\/wp-content\/uploads\/2025\/07\/corn-thresher-products-16x12.webp 16w\" sizes=\"auto, (max-width: 720px) 100vw, 720px\" \/><figcaption class=\"wp-element-caption\">aplica\u00e7\u00e3o da m\u00e1quina de debulha de gr\u00e3os<\/figcaption><\/figure> <\/div>   <h2 class=\"wp-block-heading\"><strong>Um caso de exporta\u00e7\u00e3o bem-sucedido sobre a m\u00e1quina de debulha de milho em Gana<\/strong><\/h2>    <p>Estabelecemos uma boa coopera\u00e7\u00e3o com um cliente em Gana. Houve uma grande colheita em sua fazenda, ent\u00e3o ele precisava processar suas colheitas para economizar espa\u00e7o em seu armaz\u00e9m e facilitar a venda subsequente e outros eventos correspondentes.<\/p>    <p>Ele plantou milho e soja, ent\u00e3o ele precisava de uma m\u00e1quina de debulha de culturas multifuncional para debulh\u00e1-las para armazenamento e venda. Com nossa ajuda, ele finalmente escolheu uma m\u00e1quina que atendia \u00e0s suas necessidades: uma m\u00e1quina de debulha de milho multifuncional 5TD-1000.<\/p>    <p>Todo o processo foi fluido. Empacotamos a m\u00e1quina e passamos por um per\u00edodo de transporte. Nosso cliente mal podia esperar para instal\u00e1-la e us\u00e1-la assim que recebeu o equipamento.<\/p>    <p>\"\u00c9 perfeito, n\u00e3o h\u00e1 d\u00favida de que eu amo muito. Obrigado, Taizy, meus amigos que me ajudam a resolver meus problemas de colheita.\" Ele nos envia seu v\u00eddeo de trabalho e diz isso.<\/p>    <figure class=\"wp-block-embed aligncenter is-type-video is-provider-youtube wp-block-embed-youtube wp-embed-aspect-16-9 wp-has-aspect-ratio\"><div class=\"wp-block-embed__wrapper\"> <iframe loading=\"lazy\" title=\"\u2b50 Clientes de Gana Compartilham Feedback Honesto sobre Nosso Debulhador de Gr\u00e3os Multi-funcional M\u00f3vel! #debulhadordecolheita\" width=\"500\" height=\"281\" src=\"https:\/\/www.youtube.com\/embed\/pmll-kGf2Cs?feature=oembed\" frameborder=\"0\" allow=\"accelerometer; autoplay; clipboard-write; encrypted-media; gyroscope; picture-in-picture; web-share\" referrerpolicy=\"strict-origin-when-cross-origin\" allowfullscreen><\/iframe> <\/div><figcaption class=\"wp-element-caption\">v\u00eddeo de funcionamento de nossos clientes de Gana<\/figcaption><\/figure>    <p>\u00c9 uma honra para n\u00f3s que nossa m\u00e1quina possa ajudar algumas pessoas a atender \u00e0s suas necessidades agr\u00edcolas, e esta tamb\u00e9m \u00e9 a cren\u00e7a da Taizy \u2013 tornar o mundo melhor atrav\u00e9s do desenvolvimento de m\u00e1quinas agr\u00edcolas.<\/p>    <figure class=\"wp-block-gallery has-nested-images columns-2 is-cropped wp-block-gallery-2 is-layout-flex wp-block-gallery-is-layout-flex\"> <figure class=\"wp-block-image size-large\"><img loading=\"lazy\" decoding=\"async\" width=\"720\" height=\"540\" data-id=\"607\" src=\"https:\/\/corn-machine.com\/wp-content\/uploads\/2025\/07\/the-first-step-of-packing-corn-sheller-machine.webp\" alt=\"o primeiro passo de embalagem da m\u00e1quina descascadora de milho com partes de embalagem\" class=\"wp-image-607\" title=\"\" srcset=\"https:\/\/corn-machine.com\/wp-content\/uploads\/2025\/07\/the-first-step-of-packing-corn-sheller-machine.webp 720w, https:\/\/corn-machine.com\/wp-content\/uploads\/2025\/07\/the-first-step-of-packing-corn-sheller-machine-300x225.webp 300w, https:\/\/corn-machine.com\/wp-content\/uploads\/2025\/07\/the-first-step-of-packing-corn-sheller-machine-16x12.webp 16w\" sizes=\"auto, (max-width: 720px) 100vw, 720px\" \/><figcaption class=\"wp-element-caption\">o primeiro passo de embalagem da m\u00e1quina descascadora de milho<\/figcaption><\/figure>    <figure class=\"wp-block-image size-large\"><img loading=\"lazy\" decoding=\"async\" width=\"720\" height=\"540\" data-id=\"609\" src=\"https:\/\/corn-machine.com\/wp-content\/uploads\/2025\/07\/reinforced-packing-of-maize-threshing-machine.webp\" alt=\"embalagem refor\u00e7ada da m\u00e1quina de debulha de milho com rede de arame\" class=\"wp-image-609\" title=\"\" srcset=\"https:\/\/corn-machine.com\/wp-content\/uploads\/2025\/07\/reinforced-packing-of-maize-threshing-machine.webp 720w, https:\/\/corn-machine.com\/wp-content\/uploads\/2025\/07\/reinforced-packing-of-maize-threshing-machine-300x225.webp 300w, https:\/\/corn-machine.com\/wp-content\/uploads\/2025\/07\/reinforced-packing-of-maize-threshing-machine-16x12.webp 16w\" sizes=\"auto, (max-width: 720px) 100vw, 720px\" \/><figcaption class=\"wp-element-caption\">embalagem refor\u00e7ada da m\u00e1quina de debulha de milho<\/figcaption><\/figure>    <figure class=\"wp-block-image size-large\"><img loading=\"lazy\" decoding=\"async\" width=\"720\" height=\"540\" data-id=\"610\" src=\"https:\/\/corn-machine.com\/wp-content\/uploads\/2025\/07\/the-packing-of-multifunctional-thresher.webp\" alt=\"a embalagem da debulhadora multifuncional com filme pl\u00e1stico\" class=\"wp-image-610\" title=\"\" srcset=\"https:\/\/corn-machine.com\/wp-content\/uploads\/2025\/07\/the-packing-of-multifunctional-thresher.webp 720w, https:\/\/corn-machine.com\/wp-content\/uploads\/2025\/07\/the-packing-of-multifunctional-thresher-300x225.webp 300w, https:\/\/corn-machine.com\/wp-content\/uploads\/2025\/07\/the-packing-of-multifunctional-thresher-16x12.webp 16w\" sizes=\"auto, (max-width: 720px) 100vw, 720px\" \/><figcaption class=\"wp-element-caption\">a embalagem da debulhadora multifuncional<\/figcaption><\/figure>    <figure class=\"wp-block-image size-large\"><img loading=\"lazy\" decoding=\"async\" width=\"720\" height=\"540\" data-id=\"608\" src=\"https:\/\/corn-machine.com\/wp-content\/uploads\/2025\/07\/shipping-of-corn-threshing-machine.webp\" alt=\"m\u00e1quina de debulha de milho prestes a ser enviada\" class=\"wp-image-608\" title=\"\" srcset=\"https:\/\/corn-machine.com\/wp-content\/uploads\/2025\/07\/shipping-of-corn-threshing-machine.webp 720w, https:\/\/corn-machine.com\/wp-content\/uploads\/2025\/07\/shipping-of-corn-threshing-machine-300x225.webp 300w, https:\/\/corn-machine.com\/wp-content\/uploads\/2025\/07\/shipping-of-corn-threshing-machine-16x12.webp 16w\" sizes=\"auto, (max-width: 720px) 100vw, 720px\" \/><figcaption class=\"wp-element-caption\">envio da m\u00e1quina de debulha de milho<\/figcaption><\/figure> <\/figure>    <p class=\"translation-block\">Al\u00e9m desta m\u00e1quina de debulhar milho, tamb\u00e9m temos outros tipos de m\u00e1quinas de milho, incluindo processamento de milho inteiramente. Por exemplo, o <a href=\"https:\/\/corn-machine.com\/pt_br\/product\/manual-corn-seed-planter\/\">plantador manual de sementes de milho<\/a> para semear, a <a href=\"https:\/\/corn-machine.com\/pt_br\/product\/efficient-maize-harvester-machine\/\">maquina de colheita de milho<\/a> para colher, e at\u00e9 a <a href=\"https:\/\/corn-machine.com\/pt_br\/product\/maize-grits-making-machine\/\">maquina de moer gr\u00e3os de milho<\/a> para moer.<\/p>    <p>Entre em contato conosco para obter mais informa\u00e7\u00f5es e novidades sobre produtos!<\/p>","protected":false},"excerpt":{"rendered":"<p>Esta vers\u00e1til debulhadora de milho \u00e9 capaz de debulhar eficientemente uma ampla gama de gr\u00e3os. Ela pode debulhar 2-4 toneladas de milho, 1-2 toneladas de milheto, etc. por hora. E sua taxa de debulha \u00e9 superior a 98%.<\/p>","protected":false},"author":1,"featured_media":613,"parent":0,"template":"","tags":[31],"product-type":[42],"class_list":["post-600","product","type-product","status-publish","has-post-thumbnail","hentry","tag-corn","product-type-maize-sheller-machine"],"_links":{"self":[{"href":"https:\/\/corn-machine.com\/pt_br\/wp-json\/wp\/v2\/product\/600","targetHints":{"allow":["GET"]}}],"collection":[{"href":"https:\/\/corn-machine.com\/pt_br\/wp-json\/wp\/v2\/product"}],"about":[{"href":"https:\/\/corn-machine.com\/pt_br\/wp-json\/wp\/v2\/types\/product"}],"author":[{"embeddable":true,"href":"https:\/\/corn-machine.com\/pt_br\/wp-json\/wp\/v2\/users\/1"}],"wp:featuredmedia":[{"embeddable":true,"href":"https:\/\/corn-machine.com\/pt_br\/wp-json\/wp\/v2\/media\/613"}],"wp:attachment":[{"href":"https:\/\/corn-machine.com\/pt_br\/wp-json\/wp\/v2\/media?parent=600"}],"wp:term":[{"taxonomy":"post_tag","embeddable":true,"href":"https:\/\/corn-machine.com\/pt_br\/wp-json\/wp\/v2\/tags?post=600"},{"taxonomy":"product-type","embeddable":true,"href":"https:\/\/corn-machine.com\/pt_br\/wp-json\/wp\/v2\/product-type?post=600"}],"curies":[{"name":"wp","href":"https:\/\/api.w.org\/{rel}","templated":true}]}}