{"id":651,"date":"2025-07-15T18:16:59","date_gmt":"2025-07-15T10:16:59","guid":{"rendered":"https:\/\/corn-machine.com\/?post_type=product&#038;p=651"},"modified":"2025-07-17T14:59:06","modified_gmt":"2025-07-17T06:59:06","slug":"grain-cleaner-machine-for-corn-cleaning","status":"publish","type":"product","link":"https:\/\/corn-machine.com\/pt_br\/product\/grain-cleaner-machine-for-corn-cleaning\/","title":{"rendered":"M\u00e1quina Limpadora de Gr\u00e3os Totalmente Autom\u00e1tica Com Vento \u2013 Transportador Transportado"},"content":{"rendered":"<p>Esta m\u00e1quina de limpeza de gr\u00e3os \u00e9 sempre usada como o primeiro passo antes do processamento de culturas. Sua principal fun\u00e7\u00e3o \u00e9 separar a poeira, seixos, gr\u00e3os murchos e outras impurezas. A cada hora, pode processar mat\u00e9rias-primas de 400-1200 kg.<\/p>    <p>Com um sistema altamente autom\u00e1tico, a m\u00e1quina de limpeza de m\u00faltiplos gr\u00e3os \u00e9 f\u00e1cil de operar. Al\u00e9m disso, possui um tamanho pequeno e baixo consumo de energia, sendo uma escolha perfeita para fabricantes de gr\u00e3os crus, f\u00e1bricas de processamento de alimentos e pequenas fazendas.<\/p>    <figure class=\"wp-block-embed is-type-video is-provider-youtube wp-block-embed-youtube wp-embed-aspect-16-9 wp-has-aspect-ratio\"><div class=\"wp-block-embed__wrapper\"> <iframe loading=\"lazy\" title=\"Limpador de Gr\u00e3os | M\u00e1quina de Limpeza de Milho com Controle Automatizado Superior e Alta Efici\u00eancia de Produ\u00e7\u00e3o\" width=\"500\" height=\"281\" src=\"https:\/\/www.youtube.com\/embed\/iZUieQTLocU?feature=oembed\" frameborder=\"0\" allow=\"accelerometer; autoplay; clipboard-write; encrypted-media; gyroscope; picture-in-picture; web-share\" referrerpolicy=\"strict-origin-when-cross-origin\" allowfullscreen><\/iframe> <\/div><figcaption class=\"wp-element-caption\">m\u00e1quina de limpeza de gr\u00e3os<\/figcaption><\/figure>    <h2 class=\"wp-block-heading\"><strong>Quais s\u00e3o as vantagens significativas da m\u00e1quina de limpeza de gr\u00e3os m\u00faltiplos?<\/strong><\/h2>    <ul class=\"wp-block-list\"> <li>A m\u00e1quina de limpeza de gr\u00e3os \u00e9<strong> totalmente autom\u00e1tica<\/strong>. After turning it on, the feeding device will transform the raw materials into the cleaning system and complete the work. For convenience of use, we design a simple operating system. Even if you don&#8217;t know the machine structure, you can get started quickly!<\/li>    <li>Ela possui um <strong>sistema de filtragem cient\u00edfica<\/strong> para separar res\u00edduos e produtos. Al\u00e9m disso, h\u00e1 tr\u00eas sa\u00eddas projetadas para distinguir entre os materiais de sa\u00edda. Equipada com um ventilador, a mat\u00e9ria-prima s\u00f3 precisa ser limpa uma vez, o que pode atender ao requisito de processamento.<\/li>    <li>Devido ao seu tamanho compacto, a m\u00e1quina de limpeza de milho \u00e9<strong> adequada para qualquer situa\u00e7\u00e3o<\/strong>. Pode ser instalada em uma pequena oficina de produ\u00e7\u00e3o ou combinada com outras m\u00e1quinas de produ\u00e7\u00e3o para criar uma linha de produ\u00e7\u00e3o completa para o processamento de culturas.<\/li> <\/ul>    <h2 class=\"wp-block-heading\"><strong>Par\u00e2metros t\u00e9cnicos da m\u00e1quina de limpeza de gr\u00e3os de trigo<\/strong><\/h2>    <p>Existem dois modelos desta m\u00e1quina de limpeza de m\u00faltiplos gr\u00e3os, e voc\u00ea pode escolher um de acordo com suas necessidades de capacidade da m\u00e1quina. Abaixo est\u00e3o seus par\u00e2metros detalhados.<\/p>    <figure class=\"wp-block-table aligncenter\"><table class=\"has-fixed-layout\"><tbody><tr><td>Modelo<\/td><td class=\"has-text-align-center\" data-align=\"center\"><strong>FSQDJ-57<\/strong><\/td><td class=\"has-text-align-center\" data-align=\"center\"><strong>FSQDJ-100<\/strong><\/td><\/tr><tr><td>Produ\u00e7\u00e3o<\/td><td class=\"has-text-align-center\" data-align=\"center\">400-600 kg\/h<\/td><td class=\"has-text-align-center\" data-align=\"center\">800-1200 kg\/h<\/td><\/tr><tr><td>Pot\u00eancia de suporte<\/td><td class=\"has-text-align-center\" data-align=\"center\">3kw<\/td><td class=\"has-text-align-center\" data-align=\"center\">4kw<\/td><\/tr><tr><td>Tamanho<\/td><td class=\"has-text-align-center\" data-align=\"center\">1700*800*2900mm<\/td><td class=\"has-text-align-center\" data-align=\"center\">1900*1000*3000mm<\/td><\/tr><tr><td>Peso<\/td><td class=\"has-text-align-center\" data-align=\"center\">300kg<\/td><td class=\"has-text-align-center\" data-align=\"center\">400kg<\/td><\/tr><\/tbody><\/table><figcaption class=\"wp-element-caption\">par\u00e2metros t\u00e9cnicos da m\u00e1quina de limpeza de gr\u00e3os<\/figcaption><\/figure>    <h2 class=\"wp-block-heading\"><strong>A estrutura completa da m\u00e1quina de limpeza de milho<\/strong><\/h2>    <p>A estrutura externa da m\u00e1quina de limpeza de gr\u00e3os consiste principalmente em m\u00faltiplas sa\u00eddas (incluindo duas sa\u00eddas de impurezas, uma sa\u00edda de areia e uma sa\u00edda de pedra), um ventilador, uma entrada e correias transportadoras.<\/p>    <p>Seu sistema de opera\u00e7\u00e3o espec\u00edfico \u00e9 dividido principalmente em quatro partes: o dispositivo de alimenta\u00e7\u00e3o autom\u00e1tico, o dispositivo de tela vibrat\u00f3ria de dupla camada, o dispositivo de remo\u00e7\u00e3o de pedras de gravidade espec\u00edfica e o dispositivo de limpeza de trigo.<\/p>    <ul class=\"wp-block-list\"> <li>O dispositivo de alimenta\u00e7\u00e3o autom\u00e1tico \u00e9 respons\u00e1vel por transformar gr\u00e3os crus no sistema de processamento. Ele \u00e9 equipado com um ventilador para facilitar a opera\u00e7\u00e3o autom\u00e1tica.<\/li>    <li>O dispositivo de tela vibrat\u00f3ria de dupla camada serve para eliminar poeira, areia e outras impurezas pequenas e leves.<\/li>    <li>Um dispositivo de remo\u00e7\u00e3o de pedras de gravidade espec\u00edfica \u00e9 uma parte indispens\u00e1vel para remover detritos mais pesados (por exemplo, pequenas pedras).<\/li>    <li>O dispositivo de limpeza de trigo \u00e9 especialmente usado para separar palha de trigo, farelo de trigo e gr\u00e3os murchos.<\/li> <\/ul>    <figure class=\"wp-block-gallery has-nested-images columns-default is-cropped wp-block-gallery-2 is-layout-flex wp-block-gallery-is-layout-flex\"> <figure class=\"wp-block-image size-large\"><img loading=\"lazy\" decoding=\"async\" width=\"720\" height=\"540\" data-id=\"658\" src=\"https:\/\/corn-machine.com\/wp-content\/uploads\/2025\/07\/structure-of-small-maize-cleaning-machine.webp\" alt=\"estrutura detalhada da pequena m\u00e1quina de limpeza de milho\" class=\"wp-image-658\" title=\"\" srcset=\"https:\/\/corn-machine.com\/wp-content\/uploads\/2025\/07\/structure-of-small-maize-cleaning-machine.webp 720w, https:\/\/corn-machine.com\/wp-content\/uploads\/2025\/07\/structure-of-small-maize-cleaning-machine-300x225.webp 300w, https:\/\/corn-machine.com\/wp-content\/uploads\/2025\/07\/structure-of-small-maize-cleaning-machine-16x12.webp 16w\" sizes=\"auto, (max-width: 720px) 100vw, 720px\" \/><figcaption class=\"wp-element-caption\">estrutura da pequena m\u00e1quina de limpeza de milho<\/figcaption><\/figure>    <figure class=\"wp-block-image size-large\"><img loading=\"lazy\" decoding=\"async\" width=\"720\" height=\"540\" data-id=\"659\" src=\"https:\/\/corn-machine.com\/wp-content\/uploads\/2025\/07\/system-of-corn-seed-cleaner-machine.webp\" alt=\"sistema completo da m\u00e1quina de limpeza de sementes de milho\" class=\"wp-image-659\" title=\"\" srcset=\"https:\/\/corn-machine.com\/wp-content\/uploads\/2025\/07\/system-of-corn-seed-cleaner-machine.webp 720w, https:\/\/corn-machine.com\/wp-content\/uploads\/2025\/07\/system-of-corn-seed-cleaner-machine-300x225.webp 300w, https:\/\/corn-machine.com\/wp-content\/uploads\/2025\/07\/system-of-corn-seed-cleaner-machine-16x12.webp 16w\" sizes=\"auto, (max-width: 720px) 100vw, 720px\" \/><figcaption class=\"wp-element-caption\">sistema da m\u00e1quina de limpeza de sementes de milho<\/figcaption><\/figure> <\/figure>    <h2 class=\"wp-block-heading\"><strong>Por que \u00e9 necess\u00e1rio ter uma m\u00e1quina de limpeza de gr\u00e3os autom\u00e1tica?<\/strong><\/h2>    <ol class=\"wp-block-list\"> <li>Se voc\u00ea tiver uma linha para processamento de gr\u00e3os e quiser reduzir o custo de compra de mat\u00e9rias-primas, pode adicionar uma m\u00e1quina de limpeza de gr\u00e3os como o primeiro passo para limpeza de materiais. Voc\u00ea pode process\u00e1-la voc\u00ea mesmo, eliminando a necessidade de pagar pelos custos de limpeza e processamento de mat\u00e9rias-primas.<\/li>    <li>Voc\u00ea sempre se sentir\u00e1 incomodado ao limpar milho e trigo da colheita da fazenda? Esta m\u00e1quina pode ajud\u00e1-lo a resolver os problemas facilmente. Ela pode separar a palha de trigo, seixos e at\u00e9 a poeira de suas culturas.<\/li>    <li>Como fornecedor de materiais, mercadorias limpas e de alta qualidade s\u00e3o sempre a primeira escolha para os clientes. Esta m\u00e1quina pode filtrar culturas de baixa qualidade.<\/li> <\/ol>    <p>Na pr\u00f3xima parte, mostrarei os produtos que podem ser produzidos e o uso espec\u00edfico da m\u00e1quina.<\/p>    <h2 class=\"wp-block-heading\"><strong>Grain cleaning machinery&#8217;s products and applications<\/strong><\/h2>    <p>Como uma m\u00e1quina de limpeza de gr\u00e3os multifuncional, ela pode filtrar e peneirar detritos de v\u00e1rios gr\u00e3os, como trigo sarraceno, milho, milheto, trigo, etc.<\/p>    <p>A principal fun\u00e7\u00e3o da m\u00e1quina de limpeza de gr\u00e3os \u00e9 selecionar gr\u00e3os de alta qualidade para facilitar o processamento subsequente de alimentos. Esses materiais processados s\u00e3o suficientemente claros para serem vendidos. Mas se voc\u00ea estiver interessado em criar mais benef\u00edcios, gostaria de apresent\u00e1-lo a alguns equipamentos \u00fateis.<\/p>    <p>Abaixo, apresentarei uma linha de fabrica\u00e7\u00e3o que acredito que ajudar\u00e1 voc\u00ea a entender o processo de produ\u00e7\u00e3o de um produto agroalimentar completo.<\/p>    <figure class=\"wp-block-gallery has-nested-images columns-2 is-cropped wp-block-gallery-3 is-layout-flex wp-block-gallery-is-layout-flex\"> <figure class=\"wp-block-image size-large\"><img loading=\"lazy\" decoding=\"async\" width=\"720\" height=\"540\" data-id=\"660\" src=\"https:\/\/corn-machine.com\/wp-content\/uploads\/2025\/07\/buckwheat.webp\" alt=\"trigo sarraceno limpo pela m\u00e1quina de limpeza de gr\u00e3os\" class=\"wp-image-660\" title=\"\" srcset=\"https:\/\/corn-machine.com\/wp-content\/uploads\/2025\/07\/buckwheat.webp 720w, https:\/\/corn-machine.com\/wp-content\/uploads\/2025\/07\/buckwheat-300x225.webp 300w, https:\/\/corn-machine.com\/wp-content\/uploads\/2025\/07\/buckwheat-16x12.webp 16w\" sizes=\"auto, (max-width: 720px) 100vw, 720px\" \/><figcaption class=\"wp-element-caption\"><a href=\"https:\/\/en.wikipedia.org\/wiki\/Buckwheat#Potential_adverse_effects\" target=\"_blank\" rel=\"noopener\">trigo sarraceno<\/a><\/figcaption><\/figure>    <figure class=\"wp-block-image size-large\"><img loading=\"lazy\" decoding=\"async\" width=\"720\" height=\"540\" data-id=\"663\" src=\"https:\/\/corn-machine.com\/wp-content\/uploads\/2025\/07\/corn-1.webp\" alt=\"milho limpo pela m\u00e1quina de limpeza de gr\u00e3os\" class=\"wp-image-663\" title=\"\" srcset=\"https:\/\/corn-machine.com\/wp-content\/uploads\/2025\/07\/corn-1.webp 720w, https:\/\/corn-machine.com\/wp-content\/uploads\/2025\/07\/corn-1-300x225.webp 300w, https:\/\/corn-machine.com\/wp-content\/uploads\/2025\/07\/corn-1-16x12.webp 16w\" sizes=\"auto, (max-width: 720px) 100vw, 720px\" \/><figcaption class=\"wp-element-caption\">milho<\/figcaption><\/figure>    <figure class=\"wp-block-image size-large\"><img loading=\"lazy\" decoding=\"async\" width=\"720\" height=\"540\" data-id=\"661\" src=\"https:\/\/corn-machine.com\/wp-content\/uploads\/2025\/07\/millet.webp\" alt=\"milheto limpo pela m\u00e1quina de limpeza de gr\u00e3os\" class=\"wp-image-661\" title=\"\" srcset=\"https:\/\/corn-machine.com\/wp-content\/uploads\/2025\/07\/millet.webp 720w, https:\/\/corn-machine.com\/wp-content\/uploads\/2025\/07\/millet-300x225.webp 300w, https:\/\/corn-machine.com\/wp-content\/uploads\/2025\/07\/millet-16x12.webp 16w\" sizes=\"auto, (max-width: 720px) 100vw, 720px\" \/><figcaption class=\"wp-element-caption\">milheto<\/figcaption><\/figure>    <figure class=\"wp-block-image size-large\"><img loading=\"lazy\" decoding=\"async\" width=\"720\" height=\"540\" data-id=\"662\" src=\"https:\/\/corn-machine.com\/wp-content\/uploads\/2025\/07\/wheat-1.webp\" alt=\"trigo limpo pela m\u00e1quina de limpeza de gr\u00e3os\" class=\"wp-image-662\" title=\"\" srcset=\"https:\/\/corn-machine.com\/wp-content\/uploads\/2025\/07\/wheat-1.webp 720w, https:\/\/corn-machine.com\/wp-content\/uploads\/2025\/07\/wheat-1-300x225.webp 300w, https:\/\/corn-machine.com\/wp-content\/uploads\/2025\/07\/wheat-1-16x12.webp 16w\" sizes=\"auto, (max-width: 720px) 100vw, 720px\" \/><figcaption class=\"wp-element-caption\">trigo<\/figcaption><\/figure> <\/figure>    <h2 class=\"wp-block-heading\"><strong>Linha de produ\u00e7\u00e3o para processamento de milho<\/strong><\/h2>    <p class=\"translation-block\">Esta \u00e9 uma unidade completa de moagem de milho para fazer gr\u00e3os de milho, que consiste em quatro partes principais: uma m\u00e1quina de limpeza de gr\u00e3os, um silo, <a href=\"https:\/\/corn-machine.com\/pt_br\/product\/maize-grits-making-machine\/\">uma m\u00e1quina de descascamento de milho<\/a>, e uma m\u00e1quina T3 para gr\u00e3os de milho.<\/p>    <p>\u00c9 o processo completo de produ\u00e7\u00e3o de grits de milho com controle automatizado de alta qualidade e efici\u00eancia de produ\u00e7\u00e3o extremamente alta. Pode melhorar o pre\u00e7o de seus produtos, que podem ser fornecidos a supermercados, mercados atacadistas de agricultores e at\u00e9 mesmo a algumas f\u00e1bricas de alimentos que precisam de tais materiais para processamento de alimentos.<\/p>    <figure class=\"wp-block-gallery aligncenter has-nested-images columns-default is-cropped wp-block-gallery-4 is-layout-flex wp-block-gallery-is-layout-flex\"> <figure class=\"wp-block-image size-full\"><img loading=\"lazy\" decoding=\"async\" width=\"720\" height=\"540\" data-id=\"665\" src=\"https:\/\/corn-machine.com\/wp-content\/uploads\/2025\/07\/complete-machine-for-processing-corn.webp\" alt=\"m\u00e1quina completa para processamento de milho\" class=\"wp-image-665\" title=\"\" srcset=\"https:\/\/corn-machine.com\/wp-content\/uploads\/2025\/07\/complete-machine-for-processing-corn.webp 720w, https:\/\/corn-machine.com\/wp-content\/uploads\/2025\/07\/complete-machine-for-processing-corn-300x225.webp 300w, https:\/\/corn-machine.com\/wp-content\/uploads\/2025\/07\/complete-machine-for-processing-corn-16x12.webp 16w\" sizes=\"auto, (max-width: 720px) 100vw, 720px\" \/><figcaption class=\"wp-element-caption\">linha de processamento de gr\u00e3os de milho<\/figcaption><\/figure>    <figure class=\"wp-block-image size-full\"><img loading=\"lazy\" decoding=\"async\" width=\"720\" height=\"540\" data-id=\"664\" src=\"https:\/\/corn-machine.com\/wp-content\/uploads\/2025\/07\/corn-processing-line.webp\" alt=\"linha de processamento de milho para produ\u00e7\u00e3o de gr\u00e3os de milho\" class=\"wp-image-664\" title=\"\" srcset=\"https:\/\/corn-machine.com\/wp-content\/uploads\/2025\/07\/corn-processing-line.webp 720w, https:\/\/corn-machine.com\/wp-content\/uploads\/2025\/07\/corn-processing-line-300x225.webp 300w, https:\/\/corn-machine.com\/wp-content\/uploads\/2025\/07\/corn-processing-line-16x12.webp 16w\" sizes=\"auto, (max-width: 720px) 100vw, 720px\" \/><figcaption class=\"wp-element-caption\">linha de processamento de milho<\/figcaption><\/figure> <\/figure>    <p>Se voc\u00ea estiver interessado nesta m\u00e1quina ou tiver muitas outras perguntas, entre em contato conosco para saber mais detalhes!<\/p>","protected":false},"excerpt":{"rendered":"<p>A m\u00e1quina de limpeza de gr\u00e3os de alta efici\u00eancia pode processar milho, trigo, milho e outros gr\u00e3os. \u00e9 produtiva e pode limpar gr\u00e3os de 400 a 1200 kg\/h. Equipada com um sistema de soprador para remo\u00e7\u00e3o eficaz de poeira e res\u00edduos.<\/p>","protected":false},"author":1,"featured_media":657,"parent":0,"template":"","tags":[31,33],"product-type":[46],"class_list":["post-651","product","type-product","status-publish","has-post-thumbnail","hentry","tag-corn","tag-grain","product-type-corn-cleaning-machine"],"_links":{"self":[{"href":"https:\/\/corn-machine.com\/pt_br\/wp-json\/wp\/v2\/product\/651","targetHints":{"allow":["GET"]}}],"collection":[{"href":"https:\/\/corn-machine.com\/pt_br\/wp-json\/wp\/v2\/product"}],"about":[{"href":"https:\/\/corn-machine.com\/pt_br\/wp-json\/wp\/v2\/types\/product"}],"author":[{"embeddable":true,"href":"https:\/\/corn-machine.com\/pt_br\/wp-json\/wp\/v2\/users\/1"}],"wp:featuredmedia":[{"embeddable":true,"href":"https:\/\/corn-machine.com\/pt_br\/wp-json\/wp\/v2\/media\/657"}],"wp:attachment":[{"href":"https:\/\/corn-machine.com\/pt_br\/wp-json\/wp\/v2\/media?parent=651"}],"wp:term":[{"taxonomy":"post_tag","embeddable":true,"href":"https:\/\/corn-machine.com\/pt_br\/wp-json\/wp\/v2\/tags?post=651"},{"taxonomy":"product-type","embeddable":true,"href":"https:\/\/corn-machine.com\/pt_br\/wp-json\/wp\/v2\/product-type?post=651"}],"curies":[{"name":"wp","href":"https:\/\/api.w.org\/{rel}","templated":true}]}}