{"id":79,"date":"2022-09-07T10:35:45","date_gmt":"2022-09-07T10:35:45","guid":{"rendered":"https:\/\/corn-machine.com\/?post_type=product&#038;p=79"},"modified":"2026-02-14T13:24:18","modified_gmt":"2026-02-14T05:24:18","slug":"hammer-mill-grinder-for-corn","status":"publish","type":"product","link":"https:\/\/corn-machine.com\/pt_br\/product\/hammer-mill-grinder-for-corn\/","title":{"rendered":"Moedor de Martelo para Milho | Moedor Pequeno de Farinha de Milho"},"content":{"rendered":"<p class=\"translation-block\">Um pequeno moedor de farinha de milho pode triturar palha, milho e forragem em part\u00edculas pequenas. Existem v\u00e1rios modelos desta s\u00e9rie de m\u00e1quinas, e a produ\u00e7\u00e3o de diferentes modelos varia. O moinho de martelo para milho pode ser equipado com tr\u00eas tipos de energia: motor el\u00e9trico, motor a diesel e motor a gasolina. <\/p>    <figure class=\"wp-block-embed aligncenter is-type-video is-provider-youtube wp-block-embed-youtube wp-embed-aspect-16-9 wp-has-aspect-ratio\"><div class=\"wp-block-embed__wrapper\"> <iframe loading=\"lazy\" title=\"M\u00e1quina de moagem de moinho de martelo para ra\u00e7\u00e3o animal Contato  8617703863868\" width=\"500\" height=\"281\" src=\"https:\/\/www.youtube.com\/embed\/m_VF5zWmSzI?feature=oembed\" frameborder=\"0\" allow=\"accelerometer; autoplay; clipboard-write; encrypted-media; gyroscope; picture-in-picture; web-share\" referrerpolicy=\"strict-origin-when-cross-origin\" allowfullscreen><\/iframe> <\/div><figcaption class=\"wp-element-caption\">v\u00eddeo de trabalho da m\u00e1quina de moagem de milho<\/figcaption><\/figure>    <p>Os clientes podem escolher de acordo com suas necessidades. Neste artigo, apresentamos principalmente quatro modelos: 9FQ-320, 9FQ-360, 9FQ-420 e 9FQ-500. Al\u00e9m disso, temos outros modelos de m\u00e1quinas de moagem de milho. Se estiver interessado, entre em contato conosco.<\/p>   <div class=\"wp-block-image\"> <figure class=\"aligncenter size-full\"><img loading=\"lazy\" decoding=\"async\" width=\"720\" height=\"540\" src=\"https:\/\/corn-machine.com\/wp-content\/uploads\/2022\/09\/9fq360.jpg\" alt=\"9fq360\" class=\"wp-image-226\" title=\"\"><figcaption class=\"wp-element-caption\">Nosso cliente estrangeiro visitou nossa f\u00e1brica<\/figcaption><\/figure> <\/div>   <h2 class=\"wp-block-heading\" id=\"h-structure-of-hammer-mill-grinder-for-corn\">Estrutura do moedor de martelo para milho<\/h2>    <p>O moedor de farinha de milho inclui principalmente uma entrada, uma c\u00e2mara de tritura\u00e7\u00e3o, uma l\u00e2mina de martelo, um separador cicl\u00f4nico, uma tela, etc. As l\u00e2minas de martelo na c\u00e2mara de tritura\u00e7\u00e3o s\u00e3o l\u00e2minas de a\u00e7o de alto carbono, que s\u00e3o muito resistentes ao desgaste e t\u00eam uma longa vida \u00fatil.<\/p>    <p>Esta tela tamb\u00e9m \u00e9 uma pe\u00e7a de desgaste desta m\u00e1quina e precisa ser substitu\u00edda regularmente. A Taizy pode personalizar telas de acordo com o tamanho final do produto que voc\u00ea precisa.<\/p>   <div class=\"wp-block-image\"> <figure class=\"aligncenter size-full\"><img loading=\"lazy\" decoding=\"async\" width=\"720\" height=\"540\" src=\"https:\/\/corn-machine.com\/wp-content\/uploads\/2022\/09\/structure-of-9fq360.jpg\" alt=\"\" class=\"wp-image-222\" title=\"\"><\/figure> <\/div>   <h2 class=\"wp-block-heading\" id=\"h-how-does-a-small-corn-meal-grinder-work\">Como funciona um pequeno moedor de farinha de milho?<\/h2>    <p>O processo de trabalho do moinho de martelo para milho \u00e9 muito simples. <\/p>    <ul class=\"wp-block-list\"> <li>Primeiro, a mat\u00e9ria-prima \u00e9 alimentada na c\u00e2mara de tritura\u00e7\u00e3o atrav\u00e9s do alimentador. <\/li>    <li>Ent\u00e3o, os martelos na c\u00e2mara de tritura\u00e7\u00e3o ir\u00e3o girar em alta velocidade para triturar rapidamente a mat\u00e9ria-prima. <\/li>    <li>Por fim, a mat\u00e9ria-prima triturada \u00e9 finamente peneirada pela tela e finalmente descarregada na porta de sa\u00edda.<\/li> <\/ul>    <h2 class=\"wp-block-heading\" id=\"h-working-video-of-hammer-mill-grinder-for-corn\">V\u00eddeo de trabalho do moinho de martelo para milho<\/h2>    <p class=\"translation-block\">O moinho de martelo para milho \u00e9 usado para triturar culturas em p\u00f3 ap\u00f3s a colheita. A Taizy Machinery tamb\u00e9m fornece <a href=\"https:\/\/corn-machine.com\/pt_br\/product\/automatic-corn-sheller\/\">m\u00e1quinas de debulhar milho<\/a>. Bem-vindo para consultar.<\/p>    <figure class=\"wp-block-embed is-type-video is-provider-youtube wp-block-embed-youtube wp-embed-aspect-16-9 wp-has-aspect-ratio\"><div class=\"wp-block-embed__wrapper\"> <iframe loading=\"lazy\" title=\"[Small Disk Mill Working Process | Fine Powder Grinder For Grinding Corn Meal And Chili Powder\ud83c\udf3d\ud83c\udf36]\" width=\"500\" height=\"281\" src=\"https:\/\/www.youtube.com\/embed\/w81WyWVNKFA?feature=oembed\" frameborder=\"0\" allow=\"accelerometer; autoplay; clipboard-write; encrypted-media; gyroscope; picture-in-picture; web-share\" referrerpolicy=\"strict-origin-when-cross-origin\" allowfullscreen><\/iframe> <\/div><figcaption class=\"wp-element-caption\">processo de trabalho da m\u00e1quina moedor 9FQ<\/figcaption><\/figure>    <h2 class=\"wp-block-heading\" id=\"h-advantages-of-hammer-mill-grinder-for-corn\">Vantagens do moedor de martelo para milho<\/h2>    <ul class=\"wp-block-list\"> <li>A m\u00e1quina de moagem de milho \u00e9 vers\u00e1til e pode triturar n\u00e3o apenas gr\u00e3os como milho, soja e milho, mas tamb\u00e9m materiais de biomassa como palha, lascas de madeira, etc. Pode processar v\u00e1rias mat\u00e9rias-primas em materiais menores que 3-5mm.<\/li>    <li>Nossa m\u00e1quina de moinho de milho \u00e9 f\u00e1cil de operar. A equipe n\u00e3o precisa de treinamento, basta abrir a m\u00e1quina, colocar o material e ela pode ser operada.<\/li>    <li>O tamanho do moedor de martelo para milho pode ser ajustado, e diferentes telas podem produzir diferentes tamanhos de produtos acabados.<\/li> <\/ul>    <figure class=\"wp-block-gallery has-nested-images columns-default is-cropped wp-block-gallery-2 is-layout-flex wp-block-gallery-is-layout-flex\"> <figure class=\"wp-block-image size-large\"><img loading=\"lazy\" decoding=\"async\" width=\"540\" height=\"720\" data-id=\"225\" src=\"https:\/\/corn-machine.com\/wp-content\/uploads\/2022\/09\/9fq420.jpg\" alt=\"9fq420\" class=\"wp-image-225\" title=\"\"><figcaption class=\"wp-element-caption\">9fq420<\/figcaption><\/figure>    <figure class=\"wp-block-image size-large\"><img loading=\"lazy\" decoding=\"async\" width=\"540\" height=\"720\" data-id=\"223\" src=\"https:\/\/corn-machine.com\/wp-content\/uploads\/2022\/09\/9fq500-2.jpg\" alt=\"9fq500 \" class=\"wp-image-223\" title=\"\"><figcaption class=\"wp-element-caption\">9fq500 <\/figcaption><\/figure> <\/figure>    <h2 class=\"wp-block-heading\" id=\"h-parameters-of-maize-grinding-machine\">Par\u00e2metros da m\u00e1quina de moagem de milho<\/h2>    <p>A tabela a seguir mostra o principal modelo da m\u00e1quina de moinho de milho e seus par\u00e2metros t\u00e9cnicos. A Taizy Machinery tamb\u00e9m fornece outros modelos de moinhos de milho, al\u00e9m desses quatro modelos. Se estiver interessado, entre em contato conosco, e enviaremos os detalhes da m\u00e1quina em breve.<\/p>    <figure class=\"wp-block-table\"><table><tbody><tr><td>Modelo<\/td><td>Pot\u00eancia<\/td><td>Peso<\/td><td>Capacidade<\/td><td>Martelo<\/td><td>Di\u00e2metro da tela<\/td><td>Tamanho<\/td><\/tr><tr><td>9FQ-320<\/td><td>2.2kw<\/td><td>85kg<\/td><td>100kg\/h<\/td><td>16pcs<\/td><td>0.5-5mm<\/td><td>500*300*600mm<\/td><\/tr><tr><td>9FQ-360<\/td><td>5.5kw<\/td><td>130kg<\/td><td>150kg\/h<\/td><td>24 pe\u00e7as<\/td><td>0.5-5mm<\/td><td>1100*600*1200mm<\/td><\/tr><tr><td>9FQ-420<\/td><td>7.5\/11kw<\/td><td>220kg<\/td><td>300kg\/h<\/td><td>24 pe\u00e7as<\/td><td>1.2-3mm<\/td><td>1200*800*1900mm<\/td><\/tr><tr><td>9FQ-500<\/td><td>11\/15kw<\/td><td>270kg<\/td><td>500kg\/h<\/td><td>24 pe\u00e7as<\/td><td>1.2-3mm<\/td><td>1200*800*1300mm<\/td><\/tr><tr><td>9FQ-600<\/td><td>18,5-22kw<\/td><td>500kg<\/td><td>1000kg\/h<\/td><td>32 pe\u00e7as<\/td><td>1.2-3mm<\/td><td>1500*900*1500mm<\/td><\/tr><tr><td>9FQ-750<\/td><td>22-30kw<\/td><td>850kg<\/td><td>1500kg\/h<\/td><td>32 pe\u00e7as<\/td><td>1.2-3mm<\/td><td>1500*1300*1800mm<\/td><\/tr><tr><td>9FQ-800<\/td><td>37kw<\/td><td>1000kg<\/td><td>2000kg\/h<\/td><td>40 pe\u00e7as<\/td><td>1,2-5mm<\/td><td>1500*1200*1600mm<\/td><\/tr><tr><td>9FQ-1000<\/td><td>45-55kw<\/td><td>1200kg<\/td><td>3000kg\/h<\/td><td>64 pe\u00e7as<\/td><td>1,2-5mm<\/td><td>1500*1300*1800mm<\/td><\/tr><\/tbody><\/table><\/figure>    <h2 class=\"wp-block-heading\" id=\"h-global-case-of-corn-mill-grinder-machine\">Caso global da m\u00e1quina moedor de milho<\/h2>    <p>Um cliente da Nova Zel\u00e2ndia comprou um de nossos moedores de martelo para milho. Ele precisava de uma m\u00e1quina para moer seu milho. Ap\u00f3s entender as necessidades deste cliente, nossa gerente de vendas, Coco, recomendou um 9fq-360 a ele, e o cliente fez o pedido rapidamente devido ao nosso servi\u00e7o de m\u00e1quina profissional e abrangente. A imagem abaixo \u00e9 a foto da embalagem e do envio da m\u00e1quina.<\/p>    <figure class=\"wp-block-gallery has-nested-images columns-default is-cropped wp-block-gallery-3 is-layout-flex wp-block-gallery-is-layout-flex\"> <figure class=\"wp-block-image size-large\"><img loading=\"lazy\" decoding=\"async\" width=\"540\" height=\"720\" data-id=\"1550\" src=\"https:\/\/corn-machine.com\/wp-content\/uploads\/2022\/09\/hammer-mill-machine.webp\" alt=\"embalagem da m\u00e1quina de moinho de martelo\" class=\"wp-image-1550\" title=\"\" srcset=\"https:\/\/corn-machine.com\/wp-content\/uploads\/2022\/09\/hammer-mill-machine.webp 540w, https:\/\/corn-machine.com\/wp-content\/uploads\/2022\/09\/hammer-mill-machine-225x300.webp 225w, https:\/\/corn-machine.com\/wp-content\/uploads\/2022\/09\/hammer-mill-machine-9x12.webp 9w\" sizes=\"auto, (max-width: 540px) 100vw, 540px\" \/><figcaption class=\"wp-element-caption\">embalagem da m\u00e1quina de moinho de martelo<\/figcaption><\/figure>    <figure class=\"wp-block-image size-large\"><img loading=\"lazy\" decoding=\"async\" width=\"540\" height=\"720\" data-id=\"1551\" src=\"https:\/\/corn-machine.com\/wp-content\/uploads\/2022\/09\/loading-of-hammer-grinder.webp\" alt=\"carregamento do moinho de martelo\" class=\"wp-image-1551\" title=\"\" srcset=\"https:\/\/corn-machine.com\/wp-content\/uploads\/2022\/09\/loading-of-hammer-grinder.webp 540w, https:\/\/corn-machine.com\/wp-content\/uploads\/2022\/09\/loading-of-hammer-grinder-225x300.webp 225w, https:\/\/corn-machine.com\/wp-content\/uploads\/2022\/09\/loading-of-hammer-grinder-9x12.webp 9w\" sizes=\"auto, (max-width: 540px) 100vw, 540px\" \/><figcaption class=\"wp-element-caption\">carregamento do moinho de martelo<\/figcaption><\/figure> <\/figure>    <h2 class=\"wp-block-heading\"><strong>Como manter um moinho de martelo?<\/strong><\/h2>    <ol class=\"wp-block-list\"> <li>Ao colocar as mat\u00e9rias-primas, tome cuidado para n\u00e3o misturar pedras, ferro ou outros objetos duros. Objetos duros podem danificar os martelos e a tela.<\/li>    <li>Lubrificar os rolamentos uma vez por semana. Com alta intensidade e frequ\u00eancia de uso, o lubrificante deve ser adicionado com mais frequ\u00eancia.<\/li>    <li>Os pinos podem afrouxar com o tempo, portanto, verifique-os regularmente para evitar que caiam.<\/li>    <li>A tela e os martelos precisam ser substitu\u00eddos dentro de um ano devido ao desgaste natural. Fornecemos fornecimento de pe\u00e7as sobressalentes a longo prazo.<\/li> <\/ol>    <p>A Taizy \u00e9 uma fabricante profissional de m\u00e1quinas agr\u00edcolas com certifica\u00e7\u00f5es internacionais. Se voc\u00ea deseja encontrar uma m\u00e1quina adequada a um bom pre\u00e7o, entre em contato conosco para obter as \u00faltimas informa\u00e7\u00f5es de pre\u00e7os e m\u00e1quinas!<\/p>    <figure class=\"wp-block-gallery has-nested-images columns-default is-cropped wp-block-gallery-4 is-layout-flex wp-block-gallery-is-layout-flex\"> <figure class=\"wp-block-image size-large\"><img loading=\"lazy\" decoding=\"async\" width=\"540\" height=\"720\" data-id=\"1577\" src=\"https:\/\/corn-machine.com\/wp-content\/uploads\/2022\/09\/international-machine-certification.webp\" alt=\"certifica\u00e7\u00e3o internacional de m\u00e1quinas\" class=\"wp-image-1577\" title=\"\" srcset=\"https:\/\/corn-machine.com\/wp-content\/uploads\/2022\/09\/international-machine-certification.webp 540w, https:\/\/corn-machine.com\/wp-content\/uploads\/2022\/09\/international-machine-certification-225x300.webp 225w, https:\/\/corn-machine.com\/wp-content\/uploads\/2022\/09\/international-machine-certification-9x12.webp 9w\" sizes=\"auto, (max-width: 540px) 100vw, 540px\" \/><figcaption class=\"wp-element-caption\">certifica\u00e7\u00e3o internacional de m\u00e1quinas<\/figcaption><\/figure>    <figure class=\"wp-block-image size-large\"><img loading=\"lazy\" decoding=\"async\" width=\"540\" height=\"720\" data-id=\"1578\" src=\"https:\/\/corn-machine.com\/wp-content\/uploads\/2022\/09\/Taizy-customers.webp\" alt=\"Clientes Taizy\" class=\"wp-image-1578\" title=\"\" srcset=\"https:\/\/corn-machine.com\/wp-content\/uploads\/2022\/09\/Taizy-customers.webp 540w, https:\/\/corn-machine.com\/wp-content\/uploads\/2022\/09\/Taizy-customers-225x300.webp 225w, https:\/\/corn-machine.com\/wp-content\/uploads\/2022\/09\/Taizy-customers-9x12.webp 9w\" sizes=\"auto, (max-width: 540px) 100vw, 540px\" \/><figcaption class=\"wp-element-caption\">Clientes Taizy<\/figcaption><\/figure> <\/figure>","protected":false},"excerpt":{"rendered":"<p>A small corn meal grinder can crush straw, corn, and forage into small particles. There are various models of this series of machines, and the output of different models is different. The corn hammer mill grinder for corn can be equipped with three kinds of power: electric motor, diesel engine, and gasoline engine. Customers can [&hellip;]<\/p>\n","protected":false},"author":1,"featured_media":81,"parent":0,"template":"","tags":[22],"product-type":[43],"class_list":["post-79","product","type-product","status-publish","has-post-thumbnail","hentry","tag-corn-grinder","product-type-maize-grinding-mill-machine"],"_links":{"self":[{"href":"https:\/\/corn-machine.com\/pt_br\/wp-json\/wp\/v2\/product\/79","targetHints":{"allow":["GET"]}}],"collection":[{"href":"https:\/\/corn-machine.com\/pt_br\/wp-json\/wp\/v2\/product"}],"about":[{"href":"https:\/\/corn-machine.com\/pt_br\/wp-json\/wp\/v2\/types\/product"}],"author":[{"embeddable":true,"href":"https:\/\/corn-machine.com\/pt_br\/wp-json\/wp\/v2\/users\/1"}],"wp:featuredmedia":[{"embeddable":true,"href":"https:\/\/corn-machine.com\/pt_br\/wp-json\/wp\/v2\/media\/81"}],"wp:attachment":[{"href":"https:\/\/corn-machine.com\/pt_br\/wp-json\/wp\/v2\/media?parent=79"}],"wp:term":[{"taxonomy":"post_tag","embeddable":true,"href":"https:\/\/corn-machine.com\/pt_br\/wp-json\/wp\/v2\/tags?post=79"},{"taxonomy":"product-type","embeddable":true,"href":"https:\/\/corn-machine.com\/pt_br\/wp-json\/wp\/v2\/product-type?post=79"}],"curies":[{"name":"wp","href":"https:\/\/api.w.org\/{rel}","templated":true}]}}