{"id":862,"date":"2025-08-19T16:24:12","date_gmt":"2025-08-19T08:24:12","guid":{"rendered":"https:\/\/corn-machine.com\/?post_type=product&#038;p=862"},"modified":"2025-08-29T17:24:06","modified_gmt":"2025-08-29T09:24:06","slug":"sweet-corn-cutting-machine-food-process","status":"publish","type":"product","link":"https:\/\/corn-machine.com\/pt_br\/product\/sweet-corn-cutting-machine-food-process\/","title":{"rendered":"M\u00e1quina Autom\u00e1tica de Corte de Milho Doce para Processamento de Milho Fresco"},"content":{"rendered":"<p class=\"translation-block\">A m\u00e1quina de cortar <strong>milho fresco Taizy<\/strong> pode cortar principalmente milho glutinoso, milho doce, milho congelado e outros alimentos de forma e dureza semelhantes (cenouras, inhame e mandioca). Seu tamanho m\u00e1ximo de corte \u00e9 de 25 mm, com uma produ\u00e7\u00e3o que pode atingir 500 kg-600 kg por hora. <\/p>    <p>Existem dois tipos de cortadores de milho: cortadores de milho de linha \u00fanica (podem produzir 1500 milhos por hora) e cortadores de milho de linha dupla (podem processar 3000 milhos por hora).<\/p>    <figure class=\"wp-block-gallery has-nested-images columns-default is-cropped wp-block-gallery-2 is-layout-flex wp-block-gallery-is-layout-flex\"> <figure class=\"wp-block-image size-large\"><img loading=\"lazy\" decoding=\"async\" width=\"720\" height=\"540\" data-id=\"910\" src=\"https:\/\/corn-machine.com\/wp-content\/uploads\/2025\/08\/single-row-sweet-corn-cutter.webp\" alt=\"cortador de milho doce de linha \u00fanica\" class=\"wp-image-910\" title=\"\" srcset=\"https:\/\/corn-machine.com\/wp-content\/uploads\/2025\/08\/single-row-sweet-corn-cutter.webp 720w, https:\/\/corn-machine.com\/wp-content\/uploads\/2025\/08\/single-row-sweet-corn-cutter-300x225.webp 300w, https:\/\/corn-machine.com\/wp-content\/uploads\/2025\/08\/single-row-sweet-corn-cutter-16x12.webp 16w\" sizes=\"auto, (max-width: 720px) 100vw, 720px\" \/><figcaption class=\"wp-element-caption\">cortador de milho doce de linha \u00fanica<\/figcaption><\/figure>    <figure class=\"wp-block-image size-full\"><img loading=\"lazy\" decoding=\"async\" width=\"720\" height=\"540\" data-id=\"912\" src=\"https:\/\/corn-machine.com\/wp-content\/uploads\/2025\/08\/double-row-waxy-corn-cutter.webp\" alt=\"cortador de milho ceroso de linha dupla\" class=\"wp-image-912\" title=\"\" srcset=\"https:\/\/corn-machine.com\/wp-content\/uploads\/2025\/08\/double-row-waxy-corn-cutter.webp 720w, https:\/\/corn-machine.com\/wp-content\/uploads\/2025\/08\/double-row-waxy-corn-cutter-300x225.webp 300w, https:\/\/corn-machine.com\/wp-content\/uploads\/2025\/08\/double-row-waxy-corn-cutter-16x12.webp 16w\" sizes=\"auto, (max-width: 720px) 100vw, 720px\" \/><figcaption class=\"wp-element-caption\">cortador de milho ceroso de linha dupla<\/figcaption><\/figure> <\/figure>    <p>Este tipo de m\u00e1quina de corte de espigas de milho \u00e9 amplamente utilizada em f\u00e1bricas de processamento de alimentos, auxiliando efetivamente a automa\u00e7\u00e3o dos processos de produ\u00e7\u00e3o. Exportamos para Vietn\u00e3, Estados Unidos, Singapura e outros pa\u00edses. Quase todos os nossos clientes nos fornecem feedback positivo sobre o cumprimento de suas metas de produ\u00e7\u00e3o em linha de montagem.<\/p>    <h2 class=\"wp-block-heading\"><strong>Como funciona esta m\u00e1quina de corte de milho fresco?<\/strong><\/h2>    <p>O primeiro passo da opera\u00e7\u00e3o de corte de milho \u00e9 a verifica\u00e7\u00e3o. Tr\u00eas pontos precisam de aten\u00e7\u00e3o: <\/p>    <ul class=\"wp-block-list\"> <li>A correia transportadora est\u00e1 funcionando suavemente, sem obstru\u00e7\u00f5es?<\/li>    <li>A l\u00e2mina est\u00e1 funcionando corretamente? Teste colocando uma espiga de milho inteira nela primeiro.<\/li>    <li>N\u00e3o corte milho com a casca.<\/li> <\/ul>    <p>Em seguida, voc\u00ea pode oper\u00e1-la normalmente como parte de sua linha de produ\u00e7\u00e3o.<\/p>    <figure class=\"wp-block-embed aligncenter is-type-video is-provider-youtube wp-block-embed-youtube wp-embed-aspect-16-9 wp-has-aspect-ratio\"><div class=\"wp-block-embed__wrapper\"> <iframe loading=\"lazy\" title=\"\ud83c\udf3dM\u00e1quina de Corte de Milho de Alta Efici\u00eancia | Cortador de Espiga de Milho Fresco e Congelado para Processamento de Alimentos!\" width=\"500\" height=\"281\" src=\"https:\/\/www.youtube.com\/embed\/r5H145IzOCA?feature=oembed\" frameborder=\"0\" allow=\"accelerometer; autoplay; clipboard-write; encrypted-media; gyroscope; picture-in-picture; web-share\" referrerpolicy=\"strict-origin-when-cross-origin\" allowfullscreen><\/iframe> <\/div><figcaption class=\"wp-element-caption\">v\u00eddeo de funcionamento da m\u00e1quina de corte de milho<\/figcaption><\/figure>    <h2 class=\"wp-block-heading\"><strong>Principais caracter\u00edsticas da m\u00e1quina de corte de milho doce<\/strong><\/h2>    <ul class=\"wp-block-list\"> <li>A maioria das partes \u00e9 feita de SUS304 e a\u00e7o inoxid\u00e1vel de grau alimentar GB. O cortador de espiga de milho \u00e9 f\u00e1cil de limpar e tem uma longa vida \u00fatil.<\/li>    <li>Al\u00e9m de cortar milho congelado, fresco e envelhecido, tamb\u00e9m \u00e9 adequado para cenouras, inhames, <a href=\"https:\/\/en.wikipedia.org\/wiki\/Cassava\" target=\"_blank\" rel=\"noopener\">mandioca<\/a>, e outros tipos de alimentos.<\/li>    <li>O <strong>comprimento de corte ajust\u00e1vel<\/strong> para garantir cortes precisos, tornando-o adequado para a produ\u00e7\u00e3o em massa de alimentos finamente embalados. A espiga de milho completa pode ser dividida em duas ou mais se\u00e7\u00f5es, que tamb\u00e9m podem ser alteradas.<\/li>    <li>Ele utiliza <strong>l\u00e2minas circulares de a\u00e7o mangan\u00eas de alta qualidade<\/strong> para cortes precisos e uma superf\u00edcie de l\u00e2mina lisa. O produto final tem uma apar\u00eancia limpa, sem derramamento de material.<\/li>    <li>Este equipamento de corte de milho oferece <strong>alta efici\u00eancia de produ\u00e7\u00e3o<\/strong>, com uma produ\u00e7\u00e3o hor\u00e1ria de 500-600 kg, que pode atender \u00e0s necessidades da maioria das produ\u00e7\u00f5es industriais.<\/li> <\/ul>    <figure class=\"wp-block-gallery has-nested-images columns-2 is-cropped wp-block-gallery-3 is-layout-flex wp-block-gallery-is-layout-flex\"> <figure class=\"wp-block-image size-large\"><img loading=\"lazy\" decoding=\"async\" width=\"720\" height=\"540\" data-id=\"868\" src=\"https:\/\/corn-machine.com\/wp-content\/uploads\/2025\/08\/fresh-maize-cutter-machine.webp\" alt=\"uma m\u00e1quina com milho\" class=\"wp-image-868\" title=\"\" srcset=\"https:\/\/corn-machine.com\/wp-content\/uploads\/2025\/08\/fresh-maize-cutter-machine.webp 720w, https:\/\/corn-machine.com\/wp-content\/uploads\/2025\/08\/fresh-maize-cutter-machine-300x225.webp 300w, https:\/\/corn-machine.com\/wp-content\/uploads\/2025\/08\/fresh-maize-cutter-machine-16x12.webp 16w\" sizes=\"auto, (max-width: 720px) 100vw, 720px\" \/><figcaption class=\"wp-element-caption\">m\u00e1quina de corte de milho com transporte de linha dupla<\/figcaption><\/figure>    <figure class=\"wp-block-image size-full\"><img loading=\"lazy\" decoding=\"async\" width=\"720\" height=\"540\" data-id=\"872\" src=\"https:\/\/corn-machine.com\/wp-content\/uploads\/2025\/08\/cut-piece-of-sweet-corn.webp\" alt=\"superf\u00edcie lisa do peda\u00e7o cortado de milho doce\" class=\"wp-image-872\" title=\"\" srcset=\"https:\/\/corn-machine.com\/wp-content\/uploads\/2025\/08\/cut-piece-of-sweet-corn.webp 720w, https:\/\/corn-machine.com\/wp-content\/uploads\/2025\/08\/cut-piece-of-sweet-corn-300x225.webp 300w, https:\/\/corn-machine.com\/wp-content\/uploads\/2025\/08\/cut-piece-of-sweet-corn-16x12.webp 16w\" sizes=\"auto, (max-width: 720px) 100vw, 720px\" \/><figcaption class=\"wp-element-caption\">superf\u00edcie lisa do peda\u00e7o cortado de milho doce<\/figcaption><\/figure>    <figure class=\"wp-block-image size-large\"><img loading=\"lazy\" decoding=\"async\" width=\"720\" height=\"540\" data-id=\"867\" src=\"https:\/\/corn-machine.com\/wp-content\/uploads\/2025\/08\/3-cm-corn-segments.webp\" alt=\"segmentos de milho de 3 cm cortados por cortador de espiga de milho\" class=\"wp-image-867\" title=\"\" srcset=\"https:\/\/corn-machine.com\/wp-content\/uploads\/2025\/08\/3-cm-corn-segments.webp 720w, https:\/\/corn-machine.com\/wp-content\/uploads\/2025\/08\/3-cm-corn-segments-300x225.webp 300w, https:\/\/corn-machine.com\/wp-content\/uploads\/2025\/08\/3-cm-corn-segments-16x12.webp 16w\" sizes=\"auto, (max-width: 720px) 100vw, 720px\" \/><figcaption class=\"wp-element-caption\">segmentos de milho de 3 cm<\/figcaption><\/figure>    <figure class=\"wp-block-image size-large\"><img loading=\"lazy\" decoding=\"async\" width=\"720\" height=\"540\" data-id=\"869\" src=\"https:\/\/corn-machine.com\/wp-content\/uploads\/2025\/08\/corn-cutter-machine.webp\" alt=\"m\u00e1quina de corte de milho de a\u00e7o inoxid\u00e1vel\" class=\"wp-image-869\" title=\"\" srcset=\"https:\/\/corn-machine.com\/wp-content\/uploads\/2025\/08\/corn-cutter-machine.webp 720w, https:\/\/corn-machine.com\/wp-content\/uploads\/2025\/08\/corn-cutter-machine-300x225.webp 300w, https:\/\/corn-machine.com\/wp-content\/uploads\/2025\/08\/corn-cutter-machine-16x12.webp 16w\" sizes=\"auto, (max-width: 720px) 100vw, 720px\" \/><figcaption class=\"wp-element-caption\">m\u00e1quina de corte de milho de a\u00e7o inoxid\u00e1vel<\/figcaption><\/figure> <\/figure>    <h2 class=\"wp-block-heading\"><strong>Corn cob slicer&#8217;s parameters<\/strong><\/h2>    <figure class=\"wp-block-table\"><table class=\"has-fixed-layout\"><tbody><tr><td>Modelo<\/td><td class=\"has-text-align-center\" data-align=\"center\">TZ-100<\/td><\/tr><tr><td>Pot\u00eancia<\/td><td class=\"has-text-align-center\" data-align=\"center\">2,5-3 KW<\/td><\/tr><tr><td>Tens\u00e3o<\/td><td class=\"has-text-align-center\" data-align=\"center\">380 V<\/td><\/tr><tr><td>Largura efetiva da correia transportadora<\/td><td class=\"has-text-align-center\" data-align=\"center\">400 mm<\/td><\/tr><tr><td>Tamanho m\u00e1ximo de corte<\/td><td class=\"has-text-align-center\" data-align=\"center\">25 mm<\/td><\/tr><tr><td>Capacidade<\/td><td class=\"has-text-align-center\" data-align=\"center\">2000-3000 unid.\/h<\/td><\/tr><tr><td>Medi\u00e7\u00e3o<\/td><td class=\"has-text-align-center\" data-align=\"center\">2130*1170*1360 mm<\/td><\/tr><tr><td>N\u00famero de bandejas<\/td><td class=\"has-text-align-center\" data-align=\"center\">21 conjuntos \u00d7 2 pe\u00e7as cada<\/td><\/tr><\/tbody><\/table><figcaption class=\"wp-element-caption\">Par\u00e2metros t\u00e9cnicos da m\u00e1quina de corte de milho<\/figcaption><\/figure>    <p>Nota: O comprimento de corte das espigas pode ser personalizado, mas n\u00e3o pode ser menor que 2,5 cm. Se voc\u00ea quiser cortar dois tamanhos de segmentos de milho, pode trocar as l\u00e2minas. Mas se os tamanhos dos segmentos de milho que voc\u00ea precisa n\u00e3o puderem formar uma rela\u00e7\u00e3o m\u00faltipla, voc\u00ea precisar\u00e1 comprar mais uma m\u00e1quina de cortar milho.<\/p>    <p>Por exemplo, uma m\u00e1quina pode processar segmentos de milho de 2,5 cm, 5 cm e at\u00e9 7 cm. Mas se voc\u00ea quiser cortar outros tamanhos, deve adquirir outra m\u00e1quina para processar segmentos de milho de 3 cm e 6 cm.<\/p>   <div class=\"wp-block-image\"> <figure class=\"aligncenter size-full\"><img loading=\"lazy\" decoding=\"async\" width=\"720\" height=\"540\" src=\"https:\/\/corn-machine.com\/wp-content\/uploads\/2025\/08\/corn-slicer-machine.webp\" alt=\"m\u00e1quina de fatiar milho para processamento de alimentos de milho \" class=\"wp-image-866\" title=\"\" srcset=\"https:\/\/corn-machine.com\/wp-content\/uploads\/2025\/08\/corn-slicer-machine.webp 720w, https:\/\/corn-machine.com\/wp-content\/uploads\/2025\/08\/corn-slicer-machine-300x225.webp 300w, https:\/\/corn-machine.com\/wp-content\/uploads\/2025\/08\/corn-slicer-machine-16x12.webp 16w\" sizes=\"auto, (max-width: 720px) 100vw, 720px\" \/><figcaption class=\"wp-element-caption\">m\u00e1quina de fatiar milho<\/figcaption><\/figure> <\/div>   <h2 class=\"wp-block-heading\"><strong>Estrutura principal da m\u00e1quina de corte de espigas de milho<\/strong><\/h2>    <p>Existem dois sistemas principais nesta m\u00e1quina autom\u00e1tica de corte de milho para concluir todo o processo: o sistema de corte e o sistema de transmiss\u00e3o.<\/p>    <p>A parte mais importante do sistema de corte \u00e9 a l\u00e2mina afiada de a\u00e7o inoxid\u00e1vel, que tem uma fonte de alimenta\u00e7\u00e3o diferente do funcionamento da m\u00e1quina inteira, necessitando de um motor extra com pot\u00eancia de 3KW.<\/p>    <p>O sistema de transmiss\u00e3o tem um total de 21 conjuntos de bandejas (cada uma com 2 pe\u00e7as) com a fun\u00e7\u00e3o de fixar as espigas de milho e reduzir efetivamente o tempo de trabalho.<\/p>    <figure class=\"wp-block-gallery has-nested-images columns-default is-cropped wp-block-gallery-4 is-layout-flex wp-block-gallery-is-layout-flex\"> <figure class=\"wp-block-image size-large\"><img loading=\"lazy\" decoding=\"async\" width=\"720\" height=\"540\" data-id=\"864\" src=\"https:\/\/corn-machine.com\/wp-content\/uploads\/2025\/08\/blades-of-fresh-maize-cutter-machine.webp\" alt=\"l\u00e2minas da m\u00e1quina de corte de milho fresco\" class=\"wp-image-864\" title=\"\" srcset=\"https:\/\/corn-machine.com\/wp-content\/uploads\/2025\/08\/blades-of-fresh-maize-cutter-machine.webp 720w, https:\/\/corn-machine.com\/wp-content\/uploads\/2025\/08\/blades-of-fresh-maize-cutter-machine-300x225.webp 300w, https:\/\/corn-machine.com\/wp-content\/uploads\/2025\/08\/blades-of-fresh-maize-cutter-machine-16x12.webp 16w\" sizes=\"auto, (max-width: 720px) 100vw, 720px\" \/><figcaption class=\"wp-element-caption\">l\u00e2minas da m\u00e1quina de corte de milho fresco<\/figcaption><\/figure>    <figure class=\"wp-block-image size-large\"><img loading=\"lazy\" decoding=\"async\" width=\"720\" height=\"540\" data-id=\"865\" src=\"https:\/\/corn-machine.com\/wp-content\/uploads\/2025\/08\/fresh-whole-corn-cutting.webp\" alt=\"sistema de transmiss\u00e3o de milho e bandejas da m\u00e1quina de corte de milho doce\" class=\"wp-image-865\" title=\"\" srcset=\"https:\/\/corn-machine.com\/wp-content\/uploads\/2025\/08\/fresh-whole-corn-cutting.webp 720w, https:\/\/corn-machine.com\/wp-content\/uploads\/2025\/08\/fresh-whole-corn-cutting-300x225.webp 300w, https:\/\/corn-machine.com\/wp-content\/uploads\/2025\/08\/fresh-whole-corn-cutting-16x12.webp 16w\" sizes=\"auto, (max-width: 720px) 100vw, 720px\" \/><figcaption class=\"wp-element-caption\">sistema de transmiss\u00e3o de milho e bandejas<\/figcaption><\/figure> <\/figure>    <h2 class=\"wp-block-heading\"><strong>Caso de sucesso de envio das m\u00e1quinas de corte de milho para uma f\u00e1brica de processamento de milho vietnamita<\/strong><\/h2>    <p>Nosso cliente \u00e9 uma f\u00e1brica de processamento de milho no Vietn\u00e3, especializada em milho fresco e produtos \u00e0 base de milho. A f\u00e1brica processa um grande volume de milho todos os dias. Para melhorar a produtividade e a qualidade do produto, o cliente estava procurando uma solu\u00e7\u00e3o de corte de milho de alta efici\u00eancia, precis\u00e3o e flexibilidade.<\/p>    <p>Durante a comunica\u00e7\u00e3o, o cliente forneceu requisitos t\u00e9cnicos claros sobre o tamanho de corte, fonte de alimenta\u00e7\u00e3o e suporte de instala\u00e7\u00e3o.<\/p>    <p>Com base nos requisitos, fornecemos duas M\u00e1quinas de Corte de Milho personalizadas:<\/p>    <ul class=\"wp-block-list\"> <li>Duas m\u00e1quinas personalizadas: m\u00e1quina de corte de 2,5 cm \/ 5 cm e m\u00e1quina de fatiar espigas de milho de 3,5 cm \/ 7 cm.<\/li>    <li>Equipado com um design de faca e eixo de troca r\u00e1pida, garantindo ajustes de tamanho flex\u00edveis e eficientes.<\/li>    <li>Constru\u00eddo com a\u00e7o inoxid\u00e1vel de qualidade alimentar, atendendo aos padr\u00f5es de seguran\u00e7a alimentar.<\/li>    <li>Entregue com manuais completos, desenhos e v\u00eddeos de treinamento para ajudar o cliente a come\u00e7ar rapidamente com a instala\u00e7\u00e3o e substitui\u00e7\u00e3o de facas.<\/li> <\/ul>    <p>Atrav\u00e9s deste projeto, ajudamos nosso cliente vietnamita a atualizar com sucesso suas solu\u00e7\u00f5es de processamento mecanizadas e padronizadas, o que aumentou muito a produ\u00e7\u00e3o de sua f\u00e1brica. Recebemos um bom feedback dele!<\/p>    <figure class=\"wp-block-gallery has-nested-images columns-default is-cropped wp-block-gallery-5 is-layout-flex wp-block-gallery-is-layout-flex\"> <figure class=\"wp-block-image size-large\"><img loading=\"lazy\" decoding=\"async\" width=\"720\" height=\"540\" data-id=\"873\" src=\"https:\/\/corn-machine.com\/wp-content\/uploads\/2025\/08\/plastic-covering-of-sweet-corn-cutter.webp\" alt=\"cobertura pl\u00e1stica da m\u00e1quina de corte de milho doce\" class=\"wp-image-873\" title=\"\" srcset=\"https:\/\/corn-machine.com\/wp-content\/uploads\/2025\/08\/plastic-covering-of-sweet-corn-cutter.webp 720w, https:\/\/corn-machine.com\/wp-content\/uploads\/2025\/08\/plastic-covering-of-sweet-corn-cutter-300x225.webp 300w, https:\/\/corn-machine.com\/wp-content\/uploads\/2025\/08\/plastic-covering-of-sweet-corn-cutter-16x12.webp 16w\" sizes=\"auto, (max-width: 720px) 100vw, 720px\" \/><figcaption class=\"wp-element-caption\">cobertura pl\u00e1stica da m\u00e1quina de corte de milho doce<\/figcaption><\/figure>    <figure class=\"wp-block-image size-large\"><img loading=\"lazy\" decoding=\"async\" width=\"720\" height=\"540\" data-id=\"875\" src=\"https:\/\/corn-machine.com\/wp-content\/uploads\/2025\/08\/wooden-packaging-of-corn-cutting-machine.webp\" alt=\"embalagem de madeira da m\u00e1quina de corte de milho\" class=\"wp-image-875\" title=\"\" srcset=\"https:\/\/corn-machine.com\/wp-content\/uploads\/2025\/08\/wooden-packaging-of-corn-cutting-machine.webp 720w, https:\/\/corn-machine.com\/wp-content\/uploads\/2025\/08\/wooden-packaging-of-corn-cutting-machine-300x225.webp 300w, https:\/\/corn-machine.com\/wp-content\/uploads\/2025\/08\/wooden-packaging-of-corn-cutting-machine-16x12.webp 16w\" sizes=\"auto, (max-width: 720px) 100vw, 720px\" \/><figcaption class=\"wp-element-caption\">embalagem de madeira da m\u00e1quina de corte de milho<\/figcaption><\/figure> <\/figure>    <p>Se sua f\u00e1brica precisa de uma melhoria para um n\u00edvel mais alto de automa\u00e7\u00e3o, esta m\u00e1quina de corte de milho fresco \u00e9 uma boa escolha! Contate-me agora para obter a cota\u00e7\u00e3o e as informa\u00e7\u00f5es mais recentes!<\/p>    <p class=\"translation-block\">A Taizy tamb\u00e9m fornece uma <a href=\"https:\/\/corn-machine.com\/pt_br\/product\/fresh-corn-sheller-machine\/\">m\u00e1quina debulhadora de milho fresco<\/a> para processamento de alimentos em gr\u00e3os de milho. Se voc\u00ea estiver interessado em tal m\u00e1quina, clique nela para saber mais detalhes!<\/p>    <p><\/p>","protected":false},"excerpt":{"rendered":"<p>A m\u00e1quina de corte de milho fresco Taizy \u00e9 adotada na linha de produ\u00e7\u00e3o de alimentos industrial, que pode cortar principalmente milho glutinoso, milho doce e milho congelado com capacidade de 500-600 kg\/h.<\/p>","protected":false},"author":1,"featured_media":863,"parent":0,"template":"","tags":[51,48],"product-type":[49],"class_list":["post-862","product","type-product","status-publish","has-post-thumbnail","hentry","tag-fresh-corn","tag-sweet-corn","product-type-corn-cutter-machine"],"_links":{"self":[{"href":"https:\/\/corn-machine.com\/pt_br\/wp-json\/wp\/v2\/product\/862","targetHints":{"allow":["GET"]}}],"collection":[{"href":"https:\/\/corn-machine.com\/pt_br\/wp-json\/wp\/v2\/product"}],"about":[{"href":"https:\/\/corn-machine.com\/pt_br\/wp-json\/wp\/v2\/types\/product"}],"author":[{"embeddable":true,"href":"https:\/\/corn-machine.com\/pt_br\/wp-json\/wp\/v2\/users\/1"}],"wp:featuredmedia":[{"embeddable":true,"href":"https:\/\/corn-machine.com\/pt_br\/wp-json\/wp\/v2\/media\/863"}],"wp:attachment":[{"href":"https:\/\/corn-machine.com\/pt_br\/wp-json\/wp\/v2\/media?parent=862"}],"wp:term":[{"taxonomy":"post_tag","embeddable":true,"href":"https:\/\/corn-machine.com\/pt_br\/wp-json\/wp\/v2\/tags?post=862"},{"taxonomy":"product-type","embeddable":true,"href":"https:\/\/corn-machine.com\/pt_br\/wp-json\/wp\/v2\/product-type?post=862"}],"curies":[{"name":"wp","href":"https:\/\/api.w.org\/{rel}","templated":true}]}}