{"id":882,"date":"2025-08-20T14:46:05","date_gmt":"2025-08-20T06:46:05","guid":{"rendered":"https:\/\/corn-machine.com\/?post_type=product&#038;p=882"},"modified":"2026-04-13T14:58:45","modified_gmt":"2026-04-13T06:58:45","slug":"corn-husk-remover-for-food-processing","status":"publish","type":"product","link":"https:\/\/corn-machine.com\/pt_br\/product\/corn-husk-remover-for-food-processing\/","title":{"rendered":"Descascador Industrial de Palha de Milho para F\u00e1brica de Processamento de Alimentos de Grande Porte"},"content":{"rendered":"<p class=\"translation-block\">O descascador de milho Taizy \u00e9 projetado especificamente para processamento automatizado de alimentos com corte autom\u00e1tico de raiz, corte de ponta, remo\u00e7\u00e3o de barba, sopro de ar para dispersar folhas e remo\u00e7\u00e3o de seda, etc. <\/p>    <p class=\"translation-block\">O descascador de milho doce \u00e9 capaz de descascar milho fresco, doce e waxy de qualquer variedade com comprimento de 110\u2013280 mm (incluindo casca e raiz) e di\u00e2metro de 40\u201380 mm (em condi\u00e7\u00e3o de casca). Com uma <strong>taxa de quebra de \u22641%,<\/strong> uma <strong>efici\u00eancia de descascamento de \u226598%<\/strong>, e uma <strong>taxa de remo\u00e7\u00e3o de seda de \u226592%<\/strong>, sua capacidade pode chegar a 10.000\u201312.000 espigas\/hora.<\/p>    <h2 class=\"wp-block-heading\"><strong>V\u00eddeo de trabalho de um removedor de casca de milho industrial<\/strong><\/h2>    <p>Abaixo est\u00e1 um v\u00eddeo de feedback de clientes onde recebemos a m\u00e1quina e fizemos alguns testes.<\/p>    <figure class=\"wp-block-embed aligncenter is-type-video is-provider-youtube wp-block-embed-youtube wp-embed-aspect-16-9 wp-has-aspect-ratio\"><div class=\"wp-block-embed__wrapper\"> <iframe loading=\"lazy\" title=\"\ud83c\udf3dM\u00e1quina Industrial de Despalhamento de Milho | Remo\u00e7\u00e3o de Palha e Seda de Milho Fresco\" width=\"500\" height=\"281\" src=\"https:\/\/www.youtube.com\/embed\/SMyoAyr_J5s?feature=oembed\" frameborder=\"0\" allow=\"accelerometer; autoplay; clipboard-write; encrypted-media; gyroscope; picture-in-picture; web-share\" referrerpolicy=\"strict-origin-when-cross-origin\" allowfullscreen><\/iframe> <\/div><figcaption class=\"wp-element-caption\">m\u00e1quina de trabalho descascadora de casca de milho<\/figcaption><\/figure>    <h2 class=\"wp-block-heading\"><strong>Pontos fortes do descascador de milho fresco<\/strong><\/h2>    <ul class=\"wp-block-list\"> <li>Este descascador autom\u00e1tico de milho resolve perfeitamente o problema da produ\u00e7\u00e3o insuficiente de milho fresco em processamento em larga escala e pode processar 10.000\u201312.000 milhos frescos por hora, o que melhora a efici\u00eancia da linha de produ\u00e7\u00e3o de alimentos.<\/li>    <li>A m\u00e1quina descascadora de espigas de milho Taizy inclui descascamento, corte de raiz, corte de ponta e remo\u00e7\u00e3o de seda. Durante o processo de produ\u00e7\u00e3o, n\u00e3o h\u00e1 contato com fontes de polui\u00e7\u00e3o, como metais oxidados e umidade, o que garante efetivamente a qualidade e o n\u00edvel de higiene dos produtos de milho glutinoso fresco.<\/li>    <li>O descascador de milho \u00e9 capaz de manusear milho fresco de v\u00e1rias variedades, com comprimentos de 110\u2013280 mm e di\u00e2metros de 40\u201380 mm, incluindo milho doce e ceroso, tornando-o altamente vers\u00e1til.<\/li>    <li>Fabricado com materiais de qualidade industrial e componentes de alta qualidade, oferece opera\u00e7\u00e3o est\u00e1vel e longa vida \u00fatil, tornando-o adequado para produ\u00e7\u00e3o pesada.<\/li> <\/ul>   <div class=\"wp-block-image\"> <figure class=\"aligncenter size-large\"><img loading=\"lazy\" decoding=\"async\" width=\"720\" height=\"540\" src=\"https:\/\/corn-machine.com\/wp-content\/uploads\/2025\/08\/sweet-corn-shucker.webp\" alt=\"descascador de milho doce\" class=\"wp-image-888\" title=\"\" srcset=\"https:\/\/corn-machine.com\/wp-content\/uploads\/2025\/08\/sweet-corn-shucker.webp 720w, https:\/\/corn-machine.com\/wp-content\/uploads\/2025\/08\/sweet-corn-shucker-300x225.webp 300w, https:\/\/corn-machine.com\/wp-content\/uploads\/2025\/08\/sweet-corn-shucker-16x12.webp 16w\" sizes=\"auto, (max-width: 720px) 100vw, 720px\" \/><figcaption class=\"wp-element-caption\">descascador de milho doce<\/figcaption><\/figure> <\/div>   <h2 class=\"wp-block-heading\"><strong>Descascador de milho a ar vs Descascador de milho com rolo de borracha<\/strong><\/h2>    <figure class=\"wp-block-table\"><table><thead><tr><th>Item de compara\u00e7\u00e3o<\/th><th>Descascador de milho com rolo de borracha<\/th><th>Descascador de milho a ar<\/th><\/tr><\/thead><tbody><tr><td><strong>Tamanho e capacidade da m\u00e1quina<\/strong><\/td><td>Estrutura compacta, <br>adequado para pequenas fazendas ou oficinas<\/td><td>Sistema integrado de grande porte, <br>Projetado para escala industrial <br>linhas de processamento<\/td><\/tr><tr><td><strong>Princ\u00edpio de funcionamento<\/strong><\/td><td>Usa atrito mec\u00e2nico entre <br>rolos de borracha para remover as cascas<\/td><td>Primeiro corta a cabe\u00e7a e a cauda, <br>ent\u00e3o usa fluxo de ar forte <br>para separar as cascas de forma eficiente<\/td><\/tr><tr><td><strong>Efici\u00eancia de processamento<\/strong><\/td><td>Capacidade moderada, adequada para <br>produ\u00e7\u00e3o de pequeno a m\u00e9dio porte<\/td><td>Alto rendimento, <br>ideal para cont\u00ednuo e <br>produ\u00e7\u00e3o de grande volume<\/td><\/tr><tr><td><strong>Efeito do processamento<\/strong><\/td><td>Bom desempenho de descascamento, <br>mas pode causar leve dano aos gr\u00e3os<\/td><td>Processo mais suave, <br>mant\u00e9m melhor a integridade do sabugo de milho <br>ap\u00f3s pr\u00e9-corte<\/td><\/tr><tr><td><strong>Investimento &amp; aplica\u00e7\u00e3o<\/strong><\/td><td>Custo mais baixo, ideal para <br>usu\u00e1rios conscientes do or\u00e7amento<\/td><td>Investimento inicial mais alto, <br>adequado para linhas de produ\u00e7\u00e3o automatizadas <br>e uso industrial de longo prazo<\/td><\/tr><\/tbody><\/table><figcaption class=\"wp-element-caption\">Compara\u00e7\u00e3o de dois tipos de descascadores de milho<\/figcaption><\/figure>    <p>Descascadores de milho com rolo de borracha s\u00e3o ideais para opera\u00e7\u00f5es de pequena escala com or\u00e7amentos limitados, enquanto os descascadores de milho a ar oferecem uma solu\u00e7\u00e3o mais avan\u00e7ada, eficiente e escal\u00e1vel para grandes usinas de processamento que buscam automa\u00e7\u00e3o e maior produtividade.<\/p>    <h2 class=\"wp-block-heading\"><strong>Par\u00e2metros t\u00e9cnicos do descascador autom\u00e1tico de milho doce<\/strong><\/h2>    <figure class=\"wp-block-table aligncenter\"><table class=\"has-fixed-layout\"><tbody><tr><td>Dimens\u00f5es <\/td><td class=\"has-text-align-center\" data-align=\"center\">10,5*1,72*1,95m<\/td><\/tr><tr><td>Peso<\/td><td class=\"has-text-align-center\" data-align=\"center\">5000kg<\/td><\/tr><tr><td>Capacidade<\/td><td class=\"has-text-align-center\" data-align=\"center\">12000 espigas\/h<\/td><\/tr><tr><td>Pot\u00eancia<\/td><td class=\"has-text-align-center\" data-align=\"center\">12,25kw<\/td><\/tr><tr><td>Tens\u00e3o<\/td><td class=\"has-text-align-center\" data-align=\"center\">380v<\/td><\/tr><tr><td>Taxa de quebra<\/td><td class=\"has-text-align-center\" data-align=\"center\">1%<\/td><\/tr><tr><td>Efici\u00eancia de descascamento<\/td><td class=\"has-text-align-center\" data-align=\"center\">98%<\/td><\/tr><tr><td>Taxa de remo\u00e7\u00e3o de seda<\/td><td class=\"has-text-align-center\" data-align=\"center\">92%<\/td><\/tr><tr><td>Aplica\u00e7\u00e3o<\/td><td class=\"has-text-align-center\" data-align=\"center\">Milho fresco, milho doce, milho ceroso, etc.<\/td><\/tr><\/tbody><\/table><figcaption class=\"wp-element-caption\">par\u00e2metros detalhados da m\u00e1quina de descascar milho com ar<\/figcaption><\/figure>    <figure class=\"wp-block-table aligncenter\"><table class=\"has-fixed-layout\"><tbody><tr><td>Capacidade<\/td><td>Aproximadamente 7.000 espigas\/hora<\/td><\/tr><tr><td>Dimens\u00f5es <\/td><td>Aproximadamente 2,5*1,3*2,2m<\/td><\/tr><tr><td>Eixo principal<\/td><td>Comprimento: 1,75m, Di\u00e2metro: \u03a671,5mm<\/td><\/tr><tr><td>Tamanho do rolo de borracha<\/td><td>108*71,5mm<\/td><\/tr><tr><td>N\u00famero de rolos<\/td><td>16pcs<\/td><\/tr><tr><td>M\u00e9todo de lubrifica\u00e7\u00e3o<\/td><td>Lubrifica\u00e7\u00e3o circulante<\/td><\/tr><tr><td>Tubo de abastecimento de \u00e1gua<\/td><td>25 PPR<\/td><\/tr><tr><td>Pot\u00eancia total instalada<\/td><td>8,37kW<\/td><\/tr><tr><td>Fonte de energia<\/td><td>380V<\/td><\/tr><tr><td>Material<\/td><td>A\u00e7o inoxid\u00e1vel, a\u00e7o de canal, etc.<\/td><\/tr><\/tbody><\/table><figcaption class=\"wp-element-caption\">principais par\u00e2metros t\u00e9cnicos da m\u00e1quina de descascar milho com rolo de borracha<\/figcaption><\/figure>    <figure class=\"wp-block-embed aligncenter is-type-video is-provider-youtube wp-block-embed-youtube wp-embed-aspect-16-9 wp-has-aspect-ratio\"><div class=\"wp-block-embed__wrapper\"> <iframe loading=\"lazy\" title=\"Como funciona a m\u00e1quina de descascar milho | Processamento de milho\" width=\"422\" height=\"750\" src=\"https:\/\/www.youtube.com\/embed\/8hiUSHLz3UY?feature=oembed\" frameborder=\"0\" allow=\"accelerometer; autoplay; clipboard-write; encrypted-media; gyroscope; picture-in-picture; web-share\" referrerpolicy=\"strict-origin-when-cross-origin\" allowfullscreen><\/iframe> <\/div><figcaption class=\"wp-element-caption\">v\u00eddeo de trabalho da m\u00e1quina de descascar milho com rolo de borracha<\/figcaption><\/figure>    <h2 class=\"wp-block-heading\"><strong>Princ\u00edpio de funcionamento do descascador de milho doce<\/strong><\/h2>    <p class=\"translation-block\">A m\u00e1quina de descascar milho fresco remove a casca externa e a seda do sabugo de milho <strong> atrav\u00e9s de uma combina\u00e7\u00e3o de fun\u00e7\u00f5es de atrito e stripping<\/strong>. Durante a opera\u00e7\u00e3o, os sabugos s\u00e3o alimentados na se\u00e7\u00e3o de descascamento pela esteira uma por uma, onde rolos rotativos ou dispositivos de descascamento especializados aplicam<strong> press\u00e3o e atrito para remover a camada de casca<\/strong> camada por camada.<\/p>    <p class=\"translation-block\">Ao mesmo tempo, h\u00e1 alguns componentes auxiliares, como <strong>escovas ou sopradores, que ajudam a remover efetivamente o seda do milho<\/strong>. Equipado com um mecanismo de corte <span style=\"margin: 0px;padding: 0px\">que<strong>\u00a0corta<\/strong><\/span><strong> a base e a ponta do sabugo<\/strong>, garantindo comprimento uniforme e uma apar\u00eancia limpa e lisa sem casca e <a href=\"https:\/\/en.wikipedia.org\/wiki\/Corn_silk\" target=\"_blank\" rel=\"noopener\"> seda<\/a>.<\/p>    <figure class=\"wp-block-gallery has-nested-images columns-default is-cropped wp-block-gallery-2 is-layout-flex wp-block-gallery-is-layout-flex\"> <figure class=\"wp-block-image size-large\"><img loading=\"lazy\" decoding=\"async\" width=\"720\" height=\"540\" data-id=\"889\" src=\"https:\/\/corn-machine.com\/wp-content\/uploads\/2025\/08\/automatic-conveyor-belt.webp\" alt=\"esteira transportadora autom\u00e1tica de descascador el\u00e9trico de milho\" class=\"wp-image-889\" title=\"\" srcset=\"https:\/\/corn-machine.com\/wp-content\/uploads\/2025\/08\/automatic-conveyor-belt.webp 720w, https:\/\/corn-machine.com\/wp-content\/uploads\/2025\/08\/automatic-conveyor-belt-300x225.webp 300w, https:\/\/corn-machine.com\/wp-content\/uploads\/2025\/08\/automatic-conveyor-belt-16x12.webp 16w\" sizes=\"auto, (max-width: 720px) 100vw, 720px\" \/><figcaption class=\"wp-element-caption\">esteira transportadora autom\u00e1tica<\/figcaption><\/figure>    <figure class=\"wp-block-image size-large\"><img loading=\"lazy\" decoding=\"async\" width=\"720\" height=\"540\" data-id=\"887\" src=\"https:\/\/corn-machine.com\/wp-content\/uploads\/2025\/08\/pneumatic-device-for-shelling-and-ear-removal.webp\" alt=\"dispositivo pneum\u00e1tico para debulhar e remover a orelha\" class=\"wp-image-887\" title=\"\" srcset=\"https:\/\/corn-machine.com\/wp-content\/uploads\/2025\/08\/pneumatic-device-for-shelling-and-ear-removal.webp 720w, https:\/\/corn-machine.com\/wp-content\/uploads\/2025\/08\/pneumatic-device-for-shelling-and-ear-removal-300x225.webp 300w, https:\/\/corn-machine.com\/wp-content\/uploads\/2025\/08\/pneumatic-device-for-shelling-and-ear-removal-16x12.webp 16w\" sizes=\"auto, (max-width: 720px) 100vw, 720px\" \/><figcaption class=\"wp-element-caption\">dispositivo pneum\u00e1tico para debulhar e remover a orelha<\/figcaption><\/figure> <\/figure>    <h2 class=\"wp-block-heading\"><strong>Aplica\u00e7\u00e3o deste tipo de m\u00e1quina descascadora de milho<\/strong><\/h2>    <p>Como a primeira etapa do processamento de alimentos de milho, o removedor de casca de milho \u00e9 um equipamento fundamental para garantir a qualidade do produto. Ajuda a obter sabugos de milho limpos e uniformes, prontos para processamento adicional ou consumo direto. Portanto, \u00e9 adequado para linhas de produ\u00e7\u00e3o de congelamento r\u00e1pido, produ\u00e7\u00e3o de milho doce embalado a v\u00e1cuo, processamento p\u00f3s-colheita para reduzir m\u00e3o de obra e aumentar o valor do produto, e outras ind\u00fastrias de processamento de alimentos ou grandes fazendas.<\/p>    <figure class=\"wp-block-gallery has-nested-images columns-default is-cropped wp-block-gallery-3 is-layout-flex wp-block-gallery-is-layout-flex\"> <figure class=\"wp-block-image size-large\"><img loading=\"lazy\" decoding=\"async\" width=\"720\" height=\"540\" data-id=\"886\" src=\"https:\/\/corn-machine.com\/wp-content\/uploads\/2025\/08\/husked-and-de-eared-corn.webp\" alt=\"milho descascado e sem espiga por descascador el\u00e9trico de milho\" class=\"wp-image-886\" title=\"\" srcset=\"https:\/\/corn-machine.com\/wp-content\/uploads\/2025\/08\/husked-and-de-eared-corn.webp 720w, https:\/\/corn-machine.com\/wp-content\/uploads\/2025\/08\/husked-and-de-eared-corn-300x225.webp 300w, https:\/\/corn-machine.com\/wp-content\/uploads\/2025\/08\/husked-and-de-eared-corn-16x12.webp 16w\" sizes=\"auto, (max-width: 720px) 100vw, 720px\" \/><figcaption class=\"wp-element-caption\">milho descascado e sem orelha<\/figcaption><\/figure>    <figure class=\"wp-block-image size-large\"><img loading=\"lazy\" decoding=\"async\" width=\"720\" height=\"540\" data-id=\"893\" src=\"https:\/\/corn-machine.com\/wp-content\/uploads\/2025\/08\/vacuum-packed-corn.webp\" alt=\"milho embalado a v\u00e1cuo\" class=\"wp-image-893\" title=\"\" srcset=\"https:\/\/corn-machine.com\/wp-content\/uploads\/2025\/08\/vacuum-packed-corn.webp 720w, https:\/\/corn-machine.com\/wp-content\/uploads\/2025\/08\/vacuum-packed-corn-300x225.webp 300w, https:\/\/corn-machine.com\/wp-content\/uploads\/2025\/08\/vacuum-packed-corn-16x12.webp 16w\" sizes=\"auto, (max-width: 720px) 100vw, 720px\" \/><figcaption class=\"wp-element-caption\">milho embalado a v\u00e1cuo<\/figcaption><\/figure> <\/figure>    <h2 class=\"wp-block-heading\"><strong>Por que escolher a m\u00e1quina descascadora de milho Taizy?<\/strong><\/h2>    <ol class=\"wp-block-list\"> <li>A Taizy fabrica descascadores de milho em nossa pr\u00f3pria f\u00e1brica, o que garante controle de qualidade est\u00e1vel, capacidade de fornecimento confi\u00e1vel e pre\u00e7os competitivos, sem depender de intermedi\u00e1rios.<\/li>    <li>Fornecemos manuais de opera\u00e7\u00e3o claros, v\u00eddeos de treinamento e suporte t\u00e9cnico online. Para clientes no exterior, pe\u00e7as de reposi\u00e7\u00e3o e orienta\u00e7\u00e3o remota est\u00e3o dispon\u00edveis para ajudar a manter a m\u00e1quina funcionando sem problemas e resolver quaisquer problemas que voc\u00ea encontrar.<\/li>    <li>Com anos de experi\u00eancia na fabrica\u00e7\u00e3o e exporta\u00e7\u00e3o de m\u00e1quinas agr\u00edcolas, a Taizy estabeleceu uma reputa\u00e7\u00e3o por suas m\u00e1quinas pr\u00e1ticas e voltadas para o usu\u00e1rio. Focamos na durabilidade, facilidade de opera\u00e7\u00e3o e praticidade para atender \u00e0s diversas necessidades de produtores de todos os tamanhos.<\/li>    <li>Muitos clientes da \u00c1sia, Europa e Am\u00e9rica afirmaram que os descascadores de milho Taizy ajudaram a economizar m\u00e3o de obra, reduzir custos de processamento e alcan\u00e7ar rendimentos est\u00e1veis. O feedback deles nos motiva a melhorar continuamente nosso design e servi\u00e7o.<\/li> <\/ol>    <h2 class=\"wp-block-heading\"><strong>Perguntas frequentes sobre o removedor de casca de milho Taizy<\/strong><\/h2>   <div id=\"rank-math-faq\" class=\"rank-math-block\"> <div class=\"rank-math-list\"> <div id=\"faq-question-1776063321904\" class=\"rank-math-list-item\"> <h3 class=\"rank-math-question\">Que tipos de milho esta m\u00e1quina pode processar?<\/h3> <div class=\"rank-math-answer\">  <p>Este descascador de milho doce \u00e9 adequado para uma ampla variedade de tipos de milho, incluindo milho fresco, milho doce e milho waxy. Pode lidar com milho com comprimento de 110\u2013280 mm (com casca) e di\u00e2metro de 40\u201380 mm (ap\u00f3s descascar).<\/p>  <\/div> <\/div> <div id=\"faq-question-1776063349940\" class=\"rank-math-list-item\"> <h3 class=\"rank-math-question\">A m\u00e1quina suporta processamento totalmente autom\u00e1tico?<\/h3> <div class=\"rank-math-answer\">  <p>Sim, esta m\u00e1quina foi projetada para opera\u00e7\u00e3o totalmente automatizada. Ela integra corte de raiz, corte de ponta, remo\u00e7\u00e3o de casca, remo\u00e7\u00e3o de seda e sopro de ar em um sistema.<\/p>  <\/div> <\/div> <div id=\"faq-question-1776063374861\" class=\"rank-math-list-item\"> <h3 class=\"rank-math-question\">Qual \u00e9 a capacidade de produ\u00e7\u00e3o hor\u00e1ria real?<\/h3> <div class=\"rank-math-answer\">  <p>Sua capacidade de processamento atinge de 10.000 a 12.000 espigas por hora, dependendo do tamanho do milho e das condi\u00e7\u00f5es de alimenta\u00e7\u00e3o.<\/p>  <\/div> <\/div> <div id=\"faq-question-1776063400131\" class=\"rank-math-list-item\"> <h3 class=\"rank-math-question\">A m\u00e1quina danificar\u00e1 o milho durante o processamento?<\/h3> <div class=\"rank-math-answer\">  <p>N\u00e3o, a m\u00e1quina foi projetada com uma taxa de quebra baixa de \u22641%. A combina\u00e7\u00e3o de corte e sopro de ar garante um m\u00e9todo de processamento suave que mant\u00e9m a integridade e a apar\u00eancia dos sabugos de milho.<\/p>  <\/div> <\/div> <div id=\"faq-question-1776063428060\" class=\"rank-math-list-item\"> <h3 class=\"rank-math-question\">A limpeza do resultado do descascamento \u00e9 boa?<\/h3> <div class=\"rank-math-answer\">  <p>A m\u00e1quina atinge uma efici\u00eancia de descascamento de \u226598% e uma taxa de remo\u00e7\u00e3o de seda de \u226592%.<\/p>  <\/div> <\/div> <\/div> <\/div>   <p>A Taizy tamb\u00e9m fornece outros equipamentos a serem utilizados no processamento de milho fresco:<\/p>    <ul class=\"wp-block-list\"> <li><a href=\"https:\/\/corn-machine.com\/pt_br\/product\/fresh-corn-sheller-machine\/\">M\u00e1quina de descascador de milho doce<\/a>: Pode descascar os gr\u00e3os do espiga de milho aplicando-se a latas de milho ou a uma linha de produ\u00e7\u00e3o de gr\u00e3os congelados.<\/li>    <li><a href=\"https:\/\/corn-machine.com\/pt_br\/product\/sweet-corn-cutting-machine-food-process\/\">M\u00e1quina de corte de milho fresco<\/a>: Isto \u00e9 usado para cortar o milho em peda\u00e7os para as pr\u00f3ximas etapas de processamento.<\/li> <\/ul>    <p>Se desejar saber mais informa\u00e7\u00f5es, clique no site ou entre em contato para perguntar sobre suas necessidades.<\/p>    <p>Quer saber mais sobre o pre\u00e7o e detalhes? N\u00e3o hesite em me contatar!<\/p>","protected":false},"excerpt":{"rendered":"<p>O removedor de casca de milho Taizy pode descascar milho fresco com comprimento de 110\u2013280 mm e di\u00e2metro de 40\u201380 mm. Com uma capacidade de 10000-12000 espigas\/h, ele melhora a efici\u00eancia da linha de produ\u00e7\u00e3o de processamento de alimentos.<\/p>","protected":false},"author":1,"featured_media":883,"parent":0,"template":"","tags":[31,51,48],"product-type":[49],"class_list":["post-882","product","type-product","status-publish","has-post-thumbnail","hentry","tag-corn","tag-fresh-corn","tag-sweet-corn","product-type-corn-cutter-machine"],"_links":{"self":[{"href":"https:\/\/corn-machine.com\/pt_br\/wp-json\/wp\/v2\/product\/882","targetHints":{"allow":["GET"]}}],"collection":[{"href":"https:\/\/corn-machine.com\/pt_br\/wp-json\/wp\/v2\/product"}],"about":[{"href":"https:\/\/corn-machine.com\/pt_br\/wp-json\/wp\/v2\/types\/product"}],"author":[{"embeddable":true,"href":"https:\/\/corn-machine.com\/pt_br\/wp-json\/wp\/v2\/users\/1"}],"wp:featuredmedia":[{"embeddable":true,"href":"https:\/\/corn-machine.com\/pt_br\/wp-json\/wp\/v2\/media\/883"}],"wp:attachment":[{"href":"https:\/\/corn-machine.com\/pt_br\/wp-json\/wp\/v2\/media?parent=882"}],"wp:term":[{"taxonomy":"post_tag","embeddable":true,"href":"https:\/\/corn-machine.com\/pt_br\/wp-json\/wp\/v2\/tags?post=882"},{"taxonomy":"product-type","embeddable":true,"href":"https:\/\/corn-machine.com\/pt_br\/wp-json\/wp\/v2\/product-type?post=882"}],"curies":[{"name":"wp","href":"https:\/\/api.w.org\/{rel}","templated":true}]}}