{"id":956,"date":"2025-09-19T17:05:10","date_gmt":"2025-09-19T09:05:10","guid":{"rendered":"https:\/\/corn-machine.com\/?post_type=product&#038;p=956"},"modified":"2025-09-19T17:05:10","modified_gmt":"2025-09-19T09:05:10","slug":"corn-vacuum-packaging-machine","status":"publish","type":"product","link":"https:\/\/corn-machine.com\/pt_br\/product\/corn-vacuum-packaging-machine\/","title":{"rendered":"M\u00e1quina de Embalagem a V\u00e1cuo de Milho"},"content":{"rendered":"<p class=\"translation-block\">A <strong>m\u00e1quina de embalagem a v\u00e1cuo de milho<\/strong> \u00e9 pr\u00e1tica para embalar alimentos frescos, como milho doce, cenouras, arroz e outros alimentos. Pode estender efetivamente a vida de prateleira dos alimentos e manter seu sabor e cor. Usa SUS304 como material principal, o que torna esta seladora de c\u00e2mara de milho mais popular em f\u00e1bricas de processamento de alimentos.<\/p>    <p>In addition, this sweet corn sealing machine is small and easy to move, suitable for small food processing plants. That&#8217;s why it has shipped to Vietnam, South Korea, Japan, the Netherlands, and Kenya with consistently positive customer feedback.<\/p>    <h2 class=\"wp-block-heading\"><strong>Vantagens da m\u00e1quina Taizy de embalagem a v\u00e1cuo de milho fresco<\/strong><\/h2>    <ul class=\"wp-block-list\"> <li>Esta m\u00e1quina de veda\u00e7\u00e3o a v\u00e1cuo de c\u00e2mara de alimentos tem ampla aplica\u00e7\u00e3o. N\u00e3o \u00e9 apenas ideal para milho fresco, mas tamb\u00e9m amplamente usada para embalar vegetais frescos, frutas, gr\u00e3os, carne, bem como alimentos prontos para consumo.<\/li>    <li>A m\u00e1quina de embalagem a v\u00e1cuo de milho oferece melhor preserva\u00e7\u00e3o. Em compara\u00e7\u00e3o com m\u00e1quinas de embalagem comuns, fornece reten\u00e7\u00e3o de frescor superior, estendendo efetivamente a vida de prateleira dos produtos e mantendo o sabor, a textura e o valor nutricional originais.<\/li>    <li>It is equipped with durable 304 stainless steel. The fresh corn sealing machine&#8217;s body is made of food-grade 304 stainless steel, ensuring hygiene, corrosion resistance, and long service life, even under intensive use in food processing environments.<\/li>    <li>Al\u00e9m disso, nossa seladora de c\u00e2mara comercial possui uma janela de observa\u00e7\u00e3o transparente: equipada com uma tampa de vidro org\u00e2nico, permite que os operadores acompanhem o processo de embalagem em tempo real para melhor controle e seguran\u00e7a.<\/li> <\/ul>   <div class=\"wp-block-image\"> <figure class=\"aligncenter size-full\"><img loading=\"lazy\" decoding=\"async\" width=\"720\" height=\"540\" src=\"https:\/\/corn-machine.com\/wp-content\/uploads\/2025\/09\/fresh-corn-vacuum-sealer-machine.webp\" alt=\"m\u00e1quina de veda\u00e7\u00e3o a v\u00e1cuo de milho fresco\" class=\"wp-image-960\" title=\"\" srcset=\"https:\/\/corn-machine.com\/wp-content\/uploads\/2025\/09\/fresh-corn-vacuum-sealer-machine.webp 720w, https:\/\/corn-machine.com\/wp-content\/uploads\/2025\/09\/fresh-corn-vacuum-sealer-machine-300x225.webp 300w, https:\/\/corn-machine.com\/wp-content\/uploads\/2025\/09\/fresh-corn-vacuum-sealer-machine-16x12.webp 16w\" sizes=\"auto, (max-width: 720px) 100vw, 720px\" \/><figcaption class=\"wp-element-caption\">m\u00e1quina de veda\u00e7\u00e3o a v\u00e1cuo de milho fresco<\/figcaption><\/figure> <\/div>   <h2 class=\"wp-block-heading\"><strong>Princ\u00edpios de funcionamento do selador de c\u00e2mara de milho<\/strong><\/h2>    <p>O processo envolve cinco etapas principais: carregamento \u2192 configura\u00e7\u00e3o da bolsa \u2192 v\u00e1cuo \u2192 aquecimento e veda\u00e7\u00e3o \u2192 resfriamento.<\/p>    <h3 class=\"wp-block-heading\"><strong>1. Carregamento do produto<\/strong><\/h3>    <p>Coloque o milho fresco (milho doce, milho duro ou milho cozido na espiga) em uma bolsa de v\u00e1cuo especialmente feita. Verifique e certifique-se de que n\u00e3o haja rasgos na bolsa.<\/p>    <h3 class=\"wp-block-heading\"><strong>1. Configura\u00e7\u00e3o da bolsa<\/strong><\/h3>    <p>Coloque a abertura da bolsa na faixa de veda\u00e7\u00e3o corretamente e, em seguida, feche a c\u00e2mara de v\u00e1cuo para criar um ambiente selado.<\/p>    <h3 class=\"wp-block-heading\"><strong>3. Vaporiza\u00e7\u00e3o<\/strong><\/h3>    <p>A pequena m\u00e1quina de embalagem a v\u00e1cuo de milho ativa a bomba de v\u00e1cuo, ao mesmo tempo extraindo o ar da bolsa de v\u00e1cuo e da c\u00e2mara. Esse processo remove oxig\u00eanio, reduzindo o crescimento microbiano e a oxida\u00e7\u00e3o.<\/p>    <h3 class=\"wp-block-heading\"><strong>4. Veda\u00e7\u00e3o da embalagem<\/strong><\/h3>    <p>Assim que o n\u00edvel de v\u00e1cuo desejado for atingido, a m\u00e1quina acionar\u00e1 o elemento de aquecimento para selar a bolsa. Esta etapa garante que a bolsa permane\u00e7a selada.<\/p>    <h3 class=\"wp-block-heading\"><strong>5. Resfriamento<\/strong><\/h3>    <p>Um breve per\u00edodo de resfriamento fortalecer\u00e1 a veda\u00e7\u00e3o. A c\u00e2mara de v\u00e1cuo volta \u00e0 press\u00e3o atmosf\u00e9rica e a tampa se abre automaticamente.<\/p>   <div class=\"wp-block-image\"> <figure class=\"aligncenter size-full\"><img loading=\"lazy\" decoding=\"async\" width=\"720\" height=\"540\" src=\"https:\/\/corn-machine.com\/wp-content\/uploads\/2025\/09\/products-after-vacuuming.webp\" alt=\"produtos ap\u00f3s o v\u00e1cuo\" class=\"wp-image-961\" title=\"\" srcset=\"https:\/\/corn-machine.com\/wp-content\/uploads\/2025\/09\/products-after-vacuuming.webp 720w, https:\/\/corn-machine.com\/wp-content\/uploads\/2025\/09\/products-after-vacuuming-300x225.webp 300w, https:\/\/corn-machine.com\/wp-content\/uploads\/2025\/09\/products-after-vacuuming-16x12.webp 16w\" sizes=\"auto, (max-width: 720px) 100vw, 720px\" \/><figcaption class=\"wp-element-caption\">produtos ap\u00f3s o v\u00e1cuo<\/figcaption><\/figure> <\/div>   <p>Todos os processos s\u00e3o simples de operar. Milho selado mant\u00e9m melhor o sabor, a textura e os nutrientes, e reduz o risco de deteriora\u00e7\u00e3o durante armazenamento e transporte.<\/p>    <h2 class=\"wp-block-heading\"><strong>Par\u00e2metros da m\u00e1quina de embalagem a v\u00e1cuo para milho doce<\/strong><\/h2>    <figure class=\"wp-block-table\"><table class=\"has-fixed-layout\"><tbody><tr><td>Modelo<\/td><td>TZ-500<\/td><\/tr><tr><td>Tens\u00e3o<\/td><td>220v\/50hz<\/td><\/tr><tr><td>Pot\u00eancia da bomba de v\u00e1cuo<\/td><td>0,9kw<\/td><\/tr><tr><td>Pot\u00eancia de veda\u00e7\u00e3o<\/td><td>0,6kw<\/td><\/tr><tr><td>Press\u00e3o absoluta<\/td><td>0,1pa<\/td><\/tr><tr><td>N\u00famero de tiras de veda\u00e7\u00e3o<\/td><td>2<\/td><\/tr><tr><td>Tamanho da faixa de veda\u00e7\u00e3o (L*W)<\/td><td>500mm*10mm<\/td><\/tr><tr><td>Material da c\u00e2mara de v\u00e1cuo<\/td><td>a\u00e7o inoxid\u00e1vel 304<\/td><\/tr><tr><td>Material da tampa de v\u00e1cuo<\/td><td>Plexiglass<\/td><\/tr><tr><td>Bomba de v\u00e1cuo<\/td><td>20m\u00b3\/h<\/td><\/tr><tr><td>Tamanho da c\u00e2mara de v\u00e1cuo (L*W*H)<\/td><td>525mm*520mm*130mm<\/td><\/tr><tr><td>Tamanho da m\u00e1quina (L*W*H)<\/td><td>650mm*580mm*960mm<\/td><\/tr><tr><td>Peso da m\u00e1quina<\/td><td>80kg<\/td><\/tr><\/tbody><\/table><figcaption class=\"wp-element-caption\">Par\u00e2metros da m\u00e1quina de embalagem a v\u00e1cuo de milho<\/figcaption><\/figure>   <div class=\"wp-block-image\"> <figure class=\"aligncenter size-full\"><img loading=\"lazy\" decoding=\"async\" width=\"720\" height=\"540\" src=\"https:\/\/corn-machine.com\/wp-content\/uploads\/2025\/09\/maize-vacuum-packaging-machine.webp\" alt=\"m\u00e1quina de embalagem a v\u00e1cuo de milho\" class=\"wp-image-962\" title=\"\" srcset=\"https:\/\/corn-machine.com\/wp-content\/uploads\/2025\/09\/maize-vacuum-packaging-machine.webp 720w, https:\/\/corn-machine.com\/wp-content\/uploads\/2025\/09\/maize-vacuum-packaging-machine-300x225.webp 300w, https:\/\/corn-machine.com\/wp-content\/uploads\/2025\/09\/maize-vacuum-packaging-machine-16x12.webp 16w\" sizes=\"auto, (max-width: 720px) 100vw, 720px\" \/><figcaption class=\"wp-element-caption\">m\u00e1quina de embalagem a v\u00e1cuo de milho<\/figcaption><\/figure> <\/div>   <h2 class=\"wp-block-heading\"><strong>Aplica\u00e7\u00f5es da m\u00e1quina de veda\u00e7\u00e3o por v\u00e1cuo de milho<\/strong><\/h2>    <p class=\"translation-block\">Al\u00e9m de selar o milho fresco, esse tipo de m\u00e1quina de embalagem a v\u00e1cuo tamb\u00e9m \u00e9 frequentemente usado para embalar vegetais (batatas-doce, peda\u00e7os de ab\u00f3bora), frutas (abacaxis, bananas secas), gr\u00e3os (amendoim, castanhas), e outros produtos agr\u00edcolas (goji berries, <a href=\"https:\/\/en.wikipedia.org\/wiki\/Jujube\" target=\"_blank\" rel=\"noopener\">t\u00e2mara vermelha<\/a>), etc.<\/p>    <p>Os produtos selados costumam ser vendidos a supermercados, lojas de conveni\u00eancia ou exportados para outros pa\u00edses. Portanto, a maioria das plantas de processamento de produtos agr\u00edcolas, f\u00e1bricas de delicatessen, empresas de carnes\/produtos aqu\u00e1ticos e cooperativas de frutas e legumes comprar\u00e3o nossas m\u00e1quinas de embalagem a v\u00e1cuo de milho para processamento e embalagem.<\/p>   <div class=\"wp-block-image\"> <figure class=\"aligncenter size-large\"><img loading=\"lazy\" decoding=\"async\" width=\"720\" height=\"540\" src=\"https:\/\/corn-machine.com\/wp-content\/uploads\/2025\/09\/application-of-food-vacuum-packaging-machine.webp\" alt=\"aplica\u00e7\u00f5es da m\u00e1quina de embalagem a v\u00e1cuo de alimentos\" class=\"wp-image-966\" title=\"\" srcset=\"https:\/\/corn-machine.com\/wp-content\/uploads\/2025\/09\/application-of-food-vacuum-packaging-machine.webp 720w, https:\/\/corn-machine.com\/wp-content\/uploads\/2025\/09\/application-of-food-vacuum-packaging-machine-300x225.webp 300w, https:\/\/corn-machine.com\/wp-content\/uploads\/2025\/09\/application-of-food-vacuum-packaging-machine-16x12.webp 16w\" sizes=\"auto, (max-width: 720px) 100vw, 720px\" \/><figcaption class=\"wp-element-caption\">aplica\u00e7\u00f5es da m\u00e1quina de embalagem a v\u00e1cuo de alimentos<\/figcaption><\/figure> <\/div>   <h2 class=\"wp-block-heading\"><strong>Por que escolher a m\u00e1quina de embalagem a v\u00e1cuo de milho Taizy?<\/strong><\/h2>    <ul class=\"wp-block-list\"> <li>A Taizy \u00e9 fabricante profissional de maquin\u00e1rio, com mais de 40 anos de experi\u00eancia em fabrica\u00e7\u00e3o e mais de 10 anos de experi\u00eancia em exporta\u00e7\u00e3o.<\/li>    <li>Possu\u00edmos f\u00e1brica de integra\u00e7\u00e3o de produ\u00e7\u00e3o e vendas sem intermedi\u00e1rios, e oferecemos os pre\u00e7os mais favor\u00e1veis com garantia de qualidade da m\u00e1quina.<\/li>    <li>Nossas m\u00e1quinas de embalagem a v\u00e1cuo de milho s\u00e3o constru\u00eddas com alta qualidade, dur\u00e1veis e fabricadas de acordo com padr\u00f5es internacionais de fabrica\u00e7\u00e3o. Todas as nossas m\u00e1quinas possuem certifica\u00e7\u00e3o CE, ganhando a confian\u00e7a de clientes em todo o mundo.<\/li>    <li>Ao mesmo tempo, temos um servi\u00e7o p\u00f3s-venda perfeito e maduro, fornecendo v\u00eddeos de instala\u00e7\u00e3o completos e manuais de instru\u00e7\u00e3o. Tamb\u00e9m h\u00e1 pessoal de p\u00f3s-venda que oferecer\u00e1 atendimento um-a-um.<\/li> <\/ul>    <p>Se tiver qualquer problema, entre em contato comigo. Mostrarei uma cota\u00e7\u00e3o gratuita e qualquer outra informa\u00e7\u00e3o que desejar.<\/p>    <p>Al\u00e9m disso, tamb\u00e9m fornecemos outras m\u00e1quinas para processamento de milho fresco:<\/p>    <ul class=\"wp-block-list\"> <li><a href=\"https:\/\/corn-machine.com\/pt_br\/product\/fresh-corn-sheller-machine\/\">M\u00e1quina de descascador de milho doce<\/a><\/li>    <li><a href=\"https:\/\/corn-machine.com\/pt_br\/product\/corn-husk-remover-for-food-processing\/\">Remover de palha de milho<\/a><\/li>    <li><a href=\"https:\/\/corn-machine.com\/pt_br\/product\/sweet-corn-cutting-machine-food-process\/\">M\u00e1quina de corte de milho doce<\/a><\/li> <\/ul>    <p>Clique na m\u00e1quina de seu interesse para obter mais detalhes!<\/p>","protected":false},"excerpt":{"rendered":"<p>Esta m\u00e1quina de embalagem a v\u00e1cuo de milho em a\u00e7o inox 304 pode resolver o problema de armazenamento de milho fresco, milho doce e milho waxy, garantindo eficazmente a preserva\u00e7\u00e3o prolongada de alimentos frescos e mantendo seu melhor sabor e cor.<\/p>","protected":false},"author":1,"featured_media":967,"parent":0,"template":"","tags":[31,51,48],"product-type":[52],"class_list":["post-956","product","type-product","status-publish","has-post-thumbnail","hentry","tag-corn","tag-fresh-corn","tag-sweet-corn","product-type-corn-packaging-machine"],"_links":{"self":[{"href":"https:\/\/corn-machine.com\/pt_br\/wp-json\/wp\/v2\/product\/956","targetHints":{"allow":["GET"]}}],"collection":[{"href":"https:\/\/corn-machine.com\/pt_br\/wp-json\/wp\/v2\/product"}],"about":[{"href":"https:\/\/corn-machine.com\/pt_br\/wp-json\/wp\/v2\/types\/product"}],"author":[{"embeddable":true,"href":"https:\/\/corn-machine.com\/pt_br\/wp-json\/wp\/v2\/users\/1"}],"wp:featuredmedia":[{"embeddable":true,"href":"https:\/\/corn-machine.com\/pt_br\/wp-json\/wp\/v2\/media\/967"}],"wp:attachment":[{"href":"https:\/\/corn-machine.com\/pt_br\/wp-json\/wp\/v2\/media?parent=956"}],"wp:term":[{"taxonomy":"post_tag","embeddable":true,"href":"https:\/\/corn-machine.com\/pt_br\/wp-json\/wp\/v2\/tags?post=956"},{"taxonomy":"product-type","embeddable":true,"href":"https:\/\/corn-machine.com\/pt_br\/wp-json\/wp\/v2\/product-type?post=956"}],"curies":[{"name":"wp","href":"https:\/\/api.w.org\/{rel}","templated":true}]}}