{"id":974,"date":"2025-09-28T15:17:58","date_gmt":"2025-09-28T07:17:58","guid":{"rendered":"https:\/\/corn-machine.com\/?post_type=product&#038;p=974"},"modified":"2025-09-28T17:50:19","modified_gmt":"2025-09-28T09:50:19","slug":"corn-tip-and-tail-cutting-machine","status":"publish","type":"product","link":"https:\/\/corn-machine.com\/pt_br\/product\/corn-tip-and-tail-cutting-machine\/","title":{"rendered":"M\u00e1quina de cortar ponta e cauda de milho"},"content":{"rendered":"<p class=\"translation-block\">A <strong>m\u00e1quina de corte de ponta e cauda de milho<\/strong> foi projetada para pr\u00e9-tratamento no processamento de milho. Esta m\u00e1quina autom\u00e1tica de milho pode cortar com efici\u00eancia a cabe\u00e7a e a cauda de milho fresco, milho doce, milho waxy, etc. Al\u00e9m disso, pode processar milho com casca ou sem casca, a uma taxa de 3000-6000 por hora.<\/p>    <p>Pode ajudar f\u00e1bricas de processamento de alimento de milho a melhorar significativamente a efici\u00eancia de produ\u00e7\u00e3o. Muitas cooperativas rurais tamb\u00e9m est\u00e3o dispostas a adquirir tal m\u00e1quina de pr\u00e9-processamento em conjunto. Enquanto isso, as m\u00e1quinas s\u00e3o amplamente exportadas para Vietn\u00e3, Nig\u00e9ria, \u00cdndia e outros pa\u00edses.<\/p>    <figure class=\"wp-block-embed is-type-video is-provider-youtube wp-block-embed-youtube wp-embed-aspect-16-9 wp-has-aspect-ratio\"><div class=\"wp-block-embed__wrapper\"> <iframe loading=\"lazy\" title=\"M\u00e1quina Autom\u00e1tica de Corte de Cabe\u00e7a e Fim de Milho | Solu\u00e7\u00e3o Eficiente de Pr\u00e9-Processamento de Milho\" width=\"500\" height=\"281\" src=\"https:\/\/www.youtube.com\/embed\/GsZ9PzakF6M?feature=oembed\" frameborder=\"0\" allow=\"accelerometer; autoplay; clipboard-write; encrypted-media; gyroscope; picture-in-picture; web-share\" referrerpolicy=\"strict-origin-when-cross-origin\" allowfullscreen><\/iframe> <\/div><figcaption class=\"wp-element-caption\">v\u00eddeo de trabalho da m\u00e1quina de corte de ponta e cauda de milho<\/figcaption><\/figure>    <h2 class=\"wp-block-heading\"><strong>Vantagens do removedor de cabe\u00e7a e cauda do milho<\/strong><\/h2>    <ol class=\"wp-block-list\"> <li>Em compara\u00e7\u00e3o com corte manual de milho ou uma m\u00e1quina semi-autom\u00e1tica de remo\u00e7\u00e3o de cabe\u00e7a e cauda, nosso equipamento economiza m\u00e3o de obra e economiza pelo menos o dobro do tempo.<\/li>    <li>A m\u00e1quina cortadora de ponta e cauda de milho Taizy ocupa pouco espa\u00e7o, mas tem alta efici\u00eancia, podendo processar at\u00e9 6.000 gr\u00e3os por hora.<\/li>    <li>As l\u00e2minas da m\u00e1quina de corte de ponta e cauda do milho podem ser substitu\u00eddas para ajustar os comprimentos dos gr\u00e3os, o que \u00e9 crucial para processamento e embalagem em larga escala.<\/li>    <li>Nossa m\u00e1quina de corte de pontas de milho usa a\u00e7o inox SUS304 como material principal, garantindo efetivamente a vida \u00fatil de nossa m\u00e1quina e cumprindo com a seguran\u00e7a alimentar internacional.<\/li> <\/ol>   <div class=\"wp-block-image\"> <figure class=\"aligncenter size-full\"><img loading=\"lazy\" decoding=\"async\" width=\"720\" height=\"540\" src=\"https:\/\/corn-machine.com\/wp-content\/uploads\/2025\/09\/maize-tip-and-tail-cutting-machine.webp\" alt=\"milho tip e tail cutting machine\" class=\"wp-image-976\" title=\"\" srcset=\"https:\/\/corn-machine.com\/wp-content\/uploads\/2025\/09\/maize-tip-and-tail-cutting-machine.webp 720w, https:\/\/corn-machine.com\/wp-content\/uploads\/2025\/09\/maize-tip-and-tail-cutting-machine-300x225.webp 300w, https:\/\/corn-machine.com\/wp-content\/uploads\/2025\/09\/maize-tip-and-tail-cutting-machine-16x12.webp 16w\" sizes=\"auto, (max-width: 720px) 100vw, 720px\" \/><figcaption class=\"wp-element-caption\">milho tip e tail cutting machine<\/figcaption><\/figure> <\/div>   <h2 class=\"wp-block-heading\"><strong>Modelos e par\u00e2metros da m\u00e1quina de corte de ponta de milho doce<\/strong><\/h2>    <p>Oferecemos dois tipos de m\u00e1quinas de corte de ponta e cauda de milho para atender a diferentes necessidades de capacidade. S\u00e3o tipos de linha \u00fanica de removedores de cabe\u00e7a e cauda de milho e tipos de dupla fila de m\u00e1quinas de corte de cabe\u00e7a e cauda de milho waxy.<\/p>    <h3 class=\"wp-block-heading\"><strong>Remetedor de cabe\u00e7a e cauda de milho de linha \u00fanica<\/strong><\/h3>    <figure class=\"wp-block-table\"><table class=\"has-fixed-layout\"><tbody><tr><td>Modelo<\/td><td class=\"has-text-align-center\" data-align=\"center\">Tipo de linha \u00fanica<\/td><\/tr><tr><td>Pot\u00eancia de corte<\/td><td class=\"has-text-align-center\" data-align=\"center\">1.5KW<\/td><\/tr><tr><td>Pot\u00eancia de Transmiss\u00e3o<\/td><td class=\"has-text-align-center\" data-align=\"center\">0.75KW (transmiss\u00e3o de frequ\u00eancia)<\/td><\/tr><tr><td>Material<\/td><td class=\"has-text-align-center\" data-align=\"center\">A\u00e7o inoxid\u00e1vel <\/td><\/tr><tr><td>Capacidade<\/td><td class=\"has-text-align-center\" data-align=\"center\">3000 gr\u00e3os\/h<\/td><\/tr><tr><td>Tamanho<\/td><td class=\"has-text-align-center\" data-align=\"center\">3000mm*800mm*1500mm<\/td><\/tr><\/tbody><\/table><figcaption class=\"wp-element-caption\">especifica\u00e7\u00e3o do remover de cabe\u00e7a e cauda de milho de linha \u00fanica<\/figcaption><\/figure>   <div class=\"wp-block-image\"> <figure class=\"aligncenter size-full\"><img loading=\"lazy\" decoding=\"async\" width=\"720\" height=\"540\" src=\"https:\/\/corn-machine.com\/wp-content\/uploads\/2025\/09\/single-row-fresh-corn-head-and-tail-remover.webp\" alt=\"remover cabe\u00e7a e cauda de milho de linha \u00fanica\" class=\"wp-image-977\" title=\"\" srcset=\"https:\/\/corn-machine.com\/wp-content\/uploads\/2025\/09\/single-row-fresh-corn-head-and-tail-remover.webp 720w, https:\/\/corn-machine.com\/wp-content\/uploads\/2025\/09\/single-row-fresh-corn-head-and-tail-remover-300x225.webp 300w, https:\/\/corn-machine.com\/wp-content\/uploads\/2025\/09\/single-row-fresh-corn-head-and-tail-remover-16x12.webp 16w\" sizes=\"auto, (max-width: 720px) 100vw, 720px\" \/><figcaption class=\"wp-element-caption\">remover cabe\u00e7a e cauda de milho de linha \u00fanica<\/figcaption><\/figure> <\/div>   <h3 class=\"wp-block-heading\"><strong>M\u00e1quina de corte de ponta e cauda de milho waxy em dupla fila<\/strong><\/h3>    <figure class=\"wp-block-table\"><table class=\"has-fixed-layout\"><tbody><tr><td>Modelo<\/td><td class=\"has-text-align-center\" data-align=\"center\">Tipo de dupla fila<\/td><\/tr><tr><td>Pot\u00eancia de corte<\/td><td class=\"has-text-align-center\" data-align=\"center\">1.5KW<\/td><\/tr><tr><td>Pot\u00eancia de Transmiss\u00e3o<\/td><td class=\"has-text-align-center\" data-align=\"center\">1.5KW (transmiss\u00e3o por frequ\u00eancia)<\/td><\/tr><tr><td>Material<\/td><td class=\"has-text-align-center\" data-align=\"center\">A\u00e7o inoxid\u00e1vel <\/td><\/tr><tr><td>Capacidade<\/td><td class=\"has-text-align-center\" data-align=\"center\">6000 gr\u00e3os\/h<\/td><\/tr><tr><td>Tamanho<\/td><td class=\"has-text-align-center\" data-align=\"center\">7000mm*1700mm*1900mm<\/td><\/tr><\/tbody><\/table><figcaption class=\"wp-element-caption\">par\u00e2metros da m\u00e1quina de corte de ponta e cauda de milho em dupla fila<\/figcaption><\/figure>   <div class=\"wp-block-image\"> <figure class=\"aligncenter size-full\"><img loading=\"lazy\" decoding=\"async\" width=\"720\" height=\"540\" src=\"https:\/\/corn-machine.com\/wp-content\/uploads\/2025\/09\/double-row-maize-head-and-tail-cutting-machine.webp\" alt=\"maquina de corte de ponta e cauda de milho em dupla fileira\" class=\"wp-image-978\" title=\"\" srcset=\"https:\/\/corn-machine.com\/wp-content\/uploads\/2025\/09\/double-row-maize-head-and-tail-cutting-machine.webp 720w, https:\/\/corn-machine.com\/wp-content\/uploads\/2025\/09\/double-row-maize-head-and-tail-cutting-machine-300x225.webp 300w, https:\/\/corn-machine.com\/wp-content\/uploads\/2025\/09\/double-row-maize-head-and-tail-cutting-machine-16x12.webp 16w\" sizes=\"auto, (max-width: 720px) 100vw, 720px\" \/><figcaption class=\"wp-element-caption\">maquina de corte de ponta e cauda de milho em dupla fileira<\/figcaption><\/figure> <\/div>   <h2 class=\"wp-block-heading\"><strong>Aplica\u00e7\u00e3o da m\u00e1quina de corte de ponta e cauda de milho<\/strong><\/h2>    <p class=\"translation-block\">Normalmente, esses tipos de m\u00e1quinas s\u00e3o adequados para processar milho doce, <a href=\"https:\/\/en.wikipedia.org\/wiki\/Waxy_corn\" target=\"_blank\" rel=\"noopener\">milho waxy<\/a>, etc., em plantas de processamento de alimentos frescos ou processamento por cooperativas rurais. O milho processado pode ser esterilizado e envasado a v\u00e1cuo diretamente, ou transformado em milho enlatado, milho congelado e outros produtos.<\/p>    <p>Pode eficazmente realizar pr\u00e9-tratamentos do milho. Para milho com pele, que pode ser removida da cabe\u00e7a e cauda para facilitar a descascagem. Para milho sem pele, pode ser removida a cabe\u00e7a e a cauda para padronizar a qualidade. Esta etapa facilita o processamento subsequente de alimentos de milho.<\/p>    <figure class=\"wp-block-gallery has-nested-images columns-default is-cropped wp-block-gallery-2 is-layout-flex wp-block-gallery-is-layout-flex\"> <figure class=\"wp-block-image size-large\"><img loading=\"lazy\" decoding=\"async\" width=\"720\" height=\"540\" data-id=\"980\" src=\"https:\/\/corn-machine.com\/wp-content\/uploads\/2025\/09\/corn-food-processing-factory.webp\" alt=\"f\u00e1brica de processamento de alimentos de milho\" class=\"wp-image-980\" title=\"\" srcset=\"https:\/\/corn-machine.com\/wp-content\/uploads\/2025\/09\/corn-food-processing-factory.webp 720w, https:\/\/corn-machine.com\/wp-content\/uploads\/2025\/09\/corn-food-processing-factory-300x225.webp 300w, https:\/\/corn-machine.com\/wp-content\/uploads\/2025\/09\/corn-food-processing-factory-16x12.webp 16w\" sizes=\"auto, (max-width: 720px) 100vw, 720px\" \/><figcaption class=\"wp-element-caption\">f\u00e1brica de processamento de alimentos de milho<\/figcaption><\/figure>    <figure class=\"wp-block-image size-large\"><img loading=\"lazy\" decoding=\"async\" width=\"720\" height=\"540\" data-id=\"981\" src=\"https:\/\/corn-machine.com\/wp-content\/uploads\/2025\/09\/vacuum-packed-fresh-corn.webp\" alt=\"milho fresco embalado a v\u00e1cuo\" class=\"wp-image-981\" title=\"\" srcset=\"https:\/\/corn-machine.com\/wp-content\/uploads\/2025\/09\/vacuum-packed-fresh-corn.webp 720w, https:\/\/corn-machine.com\/wp-content\/uploads\/2025\/09\/vacuum-packed-fresh-corn-300x225.webp 300w, https:\/\/corn-machine.com\/wp-content\/uploads\/2025\/09\/vacuum-packed-fresh-corn-16x12.webp 16w\" sizes=\"auto, (max-width: 720px) 100vw, 720px\" \/><figcaption class=\"wp-element-caption\">milho fresco embalado a v\u00e1cuo<\/figcaption><\/figure> <\/figure>    <h2 class=\"wp-block-heading\"><strong>Por que escolher a Taizy?<\/strong><\/h2>    <ul class=\"wp-block-list\"> <li>A Taizy existe h\u00e1 40 anos, portanto tem mais de uma d\u00e9cada de experi\u00eancia na exporta\u00e7\u00e3o de m\u00e1quinas de processamento de milho agr\u00edcola.<\/li>    <li>We have a strict QC system, so our machines are built based on international standards. Most of Taizy&#8217;s equipment has CE and other internationally recognized certificates.<\/li>    <li>A Taizy oferece bom suporte p\u00f3s-venda, incluindo suporte de instala\u00e7\u00e3o, ajuda t\u00e9cnica\/resolu\u00e7\u00e3o de problemas, fornecimento de pe\u00e7as de reposi\u00e7\u00e3o, etc.<\/li>    <li>A Taizy \u00e9 fabricante e exportadora, ent\u00e3o muitas vezes economizamos custos em compara\u00e7\u00e3o com terceiros. Al\u00e9m disso, temos nossa pr\u00f3pria f\u00e1brica, o que nos proporciona maior controle sobre custos de produ\u00e7\u00e3o e prazos de entrega.<\/li> <\/ul>    <h2 class=\"wp-block-heading\"><strong>Como encomendar esta m\u00e1quina de cabe\u00e7a e cauda do milho?<\/strong><\/h2>    <p>If you are interested in our machine but don&#8217;t know if it has an affordable price and suitable requirements for you, you can contact us through WhatsApp, phone, or email, and send us a message. We will provide you with the list of products and their price. <\/p>    <p>Ap\u00f3s confirmar que voc\u00ea tem essas inten\u00e7\u00f5es para algumas m\u00e1quinas, nosso representante de vendas fornecer\u00e1 uma solu\u00e7\u00e3o com base em suas necessidades de capacidade de produ\u00e7\u00e3o e nos materiais que deseja processar.<\/p>    <p>\u00c9 exigido um adiantamento parcial antes da produ\u00e7\u00e3o, e o processo de produ\u00e7\u00e3o normalmente leva cerca de 15 dias. Se tivermos estoque em nosso armaz\u00e9m e n\u00e3o houver requisitos especiais, podemos preparar o envio ap\u00f3s a confirma\u00e7\u00e3o do pedido.<\/p>    <p>N\u00f3s testaremos a m\u00e1quina antes do envio para verificar se ela atende aos requisitos. Se voc\u00ea quiser visitar a f\u00e1brica e testar a m\u00e1quina pessoalmente, sinta-se \u00e0 vontade para entrar em contato conosco.<\/p>    <p class=\"translation-block\">Se estiver interessado nesta m\u00e1quina de cortar ponta e cauda de milho, n\u00e3o hesite em entrar em contato para uma cota\u00e7\u00e3o gratuita. Al\u00e9m desta m\u00e1quina, tamb\u00e9m oferecemos <a href=\"https:\/\/corn-machine.com\/pt_br\/product\/sweet-corn-cutting-machine-food-process\/\">m\u00e1quinas de cortar milho<\/a> e grandes <a href=\"https:\/\/corn-machine.com\/pt_br\/product\/corn-husk-remover-for-food-processing\/\">m\u00e1quinas de remo\u00e7\u00e3o de casca de milho<\/a> para processamento aliment\u00edcio.<\/p>","protected":false},"excerpt":{"rendered":"<p><a href=\"https:\/\/corn-machine.com\/pt_br\/product\/corn-tip-and-tail-cutting-machine\/\" target=\"_top\"> \t\t\t\tM\u00e1quina de Corte de Ponta e Cauda de Milho\\t\t\t<\/a><\/p>","protected":false},"author":1,"featured_media":975,"parent":0,"template":"","tags":[31,51,48],"product-type":[49],"class_list":["post-974","product","type-product","status-publish","has-post-thumbnail","hentry","tag-corn","tag-fresh-corn","tag-sweet-corn","product-type-corn-cutter-machine"],"_links":{"self":[{"href":"https:\/\/corn-machine.com\/pt_br\/wp-json\/wp\/v2\/product\/974","targetHints":{"allow":["GET"]}}],"collection":[{"href":"https:\/\/corn-machine.com\/pt_br\/wp-json\/wp\/v2\/product"}],"about":[{"href":"https:\/\/corn-machine.com\/pt_br\/wp-json\/wp\/v2\/types\/product"}],"author":[{"embeddable":true,"href":"https:\/\/corn-machine.com\/pt_br\/wp-json\/wp\/v2\/users\/1"}],"wp:featuredmedia":[{"embeddable":true,"href":"https:\/\/corn-machine.com\/pt_br\/wp-json\/wp\/v2\/media\/975"}],"wp:attachment":[{"href":"https:\/\/corn-machine.com\/pt_br\/wp-json\/wp\/v2\/media?parent=974"}],"wp:term":[{"taxonomy":"post_tag","embeddable":true,"href":"https:\/\/corn-machine.com\/pt_br\/wp-json\/wp\/v2\/tags?post=974"},{"taxonomy":"product-type","embeddable":true,"href":"https:\/\/corn-machine.com\/pt_br\/wp-json\/wp\/v2\/product-type?post=974"}],"curies":[{"name":"wp","href":"https:\/\/api.w.org\/{rel}","templated":true}]}}