{"id":1019,"date":"2025-10-20T15:09:14","date_gmt":"2025-10-20T07:09:14","guid":{"rendered":"https:\/\/corn-machine.com\/?post_type=product&#038;p=1019"},"modified":"2025-10-21T11:49:35","modified_gmt":"2025-10-21T03:49:35","slug":"maize-sheller-machine-for-grain-threshing","status":"publish","type":"product","link":"https:\/\/corn-machine.com\/sw\/product\/maize-sheller-machine-for-grain-threshing\/","title":{"rendered":"Maize Sheller Machine For Grain Threshing"},"content":{"rendered":"<p class=\"translation-block\">Genom forskning och uppdateringar har Taizy utformat en ny modell av en <strong>majsavknackningsmaskin<\/strong>, som st\u00f6der tv\u00e5 kraftalternativ: diesel och elmotor. Utrustad med ett dubbelfl\u00e4ktarsystem kan den avl\u00e4gsna f\u00f6roreningar mer effektivt, vilket g\u00f6r den f\u00e4rdiga coron mer ren och av h\u00f6gre kvalitet.<\/p>    <p>Dessutom anv\u00e4nds den ocks\u00e5 flitigt f\u00f6r att sk\u00f6rda sojab\u00f6nor, sorgum, hirs, ris osv. Maskinen har tv\u00e5 arbetskammare, vilket g\u00f6r produktionen mer effektiv: 3 t\/timme (hirs), 5 t\/timme (majs), 2 t\/timme (ris och vete). <\/p>    <figure class=\"wp-block-embed aligncenter is-type-video is-provider-youtube wp-block-embed-youtube wp-embed-aspect-16-9 wp-has-aspect-ratio\"><div class=\"wp-block-embed__wrapper\"> <iframe loading=\"lazy\" title=\"\ud83c\udf3d\ud83d\ude9cNy spannm\u00e5lsavknackningsmaskin | Dubbel kraft, Dubbelfl\u00e4ktar, H\u00f6gre effektivitet\" width=\"500\" height=\"281\" src=\"https:\/\/www.youtube.com\/embed\/fsW_ADQuGd4?feature=oembed\" frameborder=\"0\" allow=\"accelerometer; autoplay; clipboard-write; encrypted-media; gyroscope; picture-in-picture; web-share\" referrerpolicy=\"strict-origin-when-cross-origin\" allowfullscreen><\/iframe> <\/div><figcaption class=\"wp-element-caption\">majsavknackningsmaskin arbetstest<\/figcaption><\/figure>    <h2 class=\"wp-block-heading\"><strong>Uppdaterade funktioner i den nya stilen av majsskalare machine<\/strong><\/h2>    <p>Efter produktuppgraderingar har v\u00e5ra maskiner gjort st\u00f6rre framsteg j\u00e4mf\u00f6rt med tidigare modeller.<\/p>    <ul class=\"wp-block-list\"> <li>Denna nya majsskalningsmaskin genomg\u00e5r tv\u00e5 skalningsprocesser, vilket skiljer sig fr\u00e5n den gamla modellen, vilket g\u00f6r skalningen h\u00f6gre och skalningen renare.<\/li>    <li>Den nya modellen har tre olika utg\u00e5ngar: en stor avfallsutg\u00e5ng med vibrerande sk\u00e4rm, en liten avfallsutg\u00e5ng med fl\u00e4kt och utg\u00e5ngen f\u00f6r slutprodukten.<\/li>    <li>V\u00e5r majsskalare \u00e4r utrustad med dubbla fl\u00e4ktar, vilket ger b\u00e4ttre reng\u00f6ringseffekter, l\u00e4gre kornslitagesandel och st\u00f6rre anpassningsbarhet till olika gr\u00f6dor och fuktniv\u00e5er j\u00e4mf\u00f6rt med enkelfl\u00e4ktmodeller.<\/li> <\/ul>   <div class=\"wp-block-image\"> <figure class=\"aligncenter size-full\"><img loading=\"lazy\" decoding=\"async\" width=\"720\" height=\"540\" src=\"https:\/\/corn-machine.com\/wp-content\/uploads\/2025\/10\/agriculture-thresher.webp\" alt=\"jordbrukstorkare\" class=\"wp-image-1022\" title=\"\" srcset=\"https:\/\/corn-machine.com\/wp-content\/uploads\/2025\/10\/agriculture-thresher.webp 720w, https:\/\/corn-machine.com\/wp-content\/uploads\/2025\/10\/agriculture-thresher-300x225.webp 300w, https:\/\/corn-machine.com\/wp-content\/uploads\/2025\/10\/agriculture-thresher-16x12.webp 16w\" sizes=\"auto, (max-width: 720px) 100vw, 720px\" \/><figcaption class=\"wp-element-caption\">jordbrukstorkare<\/figcaption><\/figure> <\/div>   <h2 class=\"wp-block-heading\"><strong>Struktur f\u00f6r v\u00e5r m\u00e5ngfunktionella majsskalare maskin<\/strong><\/h2>    <p>V\u00e5rt vete-skalare best\u00e5r av inloppet, dieselmotorn (eller elmotor), den mobila hjulet, dragchassit, skalningsnumren, utloppen och sir\u2011brisfl\u00e4kten.<\/p>    <figure class=\"wp-block-gallery has-nested-images columns-default is-cropped wp-block-gallery-2 is-layout-flex wp-block-gallery-is-layout-flex\"> <figure class=\"wp-block-image size-large\"><img loading=\"lazy\" decoding=\"async\" width=\"720\" height=\"540\" data-id=\"1023\" src=\"https:\/\/corn-machine.com\/wp-content\/uploads\/2025\/10\/structure-of-corn-sheller-machine.webp\" alt=\"struktur f\u00f6r majsskalare maskin\" class=\"wp-image-1023\" title=\"\" srcset=\"https:\/\/corn-machine.com\/wp-content\/uploads\/2025\/10\/structure-of-corn-sheller-machine.webp 720w, https:\/\/corn-machine.com\/wp-content\/uploads\/2025\/10\/structure-of-corn-sheller-machine-300x225.webp 300w, https:\/\/corn-machine.com\/wp-content\/uploads\/2025\/10\/structure-of-corn-sheller-machine-16x12.webp 16w\" sizes=\"auto, (max-width: 720px) 100vw, 720px\" \/><figcaption class=\"wp-element-caption\">struktur f\u00f6r majsskalare maskin<\/figcaption><\/figure>    <figure class=\"wp-block-image size-large\"><img loading=\"lazy\" decoding=\"async\" width=\"720\" height=\"540\" data-id=\"1024\" src=\"https:\/\/corn-machine.com\/wp-content\/uploads\/2025\/10\/structure-of-grain-threshing-machine.webp\" alt=\"struktur f\u00f6r spannm\u00e5lsutvinningsmaskin\" class=\"wp-image-1024\" title=\"\" srcset=\"https:\/\/corn-machine.com\/wp-content\/uploads\/2025\/10\/structure-of-grain-threshing-machine.webp 720w, https:\/\/corn-machine.com\/wp-content\/uploads\/2025\/10\/structure-of-grain-threshing-machine-300x225.webp 300w, https:\/\/corn-machine.com\/wp-content\/uploads\/2025\/10\/structure-of-grain-threshing-machine-16x12.webp 16w\" sizes=\"auto, (max-width: 720px) 100vw, 720px\" \/><figcaption class=\"wp-element-caption\">struktur f\u00f6r spannm\u00e5lsutvinningsmaskin<\/figcaption><\/figure> <\/figure>    <p>Det finns 2 skalningsnummer i v\u00e5r majsskalare. F\u00f6rsta skalningsnumret ansvarar f\u00f6r den initiala skalningen som separerar majs-k\u00e4rnor fr\u00e5n kolvarna genom friktion och inverkan. Det andra hjulet utf\u00f6r en finare separation som f\u00f6rb\u00e4ttrar \u00f6vergripande skarlningseffektivitet och renhet.<\/p>    <p>Det dubbla fl\u00e4kt\u00adsystemet \u00e4r ocks\u00e5 en av nyckelfunktionerna hos denna majsskalare. Den f\u00f6rsta fl\u00e4kten tar bort stora skalf\u00e4rg och l\u00e4tta f\u00f6roreningar, medan den andra fl\u00e4kten ger sekund\u00e4r luftseparation f\u00f6r mindre damm och halm. Detta tv\u00e5stegs luftfl\u00f6des\u00adsystem s\u00e4kerst\u00e4ller att de slutliga kornen \u00e4r renare och av h\u00f6gre kvalitet.<\/p>    <p>F\u00f6r enkel r\u00f6relse mellan f\u00e4lten \u00e4r v\u00e5r majsskalare utformad med stora, h\u00e5llbara d\u00e4ck, vilket g\u00f6r den l\u00e4mplig f\u00f6r b\u00e5de station\u00e4ra och f\u00e4ltoperationer och \u00f6kar flexibiliteten f\u00f6r anv\u00e4ndare p\u00e5 landsbygden eller i stora jordbruk.<\/p>    <h2 class=\"wp-block-heading\"><strong>Vad \u00e4r till\u00e4mpningarna av majsskalare maskinen?<\/strong><\/h2>    <p>F\u00f6rutom majs kan denna m\u00e5ngsidiga torkare ocks\u00e5 anv\u00e4ndas f\u00f6r en m\u00e4ngd olika grain och gr\u00f6dor, inklusive majs, sorgum, hirs, sojab\u00f6nor och vete, vilket uppfyller ett brett spektrum av bearbetningsbehov.<\/p>    <p>spannm\u00e5ls-skalare anv\u00e4nds i landsbygdsomr\u00e5den, jordbrukssamarbeten, spannm\u00e5lsk\u00f6psstationer och sm\u00e5 livsmedelsbearbetningsanl\u00e4ggningar. De hj\u00e4lper till att minska manuellt arbete och dess kostnader samtidigt som de avsev\u00e4rt f\u00f6rb\u00e4ttrar skalsnings\u00adeffektiviteten.<\/p>    <p>Taizy har f\u00e5tt m\u00e5nga best\u00e4llningar fr\u00e5n regioner d\u00e4r majs och andra spannm\u00e5l \u00e4r basf\u00f6da, som Afrika, Sydostasien och Sydamerika. Denna maskin spelar en viktig roll i att f\u00f6rb\u00e4ttra spannm\u00e5lsbearbetningen och st\u00f6dja lokalt livsmedelsproduktion.<\/p>    <figure class=\"wp-block-gallery has-nested-images columns-2 is-cropped wp-block-gallery-3 is-layout-flex wp-block-gallery-is-layout-flex\"> <figure class=\"wp-block-image size-large\"><img loading=\"lazy\" decoding=\"async\" width=\"720\" height=\"540\" data-id=\"1028\" src=\"https:\/\/corn-machine.com\/wp-content\/uploads\/2025\/10\/corn.webp\" alt=\"mahindi\" class=\"wp-image-1028\" title=\"\" srcset=\"https:\/\/corn-machine.com\/wp-content\/uploads\/2025\/10\/corn.webp 720w, https:\/\/corn-machine.com\/wp-content\/uploads\/2025\/10\/corn-300x225.webp 300w, https:\/\/corn-machine.com\/wp-content\/uploads\/2025\/10\/corn-16x12.webp 16w\" sizes=\"auto, (max-width: 720px) 100vw, 720px\" \/><figcaption class=\"wp-element-caption\">mahindi<\/figcaption><\/figure>    <figure class=\"wp-block-image size-large\"><img loading=\"lazy\" decoding=\"async\" width=\"720\" height=\"540\" data-id=\"1030\" src=\"https:\/\/corn-machine.com\/wp-content\/uploads\/2025\/10\/sorghum.webp\" alt=\"sorghum\" class=\"wp-image-1030\" title=\"\" srcset=\"https:\/\/corn-machine.com\/wp-content\/uploads\/2025\/10\/sorghum.webp 720w, https:\/\/corn-machine.com\/wp-content\/uploads\/2025\/10\/sorghum-300x225.webp 300w, https:\/\/corn-machine.com\/wp-content\/uploads\/2025\/10\/sorghum-16x12.webp 16w\" sizes=\"auto, (max-width: 720px) 100vw, 720px\" \/><figcaption class=\"wp-element-caption\"><a href=\"https:\/\/en.wikipedia.org\/wiki\/Sorghum\" target=\"_blank\" rel=\"noopener\">sorghum<\/a><\/figcaption><\/figure>    <figure class=\"wp-block-image size-large\"><img loading=\"lazy\" decoding=\"async\" width=\"720\" height=\"540\" data-id=\"1029\" src=\"https:\/\/corn-machine.com\/wp-content\/uploads\/2025\/10\/soybean.webp\" alt=\"maharage ya soya\" class=\"wp-image-1029\" title=\"\" srcset=\"https:\/\/corn-machine.com\/wp-content\/uploads\/2025\/10\/soybean.webp 720w, https:\/\/corn-machine.com\/wp-content\/uploads\/2025\/10\/soybean-300x225.webp 300w, https:\/\/corn-machine.com\/wp-content\/uploads\/2025\/10\/soybean-16x12.webp 16w\" sizes=\"auto, (max-width: 720px) 100vw, 720px\" \/><figcaption class=\"wp-element-caption\">maharage ya soya<\/figcaption><\/figure>    <figure class=\"wp-block-image size-large\"><img loading=\"lazy\" decoding=\"async\" width=\"720\" height=\"540\" data-id=\"1031\" src=\"https:\/\/corn-machine.com\/wp-content\/uploads\/2025\/10\/wheat.webp\" alt=\"ngano\" class=\"wp-image-1031\" title=\"\" srcset=\"https:\/\/corn-machine.com\/wp-content\/uploads\/2025\/10\/wheat.webp 720w, https:\/\/corn-machine.com\/wp-content\/uploads\/2025\/10\/wheat-300x225.webp 300w, https:\/\/corn-machine.com\/wp-content\/uploads\/2025\/10\/wheat-16x12.webp 16w\" sizes=\"auto, (max-width: 720px) 100vw, 720px\" \/><figcaption class=\"wp-element-caption\">ngano<\/figcaption><\/figure> <\/figure>    <h2 class=\"wp-block-heading\"><strong>Hur mycket kostar en Taizy-majsurfa maskin?<\/strong><\/h2>    <p>En grundl\u00e4ggande majsskalare kostar vanligtvis under $1,000 USD, men f\u00f6r exportprodukter kan m\u00e5nga faktorer p\u00e5verka slutpriset, potentiellt fr\u00e5n $1,000 till $2,000 USD.<\/p>    <p>F\u00f6ljande faktorer kan p\u00e5verka slutpriset:<\/p>    <ol class=\"wp-block-list\"> <li>Frakt och frakt: Det inkluderar sj\u00f6frakt, inre transport och hamnhantering.<\/li>    <li>Tullklarering och tullavgifter: Detta best\u00e5r av tullavgifter, importskatter och inspektionsavgifter i ditt land.<\/li>    <li>Drivsystemval: Att v\u00e4lja dieselmotor eller elmotor kan p\u00e5verka kostnaden.<\/li> <\/ol>    <p>Om du \u00e4r intresserad av v\u00e5ra maskiner, v\u00e4nligen kontakta oss f\u00f6r en offert s\u00e5 att du fullt ut kan f\u00f6rst\u00e5 investeringen. Vi v\u00e4lkomnar \u00e4ven anpassade offerter baserat p\u00e5 ditt land, krafttyp, kapacitetskrav och fraktvillkor.<\/p>    <figure class=\"wp-block-gallery has-nested-images columns-default is-cropped wp-block-gallery-4 is-layout-flex wp-block-gallery-is-layout-flex\"> <figure class=\"wp-block-image size-large\"><img loading=\"lazy\" decoding=\"async\" width=\"720\" height=\"540\" data-id=\"1025\" src=\"https:\/\/corn-machine.com\/wp-content\/uploads\/2025\/10\/corn-seed-remover-machine.webp\" alt=\"-majsfr\u00f6borttagare maskin\" class=\"wp-image-1025\" title=\"\" srcset=\"https:\/\/corn-machine.com\/wp-content\/uploads\/2025\/10\/corn-seed-remover-machine.webp 720w, https:\/\/corn-machine.com\/wp-content\/uploads\/2025\/10\/corn-seed-remover-machine-300x225.webp 300w, https:\/\/corn-machine.com\/wp-content\/uploads\/2025\/10\/corn-seed-remover-machine-16x12.webp 16w\" sizes=\"auto, (max-width: 720px) 100vw, 720px\" \/><figcaption class=\"wp-element-caption\">-majsfr\u00f6borttagare maskin<\/figcaption><\/figure>    <figure class=\"wp-block-image size-large\"><img loading=\"lazy\" decoding=\"async\" width=\"720\" height=\"540\" data-id=\"1026\" src=\"https:\/\/corn-machine.com\/wp-content\/uploads\/2025\/10\/thresher-farm-equipment.webp\" alt=\"torkare lantbruksmaskin\" class=\"wp-image-1026\" title=\"\" srcset=\"https:\/\/corn-machine.com\/wp-content\/uploads\/2025\/10\/thresher-farm-equipment.webp 720w, https:\/\/corn-machine.com\/wp-content\/uploads\/2025\/10\/thresher-farm-equipment-300x225.webp 300w, https:\/\/corn-machine.com\/wp-content\/uploads\/2025\/10\/thresher-farm-equipment-16x12.webp 16w\" sizes=\"auto, (max-width: 720px) 100vw, 720px\" \/><figcaption class=\"wp-element-caption\">torkare lantbruksmaskin<\/figcaption><\/figure> <\/figure>    <h2 class=\"wp-block-heading\"><strong>Ink\u00f6psprocessen f\u00f6r v\u00e5r majs\u00adtorkare <\/strong><\/h2>    <p>V\u00e5rt m\u00e5l \u00e4r att ge varje kund en smidig och effektiv k\u00f6pupplevelse. Nedan f\u00f6ljer ink\u00f6psprocessen som hj\u00e4lper dig att f\u00f6rst\u00e5 hela processen fr\u00e5n produktion till leverans av en maskin.<\/p>    <p class=\"translation-block\"><strong>Step 1<\/strong>: Our professional sales staff will identify the appropriate model based on the customer&#8217;s information, including grain type, capacity requirements, and power options. We will then provide technical details, working videos, and a quote for customers&#8217; reference.<\/p>    <p class=\"translation-block\"><strong>Steg 2<\/strong>: N\u00e4r orderdetaljerna \u00e4r bekr\u00e4ftade kan produktionen b\u00f6rja n\u00e4r depositionen g\u00f6rs. V\u00e5rt f\u00f6retag ordnar produktionen enligt specifikationerna. Efter montering kommer varje majsskalare att genomg\u00e5 testning f\u00f6r att s\u00e4kerst\u00e4lla stabil prestanda och smidigt drift.<\/p>    <p class=\"translation-block\"><strong>Steg 3<\/strong>: Innan leverans kommer v\u00e5ra tekniker att genomf\u00f6ra en omfattande provk\u00f6rning, spela in videor och bekr\u00e4fta med v\u00e5r kund. Endast efter bekr\u00e4ftelse g\u00e5r vi vidare till n\u00e4sta steg.<\/p>    <p class=\"translation-block\"><strong>Steg 4<\/strong>: N\u00e4r kunden har betalat \u00e5terstod, ordnar vi paketering, exporttulldeklaration och leverans till lastningshamnen. Vid behov kan v\u00e5rt team ocks\u00e5 hj\u00e4lpa till med tulldeklaration f\u00f6r att f\u00f6renkla importprocessen.<\/p>    <p>Taizy has been exporting for over a decade and has our own factories, striving to provide the best prices and quality to our customers. If you are interested in our maize sheller machines, please don&#8217;t hesitate to contact us for a free quotation!<\/p>    <p><strong><br><\/strong><br><\/p>   <div class=\"wp-block-image\"> <figure class=\"aligncenter size-full\"><img loading=\"lazy\" decoding=\"async\" width=\"720\" height=\"540\" src=\"https:\/\/corn-machine.com\/wp-content\/uploads\/2025\/10\/wheat-thresher-machine.webp\" alt=\"vete\u00adtorkmaskin\" class=\"wp-image-1027\" title=\"\" srcset=\"https:\/\/corn-machine.com\/wp-content\/uploads\/2025\/10\/wheat-thresher-machine.webp 720w, https:\/\/corn-machine.com\/wp-content\/uploads\/2025\/10\/wheat-thresher-machine-300x225.webp 300w, https:\/\/corn-machine.com\/wp-content\/uploads\/2025\/10\/wheat-thresher-machine-16x12.webp 16w\" sizes=\"auto, (max-width: 720px) 100vw, 720px\" \/><figcaption class=\"wp-element-caption\">vete\u00adtorkmaskin<\/figcaption><\/figure> <\/div>   <p>Om du vill bearbeta den f\u00e4rdiga produkten vidare erbjuder vi ocks\u00e5:<\/p>    <ul class=\"wp-block-list\"> <li><a href=\"https:\/\/corn-machine.com\/sw\/product\/maize-grits-making-machine\/\">Mashine ya Kutengeneza Grits za Mahindi<\/a><\/li>    <li><a href=\"https:\/\/corn-machine.com\/sw\/product\/hammer-mill-grinder-for-corn\/\">Kichapishaji cha Msumu<\/a><\/li> <\/ul>","protected":false},"excerpt":{"rendered":"<p>Taizy&#8217;s new maize sheller machine is equipped with dual power options, dual duct fans and a durable structure, ensuring high thresher efficiency and low breakage rate when processing different agricultural products.<\/p>","protected":false},"author":1,"featured_media":1021,"parent":0,"template":"","tags":[31],"product-type":[42],"class_list":["post-1019","product","type-product","status-publish","has-post-thumbnail","hentry","tag-corn","product-type-maize-sheller-machine"],"_links":{"self":[{"href":"https:\/\/corn-machine.com\/sw\/wp-json\/wp\/v2\/product\/1019","targetHints":{"allow":["GET"]}}],"collection":[{"href":"https:\/\/corn-machine.com\/sw\/wp-json\/wp\/v2\/product"}],"about":[{"href":"https:\/\/corn-machine.com\/sw\/wp-json\/wp\/v2\/types\/product"}],"author":[{"embeddable":true,"href":"https:\/\/corn-machine.com\/sw\/wp-json\/wp\/v2\/users\/1"}],"wp:featuredmedia":[{"embeddable":true,"href":"https:\/\/corn-machine.com\/sw\/wp-json\/wp\/v2\/media\/1021"}],"wp:attachment":[{"href":"https:\/\/corn-machine.com\/sw\/wp-json\/wp\/v2\/media?parent=1019"}],"wp:term":[{"taxonomy":"post_tag","embeddable":true,"href":"https:\/\/corn-machine.com\/sw\/wp-json\/wp\/v2\/tags?post=1019"},{"taxonomy":"product-type","embeddable":true,"href":"https:\/\/corn-machine.com\/sw\/wp-json\/wp\/v2\/product-type?post=1019"}],"curies":[{"name":"[\"wp\"]","href":"https:\/\/api.w.org\/{rel}","templated":true}]}}