{"id":1235,"date":"2025-12-29T17:03:40","date_gmt":"2025-12-29T09:03:40","guid":{"rendered":"https:\/\/corn-machine.com\/?post_type=product&#038;p=1235"},"modified":"2026-04-10T09:49:35","modified_gmt":"2026-04-10T01:49:35","slug":"taizy-new-corn-silage-baler-machine","status":"publish","type":"product","link":"https:\/\/corn-machine.com\/sw\/product\/taizy-new-corn-silage-baler-machine\/","title":{"rendered":"Mashine mpya ya Taizy ya Kuchonga Mahindi ya Silage"},"content":{"rendered":"<p class=\"translation-block\">Taizy har lanserat en ny generation av <strong>majs ensilages balare<\/strong>, som erbjuder en helt uppgraderad l\u00f6sning f\u00f6r ensilag packaging och lagring, s\u00e4rskilt utformad f\u00f6r moderna boskapg\u00e5rdar och foderbearbetningsf\u00f6retag.<\/p>    <p>Kupitia maboresho yetu, mashine hii sasa ina mfumo wa kufunga mara mbili, kuruhusu ufungaji wa chakula kwa haraka zaidi kwa ufanisi wa uzalishaji wa maganda 50-75 kwa saa na uwezo wa kubeba wa kilo 90-200 kwa maganda.<\/p>    <p>Mashine yetu ya baler na wrapper ni maarufu sana katika nchi kama Uhispania, Uganda, na India. Wateja wengi pia wameitembelea kiwanda chetu ili kujaribu mashine na kupata uzoefu wa utendaji wake halisi. Hapa chini ni video ya mteja wetu kutoka Uzbekistan akitembelea kiwanda chetu.<\/p>    <figure class=\"wp-block-embed aligncenter is-type-video is-provider-youtube wp-block-embed-youtube wp-embed-aspect-16-9 wp-has-aspect-ratio\"><div class=\"wp-block-embed__wrapper\"> <iframe loading=\"lazy\" title=\"Uzbekistan Mteja Kiwanda Ziara Kwa Maabara ya Mashine ya Silage Mawasiliano:  8617703863868\" width=\"500\" height=\"281\" src=\"https:\/\/www.youtube.com\/embed\/waZQXsokObo?feature=oembed\" frameborder=\"0\" allow=\"accelerometer; autoplay; clipboard-write; encrypted-media; gyroscope; picture-in-picture; web-share\" referrerpolicy=\"strict-origin-when-cross-origin\" allowfullscreen><\/iframe> <\/div><figcaption class=\"wp-element-caption\">Uzbekistan mteja mahindi silage baler kiwanda ziara<\/figcaption><\/figure>    <h2 class=\"wp-block-heading\"><strong>Vilka delar har vi uppgraderat?<\/strong><\/h2>    <h3 class=\"wp-block-heading\"><strong>Mfano ulioboreshwa wa 9YDB-60-2 wa baler ya silage na kifunga<\/strong><\/h3>    <p>Ikilinganishwa na mifano ya jadi, kizazi kipya cha bale la silage ya mahindi kinatumia mfumo wa kufunga kwa mshipa badala ya shinikizo la gurudumu, kikitoa faida zifuatazo muhimu:<\/p>    <ul class=\"wp-block-list\"> <li>H\u00f6gre baldensitet: B\u00e4ltebalning garanterar t\u00e4tare och mer enhetliga balar.<\/li>    <li>The base plate is replaced with a pickled steel plate: This provides better rust and corrosion resistance, significantly extending the machine&#8217;s service life.<\/li>    <li>Kasi zaidi ya kufunga: Kuongeza mfumo wa mikono miwili kunasababisha utendaji bora wa kufunga na uwezo wa uzalishaji wa haraka.<\/li> <\/ul>    <p>Ikilinganishwa na modeli nyingine, 9YDB-60-2 hutumia filamu ya ufungaji na mfumo wa mkanda wa conveyor, matokeo yake ni ufungaji bora na kupungua kwa upotevu wa nyenzo. Uboreshaji huu pia unajumuisha pampu ya hewa iliyoboreshwa yenye uwezo wa 90L, ikisaidia kasi ya ufungaji na ufanisi ulioboreshwa.<\/p>    <figure class=\"wp-block-gallery has-nested-images columns-default is-cropped wp-block-gallery-2 is-layout-flex wp-block-gallery-is-layout-flex\"> <figure class=\"wp-block-image size-large\"><img loading=\"lazy\" decoding=\"async\" width=\"720\" height=\"540\" data-id=\"1248\" src=\"https:\/\/corn-machine.com\/wp-content\/uploads\/2025\/12\/corn-stalk-silage-wrapper.webp\" alt=\"Dubbel-lager f\u00f6rpackningsfilm ensilagesomslutare\" class=\"wp-image-1248\" title=\"\" srcset=\"https:\/\/corn-machine.com\/wp-content\/uploads\/2025\/12\/corn-stalk-silage-wrapper.webp 720w, https:\/\/corn-machine.com\/wp-content\/uploads\/2025\/12\/corn-stalk-silage-wrapper-300x225.webp 300w, https:\/\/corn-machine.com\/wp-content\/uploads\/2025\/12\/corn-stalk-silage-wrapper-16x12.webp 16w\" sizes=\"auto, (max-width: 720px) 100vw, 720px\" \/><figcaption class=\"wp-element-caption\">Dubbel-lager f\u00f6rpackningsfilm ensilagesomslutare<\/figcaption><\/figure>    <figure class=\"wp-block-image size-full\"><img loading=\"lazy\" decoding=\"async\" width=\"720\" height=\"540\" data-id=\"1319\" src=\"https:\/\/corn-machine.com\/wp-content\/uploads\/2025\/12\/T60-baler-film.webp\" alt=\"Filamu ya bale ya T60\" class=\"wp-image-1319\" title=\"\" srcset=\"https:\/\/corn-machine.com\/wp-content\/uploads\/2025\/12\/T60-baler-film.webp 720w, https:\/\/corn-machine.com\/wp-content\/uploads\/2025\/12\/T60-baler-film-300x225.webp 300w, https:\/\/corn-machine.com\/wp-content\/uploads\/2025\/12\/T60-baler-film-16x12.webp 16w\" sizes=\"auto, (max-width: 720px) 100vw, 720px\" \/><figcaption class=\"wp-element-caption\">Filamu ya baler ya 9YDB-60-2<\/figcaption><\/figure> <\/figure>    <p>Efter omslag ger det en b\u00e4ttre j\u00e4sningsmilj\u00f6 f\u00f6r ensilage, producerar nyttiga bakterier och proteiner som \u00e4r l\u00e4ttare f\u00f6r djuren att ta upp. Detta bidrar direkt till f\u00f6rb\u00e4ttrad foderomvandling och fr\u00e4mjar snabbare djurv\u00e4xt.<\/p>    <figure class=\"wp-block-embed aligncenter is-type-video is-provider-youtube wp-block-embed-youtube wp-embed-aspect-16-9 wp-has-aspect-ratio\"><div class=\"wp-block-embed__wrapper\"> <iframe loading=\"lazy\" title=\"Maelezo ya kina ya kizazi kipya T60 mahindi silage baler Mawasiliano:\" width=\"500\" height=\"281\" src=\"https:\/\/www.youtube.com\/embed\/43791YedX7U?feature=oembed\" frameborder=\"0\" allow=\"accelerometer; autoplay; clipboard-write; encrypted-media; gyroscope; picture-in-picture; web-share\" referrerpolicy=\"strict-origin-when-cross-origin\" allowfullscreen><\/iframe> <\/div><figcaption class=\"wp-element-caption\">Video ya kazi ya kizazi kipya 9YDB-60-2 ya baler ya mahindi na silage<\/figcaption><\/figure>    <h3 class=\"wp-block-heading\"><strong>Modeli iliyosasishwa ya 9YDB-70 bale ya mahindi ya silage<\/strong><\/h3>    <p>Bale ya mahindi ya 9YDB-70 ina injini ya umeme pekee kama nguvu yake. Hapa kuna vigezo maalum vya mtandao wa ufungaji na filamu yake.<\/p>    <figure class=\"wp-block-table\"><table class=\"has-fixed-layout\"><tbody><tr><td>\/<\/td><td class=\"has-text-align-center\" data-align=\"center\">neti ya plastiki<\/td><td class=\"has-text-align-center\" data-align=\"center\">Filamu<\/td><\/tr><tr><td>Upana<\/td><td class=\"has-text-align-center\" data-align=\"center\">70cm<\/td><td class=\"has-text-align-center\" data-align=\"center\">33cm<\/td><\/tr><tr><td>Unene<\/td><td class=\"has-text-align-center\" data-align=\"center\">25um<\/td><td class=\"has-text-align-center\" data-align=\"center\">25um<\/td><\/tr><tr><td>Uzito<\/td><td class=\"has-text-align-center\" data-align=\"center\">10kg<\/td><td class=\"has-text-align-center\" data-align=\"center\">11.4kg<\/td><\/tr><tr><td>Urefu wa jumla<\/td><td class=\"has-text-align-center\" data-align=\"center\">1500m<\/td><td class=\"has-text-align-center\" data-align=\"center\">1800m<\/td><\/tr><\/tbody><\/table><figcaption class=\"wp-element-caption\">vipimo vya neti na filamu<\/figcaption><\/figure>    <figure class=\"wp-block-gallery has-nested-images columns-2 is-cropped wp-block-gallery-3 is-layout-flex wp-block-gallery-is-layout-flex\"> <figure class=\"wp-block-image size-large\"><img loading=\"lazy\" decoding=\"async\" width=\"720\" height=\"540\" data-id=\"1302\" src=\"https:\/\/corn-machine.com\/wp-content\/uploads\/2025\/12\/plastic-net.webp\" alt=\"Neti ya plastiki ya 9YDB-70\" class=\"wp-image-1302\" title=\"\" srcset=\"https:\/\/corn-machine.com\/wp-content\/uploads\/2025\/12\/plastic-net.webp 720w, https:\/\/corn-machine.com\/wp-content\/uploads\/2025\/12\/plastic-net-300x225.webp 300w, https:\/\/corn-machine.com\/wp-content\/uploads\/2025\/12\/plastic-net-16x12.webp 16w\" sizes=\"auto, (max-width: 720px) 100vw, 720px\" \/><figcaption class=\"wp-element-caption\">Neti ya plastiki ya 9YDB-70<\/figcaption><\/figure>    <figure class=\"wp-block-image size-large\"><img loading=\"lazy\" decoding=\"async\" width=\"720\" height=\"540\" data-id=\"1301\" src=\"https:\/\/corn-machine.com\/wp-content\/uploads\/2025\/12\/film-packaging-system.webp\" alt=\"Mfumo wa ufungaji wa filamu wa 9YDB-70\" class=\"wp-image-1301\" title=\"\" srcset=\"https:\/\/corn-machine.com\/wp-content\/uploads\/2025\/12\/film-packaging-system.webp 720w, https:\/\/corn-machine.com\/wp-content\/uploads\/2025\/12\/film-packaging-system-300x225.webp 300w, https:\/\/corn-machine.com\/wp-content\/uploads\/2025\/12\/film-packaging-system-16x12.webp 16w\" sizes=\"auto, (max-width: 720px) 100vw, 720px\" \/><figcaption class=\"wp-element-caption\">Mfumo wa ufungaji wa filamu wa 9YDB-70<\/figcaption><\/figure> <\/figure>    <p>Kama mojawapo ya mifano inayouzwa zaidi, 9YDB-70 pia imesasishwa na kuboreshwa. Kifaa kipya cha kuchakata taka kimeongezwa, kinachoweza kukusanya kwa ufanisi vifaa vilivyomwagika wakati wa mchakato wa kulisha, kupunguza taka kwa kiasi kikubwa.<\/p>    <p>Wakati huo huo, mashine ya ufungaji wa silage ya mfano wa 9YDB-70 pia inaweza kutumika pamoja na hopper ya nyenzo, kuruhusu kulisha kwa wingi, na kuboresha sana ufanisi wa kulisha.<\/p>    <figure class=\"wp-block-gallery has-nested-images columns-default is-cropped wp-block-gallery-4 is-layout-flex wp-block-gallery-is-layout-flex\"> <figure class=\"wp-block-image size-large\"><img loading=\"lazy\" decoding=\"async\" width=\"720\" height=\"540\" data-id=\"1325\" src=\"https:\/\/corn-machine.com\/wp-content\/uploads\/2025\/12\/baling-and-wrapping-machine-with-material-recycling-system.webp\" alt=\"Mashine ya bale na kufunga na mfumo wa kurudisha nyenzo\" class=\"wp-image-1325\" title=\"\" srcset=\"https:\/\/corn-machine.com\/wp-content\/uploads\/2025\/12\/baling-and-wrapping-machine-with-material-recycling-system.webp 720w, https:\/\/corn-machine.com\/wp-content\/uploads\/2025\/12\/baling-and-wrapping-machine-with-material-recycling-system-300x225.webp 300w, https:\/\/corn-machine.com\/wp-content\/uploads\/2025\/12\/baling-and-wrapping-machine-with-material-recycling-system-16x12.webp 16w\" sizes=\"auto, (max-width: 720px) 100vw, 720px\" \/><figcaption class=\"wp-element-caption\">Mashine ya bale na kufunga na mfumo wa kurudisha nyenzo<\/figcaption><\/figure>    <figure class=\"wp-block-image size-large\"><img loading=\"lazy\" decoding=\"async\" width=\"720\" height=\"540\" data-id=\"1324\" src=\"https:\/\/corn-machine.com\/wp-content\/uploads\/2025\/12\/baling-and-wrapping-machine-material-hopper.webp\" alt=\"Hopper ya nyenzo ya mashine ya bale na kufunga\" class=\"wp-image-1324\" title=\"\" srcset=\"https:\/\/corn-machine.com\/wp-content\/uploads\/2025\/12\/baling-and-wrapping-machine-material-hopper.webp 720w, https:\/\/corn-machine.com\/wp-content\/uploads\/2025\/12\/baling-and-wrapping-machine-material-hopper-300x225.webp 300w, https:\/\/corn-machine.com\/wp-content\/uploads\/2025\/12\/baling-and-wrapping-machine-material-hopper-16x12.webp 16w\" sizes=\"auto, (max-width: 720px) 100vw, 720px\" \/><figcaption class=\"wp-element-caption\">Hopper ya nyenzo ya mashine ya bale na kufunga<\/figcaption><\/figure> <\/figure>    <h2 class=\"wp-block-heading\"><strong>Anpassade kraft- och konfigurationsl\u00f6sningar f\u00f6r fyrkantiga bal-omslutare<\/strong><\/h2>    <p>Ili kukidhi mahitaji tofauti ya uendeshaji wa shamba katika nchi na maeneo tofauti, tunatoa suluhisho zinazobadilika na za vitendo kwa kila kifungashio cha maganda ya mviringo. Kulingana na miundombinu ya eneo, ukubwa wa shamba, na tabia za mtumiaji, tunaweza kubinafsisha mashine ili kuhakikisha uendeshaji thabiti na uaminifu wa muda mrefu.<\/p>    <p>Tunatoa tu injini ya umeme inayopendekezwa kwa maeneo yenye usambazaji wa umeme wa viwanda thabiti, inayofaa kwa shamba la mifugo lililowekwa na vituo vya usindikaji wa chakula.<\/p>   <div class=\"wp-block-image\"> <figure class=\"aligncenter size-full\"><img loading=\"lazy\" decoding=\"async\" width=\"720\" height=\"540\" src=\"https:\/\/corn-machine.com\/wp-content\/uploads\/2025\/12\/9YDB-70-silage-wrapper-with-electric-motor.webp\" alt=\"Balingi ya silage ya 9YDB-70 yenye injini ya umeme\" class=\"wp-image-1300\" title=\"\" srcset=\"https:\/\/corn-machine.com\/wp-content\/uploads\/2025\/12\/9YDB-70-silage-wrapper-with-electric-motor.webp 720w, https:\/\/corn-machine.com\/wp-content\/uploads\/2025\/12\/9YDB-70-silage-wrapper-with-electric-motor-300x225.webp 300w, https:\/\/corn-machine.com\/wp-content\/uploads\/2025\/12\/9YDB-70-silage-wrapper-with-electric-motor-16x12.webp 16w\" sizes=\"auto, (max-width: 720px) 100vw, 720px\" \/><figcaption class=\"wp-element-caption\">Kifunga silage cha 9YDB-70 chenye injini ya umeme<\/figcaption><\/figure> <\/div>   <p>Kwa ukubwa tofauti wa shamba na malengo ya uzalishaji, bale zetu za silage ya mahindi zinaweza kubinafsishwa katika nyanja zifuatazo:<\/p>    <ul class=\"wp-block-list\"> <li>Foderkonveyrbandets storlek<\/li>    <li>Balinghastighet och output<\/li>    <li>Bale-storlek och vikt<\/li>    <li>Valfria matar, blandare eller hissar<\/li> <\/ul>    <figure class=\"wp-block-gallery has-nested-images columns-default is-cropped wp-block-gallery-5 is-layout-flex wp-block-gallery-is-layout-flex\"> <figure class=\"wp-block-image size-full\"><img loading=\"lazy\" decoding=\"async\" width=\"720\" height=\"540\" data-id=\"1271\" src=\"https:\/\/corn-machine.com\/wp-content\/uploads\/2025\/12\/Double-layer-film-wrapping-baler.webp\" alt=\"Filamu ya safu mbili ya kufunga mashine ya kubeba\" class=\"wp-image-1271\" title=\"\" srcset=\"https:\/\/corn-machine.com\/wp-content\/uploads\/2025\/12\/Double-layer-film-wrapping-baler.webp 720w, https:\/\/corn-machine.com\/wp-content\/uploads\/2025\/12\/Double-layer-film-wrapping-baler-300x225.webp 300w, https:\/\/corn-machine.com\/wp-content\/uploads\/2025\/12\/Double-layer-film-wrapping-baler-16x12.webp 16w\" sizes=\"auto, (max-width: 720px) 100vw, 720px\" \/><figcaption class=\"wp-element-caption\">Filamu ya safu mbili ya kufunga mashine ya kubeba<\/figcaption><\/figure>    <figure class=\"wp-block-image size-large\"><img loading=\"lazy\" decoding=\"async\" width=\"720\" height=\"540\" data-id=\"1247\" src=\"https:\/\/corn-machine.com\/wp-content\/uploads\/2025\/12\/belt-conveyor.webp\" alt=\"b\u00e4lte transportband\" class=\"wp-image-1247\" title=\"\" srcset=\"https:\/\/corn-machine.com\/wp-content\/uploads\/2025\/12\/belt-conveyor.webp 720w, https:\/\/corn-machine.com\/wp-content\/uploads\/2025\/12\/belt-conveyor-300x225.webp 300w, https:\/\/corn-machine.com\/wp-content\/uploads\/2025\/12\/belt-conveyor-16x12.webp 16w\" sizes=\"auto, (max-width: 720px) 100vw, 720px\" \/><figcaption class=\"wp-element-caption\">b\u00e4lte transportband<\/figcaption><\/figure> <\/figure>    <p>Taizy&#8217;s customized solutions are designed to help customers maximize equipment utilization while controlling initial investment and operating costs.<\/p>    <h2 class=\"wp-block-heading\"><strong>Huvudtekniska specifikationer f\u00f6r majs ensilages balare<\/strong><\/h2>    <figure class=\"wp-block-table\"><table><tbody><tr><td>Mfano<\/td><td class=\"has-text-align-center\" data-align=\"center\">9YDB-60-2<\/td><td class=\"has-text-align-center\" data-align=\"center\">9YDB-70<\/td><\/tr><tr><td>Nguvu<\/td><td class=\"has-text-align-center\" data-align=\"center\">7.5kW 0.75kw<\/td><td class=\"has-text-align-center\" data-align=\"center\">11kw 0.55kw 0.75kw<br>3kw 0.37kw<\/td><\/tr><tr><td>Bale-storlek<\/td><td class=\"has-text-align-center\" data-align=\"center\">\u03c6650*520mm<\/td><td class=\"has-text-align-center\" data-align=\"center\">\u03c6700*700mm<\/td><\/tr><tr><td>Balvikt<\/td><td class=\"has-text-align-center\" data-align=\"center\">90-140kg\/bal<\/td><td class=\"has-text-align-center\" data-align=\"center\">150-200kg\/bale<\/td><\/tr><tr><td>Uwezo<\/td><td class=\"has-text-align-center\" data-align=\"center\">50-75bales\/h<\/td><td class=\"has-text-align-center\" data-align=\"center\">55-75bales\/h<\/td><\/tr><tr><td>Luftkompressor volym<\/td><td class=\"has-text-align-center\" data-align=\"center\">0.09m\u00b3<\/td><td class=\"has-text-align-center\" data-align=\"center\">0.36m\u00b3<\/td><\/tr><tr><td>Fodertransportband<\/td><td class=\"has-text-align-center\" data-align=\"center\">600*520mm<\/td><td class=\"has-text-align-center\" data-align=\"center\">700*2100mm<\/td><\/tr><tr><td>Filmklippning<\/td><td class=\"has-text-align-center\" data-align=\"center\">Autom\u00e1tico<\/td><td class=\"has-text-align-center\" data-align=\"center\">Autom\u00e1tico<\/td><\/tr><tr><td>Ufanisi wa kufunga<\/td><td class=\"has-text-align-center\" data-align=\"center\">\/<\/td><td class=\"has-text-align-center\" data-align=\"center\">6 lager kr\u00e4ver 22s<\/td><\/tr><tr><td>Ukubwa<\/td><td class=\"has-text-align-center\" data-align=\"center\">3500*1450*1550mm<\/td><td class=\"has-text-align-center\" data-align=\"center\">4500*1900*2000mm<\/td><\/tr><tr><td>Uzito<\/td><td class=\"has-text-align-center\" data-align=\"center\">\/<\/td><td class=\"has-text-align-center\" data-align=\"center\">1100kg<\/td><\/tr><\/tbody><\/table><figcaption class=\"wp-element-caption\">parametrar f\u00f6r h\u00f6 baler ensilage maskin<\/figcaption><\/figure>    <figure class=\"wp-block-gallery has-nested-images columns-default is-cropped wp-block-gallery-6 is-layout-flex wp-block-gallery-is-layout-flex\"> <figure class=\"wp-block-image size-large\"><img loading=\"lazy\" decoding=\"async\" width=\"720\" height=\"540\" data-id=\"1244\" src=\"https:\/\/corn-machine.com\/wp-content\/uploads\/2025\/12\/9YDB-60-round-bale-silage-wrapper.webp\" alt=\"Kifunga cha silage cha baled ya mduara 9YDB-60-2\" class=\"wp-image-1244\" title=\"\" srcset=\"https:\/\/corn-machine.com\/wp-content\/uploads\/2025\/12\/9YDB-60-round-bale-silage-wrapper.webp 720w, https:\/\/corn-machine.com\/wp-content\/uploads\/2025\/12\/9YDB-60-round-bale-silage-wrapper-300x225.webp 300w, https:\/\/corn-machine.com\/wp-content\/uploads\/2025\/12\/9YDB-60-round-bale-silage-wrapper-16x12.webp 16w\" sizes=\"auto, (max-width: 720px) 100vw, 720px\" \/><figcaption class=\"wp-element-caption\">Kifunga cha silage cha baled ya mduara 9YDB-60-2<\/figcaption><\/figure>    <figure class=\"wp-block-image size-large\"><img loading=\"lazy\" decoding=\"async\" width=\"720\" height=\"540\" data-id=\"1245\" src=\"https:\/\/corn-machine.com\/wp-content\/uploads\/2025\/12\/9YDB-70-silage-baller.webp\" alt=\"9YDB-70 ensilagesbalare\" class=\"wp-image-1245\" title=\"\" srcset=\"https:\/\/corn-machine.com\/wp-content\/uploads\/2025\/12\/9YDB-70-silage-baller.webp 720w, https:\/\/corn-machine.com\/wp-content\/uploads\/2025\/12\/9YDB-70-silage-baller-300x225.webp 300w, https:\/\/corn-machine.com\/wp-content\/uploads\/2025\/12\/9YDB-70-silage-baller-16x12.webp 16w\" sizes=\"auto, (max-width: 720px) 100vw, 720px\" \/><figcaption class=\"wp-element-caption\">9YDB-70 ensilagesbalare<\/figcaption><\/figure> <\/figure>    <p class=\"translation-block\">Om du har n\u00e5gra andra problem med denna maskin, v\u00e4nligen kontakta oss f\u00f6r mer information om denna maskin. F\u00f6rutom denna typ erbjuder vi \u00e4ven den sm\u00e5skaliga bal-omslutare: <a href=\"https:\/\/corn-machine.com\/sw\/product\/corn-silage-bale-wrapper-machine\/\">TZ 55-52<\/a>.<\/p>    <h2 class=\"wp-block-heading\"><strong>Anv\u00e4ndningsscenarier f\u00f6r majs ensilages balmaskin<\/strong><\/h2>    <p>Majs ensilages balare \u00e4r utformad f\u00f6r h\u00f6gintensiv ensilagebehandling och storskalig foderbevaring. Beroende p\u00e5 olika balstorlekar och kapaciteter anv\u00e4nds denna utrustning \u00f6verallt i husdjursindustrin.<\/p>    <p>Kreatsla g\u00e5rdar, mj\u00f6lkproduktion g\u00e5rdar och f\u00e5rg\u00e5rdar med h\u00f6ga dagliga foderkrav \u00e4r idealiska kandidater f\u00f6r denna maskin, eftersom dess h\u00f6ga densitetsbalning och f\u00f6rseglade f\u00f6rpackning hj\u00e4lper till att bibeh\u00e5lla j\u00e4mn foderkvalitet \u00e5ret runt.<\/p>    <p>M\u00e5nga av v\u00e5ra kunder anv\u00e4nder denna maskin i sina ensilagemedlingscentraler och kooperativ och betj\u00e4nar flera g\u00e5rdar f\u00f6r centraliserad ensilagetillverkning. Denna maskin hj\u00e4lper dem att f\u00f6rb\u00e4ttra bearbetningseffektiviteten och minska enhetsdriftskostnaderna.<\/p>    <h2 class=\"wp-block-heading\"><strong>FAQ f\u00f6r den nya modellen h\u00f6 bal- och omslagare<\/strong><\/h2>   <div id=\"rank-math-faq\" class=\"rank-math-block\"> <div class=\"rank-math-list\"> <div id=\"faq-question-1766995032267\" class=\"rank-math-list-item\"> <h3 class=\"rank-math-question\">Vilka material kan en majs ensilages balare bearbeta?<\/h3> <div class=\"rank-math-answer\">  <p>En rundbal ensilagesomslutare \u00e4r l\u00e4mplig f\u00f6r balning av majs ensilag, vetes straw, ris straw, fodergr\u00e4s, lucern och andra fodergr\u00f6dor. R\u00e5materialen beh\u00f6ver kapas f\u00f6rst med en kutter eller ensilagerh\u00f6ggare innan balning.<\/p>  <\/div> <\/div> <div id=\"faq-question-1766995067394\" class=\"rank-math-list-item\"> <h3 class=\"rank-math-question\">Vad \u00e4r skillnaden mellan en b\u00e4ltbalare och en rullbalare?<\/h3> <div class=\"rank-math-answer\">  <p>En b\u00e4ltebalingsstruktur producerar h\u00f6gre baledensitet, minskar materiall\u00e4ckage och skapar mer enhetliga balar. Det \u00e4r s\u00e4rskilt l\u00e4mpligt f\u00f6r ensilage som kr\u00e4ver luftt\u00e4t f\u00f6rsegling och stabil j\u00e4sning, j\u00e4mf\u00f6rt med traditionella rullbalare.<\/p>  <\/div> <\/div> <div id=\"faq-question-1766995103147\" class=\"rank-math-list-item\"> <h3 class=\"rank-math-question\">Varf\u00f6r \u00e4r omslag n\u00f6dv\u00e4ndigt efter balning av ensilage?<\/h3> <div class=\"rank-math-answer\">  <p>Ufungaji wa chakula huunda mazingira yasiyo na oksijeni, kuruhusu bakteria wa asidi ya mlaji kukua kwa asili. Mchakato huu wa fermentation hauhifadhi tu virutubisho bali pia huzuia madoa na kuoza, kuboresha ladha ya chakula.<\/p>  <\/div> <\/div> <div id=\"faq-question-1766995146442\" class=\"rank-math-list-item\"> <h3 class=\"rank-math-question\">Hur l\u00e4nge kan inslaget ensilage lagras?<\/h3> <div class=\"rank-math-answer\">  <p class=\"translation-block\">Under normal conditions, well-wrapped silage bales can be stored for <strong>6\u201312 months or longer<\/strong>, depending on the material&#8217;s moisture content, sealing quality, and storage environment.<\/p>  <\/div> <\/div> <div id=\"faq-question-1766995183781\" class=\"rank-math-list-item\"> <h3 class=\"rank-math-question\">Kan maskinen fungera med b\u00e5de plastfolie och plastn\u00e4t?<\/h3> <div class=\"rank-math-answer\">  <p>Ndiyo. Bale la silage ya mahindi linaweza kutumia filamu ya plastiki kwa usafi wa hewa na nyavu ya plastiki. Mipangilio inaweza kubadilishwa ili kukidhi mahitaji yako maalum.<\/p>  <\/div> <\/div> <div id=\"faq-question-1766995229730\" class=\"rank-math-list-item\"> <h3 class=\"rank-math-question\">Vilka kraftalternativ finns tillg\u00e4ngliga?<\/h3> <div class=\"rank-math-answer\">  <p>Vi erbjuder tv\u00e5 str\u00f6malternativ: elmotor och dieselmotor. Du kan v\u00e4lja det som b\u00e4st passar dina lokala energif\u00f6rh\u00e5llanden.<\/p>  <\/div> <\/div> <\/div> <\/div>   <h2 class=\"wp-block-heading\"><strong>Karibu kuanzisha ushirikiano na Taizy\uff01<\/strong><\/h2>    <p>As one of Taizy&#8217;s most popular machines, our baler and wrapper machine, through continuous upgrades, has met the diverse needs of customers worldwide and has established long-term partnerships with customers in many countries.<\/p>    <p>Mashine zetu za kufunga na kufunga ni za ubora wa juu, hutoa kasi ya haraka ya kufunga na kufunga, na hutoa thamani nzuri kwa pesa. Taizy imekuwa ikitengeneza mashine kwa zaidi ya miaka 40 na imejitolea kuendeleza kilimo duniani kote. <\/p>    <p>Ikiwa ungependa kuwa mshirika wetu, tafadhali wasiliana nasi!<\/p>   <div class=\"wp-block-image\"> <figure class=\"aligncenter size-large\"><img loading=\"lazy\" decoding=\"async\" width=\"720\" height=\"540\" src=\"https:\/\/corn-machine.com\/wp-content\/uploads\/2025\/12\/bale-wrapper-1.webp\" alt=\"kifungashio cha magunia\" class=\"wp-image-1246\" title=\"\" srcset=\"https:\/\/corn-machine.com\/wp-content\/uploads\/2025\/12\/bale-wrapper-1.webp 720w, https:\/\/corn-machine.com\/wp-content\/uploads\/2025\/12\/bale-wrapper-1-300x225.webp 300w, https:\/\/corn-machine.com\/wp-content\/uploads\/2025\/12\/bale-wrapper-1-16x12.webp 16w\" sizes=\"auto, (max-width: 720px) 100vw, 720px\" \/><figcaption class=\"wp-element-caption\">kifungashio cha magunia<\/figcaption><\/figure> <\/div>   <p>Om du vill l\u00e4ra dig mer om denna senaste dubbla omslagningsbal- och omslagsmaskin, v\u00e4nligen kontakta oss. Vi kommer att ge dig den mest detaljerade prislistan.<\/p>","protected":false},"excerpt":{"rendered":"<p>The new generation corn silage baler integrates belt-type high-density baling functions, employing dual-film technology to significantly increase baling speed by 30%. With its customizable power system and configuration, it has become one of the most popular and efficient baling and wrapping solutions.<\/p>","protected":false},"author":1,"featured_media":1251,"parent":0,"template":"","tags":[55],"product-type":[59],"class_list":["post-1235","product","type-product","status-publish","has-post-thumbnail","hentry","tag-cornsilage","product-type-corn-silage-baler"],"_links":{"self":[{"href":"https:\/\/corn-machine.com\/sw\/wp-json\/wp\/v2\/product\/1235","targetHints":{"allow":["GET"]}}],"collection":[{"href":"https:\/\/corn-machine.com\/sw\/wp-json\/wp\/v2\/product"}],"about":[{"href":"https:\/\/corn-machine.com\/sw\/wp-json\/wp\/v2\/types\/product"}],"author":[{"embeddable":true,"href":"https:\/\/corn-machine.com\/sw\/wp-json\/wp\/v2\/users\/1"}],"wp:featuredmedia":[{"embeddable":true,"href":"https:\/\/corn-machine.com\/sw\/wp-json\/wp\/v2\/media\/1251"}],"wp:attachment":[{"href":"https:\/\/corn-machine.com\/sw\/wp-json\/wp\/v2\/media?parent=1235"}],"wp:term":[{"taxonomy":"post_tag","embeddable":true,"href":"https:\/\/corn-machine.com\/sw\/wp-json\/wp\/v2\/tags?post=1235"},{"taxonomy":"product-type","embeddable":true,"href":"https:\/\/corn-machine.com\/sw\/wp-json\/wp\/v2\/product-type?post=1235"}],"curies":[{"name":"[\"wp\"]","href":"https:\/\/api.w.org\/{rel}","templated":true}]}}