{"id":44,"date":"2022-09-06T06:19:10","date_gmt":"2022-09-05T22:19:10","guid":{"rendered":"https:\/\/corn-machine.com\/?post_type=product&#038;p=44"},"modified":"2025-07-28T09:25:59","modified_gmt":"2025-07-28T01:25:59","slug":"maize-seed-planter","status":"publish","type":"product","link":"https:\/\/corn-machine.com\/sw\/product\/maize-seed-planter\/","title":{"rendered":"Mashine ya Kupandia Mbegu za Mahindi Kiotomatiki Nyingi | Mashine ya Kupandia Mahindi ya Trekta"},"content":{"rendered":"<p class=\"translation-block\">En av Taizy Machinery mest popul\u00e4ra maskiner \u00e4r <strong>majskornt\u00e4rare<\/strong>, som kan plantera flera rader majsfr\u00f6n samtidigt i f\u00e4ltet. Den h\u00e4r maskinen anv\u00e4nder en h\u00f6gprecisionss\u00e5mask, och det kvalificerade antalet fr\u00f6n \u00e4r mer \u00e4n 80%.<\/p>    <p>Hadi sasa, tumewaagizia mashine za kupanda mahindi za trekta nchini Nigeria, Marekani, Thailand, Ufilipino, Mauritania, Guinea, na nchi nyingine. Inasaidia watu wa eneo hilo kupunguza gharama za kazi na kuboresha ufanisi wao. Ikiwa unavutiwa na mashine ya kupanda mbegu za mahindi, wasiliana nasi sasa.<\/p>    <h2 class=\"wp-block-heading\" id=\"h-features-of-maize-seed-planter\">Vipengele vya mashine ya kupanda karanga<\/h2>   <div class=\"wp-block-image\"> <figure class=\"aligncenter size-full\"><img loading=\"lazy\" decoding=\"async\" width=\"720\" height=\"540\" src=\"https:\/\/corn-machine.com\/wp-content\/uploads\/2022\/09\/maize-planting-machine1.webp\" alt=\"mashine ya kupandia mahindi\" class=\"wp-image-136\" title=\"\"><figcaption class=\"wp-element-caption\">mashine ya kupandia mahindi<\/figcaption><\/figure> <\/div>   <ul class=\"wp-block-list\"> <li>Kipanda mbegu hiki cha mahindi kina <strong>usahihi wa juu wa kupanda<\/strong>, na kiashirio cha sifa hufikia zaidi ya 80%.<br>Mashine ya kupandia ina ufanisi mkubwa wa kufanya kazi. Mashine inaweza kufikia 8 km\/h wakati umbali wa kupanda ni zaidi ya 20 cm.<\/li>    <li>Kipanda mahindi <strong>hudhibiti umbali wa shimo<\/strong> kwa usahihi sana, ambayo inaweza kusaidia miche ya mahindi kusambaa kwa usawa, kucheza kikamilifu faida za mtu binafsi, na kukuza ukuaji wenye nguvu wa mahindi, hivyo kuongeza mavuno.<\/li>    <li>Kipanda mahindi kina <strong>kimeunganishwa na <a href=\"https:\/\/en.wikipedia.org\/wiki\/Tractor\" target=\"_blank\" rel=\"noopener\">trekta<\/a><\/strong>, ambayo huboresha ufanisi wa kazi. Kipanda hicho ni rahisi kuendesha, na mtumiaji anahitaji tu kukaa na kukiendesha.<\/li> <\/ul>    <h2 class=\"wp-block-heading\" id=\"h-introduction-of-corn-seed-planter\">Utangulizi wa mashine ya kuchoma mbegu za soya<\/h2>    <p>Taizy Machinery imeunda aina mpya ya mashine ya kupanda mahindi ya mistari 2, 3, 4, 5, 6, na 8, ambayo inahitaji kufanya kazi na trekta ili kufanya kazi. Unaweza kuchagua kulingana na mahitaji yako. Mashine hii ya kupanda mahindi pia ina tanki la mbolea ambayo inapanda mbegu kwenye udongo kwa wakati mmoja, ikiongeza kiwango cha kupanda bila kuharibu miche ya mahindi.<\/p>    <p>Mashine hii ya kupanda mbegu za mahindi ina utendaji mzuri na inaweza kurekebishwa kwa umbali wa mistari, umbali wa kupanda, kina cha kuchimba, kina cha matumizi ya mbolea, na kina cha kupanda, na kufanya kuwa mashine muhimu kwa kupanda mahindi. Zaidi ya hayo, pia tunatoa mashine za kupanda mahindi za mkono na wakulima wa mahindi kwa upandaji wa kiwango kidogo. Hizi ni mashine muhimu kwa usindikaji wa mahindi.<\/p>    <figure class=\"wp-block-gallery has-nested-images columns-default is-cropped wp-block-gallery-2 is-layout-flex wp-block-gallery-is-layout-flex\"> <figure class=\"wp-block-image size-large\"><img loading=\"lazy\" decoding=\"async\" width=\"720\" height=\"540\" data-id=\"132\" src=\"https:\/\/corn-machine.com\/wp-content\/uploads\/2022\/09\/3-row-corn-planter-machine1.webp\" alt=\"Mashine ya kupanda mahindi ya mistari 3\" class=\"wp-image-132\" title=\"\"><figcaption class=\"wp-element-caption\">Mashine ya kupanda mbegu za mahindi ya mistari 3<\/figcaption><\/figure>    <figure class=\"wp-block-image size-large\"><img loading=\"lazy\" decoding=\"async\" width=\"720\" height=\"540\" data-id=\"133\" src=\"https:\/\/corn-machine.com\/wp-content\/uploads\/2022\/09\/4-row-corn-planter-machine1.webp\" alt=\"4-radig majsplanterarmaskin\" class=\"wp-image-133\" title=\"\"><figcaption class=\"wp-element-caption\">4-radig majsplanterarmaskin<\/figcaption><\/figure> <\/figure>    <figure class=\"wp-block-gallery has-nested-images columns-default is-cropped wp-block-gallery-3 is-layout-flex wp-block-gallery-is-layout-flex\"> <figure class=\"wp-block-image size-large\"><img loading=\"lazy\" decoding=\"async\" width=\"720\" height=\"540\" data-id=\"134\" src=\"https:\/\/corn-machine.com\/wp-content\/uploads\/2022\/09\/6-row-maize-planting-machine1.webp\" alt=\"Mashine ya kupanda mahindi ya mistari 6\" class=\"wp-image-134\" title=\"\"><figcaption class=\"wp-element-caption\">Mashine ya kupanda mahindi ya mistari 6<\/figcaption><\/figure>    <figure class=\"wp-block-image size-large\"><img loading=\"lazy\" decoding=\"async\" width=\"720\" height=\"540\" data-id=\"135\" src=\"https:\/\/corn-machine.com\/wp-content\/uploads\/2022\/09\/8-row-corn-planting-machine1.webp\" alt=\"Mashine ya kupanda mahindi ya mistari 8\" class=\"wp-image-135\" title=\"\"><figcaption class=\"wp-element-caption\">Mashine ya kupanda mahindi ya trekta ya mistari 8<\/figcaption><\/figure> <\/figure>    <h2 class=\"wp-block-heading\" id=\"h-technical-parameters-of-maize-seed-planter\">Vigezo vya kiufundi vya mashine ya kupanda mbegu za mahindi<\/h2>    <p>Kuna aina 6 za mashine za kupanda mahindi za trekta, ambazo zimewekwa na idadi tofauti za masanduku ya mbegu. Unaweza kuchagua ile inayofaa zaidi. Pia tunatoa huduma ya kubadilisha vox kuwa vifaa vya kioo au chuma.<\/p>    <p>Mbali na hayo, mashine hii imewekwa na gurudumu la mwongozo wa mbegu moja. Unapochagua mbegu, unaweza kuchagua gurudumu la mwongozo wa mbegu moja kwa kupanda mbegu ndogo.<\/p>    <figure class=\"wp-block-table\"><table><tbody><tr><td>Mfano<\/td><td>2BYSF-2<\/td><td>2BYSF-3<\/td><td>2BYSF-4<\/td><td>2BYSF-5<\/td><td>2BYSF-6<\/td><td>2BYSF-8<\/td><\/tr><tr><td>Ukubwa<\/td><td>1.57*1.3*1.2m<\/td><td>1.57*1.7*1.2m<\/td><td>1.62*2.35*1.2m<\/td><td>1.62*2.75*1.2m<\/td><td>1.62*3.35*1.2m<\/td><td>1.64*4.6*1.2m<\/td><\/tr><tr><td>Mstari<\/td><td>2<\/td><td>3<\/td><td>4<\/td><td>5<\/td><td>6<\/td><td>8<\/td><\/tr><tr><td>Umbali wa mistari<\/td><td>428-570mm<\/td><td>428-570mm<\/td><td>428-570mm<\/td><td>428-570mm<\/td><td>428-570mm<\/td><td>428-570mm<\/td><\/tr><tr><td>Umbali wa kupanda<\/td><td>140mm-280mm<\/td><td>140mm-280mm<\/td><td>140mm-280mm<\/td><td>140mm-280mm<\/td><td>140mm-280mm<\/td><td>140mm-280mm<\/td><\/tr><tr><td>Kina cha kuchimba<\/td><td>&nbsp;60-80mm<\/td><td>&nbsp;60-80mm<\/td><td>&nbsp;60-80mm<\/td><td>&nbsp;60-80mm<\/td><td>&nbsp;60-80mm<\/td><td>&nbsp;60-80mm<\/td><\/tr><tr><td>Kina cha mbolea<\/td><td>60-80mm<\/td><td>60-80mm<\/td><td>60-80mm<\/td><td>60-80mm<\/td><td>60-80mm<\/td><td>60-80mm<\/td><\/tr><tr><td>Kina cha kupanda<\/td><td>30-50mm<\/td><td>30-50mm<\/td><td>30-50mm<\/td><td>30-50mm<\/td><td>30-50mm<\/td><td>30-50mm<\/td><\/tr><tr><td>Uwezo wa tanki la mbolea<\/td><td>18.75L x2<\/td><td>18.75L x3<\/td><td>18.75L x4<\/td><td>18.75L x5<\/td><td>18.75L x6<\/td><td>18.75L x8<\/td><\/tr><tr><td>Uwezo wa sanduku la mbegu<\/td><td>8.5 x 2<\/td><td>8.5 x 3<\/td><td>8.5 x 4<\/td><td>8.5 x 5<\/td><td>8.5 x 6<\/td><td>8.5 x 8<\/td><\/tr><tr><td>Uzito<\/td><td>150kg<\/td><td>200kg<\/td><td>295kg<\/td><td>360kg<\/td><td>425kg<\/td><td>650kg<\/td><\/tr><tr><td>Nguvu iliyounganishwa<\/td><td>&nbsp;12-18hp<\/td><td>15-25hp<\/td><td>25-40hp<\/td><td>40-60hp<\/td><td>50-80hp<\/td><td>75-100hp<\/td><\/tr><tr><td>Unganisho<\/td><td>&nbsp;vigezo vya mashine ya kupanda mbegu za mahindi<\/td><td>&nbsp;vigezo vya mashine ya kupanda mbegu za mahindi<\/td><td>&nbsp;vigezo vya mashine ya kupanda mbegu za mahindi<\/td><td>&nbsp;vigezo vya mashine ya kupanda mbegu za mahindi<\/td><td>&nbsp;vigezo vya mashine ya kupanda mbegu za mahindi<\/td><td>&nbsp;vigezo vya mashine ya kupanda mbegu za mahindi<\/td><\/tr><\/tbody><\/table><figcaption class=\"wp-element-caption\">vigezo vya kipanda mbegu cha mahindi<\/figcaption><\/figure>    <h2 class=\"wp-block-heading\" id=\"h-application-of-corn-seed-planter-machine\">Matumizi mbalimbali ya mashine ya kupanda mahindi<\/h2>    <p>Enligt traktorns majst\u00e5larens egenskaper \u00e4r formen p\u00e5 fr\u00f6n som liknar majs l\u00e4mplig f\u00f6r denna majsfr\u00f6maskin, s\u00e5som r\u00f6da b\u00f6nor, mungb\u00f6nor, sojab\u00f6nor, sorgum, etc. H\u00e4r \u00e4r en video av majsfr\u00f6maskinens arbetsg\u00e5ng. L\u00e5t oss titta p\u00e5 dess drift!<\/p>    <figure class=\"wp-block-embed is-type-video is-provider-youtube wp-block-embed-youtube wp-embed-aspect-16-9 wp-has-aspect-ratio\"><div class=\"wp-block-embed__wrapper\"> <iframe loading=\"lazy\" title=\"B\u00e4sta majsplanteringsmaskin | Modern majsplanteringsmaskins arbetsprocess\" width=\"500\" height=\"281\" src=\"https:\/\/www.youtube.com\/embed\/1SswL7Jq75I?feature=oembed\" frameborder=\"0\" allow=\"accelerometer; autoplay; clipboard-write; encrypted-media; gyroscope; picture-in-picture; web-share\" referrerpolicy=\"strict-origin-when-cross-origin\" allowfullscreen><\/iframe> <\/div><figcaption class=\"wp-element-caption\">Video ya kazi ya mashine ya kupanda mahindi<\/figcaption><\/figure>    <h2 class=\"wp-block-heading\" id=\"h-corn-planting-machine-operation-points\">Mambo ya kufanya wakati wa kutumia mashine ya kupanda mahindi ya trekta <\/h2>    <p>Baada ya kununua mashine ya kupanda mbegu za mahindi, unahitaji kusoma mwongozo wa matumizi kwa makini, kushiriki katika mafunzo ya kiufundi yanayohusiana, na kutumia mpanda kwa usahihi, ambayo inaweza kupunguza hasara ya mashine na kuongeza muda wa huduma wa mashine.<\/p>    <ol class=\"wp-block-list\"> <li>Rekebisha mashine kabla ya kupanda. Sehemu nyingi za mpanda zinahitaji kuunganishwa na kupakwa mafuta. Rekebisha umbali wa mistari na umbali wa kupanda mbegu.<\/li>    <li>Katika mchakato wa kupanda, ni muhimu kuangalia hali ya kupanda wakati wote. Hali ya kupanda inajumuisha kiasi cha kupanda, mahali pa kupanda, kina cha kupanda, na kiwango cha mbolea za kemikali. Ikiwa inabainika kuwa sio ya kiwango, inahitaji kusimamishwa na kurekebishwa.<\/li>    <li>Wateja wanapaswa kudhibiti kasi na kina cha kupanda kulingana na hali halisi. Kutokana na tofauti katika ardhi, unene wa kifuniko cha ardhi wakati wa mchakato wa upandaji pia utatofautiana. Kwa ujumla, inahitaji kufunika takriban 4-5cm.<\/li> <\/ol>    <p class=\"translation-block\">Unahitaji mashine ndogo zaidi za kupanda mbegu za mahindi? Labda utapenda hii: <a href=\"https:\/\/corn-machine.com\/sw\/product\/manual-corn-seed-planter\/\">mashine ya kupanda mbegu za mahindi kwa mkono<\/a>, ambayo inafaa kwa upandaji wa kiwango kidogo! <\/p>    <p>Har du n\u00e5gra fr\u00e5gor eller krav f\u00f6r din anl\u00e4ggning, l\u00e5t mig veta. Tveka inte att kontakta oss!<\/p>    <p><\/p>","protected":false},"excerpt":{"rendered":"<p>Mchinjiko huu wa mbegu za mahindi unatoa kwa ajili ya upandaji wa mazao kwa kiwango kikubwa na mistari mingi huku ukitumia kifaa cha kupanda cha usahihi wa juu chenye kiwango cha zaidi ya 80% cha ubora wa hesabu ya nafaka.<\/p>","protected":false},"author":1,"featured_media":46,"parent":0,"template":"","tags":[24],"product-type":[39],"class_list":["post-44","product","type-product","status-publish","has-post-thumbnail","hentry","tag-maize-seed-planter","product-type-maize-planter-machine"],"_links":{"self":[{"href":"https:\/\/corn-machine.com\/sw\/wp-json\/wp\/v2\/product\/44","targetHints":{"allow":["GET"]}}],"collection":[{"href":"https:\/\/corn-machine.com\/sw\/wp-json\/wp\/v2\/product"}],"about":[{"href":"https:\/\/corn-machine.com\/sw\/wp-json\/wp\/v2\/types\/product"}],"author":[{"embeddable":true,"href":"https:\/\/corn-machine.com\/sw\/wp-json\/wp\/v2\/users\/1"}],"wp:featuredmedia":[{"embeddable":true,"href":"https:\/\/corn-machine.com\/sw\/wp-json\/wp\/v2\/media\/46"}],"wp:attachment":[{"href":"https:\/\/corn-machine.com\/sw\/wp-json\/wp\/v2\/media?parent=44"}],"wp:term":[{"taxonomy":"post_tag","embeddable":true,"href":"https:\/\/corn-machine.com\/sw\/wp-json\/wp\/v2\/tags?post=44"},{"taxonomy":"product-type","embeddable":true,"href":"https:\/\/corn-machine.com\/sw\/wp-json\/wp\/v2\/product-type?post=44"}],"curies":[{"name":"[\"wp\"]","href":"https:\/\/api.w.org\/{rel}","templated":true}]}}