{"id":47,"date":"2022-09-06T06:35:08","date_gmt":"2022-09-06T06:35:08","guid":{"rendered":"https:\/\/corn-machine.com\/?post_type=product&#038;p=47"},"modified":"2025-08-06T16:04:29","modified_gmt":"2025-08-06T08:04:29","slug":"efficient-maize-harvester-machine","status":"publish","type":"product","link":"https:\/\/corn-machine.com\/sw\/product\/efficient-maize-harvester-machine\/","title":{"rendered":"Mashine ya Kuvuna Mahindi | Mashine ya Kuvuna Mahindi kwa Uuzaji"},"content":{"rendered":"<p>Mashine ya kuvuna mahindi husaidia wakulima kukamilisha uvunaji wa mashina ya mahindi wakati mahindi yameiva. Kwa msaada wa mashine ya kuvuna mahindi, ufanisi wa uvunaji wa mazao utaboreshwa sana na kupunguza nguvu kazi ya wakulima. <\/p>    <p>Inaweza kuwekwa na injini ya dizeli au motor ya umeme ili kuhakikisha utendaji wa mashine. Kwa kasi ya kufanya kazi ya 0.72-1.44 km\/h, uwezo wake unaweza kuhakikishwa kati ya 0.03-0.06 hekta\/h. <\/p>    <p>Mashine hii ya kuvuna mahindi kwa ajili ya kuuzwa ni rahisi sana kutumia, na mtu mmoja anaweza kukamilisha taratibu zote. Kwa kuongezea, mashine hii ni nafuu na inafaa kwa mashamba madogo ya mahindi na maeneo maalum yenye milima.<\/p>   <div class=\"wp-block-image\"> <figure class=\"aligncenter size-full\"><img loading=\"lazy\" decoding=\"async\" width=\"720\" height=\"540\" src=\"https:\/\/corn-machine.com\/wp-content\/uploads\/2022\/09\/maize-harvester-machines-in-plant.webp\" alt=\"\" class=\"wp-image-148\" title=\"\"><figcaption class=\"wp-element-caption\">mashine ya kuvuna mahindi<\/figcaption><\/figure> <\/div>   <h2 class=\"wp-block-heading\" id=\"h-introduction-of-maize-harvester-machine\"><strong>Utangulizi wa mashine ya kuvuna mahindi<\/strong><\/h2>    <p>Mashine ya kuvuna mahindi inasukumwa mbele na mtu, na sehemu za kazi zinaendeshwa na injini ya dizeli au motor ya umeme kwa ajili ya kukata na kuvuna. <\/p>    <p>Den singelradiga majs sk\u00f6rdaren har n\u00e4stan samma funktioner som den stora kombisk\u00f6rdaren, inklusive plockning, skalning, snuvning och stj\u00e4lksplittring, men denna nyutvecklade majs sk\u00f6rdare \u00e4r l\u00e4ttare att installera och anv\u00e4nda, dessutom \u00e4r maskinens kapningh\u00f6jd justerbar.<\/p>   <div class=\"wp-block-image\"> <figure class=\"aligncenter size-full\"><img loading=\"lazy\" decoding=\"async\" width=\"720\" height=\"540\" src=\"https:\/\/corn-machine.com\/wp-content\/uploads\/2022\/09\/corn-harvester-machin-in-plant.webp\" alt=\"\" class=\"wp-image-145\" title=\"\"><figcaption class=\"wp-element-caption\">mashine ya kuvuna mahindi kwenye shamba<\/figcaption><\/figure> <\/div>  <div class=\"wp-block-image\"> <figure class=\"aligncenter size-full\"><img loading=\"lazy\" decoding=\"async\" width=\"720\" height=\"540\" src=\"https:\/\/corn-machine.com\/wp-content\/uploads\/2022\/09\/corn-harvester-in-plant.webp\" alt=\"mkulima wa mahindi kwenye shamba\" class=\"wp-image-144\" title=\"\"><figcaption class=\"wp-element-caption\">mkulima wa mahindi kwenye shamba<\/figcaption><\/figure> <\/div>   <h2 class=\"wp-block-heading\" id=\"h-advantages-of-single-row-maize-harvester\"><strong>Faida za mashine moja ya kuvuna mahindi<\/strong><\/h2>    <ol class=\"wp-block-list\"> <li>Mashine moja ya kuvuna mahindi inaweza kukamilisha kwa wakati mmoja uchukuaji wa mahindi na kusagwa kwa nyasi ili kurudi shambani, kuboresha rutuba ya udongo wakati wa kuvuna mahindi.<\/li>    <li>Ufanisi wa juu kuliko uvunaji wa mikono, mashine hii ya kuvuna mahindi inaweza kuvuna hekta 0.03-0.06 za mahindi kwa saa.<\/li>    <li>Mashine ya kukata mahindi ina matumizi ya chini ya mafuta, utendaji wa gharama ya juu, na mashine nzima ni nafuu, kwa hivyo inaweza kuokoa pesa za wakulima.<\/li>    <li>Ni rahisi sana kutumia na inaweza kuingizwa katika matumizi ya uzalishaji na wakulima baada ya mafunzo rahisi.<\/li>    <li>Mashine hii ya kuvuna mahindi ni ndogo na nyepesi, kwa hivyo ni rahisi sana kusonga. Inapowekwa na injini ya dizeli, inaweza kutumika katika mashamba mengi, kama vile maeneo tambarare, yenye milima, na milima.<\/li> <\/ol>    <h2 class=\"wp-block-heading\" id=\"h-parameters-of-corn-harvesting-machine\"><strong>Vigezo vya mashine ya kuvuna mahindi<\/strong><\/h2>    <figure class=\"wp-block-table\"><table><tbody><tr><td>Mfano<\/td><td>4YZ-1<\/td><\/tr><tr><td>Ukubwa<\/td><td>1820 \u00d7 800 \u00d7 1190mm<\/td><\/tr><tr><td>Uzito<strong><\/strong><\/td><td>265kg<\/td><\/tr><tr><td>Kasi ya kufanya kazi<\/td><td>0.72-1.44km \/ h<\/td><\/tr><tr><td>Uwezo<\/td><td>0.03-0.06 hekta\/h<\/td><\/tr><tr><td>Idadi ya vile<\/td><td>10<\/td><\/tr><tr><td>Matumizi ya mafuta ya eneo la kazi la kitengo<\/td><td>\u226410kg\/h\u33a1<\/td><\/tr><\/tbody><\/table><figcaption class=\"wp-element-caption\">vigezo vya kina vya mashine ya kuvuna mahindi<\/figcaption><\/figure>    <h2 class=\"wp-block-heading\" id=\"h-global-case-of-maize-harvester-machine\"><strong>Kesi ya kimataifa ya mashine ya kuvuna mahindi<\/strong><\/h2>    <p>Hivi karibuni tulifikia na mteja kutoka Nigeria ambaye aliagiza mashine ya kuvuna mahindi. Hapo awali alinunua mashine ya kupura mahindi kutoka kwa kampuni yetu mwaka jana. <\/p>    <p class=\"translation-block\">Mteja huyu wa Nigeria anaendesha shamba dogo katika nchi yake ambapo mashamba ya mahindi yako katika eneo lenye milima, kwa hivyo kila wakati msimu wa kuvuna mahindi ulipofika, ilibidi aajiri wafanyikazi wengi kuchukua <a href=\"https:\/\/en.wikipedia.org\/wiki\/Crop\" target=\"_blank\" rel=\"noopener\">mazao<\/a>. <\/p>    <p>Baada ya kuelekezwa mashine moja ya kuvuna mahindi na meneja wake wa akaunti, alibainisha mavuno na mambo mengine na kuagiza mashine 30 za kuvuna mahindi kutoka Taizy Machinery. <\/p>    <p>Mteja sasa amepokea mashine na anatuambia kuwa anaajiri nusu tu ya idadi ya wafanyikazi kuliko hapo awali, lakini sasa ufanisi umeongezeka zaidi ya mara 3.<\/p>    <figure class=\"wp-block-gallery has-nested-images columns-default is-cropped wp-block-gallery-2 is-layout-flex wp-block-gallery-is-layout-flex\"> <figure class=\"wp-block-image size-large\"><img loading=\"lazy\" decoding=\"async\" width=\"720\" height=\"540\" data-id=\"146\" src=\"https:\/\/corn-machine.com\/wp-content\/uploads\/2022\/09\/load-and-delivery-.webp\" alt=\"\" class=\"wp-image-146\" title=\"\"><\/figure>    <figure class=\"wp-block-image size-large\"><img loading=\"lazy\" decoding=\"async\" width=\"720\" height=\"540\" data-id=\"147\" src=\"https:\/\/corn-machine.com\/wp-content\/uploads\/2022\/09\/loading-and-shipping-of-small-scale-corn-harvester-tuya1.webp\" alt=\"\" class=\"wp-image-147\" title=\"\"><\/figure> <\/figure>    <p><\/p>    <h2 class=\"wp-block-heading\" id=\"h-faqs-of-maize-harvester-for-sale\"><strong>Maswali Yanayoulizwa Mara kwa Mara kuhusu mashine ya kuvuna mahindi kwa ajili ya kuuza<\/strong><\/h2>    <div class=\"schema-faq wp-block-yoast-faq-block\"><div class=\"schema-faq-section\" id=\"faq-question-1662445667247\"><strong class=\"schema-faq-question\">Je, mashine ya kuvuna mahindi inaweza kurarua maganda ya mahindi?<\/strong> <p class=\"schema-faq-answer\">Hapana, haiwezi.<\/p> <\/div> <div class=\"schema-faq-section\" id=\"faq-question-1662445699563\"><strong class=\"schema-faq-question\">Mashine inashughulikiaje mashina ya mahindi?<\/strong> <p class=\"schema-faq-answer\">Shina la mahindi litapasuliwa na kisha kurudishwa shambani moja kwa moja.<\/p> <\/div> <div class=\"schema-faq-section\" id=\"faq-question-1662445724968\"><strong class=\"schema-faq-question\">Ni urefu gani wa kukata shina la mahindi?<\/strong> <p class=\"schema-faq-answer\">Inaweza kurekebishwa, na shina fupi zaidi iliyoachwa ni sentimita 10.<\/p> <\/div> <div class=\"schema-faq-section\" id=\"faq-question-1662445758835\"><strong class=\"schema-faq-question\">Ni visu vingapi vya kusagwa vilivyo na mkulima wa mahindi?<\/strong> <p class=\"schema-faq-answer\">Kuna vile 10 vya kusagwa.<\/p> <\/div> <div class=\"schema-faq-section\" id=\"faq-question-1662445809116\"><strong class=\"schema-faq-question\">Ni usanidi gani wa nguvu wa mashine?<\/strong> <p class=\"schema-faq-answer\">&nbsp;Inajumuisha injini za petroli 188F na injini za dizeli 188F.<\/p> <\/div> <div class=\"schema-faq-section\" id=\"faq-question-1662445864028\"><strong class=\"schema-faq-question\">Ni mashine ngapi zinaweza kushikiliwa na kabati la mbao la futi 20 na kabati la mbao la futi 40?<\/strong> <p class=\"schema-faq-answer\">Vitengo 26 kwa makontena ya futi 20 na vitengo 54 kwa makontena ya futi 40.<\/p> <\/div> <div class=\"schema-faq-section\" id=\"faq-question-1662445898898\"><strong class=\"schema-faq-question\">Ni mahindi mangapi yanaweza kushikiliwa na hopa ya mashine?<\/strong> <p class=\"schema-faq-answer\">Hopa ya mashine ya kuvuna mahindi inaweza kushikilia mahindi 30-50.<\/p> <\/div> <\/div>    <h2 class=\"wp-block-heading\"><strong>Zana zingine muhimu za kilimo cha mahindi<\/strong><\/h2>    <p>Mbali na mashine ya kuvuna mahindi, kampuni yetu pia hutoa mashine zingine za mahindi zinazofaa kukidhi kila hitaji katika kilimo. <\/p>    <p>Je, kuna kipanda mahindi rahisi zaidi? Jinsi ya kutatua shida za uhifadhi wa mahindi? Je, unaweza kuboresha thamani ya malighafi zako kwa faida zaidi? Matatizo haya yote yanaweza kutatuliwa kwa kutumia zana tofauti.<\/p>    <p class=\"translation-block\">Tunatambulisha <a href=\"https:\/\/corn-machine.com\/sw\/product\/mobile-grain-dryer-for-drying-corn-rice\/\">kikavu cha nafaka kinachosafirishwa<\/a> kwa kukausha mahindi na kuhifadhi. Bofya kiungo ili kujua mchakato wake wa kazi na maelezo zaidi. Ikiwa una shamba lenye malighafi nyingi na unataka kuunda warsha mpya ili kupata faida zaidi. <a href=\"https:\/\/corn-machine.com\/sw\/product\/maize-grits-making-machine\/\">Mashine ya kutengeneza nafaka ya mahindi<\/a> ni chaguo nzuri ya kuzalisha nafaka na unga wa mahindi kwa ajili ya kuuza.<\/p>    <p>Vi \u00e4r bara opinionsgivare f\u00f6r att hj\u00e4lpa dig att v\u00e4lja den mest l\u00e4mpliga maskinen f\u00f6r dina behov. Om du har n\u00e5gra problem och vill fr\u00e5ga om det exakta priset p\u00e5 n\u00e5gon maskin, tveka inte att kontakta oss.<\/p>","protected":false},"excerpt":{"rendered":"<p>Inafaa kwa uvunaji wa mahindi wa kiwango kidogo na ardhi yenye milima, mashine hii ya kuvuna mahindi inaweza kuboresha ufanisi wa kazi na kupunguza nguvu za kazi kwa kiasi kikubwa.<\/p>","protected":false},"author":1,"featured_media":49,"parent":0,"template":"","tags":[18],"product-type":[40],"class_list":["post-47","product","type-product","status-publish","has-post-thumbnail","hentry","tag-maize-harvester-machine","product-type-corn-harvesting-machine"],"_links":{"self":[{"href":"https:\/\/corn-machine.com\/sw\/wp-json\/wp\/v2\/product\/47","targetHints":{"allow":["GET"]}}],"collection":[{"href":"https:\/\/corn-machine.com\/sw\/wp-json\/wp\/v2\/product"}],"about":[{"href":"https:\/\/corn-machine.com\/sw\/wp-json\/wp\/v2\/types\/product"}],"author":[{"embeddable":true,"href":"https:\/\/corn-machine.com\/sw\/wp-json\/wp\/v2\/users\/1"}],"wp:featuredmedia":[{"embeddable":true,"href":"https:\/\/corn-machine.com\/sw\/wp-json\/wp\/v2\/media\/49"}],"wp:attachment":[{"href":"https:\/\/corn-machine.com\/sw\/wp-json\/wp\/v2\/media?parent=47"}],"wp:term":[{"taxonomy":"post_tag","embeddable":true,"href":"https:\/\/corn-machine.com\/sw\/wp-json\/wp\/v2\/tags?post=47"},{"taxonomy":"product-type","embeddable":true,"href":"https:\/\/corn-machine.com\/sw\/wp-json\/wp\/v2\/product-type?post=47"}],"curies":[{"name":"[\"wp\"]","href":"https:\/\/api.w.org\/{rel}","templated":true}]}}