{"id":54,"date":"2022-09-06T07:11:15","date_gmt":"2022-09-06T07:11:15","guid":{"rendered":"https:\/\/corn-machine.com\/?post_type=product&#038;p=54"},"modified":"2025-08-29T16:49:03","modified_gmt":"2025-08-29T08:49:03","slug":"fresh-corn-sheller-machine","status":"publish","type":"product","link":"https:\/\/corn-machine.com\/sw\/product\/fresh-corn-sheller-machine\/","title":{"rendered":"Mashine ya Kumenya Mahindi Safi | Mashine ya Kumenya Mahindi Matamu"},"content":{"rendered":"<p class=\"translation-block\">Mashine ya kuondoa ganda ya mahindi ya <strong>maharagwe mapya ya Taizy SUS304<\/strong> inatumika kuondoa nafaka za mahindi mapya na mahindi matamu bila kuharibu. Kasi ya kuondoa ganda kwa mashine ya kuondoa ganda ya mahindi matamu ni ya haraka sana kiasi kwamba inaweza kuondoa nafaka 400-500 kg kwa saa.<\/p>    <p>Inatumika sana katika viwanda vya usindikaji wa mahindi, viwanda vya uzalishaji wa makopo ya mahindi, na viwanda vya uzalishaji wa chakula baridi n.k. Mashine nyingi za kuondoa ganda ya mahindi matamu zinaweza kutumika pamoja na mistari mikubwa ya mkusanyiko, ambazo ni mashine muhimu kwa biashara za usindikaji wa mahindi.<\/p>   <div class=\"wp-block-image\"> <figure class=\"aligncenter size-large\"><img loading=\"lazy\" decoding=\"async\" width=\"720\" height=\"540\" src=\"https:\/\/corn-machine.com\/wp-content\/uploads\/2022\/09\/fresh-corn-threshing-machine.webp\" alt=\"mashine ya kutwangulia mahindi safi\" class=\"wp-image-163\" title=\"\"><figcaption class=\"wp-element-caption\">mashine ya kutwangulia mahindi safi<\/figcaption><\/figure> <\/div>   <h2 class=\"wp-block-heading\">Video ya kazi ya mashine ya kuondoa ganda ya mahindi mapya<\/h2>    <figure class=\"wp-block-embed is-type-video is-provider-youtube wp-block-embed-youtube wp-embed-aspect-16-9 wp-has-aspect-ratio\"><div class=\"wp-block-embed__wrapper\"> <iframe loading=\"lazy\" title=\"Mashine ya Kutosha Mahindi Safi Yanayouzwa Sana | Mashine ya Kutosha Mahindi Matamu Utendaji Kazi\" width=\"500\" height=\"281\" src=\"https:\/\/www.youtube.com\/embed\/h4n44zJXueQ?start=21&#038;feature=oembed\" frameborder=\"0\" allow=\"accelerometer; autoplay; clipboard-write; encrypted-media; gyroscope; picture-in-picture; web-share\" referrerpolicy=\"strict-origin-when-cross-origin\" allowfullscreen><\/iframe> <\/div><figcaption class=\"wp-element-caption\">video ya kazi ya mashine ya kuondoa ganda ya mahindi matamu<\/figcaption><\/figure>    <h2 class=\"wp-block-heading\" id=\"h-technical-parameters-of-corn-thresher-for-sale\">Vigezo vya kiufundi vya mashine ya kutwangulia mahindi kwa ajili ya kuuzwa<\/h2>    <figure class=\"wp-block-table\"><table><tbody><tr><td>Mfano<\/td><td>TZ-268 TZ-368<\/td><\/tr><tr><td>Nguvu<\/td><td>1.2kw<\/td><\/tr><tr><td>Voltage<\/td><td>220V<\/td><\/tr><tr><td>Uwezo<\/td><td>400-500kg\/h mbegu (Kutoa takriban masikio 75 ya mahindi kwa dakika)<\/td><\/tr><tr><td>Kasi ya mkanda wa kusafirisha<\/td><td>&nbsp;V=15m\/min<\/td><\/tr><tr><td>Ukubwa wa mashine<\/td><td>1150*500*1300mm<\/td><\/tr><\/tbody><\/table><figcaption class=\"wp-element-caption\">vigezo vya kiufundi vya mashine ya kuondoa ganda ya mahindi matamu<\/figcaption><\/figure>    <p>Pia tunatoa mfano wa TZ-368, ambayo ina vipimo sawa na TZ-268. Lakini imewekwa na conveyor kwa kasi ya juu ya kutoa. Zaidi ya hayo, mashine yote ya kuondoa ganda ya mahindi mapya imetengenezwa kwa SUS404. Hivyo kama una viwango vya juu kwa bidhaa zako, mashine ya kuondoa ganda ya mahindi ya Taizy inaweza kukidhi mahitaji yako.<\/p>    <h2 class=\"wp-block-heading\" id=\"h-advantages-of-fresh-corn-sheller-machine\">Faida za mashine ya kutwangulia mahindi safi<\/h2>    <ol class=\"wp-block-list\"> <li>Mashine hii ya kutwangulia mahindi safi inaweza kutumika kwa malighafi mbalimbali, na inaweza kutwangulia kwa ufanisi aina zote za mahindi matamu na mahindi yanayonata.<\/li>    <li>Kisu kilichomo ndani ya mashine ya kuondoa ganda ya mahindi matamu kina ugumu wa juu, upinzani mzuri wa kuvaa, na kipindi refu cha kukata, kikiwa kimepitia hatua kadhaa za utafiti na maendeleo ili kuboresha kwa kiasi kikubwa ufanisi wa uzalishaji.<\/li>    <li>Kuondoa nafaka za mahindi ni laini na kavu, na mashine haitaharibu nafaka za mahindi ya waxy, kiwango cha juu cha kuondoa nafaka za mahindi.<\/li>    <li>Kina cha nafaka za mahindi mapya kinaweza kubadilishwa, ikiruhusu kukidhi mahitaji tofauti ya watumiaji mbalimbali.<\/li> <\/ol>   <div class=\"wp-block-image\"> <figure class=\"aligncenter size-large\"><img loading=\"lazy\" decoding=\"async\" width=\"720\" height=\"540\" src=\"https:\/\/corn-machine.com\/wp-content\/uploads\/2022\/09\/Sweet-corn-threshing-machine.webp\" alt=\"Mashine ya Kutwangulia Mahindi Matamu Mashine ya Kutwangulia Mahindi Matamu\" class=\"wp-image-168\" title=\"\"><figcaption class=\"wp-element-caption\">Mashine ya kutwangulia mahindi matamu<\/figcaption><\/figure> <\/div>   <h2 class=\"wp-block-heading\" id=\"h-application-of-fresh-corn-sheller-machine\">Matumizi ya mashine ya kutwangulia mahindi safi<\/h2>    <p>Mashine hii ya kuondoa ganda ya mahindi matamu imeundwa kwa ajili ya kazi ya kuondoa ganda ya mahindi mapya, inafaa kwa aina mbalimbali za mahindi, ikiwa ni pamoja na mahindi matamu, mahindi ya matunda, na mahindi ya sticky. Mashine ya kuondoa ganda ya mahindi matamu inaweza kwa urahisi kutenganisha mbegu kutoka kwa shina. Zaidi ya hayo, pia tunatoa mashine za kuondoa ganda za mahindi kavu na mashine nyingi za kuondoa ganda kwa ajili ya mauzo. Zinatumika kwa mahindi ambayo yana maudhui ya maji \u226414%.<\/p>    <figure class=\"wp-block-gallery has-nested-images columns-default is-cropped wp-block-gallery-2 is-layout-flex wp-block-gallery-is-layout-flex\"> <figure class=\"wp-block-image size-large\"><img loading=\"lazy\" decoding=\"async\" width=\"720\" height=\"540\" data-id=\"160\" src=\"https:\/\/corn-machine.com\/wp-content\/uploads\/2022\/09\/application-of-corn-threshing-machine.webp\" alt=\"matumizi ya mashine ya kutwangulia mahindi\" class=\"wp-image-160\" title=\"\"><figcaption class=\"wp-element-caption\">matumizi ya mashine ya kutwangulia mahindi matumizi ya mashine ya kutwangulia mahindi<\/figcaption><\/figure>    <figure class=\"wp-block-image size-large\"><img loading=\"lazy\" decoding=\"async\" width=\"720\" height=\"540\" data-id=\"162\" src=\"https:\/\/corn-machine.com\/wp-content\/uploads\/2022\/09\/effect-of-maize-thresher-machine.webp\" alt=\"athari ya mashine ya kutwangulia mahindi\" class=\"wp-image-162\" title=\"\"><figcaption class=\"wp-element-caption\">athari ya mashine ya kutwangulia mahindi safi<\/figcaption><\/figure> <\/figure>    <p>Mashine ya kutwangulia mahindi matamu inafaa kwa tasnia ya usindikaji wa vyakula vilivyogandishwa haraka, kiwanda cha makopo ya mahindi, ugandishaji wa juisi ya majimaji ya mahindi, kiwanda cha usindikaji wa mahindi, usindikaji wa bidhaa za kilimo, na tasnia zingine.<\/p>    <p>Kwa mgahawa wengi, aina hii ya mashine ya kuondoa ganda ya mahindi mapya pia ni kifaa kizuri cha kuwasaidia kuokoa kazi na muda. Zaidi ya hayo, wapishi wengi wanaamini kwamba nafaka za mahindi zilizopikwa hivi karibuni zina ladha bora. Ikiwa mgahawa wako unatafuta viungo vya ubora wa juu, hii ni chaguo nzuri kwako. <\/p>    <p class=\"translation-block\">Tuna mteja mmoja ambaye aliagiza mashine hii kwa ajili ya jikoni yao kuu, na saladi yao ya mahindi inahitajika sana hata sasa. Ikiwa unataka kusikia hadithi hii, bonyeza hapa: <a href=\"https:\/\/corn-machine.com\/sw\/Info\/sweet-corn-sheller-ordered-by-restaurant-usa\/\">Mashine za Kuondoa Ganda za Mahindi Matamu Zilizooagizwa na Mgahawa wa Orlando BBQ<\/a>.<\/p>    <figure class=\"wp-block-gallery has-nested-images columns-default is-cropped wp-block-gallery-3 is-layout-flex wp-block-gallery-is-layout-flex\"> <figure class=\"wp-block-image size-large\"><img loading=\"lazy\" decoding=\"async\" width=\"720\" height=\"540\" data-id=\"164\" src=\"https:\/\/corn-machine.com\/wp-content\/uploads\/2022\/09\/frozen-corn-kernels.webp\" alt=\"mbegu za mahindi zilizogandishwa\" class=\"wp-image-164\" title=\"\"><figcaption class=\"wp-element-caption\">mbegu za mahindi zilizogandishwa<\/figcaption><\/figure>    <figure class=\"wp-block-image size-large\"><img loading=\"lazy\" decoding=\"async\" width=\"720\" height=\"540\" data-id=\"161\" src=\"https:\/\/corn-machine.com\/wp-content\/uploads\/2022\/09\/canned-sweet-corn.webp\" alt=\"mahindi matamu ya makopo\" class=\"wp-image-161\" title=\"\"><figcaption class=\"wp-element-caption\">mahindi matamu ya makopo<\/figcaption><\/figure> <\/figure>    <h2 class=\"wp-block-heading\" id=\"h-advanced-structure-of-sweet-corn-thresher\">Muundo wa juu wa mashine ya kutwangulia mahindi matamu<\/h2>    <p>Mashine ya kutwangia mahindi matamu hujumuisha sehemu ya kulishia, utaratibu wa kutenganisha punje na ganda, utaratibu wa kutoa ganda, sehemu ya kutoa punje za mahindi, na mfumo wa kudhibiti umeme.<\/p>   <div class=\"wp-block-image\"> <figure class=\"aligncenter size-full\"><img loading=\"lazy\" decoding=\"async\" width=\"720\" height=\"540\" src=\"https:\/\/corn-machine.com\/wp-content\/uploads\/2022\/09\/structure-of-sweet-corn-sheller-machine.webp\" alt=\"muundo wa mashine ya kutwangulia mahindi matamu\" class=\"wp-image-167\" title=\"\"><figcaption class=\"wp-element-caption\">muundo wa Mashine ya Kutwangulia Mahindi Safi<\/figcaption><\/figure> <\/div>   <ol class=\"wp-block-list\"> <li>Sehemu ya kulishia hulishwa kwenye kipenyo na kipeleki cha <strong>mlolongo wa chuma cha pua<\/strong>, huku kichwa cha mahindi kikiwa kimetazama mbele. Kipeleki hutumia mlolongo wa chuma cha pua kusafirisha kwa kasi sawa. Kipenyo kimeundwa na roli za mpira za daraja la chakula, ambazo ni laini na rahisi na hazitadhuru ngozi ya nje ya mahindi.<\/li>    <li>Sehemu ya kutenganisha mbegu kutoka kwenye kisiki ina<strong> visu vya kipekee na diski za kukata<\/strong>, ambazo zinaweza kukata kwa urahisi mabua ya mahindi yenye kipenyo tofauti. Blade huzunguka kwa kasi ya juu wakati wa kufanya kazi, ambayo iko karibu na mahindi, na inaweza kushughulikia mabua ya mahindi yaliyopinda. Kikata kinaweza kukata kwa mhimili na kwa miale, ambayo huboresha sana mavuno ya mbegu za mahindi.<\/li> <\/ol>    <figure class=\"wp-block-gallery has-nested-images columns-default is-cropped wp-block-gallery-4 is-layout-flex wp-block-gallery-is-layout-flex\"> <figure class=\"wp-block-image size-large\"><img loading=\"lazy\" decoding=\"async\" width=\"720\" height=\"540\" data-id=\"166\" src=\"https:\/\/corn-machine.com\/wp-content\/uploads\/2022\/09\/Rubber-feed-wheels-.webp\" alt=\"Magurudumu ya kulisha mpira\" class=\"wp-image-166\" title=\"\"><figcaption class=\"wp-element-caption\">Magurudumu ya kulisha mpira<\/figcaption><\/figure>    <figure class=\"wp-block-image size-large\"><img loading=\"lazy\" decoding=\"async\" width=\"720\" height=\"540\" data-id=\"165\" src=\"https:\/\/corn-machine.com\/wp-content\/uploads\/2022\/09\/inner-blades-of-the-sweet-corn-sheller-machine.webp\" alt=\"visu vya ndani vya mashine ya kubambua mahindi matamu\" class=\"wp-image-165\" title=\"\"><figcaption class=\"wp-element-caption\">visu vya ndani vya mashine ya kubambua mahindi matamu<\/figcaption><\/figure> <\/figure>    <p>Huu hapa ni muundo wa kina wa ndani wa bambu la kisu. na bambu la kisu, ambalo ndilo sehemu muhimu zaidi ya mashine hii ya kutwangulia mahindi safi ya chuma cha pua. Sehemu inayofuata itakuonyesha jinsi ya kutunza mashine kama hiyo, na unapokumbana na matatizo fulani wakati wa kuitumia, jinsi ya kuyatatua.<\/p>    <figure class=\"wp-block-gallery has-nested-images columns-default is-cropped wp-block-gallery-5 is-layout-flex wp-block-gallery-is-layout-flex\"> <figure class=\"wp-block-image size-large\"><img loading=\"lazy\" decoding=\"async\" width=\"720\" height=\"540\" data-id=\"857\" src=\"https:\/\/corn-machine.com\/wp-content\/uploads\/2022\/09\/structure-of-blade.webp\" alt=\"muundo wa kisu cha mashine ya kutwangulia mahindi safi\" class=\"wp-image-857\" title=\"\" srcset=\"https:\/\/corn-machine.com\/wp-content\/uploads\/2022\/09\/structure-of-blade.webp 720w, https:\/\/corn-machine.com\/wp-content\/uploads\/2022\/09\/structure-of-blade-300x225.webp 300w, https:\/\/corn-machine.com\/wp-content\/uploads\/2022\/09\/structure-of-blade-16x12.webp 16w\" sizes=\"auto, (max-width: 720px) 100vw, 720px\" \/><figcaption class=\"wp-element-caption\">muundo wa kisu<\/figcaption><\/figure>    <figure class=\"wp-block-image size-large\"><img loading=\"lazy\" decoding=\"async\" width=\"720\" height=\"540\" data-id=\"856\" src=\"https:\/\/corn-machine.com\/wp-content\/uploads\/2022\/09\/structure-of-blade-plate.webp\" alt=\"muundo wa bambu la kisu la mashine ya kubambua mahindi matamu\" class=\"wp-image-856\" title=\"\" srcset=\"https:\/\/corn-machine.com\/wp-content\/uploads\/2022\/09\/structure-of-blade-plate.webp 720w, https:\/\/corn-machine.com\/wp-content\/uploads\/2022\/09\/structure-of-blade-plate-300x225.webp 300w, https:\/\/corn-machine.com\/wp-content\/uploads\/2022\/09\/structure-of-blade-plate-16x12.webp 16w\" sizes=\"auto, (max-width: 720px) 100vw, 720px\" \/><figcaption class=\"wp-element-caption\">muundo wa bambu la kisu<\/figcaption><\/figure> <\/figure>    <h2 class=\"wp-block-heading\" id=\"h-precaution-of-fresh-corn-sheller\">Tahadhari za matumizi ya mashine ya kuondoa ganda ya mahindi mapya<\/h2>    <ol class=\"wp-block-list\"> <li>Vitunzi vya mahindi vinavyotumika kwa ajili ya kutwangulia lazima viondolewe maganda ya nje na nywele zake kabla havijawekwa kwenye mashine.<\/li>    <li>Baada ya kazi ya kila siku, wafanyakazi lazima wasafishe bambu la kisu na sehemu za kulisha na kutoa kwa wakati ili kuzuia juisi nyingi za mahindi kushikamana na kuziba na kupunguza ufanisi wa kukata.<\/li>    <li>Kwa athari bora ya kubambua, mahindi yanapaswa kuwa yasiyoharibika, na sehemu ya juu ya mahindi inapaswa kuondolewa. Zaidi ya hayo, urefu wa mahindi matamu unapaswa kuwa zaidi ya 8 cm.<\/li>    <li>Opereta anapaswa kufuata utaratibu sahihi wa kulisha ili kuruhusu mahindi kulishwa kwa usawa kwenye mnyororo wa kulisha. Iwapo kutakuwa na ufungaji wa kulisha unaoendelea, tafadhali mjulishe wafanyakazi wa matengenezo waliobobea mara moja.<\/li>    <li>H\u00e4nder eller andra icke-fodretillg\u00e5ngar f\u00e5r inte placeras p\u00e5 f\u00f6dos\u00f6ppningen. Annars kommer sk\u00e4rbladen i den f\u00e4rska majskrossmaskinen att orsaka personskada, och maskinen kommer att skadas allvarligt.<\/li>    <li>Ili kuhakikisha usalama wa wafanyakazi na uendeshaji wa mashine ndogo ya kutwangulia mahindi, wafanyakazi waliofunzwa tu ndio wanaoruhusiwa kuiendesha, kuirekebisha, na kuitunza.<\/li> <\/ol>    <h2 class=\"wp-block-heading\" id=\"h-faqs-of-corn-thresher-machine\">Maswali Yaliyojulikana Kuhusu Mashine ya Kuondoa Ganda ya Mahindi ya Waxy<\/h2>   <div id=\"rank-math-faq\" class=\"rank-math-block\"> <div class=\"rank-math-list\"> <div id=\"faq-question-1755068693566\" class=\"rank-math-list-item\"> <h3 class=\"rank-math-question\">Je, kina cha kukata mahindi kinaweza kudhibitiwa?<\/h3> <div class=\"rank-math-answer\">  <p>Ja, det beror p\u00e5 frekvensomvandlaren, som alltid \u00e4r inst\u00e4lld p\u00e5 40Hz-60Hz. Och ju snabbare knivens hastighet, desto djupare sk\u00e4rs majsenk\u00e4rnorna.<\/p>  <\/div> <\/div> <div id=\"faq-question-1755068868137\" class=\"rank-math-list-item\"> <h3 class=\"rank-math-question\">Kan hastigheten p\u00e5 maskinens bearbetning av majs kontrolleras?<\/h3> <div class=\"rank-math-answer\">  <p>Ndiyo, kasi ya mzunguko wa visu inadhibitiwa na inverter, na kasi ya kipekee ni ya kudumu.<\/p>  <\/div> <\/div> <div id=\"faq-question-1755069077497\" class=\"rank-math-list-item\"> <h3 class=\"rank-math-question\">Vad ska jag g\u00f6ra om matningsprocessen \u00e4r blockerad?<\/h3> <div class=\"rank-math-answer\">  <p>If the machine is blocked or jammed with corn, you should stop the machine first and then press the reverse button to let the corn exit in reverse.<\/p>  <\/div> <\/div> <div id=\"faq-question-1755069228426\" class=\"rank-math-list-item\"> <h3 class=\"rank-math-question\">Bei gani ya kikunaji cha mahindi matamu?<\/h3> <div class=\"rank-math-answer\">  <p>Gharama ya mashine hii ni dola elfu chache, na itaongeza bei ya usafirishaji, upakiaji, na vifaa vingine vilivyobinafsishwa.<\/p>  <\/div> <\/div> <\/div> <\/div>   <h2 class=\"wp-block-heading\"><strong>Itagharimu kiasi gani ikiwa unataka kununua mashine ya kuondoa ganda ya mahindi mapya?<\/strong><\/h2>    <p>Behewa nzima itakuwa na gharama ya maelfu kadhaa ya dola, ambayo inajumuisha gharama za usafirishaji, bei ya mashine yenyewe, na sehemu zingine za kuvaa. Lakini tunatoa usafirishaji wa kimataifa na hata usafirishaji wa mlango kwa mlango.<\/p>    <p>V\u00e5r sp\u00e4nning kan anpassas efter olika regioner, och kostnaden \u00e4r mindre \u00e4n $200. Normalt, inom 7 arbetsdagar efter mottagen betalning, kommer v\u00e5r fabrik att p\u00e5b\u00f6rja produktionen av maskinen. Men om du inte har m\u00e5nga s\u00e4rskilda behov f\u00f6r maskinen, har vi lager f\u00f6r n\u00f6dsituationer.<\/p>    <p>Om du vill f\u00e5 gratis konsultationer om exakta priser f\u00f6r denna typ av Fresh corn sheller maskin, tveka inte att kontakta oss!<\/p>","protected":false},"excerpt":{"rendered":"<p>Bila bila madhara kwa nafaka za mahindi, mashine hii ya kuondoa ganda la mahindi itasaidia mchakato wa tasnia ya chakula cha mahindi.<\/p>","protected":false},"author":1,"featured_media":56,"parent":0,"template":"","tags":[20],"product-type":[42],"class_list":["post-54","product","type-product","status-publish","has-post-thumbnail","hentry","tag-corn-thresher","product-type-maize-sheller-machine"],"_links":{"self":[{"href":"https:\/\/corn-machine.com\/sw\/wp-json\/wp\/v2\/product\/54","targetHints":{"allow":["GET"]}}],"collection":[{"href":"https:\/\/corn-machine.com\/sw\/wp-json\/wp\/v2\/product"}],"about":[{"href":"https:\/\/corn-machine.com\/sw\/wp-json\/wp\/v2\/types\/product"}],"author":[{"embeddable":true,"href":"https:\/\/corn-machine.com\/sw\/wp-json\/wp\/v2\/users\/1"}],"wp:featuredmedia":[{"embeddable":true,"href":"https:\/\/corn-machine.com\/sw\/wp-json\/wp\/v2\/media\/56"}],"wp:attachment":[{"href":"https:\/\/corn-machine.com\/sw\/wp-json\/wp\/v2\/media?parent=54"}],"wp:term":[{"taxonomy":"post_tag","embeddable":true,"href":"https:\/\/corn-machine.com\/sw\/wp-json\/wp\/v2\/tags?post=54"},{"taxonomy":"product-type","embeddable":true,"href":"https:\/\/corn-machine.com\/sw\/wp-json\/wp\/v2\/product-type?post=54"}],"curies":[{"name":"[\"wp\"]","href":"https:\/\/api.w.org\/{rel}","templated":true}]}}