{"id":567,"date":"2025-07-07T14:49:18","date_gmt":"2025-07-07T06:49:18","guid":{"rendered":"https:\/\/corn-machine.com\/?post_type=product&#038;p=567"},"modified":"2025-07-17T11:41:51","modified_gmt":"2025-07-17T03:41:51","slug":"stainless-steel-flour-mill-machine","status":"publish","type":"product","link":"https:\/\/corn-machine.com\/sw\/product\/stainless-steel-flour-mill-machine\/","title":{"rendered":"Mashine ya Kusagia unga ya Chuma cha pua kwa ajili ya usindikaji wa Chakula"},"content":{"rendered":"<p>Mashine ya kusaga unga ya chuma cha kukojolea hutumia chuma cha kukojolea cha kiwango cha chakula kama nyenzo kusindika nafaka zinazoweza kuliwa, viungo, na mimea kuwa unga wa akiba tofauti. Imewekwa na aina tofauti za skrini kuamua mesh inayotakiwa. (20-120 mesh inaweza kuchaguliwa)<\/p>    <p>Kwa mfumo rahisi wa kudhibiti uendeshaji, kinu cha kusaga chakula cha umeme huendeshwa kwa ufasaha na hutoa kelele kidogo. Lakini kipengele hiki hakina athari kwa uwezo wake wa uzalishaji, ambao unaweza kutofautiana kutoka kilo 10\/h hadi kilo 1500\/h.<\/p>    <figure class=\"wp-block-embed is-type-video is-provider-youtube wp-block-embed-youtube wp-embed-aspect-16-9 wp-has-aspect-ratio\"><div class=\"wp-block-embed__wrapper\"> <iframe loading=\"lazy\" title=\"Maskin f\u00f6r mj\u00f6lkvarning i livsmedelsklass av rostfritt st\u00e5l maler pulver fint och effektivt #graingrinder\" width=\"500\" height=\"281\" src=\"https:\/\/www.youtube.com\/embed\/j6OkycYfHPk?feature=oembed\" frameborder=\"0\" allow=\"accelerometer; autoplay; clipboard-write; encrypted-media; gyroscope; picture-in-picture; web-share\" referrerpolicy=\"strict-origin-when-cross-origin\" allowfullscreen><\/iframe> <\/div><figcaption class=\"wp-element-caption\">maelezo ya mchakato wa kusaga<\/figcaption><\/figure>    <h2 class=\"wp-block-heading\"><strong>Mambo Muhimu ya Mashine ya Kusaga Unga ya Chuma cha Kukojoa<\/strong><\/h2>    <ul class=\"wp-block-list\"> <li>Mashine hii ya kusaga nafaka imetengenezwa kwa chuma cha kukojolea 304, hivyo inaweza kufikia viwango vya kiwango cha chakula ili kuhakikisha ubora wa chakula kilichosindikwa.<\/li>    <li>Ina matumizi mengi. Kwa mfano, inaweza kusaga nafaka, maharagwe, na hata viungo. Uwezo unaweza kurekebishwa ili kukidhi mahitaji tofauti ya usindikaji wa chakula.<\/li>    <li>Mashine ya kusaga unga ya chuma cha kukojolea ni rahisi kusafisha na kudumisha, na uso wake laini unakandamiza ukuaji wa bakteria.<\/li> <\/ul>   <div class=\"wp-block-image\"> <figure class=\"aligncenter size-full\"><img loading=\"lazy\" decoding=\"async\" width=\"720\" height=\"540\" src=\"https:\/\/corn-machine.com\/wp-content\/uploads\/2025\/07\/different-types-of-stainless-steel-food-grinder-machine.webp\" alt=\"aina tofauti za mashine ya kusaga chakula ya chuma cha kukojolea kwa usindikaji wa chakula\" class=\"wp-image-579\" title=\"\" srcset=\"https:\/\/corn-machine.com\/wp-content\/uploads\/2025\/07\/different-types-of-stainless-steel-food-grinder-machine.webp 720w, https:\/\/corn-machine.com\/wp-content\/uploads\/2025\/07\/different-types-of-stainless-steel-food-grinder-machine-300x225.webp 300w, https:\/\/corn-machine.com\/wp-content\/uploads\/2025\/07\/different-types-of-stainless-steel-food-grinder-machine-16x12.webp 16w\" sizes=\"auto, (max-width: 720px) 100vw, 720px\" \/><figcaption class=\"wp-element-caption\">aina tofauti za mashine za kusaga chakula za chuma cha kukojolea<\/figcaption><\/figure> <\/div>   <h2 class=\"wp-block-heading\"><strong>Ni Vitu Gani Vinavyoweza Kusagwa?<\/strong><\/h2>    <p>Mashine hii ya kusaga unga ya chuma cha kukojolea ina chaguo nyingi za usindikaji wa nyenzo. Na inaweza kubadilisha sifa ili kudhibiti ukubwa wa unga kutoka 20 hadi 120 mesh.<\/p>    <p class=\"translation-block\">Inaweza kusaga nafaka nyingi, kama mahindi, mtama, shayiri, <a href=\"https:\/\/en.wikipedia.org\/wiki\/Buckwheat\" target=\"_blank\" rel=\"noopener\">buckwheat<\/a>, ngano, shayiri, na mengineyo. Bidhaa zinaweza kuuzwa moja kwa moja kwenye masoko ya uzalishaji au supermarket kwa bei nzuri. <\/p>    <p>Viungo vinaweza bado kusagwa kuwa unga mwembamba kwa kutumia mashine hii ya kusaga nafaka, kama unga wa pilipili ni maarufu katika maeneo mengine kwa kupika chakula. <\/p>    <p>Usindikaji wa kahawa kwa kiwango kikubwa pia ni fursa nzuri ya biashara kwa wale wanaotafuta kuzalisha unga wa kahawa wa hali ya juu kwa ajili ya kuuza. Mashine hii inaweza kusaidia kufikia mipango yako.<\/p>   <div class=\"wp-block-image\"> <figure class=\"aligncenter size-full\"><img loading=\"lazy\" decoding=\"async\" width=\"720\" height=\"540\" src=\"https:\/\/corn-machine.com\/wp-content\/uploads\/2025\/07\/raw-materials-and-the-final-products.webp\" alt=\"nyenzo ghafi na bidhaa za mwisho zilizosindikwa\" class=\"wp-image-584\" title=\"\" srcset=\"https:\/\/corn-machine.com\/wp-content\/uploads\/2025\/07\/raw-materials-and-the-final-products.webp 720w, https:\/\/corn-machine.com\/wp-content\/uploads\/2025\/07\/raw-materials-and-the-final-products-300x225.webp 300w, https:\/\/corn-machine.com\/wp-content\/uploads\/2025\/07\/raw-materials-and-the-final-products-16x12.webp 16w\" sizes=\"auto, (max-width: 720px) 100vw, 720px\" \/><figcaption class=\"wp-element-caption\">nyenzo ghafi na bidhaa za mwisho<\/figcaption><\/figure> <\/div>   <h2 class=\"wp-block-heading\"><strong>Muundo wa Mashine ya Kusaga Chakula<\/strong><\/h2>    <p>Kuna sehemu 6 za muundo wa nje wa mashine ya kusaga unga ya chuma cha kukojolea: ingizo, marekebisho ya kasi, kufunga nati, cavity ya kusaga, kitufe cha swichi, na kutoka.<\/p>   <div class=\"wp-block-image\"> <figure class=\"aligncenter size-full\"><img loading=\"lazy\" decoding=\"async\" width=\"720\" height=\"540\" src=\"https:\/\/corn-machine.com\/wp-content\/uploads\/2025\/07\/the-structure-of-stainless-steel-milling-machine.webp\" alt=\"maelezo ya muundo wa mashine ya kusaga chuma cha kukojolea\" class=\"wp-image-578\" title=\"\" srcset=\"https:\/\/corn-machine.com\/wp-content\/uploads\/2025\/07\/the-structure-of-stainless-steel-milling-machine.webp 720w, https:\/\/corn-machine.com\/wp-content\/uploads\/2025\/07\/the-structure-of-stainless-steel-milling-machine-300x225.webp 300w, https:\/\/corn-machine.com\/wp-content\/uploads\/2025\/07\/the-structure-of-stainless-steel-milling-machine-16x12.webp 16w\" sizes=\"auto, (max-width: 720px) 100vw, 720px\" \/><figcaption class=\"wp-element-caption\">muundo wa mashine ya kusaga chuma cha kukojolea<\/figcaption><\/figure> <\/div>   <h2 class=\"wp-block-heading\"><strong>Aina Tofauti za Muundo wa Ndani<\/strong><\/h2>    <p>Aina tofauti zina muundo karibu sawa, lakini kuna aina nne za muundo wa ndani kama ifuatavyo. <\/p>    <p>Tulifanya aina za blade, aina za nyundo, aina za sprocket, na aina za turbo kwa mahitaji tofauti ya kusaga. Yote yanaweza kusindika sehemu nyingi za nyenzo sawa, hivyo tunatoa chaguzi kwa watu wenye mahitaji maalum.<\/p>    <figure class=\"wp-block-gallery has-nested-images columns-2 is-cropped wp-block-gallery-2 is-layout-flex wp-block-gallery-is-layout-flex\"> <figure class=\"wp-block-image size-large\"><img loading=\"lazy\" decoding=\"async\" width=\"720\" height=\"540\" data-id=\"570\" src=\"https:\/\/corn-machine.com\/wp-content\/uploads\/2025\/07\/blade-type.webp\" alt=\"aina ya blade ya mashine ya kusaga unga ya chuma cha kukojolea\" class=\"wp-image-570\" title=\"\" srcset=\"https:\/\/corn-machine.com\/wp-content\/uploads\/2025\/07\/blade-type.webp 720w, https:\/\/corn-machine.com\/wp-content\/uploads\/2025\/07\/blade-type-300x225.webp 300w, https:\/\/corn-machine.com\/wp-content\/uploads\/2025\/07\/blade-type-16x12.webp 16w\" sizes=\"auto, (max-width: 720px) 100vw, 720px\" \/><figcaption class=\"wp-element-caption\">aina ya blade<\/figcaption><\/figure>    <figure class=\"wp-block-image size-large\"><img loading=\"lazy\" decoding=\"async\" width=\"720\" height=\"540\" data-id=\"571\" src=\"https:\/\/corn-machine.com\/wp-content\/uploads\/2025\/07\/cross-hammer-type.webp\" alt=\"aina ya nyundo ya mashine ya kusaga unga ya chuma cha kukojolea\" class=\"wp-image-571\" title=\"\" srcset=\"https:\/\/corn-machine.com\/wp-content\/uploads\/2025\/07\/cross-hammer-type.webp 720w, https:\/\/corn-machine.com\/wp-content\/uploads\/2025\/07\/cross-hammer-type-300x225.webp 300w, https:\/\/corn-machine.com\/wp-content\/uploads\/2025\/07\/cross-hammer-type-16x12.webp 16w\" sizes=\"auto, (max-width: 720px) 100vw, 720px\" \/><figcaption class=\"wp-element-caption\">aina ya nyundo<\/figcaption><\/figure>    <figure class=\"wp-block-image size-large\"><img loading=\"lazy\" decoding=\"async\" width=\"720\" height=\"540\" data-id=\"572\" src=\"https:\/\/corn-machine.com\/wp-content\/uploads\/2025\/07\/sprocket-type.webp\" alt=\"aina ya sprocket ya mashine ya kusaga unga ya chuma cha kukojolea\" class=\"wp-image-572\" title=\"\" srcset=\"https:\/\/corn-machine.com\/wp-content\/uploads\/2025\/07\/sprocket-type.webp 720w, https:\/\/corn-machine.com\/wp-content\/uploads\/2025\/07\/sprocket-type-300x225.webp 300w, https:\/\/corn-machine.com\/wp-content\/uploads\/2025\/07\/sprocket-type-16x12.webp 16w\" sizes=\"auto, (max-width: 720px) 100vw, 720px\" \/><figcaption class=\"wp-element-caption\">aina ya sprocket<\/figcaption><\/figure>    <figure class=\"wp-block-image size-large\"><img loading=\"lazy\" decoding=\"async\" width=\"720\" height=\"540\" data-id=\"573\" src=\"https:\/\/corn-machine.com\/wp-content\/uploads\/2025\/07\/turbo-type.webp\" alt=\"aina ya turbo ya mashine ya kusaga unga ya chuma cha kukojolea\" class=\"wp-image-573\" title=\"\" srcset=\"https:\/\/corn-machine.com\/wp-content\/uploads\/2025\/07\/turbo-type.webp 720w, https:\/\/corn-machine.com\/wp-content\/uploads\/2025\/07\/turbo-type-300x225.webp 300w, https:\/\/corn-machine.com\/wp-content\/uploads\/2025\/07\/turbo-type-16x12.webp 16w\" sizes=\"auto, (max-width: 720px) 100vw, 720px\" \/><figcaption class=\"wp-element-caption\">aina ya turbo<\/figcaption><\/figure> <\/figure>    <p>Kama mashine maarufu ya kinu cha unga cha chuma cha kutupwa, Taizy inaendelea kuiboresha kwa uendeshaji rahisi na viwango vya juu vya uzalishaji wa bidhaa. Ikiwa ungependa kujua maelezo zaidi au una nia ya mashine zetu zingine, usisite kuwasiliana nasi.<\/p>    <h2 class=\"wp-block-heading\"><strong>Kivunza cha Nafaka<\/strong>s<strong> na Mifano Tofauti na Vigezo Vyake<\/strong><\/h2>    <figure class=\"wp-block-table\"><table><tbody><tr><td><strong>Mfano<\/strong><\/td><td class=\"has-text-align-center\" data-align=\"center\">15B<\/td><td class=\"has-text-align-center\" data-align=\"center\">20B<\/td><td class=\"has-text-align-center\" data-align=\"center\">30B<\/td><td class=\"has-text-align-center\" data-align=\"center\">40B<\/td><td class=\"has-text-align-center\" data-align=\"center\">50B<\/td><\/tr><tr><td><strong>Uwezo (kg\/h)<\/strong><\/td><td class=\"has-text-align-center\" data-align=\"center\">10-60<\/td><td class=\"has-text-align-center\" data-align=\"center\">60-150<\/td><td class=\"has-text-align-center\" data-align=\"center\">100-300<\/td><td class=\"has-text-align-center\" data-align=\"center\">160-800<\/td><td class=\"has-text-align-center\" data-align=\"center\">500-1500<\/td><\/tr><tr><td><strong>Ukubwa wa Nyenzo (mm)<\/strong><\/td><td class=\"has-text-align-center\" data-align=\"center\">&lt;8<\/td><td class=\"has-text-align-center\" data-align=\"center\">&lt;8<\/td><td class=\"has-text-align-center\" data-align=\"center\">&lt;10<\/td><td class=\"has-text-align-center\" data-align=\"center\">&lt;12<\/td><td class=\"has-text-align-center\" data-align=\"center\">&lt;14<\/td><\/tr><tr><td><strong>Ufinyu (mesh)<\/strong><\/td><td class=\"has-text-align-center\" data-align=\"center\">20-120<\/td><td class=\"has-text-align-center\" data-align=\"center\">20-120<\/td><td class=\"has-text-align-center\" data-align=\"center\">20-120<\/td><td class=\"has-text-align-center\" data-align=\"center\">20-120<\/td><td class=\"has-text-align-center\" data-align=\"center\">20-120<\/td><\/tr><tr><td><strong>Nguvu (kw)<\/strong><\/td><td class=\"has-text-align-center\" data-align=\"center\">2.2<\/td><td class=\"has-text-align-center\" data-align=\"center\">4<\/td><td class=\"has-text-align-center\" data-align=\"center\">7.5<\/td><td class=\"has-text-align-center\" data-align=\"center\">11<\/td><td class=\"has-text-align-center\" data-align=\"center\">18.5<\/td><\/tr><tr><td><strong>Kasi ya kuzunguka (r\/min)<\/strong><\/td><td class=\"has-text-align-center\" data-align=\"center\">6000<\/td><td class=\"has-text-align-center\" data-align=\"center\">4500<\/td><td class=\"has-text-align-center\" data-align=\"center\">3800<\/td><td class=\"has-text-align-center\" data-align=\"center\">3400<\/td><td class=\"has-text-align-center\" data-align=\"center\">3200<\/td><\/tr><tr><td><strong>Nguvu (kW)<\/strong><\/td><td class=\"has-text-align-center\" data-align=\"center\">550*6000*1000<\/td><td class=\"has-text-align-center\" data-align=\"center\">600*550*1250<\/td><td class=\"has-text-align-center\" data-align=\"center\">700*600*1450<\/td><td class=\"has-text-align-center\" data-align=\"center\">900*800*1550<\/td><td class=\"has-text-align-center\" data-align=\"center\">1000*900*1680<\/td><\/tr><tr><td><strong>Uzito (kg)<\/strong><\/td><td class=\"has-text-align-center\" data-align=\"center\">150<\/td><td class=\"has-text-align-center\" data-align=\"center\">280<\/td><td class=\"has-text-align-center\" data-align=\"center\">340<\/td><td class=\"has-text-align-center\" data-align=\"center\">450<\/td><td class=\"has-text-align-center\" data-align=\"center\">530<\/td><\/tr><\/tbody><\/table><figcaption class=\"wp-element-caption\">vigezo vya mashine za kusaga unga za chuma cha kukojolea<\/figcaption><\/figure>    <h2 class=\"wp-block-heading\"><strong>Ni Nini Tofauti Kati ya Mashine ya Kusaga Unga ya Chuma cha Kukojoa na Aina Nyingine za Kawaida?<\/strong><\/h2>    <ul class=\"wp-block-list\"> <li>Mashine ya kusaga unga ya chuma cha kukojolea ina upinzani wa kutu zaidi kuliko mashine nyingine zenye kazi sawa. Hivyo ni rahisi kusafisha, na huna haja ya kuwa na wasiwasi kuhusu kutu.<\/li>    <li>Chuma cha kukojolea chenye uso laini, hivyo hakiwezi kuzuia bakteria kwa urahisi wakati wa kusindika bidhaa.<\/li>    <li>Chuma cha kukojolea kina ugumu na ugumu bora, hivyo mashine ya kusaga chakula ina maisha marefu na ya kudumu.<\/li> <\/ul>    <figure class=\"wp-block-gallery has-nested-images columns-default is-cropped wp-block-gallery-3 is-layout-flex wp-block-gallery-is-layout-flex\"> <figure class=\"wp-block-image size-full\"><img loading=\"lazy\" decoding=\"async\" width=\"720\" height=\"540\" data-id=\"582\" src=\"https:\/\/corn-machine.com\/wp-content\/uploads\/2025\/07\/the-normal-style-of-stainless-steel-flour-mill-machine.webp\" alt=\"mtindo wa kawaida wa mashine ya kusaga unga ya chuma cha kukojolea kwa kusaga vifaa vya chakula\" class=\"wp-image-582\" title=\"\" srcset=\"https:\/\/corn-machine.com\/wp-content\/uploads\/2025\/07\/the-normal-style-of-stainless-steel-flour-mill-machine.webp 720w, https:\/\/corn-machine.com\/wp-content\/uploads\/2025\/07\/the-normal-style-of-stainless-steel-flour-mill-machine-300x225.webp 300w, https:\/\/corn-machine.com\/wp-content\/uploads\/2025\/07\/the-normal-style-of-stainless-steel-flour-mill-machine-16x12.webp 16w\" sizes=\"auto, (max-width: 720px) 100vw, 720px\" \/><figcaption class=\"wp-element-caption\">mtindo wa kawaida wa mashine ya kusaga unga ya chuma cha kukojolea<\/figcaption><\/figure>    <figure class=\"wp-block-image size-full\"><img loading=\"lazy\" decoding=\"async\" width=\"720\" height=\"540\" data-id=\"583\" src=\"https:\/\/corn-machine.com\/wp-content\/uploads\/2025\/07\/the-stainless-steel-style-of-stainless-steel-flour-mill.webp\" alt=\"mtindo wa chuma cha kukojolea wa mashine ya kusaga unga ya chuma cha kukojolea kwa usindikaji wa chakula.\" class=\"wp-image-583\" title=\"\" srcset=\"https:\/\/corn-machine.com\/wp-content\/uploads\/2025\/07\/the-stainless-steel-style-of-stainless-steel-flour-mill.webp 720w, https:\/\/corn-machine.com\/wp-content\/uploads\/2025\/07\/the-stainless-steel-style-of-stainless-steel-flour-mill-300x225.webp 300w, https:\/\/corn-machine.com\/wp-content\/uploads\/2025\/07\/the-stainless-steel-style-of-stainless-steel-flour-mill-16x12.webp 16w\" sizes=\"auto, (max-width: 720px) 100vw, 720px\" \/><figcaption class=\"wp-element-caption\">mtindo wa chuma cha kukojolea wa mashine ya kusaga unga ya chuma cha kukojolea<\/figcaption><\/figure> <\/figure>    <p class=\"translation-block\">Mashine ya kusaga nafaka ya chuma cha kukojolea ni bora zaidi kwa kusaga nafaka, viungo, na bidhaa zingine zinazoweza kusagwa. Mashine ya kawaida ya kusaga inaweza kushughulikia bidhaa kubwa zaidi au chakula kwa ajili ya kuuza. Tuna <a href=\"https:\/\/corn-machine.com\/sw\/product\/small-maize-grinding-machine\/\">mashine za disk<\/a>, <a href=\"https:\/\/corn-machine.com\/sw\/product\/hammer-mill-grinder-for-corn\/\">mashine za kusaga kwa nyundo<\/a>, na aina zingine za mashine za kilimo kwa ajili ya kuuza. Bonyeza, na pata maelezo zaidi.<\/p>","protected":false},"excerpt":{"rendered":"<p>Mifumo ya kusaga unga ya chuma isiyo na kutu inazalisha bidhaa za unga za kiwango cha chakula. Vifaa vya usahihi wa juu vinamwezesha kutengeneza chembe za 20-120 mesh kwa uwezo unaotofautiana kati ya 10 kg\/h hadi 1500 kg\/h.<\/p>","protected":false},"author":1,"featured_media":569,"parent":0,"template":"","tags":[32],"product-type":[43],"class_list":["post-567","product","type-product","status-publish","has-post-thumbnail","hentry","tag-corn-flour","product-type-maize-grinding-mill-machine"],"_links":{"self":[{"href":"https:\/\/corn-machine.com\/sw\/wp-json\/wp\/v2\/product\/567","targetHints":{"allow":["GET"]}}],"collection":[{"href":"https:\/\/corn-machine.com\/sw\/wp-json\/wp\/v2\/product"}],"about":[{"href":"https:\/\/corn-machine.com\/sw\/wp-json\/wp\/v2\/types\/product"}],"author":[{"embeddable":true,"href":"https:\/\/corn-machine.com\/sw\/wp-json\/wp\/v2\/users\/1"}],"wp:featuredmedia":[{"embeddable":true,"href":"https:\/\/corn-machine.com\/sw\/wp-json\/wp\/v2\/media\/569"}],"wp:attachment":[{"href":"https:\/\/corn-machine.com\/sw\/wp-json\/wp\/v2\/media?parent=567"}],"wp:term":[{"taxonomy":"post_tag","embeddable":true,"href":"https:\/\/corn-machine.com\/sw\/wp-json\/wp\/v2\/tags?post=567"},{"taxonomy":"product-type","embeddable":true,"href":"https:\/\/corn-machine.com\/sw\/wp-json\/wp\/v2\/product-type?post=567"}],"curies":[{"name":"[\"wp\"]","href":"https:\/\/api.w.org\/{rel}","templated":true}]}}