{"id":57,"date":"2022-09-06T07:17:43","date_gmt":"2022-09-05T23:17:43","guid":{"rendered":"https:\/\/corn-machine.com\/?post_type=product&#038;p=57"},"modified":"2025-07-23T18:28:54","modified_gmt":"2025-07-23T10:28:54","slug":"automatic-corn-sheller","status":"publish","type":"product","link":"https:\/\/corn-machine.com\/sw\/product\/automatic-corn-sheller\/","title":{"rendered":"Kikoboa Mahindi Kiotomatiki | Mashine ya Kutwanga Mahindi"},"content":{"rendered":"<p class=\"translation-block\">M\u00e1quina autom\u00e1tica de desgranado de ma\u00edz est\u00e1 dise\u00f1ada para ma\u00edz secado al sol y es adecuada para plantas de procesamiento de granos y agricultores de todos los tama\u00f1os. La desgranadora de ma\u00edz puede desbravar r\u00e1pidamente el ma\u00edz seco, y los granos secos pueden convertirse en harina de ma\u00edz, s\u00e9mola o venderse directamente. Adem\u00e1s, si sus materias primas son ma\u00edz dulce fresco, tambi\u00e9n tenemos<a href=\"https:\/\/corn-machine.com\/sw\/product\/fresh-corn-sheller-machine\/\"> una desgranadora de ma\u00edz fresca <\/a>para la venta. La desgranadora de ma\u00edz puede ser impulsada por un motor di\u00e9sel o el\u00e9ctrico seg\u00fan las exigencias de los clientes. Cont\u00e1ctenos ahora y d\u00edganos lo que necesita.<\/p>   <div class=\"wp-block-image\"> <figure class=\"aligncenter size-full\"><img loading=\"lazy\" decoding=\"async\" width=\"720\" height=\"540\" src=\"https:\/\/corn-machine.com\/wp-content\/uploads\/2022\/09\/maize-shelling-machine.webp\" alt=\"mashine ya kumenya mahindi\" class=\"wp-image-173\" title=\"\"><figcaption class=\"wp-element-caption\">mashine ya kumenya mahindi<\/figcaption><\/figure> <\/div>  <div class=\"wp-block-image\"> <figure class=\"aligncenter size-full\"><img loading=\"lazy\" decoding=\"async\" width=\"720\" height=\"540\" src=\"https:\/\/corn-machine.com\/wp-content\/uploads\/2022\/09\/automatic-corn-sheller-machine-.webp\" alt=\"mashine ya kukausha mahindi kiotomatiki\" class=\"wp-image-171\" title=\"\"><figcaption class=\"wp-element-caption\">mashine ya kukausha mahindi kiotomatiki<\/figcaption><\/figure> <\/div>   <h2 class=\"wp-block-heading\" id=\"h-introduction-of-maize-shelling-machine\">Utangulizi wa mashine ya kumenya mahindi<\/h2>    <p>Mashine ya kumenya mahindi inaundwa zaidi na hopa ya kulishia, kifaa cha ndani cha kumenya, lifti, feni, mfumo wa kutenganisha hewa kama vile kipumulio cha maganda, kichujio cha kusafisha kinachotetemeka, fremu, mfumo wa usafirishaji na kadhalika. Ukanda wa usafirishaji hupeleka mahindi kwenye kifaa cha kumenya, na baada ya kumalizika kwa kumenya, uchafu hupulizwa nje na feni kutoka kwenye sehemu ya kutoa vumbi. Kisha kokwa za mahindi hutolewa kutoka kwenye sehemu ya kutolea. Baada ya kumenya, mahindi yana ubora wa juu na hayana uchafu.<\/p>    <figure class=\"wp-block-gallery has-nested-images columns-default is-cropped wp-block-gallery-2 is-layout-flex wp-block-gallery-is-layout-flex\"> <figure class=\"wp-block-image size-large\"><img loading=\"lazy\" decoding=\"async\" width=\"720\" height=\"540\" data-id=\"174\" src=\"https:\/\/corn-machine.com\/wp-content\/uploads\/2022\/09\/the-threshed-corn-cob-is-clean.webp\" alt=\"kokwa za mahindi zilizomenywa ni safi\" class=\"wp-image-174\" title=\"\"><figcaption class=\"wp-element-caption\">kokwa za mahindi zilizomenywa ni safi<\/figcaption><\/figure>    <figure class=\"wp-block-image size-large\"><img loading=\"lazy\" decoding=\"async\" width=\"720\" height=\"540\" data-id=\"172\" src=\"https:\/\/corn-machine.com\/wp-content\/uploads\/2022\/09\/final-product-of-automatic-corn-sheller-machine-.webp\" alt=\"bidhaa ya mwisho ya mashine ya kukausha mahindi kiotomatiki\" class=\"wp-image-172\" title=\"\"><figcaption class=\"wp-element-caption\">bidhaa ya mwisho ya mashine ya kukausha mahindi kiotomatiki<\/figcaption><\/figure> <\/figure>    <h2 class=\"wp-block-heading\">Video ya kufanya kazi ya kumenya mahindi kiotomatiki<\/h2>    <figure class=\"wp-block-embed is-type-video is-provider-youtube wp-block-embed-youtube wp-embed-aspect-16-9 wp-has-aspect-ratio\"><div class=\"wp-block-embed__wrapper\"> <iframe loading=\"lazy\" title=\"\ud83c\udf3d\ud83d\ude9cMashine yenye Nguvu ya Kukoboa Nafaka na Kipitisha na Magurudumu Makubwa \u2013 Onyesho la Uondoaji Maganda kwa Ufanisi kwa U!\" width=\"500\" height=\"281\" src=\"https:\/\/www.youtube.com\/embed\/meFYy3_EJbU?feature=oembed\" frameborder=\"0\" allow=\"accelerometer; autoplay; clipboard-write; encrypted-media; gyroscope; picture-in-picture; web-share\" referrerpolicy=\"strict-origin-when-cross-origin\" allowfullscreen><\/iframe> <\/div><figcaption class=\"wp-element-caption\">mchakato wa kazi wa kumenya mahindi kiotomatiki<\/figcaption><\/figure>    <h2 class=\"wp-block-heading\" id=\"h-parameters-of-corn-threshing-machine\">Vigezo vya mashine ya kumenya mahindi<\/h2>    <figure class=\"wp-block-table\"><table><tbody><tr><td>Mfano<\/td><td>TY-80A<\/td><td>TY-80B<\/td><td>TY-80C<\/td><td>TY-80D<\/td><\/tr><tr><td>Nguvu<\/td><td>Injini ya dizeli ya HP 15 au motor ya KW 7.5<\/td><td>Injini ya dizeli ya HP 15 au motor ya KW 7.5<\/td><td>Injini ya dizeli ya HP 15 au motor ya KW 7.5<\/td><td>Injini ya dizeli ya HP 15 au motor ya KW 7.5<\/td><\/tr><tr><td>Uwezo<\/td><td>4t\/h (Mbegu za Mahindi)<\/td><td>5t\/h (Mbegu za Mahindi)<\/td><td>5t\/h (Mbegu za Mahindi)<\/td><td>6t\/h (Mbegu za Mahindi)<\/td><\/tr><tr><td>Kiwango cha kumenya<\/td><td>\u226599.5%<\/td><td>&nbsp;\u226599.5%<\/td><td>\u226599.5%<\/td><td>\u226599.5%<\/td><\/tr><tr><td>Kiwango cha upotevu<\/td><td>\u22642.0%<\/td><td>\u22642.0%<\/td><td>\u22642.0%<\/td><td>\u22642.0%<\/td><\/tr><tr><td>Kiwango cha kuvunjika<\/td><td>\u22641.5%<\/td><td>\u22641.5%<\/td><td>\u22641.5%<\/td><td>\u22641.5%<\/td><\/tr><tr><td>Kiwango cha uchafu<\/td><td>\u22641.0%<\/td><td>\u22641.0%<\/td><td>\u22641.0%<\/td><td>\u22641.0%<\/td><\/tr><tr><td>Uzito<\/td><td>200kg<\/td><td>230kg<\/td><td>320kg<\/td><td>350kg<\/td><\/tr><tr><td>Ukubwa<\/td><td>2360*1360*1480 mm<\/td><td>2360*1360*2000 mm<\/td><td>3860*1360*1480 mm<\/td><td>3860*1360*2480 mm<\/td><\/tr><\/tbody><\/table><figcaption class=\"wp-element-caption\"><br><strong>vigezo vya utendaji<\/strong> ya mashine ya kumenya mahindi<\/figcaption><\/figure>    <h2 class=\"wp-block-heading\" id=\"h-advantages-of-automatic-corn-sheller\">Faida za kumenya mahindi kiotomatiki<\/h2>    <ol class=\"wp-block-list\"> <li>Kiwango cha juu cha kumenya cha mashine kinaweza kufikia 99.5% na uchafu chini ya 1%.<\/li>    <li>Pato la juu la mashine linaweza kusindika tani 4-6 za mahindi kwa saa, ambayo ni kubwa kuliko mashine nyingi sokoni.<\/li>    <li>Mashine imeundwa na hopa ya kulishia kiotomatiki, ambayo inaweza kusafirisha mahindi haraka na kuokoa muda wa kulisha na gharama za wafanyikazi kwa kiasi kikubwa.<\/li>    <li>Mashine inaweza kuongeza magurudumu, rahisi kusonga.<\/li>    <li>Mashine inaweza kutumia motor ya umeme au injini ya dizeli. Kwa maeneo yenye uhaba wa umeme, tunapendekeza kutumia injini ya dizeli kuendesha mashine.<\/li> <\/ol>","protected":false},"excerpt":{"rendered":"<p>The automatic corn sheller machine is designed for sun-dried corn and is suitable for grain processing plants and farmers of all sizes. The maize sheller machine can quickly thresh the dried corn cob, and the dried kernels can be made into cornmeal, grits, or sold directly. Moreover, if your raw materials are fresh sweet maize, [&hellip;]<\/p>\n","protected":false},"author":1,"featured_media":60,"parent":0,"template":"","tags":[17],"product-type":[42],"class_list":["post-57","product","type-product","status-publish","has-post-thumbnail","hentry","tag-corn-threshing-machine","product-type-maize-sheller-machine"],"_links":{"self":[{"href":"https:\/\/corn-machine.com\/sw\/wp-json\/wp\/v2\/product\/57","targetHints":{"allow":["GET"]}}],"collection":[{"href":"https:\/\/corn-machine.com\/sw\/wp-json\/wp\/v2\/product"}],"about":[{"href":"https:\/\/corn-machine.com\/sw\/wp-json\/wp\/v2\/types\/product"}],"author":[{"embeddable":true,"href":"https:\/\/corn-machine.com\/sw\/wp-json\/wp\/v2\/users\/1"}],"wp:featuredmedia":[{"embeddable":true,"href":"https:\/\/corn-machine.com\/sw\/wp-json\/wp\/v2\/media\/60"}],"wp:attachment":[{"href":"https:\/\/corn-machine.com\/sw\/wp-json\/wp\/v2\/media?parent=57"}],"wp:term":[{"taxonomy":"post_tag","embeddable":true,"href":"https:\/\/corn-machine.com\/sw\/wp-json\/wp\/v2\/tags?post=57"},{"taxonomy":"product-type","embeddable":true,"href":"https:\/\/corn-machine.com\/sw\/wp-json\/wp\/v2\/product-type?post=57"}],"curies":[{"name":"[\"wp\"]","href":"https:\/\/api.w.org\/{rel}","templated":true}]}}