{"id":585,"date":"2025-07-08T17:15:22","date_gmt":"2025-07-08T09:15:22","guid":{"rendered":"https:\/\/corn-machine.com\/?post_type=product&#038;p=585"},"modified":"2026-01-09T09:16:20","modified_gmt":"2026-01-09T01:16:20","slug":"mobile-grain-dryer-for-drying-corn-rice","status":"publish","type":"product","link":"https:\/\/corn-machine.com\/sw\/product\/mobile-grain-dryer-for-drying-corn-rice\/","title":{"rendered":"Mashine ya Kukaushia Nafaka Zinazohamishika kwa Mashamba Madogo"},"content":{"rendered":"<p>Kichocheo cha nafaka kinachobebeka ni mashine ndogo ya kukausha nafaka na maharagwe kwa ajili ya kuchakata kilimo. Imetengenezwa kwa chuma cha pua na sehemu ya kupokanzwa chuma kaboni ili kulinda mashine dhidi ya vumbi na kuhakikisha ubora wa mazao yaliyokaushwa.<\/p>    <p>Kuna aina mbili za vikavu vya nafaka vinavyobebeka: bin moja na bin mbili. Toleo lake linaweza kufikia 10T-240T kila siku, na mavuno halisi hutegemea ukubwa wake na kiasi cha bin.<\/p>    <figure class=\"wp-block-embed is-type-video is-provider-youtube wp-block-embed-youtube wp-embed-aspect-16-9 wp-has-aspect-ratio\"><div class=\"wp-block-embed__wrapper\"> <iframe loading=\"lazy\" title=\"Kikaushio cha Nafaka cha Simu chenye Ufanisi wa Juu kwa Kukausha Mahindi na Nafaka Huongeza Ubora wa Mavuno Yako Haraka!\" width=\"500\" height=\"281\" src=\"https:\/\/www.youtube.com\/embed\/ze6FVDt2tgE?feature=oembed\" frameborder=\"0\" allow=\"accelerometer; autoplay; clipboard-write; encrypted-media; gyroscope; picture-in-picture; web-share\" referrerpolicy=\"strict-origin-when-cross-origin\" allowfullscreen><\/iframe> <\/div><figcaption class=\"wp-element-caption\">mchakato wa uendeshaji wa kikaushio cha nafaka cha simu<\/figcaption><\/figure>    <h2 class=\"wp-block-heading\"><strong>Faida za kikaushio cha nafaka kinachobebeka<\/strong><\/h2>    <ul class=\"wp-block-list\"> <li>Ukubwa wake ni mdogo kuliko mnara wa kawaida wa kukaushia, na ni rahisi kusonga. Kwa hivyo, inafaa kwa mipangilio mbalimbali ya matumizi.<\/li>    <li>Kuna njia nyingi za usambazaji wa nishati kwa mashine hii ya kukausha mahindi, kama vile biomasi, makaa ya mawe, dizeli, petroli, gesi, umeme, na <a href=\"https:\/\/en.wikipedia.org\/wiki\/Methanol\" target=\"_blank\" rel=\"noopener\">CH3OH<\/a>.<\/li>    <li>Imeundwa kwa nyenzo za chuma cha pua na upinzani wa juu kwa mazingira na athari bora ya kuua bakteria na kuondoa vumbi.<\/li>    <li>Ni rahisi kufanya shughuli zozote wakati wa mchakato. Kuna kabati la nje la kudhibiti mashine. Unaweza kujua jinsi ya kuitumia kwa msaada wa mwongozo wetu wa maagizo.<\/li> <\/ul>   <div class=\"wp-block-image\"> <figure class=\"aligncenter size-full\"><img loading=\"lazy\" decoding=\"async\" width=\"720\" height=\"540\" src=\"https:\/\/corn-machine.com\/wp-content\/uploads\/2025\/07\/the-cabinet-of-mobile-grain-dryer.webp\" alt=\"kabati ya kikaushio cha nafaka cha simu inayofanya kazi kwa urahisi\" class=\"wp-image-594\" title=\"\" srcset=\"https:\/\/corn-machine.com\/wp-content\/uploads\/2025\/07\/the-cabinet-of-mobile-grain-dryer.webp 720w, https:\/\/corn-machine.com\/wp-content\/uploads\/2025\/07\/the-cabinet-of-mobile-grain-dryer-300x225.webp 300w, https:\/\/corn-machine.com\/wp-content\/uploads\/2025\/07\/the-cabinet-of-mobile-grain-dryer-16x12.webp 16w\" sizes=\"auto, (max-width: 720px) 100vw, 720px\" \/><figcaption class=\"wp-element-caption\">kabati ya kikaushio cha nafaka cha simu<\/figcaption><\/figure> <\/div>   <h2 class=\"wp-block-heading\"><strong>Vigezo vya kikaushio cha mazao<\/strong><\/h2>    <figure class=\"wp-block-gallery has-nested-images columns-default is-cropped wp-block-gallery-2 is-layout-flex wp-block-gallery-is-layout-flex\"> <figure class=\"wp-block-image size-full\"><img loading=\"lazy\" decoding=\"async\" width=\"720\" height=\"540\" data-id=\"592\" src=\"https:\/\/corn-machine.com\/wp-content\/uploads\/2025\/07\/single-bin-of-mobile-grain-dryer.webp\" alt=\"bin moja ya kikaushio cha nafaka cha shamba dogo kwa kukausha nafaka\" class=\"wp-image-592\" title=\"\" srcset=\"https:\/\/corn-machine.com\/wp-content\/uploads\/2025\/07\/single-bin-of-mobile-grain-dryer.webp 720w, https:\/\/corn-machine.com\/wp-content\/uploads\/2025\/07\/single-bin-of-mobile-grain-dryer-300x225.webp 300w, https:\/\/corn-machine.com\/wp-content\/uploads\/2025\/07\/single-bin-of-mobile-grain-dryer-16x12.webp 16w\" sizes=\"auto, (max-width: 720px) 100vw, 720px\" \/><figcaption class=\"wp-element-caption\">bin moja ya kikaushio cha nafaka cha simu<\/figcaption><\/figure>    <figure class=\"wp-block-image size-full\"><img loading=\"lazy\" decoding=\"async\" width=\"720\" height=\"540\" data-id=\"591\" src=\"https:\/\/corn-machine.com\/wp-content\/uploads\/2025\/07\/double-bin-of-mobile-grain-dryer.webp\" alt=\"bin mbili za kikaushio cha nafaka cha shamba dogo kwa kukausha nafaka\" class=\"wp-image-591\" title=\"\" srcset=\"https:\/\/corn-machine.com\/wp-content\/uploads\/2025\/07\/double-bin-of-mobile-grain-dryer.webp 720w, https:\/\/corn-machine.com\/wp-content\/uploads\/2025\/07\/double-bin-of-mobile-grain-dryer-300x225.webp 300w, https:\/\/corn-machine.com\/wp-content\/uploads\/2025\/07\/double-bin-of-mobile-grain-dryer-16x12.webp 16w\" sizes=\"auto, (max-width: 720px) 100vw, 720px\" \/><figcaption class=\"wp-element-caption\">bin mbili za kikaushio cha nafaka cha simu<\/figcaption><\/figure> <\/figure>    <figure class=\"wp-block-table aligncenter\"><table class=\"has-fixed-layout\"><tbody><tr><td class=\"has-text-align-center\" data-align=\"center\">Bin moja<\/td><td class=\"has-text-align-center\" data-align=\"center\">Nguvu (kW)<\/td><td class=\"has-text-align-center\" data-align=\"center\">Uzito (Tani)<\/td><td class=\"has-text-align-center\" data-align=\"center\">Ukubwa (mm)<\/td><td class=\"has-text-align-center\" data-align=\"center\">Nguvu ya conveyor screw (kw)<\/td><td class=\"has-text-align-center\" data-align=\"center\">Nguvu ya shabiki mkuu (kw)<\/td><td class=\"has-text-align-center\" data-align=\"center\">Shabiki wa hewa wa kuendesha (kw)<\/td><td class=\"has-text-align-center\" data-align=\"center\">Toleo (saa 24)<\/td><\/tr><tr><td class=\"has-text-align-center\" data-align=\"center\">1T<\/td><td class=\"has-text-align-center\" data-align=\"center\">8.3<\/td><td class=\"has-text-align-center\" data-align=\"center\">2<\/td><td class=\"has-text-align-center\" data-align=\"center\">4600*1800*3500<\/td><td class=\"has-text-align-center\" data-align=\"center\">\/<\/td><td class=\"has-text-align-center\" data-align=\"center\">\/<\/td><td class=\"has-text-align-center\" data-align=\"center\">\/<\/td><td class=\"has-text-align-center\" data-align=\"center\">10T<\/td><\/tr><tr><td class=\"has-text-align-center\" data-align=\"center\">2T<\/td><td class=\"has-text-align-center\" data-align=\"center\">11<\/td><td class=\"has-text-align-center\" data-align=\"center\">2.8<\/td><td class=\"has-text-align-center\" data-align=\"center\">5100*2000*3800<\/td><td class=\"has-text-align-center\" data-align=\"center\">4<\/td><td class=\"has-text-align-center\" data-align=\"center\">3<\/td><td class=\"has-text-align-center\" data-align=\"center\">0.75<\/td><td class=\"has-text-align-center\" data-align=\"center\">20T<\/td><\/tr><tr><td class=\"has-text-align-center\" data-align=\"center\">4T<\/td><td class=\"has-text-align-center\" data-align=\"center\">19<\/td><td class=\"has-text-align-center\" data-align=\"center\">4.5<\/td><td class=\"has-text-align-center\" data-align=\"center\">5400*2100*3900<\/td><td class=\"has-text-align-center\" data-align=\"center\">7.5<\/td><td class=\"has-text-align-center\" data-align=\"center\">5.5<\/td><td class=\"has-text-align-center\" data-align=\"center\">0.75<\/td><td class=\"has-text-align-center\" data-align=\"center\">40T<\/td><\/tr><tr><td class=\"has-text-align-center\" data-align=\"center\">6T<\/td><td class=\"has-text-align-center\" data-align=\"center\">24<\/td><td class=\"has-text-align-center\" data-align=\"center\">5.3<\/td><td class=\"has-text-align-center\" data-align=\"center\">5600*2100*4300<\/td><td class=\"has-text-align-center\" data-align=\"center\">7.5<\/td><td class=\"has-text-align-center\" data-align=\"center\">7.5<\/td><td class=\"has-text-align-center\" data-align=\"center\">0.75<\/td><td class=\"has-text-align-center\" data-align=\"center\">60T<\/td><\/tr><tr><td class=\"has-text-align-center\" data-align=\"center\">8T<\/td><td class=\"has-text-align-center\" data-align=\"center\">28<\/td><td class=\"has-text-align-center\" data-align=\"center\">6.5<\/td><td class=\"has-text-align-center\" data-align=\"center\">6000*2100*5800<\/td><td class=\"has-text-align-center\" data-align=\"center\">7.5<\/td><td class=\"has-text-align-center\" data-align=\"center\">7.5<\/td><td class=\"has-text-align-center\" data-align=\"center\">0.75<\/td><td class=\"has-text-align-center\" data-align=\"center\">80T<\/td><\/tr><tr><td class=\"has-text-align-center\" data-align=\"center\">10T<\/td><td class=\"has-text-align-center\" data-align=\"center\">32<\/td><td class=\"has-text-align-center\" data-align=\"center\">7.4<\/td><td class=\"has-text-align-center\" data-align=\"center\">6200*2100*6400<\/td><td class=\"has-text-align-center\" data-align=\"center\">7.5<\/td><td class=\"has-text-align-center\" data-align=\"center\">7.5<\/td><td class=\"has-text-align-center\" data-align=\"center\">1.5<\/td><td class=\"has-text-align-center\" data-align=\"center\">100T<\/td><\/tr><\/tbody><\/table><figcaption class=\"wp-element-caption\">vigezo vya kikaushio cha mahindi cha bin moja<\/figcaption><\/figure>    <figure class=\"wp-block-table aligncenter\"><table class=\"has-fixed-layout\"><tbody><tr><td class=\"has-text-align-center\" data-align=\"center\">Bin mbili<\/td><td class=\"has-text-align-center\" data-align=\"center\">Nguvu (kW)<\/td><td class=\"has-text-align-center\" data-align=\"center\">Uzito (Tani)<\/td><td class=\"has-text-align-center\" data-align=\"center\">Ukubwa (mm)<\/td><td class=\"has-text-align-center\" data-align=\"center\">Toleo (saa 24)<\/td><\/tr><tr><td class=\"has-text-align-center\" data-align=\"center\">2T+2T<\/td><td class=\"has-text-align-center\" data-align=\"center\">15<\/td><td class=\"has-text-align-center\" data-align=\"center\">4.2<\/td><td class=\"has-text-align-center\" data-align=\"center\">7500*2000*3800<\/td><td class=\"has-text-align-center\" data-align=\"center\">40T<\/td><\/tr><tr><td class=\"has-text-align-center\" data-align=\"center\">4T+4T<\/td><td class=\"has-text-align-center\" data-align=\"center\">23<\/td><td class=\"has-text-align-center\" data-align=\"center\">7<\/td><td class=\"has-text-align-center\" data-align=\"center\">8500*2100*3800<\/td><td class=\"has-text-align-center\" data-align=\"center\">80T<\/td><\/tr><tr><td class=\"has-text-align-center\" data-align=\"center\">6T+6T<\/td><td class=\"has-text-align-center\" data-align=\"center\">27<\/td><td class=\"has-text-align-center\" data-align=\"center\">8.5<\/td><td class=\"has-text-align-center\" data-align=\"center\">9500*2100*3900<\/td><td class=\"has-text-align-center\" data-align=\"center\">120T<\/td><\/tr><tr><td class=\"has-text-align-center\" data-align=\"center\">8T+8T<\/td><td class=\"has-text-align-center\" data-align=\"center\">32<\/td><td class=\"has-text-align-center\" data-align=\"center\">9.8<\/td><td class=\"has-text-align-center\" data-align=\"center\">11000*2100*4300<\/td><td class=\"has-text-align-center\" data-align=\"center\">160T<\/td><\/tr><tr><td class=\"has-text-align-center\" data-align=\"center\">12T+12T<\/td><td class=\"has-text-align-center\" data-align=\"center\">37<\/td><td class=\"has-text-align-center\" data-align=\"center\">15<\/td><td class=\"has-text-align-center\" data-align=\"center\">12000*2100*6800<\/td><td class=\"has-text-align-center\" data-align=\"center\">240T<\/td><\/tr><\/tbody><\/table><figcaption class=\"wp-element-caption\">vigezo vya kikaushio cha mahindi cha bin mbili<\/figcaption><\/figure>    <p>Kuna aina nyingi zenye ukubwa tofauti hapo juu. Kikaushio cha nafaka cha simu cha bin moja ni chepesi zaidi na huokoa nafasi zaidi. Ikiwa unachakata kundi dogo la nafaka lakini unataka kupata bidhaa kavu za kiwango cha juu, hii itakuwa chaguo nzuri.<\/p>    <p>Walakini, aina ya bin mbili ni bora zaidi kuliko aina zingine. Silo mbili zinaweza kupakiwa na kupakuliwa mbadala ili kuokoa muda na kazi. Ikiwa una mahitaji madhubuti juu ya ufanisi, ni bora kuchagua aina hii ya vifaa vya kukaushia mazao.<\/p>    <h2 class=\"wp-block-heading\"><strong>Bei ya mashine hii ya kukausha mahindi ni kiasi gani?<\/strong><\/h2>    <p>Hakuna bei kamili, kwa sababu ya aina tofauti za mashine za kukausha mahindi, na huduma zingine maalum zinapatikana. Kuna huduma kadhaa ambazo zitaathiri bei kutokana na mabadiliko.<\/p>    <ul class=\"wp-block-list\"> <li>Nyenzo yetu ya msingi ya kutengeneza kikaushio cha ngano ni chuma cha pua, ambacho kitakuwa na bei ya juu kuliko mashine ya chuma iliyofunikwa. Kwa kweli, faida za kuchagua chuma cha pua kama nyenzo kwa bin ambazo zina upinzani wa juu wa kutu, na hutoa bidhaa bora zaidi.<\/li>    <li>Bei zitapanda na kushuka kulingana na uchaguzi wa idadi ya bin. Kifaa cha kukaushia nafaka cha bin moja kitakuwa na bei nafuu kuliko cha bin mbili. Lakini bin mbili zina uwezo zaidi na ufanisi zaidi.<\/li>    <li>Katika biashara ya kimataifa, bei nzima itaathiriwa na gharama za usafirishaji. Pia itahusishwa kwa karibu na ushuru.<\/li> <\/ul>    <p>Kwa vyovyote vile, kuchagua mashine inayofaa kunaweza kutoa faida endelevu. Ikiwa bado unahisi kuchanganyikiwa juu ya baadhi ya mambo au unataka kujua maelezo zaidi, tafadhali wasiliana nasi. Tuna wauzaji wa kitaalam kukusaidia kuchagua mpango bora zaidi kwako.<\/p>    <h2 class=\"wp-block-heading\"><strong>Muundo wa kikaushio cha nafaka cha simu<\/strong><\/h2>    <p>Kwa urahisi wa operesheni, muundo wa vifaa hivi vya kukausha mahindi pia ni rahisi. Inajumuisha oveni, cyclone, trailer, mashabiki, gurudumu, kabati, screw ya kuingiza, silo, ngazi, na lango la kuingiza. Hii ni michoro yake ya kina.<\/p>   <div class=\"wp-block-image\"> <figure class=\"aligncenter size-full\"><img loading=\"lazy\" decoding=\"async\" width=\"720\" height=\"540\" src=\"https:\/\/corn-machine.com\/wp-content\/uploads\/2025\/07\/the-structure-of-mobile-grain-dryer.webp\" alt=\"muundo wa kina wa kikaushio cha nafaka cha simu\" class=\"wp-image-593\" title=\"\" srcset=\"https:\/\/corn-machine.com\/wp-content\/uploads\/2025\/07\/the-structure-of-mobile-grain-dryer.webp 720w, https:\/\/corn-machine.com\/wp-content\/uploads\/2025\/07\/the-structure-of-mobile-grain-dryer-300x225.webp 300w, https:\/\/corn-machine.com\/wp-content\/uploads\/2025\/07\/the-structure-of-mobile-grain-dryer-16x12.webp 16w\" sizes=\"auto, (max-width: 720px) 100vw, 720px\" \/><figcaption class=\"wp-element-caption\">muundo wa kikaushio cha nafaka cha simu<\/figcaption><\/figure> <\/div>   <h2 class=\"wp-block-heading\"><strong>Jinsi ya kukausha nafaka katika kikaushio cha nafaka cha kibiashara?<\/strong><\/h2>    <p>Ni rahisi kufanya shughuli kama hizo ili kukausha nafaka katika kichocheo cha nafaka kinachobebeka. Unahitaji tu hatua mbili kukamilisha mchakato mzima.<\/p>    <p class=\"translation-block\"><strong>Hatua ya kwanza<\/strong>:<\/p>    <p>Weka nafaka unazotaka kuchakata kwenye bandari ya kulishia na urekebishe skrubu ya kulishia kabla ya kuanza operesheni.<\/p>    <p class=\"translation-block\"><strong>Hatua ya pili:<\/strong><\/p>    <p>Washa mfumo wa kupashia joto ili kupasha hewa na kusafirisha hewa ya moto kwenye bin kupitia kibadilishaji joto kimoja ili kukausha nafaka.<\/p>    <p>Aina hii ya kupashia joto haiharibu nafaka na ni rahisi kudumisha na kusafisha.<\/p>    <h2 class=\"wp-block-heading\"><strong>Aina kadhaa za kupashia joto<\/strong><\/h2>    <p>Tunatoa njia mbalimbali za kupashia joto kwa mashine ya kukaushia mpunga.<\/p>    <p>Biomass ni chanzo cha nishati kutoka kwa viumbe hai, kama vile pamba, taka za manispaa, alizeti, kokwa za mitende, ngano, kuni, n.k. Ni rahisi kupata na hazihitaji usindikaji mwingine wowote wa ziada.<\/p>    <p>Dizeli ina ufanisi zaidi na haisababishi uchafuzi mwingi wa mazingira. Lakini inahitaji kuzingatia masuala ya voltage.<\/p>    <p>Kwa kuongezea, mashine hii pia inasaidia makaa ya mawe, petroli, gesi, umeme, na hata CH3OH kama nishati yake.<\/p>    <h2 class=\"wp-block-heading\"><strong>Matumizi ya kikaushio cha mpunga<\/strong><\/h2>    <p>Kikaushio cha nafaka cha simu kinafaa kwa kukausha aina mbalimbali za mazao. Kwa mfano, mahindi, maharagwe, mpunga, ngano, n.k. Kikaushio cha nafaka kinachobebeka hutumia njia ya kukaushia hewa ya joto la juu ili kuepuka kuharibu ubora wa nafaka na kuathiri rangi.<\/p>    <p class=\"translation-block\">Nafaka zilizokaushwa zinaweza kutengenezwa kuwa nafaka (kutoka kwa <a href=\"https:\/\/corn-machine.com\/sw\/product\/maize-grits-making-machine\/\">mashine ya kusaga nafaka za mahindi<\/a>), na maharagwe yanaweza kutengenezwa kuwa unga (kutoka kwa <a href=\"https:\/\/corn-machine.com\/sw\/product\/hammer-mill-grinder-for-corn\/\">mashine ya kusaga nyundo kwa mahindi<\/a>) ikiwa unataka kuchakata bidhaa iliyokamilika kwa faida zaidi.<\/p>    <figure class=\"wp-block-gallery has-nested-images columns-2 is-cropped wp-block-gallery-3 is-layout-flex wp-block-gallery-is-layout-flex\"> <figure class=\"wp-block-image size-large\"><img loading=\"lazy\" decoding=\"async\" width=\"720\" height=\"540\" data-id=\"596\" src=\"https:\/\/corn-machine.com\/wp-content\/uploads\/2025\/07\/soybean.webp\" alt=\"maharage ya soya yanaweza kukaushwa na kikaushio kidogo cha nafaka\" class=\"wp-image-596\" title=\"\" srcset=\"https:\/\/corn-machine.com\/wp-content\/uploads\/2025\/07\/soybean.webp 720w, https:\/\/corn-machine.com\/wp-content\/uploads\/2025\/07\/soybean-300x225.webp 300w, https:\/\/corn-machine.com\/wp-content\/uploads\/2025\/07\/soybean-16x12.webp 16w\" sizes=\"auto, (max-width: 720px) 100vw, 720px\" \/><figcaption class=\"wp-element-caption\">maharage ya soya<\/figcaption><\/figure>    <figure class=\"wp-block-image size-full\"><img loading=\"lazy\" decoding=\"async\" width=\"720\" height=\"540\" data-id=\"598\" src=\"https:\/\/corn-machine.com\/wp-content\/uploads\/2025\/07\/wheat.webp\" alt=\"ngano inaweza kukaushwa na kikaushio kidogo cha nafaka\" class=\"wp-image-598\" title=\"\" srcset=\"https:\/\/corn-machine.com\/wp-content\/uploads\/2025\/07\/wheat.webp 720w, https:\/\/corn-machine.com\/wp-content\/uploads\/2025\/07\/wheat-300x225.webp 300w, https:\/\/corn-machine.com\/wp-content\/uploads\/2025\/07\/wheat-16x12.webp 16w\" sizes=\"auto, (max-width: 720px) 100vw, 720px\" \/><figcaption class=\"wp-element-caption\">ngano<\/figcaption><\/figure>    <figure class=\"wp-block-image size-full\"><img loading=\"lazy\" decoding=\"async\" width=\"720\" height=\"540\" data-id=\"595\" src=\"https:\/\/corn-machine.com\/wp-content\/uploads\/2025\/07\/rice.webp\" alt=\"mpunga unaweza kukaushwa na kikaushio kidogo cha nafaka\" class=\"wp-image-595\" title=\"\" srcset=\"https:\/\/corn-machine.com\/wp-content\/uploads\/2025\/07\/rice.webp 720w, https:\/\/corn-machine.com\/wp-content\/uploads\/2025\/07\/rice-300x225.webp 300w, https:\/\/corn-machine.com\/wp-content\/uploads\/2025\/07\/rice-16x12.webp 16w\" sizes=\"auto, (max-width: 720px) 100vw, 720px\" \/><figcaption class=\"wp-element-caption\">mpunga<\/figcaption><\/figure>    <figure class=\"wp-block-image size-full\"><img loading=\"lazy\" decoding=\"async\" width=\"720\" height=\"540\" data-id=\"597\" src=\"https:\/\/corn-machine.com\/wp-content\/uploads\/2025\/07\/corn.webp\" alt=\"mahindi yanaweza kukaushwa na kikaushio kidogo cha nafaka\" class=\"wp-image-597\" title=\"\" srcset=\"https:\/\/corn-machine.com\/wp-content\/uploads\/2025\/07\/corn.webp 720w, https:\/\/corn-machine.com\/wp-content\/uploads\/2025\/07\/corn-300x225.webp 300w, https:\/\/corn-machine.com\/wp-content\/uploads\/2025\/07\/corn-16x12.webp 16w\" sizes=\"auto, (max-width: 720px) 100vw, 720px\" \/><figcaption class=\"wp-element-caption\">mahindi<\/figcaption><\/figure> <\/figure>    <h2 class=\"wp-block-heading\"><strong>Maswali Yanayoulizwa Mara kwa Mara kuhusu kikaushio cha mahindi<\/strong><\/h2>   <div id=\"rank-math-faq\" class=\"rank-math-block\"> <div class=\"rank-math-list\"> <div id=\"faq-question-1751878986739\" class=\"rank-math-list-item\"> <h3 class=\"rank-math-question\">Naweza kutumia umeme? Je, kuna chaguzi nyingine za nguvu?<\/h3> <div class=\"rank-math-answer\">  <p>Ja, du kan anv\u00e4nda elektricitet. Och du kan ocks\u00e5 v\u00e4lja biomassa, kol, diesel, bensin, gas och CH3OH.<\/p>  <\/div> <\/div> <div id=\"faq-question-1751879462095\" class=\"rank-math-list-item\"> <h3 class=\"rank-math-question\">Ni vifaa vya dryer za nafaka za kibiashara?<\/h3> <div class=\"rank-math-answer\">  <p>Avfukaren och spannet f\u00f6r spannm\u00e5l \u00e4r helt i rostfritt st\u00e5l. Varmdel \u00e4r kolst\u00e5l.<\/p>  <\/div> <\/div> <div id=\"faq-question-1751879592932\" class=\"rank-math-list-item\"> <h3 class=\"rank-math-question\">Ni faida gani za mashine hii ikilinganishwa na mnara wa kukausha?<\/h3> <div class=\"rank-math-answer\">  <p>Ni rahisi kusonga na haisababishi kelele nyingi kama mnara wa kukaushia. Ukubwa mdogo husaidia kuokoa nafasi.<\/p>  <\/div> <\/div> <div id=\"faq-question-1751881949035\" class=\"rank-math-list-item\"> <h3 class=\"rank-math-question\">Bei ngapi hii kavu ya nafaka inayobebeka?<\/h3> <div class=\"rank-math-answer\">  <p>Bei lahutegemea aina utakayoichagua. Aina tofauti zina ufanisi tofauti wa pato na ukubwa.<\/p>  <\/div> <\/div> <\/div> <\/div>   <blockquote class=\"wp-block-quote alignwide is-layout-flow wp-block-quote-is-layout-flow\"> <p class=\"translation-block\">Ikiwa unataka kuchakata kundi kubwa la nafaka au maharagwe, na unatafuta kikaushio kikubwa chenye ufanisi na cha kudumu. Mashine ya kukaushia mahindi ya viwandani imeundwa kwa ajili yako. Inaweza kuchakata kilo 315-31800 za bidhaa kwa saa. Ikiwa una nia ya mradi huu, bofya tovuti hii: <a href=\"https:\/\/corn-machine.com\/sw\/product\/industrial-corn-dryer-machine\/\">Mashine ya Kukausha Mahindi<\/a> ili kupata maelezo zaidi.<\/p>    <p class=\"has-text-align-left\">Ikiwa una maswali machache yanayokuchanganya kuhusu kikaushio cha nafaka cha simu, au unataka kujua bei maalum, tafadhali wasiliana nasi.<\/p> <\/blockquote>","protected":false},"excerpt":{"rendered":"<p>Kikundi kidogo cha kukausha nafaka za simu kinafaa kwa uzalishaji wa shamba dogo kukausha nafaka na maharagwe. Kila siku kinaweza kutoa bidhaa 10 T-240 T zilizokauka. Mbalimbali kubwa ya chaguo ili kukidhi mahitaji yako ya uzalishaji.<\/p>","protected":false},"author":1,"featured_media":590,"parent":0,"template":"","tags":[31],"product-type":[44],"class_list":["post-585","product","type-product","status-publish","has-post-thumbnail","hentry","tag-corn","product-type-maize-dryer-machine"],"_links":{"self":[{"href":"https:\/\/corn-machine.com\/sw\/wp-json\/wp\/v2\/product\/585","targetHints":{"allow":["GET"]}}],"collection":[{"href":"https:\/\/corn-machine.com\/sw\/wp-json\/wp\/v2\/product"}],"about":[{"href":"https:\/\/corn-machine.com\/sw\/wp-json\/wp\/v2\/types\/product"}],"author":[{"embeddable":true,"href":"https:\/\/corn-machine.com\/sw\/wp-json\/wp\/v2\/users\/1"}],"wp:featuredmedia":[{"embeddable":true,"href":"https:\/\/corn-machine.com\/sw\/wp-json\/wp\/v2\/media\/590"}],"wp:attachment":[{"href":"https:\/\/corn-machine.com\/sw\/wp-json\/wp\/v2\/media?parent=585"}],"wp:term":[{"taxonomy":"post_tag","embeddable":true,"href":"https:\/\/corn-machine.com\/sw\/wp-json\/wp\/v2\/tags?post=585"},{"taxonomy":"product-type","embeddable":true,"href":"https:\/\/corn-machine.com\/sw\/wp-json\/wp\/v2\/product-type?post=585"}],"curies":[{"name":"[\"wp\"]","href":"https:\/\/api.w.org\/{rel}","templated":true}]}}